{"id":7737,"date":"2024-10-09T11:46:59","date_gmt":"2024-10-09T15:46:59","guid":{"rendered":"https:\/\/phytstore.com\/?post_type=product&#038;p=7737"},"modified":"2025-10-08T11:16:17","modified_gmt":"2025-10-08T15:16:17","slug":"poudre-nettoyante-universelle-n2","status":"publish","type":"product","link":"https:\/\/phytstore.com\/en\/product\/poudre-nettoyante-universelle-n2\/","title":{"rendered":"Universal Cleansing Powder N2"},"content":{"rendered":"<p>Discover our innovative double cleansing ritual for perfectly cleansed and radiant skin. Start with our cleansing oil in step 1: a gentle yet effective formula that gently removes makeup, impurities, and pollution residues, even waterproof.<\/p>\n<p>Then continue with our innovative exfoliating treatment: this powder transforms into a light and delicately exfoliating foam upon contact with water. Thanks to the keratolytic activity of papain, an exotic enzyme of natural origin, and postbiotic lactic ferments, it offers deep cleansing while preserving your skin&#8217;s natural balance. A fresh, radiant complexion and perfected skin texture.<\/p>\n<p><strong>Why choose our exfoliating treatment?<\/strong><\/p>\n<p>Transforms into a light foam for pleasant application<br \/>\nGentle exfoliation that improves skin texture<br \/>\nNatural ingredients for optimal skin balance<br \/>\nIntegrate this treatment into your beauty routine for healthy, glowing skin!<\/p>\n<h2><strong>Active Ingredients:<\/strong><\/h2>\n<p>Biotechnological postbiotic lactic ferments, Jojoba Beads, Plant-derived surfactants, Corn Starch*<br \/>\n<em>* ingredients from Organic Farming<\/em><\/p>\n<h2>Instructions for Effective Exfoliation:<\/h2>\n<p>Pour a dose of product into the palm of your hand for precise dosing.<br \/>\nEmulsify with water to create a light exfoliating foam.<br \/>\nApply the foam to your face and gently exfoliate to remove impurities.<br \/>\nRinse thoroughly with lukewarm water to reveal fresh and revitalized skin.<br \/>\nThis simple method allows you to fully enjoy the benefits of our exfoliating foam for a radiant complexion and refined skin texture.<\/p>\n","protected":false},"excerpt":{"rendered":"<p><img loading=\"lazy\" decoding=\"async\" class=\"alignnone size-full wp-image-4922\" src=\"https:\/\/phytstore.com\/wp-content\/uploads\/2020\/03\/Bio-100-Vegan-4.png\" alt=\"\" width=\"274\" height=\"53\"><\/p>\n<p>Enzymatic Exfoliant<\/p>\n<p><strong><br \/>\n  <span class=\"b\">Skin Type<\/span><br \/>\n<\/strong> : All skin types<br \/>\n<strong><br \/>\n  <span class=\"b\">Expectations<\/span><br \/>\n<\/strong> : Deep cleansing, enzymatic exfoliation<br \/>\n<strong><br \/>\n  <span class=\"b\">Presentation<\/span><br \/>\n<\/strong> : 50 g bottle<\/p>\n","protected":false},"featured_media":7736,"comment_status":"open","ping_status":"closed","template":"","meta":{"_acf_changed":false,"inline_featured_image":false},"product_brand":[],"product_cat":[96,250,253],"product_tag":[],"class_list":{"0":"post-7737","1":"product","2":"type-product","3":"status-publish","4":"has-post-thumbnail","6":"product_cat-soins-nettoyants-en","7":"product_cat-scrubs-exfoliants","8":"product_cat-cleansers-en","10":"first","11":"instock","12":"taxable","13":"shipping-taxable","14":"purchasable","15":"product-type-simple"},"acf":[],"yoast_head":"<!-- This site is optimized with the Yoast SEO plugin v27.1.1 - https:\/\/yoast.com\/product\/yoast-seo-wordpress\/ -->\n<title>Universal Cleansing Powder N2 - PHYT&#039;S<\/title>\n<meta name=\"description\" content=\"Discover our micro-exfoliating cleansing powder that transforms into a light foam upon contact with water. Rich in papain and postbiotic lactic ferments, it gently exfoliates to reveal a fresh and radiant complexion, while eliminating dead skin cells with jojoba beads. Perfect for perfected skin texture!\" \/>\n<meta name=\"robots\" content=\"index, follow, max-snippet:-1, max-image-preview:large, max-video-preview:-1\" \/>\n<link rel=\"canonical\" href=\"https:\/\/phytstore.com\/en\/product\/poudre-nettoyante-universelle-n2\/\" \/>\n<meta property=\"og:locale\" content=\"en_US\" \/>\n<meta property=\"og:type\" content=\"article\" \/>\n<meta property=\"og:title\" content=\"Universal Cleansing Powder N2 - PHYT&#039;S\" \/>\n<meta property=\"og:description\" content=\"Discover our micro-exfoliating cleansing powder that transforms into a light foam upon contact with water. Rich in papain and postbiotic lactic ferments, it gently exfoliates to reveal a fresh and radiant complexion, while eliminating dead skin cells with jojoba beads. Perfect for perfected skin texture!\" \/>\n<meta property=\"og:url\" content=\"https:\/\/phytstore.com\/en\/product\/poudre-nettoyante-universelle-n2\/\" \/>\n<meta property=\"og:site_name\" content=\"PHYT&#039;S\" \/>\n<meta property=\"article:publisher\" content=\"https:\/\/www.facebook.com\/CJMBCosmetiques\/?ref=aymt_homepage_panel\" \/>\n<meta property=\"article:modified_time\" content=\"2025-10-08T15:16:17+00:00\" \/>\n<meta property=\"og:image\" content=\"https:\/\/phytstore.com\/wp-content\/uploads\/2024\/10\/Poudre-Nettoyante-Universelle-n2.jpg\" \/>\n\t<meta property=\"og:image:width\" content=\"1080\" \/>\n\t<meta property=\"og:image:height\" content=\"1080\" \/>\n\t<meta property=\"og:image:type\" content=\"image\/jpeg\" \/>\n<meta name=\"twitter:card\" content=\"summary_large_image\" \/>\n<meta name=\"twitter:label1\" content=\"Est. reading time\" \/>\n\t<meta name=\"twitter:data1\" content=\"2 minutes\" \/>\n<script type=\"application\/ld+json\" class=\"yoast-schema-graph\">{\"@context\":\"https:\/\/schema.org\",\"@graph\":[{\"@type\":\"WebPage\",\"@id\":\"https:\/\/phytstore.com\/en\/product\/poudre-nettoyante-universelle-n2\/\",\"url\":\"https:\/\/phytstore.com\/en\/product\/poudre-nettoyante-universelle-n2\/\",\"name\":\"Universal Cleansing Powder N2 - PHYT&#039;S\",\"isPartOf\":{\"@id\":\"https:\/\/phytstore.com\/en\/#website\"},\"primaryImageOfPage\":{\"@id\":\"https:\/\/phytstore.com\/en\/product\/poudre-nettoyante-universelle-n2\/#primaryimage\"},\"image\":{\"@id\":\"https:\/\/phytstore.com\/en\/product\/poudre-nettoyante-universelle-n2\/#primaryimage\"},\"thumbnailUrl\":\"https:\/\/phytstore.com\/wp-content\/uploads\/2024\/10\/Poudre-Nettoyante-Universelle-n2.jpg\",\"datePublished\":\"2024-10-09T15:46:59+00:00\",\"dateModified\":\"2025-10-08T15:16:17+00:00\",\"description\":\"Discover our micro-exfoliating cleansing powder that transforms into a light foam upon contact with water. Rich in papain and postbiotic lactic ferments, it gently exfoliates to reveal a fresh and radiant complexion, while eliminating dead skin cells with jojoba beads. Perfect for perfected skin texture!\",\"breadcrumb\":{\"@id\":\"https:\/\/phytstore.com\/en\/product\/poudre-nettoyante-universelle-n2\/#breadcrumb\"},\"inLanguage\":\"en-CA\",\"potentialAction\":[{\"@type\":\"ReadAction\",\"target\":[\"https:\/\/phytstore.com\/en\/product\/poudre-nettoyante-universelle-n2\/\"]}]},{\"@type\":\"ImageObject\",\"inLanguage\":\"en-CA\",\"@id\":\"https:\/\/phytstore.com\/en\/product\/poudre-nettoyante-universelle-n2\/#primaryimage\",\"url\":\"https:\/\/phytstore.com\/wp-content\/uploads\/2024\/10\/Poudre-Nettoyante-Universelle-n2.jpg\",\"contentUrl\":\"https:\/\/phytstore.com\/wp-content\/uploads\/2024\/10\/Poudre-Nettoyante-Universelle-n2.jpg\",\"width\":1080,\"height\":1080},{\"@type\":\"BreadcrumbList\",\"@id\":\"https:\/\/phytstore.com\/en\/product\/poudre-nettoyante-universelle-n2\/#breadcrumb\",\"itemListElement\":[{\"@type\":\"ListItem\",\"position\":1,\"name\":\"Home\",\"item\":\"https:\/\/phytstore.com\/en\/\"},{\"@type\":\"ListItem\",\"position\":2,\"name\":\"Shop\",\"item\":\"https:\/\/phytstore.com\/en\/shop\/\"},{\"@type\":\"ListItem\",\"position\":3,\"name\":\"Face\",\"item\":\"https:\/\/phytstore.com\/en\/organic-skin-care\/\"},{\"@type\":\"ListItem\",\"position\":4,\"name\":\"Scrubs &amp; Exfoliants\",\"item\":\"https:\/\/phytstore.com\/en\/organic-skin-care\/natural-face-scrubs-exfoliants\/\"},{\"@type\":\"ListItem\",\"position\":5,\"name\":\"Universal Cleansing Powder N2\"}]},{\"@type\":\"WebSite\",\"@id\":\"https:\/\/phytstore.com\/en\/#website\",\"url\":\"https:\/\/phytstore.com\/en\/\",\"name\":\"PHYT&#039;S\",\"description\":\"Fabricant et distributeur de soins certifi\u00e9s bio pour instituts de beaut\u00e9, spa et esth\u00e9ticiennes\",\"publisher\":{\"@id\":\"https:\/\/phytstore.com\/en\/#organization\"},\"potentialAction\":[{\"@type\":\"SearchAction\",\"target\":{\"@type\":\"EntryPoint\",\"urlTemplate\":\"https:\/\/phytstore.com\/en\/?s={search_term_string}\"},\"query-input\":{\"@type\":\"PropertyValueSpecification\",\"valueRequired\":true,\"valueName\":\"search_term_string\"}}],\"inLanguage\":\"en-CA\"},{\"@type\":\"Organization\",\"@id\":\"https:\/\/phytstore.com\/en\/#organization\",\"name\":\"Phyt's\",\"url\":\"https:\/\/phytstore.com\/en\/\",\"logo\":{\"@type\":\"ImageObject\",\"inLanguage\":\"en-CA\",\"@id\":\"https:\/\/phytstore.com\/en\/#\/schema\/logo\/image\/\",\"url\":\"https:\/\/phytstore.com\/wp-content\/uploads\/2020\/03\/logo-phyts-e1585168986207.png\",\"contentUrl\":\"https:\/\/phytstore.com\/wp-content\/uploads\/2020\/03\/logo-phyts-e1585168986207.png\",\"width\":200,\"height\":72,\"caption\":\"Phyt's\"},\"image\":{\"@id\":\"https:\/\/phytstore.com\/en\/#\/schema\/logo\/image\/\"},\"sameAs\":[\"https:\/\/www.facebook.com\/CJMBCosmetiques\/?ref=aymt_homepage_panel\",\"https:\/\/www.instagram.com\/phyts_canada\/\",\"https:\/\/www.linkedin.com\/company\/3337211\/admin\/\",\"https:\/\/www.youtube.com\/channel\/UCEkP009p4XTU5lXjLkaKptA\"]}]}<\/script>\n<!-- \/ Yoast SEO plugin. -->","yoast_head_json":{"title":"Universal Cleansing Powder N2 - PHYT&#039;S","description":"Discover our micro-exfoliating cleansing powder that transforms into a light foam upon contact with water. Rich in papain and postbiotic lactic ferments, it gently exfoliates to reveal a fresh and radiant complexion, while eliminating dead skin cells with jojoba beads. Perfect for perfected skin texture!","robots":{"index":"index","follow":"follow","max-snippet":"max-snippet:-1","max-image-preview":"max-image-preview:large","max-video-preview":"max-video-preview:-1"},"canonical":"https:\/\/phytstore.com\/en\/product\/poudre-nettoyante-universelle-n2\/","og_locale":"en_US","og_type":"article","og_title":"Universal Cleansing Powder N2 - PHYT&#039;S","og_description":"Discover our micro-exfoliating cleansing powder that transforms into a light foam upon contact with water. Rich in papain and postbiotic lactic ferments, it gently exfoliates to reveal a fresh and radiant complexion, while eliminating dead skin cells with jojoba beads. Perfect for perfected skin texture!","og_url":"https:\/\/phytstore.com\/en\/product\/poudre-nettoyante-universelle-n2\/","og_site_name":"PHYT&#039;S","article_publisher":"https:\/\/www.facebook.com\/CJMBCosmetiques\/?ref=aymt_homepage_panel","article_modified_time":"2025-10-08T15:16:17+00:00","og_image":[{"width":1080,"height":1080,"url":"https:\/\/phytstore.com\/wp-content\/uploads\/2024\/10\/Poudre-Nettoyante-Universelle-n2.jpg","type":"image\/jpeg"}],"twitter_card":"summary_large_image","twitter_misc":{"Est. reading time":"2 minutes"},"schema":{"@context":"https:\/\/schema.org","@graph":[{"@type":"WebPage","@id":"https:\/\/phytstore.com\/en\/product\/poudre-nettoyante-universelle-n2\/","url":"https:\/\/phytstore.com\/en\/product\/poudre-nettoyante-universelle-n2\/","name":"Universal Cleansing Powder N2 - PHYT&#039;S","isPartOf":{"@id":"https:\/\/phytstore.com\/en\/#website"},"primaryImageOfPage":{"@id":"https:\/\/phytstore.com\/en\/product\/poudre-nettoyante-universelle-n2\/#primaryimage"},"image":{"@id":"https:\/\/phytstore.com\/en\/product\/poudre-nettoyante-universelle-n2\/#primaryimage"},"thumbnailUrl":"https:\/\/phytstore.com\/wp-content\/uploads\/2024\/10\/Poudre-Nettoyante-Universelle-n2.jpg","datePublished":"2024-10-09T15:46:59+00:00","dateModified":"2025-10-08T15:16:17+00:00","description":"Discover our micro-exfoliating cleansing powder that transforms into a light foam upon contact with water. Rich in papain and postbiotic lactic ferments, it gently exfoliates to reveal a fresh and radiant complexion, while eliminating dead skin cells with jojoba beads. Perfect for perfected skin texture!","breadcrumb":{"@id":"https:\/\/phytstore.com\/en\/product\/poudre-nettoyante-universelle-n2\/#breadcrumb"},"inLanguage":"en-CA","potentialAction":[{"@type":"ReadAction","target":["https:\/\/phytstore.com\/en\/product\/poudre-nettoyante-universelle-n2\/"]}]},{"@type":"ImageObject","inLanguage":"en-CA","@id":"https:\/\/phytstore.com\/en\/product\/poudre-nettoyante-universelle-n2\/#primaryimage","url":"https:\/\/phytstore.com\/wp-content\/uploads\/2024\/10\/Poudre-Nettoyante-Universelle-n2.jpg","contentUrl":"https:\/\/phytstore.com\/wp-content\/uploads\/2024\/10\/Poudre-Nettoyante-Universelle-n2.jpg","width":1080,"height":1080},{"@type":"BreadcrumbList","@id":"https:\/\/phytstore.com\/en\/product\/poudre-nettoyante-universelle-n2\/#breadcrumb","itemListElement":[{"@type":"ListItem","position":1,"name":"Home","item":"https:\/\/phytstore.com\/en\/"},{"@type":"ListItem","position":2,"name":"Shop","item":"https:\/\/phytstore.com\/en\/shop\/"},{"@type":"ListItem","position":3,"name":"Face","item":"https:\/\/phytstore.com\/en\/organic-skin-care\/"},{"@type":"ListItem","position":4,"name":"Scrubs &amp; Exfoliants","item":"https:\/\/phytstore.com\/en\/organic-skin-care\/natural-face-scrubs-exfoliants\/"},{"@type":"ListItem","position":5,"name":"Universal Cleansing Powder N2"}]},{"@type":"WebSite","@id":"https:\/\/phytstore.com\/en\/#website","url":"https:\/\/phytstore.com\/en\/","name":"PHYT&#039;S","description":"Fabricant et distributeur de soins certifi\u00e9s bio pour instituts de beaut\u00e9, spa et esth\u00e9ticiennes","publisher":{"@id":"https:\/\/phytstore.com\/en\/#organization"},"potentialAction":[{"@type":"SearchAction","target":{"@type":"EntryPoint","urlTemplate":"https:\/\/phytstore.com\/en\/?s={search_term_string}"},"query-input":{"@type":"PropertyValueSpecification","valueRequired":true,"valueName":"search_term_string"}}],"inLanguage":"en-CA"},{"@type":"Organization","@id":"https:\/\/phytstore.com\/en\/#organization","name":"Phyt's","url":"https:\/\/phytstore.com\/en\/","logo":{"@type":"ImageObject","inLanguage":"en-CA","@id":"https:\/\/phytstore.com\/en\/#\/schema\/logo\/image\/","url":"https:\/\/phytstore.com\/wp-content\/uploads\/2020\/03\/logo-phyts-e1585168986207.png","contentUrl":"https:\/\/phytstore.com\/wp-content\/uploads\/2020\/03\/logo-phyts-e1585168986207.png","width":200,"height":72,"caption":"Phyt's"},"image":{"@id":"https:\/\/phytstore.com\/en\/#\/schema\/logo\/image\/"},"sameAs":["https:\/\/www.facebook.com\/CJMBCosmetiques\/?ref=aymt_homepage_panel","https:\/\/www.instagram.com\/phyts_canada\/","https:\/\/www.linkedin.com\/company\/3337211\/admin\/","https:\/\/www.youtube.com\/channel\/UCEkP009p4XTU5lXjLkaKptA"]}]}},"jetpack_sharing_enabled":true,"_links":{"self":[{"href":"https:\/\/phytstore.com\/en\/wp-json\/wp\/v2\/product\/7737","targetHints":{"allow":["GET"]}}],"collection":[{"href":"https:\/\/phytstore.com\/en\/wp-json\/wp\/v2\/product"}],"about":[{"href":"https:\/\/phytstore.com\/en\/wp-json\/wp\/v2\/types\/product"}],"replies":[{"embeddable":true,"href":"https:\/\/phytstore.com\/en\/wp-json\/wp\/v2\/comments?post=7737"}],"wp:featuredmedia":[{"embeddable":true,"href":"https:\/\/phytstore.com\/en\/wp-json\/wp\/v2\/media\/7736"}],"wp:attachment":[{"href":"https:\/\/phytstore.com\/en\/wp-json\/wp\/v2\/media?parent=7737"}],"wp:term":[{"taxonomy":"product_brand","embeddable":true,"href":"https:\/\/phytstore.com\/en\/wp-json\/wp\/v2\/product_brand?post=7737"},{"taxonomy":"product_cat","embeddable":true,"href":"https:\/\/phytstore.com\/en\/wp-json\/wp\/v2\/product_cat?post=7737"},{"taxonomy":"product_tag","embeddable":true,"href":"https:\/\/phytstore.com\/en\/wp-json\/wp\/v2\/product_tag?post=7737"}],"curies":[{"name":"wp","href":"https:\/\/api.w.org\/{rel}","templated":true}]}}