{"id":7733,"date":"2024-10-09T11:28:23","date_gmt":"2024-10-09T15:28:23","guid":{"rendered":"https:\/\/phytstore.com\/?post_type=product&#038;p=7733"},"modified":"2025-02-20T15:46:48","modified_gmt":"2025-02-20T19:46:48","slug":"huile-demaquillante-universelle-n1","status":"publish","type":"product","link":"https:\/\/phytstore.com\/en\/product\/huile-demaquillante-universelle-n1\/","title":{"rendered":"Universal Cleansing Oil N1"},"content":{"rendered":"<p>Discover our revolutionary double cleansing ritual for perfectly cleansed, soft skin. Start with our gentle, effective make-up remover: its fine, silky texture instantly removes impurities and make-up, even waterproof. Rich in essential fatty acids, it reinforces the skin&#8217;s barrier while offering a powerful yet gentle make-up removal action, without irritating the eyes. To complete this treatment, use our Universal Cleansing Powder, which, thanks to its enzymes, eliminates the last traces of residue while gently exfoliating. In-depth cleansing for supple, comfortable skin ready to receive the benefits of your skin care products.<\/p>\n<p><strong>Why choose our make-up remover?<\/strong><\/p>\n<p>Effectively removes make-up, including waterproof make-up<br \/>\nReinforces the skin barrier with essential fatty acids<br \/>\nGentle on the eyes and easy to rinse off<\/p>\n<h2><strong>Active Ingredients :<\/strong><\/h2>\n<p>Jojoba*, Muscat Rose*, Hazelnut*<br \/>\n<em>* ingredients from Organic farming<\/em><\/p>\n<h2><strong>How to Apply\u00a0 my Hydro-Cleansing Milk?<\/strong><\/h2>\n<p>Warm the product between your hands to activate its beneficial ingredients.<br \/>\nApply to dry skin and gently massage over the entire face to dissolve make-up and impurities.<br \/>\nRinse thoroughly with lukewarm water for a refreshing sensation.<br \/>\nFor optimal cleansing, complete your routine with our Universal Cleansing Powder. This double cleansing removes all traces of make-up, leaving your skin perfectly clean and radiant.<\/p>\n","protected":false},"excerpt":{"rendered":"<p><img loading=\"lazy\" decoding=\"async\" class=\"alignnone size-full wp-image-4923\" src=\"https:\/\/phytstore.com\/wp-content\/uploads\/2020\/03\/Bio-100.png\" alt=\"\" width=\"274\" height=\"53\" \/><\/p>\n<p>Make-up Remover Oil for Face and Eyes &#8211; All make-up, even waterproof*.<\/p>\n<p><strong>Skin type :<\/strong> All skin types (even sensitiv)<br \/>\n<strong>Expectations :<\/strong>\u00a0Cleanses, removes make-up, softens<br \/>\n<strong>Presentation :<\/strong> 110 ml<\/p>\n","protected":false},"featured_media":7732,"comment_status":"open","ping_status":"closed","template":"","meta":{"_acf_changed":false,"inline_featured_image":false},"product_brand":[],"product_cat":[96,247,253],"product_tag":[],"class_list":{"0":"post-7733","1":"product","2":"type-product","3":"status-publish","4":"has-post-thumbnail","6":"product_cat-soins-nettoyants-en","7":"product_cat-eye-make-up-removers","8":"product_cat-cleansers-en","10":"first","11":"instock","12":"taxable","13":"shipping-taxable","14":"purchasable","15":"product-type-simple"},"acf":[],"yoast_head":"<!-- This site is optimized with the Yoast SEO plugin v27.1.1 - https:\/\/yoast.com\/product\/yoast-seo-wordpress\/ -->\n<title>Universal Cleansing Oil N1 - PHYT&#039;S<\/title>\n<meta name=\"description\" content=\"Its fine, silky texture effortlessly melts away impurities and make-up, including waterproof. Rich in essential fatty acids, it helps strengthen the skin barrier.\" \/>\n<meta name=\"robots\" content=\"index, follow, max-snippet:-1, max-image-preview:large, max-video-preview:-1\" \/>\n<link rel=\"canonical\" href=\"https:\/\/phytstore.com\/en\/product\/huile-demaquillante-universelle-n1\/\" \/>\n<meta property=\"og:locale\" content=\"en_US\" \/>\n<meta property=\"og:type\" content=\"article\" \/>\n<meta property=\"og:title\" content=\"Universal Cleansing Oil N1 - PHYT&#039;S\" \/>\n<meta property=\"og:description\" content=\"Its fine, silky texture effortlessly melts away impurities and make-up, including waterproof. Rich in essential fatty acids, it helps strengthen the skin barrier.\" \/>\n<meta property=\"og:url\" content=\"https:\/\/phytstore.com\/en\/product\/huile-demaquillante-universelle-n1\/\" \/>\n<meta property=\"og:site_name\" content=\"PHYT&#039;S\" \/>\n<meta property=\"article:publisher\" content=\"https:\/\/www.facebook.com\/CJMBCosmetiques\/?ref=aymt_homepage_panel\" \/>\n<meta property=\"article:modified_time\" content=\"2025-02-20T19:46:48+00:00\" \/>\n<meta property=\"og:image\" content=\"https:\/\/phytstore.com\/wp-content\/uploads\/2024\/10\/Huile-demaquillante-Universelle-n1.jpg\" \/>\n\t<meta property=\"og:image:width\" content=\"1080\" \/>\n\t<meta property=\"og:image:height\" content=\"1080\" \/>\n\t<meta property=\"og:image:type\" content=\"image\/jpeg\" \/>\n<meta name=\"twitter:card\" content=\"summary_large_image\" \/>\n<meta name=\"twitter:label1\" content=\"Est. reading time\" \/>\n\t<meta name=\"twitter:data1\" content=\"2 minutes\" \/>\n<script type=\"application\/ld+json\" class=\"yoast-schema-graph\">{\"@context\":\"https:\/\/schema.org\",\"@graph\":[{\"@type\":\"WebPage\",\"@id\":\"https:\/\/phytstore.com\/en\/product\/huile-demaquillante-universelle-n1\/\",\"url\":\"https:\/\/phytstore.com\/en\/product\/huile-demaquillante-universelle-n1\/\",\"name\":\"Universal Cleansing Oil N1 - PHYT&#039;S\",\"isPartOf\":{\"@id\":\"https:\/\/phytstore.com\/en\/#website\"},\"primaryImageOfPage\":{\"@id\":\"https:\/\/phytstore.com\/en\/product\/huile-demaquillante-universelle-n1\/#primaryimage\"},\"image\":{\"@id\":\"https:\/\/phytstore.com\/en\/product\/huile-demaquillante-universelle-n1\/#primaryimage\"},\"thumbnailUrl\":\"https:\/\/phytstore.com\/wp-content\/uploads\/2024\/10\/Huile-demaquillante-Universelle-n1.jpg\",\"datePublished\":\"2024-10-09T15:28:23+00:00\",\"dateModified\":\"2025-02-20T19:46:48+00:00\",\"description\":\"Its fine, silky texture effortlessly melts away impurities and make-up, including waterproof. Rich in essential fatty acids, it helps strengthen the skin barrier.\",\"breadcrumb\":{\"@id\":\"https:\/\/phytstore.com\/en\/product\/huile-demaquillante-universelle-n1\/#breadcrumb\"},\"inLanguage\":\"en-CA\",\"potentialAction\":[{\"@type\":\"ReadAction\",\"target\":[\"https:\/\/phytstore.com\/en\/product\/huile-demaquillante-universelle-n1\/\"]}]},{\"@type\":\"ImageObject\",\"inLanguage\":\"en-CA\",\"@id\":\"https:\/\/phytstore.com\/en\/product\/huile-demaquillante-universelle-n1\/#primaryimage\",\"url\":\"https:\/\/phytstore.com\/wp-content\/uploads\/2024\/10\/Huile-demaquillante-Universelle-n1.jpg\",\"contentUrl\":\"https:\/\/phytstore.com\/wp-content\/uploads\/2024\/10\/Huile-demaquillante-Universelle-n1.jpg\",\"width\":1080,\"height\":1080},{\"@type\":\"BreadcrumbList\",\"@id\":\"https:\/\/phytstore.com\/en\/product\/huile-demaquillante-universelle-n1\/#breadcrumb\",\"itemListElement\":[{\"@type\":\"ListItem\",\"position\":1,\"name\":\"Home\",\"item\":\"https:\/\/phytstore.com\/en\/\"},{\"@type\":\"ListItem\",\"position\":2,\"name\":\"Shop\",\"item\":\"https:\/\/phytstore.com\/en\/shop\/\"},{\"@type\":\"ListItem\",\"position\":3,\"name\":\"Face\",\"item\":\"https:\/\/phytstore.com\/en\/organic-skin-care\/\"},{\"@type\":\"ListItem\",\"position\":4,\"name\":\"Eye Make-Up Removers\",\"item\":\"https:\/\/phytstore.com\/en\/organic-skin-care\/eye-make-up-remover-natural\/\"},{\"@type\":\"ListItem\",\"position\":5,\"name\":\"Universal Cleansing Oil N1\"}]},{\"@type\":\"WebSite\",\"@id\":\"https:\/\/phytstore.com\/en\/#website\",\"url\":\"https:\/\/phytstore.com\/en\/\",\"name\":\"PHYT&#039;S\",\"description\":\"Fabricant et distributeur de soins certifi\u00e9s bio pour instituts de beaut\u00e9, spa et esth\u00e9ticiennes\",\"publisher\":{\"@id\":\"https:\/\/phytstore.com\/en\/#organization\"},\"potentialAction\":[{\"@type\":\"SearchAction\",\"target\":{\"@type\":\"EntryPoint\",\"urlTemplate\":\"https:\/\/phytstore.com\/en\/?s={search_term_string}\"},\"query-input\":{\"@type\":\"PropertyValueSpecification\",\"valueRequired\":true,\"valueName\":\"search_term_string\"}}],\"inLanguage\":\"en-CA\"},{\"@type\":\"Organization\",\"@id\":\"https:\/\/phytstore.com\/en\/#organization\",\"name\":\"Phyt's\",\"url\":\"https:\/\/phytstore.com\/en\/\",\"logo\":{\"@type\":\"ImageObject\",\"inLanguage\":\"en-CA\",\"@id\":\"https:\/\/phytstore.com\/en\/#\/schema\/logo\/image\/\",\"url\":\"https:\/\/phytstore.com\/wp-content\/uploads\/2020\/03\/logo-phyts-e1585168986207.png\",\"contentUrl\":\"https:\/\/phytstore.com\/wp-content\/uploads\/2020\/03\/logo-phyts-e1585168986207.png\",\"width\":200,\"height\":72,\"caption\":\"Phyt's\"},\"image\":{\"@id\":\"https:\/\/phytstore.com\/en\/#\/schema\/logo\/image\/\"},\"sameAs\":[\"https:\/\/www.facebook.com\/CJMBCosmetiques\/?ref=aymt_homepage_panel\",\"https:\/\/www.instagram.com\/phyts_canada\/\",\"https:\/\/www.linkedin.com\/company\/3337211\/admin\/\",\"https:\/\/www.youtube.com\/channel\/UCEkP009p4XTU5lXjLkaKptA\"]}]}<\/script>\n<!-- \/ Yoast SEO plugin. -->","yoast_head_json":{"title":"Universal Cleansing Oil N1 - PHYT&#039;S","description":"Its fine, silky texture effortlessly melts away impurities and make-up, including waterproof. Rich in essential fatty acids, it helps strengthen the skin barrier.","robots":{"index":"index","follow":"follow","max-snippet":"max-snippet:-1","max-image-preview":"max-image-preview:large","max-video-preview":"max-video-preview:-1"},"canonical":"https:\/\/phytstore.com\/en\/product\/huile-demaquillante-universelle-n1\/","og_locale":"en_US","og_type":"article","og_title":"Universal Cleansing Oil N1 - PHYT&#039;S","og_description":"Its fine, silky texture effortlessly melts away impurities and make-up, including waterproof. Rich in essential fatty acids, it helps strengthen the skin barrier.","og_url":"https:\/\/phytstore.com\/en\/product\/huile-demaquillante-universelle-n1\/","og_site_name":"PHYT&#039;S","article_publisher":"https:\/\/www.facebook.com\/CJMBCosmetiques\/?ref=aymt_homepage_panel","article_modified_time":"2025-02-20T19:46:48+00:00","og_image":[{"width":1080,"height":1080,"url":"https:\/\/phytstore.com\/wp-content\/uploads\/2024\/10\/Huile-demaquillante-Universelle-n1.jpg","type":"image\/jpeg"}],"twitter_card":"summary_large_image","twitter_misc":{"Est. reading time":"2 minutes"},"schema":{"@context":"https:\/\/schema.org","@graph":[{"@type":"WebPage","@id":"https:\/\/phytstore.com\/en\/product\/huile-demaquillante-universelle-n1\/","url":"https:\/\/phytstore.com\/en\/product\/huile-demaquillante-universelle-n1\/","name":"Universal Cleansing Oil N1 - PHYT&#039;S","isPartOf":{"@id":"https:\/\/phytstore.com\/en\/#website"},"primaryImageOfPage":{"@id":"https:\/\/phytstore.com\/en\/product\/huile-demaquillante-universelle-n1\/#primaryimage"},"image":{"@id":"https:\/\/phytstore.com\/en\/product\/huile-demaquillante-universelle-n1\/#primaryimage"},"thumbnailUrl":"https:\/\/phytstore.com\/wp-content\/uploads\/2024\/10\/Huile-demaquillante-Universelle-n1.jpg","datePublished":"2024-10-09T15:28:23+00:00","dateModified":"2025-02-20T19:46:48+00:00","description":"Its fine, silky texture effortlessly melts away impurities and make-up, including waterproof. Rich in essential fatty acids, it helps strengthen the skin barrier.","breadcrumb":{"@id":"https:\/\/phytstore.com\/en\/product\/huile-demaquillante-universelle-n1\/#breadcrumb"},"inLanguage":"en-CA","potentialAction":[{"@type":"ReadAction","target":["https:\/\/phytstore.com\/en\/product\/huile-demaquillante-universelle-n1\/"]}]},{"@type":"ImageObject","inLanguage":"en-CA","@id":"https:\/\/phytstore.com\/en\/product\/huile-demaquillante-universelle-n1\/#primaryimage","url":"https:\/\/phytstore.com\/wp-content\/uploads\/2024\/10\/Huile-demaquillante-Universelle-n1.jpg","contentUrl":"https:\/\/phytstore.com\/wp-content\/uploads\/2024\/10\/Huile-demaquillante-Universelle-n1.jpg","width":1080,"height":1080},{"@type":"BreadcrumbList","@id":"https:\/\/phytstore.com\/en\/product\/huile-demaquillante-universelle-n1\/#breadcrumb","itemListElement":[{"@type":"ListItem","position":1,"name":"Home","item":"https:\/\/phytstore.com\/en\/"},{"@type":"ListItem","position":2,"name":"Shop","item":"https:\/\/phytstore.com\/en\/shop\/"},{"@type":"ListItem","position":3,"name":"Face","item":"https:\/\/phytstore.com\/en\/organic-skin-care\/"},{"@type":"ListItem","position":4,"name":"Eye Make-Up Removers","item":"https:\/\/phytstore.com\/en\/organic-skin-care\/eye-make-up-remover-natural\/"},{"@type":"ListItem","position":5,"name":"Universal Cleansing Oil N1"}]},{"@type":"WebSite","@id":"https:\/\/phytstore.com\/en\/#website","url":"https:\/\/phytstore.com\/en\/","name":"PHYT&#039;S","description":"Fabricant et distributeur de soins certifi\u00e9s bio pour instituts de beaut\u00e9, spa et esth\u00e9ticiennes","publisher":{"@id":"https:\/\/phytstore.com\/en\/#organization"},"potentialAction":[{"@type":"SearchAction","target":{"@type":"EntryPoint","urlTemplate":"https:\/\/phytstore.com\/en\/?s={search_term_string}"},"query-input":{"@type":"PropertyValueSpecification","valueRequired":true,"valueName":"search_term_string"}}],"inLanguage":"en-CA"},{"@type":"Organization","@id":"https:\/\/phytstore.com\/en\/#organization","name":"Phyt's","url":"https:\/\/phytstore.com\/en\/","logo":{"@type":"ImageObject","inLanguage":"en-CA","@id":"https:\/\/phytstore.com\/en\/#\/schema\/logo\/image\/","url":"https:\/\/phytstore.com\/wp-content\/uploads\/2020\/03\/logo-phyts-e1585168986207.png","contentUrl":"https:\/\/phytstore.com\/wp-content\/uploads\/2020\/03\/logo-phyts-e1585168986207.png","width":200,"height":72,"caption":"Phyt's"},"image":{"@id":"https:\/\/phytstore.com\/en\/#\/schema\/logo\/image\/"},"sameAs":["https:\/\/www.facebook.com\/CJMBCosmetiques\/?ref=aymt_homepage_panel","https:\/\/www.instagram.com\/phyts_canada\/","https:\/\/www.linkedin.com\/company\/3337211\/admin\/","https:\/\/www.youtube.com\/channel\/UCEkP009p4XTU5lXjLkaKptA"]}]}},"jetpack_sharing_enabled":true,"_links":{"self":[{"href":"https:\/\/phytstore.com\/en\/wp-json\/wp\/v2\/product\/7733","targetHints":{"allow":["GET"]}}],"collection":[{"href":"https:\/\/phytstore.com\/en\/wp-json\/wp\/v2\/product"}],"about":[{"href":"https:\/\/phytstore.com\/en\/wp-json\/wp\/v2\/types\/product"}],"replies":[{"embeddable":true,"href":"https:\/\/phytstore.com\/en\/wp-json\/wp\/v2\/comments?post=7733"}],"wp:featuredmedia":[{"embeddable":true,"href":"https:\/\/phytstore.com\/en\/wp-json\/wp\/v2\/media\/7732"}],"wp:attachment":[{"href":"https:\/\/phytstore.com\/en\/wp-json\/wp\/v2\/media?parent=7733"}],"wp:term":[{"taxonomy":"product_brand","embeddable":true,"href":"https:\/\/phytstore.com\/en\/wp-json\/wp\/v2\/product_brand?post=7733"},{"taxonomy":"product_cat","embeddable":true,"href":"https:\/\/phytstore.com\/en\/wp-json\/wp\/v2\/product_cat?post=7733"},{"taxonomy":"product_tag","embeddable":true,"href":"https:\/\/phytstore.com\/en\/wp-json\/wp\/v2\/product_tag?post=7733"}],"curies":[{"name":"wp","href":"https:\/\/api.w.org\/{rel}","templated":true}]}}