{"id":7655,"date":"2024-09-05T14:15:51","date_gmt":"2024-09-05T18:15:51","guid":{"rendered":"https:\/\/phytstore.com\/?post_type=product&#038;p=7655"},"modified":"2025-12-02T11:00:09","modified_gmt":"2025-12-02T15:00:09","slug":"bb-creme-hydratante-spf30","status":"publish","type":"product","link":"https:\/\/phytstore.com\/en\/product\/bb-creme-hydratante-spf30\/","title":{"rendered":"Hydrating BB Cream SPF30"},"content":{"rendered":"<p>Our innovative 6-in-1 formula revolutionizes your beauty routine by combining the benefits of a moisturizer with those of a tinted moisturizer. This multifunctional cream offers intense hydration thanks to Hyaluronic Acid, which revitalizes and plumps your skin deep down. In addition to its moisturizing and protective properties, it improves the appearance of your complexion with perfecting and unifying effects. Enriched with Pomegranate Flower and Vitamin E, this formula provides essential antioxidant protection to maintain your skin&#8217;s radiance and youthfulness. Discover this 6-in-1 solution that transforms and beautifies your skin in a single step.<\/p>\n<p><strong>Active ingredients :<\/strong><\/p>\n<p>High and low weight Hyaluronic acid, Sugar from wood, Betaine, Aloe Vera*, Pomegranate flower<\/p>\n<p><em>* ingredients derived from Organic Farming<\/em><\/p>\n<h2>How to apply my spf30 moisturizing BB cream<\/h2>\n<p>Apply your bio-experte 6-in-1 skincare product every morning in a thin, even layer to the face and neck, either alone or after your usual day cream. Although this product offers moisturizing and protective benefits, it does not guarantee complete sun protection. To protect your skin optimally, avoid prolonged exposure to the sun and reduce your exposure time between 12 and 4pm. Overexposure to the sun can seriously damage your health and accelerate skin aging. Adopt an appropriate sun protection routine to keep your skin young and healthy.<\/p>\n","protected":false},"excerpt":{"rendered":"<p><img decoding=\"async\" src=\"https:\/\/phytstore.com\/wp-content\/uploads\/2020\/07\/Bio-100-Vegan-Efficacite-11.png\" \/><\/p>\n<p>6-in-1 bio-expert cream: the perfect solution for skincare and make-up<\/p>\n<p><strong>Skin type :<\/strong>\u00a0All dehydrated skin<br \/>\n<strong>Expectations :<\/strong> Moisturize, unify, protect<br \/>\n<strong>Presentation :<\/strong> 40 ml tube<\/p>\n","protected":false},"featured_media":7654,"comment_status":"open","ping_status":"closed","template":"","meta":{"_acf_changed":false,"inline_featured_image":false},"product_brand":[],"product_cat":[221,225,316,81,87,90],"product_tag":[],"class_list":{"0":"post-7655","1":"product","2":"type-product","3":"status-publish","4":"has-post-thumbnail","6":"product_cat-face","7":"product_cat-protect-tan","8":"product_cat-organic-tinted-moisturizer","9":"product_cat-aqua-phyts-en","10":"product_cat-phytsolaires-en","11":"product_cat-phyts-organic-make-up-en","13":"first","14":"instock","15":"taxable","16":"shipping-taxable","17":"purchasable","18":"product-type-simple"},"acf":[],"yoast_head":"<!-- This site is optimized with the Yoast SEO plugin v27.1.1 - https:\/\/yoast.com\/product\/yoast-seo-wordpress\/ -->\n<title>Hydrating BB Cream SPF30 - PHYT&#039;S<\/title>\n<meta name=\"description\" content=\"Hydrating BB Cream SPF30 by PHYT&#039;S: natural coverage that protects and nourishes your skin for a radiant look every day.\" \/>\n<meta name=\"robots\" content=\"index, follow, max-snippet:-1, max-image-preview:large, max-video-preview:-1\" \/>\n<link rel=\"canonical\" href=\"https:\/\/phytstore.com\/en\/product\/bb-creme-hydratante-spf30\/\" \/>\n<meta property=\"og:locale\" content=\"en_US\" \/>\n<meta property=\"og:type\" content=\"article\" \/>\n<meta property=\"og:title\" content=\"Hydrating BB Cream SPF30 - PHYT&#039;S\" \/>\n<meta property=\"og:description\" content=\"Hydrating BB Cream SPF30 by PHYT&#039;S: natural coverage that protects and nourishes your skin for a radiant look every day.\" \/>\n<meta property=\"og:url\" content=\"https:\/\/phytstore.com\/en\/product\/bb-creme-hydratante-spf30\/\" \/>\n<meta property=\"og:site_name\" content=\"PHYT&#039;S\" \/>\n<meta property=\"article:publisher\" content=\"https:\/\/www.facebook.com\/CJMBCosmetiques\/?ref=aymt_homepage_panel\" \/>\n<meta property=\"article:modified_time\" content=\"2025-12-02T15:00:09+00:00\" \/>\n<meta property=\"og:image\" content=\"https:\/\/phytstore.com\/wp-content\/uploads\/2024\/09\/BB-Creme-Hydratante-SPF30.jpg\" \/>\n\t<meta property=\"og:image:width\" content=\"1080\" \/>\n\t<meta property=\"og:image:height\" content=\"1080\" \/>\n\t<meta property=\"og:image:type\" content=\"image\/jpeg\" \/>\n<meta name=\"twitter:card\" content=\"summary_large_image\" \/>\n<meta name=\"twitter:label1\" content=\"Est. reading time\" \/>\n\t<meta name=\"twitter:data1\" content=\"2 minutes\" \/>\n<script type=\"application\/ld+json\" class=\"yoast-schema-graph\">{\"@context\":\"https:\/\/schema.org\",\"@graph\":[{\"@type\":\"WebPage\",\"@id\":\"https:\/\/phytstore.com\/en\/product\/bb-creme-hydratante-spf30\/\",\"url\":\"https:\/\/phytstore.com\/en\/product\/bb-creme-hydratante-spf30\/\",\"name\":\"Hydrating BB Cream SPF30 - PHYT&#039;S\",\"isPartOf\":{\"@id\":\"https:\/\/phytstore.com\/en\/#website\"},\"primaryImageOfPage\":{\"@id\":\"https:\/\/phytstore.com\/en\/product\/bb-creme-hydratante-spf30\/#primaryimage\"},\"image\":{\"@id\":\"https:\/\/phytstore.com\/en\/product\/bb-creme-hydratante-spf30\/#primaryimage\"},\"thumbnailUrl\":\"https:\/\/phytstore.com\/wp-content\/uploads\/2024\/09\/BB-Creme-Hydratante-SPF30.jpg\",\"datePublished\":\"2024-09-05T18:15:51+00:00\",\"dateModified\":\"2025-12-02T15:00:09+00:00\",\"description\":\"Hydrating BB Cream SPF30 by PHYT'S: natural coverage that protects and nourishes your skin for a radiant look every day.\",\"breadcrumb\":{\"@id\":\"https:\/\/phytstore.com\/en\/product\/bb-creme-hydratante-spf30\/#breadcrumb\"},\"inLanguage\":\"en-CA\",\"potentialAction\":[{\"@type\":\"ReadAction\",\"target\":[\"https:\/\/phytstore.com\/en\/product\/bb-creme-hydratante-spf30\/\"]}]},{\"@type\":\"ImageObject\",\"inLanguage\":\"en-CA\",\"@id\":\"https:\/\/phytstore.com\/en\/product\/bb-creme-hydratante-spf30\/#primaryimage\",\"url\":\"https:\/\/phytstore.com\/wp-content\/uploads\/2024\/09\/BB-Creme-Hydratante-SPF30.jpg\",\"contentUrl\":\"https:\/\/phytstore.com\/wp-content\/uploads\/2024\/09\/BB-Creme-Hydratante-SPF30.jpg\",\"width\":1080,\"height\":1080},{\"@type\":\"BreadcrumbList\",\"@id\":\"https:\/\/phytstore.com\/en\/product\/bb-creme-hydratante-spf30\/#breadcrumb\",\"itemListElement\":[{\"@type\":\"ListItem\",\"position\":1,\"name\":\"Home\",\"item\":\"https:\/\/phytstore.com\/en\/\"},{\"@type\":\"ListItem\",\"position\":2,\"name\":\"Shop\",\"item\":\"https:\/\/phytstore.com\/en\/shop\/\"},{\"@type\":\"ListItem\",\"position\":3,\"name\":\"Aqua PHYT'S Line : 24H deep hydration\",\"item\":\"https:\/\/phytstore.com\/en\/aqua-phyts\/\"},{\"@type\":\"ListItem\",\"position\":4,\"name\":\"Hydrating BB Cream SPF30\"}]},{\"@type\":\"WebSite\",\"@id\":\"https:\/\/phytstore.com\/en\/#website\",\"url\":\"https:\/\/phytstore.com\/en\/\",\"name\":\"PHYT&#039;S\",\"description\":\"Fabricant et distributeur de soins certifi\u00e9s bio pour instituts de beaut\u00e9, spa et esth\u00e9ticiennes\",\"publisher\":{\"@id\":\"https:\/\/phytstore.com\/en\/#organization\"},\"potentialAction\":[{\"@type\":\"SearchAction\",\"target\":{\"@type\":\"EntryPoint\",\"urlTemplate\":\"https:\/\/phytstore.com\/en\/?s={search_term_string}\"},\"query-input\":{\"@type\":\"PropertyValueSpecification\",\"valueRequired\":true,\"valueName\":\"search_term_string\"}}],\"inLanguage\":\"en-CA\"},{\"@type\":\"Organization\",\"@id\":\"https:\/\/phytstore.com\/en\/#organization\",\"name\":\"Phyt's\",\"url\":\"https:\/\/phytstore.com\/en\/\",\"logo\":{\"@type\":\"ImageObject\",\"inLanguage\":\"en-CA\",\"@id\":\"https:\/\/phytstore.com\/en\/#\/schema\/logo\/image\/\",\"url\":\"https:\/\/phytstore.com\/wp-content\/uploads\/2020\/03\/logo-phyts-e1585168986207.png\",\"contentUrl\":\"https:\/\/phytstore.com\/wp-content\/uploads\/2020\/03\/logo-phyts-e1585168986207.png\",\"width\":200,\"height\":72,\"caption\":\"Phyt's\"},\"image\":{\"@id\":\"https:\/\/phytstore.com\/en\/#\/schema\/logo\/image\/\"},\"sameAs\":[\"https:\/\/www.facebook.com\/CJMBCosmetiques\/?ref=aymt_homepage_panel\",\"https:\/\/www.instagram.com\/phyts_canada\/\",\"https:\/\/www.linkedin.com\/company\/3337211\/admin\/\",\"https:\/\/www.youtube.com\/channel\/UCEkP009p4XTU5lXjLkaKptA\"]}]}<\/script>\n<!-- \/ Yoast SEO plugin. -->","yoast_head_json":{"title":"Hydrating BB Cream SPF30 - PHYT&#039;S","description":"Hydrating BB Cream SPF30 by PHYT'S: natural coverage that protects and nourishes your skin for a radiant look every day.","robots":{"index":"index","follow":"follow","max-snippet":"max-snippet:-1","max-image-preview":"max-image-preview:large","max-video-preview":"max-video-preview:-1"},"canonical":"https:\/\/phytstore.com\/en\/product\/bb-creme-hydratante-spf30\/","og_locale":"en_US","og_type":"article","og_title":"Hydrating BB Cream SPF30 - PHYT&#039;S","og_description":"Hydrating BB Cream SPF30 by PHYT'S: natural coverage that protects and nourishes your skin for a radiant look every day.","og_url":"https:\/\/phytstore.com\/en\/product\/bb-creme-hydratante-spf30\/","og_site_name":"PHYT&#039;S","article_publisher":"https:\/\/www.facebook.com\/CJMBCosmetiques\/?ref=aymt_homepage_panel","article_modified_time":"2025-12-02T15:00:09+00:00","og_image":[{"width":1080,"height":1080,"url":"https:\/\/phytstore.com\/wp-content\/uploads\/2024\/09\/BB-Creme-Hydratante-SPF30.jpg","type":"image\/jpeg"}],"twitter_card":"summary_large_image","twitter_misc":{"Est. reading time":"2 minutes"},"schema":{"@context":"https:\/\/schema.org","@graph":[{"@type":"WebPage","@id":"https:\/\/phytstore.com\/en\/product\/bb-creme-hydratante-spf30\/","url":"https:\/\/phytstore.com\/en\/product\/bb-creme-hydratante-spf30\/","name":"Hydrating BB Cream SPF30 - PHYT&#039;S","isPartOf":{"@id":"https:\/\/phytstore.com\/en\/#website"},"primaryImageOfPage":{"@id":"https:\/\/phytstore.com\/en\/product\/bb-creme-hydratante-spf30\/#primaryimage"},"image":{"@id":"https:\/\/phytstore.com\/en\/product\/bb-creme-hydratante-spf30\/#primaryimage"},"thumbnailUrl":"https:\/\/phytstore.com\/wp-content\/uploads\/2024\/09\/BB-Creme-Hydratante-SPF30.jpg","datePublished":"2024-09-05T18:15:51+00:00","dateModified":"2025-12-02T15:00:09+00:00","description":"Hydrating BB Cream SPF30 by PHYT'S: natural coverage that protects and nourishes your skin for a radiant look every day.","breadcrumb":{"@id":"https:\/\/phytstore.com\/en\/product\/bb-creme-hydratante-spf30\/#breadcrumb"},"inLanguage":"en-CA","potentialAction":[{"@type":"ReadAction","target":["https:\/\/phytstore.com\/en\/product\/bb-creme-hydratante-spf30\/"]}]},{"@type":"ImageObject","inLanguage":"en-CA","@id":"https:\/\/phytstore.com\/en\/product\/bb-creme-hydratante-spf30\/#primaryimage","url":"https:\/\/phytstore.com\/wp-content\/uploads\/2024\/09\/BB-Creme-Hydratante-SPF30.jpg","contentUrl":"https:\/\/phytstore.com\/wp-content\/uploads\/2024\/09\/BB-Creme-Hydratante-SPF30.jpg","width":1080,"height":1080},{"@type":"BreadcrumbList","@id":"https:\/\/phytstore.com\/en\/product\/bb-creme-hydratante-spf30\/#breadcrumb","itemListElement":[{"@type":"ListItem","position":1,"name":"Home","item":"https:\/\/phytstore.com\/en\/"},{"@type":"ListItem","position":2,"name":"Shop","item":"https:\/\/phytstore.com\/en\/shop\/"},{"@type":"ListItem","position":3,"name":"Aqua PHYT'S Line : 24H deep hydration","item":"https:\/\/phytstore.com\/en\/aqua-phyts\/"},{"@type":"ListItem","position":4,"name":"Hydrating BB Cream SPF30"}]},{"@type":"WebSite","@id":"https:\/\/phytstore.com\/en\/#website","url":"https:\/\/phytstore.com\/en\/","name":"PHYT&#039;S","description":"Fabricant et distributeur de soins certifi\u00e9s bio pour instituts de beaut\u00e9, spa et esth\u00e9ticiennes","publisher":{"@id":"https:\/\/phytstore.com\/en\/#organization"},"potentialAction":[{"@type":"SearchAction","target":{"@type":"EntryPoint","urlTemplate":"https:\/\/phytstore.com\/en\/?s={search_term_string}"},"query-input":{"@type":"PropertyValueSpecification","valueRequired":true,"valueName":"search_term_string"}}],"inLanguage":"en-CA"},{"@type":"Organization","@id":"https:\/\/phytstore.com\/en\/#organization","name":"Phyt's","url":"https:\/\/phytstore.com\/en\/","logo":{"@type":"ImageObject","inLanguage":"en-CA","@id":"https:\/\/phytstore.com\/en\/#\/schema\/logo\/image\/","url":"https:\/\/phytstore.com\/wp-content\/uploads\/2020\/03\/logo-phyts-e1585168986207.png","contentUrl":"https:\/\/phytstore.com\/wp-content\/uploads\/2020\/03\/logo-phyts-e1585168986207.png","width":200,"height":72,"caption":"Phyt's"},"image":{"@id":"https:\/\/phytstore.com\/en\/#\/schema\/logo\/image\/"},"sameAs":["https:\/\/www.facebook.com\/CJMBCosmetiques\/?ref=aymt_homepage_panel","https:\/\/www.instagram.com\/phyts_canada\/","https:\/\/www.linkedin.com\/company\/3337211\/admin\/","https:\/\/www.youtube.com\/channel\/UCEkP009p4XTU5lXjLkaKptA"]}]}},"jetpack_sharing_enabled":true,"_links":{"self":[{"href":"https:\/\/phytstore.com\/en\/wp-json\/wp\/v2\/product\/7655","targetHints":{"allow":["GET"]}}],"collection":[{"href":"https:\/\/phytstore.com\/en\/wp-json\/wp\/v2\/product"}],"about":[{"href":"https:\/\/phytstore.com\/en\/wp-json\/wp\/v2\/types\/product"}],"replies":[{"embeddable":true,"href":"https:\/\/phytstore.com\/en\/wp-json\/wp\/v2\/comments?post=7655"}],"wp:featuredmedia":[{"embeddable":true,"href":"https:\/\/phytstore.com\/en\/wp-json\/wp\/v2\/media\/7654"}],"wp:attachment":[{"href":"https:\/\/phytstore.com\/en\/wp-json\/wp\/v2\/media?parent=7655"}],"wp:term":[{"taxonomy":"product_brand","embeddable":true,"href":"https:\/\/phytstore.com\/en\/wp-json\/wp\/v2\/product_brand?post=7655"},{"taxonomy":"product_cat","embeddable":true,"href":"https:\/\/phytstore.com\/en\/wp-json\/wp\/v2\/product_cat?post=7655"},{"taxonomy":"product_tag","embeddable":true,"href":"https:\/\/phytstore.com\/en\/wp-json\/wp\/v2\/product_tag?post=7655"}],"curies":[{"name":"wp","href":"https:\/\/api.w.org\/{rel}","templated":true}]}}