{"id":6858,"date":"2023-07-13T10:34:40","date_gmt":"2023-07-13T14:34:40","guid":{"rendered":"https:\/\/phytstore.com\/?post_type=product&#038;p=6858"},"modified":"2025-02-17T12:31:22","modified_gmt":"2025-02-17T16:31:22","slug":"deophyts-copie","status":"publish","type":"product","link":"https:\/\/phytstore.com\/en\/product\/deophyts\/","title":{"rendered":"Deophyt&#8217;s"},"content":{"rendered":"<p><span lang=\"en\">Specially designed to durably fight against perspiration and the bacteria responsible for bad odors. This <strong>Organic spray deodorant<\/strong> provides lasting protection without blocking the natural process of perspiration. Without antiperspirants such as aluminum salts, it naturally neutralizes body odor. It also limits perspiration and prevents the formation of bad odors. Very refreshing, it contains essential oils recognized for their astringent and purifying properties. Effective throughout the day, your skin can breathe! A feeling of well-being, softness and freshness. Without aluminum salts or alum stone, and anti-white marks.<\/span><\/p>\n<h2><strong>Active ingredients :<\/strong><\/h2>\n<p>Lemon*, Mandarin*, Cypress*, Pine*, Tea Tree*, Palmarosa*, Oregano*, Lavender*, Eucalyptus*, Bitter Orange*, Lemongrass*, Aloe Vera*<br \/>\n<i>* ingredients from Organic Farming<\/i><\/p>\n<h2><strong>How do I use my deodorant spray?<\/strong><\/h2>\n<p>Shake before use. This delicate deodorant, designed to be used at any time of day, offers an <strong>unparalleled freshness experience<\/strong>. Its light, soft deodorant formula can be applied to the surface of the skin, providing a feeling of freshness. It is crafted from a <strong>botanical source<\/strong> and free from <strong>potential skin irritants<\/strong>, making it <strong>skin-friendly<\/strong> and suitable for clean and\/or dry skin.<\/p>\n<p>Whether preparing for a busy day or after an intense training session, this <strong>natural spray deodorant<\/strong> is your essential wellness ally. Convenient to use at any time and easy to transport, this product allows you to enjoy its revitalizing freshness wherever you are. It is one of the <strong>items<\/strong> that you can rely on for daily freshness.<\/p>\n<p>Our PHYT\u2019S Organic spray deodorant offers a natural formula that respects all skin types, including sensitive skin. With its gentle action, it helps control underarm perspiration while providing a pleasant sensation of freshness. It is an <strong>aluminum-free deodorant<\/strong>, for trouble-free and respectful use on your body, like all our other <strong><a href=\"https:\/\/phytstore.com\/en\/organic-body-care\/organic-deodorant\/\">natural deodorants<\/a><\/strong>.<\/p>\n<p><strong>Tip:<\/strong> This product can also be sprayed on the feet.<\/p>\n<h2><strong>How do I choose my spray deodorant?<\/strong><\/h2>\n<p>Choosing your natural spray deodorant involves an understanding of your skin. Our Deophyt\u2019s is designed <strong>for all skin types<\/strong>. Its ingredients list made from Organic and natural sources helps neutralize unpleasant scents and promises immediate refreshing comfort. Not tested on animals, our certified Vegan deodorant combines care and respect for the environment for a peaceful beauty ritual.<\/p>\n","protected":false},"excerpt":{"rendered":"<p><img loading=\"lazy\" decoding=\"async\" class=\"alignnone size-full wp-image-4920\" src=\"https:\/\/phytstore.com\/wp-content\/uploads\/2020\/07\/Bio-100-Vegan-Efficacite-11.png\" alt=\"\" width=\"274\" height=\"53\" \/><\/p>\n<p>Fresh purifying Organic deodorant &#8211; Without aluminum salts or alum stone &amp; anti-white marks<\/p>\n<p><strong>Skin type :<\/strong> All skin types<br \/>\n<strong>Expectations : <\/strong>Neutralizes, purifies, refreshes<br \/>\n<strong>Presentation :<\/strong> 100 ml spray<\/p>\n","protected":false},"featured_media":3967,"comment_status":"closed","ping_status":"closed","template":"","meta":{"_acf_changed":false,"inline_featured_image":false},"product_brand":[],"product_cat":[92,208],"product_tag":[],"class_list":{"0":"post-6858","1":"product","2":"type-product","3":"status-publish","4":"has-post-thumbnail","6":"product_cat-protecteurs-corps-en","7":"product_cat-deodorants","9":"first","10":"instock","11":"taxable","12":"shipping-taxable","13":"purchasable","14":"product-type-simple"},"acf":[],"yoast_head":"<!-- This site is optimized with the Yoast SEO plugin v27.4 - https:\/\/yoast.com\/product\/yoast-seo-wordpress\/ -->\n<title>Natural &amp; Organic Deodorant Spray - Phyt&#039;s<\/title>\n<meta name=\"description\" content=\"Discover the spray deodorant from PHYT\u2019S. Vegan, not tested on animals, and certified Organic. Take care of your skin naturally and with quality!\" \/>\n<meta name=\"robots\" content=\"index, follow, max-snippet:-1, max-image-preview:large, max-video-preview:-1\" \/>\n<link rel=\"canonical\" href=\"https:\/\/phytstore.com\/en\/product\/deophyts\/\" \/>\n<meta property=\"og:locale\" content=\"en_US\" \/>\n<meta property=\"og:type\" content=\"article\" \/>\n<meta property=\"og:title\" content=\"Natural &amp; Organic Deodorant Spray - Phyt&#039;s\" \/>\n<meta property=\"og:description\" content=\"Discover the spray deodorant from PHYT\u2019S. Vegan, not tested on animals, and certified Organic. Take care of your skin naturally and with quality!\" \/>\n<meta property=\"og:url\" content=\"https:\/\/phytstore.com\/en\/product\/deophyts\/\" \/>\n<meta property=\"og:site_name\" content=\"PHYT&#039;S\" \/>\n<meta property=\"article:publisher\" content=\"https:\/\/www.facebook.com\/CJMBCosmetiques\/?ref=aymt_homepage_panel\" \/>\n<meta property=\"article:modified_time\" content=\"2025-02-17T16:31:22+00:00\" \/>\n<meta property=\"og:image\" content=\"https:\/\/phytstore.com\/wp-content\/uploads\/2020\/03\/d\u00e9ophyts-1.jpg\" \/>\n\t<meta property=\"og:image:width\" content=\"1112\" \/>\n\t<meta property=\"og:image:height\" content=\"1111\" \/>\n\t<meta property=\"og:image:type\" content=\"image\/jpeg\" \/>\n<meta name=\"twitter:card\" content=\"summary_large_image\" \/>\n<meta name=\"twitter:label1\" content=\"Est. reading time\" \/>\n\t<meta name=\"twitter:data1\" content=\"3 minutes\" \/>\n<script type=\"application\/ld+json\" class=\"yoast-schema-graph\">{\"@context\":\"https:\\\/\\\/schema.org\",\"@graph\":[{\"@type\":\"WebPage\",\"@id\":\"https:\\\/\\\/phytstore.com\\\/en\\\/product\\\/deophyts\\\/\",\"url\":\"https:\\\/\\\/phytstore.com\\\/en\\\/product\\\/deophyts\\\/\",\"name\":\"Natural & Organic Deodorant Spray - Phyt's\",\"isPartOf\":{\"@id\":\"https:\\\/\\\/phytstore.com\\\/en\\\/#website\"},\"primaryImageOfPage\":{\"@id\":\"https:\\\/\\\/phytstore.com\\\/en\\\/product\\\/deophyts\\\/#primaryimage\"},\"image\":{\"@id\":\"https:\\\/\\\/phytstore.com\\\/en\\\/product\\\/deophyts\\\/#primaryimage\"},\"thumbnailUrl\":\"https:\\\/\\\/phytstore.com\\\/wp-content\\\/uploads\\\/2020\\\/03\\\/d\u00e9ophyts-1.jpg\",\"datePublished\":\"2023-07-13T14:34:40+00:00\",\"dateModified\":\"2025-02-17T16:31:22+00:00\",\"description\":\"Discover the spray deodorant from PHYT\u2019S. Vegan, not tested on animals, and certified Organic. Take care of your skin naturally and with quality!\",\"breadcrumb\":{\"@id\":\"https:\\\/\\\/phytstore.com\\\/en\\\/product\\\/deophyts\\\/#breadcrumb\"},\"inLanguage\":\"en-CA\",\"potentialAction\":[{\"@type\":\"ReadAction\",\"target\":[\"https:\\\/\\\/phytstore.com\\\/en\\\/product\\\/deophyts\\\/\"]}]},{\"@type\":\"ImageObject\",\"inLanguage\":\"en-CA\",\"@id\":\"https:\\\/\\\/phytstore.com\\\/en\\\/product\\\/deophyts\\\/#primaryimage\",\"url\":\"https:\\\/\\\/phytstore.com\\\/wp-content\\\/uploads\\\/2020\\\/03\\\/d\u00e9ophyts-1.jpg\",\"contentUrl\":\"https:\\\/\\\/phytstore.com\\\/wp-content\\\/uploads\\\/2020\\\/03\\\/d\u00e9ophyts-1.jpg\",\"width\":1112,\"height\":1111,\"caption\":\"d\u00e9ophyts: organic spray deodorant\"},{\"@type\":\"BreadcrumbList\",\"@id\":\"https:\\\/\\\/phytstore.com\\\/en\\\/product\\\/deophyts\\\/#breadcrumb\",\"itemListElement\":[{\"@type\":\"ListItem\",\"position\":1,\"name\":\"Home\",\"item\":\"https:\\\/\\\/phytstore.com\\\/en\\\/\"},{\"@type\":\"ListItem\",\"position\":2,\"name\":\"Shop\",\"item\":\"https:\\\/\\\/phytstore.com\\\/en\\\/shop\\\/\"},{\"@type\":\"ListItem\",\"position\":3,\"name\":\"Body\",\"item\":\"https:\\\/\\\/phytstore.com\\\/en\\\/organic-body-care\\\/\"},{\"@type\":\"ListItem\",\"position\":4,\"name\":\"Deodorants\",\"item\":\"https:\\\/\\\/phytstore.com\\\/en\\\/organic-body-care\\\/organic-deodorant\\\/\"},{\"@type\":\"ListItem\",\"position\":5,\"name\":\"Deophyt&rsquo;s\"}]},{\"@type\":\"WebSite\",\"@id\":\"https:\\\/\\\/phytstore.com\\\/en\\\/#website\",\"url\":\"https:\\\/\\\/phytstore.com\\\/en\\\/\",\"name\":\"PHYT&#039;S\",\"description\":\"Fabricant et distributeur de soins certifi\u00e9s bio pour instituts de beaut\u00e9, spa et esth\u00e9ticiennes\",\"publisher\":{\"@id\":\"https:\\\/\\\/phytstore.com\\\/en\\\/#organization\"},\"potentialAction\":[{\"@type\":\"SearchAction\",\"target\":{\"@type\":\"EntryPoint\",\"urlTemplate\":\"https:\\\/\\\/phytstore.com\\\/en\\\/?s={search_term_string}\"},\"query-input\":{\"@type\":\"PropertyValueSpecification\",\"valueRequired\":true,\"valueName\":\"search_term_string\"}}],\"inLanguage\":\"en-CA\"},{\"@type\":\"Organization\",\"@id\":\"https:\\\/\\\/phytstore.com\\\/en\\\/#organization\",\"name\":\"Phyt's\",\"url\":\"https:\\\/\\\/phytstore.com\\\/en\\\/\",\"logo\":{\"@type\":\"ImageObject\",\"inLanguage\":\"en-CA\",\"@id\":\"https:\\\/\\\/phytstore.com\\\/en\\\/#\\\/schema\\\/logo\\\/image\\\/\",\"url\":\"https:\\\/\\\/phytstore.com\\\/wp-content\\\/uploads\\\/2020\\\/03\\\/logo-phyts-e1585168986207.png\",\"contentUrl\":\"https:\\\/\\\/phytstore.com\\\/wp-content\\\/uploads\\\/2020\\\/03\\\/logo-phyts-e1585168986207.png\",\"width\":200,\"height\":72,\"caption\":\"Phyt's\"},\"image\":{\"@id\":\"https:\\\/\\\/phytstore.com\\\/en\\\/#\\\/schema\\\/logo\\\/image\\\/\"},\"sameAs\":[\"https:\\\/\\\/www.facebook.com\\\/CJMBCosmetiques\\\/?ref=aymt_homepage_panel\",\"https:\\\/\\\/www.instagram.com\\\/phyts_canada\\\/\",\"https:\\\/\\\/www.linkedin.com\\\/company\\\/3337211\\\/admin\\\/\",\"https:\\\/\\\/www.youtube.com\\\/channel\\\/UCEkP009p4XTU5lXjLkaKptA\"]}]}<\/script>\n<!-- \/ Yoast SEO plugin. -->","yoast_head_json":{"title":"Natural & Organic Deodorant Spray - Phyt's","description":"Discover the spray deodorant from PHYT\u2019S. Vegan, not tested on animals, and certified Organic. Take care of your skin naturally and with quality!","robots":{"index":"index","follow":"follow","max-snippet":"max-snippet:-1","max-image-preview":"max-image-preview:large","max-video-preview":"max-video-preview:-1"},"canonical":"https:\/\/phytstore.com\/en\/product\/deophyts\/","og_locale":"en_US","og_type":"article","og_title":"Natural & Organic Deodorant Spray - Phyt's","og_description":"Discover the spray deodorant from PHYT\u2019S. Vegan, not tested on animals, and certified Organic. Take care of your skin naturally and with quality!","og_url":"https:\/\/phytstore.com\/en\/product\/deophyts\/","og_site_name":"PHYT&#039;S","article_publisher":"https:\/\/www.facebook.com\/CJMBCosmetiques\/?ref=aymt_homepage_panel","article_modified_time":"2025-02-17T16:31:22+00:00","og_image":[{"width":1112,"height":1111,"url":"https:\/\/phytstore.com\/wp-content\/uploads\/2020\/03\/d\u00e9ophyts-1.jpg","type":"image\/jpeg"}],"twitter_card":"summary_large_image","twitter_misc":{"Est. reading time":"3 minutes"},"schema":{"@context":"https:\/\/schema.org","@graph":[{"@type":"WebPage","@id":"https:\/\/phytstore.com\/en\/product\/deophyts\/","url":"https:\/\/phytstore.com\/en\/product\/deophyts\/","name":"Natural & Organic Deodorant Spray - Phyt's","isPartOf":{"@id":"https:\/\/phytstore.com\/en\/#website"},"primaryImageOfPage":{"@id":"https:\/\/phytstore.com\/en\/product\/deophyts\/#primaryimage"},"image":{"@id":"https:\/\/phytstore.com\/en\/product\/deophyts\/#primaryimage"},"thumbnailUrl":"https:\/\/phytstore.com\/wp-content\/uploads\/2020\/03\/d\u00e9ophyts-1.jpg","datePublished":"2023-07-13T14:34:40+00:00","dateModified":"2025-02-17T16:31:22+00:00","description":"Discover the spray deodorant from PHYT\u2019S. Vegan, not tested on animals, and certified Organic. Take care of your skin naturally and with quality!","breadcrumb":{"@id":"https:\/\/phytstore.com\/en\/product\/deophyts\/#breadcrumb"},"inLanguage":"en-CA","potentialAction":[{"@type":"ReadAction","target":["https:\/\/phytstore.com\/en\/product\/deophyts\/"]}]},{"@type":"ImageObject","inLanguage":"en-CA","@id":"https:\/\/phytstore.com\/en\/product\/deophyts\/#primaryimage","url":"https:\/\/phytstore.com\/wp-content\/uploads\/2020\/03\/d\u00e9ophyts-1.jpg","contentUrl":"https:\/\/phytstore.com\/wp-content\/uploads\/2020\/03\/d\u00e9ophyts-1.jpg","width":1112,"height":1111,"caption":"d\u00e9ophyts: organic spray deodorant"},{"@type":"BreadcrumbList","@id":"https:\/\/phytstore.com\/en\/product\/deophyts\/#breadcrumb","itemListElement":[{"@type":"ListItem","position":1,"name":"Home","item":"https:\/\/phytstore.com\/en\/"},{"@type":"ListItem","position":2,"name":"Shop","item":"https:\/\/phytstore.com\/en\/shop\/"},{"@type":"ListItem","position":3,"name":"Body","item":"https:\/\/phytstore.com\/en\/organic-body-care\/"},{"@type":"ListItem","position":4,"name":"Deodorants","item":"https:\/\/phytstore.com\/en\/organic-body-care\/organic-deodorant\/"},{"@type":"ListItem","position":5,"name":"Deophyt&rsquo;s"}]},{"@type":"WebSite","@id":"https:\/\/phytstore.com\/en\/#website","url":"https:\/\/phytstore.com\/en\/","name":"PHYT&#039;S","description":"Fabricant et distributeur de soins certifi\u00e9s bio pour instituts de beaut\u00e9, spa et esth\u00e9ticiennes","publisher":{"@id":"https:\/\/phytstore.com\/en\/#organization"},"potentialAction":[{"@type":"SearchAction","target":{"@type":"EntryPoint","urlTemplate":"https:\/\/phytstore.com\/en\/?s={search_term_string}"},"query-input":{"@type":"PropertyValueSpecification","valueRequired":true,"valueName":"search_term_string"}}],"inLanguage":"en-CA"},{"@type":"Organization","@id":"https:\/\/phytstore.com\/en\/#organization","name":"Phyt's","url":"https:\/\/phytstore.com\/en\/","logo":{"@type":"ImageObject","inLanguage":"en-CA","@id":"https:\/\/phytstore.com\/en\/#\/schema\/logo\/image\/","url":"https:\/\/phytstore.com\/wp-content\/uploads\/2020\/03\/logo-phyts-e1585168986207.png","contentUrl":"https:\/\/phytstore.com\/wp-content\/uploads\/2020\/03\/logo-phyts-e1585168986207.png","width":200,"height":72,"caption":"Phyt's"},"image":{"@id":"https:\/\/phytstore.com\/en\/#\/schema\/logo\/image\/"},"sameAs":["https:\/\/www.facebook.com\/CJMBCosmetiques\/?ref=aymt_homepage_panel","https:\/\/www.instagram.com\/phyts_canada\/","https:\/\/www.linkedin.com\/company\/3337211\/admin\/","https:\/\/www.youtube.com\/channel\/UCEkP009p4XTU5lXjLkaKptA"]}]}},"jetpack_sharing_enabled":true,"_links":{"self":[{"href":"https:\/\/phytstore.com\/en\/wp-json\/wp\/v2\/product\/6858","targetHints":{"allow":["GET"]}}],"collection":[{"href":"https:\/\/phytstore.com\/en\/wp-json\/wp\/v2\/product"}],"about":[{"href":"https:\/\/phytstore.com\/en\/wp-json\/wp\/v2\/types\/product"}],"replies":[{"embeddable":true,"href":"https:\/\/phytstore.com\/en\/wp-json\/wp\/v2\/comments?post=6858"}],"wp:featuredmedia":[{"embeddable":true,"href":"https:\/\/phytstore.com\/en\/wp-json\/wp\/v2\/media\/3967"}],"wp:attachment":[{"href":"https:\/\/phytstore.com\/en\/wp-json\/wp\/v2\/media?parent=6858"}],"wp:term":[{"taxonomy":"product_brand","embeddable":true,"href":"https:\/\/phytstore.com\/en\/wp-json\/wp\/v2\/product_brand?post=6858"},{"taxonomy":"product_cat","embeddable":true,"href":"https:\/\/phytstore.com\/en\/wp-json\/wp\/v2\/product_cat?post=6858"},{"taxonomy":"product_tag","embeddable":true,"href":"https:\/\/phytstore.com\/en\/wp-json\/wp\/v2\/product_tag?post=6858"}],"curies":[{"name":"wp","href":"https:\/\/api.w.org\/{rel}","templated":true}]}}