{"id":6036,"date":"2022-06-06T16:03:16","date_gmt":"2022-06-06T20:03:16","guid":{"rendered":"https:\/\/phytstore.com\/?post_type=product&#038;p=6036"},"modified":"2024-09-11T06:43:23","modified_gmt":"2024-09-11T10:43:23","slug":"solid-exfoliating-body-care","status":"publish","type":"product","link":"https:\/\/phytstore.com\/en\/product\/solid-exfoliating-body-care\/","title":{"rendered":"Solid Exfoliating Body Care"},"content":{"rendered":"<p>Thanks to its 2 effective exfoliants, this Organic solid exfoliating body care without perfume cleanses and rids the skin of its dead cells and impurities, without attacking it or drying it out. The skin is smoothed, soft, luminous and ready to receive the following products.<\/p>\n<p><strong>Active ingredients :<\/strong><br \/>\nPerlite powder, Apricot kernel powder*, Kaolin, Sunflower*, Aloe Vera*,\u00a0Vegetal Vitamin E<br \/>\n<em>* ingredients from Organic Farming<\/em><\/p>\n<p><strong>Application :<\/strong><br \/>\nOnce or twice a week, rub and massage in circular movements on damp skin, then rinse.<br \/>\n<strong>Tip :<\/strong> For best comfort, then apply a <strong><a href=\"https:\/\/phytstore.com\/en\/organic-body-care\/organic-moisturizers\/\">body moisturizer<\/a><\/strong>.<\/p>\n","protected":false},"excerpt":{"rendered":"<p><a href=\"https:\/\/phytstore.com\/wp-content\/uploads\/2020\/07\/Bio-100-Vegan-Efficacite-10.png\"><img loading=\"lazy\" decoding=\"async\" class=\"alignnone size-full wp-image-4918\" src=\"https:\/\/phytstore.com\/wp-content\/uploads\/2020\/07\/Bio-100-Vegan-Efficacite-10.png\" alt=\"\" width=\"274\" height=\"53\" \/><\/a><\/p>\n<p>Cleansing &amp; exfoliating<\/p>\n<p><strong>Skin type :<\/strong> Body (all skin types)<br \/>\n<strong>Expectations :<\/strong> Exfoliates, softens, cleanses, refreshes<br \/>\n<strong>Presentation :<\/strong> 93 ml<\/p>\n","protected":false},"featured_media":6034,"comment_status":"open","ping_status":"closed","template":"","meta":{"_acf_changed":false,"inline_featured_image":false},"product_brand":[],"product_cat":[92,210,367],"product_tag":[],"class_list":{"0":"post-6036","1":"product","2":"type-product","3":"status-publish","4":"has-post-thumbnail","6":"product_cat-protecteurs-corps-en","7":"product_cat-scrubs","8":"product_cat-the-solids","10":"first","11":"instock","12":"taxable","13":"shipping-taxable","14":"purchasable","15":"product-type-simple"},"acf":[],"yoast_head":"<!-- This site is optimized with the Yoast SEO plugin v27.1.1 - https:\/\/yoast.com\/product\/yoast-seo-wordpress\/ -->\n<title>Solid Exfoliating Body Care: Made for Smooth Skin - PHYT&#039;S<\/title>\n<meta name=\"description\" content=\"Reveal smooth, radiant skin with PHYT&#039;S Solid Exfoliating Body Care, an Organic exfoliant that gently removes dead skin cells while nourishing your skin.\" \/>\n<meta name=\"robots\" content=\"index, follow, max-snippet:-1, max-image-preview:large, max-video-preview:-1\" \/>\n<link rel=\"canonical\" href=\"https:\/\/phytstore.com\/en\/product\/solid-exfoliating-body-care\/\" \/>\n<meta property=\"og:locale\" content=\"en_US\" \/>\n<meta property=\"og:type\" content=\"article\" \/>\n<meta property=\"og:title\" content=\"Solid Exfoliating Body Care: Made for Smooth Skin - PHYT&#039;S\" \/>\n<meta property=\"og:description\" content=\"Reveal smooth, radiant skin with PHYT&#039;S Solid Exfoliating Body Care, an Organic exfoliant that gently removes dead skin cells while nourishing your skin.\" \/>\n<meta property=\"og:url\" content=\"https:\/\/phytstore.com\/en\/product\/solid-exfoliating-body-care\/\" \/>\n<meta property=\"og:site_name\" content=\"PHYT&#039;S\" \/>\n<meta property=\"article:publisher\" content=\"https:\/\/www.facebook.com\/CJMBCosmetiques\/?ref=aymt_homepage_panel\" \/>\n<meta property=\"article:modified_time\" content=\"2024-09-11T10:43:23+00:00\" \/>\n<meta property=\"og:image\" content=\"https:\/\/phytstore.com\/wp-content\/uploads\/2022\/06\/Galet-Exfoliant-Solide-avec-etui-HD.jpg\" \/>\n\t<meta property=\"og:image:width\" content=\"1772\" \/>\n\t<meta property=\"og:image:height\" content=\"1772\" \/>\n\t<meta property=\"og:image:type\" content=\"image\/jpeg\" \/>\n<meta name=\"twitter:card\" content=\"summary_large_image\" \/>\n<meta name=\"twitter:label1\" content=\"Est. reading time\" \/>\n\t<meta name=\"twitter:data1\" content=\"1 minute\" \/>\n<script type=\"application\/ld+json\" class=\"yoast-schema-graph\">{\"@context\":\"https:\/\/schema.org\",\"@graph\":[{\"@type\":\"WebPage\",\"@id\":\"https:\/\/phytstore.com\/en\/product\/solid-exfoliating-body-care\/\",\"url\":\"https:\/\/phytstore.com\/en\/product\/solid-exfoliating-body-care\/\",\"name\":\"Solid Exfoliating Body Care: Made for Smooth Skin - PHYT'S\",\"isPartOf\":{\"@id\":\"https:\/\/phytstore.com\/en\/#website\"},\"primaryImageOfPage\":{\"@id\":\"https:\/\/phytstore.com\/en\/product\/solid-exfoliating-body-care\/#primaryimage\"},\"image\":{\"@id\":\"https:\/\/phytstore.com\/en\/product\/solid-exfoliating-body-care\/#primaryimage\"},\"thumbnailUrl\":\"https:\/\/phytstore.com\/wp-content\/uploads\/2022\/06\/Galet-Exfoliant-Solide-avec-etui-HD.jpg\",\"datePublished\":\"2022-06-06T20:03:16+00:00\",\"dateModified\":\"2024-09-11T10:43:23+00:00\",\"description\":\"Reveal smooth, radiant skin with PHYT'S Solid Exfoliating Body Care, an Organic exfoliant that gently removes dead skin cells while nourishing your skin.\",\"breadcrumb\":{\"@id\":\"https:\/\/phytstore.com\/en\/product\/solid-exfoliating-body-care\/#breadcrumb\"},\"inLanguage\":\"en-CA\",\"potentialAction\":[{\"@type\":\"ReadAction\",\"target\":[\"https:\/\/phytstore.com\/en\/product\/solid-exfoliating-body-care\/\"]}]},{\"@type\":\"ImageObject\",\"inLanguage\":\"en-CA\",\"@id\":\"https:\/\/phytstore.com\/en\/product\/solid-exfoliating-body-care\/#primaryimage\",\"url\":\"https:\/\/phytstore.com\/wp-content\/uploads\/2022\/06\/Galet-Exfoliant-Solide-avec-etui-HD.jpg\",\"contentUrl\":\"https:\/\/phytstore.com\/wp-content\/uploads\/2022\/06\/Galet-Exfoliant-Solide-avec-etui-HD.jpg\",\"width\":1772,\"height\":1772},{\"@type\":\"BreadcrumbList\",\"@id\":\"https:\/\/phytstore.com\/en\/product\/solid-exfoliating-body-care\/#breadcrumb\",\"itemListElement\":[{\"@type\":\"ListItem\",\"position\":1,\"name\":\"Home\",\"item\":\"https:\/\/phytstore.com\/en\/\"},{\"@type\":\"ListItem\",\"position\":2,\"name\":\"Shop\",\"item\":\"https:\/\/phytstore.com\/en\/shop\/\"},{\"@type\":\"ListItem\",\"position\":3,\"name\":\"Body\",\"item\":\"https:\/\/phytstore.com\/en\/organic-body-care\/\"},{\"@type\":\"ListItem\",\"position\":4,\"name\":\"Body Scrubs\",\"item\":\"https:\/\/phytstore.com\/en\/organic-body-care\/natural-body-scrubs\/\"},{\"@type\":\"ListItem\",\"position\":5,\"name\":\"Solid Exfoliating Body Care\"}]},{\"@type\":\"WebSite\",\"@id\":\"https:\/\/phytstore.com\/en\/#website\",\"url\":\"https:\/\/phytstore.com\/en\/\",\"name\":\"PHYT&#039;S\",\"description\":\"Fabricant et distributeur de soins certifi\u00e9s bio pour instituts de beaut\u00e9, spa et esth\u00e9ticiennes\",\"publisher\":{\"@id\":\"https:\/\/phytstore.com\/en\/#organization\"},\"potentialAction\":[{\"@type\":\"SearchAction\",\"target\":{\"@type\":\"EntryPoint\",\"urlTemplate\":\"https:\/\/phytstore.com\/en\/?s={search_term_string}\"},\"query-input\":{\"@type\":\"PropertyValueSpecification\",\"valueRequired\":true,\"valueName\":\"search_term_string\"}}],\"inLanguage\":\"en-CA\"},{\"@type\":\"Organization\",\"@id\":\"https:\/\/phytstore.com\/en\/#organization\",\"name\":\"Phyt's\",\"url\":\"https:\/\/phytstore.com\/en\/\",\"logo\":{\"@type\":\"ImageObject\",\"inLanguage\":\"en-CA\",\"@id\":\"https:\/\/phytstore.com\/en\/#\/schema\/logo\/image\/\",\"url\":\"https:\/\/phytstore.com\/wp-content\/uploads\/2020\/03\/logo-phyts-e1585168986207.png\",\"contentUrl\":\"https:\/\/phytstore.com\/wp-content\/uploads\/2020\/03\/logo-phyts-e1585168986207.png\",\"width\":200,\"height\":72,\"caption\":\"Phyt's\"},\"image\":{\"@id\":\"https:\/\/phytstore.com\/en\/#\/schema\/logo\/image\/\"},\"sameAs\":[\"https:\/\/www.facebook.com\/CJMBCosmetiques\/?ref=aymt_homepage_panel\",\"https:\/\/www.instagram.com\/phyts_canada\/\",\"https:\/\/www.linkedin.com\/company\/3337211\/admin\/\",\"https:\/\/www.youtube.com\/channel\/UCEkP009p4XTU5lXjLkaKptA\"]}]}<\/script>\n<!-- \/ Yoast SEO plugin. -->","yoast_head_json":{"title":"Solid Exfoliating Body Care: Made for Smooth Skin - PHYT'S","description":"Reveal smooth, radiant skin with PHYT'S Solid Exfoliating Body Care, an Organic exfoliant that gently removes dead skin cells while nourishing your skin.","robots":{"index":"index","follow":"follow","max-snippet":"max-snippet:-1","max-image-preview":"max-image-preview:large","max-video-preview":"max-video-preview:-1"},"canonical":"https:\/\/phytstore.com\/en\/product\/solid-exfoliating-body-care\/","og_locale":"en_US","og_type":"article","og_title":"Solid Exfoliating Body Care: Made for Smooth Skin - PHYT'S","og_description":"Reveal smooth, radiant skin with PHYT'S Solid Exfoliating Body Care, an Organic exfoliant that gently removes dead skin cells while nourishing your skin.","og_url":"https:\/\/phytstore.com\/en\/product\/solid-exfoliating-body-care\/","og_site_name":"PHYT&#039;S","article_publisher":"https:\/\/www.facebook.com\/CJMBCosmetiques\/?ref=aymt_homepage_panel","article_modified_time":"2024-09-11T10:43:23+00:00","og_image":[{"width":1772,"height":1772,"url":"https:\/\/phytstore.com\/wp-content\/uploads\/2022\/06\/Galet-Exfoliant-Solide-avec-etui-HD.jpg","type":"image\/jpeg"}],"twitter_card":"summary_large_image","twitter_misc":{"Est. reading time":"1 minute"},"schema":{"@context":"https:\/\/schema.org","@graph":[{"@type":"WebPage","@id":"https:\/\/phytstore.com\/en\/product\/solid-exfoliating-body-care\/","url":"https:\/\/phytstore.com\/en\/product\/solid-exfoliating-body-care\/","name":"Solid Exfoliating Body Care: Made for Smooth Skin - PHYT'S","isPartOf":{"@id":"https:\/\/phytstore.com\/en\/#website"},"primaryImageOfPage":{"@id":"https:\/\/phytstore.com\/en\/product\/solid-exfoliating-body-care\/#primaryimage"},"image":{"@id":"https:\/\/phytstore.com\/en\/product\/solid-exfoliating-body-care\/#primaryimage"},"thumbnailUrl":"https:\/\/phytstore.com\/wp-content\/uploads\/2022\/06\/Galet-Exfoliant-Solide-avec-etui-HD.jpg","datePublished":"2022-06-06T20:03:16+00:00","dateModified":"2024-09-11T10:43:23+00:00","description":"Reveal smooth, radiant skin with PHYT'S Solid Exfoliating Body Care, an Organic exfoliant that gently removes dead skin cells while nourishing your skin.","breadcrumb":{"@id":"https:\/\/phytstore.com\/en\/product\/solid-exfoliating-body-care\/#breadcrumb"},"inLanguage":"en-CA","potentialAction":[{"@type":"ReadAction","target":["https:\/\/phytstore.com\/en\/product\/solid-exfoliating-body-care\/"]}]},{"@type":"ImageObject","inLanguage":"en-CA","@id":"https:\/\/phytstore.com\/en\/product\/solid-exfoliating-body-care\/#primaryimage","url":"https:\/\/phytstore.com\/wp-content\/uploads\/2022\/06\/Galet-Exfoliant-Solide-avec-etui-HD.jpg","contentUrl":"https:\/\/phytstore.com\/wp-content\/uploads\/2022\/06\/Galet-Exfoliant-Solide-avec-etui-HD.jpg","width":1772,"height":1772},{"@type":"BreadcrumbList","@id":"https:\/\/phytstore.com\/en\/product\/solid-exfoliating-body-care\/#breadcrumb","itemListElement":[{"@type":"ListItem","position":1,"name":"Home","item":"https:\/\/phytstore.com\/en\/"},{"@type":"ListItem","position":2,"name":"Shop","item":"https:\/\/phytstore.com\/en\/shop\/"},{"@type":"ListItem","position":3,"name":"Body","item":"https:\/\/phytstore.com\/en\/organic-body-care\/"},{"@type":"ListItem","position":4,"name":"Body Scrubs","item":"https:\/\/phytstore.com\/en\/organic-body-care\/natural-body-scrubs\/"},{"@type":"ListItem","position":5,"name":"Solid Exfoliating Body Care"}]},{"@type":"WebSite","@id":"https:\/\/phytstore.com\/en\/#website","url":"https:\/\/phytstore.com\/en\/","name":"PHYT&#039;S","description":"Fabricant et distributeur de soins certifi\u00e9s bio pour instituts de beaut\u00e9, spa et esth\u00e9ticiennes","publisher":{"@id":"https:\/\/phytstore.com\/en\/#organization"},"potentialAction":[{"@type":"SearchAction","target":{"@type":"EntryPoint","urlTemplate":"https:\/\/phytstore.com\/en\/?s={search_term_string}"},"query-input":{"@type":"PropertyValueSpecification","valueRequired":true,"valueName":"search_term_string"}}],"inLanguage":"en-CA"},{"@type":"Organization","@id":"https:\/\/phytstore.com\/en\/#organization","name":"Phyt's","url":"https:\/\/phytstore.com\/en\/","logo":{"@type":"ImageObject","inLanguage":"en-CA","@id":"https:\/\/phytstore.com\/en\/#\/schema\/logo\/image\/","url":"https:\/\/phytstore.com\/wp-content\/uploads\/2020\/03\/logo-phyts-e1585168986207.png","contentUrl":"https:\/\/phytstore.com\/wp-content\/uploads\/2020\/03\/logo-phyts-e1585168986207.png","width":200,"height":72,"caption":"Phyt's"},"image":{"@id":"https:\/\/phytstore.com\/en\/#\/schema\/logo\/image\/"},"sameAs":["https:\/\/www.facebook.com\/CJMBCosmetiques\/?ref=aymt_homepage_panel","https:\/\/www.instagram.com\/phyts_canada\/","https:\/\/www.linkedin.com\/company\/3337211\/admin\/","https:\/\/www.youtube.com\/channel\/UCEkP009p4XTU5lXjLkaKptA"]}]}},"jetpack_sharing_enabled":true,"_links":{"self":[{"href":"https:\/\/phytstore.com\/en\/wp-json\/wp\/v2\/product\/6036","targetHints":{"allow":["GET"]}}],"collection":[{"href":"https:\/\/phytstore.com\/en\/wp-json\/wp\/v2\/product"}],"about":[{"href":"https:\/\/phytstore.com\/en\/wp-json\/wp\/v2\/types\/product"}],"replies":[{"embeddable":true,"href":"https:\/\/phytstore.com\/en\/wp-json\/wp\/v2\/comments?post=6036"}],"wp:featuredmedia":[{"embeddable":true,"href":"https:\/\/phytstore.com\/en\/wp-json\/wp\/v2\/media\/6034"}],"wp:attachment":[{"href":"https:\/\/phytstore.com\/en\/wp-json\/wp\/v2\/media?parent=6036"}],"wp:term":[{"taxonomy":"product_brand","embeddable":true,"href":"https:\/\/phytstore.com\/en\/wp-json\/wp\/v2\/product_brand?post=6036"},{"taxonomy":"product_cat","embeddable":true,"href":"https:\/\/phytstore.com\/en\/wp-json\/wp\/v2\/product_cat?post=6036"},{"taxonomy":"product_tag","embeddable":true,"href":"https:\/\/phytstore.com\/en\/wp-json\/wp\/v2\/product_tag?post=6036"}],"curies":[{"name":"wp","href":"https:\/\/api.w.org\/{rel}","templated":true}]}}