{"id":6029,"date":"2022-06-06T14:18:39","date_gmt":"2022-06-06T18:18:39","guid":{"rendered":"https:\/\/phytstore.com\/?post_type=product&#038;p=6029"},"modified":"2025-07-29T16:18:15","modified_gmt":"2025-07-29T20:18:15","slug":"solid-body-hair-cleanser","status":"publish","type":"product","link":"https:\/\/phytstore.com\/en\/product\/solid-body-hair-cleanser\/","title":{"rendered":"Organic Soap"},"content":{"rendered":"<p>Formulated by PHYT\u2019S Laboratories, this solid, unscented\u00a0<strong>Organic\u00a0<\/strong><strong>soap-free bar<\/strong>\u00a0gently washes the body as well as the hair without attacking or drying them out. Upon contact with water, it turns into a fine and creamy lather, which is easy to rinse. Enriched with Organic ingredients, this bar contains\u00a0<strong>3x more active ingredients<\/strong>\u00a0than a liquid formula! Thanks to these ingredients, it leaves the skin soft and nourished*, and the hair clean, shiny, and easy to comb!<br \/>\n<em>* via hydration<\/em><\/p>\n<p>Its gentle base makes it perfect for sensitive skin. Rich in plant-based oil and butter, this natural soap deeply cleanses while respecting your skin\u2019s balance. The formula is pure, vegan, and suitable for the whole family.<\/p>\n<p><strong>Active ingredients :<\/strong><br \/>\nSunflower*, Kaolin, Aloe Vera*, Vegetal Vitamin E<br \/>\n<em>* ingredients from Organic Farming<\/em><\/p>\n<p><strong>Application :<br \/>\n<\/strong>Rub and massage daily all over wet body and hair, then rinse.<\/p>\n<p><strong>Tips :<\/strong><\/p>\n<ul>\n<li>For the body: follow with a <a href=\"https:\/\/phytstore.com\/en\/organic-body-care\/organic-moisturizers\/\"><strong>body moisturizer<\/strong><\/a>\u00a0to maintain hydration.<\/li>\n<li>For silky hair: use our <a href=\"https:\/\/phytstore.com\/en\/product\/after-shampoo-conditioner\/\"><strong>After-Shampoo Conditioner<\/strong><\/a> or <a href=\"https:\/\/phytstore.com\/en\/product\/hair-mask\/\"><strong>Hair Mask<\/strong><\/a>.<\/li>\n<li>For the beard: this bar can also help\u00a0<strong>soften<\/strong>\u00a0<strong>the hair<\/strong>\u00a0before a shave.<\/li>\n<\/ul>\n<p>Each handmade bar is crafted with care in our Canadian workshop. Our soaps offer a refreshing cleanse, a gentle scent, and\u00a0<strong>long-lasting benefits<\/strong>\u00a0for your skin and hair. Made with fair-trade ingredients, they reflect our commitment to quality and conscious living.<\/p>\n","protected":false},"excerpt":{"rendered":"<p><a href=\"https:\/\/phytstore.com\/wp-content\/uploads\/2020\/07\/Bio-100-Vegan-Efficacite-10.png\"><img loading=\"lazy\" decoding=\"async\" class=\"alignnone size-full wp-image-4918\" src=\"https:\/\/phytstore.com\/wp-content\/uploads\/2020\/07\/Bio-100-Vegan-Efficacite-10.png\" alt=\"\" width=\"274\" height=\"53\" \/><\/a><\/p>\n<p>2 in 1 : Shower &amp; Shampoo<\/p>\n<p><strong>Skin type :<\/strong> Body &amp; Hair (all types)<br \/>\n<strong>Expectations :<\/strong> Cleanses, softens<br \/>\n<strong>Presentation :<\/strong> 109 ml<\/p>\n","protected":false},"featured_media":6027,"comment_status":"open","ping_status":"closed","template":"","meta":{"_acf_changed":false,"inline_featured_image":false},"product_brand":[],"product_cat":[367,92,95,119,205,216],"product_tag":[],"class_list":{"0":"post-6029","1":"product","2":"type-product","3":"status-publish","4":"has-post-thumbnail","6":"product_cat-the-solids","7":"product_cat-protecteurs-corps-en","8":"product_cat-soins-capillaires-phyts-et-gamarde-en","9":"product_cat-promotions-en","10":"product_cat-hair-care","11":"product_cat-cleansers","13":"first","14":"instock","15":"sale","16":"taxable","17":"shipping-taxable","18":"purchasable","19":"product-type-simple"},"acf":[],"yoast_head":"<!-- This site is optimized with the Yoast SEO plugin v27.1.1 - https:\/\/yoast.com\/product\/yoast-seo-wordpress\/ -->\n<title>Natural Handmade Organic Bar Soap-free 2-in-1 Cleanser - PHYT&#039;S<\/title>\n<meta name=\"description\" content=\"Cleanse your body and hair with our natural soap-free bar. A zero-waste, eco-friendly solution handmade with organic ingredients and essential oils for better skin.\" \/>\n<meta name=\"robots\" content=\"index, follow, max-snippet:-1, max-image-preview:large, max-video-preview:-1\" \/>\n<link rel=\"canonical\" href=\"https:\/\/phytstore.com\/en\/product\/solid-body-hair-cleanser\/\" \/>\n<meta property=\"og:locale\" content=\"en_US\" \/>\n<meta property=\"og:type\" content=\"article\" \/>\n<meta property=\"og:title\" content=\"Natural Handmade Organic Bar Soap-free 2-in-1 Cleanser - PHYT&#039;S\" \/>\n<meta property=\"og:description\" content=\"Cleanse your body and hair with our natural soap-free bar. A zero-waste, eco-friendly solution handmade with organic ingredients and essential oils for better skin.\" \/>\n<meta property=\"og:url\" content=\"https:\/\/phytstore.com\/en\/product\/solid-body-hair-cleanser\/\" \/>\n<meta property=\"og:site_name\" content=\"PHYT&#039;S\" \/>\n<meta property=\"article:publisher\" content=\"https:\/\/www.facebook.com\/CJMBCosmetiques\/?ref=aymt_homepage_panel\" \/>\n<meta property=\"article:modified_time\" content=\"2025-07-29T20:18:15+00:00\" \/>\n<meta property=\"og:image\" content=\"https:\/\/phytstore.com\/wp-content\/uploads\/2022\/06\/Nettoyant-2-en-1-Solide-avec-etui-HD-1.jpg\" \/>\n\t<meta property=\"og:image:width\" content=\"1772\" \/>\n\t<meta property=\"og:image:height\" content=\"1772\" \/>\n\t<meta property=\"og:image:type\" content=\"image\/jpeg\" \/>\n<meta name=\"twitter:card\" content=\"summary_large_image\" \/>\n<meta name=\"twitter:label1\" content=\"Est. reading time\" \/>\n\t<meta name=\"twitter:data1\" content=\"2 minutes\" \/>\n<script type=\"application\/ld+json\" class=\"yoast-schema-graph\">{\"@context\":\"https:\/\/schema.org\",\"@graph\":[{\"@type\":\"WebPage\",\"@id\":\"https:\/\/phytstore.com\/en\/product\/solid-body-hair-cleanser\/\",\"url\":\"https:\/\/phytstore.com\/en\/product\/solid-body-hair-cleanser\/\",\"name\":\"Natural Handmade Organic Bar Soap-free 2-in-1 Cleanser - PHYT'S\",\"isPartOf\":{\"@id\":\"https:\/\/phytstore.com\/en\/#website\"},\"primaryImageOfPage\":{\"@id\":\"https:\/\/phytstore.com\/en\/product\/solid-body-hair-cleanser\/#primaryimage\"},\"image\":{\"@id\":\"https:\/\/phytstore.com\/en\/product\/solid-body-hair-cleanser\/#primaryimage\"},\"thumbnailUrl\":\"https:\/\/phytstore.com\/wp-content\/uploads\/2022\/06\/Nettoyant-2-en-1-Solide-avec-etui-HD-1.jpg\",\"datePublished\":\"2022-06-06T18:18:39+00:00\",\"dateModified\":\"2025-07-29T20:18:15+00:00\",\"description\":\"Cleanse your body and hair with our natural soap-free bar. A zero-waste, eco-friendly solution handmade with organic ingredients and essential oils for better skin.\",\"breadcrumb\":{\"@id\":\"https:\/\/phytstore.com\/en\/product\/solid-body-hair-cleanser\/#breadcrumb\"},\"inLanguage\":\"en-CA\",\"potentialAction\":[{\"@type\":\"ReadAction\",\"target\":[\"https:\/\/phytstore.com\/en\/product\/solid-body-hair-cleanser\/\"]}]},{\"@type\":\"ImageObject\",\"inLanguage\":\"en-CA\",\"@id\":\"https:\/\/phytstore.com\/en\/product\/solid-body-hair-cleanser\/#primaryimage\",\"url\":\"https:\/\/phytstore.com\/wp-content\/uploads\/2022\/06\/Nettoyant-2-en-1-Solide-avec-etui-HD-1.jpg\",\"contentUrl\":\"https:\/\/phytstore.com\/wp-content\/uploads\/2022\/06\/Nettoyant-2-en-1-Solide-avec-etui-HD-1.jpg\",\"width\":1772,\"height\":1772},{\"@type\":\"BreadcrumbList\",\"@id\":\"https:\/\/phytstore.com\/en\/product\/solid-body-hair-cleanser\/#breadcrumb\",\"itemListElement\":[{\"@type\":\"ListItem\",\"position\":1,\"name\":\"Home\",\"item\":\"https:\/\/phytstore.com\/en\/\"},{\"@type\":\"ListItem\",\"position\":2,\"name\":\"Shop\",\"item\":\"https:\/\/phytstore.com\/en\/shop\/\"},{\"@type\":\"ListItem\",\"position\":3,\"name\":\"Body\",\"item\":\"https:\/\/phytstore.com\/en\/organic-body-care\/\"},{\"@type\":\"ListItem\",\"position\":4,\"name\":\"Natural and Organic Body Cleansers\",\"item\":\"https:\/\/phytstore.com\/en\/organic-body-care\/organic-cleansers\/\"},{\"@type\":\"ListItem\",\"position\":5,\"name\":\"Organic Soap\"}]},{\"@type\":\"WebSite\",\"@id\":\"https:\/\/phytstore.com\/en\/#website\",\"url\":\"https:\/\/phytstore.com\/en\/\",\"name\":\"PHYT&#039;S\",\"description\":\"Fabricant et distributeur de soins certifi\u00e9s bio pour instituts de beaut\u00e9, spa et esth\u00e9ticiennes\",\"publisher\":{\"@id\":\"https:\/\/phytstore.com\/en\/#organization\"},\"potentialAction\":[{\"@type\":\"SearchAction\",\"target\":{\"@type\":\"EntryPoint\",\"urlTemplate\":\"https:\/\/phytstore.com\/en\/?s={search_term_string}\"},\"query-input\":{\"@type\":\"PropertyValueSpecification\",\"valueRequired\":true,\"valueName\":\"search_term_string\"}}],\"inLanguage\":\"en-CA\"},{\"@type\":\"Organization\",\"@id\":\"https:\/\/phytstore.com\/en\/#organization\",\"name\":\"Phyt's\",\"url\":\"https:\/\/phytstore.com\/en\/\",\"logo\":{\"@type\":\"ImageObject\",\"inLanguage\":\"en-CA\",\"@id\":\"https:\/\/phytstore.com\/en\/#\/schema\/logo\/image\/\",\"url\":\"https:\/\/phytstore.com\/wp-content\/uploads\/2020\/03\/logo-phyts-e1585168986207.png\",\"contentUrl\":\"https:\/\/phytstore.com\/wp-content\/uploads\/2020\/03\/logo-phyts-e1585168986207.png\",\"width\":200,\"height\":72,\"caption\":\"Phyt's\"},\"image\":{\"@id\":\"https:\/\/phytstore.com\/en\/#\/schema\/logo\/image\/\"},\"sameAs\":[\"https:\/\/www.facebook.com\/CJMBCosmetiques\/?ref=aymt_homepage_panel\",\"https:\/\/www.instagram.com\/phyts_canada\/\",\"https:\/\/www.linkedin.com\/company\/3337211\/admin\/\",\"https:\/\/www.youtube.com\/channel\/UCEkP009p4XTU5lXjLkaKptA\"]}]}<\/script>\n<!-- \/ Yoast SEO plugin. -->","yoast_head_json":{"title":"Natural Handmade Organic Bar Soap-free 2-in-1 Cleanser - PHYT'S","description":"Cleanse your body and hair with our natural soap-free bar. A zero-waste, eco-friendly solution handmade with organic ingredients and essential oils for better skin.","robots":{"index":"index","follow":"follow","max-snippet":"max-snippet:-1","max-image-preview":"max-image-preview:large","max-video-preview":"max-video-preview:-1"},"canonical":"https:\/\/phytstore.com\/en\/product\/solid-body-hair-cleanser\/","og_locale":"en_US","og_type":"article","og_title":"Natural Handmade Organic Bar Soap-free 2-in-1 Cleanser - PHYT'S","og_description":"Cleanse your body and hair with our natural soap-free bar. A zero-waste, eco-friendly solution handmade with organic ingredients and essential oils for better skin.","og_url":"https:\/\/phytstore.com\/en\/product\/solid-body-hair-cleanser\/","og_site_name":"PHYT&#039;S","article_publisher":"https:\/\/www.facebook.com\/CJMBCosmetiques\/?ref=aymt_homepage_panel","article_modified_time":"2025-07-29T20:18:15+00:00","og_image":[{"width":1772,"height":1772,"url":"https:\/\/phytstore.com\/wp-content\/uploads\/2022\/06\/Nettoyant-2-en-1-Solide-avec-etui-HD-1.jpg","type":"image\/jpeg"}],"twitter_card":"summary_large_image","twitter_misc":{"Est. reading time":"2 minutes"},"schema":{"@context":"https:\/\/schema.org","@graph":[{"@type":"WebPage","@id":"https:\/\/phytstore.com\/en\/product\/solid-body-hair-cleanser\/","url":"https:\/\/phytstore.com\/en\/product\/solid-body-hair-cleanser\/","name":"Natural Handmade Organic Bar Soap-free 2-in-1 Cleanser - PHYT'S","isPartOf":{"@id":"https:\/\/phytstore.com\/en\/#website"},"primaryImageOfPage":{"@id":"https:\/\/phytstore.com\/en\/product\/solid-body-hair-cleanser\/#primaryimage"},"image":{"@id":"https:\/\/phytstore.com\/en\/product\/solid-body-hair-cleanser\/#primaryimage"},"thumbnailUrl":"https:\/\/phytstore.com\/wp-content\/uploads\/2022\/06\/Nettoyant-2-en-1-Solide-avec-etui-HD-1.jpg","datePublished":"2022-06-06T18:18:39+00:00","dateModified":"2025-07-29T20:18:15+00:00","description":"Cleanse your body and hair with our natural soap-free bar. A zero-waste, eco-friendly solution handmade with organic ingredients and essential oils for better skin.","breadcrumb":{"@id":"https:\/\/phytstore.com\/en\/product\/solid-body-hair-cleanser\/#breadcrumb"},"inLanguage":"en-CA","potentialAction":[{"@type":"ReadAction","target":["https:\/\/phytstore.com\/en\/product\/solid-body-hair-cleanser\/"]}]},{"@type":"ImageObject","inLanguage":"en-CA","@id":"https:\/\/phytstore.com\/en\/product\/solid-body-hair-cleanser\/#primaryimage","url":"https:\/\/phytstore.com\/wp-content\/uploads\/2022\/06\/Nettoyant-2-en-1-Solide-avec-etui-HD-1.jpg","contentUrl":"https:\/\/phytstore.com\/wp-content\/uploads\/2022\/06\/Nettoyant-2-en-1-Solide-avec-etui-HD-1.jpg","width":1772,"height":1772},{"@type":"BreadcrumbList","@id":"https:\/\/phytstore.com\/en\/product\/solid-body-hair-cleanser\/#breadcrumb","itemListElement":[{"@type":"ListItem","position":1,"name":"Home","item":"https:\/\/phytstore.com\/en\/"},{"@type":"ListItem","position":2,"name":"Shop","item":"https:\/\/phytstore.com\/en\/shop\/"},{"@type":"ListItem","position":3,"name":"Body","item":"https:\/\/phytstore.com\/en\/organic-body-care\/"},{"@type":"ListItem","position":4,"name":"Natural and Organic Body Cleansers","item":"https:\/\/phytstore.com\/en\/organic-body-care\/organic-cleansers\/"},{"@type":"ListItem","position":5,"name":"Organic Soap"}]},{"@type":"WebSite","@id":"https:\/\/phytstore.com\/en\/#website","url":"https:\/\/phytstore.com\/en\/","name":"PHYT&#039;S","description":"Fabricant et distributeur de soins certifi\u00e9s bio pour instituts de beaut\u00e9, spa et esth\u00e9ticiennes","publisher":{"@id":"https:\/\/phytstore.com\/en\/#organization"},"potentialAction":[{"@type":"SearchAction","target":{"@type":"EntryPoint","urlTemplate":"https:\/\/phytstore.com\/en\/?s={search_term_string}"},"query-input":{"@type":"PropertyValueSpecification","valueRequired":true,"valueName":"search_term_string"}}],"inLanguage":"en-CA"},{"@type":"Organization","@id":"https:\/\/phytstore.com\/en\/#organization","name":"Phyt's","url":"https:\/\/phytstore.com\/en\/","logo":{"@type":"ImageObject","inLanguage":"en-CA","@id":"https:\/\/phytstore.com\/en\/#\/schema\/logo\/image\/","url":"https:\/\/phytstore.com\/wp-content\/uploads\/2020\/03\/logo-phyts-e1585168986207.png","contentUrl":"https:\/\/phytstore.com\/wp-content\/uploads\/2020\/03\/logo-phyts-e1585168986207.png","width":200,"height":72,"caption":"Phyt's"},"image":{"@id":"https:\/\/phytstore.com\/en\/#\/schema\/logo\/image\/"},"sameAs":["https:\/\/www.facebook.com\/CJMBCosmetiques\/?ref=aymt_homepage_panel","https:\/\/www.instagram.com\/phyts_canada\/","https:\/\/www.linkedin.com\/company\/3337211\/admin\/","https:\/\/www.youtube.com\/channel\/UCEkP009p4XTU5lXjLkaKptA"]}]}},"jetpack_sharing_enabled":true,"_links":{"self":[{"href":"https:\/\/phytstore.com\/en\/wp-json\/wp\/v2\/product\/6029","targetHints":{"allow":["GET"]}}],"collection":[{"href":"https:\/\/phytstore.com\/en\/wp-json\/wp\/v2\/product"}],"about":[{"href":"https:\/\/phytstore.com\/en\/wp-json\/wp\/v2\/types\/product"}],"replies":[{"embeddable":true,"href":"https:\/\/phytstore.com\/en\/wp-json\/wp\/v2\/comments?post=6029"}],"wp:featuredmedia":[{"embeddable":true,"href":"https:\/\/phytstore.com\/en\/wp-json\/wp\/v2\/media\/6027"}],"wp:attachment":[{"href":"https:\/\/phytstore.com\/en\/wp-json\/wp\/v2\/media?parent=6029"}],"wp:term":[{"taxonomy":"product_brand","embeddable":true,"href":"https:\/\/phytstore.com\/en\/wp-json\/wp\/v2\/product_brand?post=6029"},{"taxonomy":"product_cat","embeddable":true,"href":"https:\/\/phytstore.com\/en\/wp-json\/wp\/v2\/product_cat?post=6029"},{"taxonomy":"product_tag","embeddable":true,"href":"https:\/\/phytstore.com\/en\/wp-json\/wp\/v2\/product_tag?post=6029"}],"curies":[{"name":"wp","href":"https:\/\/api.w.org\/{rel}","templated":true}]}}