{"id":6019,"date":"2022-06-06T10:52:18","date_gmt":"2022-06-06T14:52:18","guid":{"rendered":"https:\/\/phytstore.com\/?post_type=product&#038;p=6019"},"modified":"2024-04-18T14:58:25","modified_gmt":"2024-04-18T18:58:25","slug":"solid-exfoliating-face-care","status":"publish","type":"product","link":"https:\/\/phytstore.com\/en\/product\/solid-exfoliating-face-care\/","title":{"rendered":"Solid Exfoliating Face Care"},"content":{"rendered":"<p>This fragrance-free, organic solid facial exfoliant scrub with gentle perlite beads cleanses and rids the skin of dead cells and impurities, without irritating it. The scrub leaves behind a refined skin texture, making your face smoother and softer, with a brighter complexion!<\/p>\n<h2><strong>Active ingredients<\/strong><\/h2>\n<p>Perlite powder, Kaolin, Illite, Sunflower*, Candelilla, Vegetal Vitamin E<br \/>\n<em>* ingredients from Organic Farming<\/em><\/p>\n<h2>How do I use my solid exfoliating scrub?<\/h2>\n<p>Apply to wet skin 1 to 2 times a week, for unbelievably soft skin. Massage the entire face, neck, and neckline using a circular motion, while avoiding the eyes. Then, rinse with water or with a\u00a0<strong><a href=\"https:\/\/phytstore.com\/en\/product\/phyts-organic-reusable-wipes\/\">PHYT\u2019s Organic Reusable Wipe<\/a><\/strong>. This treatment is\u00a0<strong>suitable for all skin types\u00a0<\/strong>and helps refine skin texture by removing dead skin cells and unclogging pores.<\/p>\n<p>Tone skin with the\u00a0<strong><a href=\"https:\/\/phytstore.com\/en\/organic-skin-care\/organic-face-lotion-toners\/\">Toner<\/a>\u00a0<\/strong>recommended for your skin type, then apply the <strong><a href=\"https:\/\/phytstore.com\/en\/product\/solid-hydrating-face-cream\/\">Solid Hydrating Face Cream<\/a><\/strong>\u00a0for smooth, silky skin.<\/p>\n<h2>Why use a solid exfoliating face care?<\/h2>\n<p>Solid cosmetics are a sustainable choice. This gentle face exfoliator, formulated with natural ingredients,\u00a0<strong>is remarkably effective<\/strong>. It will maintain your skin\u2019s balance while providing gentle and effective exfoliation, perfect for a refined skin texture.<\/p>\n<p>Choosing the right solid exfoliating face care for sensitive skin can be a challenge. Our cares made with key ingredients offer a great alternative. Our formulations for <strong><a href=\"https:\/\/www.phyts.com\/en\/collection\/Solid\/\">Solid Cosmetics<\/a><\/strong>\u00a0are designed to\u00a0<strong>meet the needs of all skin types<\/strong>, ensuring your skincare routine promotes health and radiance. Trust in the care and expertise behind each product, tailored to provide the best for your skin.<\/p>\n","protected":false},"excerpt":{"rendered":"<p>Gentle cleanser &amp; exfoliant<\/p>\n<p><strong>Skin type :<\/strong> All skin types<br \/>\n<strong>Expectations :<\/strong> Cleanses, exfoliates, softens, refreshes<br \/>\n<strong>Presentation :<\/strong> 32 ml<\/p>\n","protected":false},"featured_media":6011,"comment_status":"open","ping_status":"closed","template":"","meta":{"_acf_changed":false,"inline_featured_image":false},"product_brand":[],"product_cat":[367,96,119,250],"product_tag":[],"class_list":{"0":"post-6019","1":"product","2":"type-product","3":"status-publish","4":"has-post-thumbnail","6":"product_cat-the-solids","7":"product_cat-soins-nettoyants-en","8":"product_cat-promotions-en","9":"product_cat-scrubs-exfoliants","11":"first","12":"instock","13":"sale","14":"taxable","15":"shipping-taxable","16":"purchasable","17":"product-type-simple"},"acf":[],"yoast_head":"<!-- This site is optimized with the Yoast SEO plugin v27.4 - https:\/\/yoast.com\/product\/yoast-seo-wordpress\/ -->\n<title>Solid Exfoliating face Care | PHYT\u2019S Laboratories<\/title>\n<meta name=\"description\" content=\"Discover our solid exfoliating face care, ideal for all skin types, to experience softness and radiance with natural and organic ingredients.\" \/>\n<meta name=\"robots\" content=\"index, follow, max-snippet:-1, max-image-preview:large, max-video-preview:-1\" \/>\n<link rel=\"canonical\" href=\"https:\/\/phytstore.com\/en\/product\/solid-exfoliating-face-care\/\" \/>\n<meta property=\"og:locale\" content=\"en_US\" \/>\n<meta property=\"og:type\" content=\"article\" \/>\n<meta property=\"og:title\" content=\"Solid Exfoliating face Care | PHYT\u2019S Laboratories\" \/>\n<meta property=\"og:description\" content=\"Discover our solid exfoliating face care, ideal for all skin types, to experience softness and radiance with natural and organic ingredients.\" \/>\n<meta property=\"og:url\" content=\"https:\/\/phytstore.com\/en\/product\/solid-exfoliating-face-care\/\" \/>\n<meta property=\"og:site_name\" content=\"PHYT&#039;S\" \/>\n<meta property=\"article:publisher\" content=\"https:\/\/www.facebook.com\/CJMBCosmetiques\/?ref=aymt_homepage_panel\" \/>\n<meta property=\"article:modified_time\" content=\"2024-04-18T18:58:25+00:00\" \/>\n<meta property=\"og:image\" content=\"https:\/\/phytstore.com\/wp-content\/uploads\/2022\/06\/Soin-Gommant-Solide-Visage-avec-etui-HD.jpg\" \/>\n\t<meta property=\"og:image:width\" content=\"1772\" \/>\n\t<meta property=\"og:image:height\" content=\"1772\" \/>\n\t<meta property=\"og:image:type\" content=\"image\/jpeg\" \/>\n<meta name=\"twitter:card\" content=\"summary_large_image\" \/>\n<meta name=\"twitter:label1\" content=\"Est. reading time\" \/>\n\t<meta name=\"twitter:data1\" content=\"2 minutes\" \/>\n<script type=\"application\/ld+json\" class=\"yoast-schema-graph\">{\"@context\":\"https:\\\/\\\/schema.org\",\"@graph\":[{\"@type\":\"WebPage\",\"@id\":\"https:\\\/\\\/phytstore.com\\\/en\\\/product\\\/solid-exfoliating-face-care\\\/\",\"url\":\"https:\\\/\\\/phytstore.com\\\/en\\\/product\\\/solid-exfoliating-face-care\\\/\",\"name\":\"Solid Exfoliating face Care | PHYT\u2019S Laboratories\",\"isPartOf\":{\"@id\":\"https:\\\/\\\/phytstore.com\\\/en\\\/#website\"},\"primaryImageOfPage\":{\"@id\":\"https:\\\/\\\/phytstore.com\\\/en\\\/product\\\/solid-exfoliating-face-care\\\/#primaryimage\"},\"image\":{\"@id\":\"https:\\\/\\\/phytstore.com\\\/en\\\/product\\\/solid-exfoliating-face-care\\\/#primaryimage\"},\"thumbnailUrl\":\"https:\\\/\\\/phytstore.com\\\/wp-content\\\/uploads\\\/2022\\\/06\\\/Soin-Gommant-Solide-Visage-avec-etui-HD.jpg\",\"datePublished\":\"2022-06-06T14:52:18+00:00\",\"dateModified\":\"2024-04-18T18:58:25+00:00\",\"description\":\"Discover our solid exfoliating face care, ideal for all skin types, to experience softness and radiance with natural and organic ingredients.\",\"breadcrumb\":{\"@id\":\"https:\\\/\\\/phytstore.com\\\/en\\\/product\\\/solid-exfoliating-face-care\\\/#breadcrumb\"},\"inLanguage\":\"en-CA\",\"potentialAction\":[{\"@type\":\"ReadAction\",\"target\":[\"https:\\\/\\\/phytstore.com\\\/en\\\/product\\\/solid-exfoliating-face-care\\\/\"]}]},{\"@type\":\"ImageObject\",\"inLanguage\":\"en-CA\",\"@id\":\"https:\\\/\\\/phytstore.com\\\/en\\\/product\\\/solid-exfoliating-face-care\\\/#primaryimage\",\"url\":\"https:\\\/\\\/phytstore.com\\\/wp-content\\\/uploads\\\/2022\\\/06\\\/Soin-Gommant-Solide-Visage-avec-etui-HD.jpg\",\"contentUrl\":\"https:\\\/\\\/phytstore.com\\\/wp-content\\\/uploads\\\/2022\\\/06\\\/Soin-Gommant-Solide-Visage-avec-etui-HD.jpg\",\"width\":1772,\"height\":1772},{\"@type\":\"BreadcrumbList\",\"@id\":\"https:\\\/\\\/phytstore.com\\\/en\\\/product\\\/solid-exfoliating-face-care\\\/#breadcrumb\",\"itemListElement\":[{\"@type\":\"ListItem\",\"position\":1,\"name\":\"Home\",\"item\":\"https:\\\/\\\/phytstore.com\\\/en\\\/\"},{\"@type\":\"ListItem\",\"position\":2,\"name\":\"Shop\",\"item\":\"https:\\\/\\\/phytstore.com\\\/en\\\/shop\\\/\"},{\"@type\":\"ListItem\",\"position\":3,\"name\":\"The Solids\",\"item\":\"https:\\\/\\\/phytstore.com\\\/en\\\/the-solids\\\/\"},{\"@type\":\"ListItem\",\"position\":4,\"name\":\"Solid Exfoliating Face Care\"}]},{\"@type\":\"WebSite\",\"@id\":\"https:\\\/\\\/phytstore.com\\\/en\\\/#website\",\"url\":\"https:\\\/\\\/phytstore.com\\\/en\\\/\",\"name\":\"PHYT&#039;S\",\"description\":\"Fabricant et distributeur de soins certifi\u00e9s bio pour instituts de beaut\u00e9, spa et esth\u00e9ticiennes\",\"publisher\":{\"@id\":\"https:\\\/\\\/phytstore.com\\\/en\\\/#organization\"},\"potentialAction\":[{\"@type\":\"SearchAction\",\"target\":{\"@type\":\"EntryPoint\",\"urlTemplate\":\"https:\\\/\\\/phytstore.com\\\/en\\\/?s={search_term_string}\"},\"query-input\":{\"@type\":\"PropertyValueSpecification\",\"valueRequired\":true,\"valueName\":\"search_term_string\"}}],\"inLanguage\":\"en-CA\"},{\"@type\":\"Organization\",\"@id\":\"https:\\\/\\\/phytstore.com\\\/en\\\/#organization\",\"name\":\"Phyt's\",\"url\":\"https:\\\/\\\/phytstore.com\\\/en\\\/\",\"logo\":{\"@type\":\"ImageObject\",\"inLanguage\":\"en-CA\",\"@id\":\"https:\\\/\\\/phytstore.com\\\/en\\\/#\\\/schema\\\/logo\\\/image\\\/\",\"url\":\"https:\\\/\\\/phytstore.com\\\/wp-content\\\/uploads\\\/2020\\\/03\\\/logo-phyts-e1585168986207.png\",\"contentUrl\":\"https:\\\/\\\/phytstore.com\\\/wp-content\\\/uploads\\\/2020\\\/03\\\/logo-phyts-e1585168986207.png\",\"width\":200,\"height\":72,\"caption\":\"Phyt's\"},\"image\":{\"@id\":\"https:\\\/\\\/phytstore.com\\\/en\\\/#\\\/schema\\\/logo\\\/image\\\/\"},\"sameAs\":[\"https:\\\/\\\/www.facebook.com\\\/CJMBCosmetiques\\\/?ref=aymt_homepage_panel\",\"https:\\\/\\\/www.instagram.com\\\/phyts_canada\\\/\",\"https:\\\/\\\/www.linkedin.com\\\/company\\\/3337211\\\/admin\\\/\",\"https:\\\/\\\/www.youtube.com\\\/channel\\\/UCEkP009p4XTU5lXjLkaKptA\"]}]}<\/script>\n<!-- \/ Yoast SEO plugin. -->","yoast_head_json":{"title":"Solid Exfoliating face Care | PHYT\u2019S Laboratories","description":"Discover our solid exfoliating face care, ideal for all skin types, to experience softness and radiance with natural and organic ingredients.","robots":{"index":"index","follow":"follow","max-snippet":"max-snippet:-1","max-image-preview":"max-image-preview:large","max-video-preview":"max-video-preview:-1"},"canonical":"https:\/\/phytstore.com\/en\/product\/solid-exfoliating-face-care\/","og_locale":"en_US","og_type":"article","og_title":"Solid Exfoliating face Care | PHYT\u2019S Laboratories","og_description":"Discover our solid exfoliating face care, ideal for all skin types, to experience softness and radiance with natural and organic ingredients.","og_url":"https:\/\/phytstore.com\/en\/product\/solid-exfoliating-face-care\/","og_site_name":"PHYT&#039;S","article_publisher":"https:\/\/www.facebook.com\/CJMBCosmetiques\/?ref=aymt_homepage_panel","article_modified_time":"2024-04-18T18:58:25+00:00","og_image":[{"width":1772,"height":1772,"url":"https:\/\/phytstore.com\/wp-content\/uploads\/2022\/06\/Soin-Gommant-Solide-Visage-avec-etui-HD.jpg","type":"image\/jpeg"}],"twitter_card":"summary_large_image","twitter_misc":{"Est. reading time":"2 minutes"},"schema":{"@context":"https:\/\/schema.org","@graph":[{"@type":"WebPage","@id":"https:\/\/phytstore.com\/en\/product\/solid-exfoliating-face-care\/","url":"https:\/\/phytstore.com\/en\/product\/solid-exfoliating-face-care\/","name":"Solid Exfoliating face Care | PHYT\u2019S Laboratories","isPartOf":{"@id":"https:\/\/phytstore.com\/en\/#website"},"primaryImageOfPage":{"@id":"https:\/\/phytstore.com\/en\/product\/solid-exfoliating-face-care\/#primaryimage"},"image":{"@id":"https:\/\/phytstore.com\/en\/product\/solid-exfoliating-face-care\/#primaryimage"},"thumbnailUrl":"https:\/\/phytstore.com\/wp-content\/uploads\/2022\/06\/Soin-Gommant-Solide-Visage-avec-etui-HD.jpg","datePublished":"2022-06-06T14:52:18+00:00","dateModified":"2024-04-18T18:58:25+00:00","description":"Discover our solid exfoliating face care, ideal for all skin types, to experience softness and radiance with natural and organic ingredients.","breadcrumb":{"@id":"https:\/\/phytstore.com\/en\/product\/solid-exfoliating-face-care\/#breadcrumb"},"inLanguage":"en-CA","potentialAction":[{"@type":"ReadAction","target":["https:\/\/phytstore.com\/en\/product\/solid-exfoliating-face-care\/"]}]},{"@type":"ImageObject","inLanguage":"en-CA","@id":"https:\/\/phytstore.com\/en\/product\/solid-exfoliating-face-care\/#primaryimage","url":"https:\/\/phytstore.com\/wp-content\/uploads\/2022\/06\/Soin-Gommant-Solide-Visage-avec-etui-HD.jpg","contentUrl":"https:\/\/phytstore.com\/wp-content\/uploads\/2022\/06\/Soin-Gommant-Solide-Visage-avec-etui-HD.jpg","width":1772,"height":1772},{"@type":"BreadcrumbList","@id":"https:\/\/phytstore.com\/en\/product\/solid-exfoliating-face-care\/#breadcrumb","itemListElement":[{"@type":"ListItem","position":1,"name":"Home","item":"https:\/\/phytstore.com\/en\/"},{"@type":"ListItem","position":2,"name":"Shop","item":"https:\/\/phytstore.com\/en\/shop\/"},{"@type":"ListItem","position":3,"name":"The Solids","item":"https:\/\/phytstore.com\/en\/the-solids\/"},{"@type":"ListItem","position":4,"name":"Solid Exfoliating Face Care"}]},{"@type":"WebSite","@id":"https:\/\/phytstore.com\/en\/#website","url":"https:\/\/phytstore.com\/en\/","name":"PHYT&#039;S","description":"Fabricant et distributeur de soins certifi\u00e9s bio pour instituts de beaut\u00e9, spa et esth\u00e9ticiennes","publisher":{"@id":"https:\/\/phytstore.com\/en\/#organization"},"potentialAction":[{"@type":"SearchAction","target":{"@type":"EntryPoint","urlTemplate":"https:\/\/phytstore.com\/en\/?s={search_term_string}"},"query-input":{"@type":"PropertyValueSpecification","valueRequired":true,"valueName":"search_term_string"}}],"inLanguage":"en-CA"},{"@type":"Organization","@id":"https:\/\/phytstore.com\/en\/#organization","name":"Phyt's","url":"https:\/\/phytstore.com\/en\/","logo":{"@type":"ImageObject","inLanguage":"en-CA","@id":"https:\/\/phytstore.com\/en\/#\/schema\/logo\/image\/","url":"https:\/\/phytstore.com\/wp-content\/uploads\/2020\/03\/logo-phyts-e1585168986207.png","contentUrl":"https:\/\/phytstore.com\/wp-content\/uploads\/2020\/03\/logo-phyts-e1585168986207.png","width":200,"height":72,"caption":"Phyt's"},"image":{"@id":"https:\/\/phytstore.com\/en\/#\/schema\/logo\/image\/"},"sameAs":["https:\/\/www.facebook.com\/CJMBCosmetiques\/?ref=aymt_homepage_panel","https:\/\/www.instagram.com\/phyts_canada\/","https:\/\/www.linkedin.com\/company\/3337211\/admin\/","https:\/\/www.youtube.com\/channel\/UCEkP009p4XTU5lXjLkaKptA"]}]}},"jetpack_sharing_enabled":true,"_links":{"self":[{"href":"https:\/\/phytstore.com\/en\/wp-json\/wp\/v2\/product\/6019","targetHints":{"allow":["GET"]}}],"collection":[{"href":"https:\/\/phytstore.com\/en\/wp-json\/wp\/v2\/product"}],"about":[{"href":"https:\/\/phytstore.com\/en\/wp-json\/wp\/v2\/types\/product"}],"replies":[{"embeddable":true,"href":"https:\/\/phytstore.com\/en\/wp-json\/wp\/v2\/comments?post=6019"}],"wp:featuredmedia":[{"embeddable":true,"href":"https:\/\/phytstore.com\/en\/wp-json\/wp\/v2\/media\/6011"}],"wp:attachment":[{"href":"https:\/\/phytstore.com\/en\/wp-json\/wp\/v2\/media?parent=6019"}],"wp:term":[{"taxonomy":"product_brand","embeddable":true,"href":"https:\/\/phytstore.com\/en\/wp-json\/wp\/v2\/product_brand?post=6019"},{"taxonomy":"product_cat","embeddable":true,"href":"https:\/\/phytstore.com\/en\/wp-json\/wp\/v2\/product_cat?post=6019"},{"taxonomy":"product_tag","embeddable":true,"href":"https:\/\/phytstore.com\/en\/wp-json\/wp\/v2\/product_tag?post=6019"}],"curies":[{"name":"wp","href":"https:\/\/api.w.org\/{rel}","templated":true}]}}