{"id":6003,"date":"2022-06-03T15:33:57","date_gmt":"2022-06-03T19:33:57","guid":{"rendered":"https:\/\/phytstore.com\/?post_type=product&#038;p=6003"},"modified":"2024-04-18T14:53:31","modified_gmt":"2024-04-18T18:53:31","slug":"solid-hydrating-face-cream","status":"publish","type":"product","link":"https:\/\/phytstore.com\/en\/product\/solid-hydrating-face-cream\/","title":{"rendered":"Solid Hydrating Face Cream"},"content":{"rendered":"<p>Water-free, ultra-concentrated formula with the natural fragrance of coconut. Like a gentle moisturizing dome, this organic Solid Face Cream hydrates and nourishes your skin, while protecting it from external irritants. Non-greasy, it leaves\u00a0<strong>skin soft<\/strong>, supple and velvety, with a radiant complexion.<\/p>\n<h2><strong>Active ingredients<\/strong><\/h2>\n<p>Coco*, Vegetal Vitamin E<br \/>\n<em>* ingredients from Organic Farming<\/em><\/p>\n<h2><strong>How to apply our solid hydrating face cream<\/strong><\/h2>\n<p>In the morning and evening, after using our\u00a0<a href=\"https:\/\/www.phyts.com\/en\/collection\/Solid\/\"><strong>solid cleanser<\/strong><\/a>, apply this moisturizer designed for dry and sensitive skin and massage over the entire face, eyes, neck and neckline, with\u00a0<strong>circular movements<\/strong>. This organic cream with high-quality ingredients is designed to offer intense hydration for\u00a0<strong>all skin types<\/strong>, from dry to combination skin, and even oily skin (and without comedogenic effects).<\/p>\n<h2><strong>Our Skin Care Tip<\/strong><\/h2>\n<p>When compared to creams packaged in bottles, solid moisturizers will last longer, as the solid formula greatly improves shelf life. This makes our solid face cream an ideal eco-friendly choice. For enhanced effectiveness, exfoliate skin 1 to 2 times a week using the Solid Exfoliating Face Care.<\/p>\n<p>Our commitment to ethic beauty standards ensures that our solid hydrating face cream is perfectly formulated for those with dry skin, seeking to avoid any potential skin irritation. The unique properties of our solid face cream lock in moisture, providing long-lasting hydration. This\u00a0<strong>eco-conscious choice<\/strong>\u00a0upholds our promise to deliver skin care that&#8217;s kind and gentle on your skin and the planet.<\/p>\n<p>Explore our full range of\u00a0<a href=\"https:\/\/www.phyts.com\/en\/collection\/Solid\/\"><strong>solid cosmetics<\/strong><\/a>\u00a0for an even more eco-friendly selection at an affordable price!<\/p>\n","protected":false},"excerpt":{"rendered":"<p>Moisturizing, nourishing* &amp; protective<\/p>\n<p><strong>Skin type :<\/strong> All skin types<br \/>\n<strong>Expectations :<\/strong> Hydrates, nourishes*, softens, protects<br \/>\n<strong>Presentation :<\/strong> 32 ml<\/p>\n","protected":false},"featured_media":6001,"comment_status":"open","ping_status":"closed","template":"","meta":{"_acf_changed":false,"inline_featured_image":false},"product_brand":[],"product_cat":[231,246,367],"product_tag":[],"class_list":{"0":"post-6003","1":"product","2":"type-product","3":"status-publish","4":"has-post-thumbnail","6":"product_cat-dehydration-en","7":"product_cat-day-creams","8":"product_cat-the-solids","10":"first","11":"instock","12":"taxable","13":"shipping-taxable","14":"purchasable","15":"product-type-simple"},"acf":[],"yoast_head":"<!-- This site is optimized with the Yoast SEO plugin v27.4 - https:\/\/yoast.com\/product\/yoast-seo-wordpress\/ -->\n<title>Organic solid face cream: a natural and sustainable moisturizer<\/title>\n<meta name=\"description\" content=\"Discover our organic solid face cream, a natural and eco-friendly solution for soft and nourished skin!\" \/>\n<meta name=\"robots\" content=\"index, follow, max-snippet:-1, max-image-preview:large, max-video-preview:-1\" \/>\n<link rel=\"canonical\" href=\"https:\/\/phytstore.com\/en\/product\/solid-hydrating-face-cream\/\" \/>\n<meta property=\"og:locale\" content=\"en_US\" \/>\n<meta property=\"og:type\" content=\"article\" \/>\n<meta property=\"og:title\" content=\"Organic solid face cream: a natural and sustainable moisturizer\" \/>\n<meta property=\"og:description\" content=\"Discover our organic solid face cream, a natural and eco-friendly solution for soft and nourished skin!\" \/>\n<meta property=\"og:url\" content=\"https:\/\/phytstore.com\/en\/product\/solid-hydrating-face-cream\/\" \/>\n<meta property=\"og:site_name\" content=\"PHYT&#039;S\" \/>\n<meta property=\"article:publisher\" content=\"https:\/\/www.facebook.com\/CJMBCosmetiques\/?ref=aymt_homepage_panel\" \/>\n<meta property=\"article:modified_time\" content=\"2024-04-18T18:53:31+00:00\" \/>\n<meta property=\"og:image\" content=\"https:\/\/phytstore.com\/wp-content\/uploads\/2022\/06\/Creme-Hydratante-Solide-avec-etui-HD.jpg\" \/>\n\t<meta property=\"og:image:width\" content=\"1772\" \/>\n\t<meta property=\"og:image:height\" content=\"1772\" \/>\n\t<meta property=\"og:image:type\" content=\"image\/jpeg\" \/>\n<meta name=\"twitter:card\" content=\"summary_large_image\" \/>\n<meta name=\"twitter:label1\" content=\"Est. reading time\" \/>\n\t<meta name=\"twitter:data1\" content=\"2 minutes\" \/>\n<script type=\"application\/ld+json\" class=\"yoast-schema-graph\">{\"@context\":\"https:\\\/\\\/schema.org\",\"@graph\":[{\"@type\":\"WebPage\",\"@id\":\"https:\\\/\\\/phytstore.com\\\/en\\\/product\\\/solid-hydrating-face-cream\\\/\",\"url\":\"https:\\\/\\\/phytstore.com\\\/en\\\/product\\\/solid-hydrating-face-cream\\\/\",\"name\":\"Organic solid face cream: a natural and sustainable moisturizer\",\"isPartOf\":{\"@id\":\"https:\\\/\\\/phytstore.com\\\/en\\\/#website\"},\"primaryImageOfPage\":{\"@id\":\"https:\\\/\\\/phytstore.com\\\/en\\\/product\\\/solid-hydrating-face-cream\\\/#primaryimage\"},\"image\":{\"@id\":\"https:\\\/\\\/phytstore.com\\\/en\\\/product\\\/solid-hydrating-face-cream\\\/#primaryimage\"},\"thumbnailUrl\":\"https:\\\/\\\/phytstore.com\\\/wp-content\\\/uploads\\\/2022\\\/06\\\/Creme-Hydratante-Solide-avec-etui-HD.jpg\",\"datePublished\":\"2022-06-03T19:33:57+00:00\",\"dateModified\":\"2024-04-18T18:53:31+00:00\",\"description\":\"Discover our organic solid face cream, a natural and eco-friendly solution for soft and nourished skin!\",\"breadcrumb\":{\"@id\":\"https:\\\/\\\/phytstore.com\\\/en\\\/product\\\/solid-hydrating-face-cream\\\/#breadcrumb\"},\"inLanguage\":\"en-CA\",\"potentialAction\":[{\"@type\":\"ReadAction\",\"target\":[\"https:\\\/\\\/phytstore.com\\\/en\\\/product\\\/solid-hydrating-face-cream\\\/\"]}]},{\"@type\":\"ImageObject\",\"inLanguage\":\"en-CA\",\"@id\":\"https:\\\/\\\/phytstore.com\\\/en\\\/product\\\/solid-hydrating-face-cream\\\/#primaryimage\",\"url\":\"https:\\\/\\\/phytstore.com\\\/wp-content\\\/uploads\\\/2022\\\/06\\\/Creme-Hydratante-Solide-avec-etui-HD.jpg\",\"contentUrl\":\"https:\\\/\\\/phytstore.com\\\/wp-content\\\/uploads\\\/2022\\\/06\\\/Creme-Hydratante-Solide-avec-etui-HD.jpg\",\"width\":1772,\"height\":1772},{\"@type\":\"BreadcrumbList\",\"@id\":\"https:\\\/\\\/phytstore.com\\\/en\\\/product\\\/solid-hydrating-face-cream\\\/#breadcrumb\",\"itemListElement\":[{\"@type\":\"ListItem\",\"position\":1,\"name\":\"Home\",\"item\":\"https:\\\/\\\/phytstore.com\\\/en\\\/\"},{\"@type\":\"ListItem\",\"position\":2,\"name\":\"Shop\",\"item\":\"https:\\\/\\\/phytstore.com\\\/en\\\/shop\\\/\"},{\"@type\":\"ListItem\",\"position\":3,\"name\":\"The Solids\",\"item\":\"https:\\\/\\\/phytstore.com\\\/en\\\/the-solids\\\/\"},{\"@type\":\"ListItem\",\"position\":4,\"name\":\"Solid Hydrating Face Cream\"}]},{\"@type\":\"WebSite\",\"@id\":\"https:\\\/\\\/phytstore.com\\\/en\\\/#website\",\"url\":\"https:\\\/\\\/phytstore.com\\\/en\\\/\",\"name\":\"PHYT&#039;S\",\"description\":\"Fabricant et distributeur de soins certifi\u00e9s bio pour instituts de beaut\u00e9, spa et esth\u00e9ticiennes\",\"publisher\":{\"@id\":\"https:\\\/\\\/phytstore.com\\\/en\\\/#organization\"},\"potentialAction\":[{\"@type\":\"SearchAction\",\"target\":{\"@type\":\"EntryPoint\",\"urlTemplate\":\"https:\\\/\\\/phytstore.com\\\/en\\\/?s={search_term_string}\"},\"query-input\":{\"@type\":\"PropertyValueSpecification\",\"valueRequired\":true,\"valueName\":\"search_term_string\"}}],\"inLanguage\":\"en-CA\"},{\"@type\":\"Organization\",\"@id\":\"https:\\\/\\\/phytstore.com\\\/en\\\/#organization\",\"name\":\"Phyt's\",\"url\":\"https:\\\/\\\/phytstore.com\\\/en\\\/\",\"logo\":{\"@type\":\"ImageObject\",\"inLanguage\":\"en-CA\",\"@id\":\"https:\\\/\\\/phytstore.com\\\/en\\\/#\\\/schema\\\/logo\\\/image\\\/\",\"url\":\"https:\\\/\\\/phytstore.com\\\/wp-content\\\/uploads\\\/2020\\\/03\\\/logo-phyts-e1585168986207.png\",\"contentUrl\":\"https:\\\/\\\/phytstore.com\\\/wp-content\\\/uploads\\\/2020\\\/03\\\/logo-phyts-e1585168986207.png\",\"width\":200,\"height\":72,\"caption\":\"Phyt's\"},\"image\":{\"@id\":\"https:\\\/\\\/phytstore.com\\\/en\\\/#\\\/schema\\\/logo\\\/image\\\/\"},\"sameAs\":[\"https:\\\/\\\/www.facebook.com\\\/CJMBCosmetiques\\\/?ref=aymt_homepage_panel\",\"https:\\\/\\\/www.instagram.com\\\/phyts_canada\\\/\",\"https:\\\/\\\/www.linkedin.com\\\/company\\\/3337211\\\/admin\\\/\",\"https:\\\/\\\/www.youtube.com\\\/channel\\\/UCEkP009p4XTU5lXjLkaKptA\"]}]}<\/script>\n<!-- \/ Yoast SEO plugin. -->","yoast_head_json":{"title":"Organic solid face cream: a natural and sustainable moisturizer","description":"Discover our organic solid face cream, a natural and eco-friendly solution for soft and nourished skin!","robots":{"index":"index","follow":"follow","max-snippet":"max-snippet:-1","max-image-preview":"max-image-preview:large","max-video-preview":"max-video-preview:-1"},"canonical":"https:\/\/phytstore.com\/en\/product\/solid-hydrating-face-cream\/","og_locale":"en_US","og_type":"article","og_title":"Organic solid face cream: a natural and sustainable moisturizer","og_description":"Discover our organic solid face cream, a natural and eco-friendly solution for soft and nourished skin!","og_url":"https:\/\/phytstore.com\/en\/product\/solid-hydrating-face-cream\/","og_site_name":"PHYT&#039;S","article_publisher":"https:\/\/www.facebook.com\/CJMBCosmetiques\/?ref=aymt_homepage_panel","article_modified_time":"2024-04-18T18:53:31+00:00","og_image":[{"width":1772,"height":1772,"url":"https:\/\/phytstore.com\/wp-content\/uploads\/2022\/06\/Creme-Hydratante-Solide-avec-etui-HD.jpg","type":"image\/jpeg"}],"twitter_card":"summary_large_image","twitter_misc":{"Est. reading time":"2 minutes"},"schema":{"@context":"https:\/\/schema.org","@graph":[{"@type":"WebPage","@id":"https:\/\/phytstore.com\/en\/product\/solid-hydrating-face-cream\/","url":"https:\/\/phytstore.com\/en\/product\/solid-hydrating-face-cream\/","name":"Organic solid face cream: a natural and sustainable moisturizer","isPartOf":{"@id":"https:\/\/phytstore.com\/en\/#website"},"primaryImageOfPage":{"@id":"https:\/\/phytstore.com\/en\/product\/solid-hydrating-face-cream\/#primaryimage"},"image":{"@id":"https:\/\/phytstore.com\/en\/product\/solid-hydrating-face-cream\/#primaryimage"},"thumbnailUrl":"https:\/\/phytstore.com\/wp-content\/uploads\/2022\/06\/Creme-Hydratante-Solide-avec-etui-HD.jpg","datePublished":"2022-06-03T19:33:57+00:00","dateModified":"2024-04-18T18:53:31+00:00","description":"Discover our organic solid face cream, a natural and eco-friendly solution for soft and nourished skin!","breadcrumb":{"@id":"https:\/\/phytstore.com\/en\/product\/solid-hydrating-face-cream\/#breadcrumb"},"inLanguage":"en-CA","potentialAction":[{"@type":"ReadAction","target":["https:\/\/phytstore.com\/en\/product\/solid-hydrating-face-cream\/"]}]},{"@type":"ImageObject","inLanguage":"en-CA","@id":"https:\/\/phytstore.com\/en\/product\/solid-hydrating-face-cream\/#primaryimage","url":"https:\/\/phytstore.com\/wp-content\/uploads\/2022\/06\/Creme-Hydratante-Solide-avec-etui-HD.jpg","contentUrl":"https:\/\/phytstore.com\/wp-content\/uploads\/2022\/06\/Creme-Hydratante-Solide-avec-etui-HD.jpg","width":1772,"height":1772},{"@type":"BreadcrumbList","@id":"https:\/\/phytstore.com\/en\/product\/solid-hydrating-face-cream\/#breadcrumb","itemListElement":[{"@type":"ListItem","position":1,"name":"Home","item":"https:\/\/phytstore.com\/en\/"},{"@type":"ListItem","position":2,"name":"Shop","item":"https:\/\/phytstore.com\/en\/shop\/"},{"@type":"ListItem","position":3,"name":"The Solids","item":"https:\/\/phytstore.com\/en\/the-solids\/"},{"@type":"ListItem","position":4,"name":"Solid Hydrating Face Cream"}]},{"@type":"WebSite","@id":"https:\/\/phytstore.com\/en\/#website","url":"https:\/\/phytstore.com\/en\/","name":"PHYT&#039;S","description":"Fabricant et distributeur de soins certifi\u00e9s bio pour instituts de beaut\u00e9, spa et esth\u00e9ticiennes","publisher":{"@id":"https:\/\/phytstore.com\/en\/#organization"},"potentialAction":[{"@type":"SearchAction","target":{"@type":"EntryPoint","urlTemplate":"https:\/\/phytstore.com\/en\/?s={search_term_string}"},"query-input":{"@type":"PropertyValueSpecification","valueRequired":true,"valueName":"search_term_string"}}],"inLanguage":"en-CA"},{"@type":"Organization","@id":"https:\/\/phytstore.com\/en\/#organization","name":"Phyt's","url":"https:\/\/phytstore.com\/en\/","logo":{"@type":"ImageObject","inLanguage":"en-CA","@id":"https:\/\/phytstore.com\/en\/#\/schema\/logo\/image\/","url":"https:\/\/phytstore.com\/wp-content\/uploads\/2020\/03\/logo-phyts-e1585168986207.png","contentUrl":"https:\/\/phytstore.com\/wp-content\/uploads\/2020\/03\/logo-phyts-e1585168986207.png","width":200,"height":72,"caption":"Phyt's"},"image":{"@id":"https:\/\/phytstore.com\/en\/#\/schema\/logo\/image\/"},"sameAs":["https:\/\/www.facebook.com\/CJMBCosmetiques\/?ref=aymt_homepage_panel","https:\/\/www.instagram.com\/phyts_canada\/","https:\/\/www.linkedin.com\/company\/3337211\/admin\/","https:\/\/www.youtube.com\/channel\/UCEkP009p4XTU5lXjLkaKptA"]}]}},"jetpack_sharing_enabled":true,"_links":{"self":[{"href":"https:\/\/phytstore.com\/en\/wp-json\/wp\/v2\/product\/6003","targetHints":{"allow":["GET"]}}],"collection":[{"href":"https:\/\/phytstore.com\/en\/wp-json\/wp\/v2\/product"}],"about":[{"href":"https:\/\/phytstore.com\/en\/wp-json\/wp\/v2\/types\/product"}],"replies":[{"embeddable":true,"href":"https:\/\/phytstore.com\/en\/wp-json\/wp\/v2\/comments?post=6003"}],"wp:featuredmedia":[{"embeddable":true,"href":"https:\/\/phytstore.com\/en\/wp-json\/wp\/v2\/media\/6001"}],"wp:attachment":[{"href":"https:\/\/phytstore.com\/en\/wp-json\/wp\/v2\/media?parent=6003"}],"wp:term":[{"taxonomy":"product_brand","embeddable":true,"href":"https:\/\/phytstore.com\/en\/wp-json\/wp\/v2\/product_brand?post=6003"},{"taxonomy":"product_cat","embeddable":true,"href":"https:\/\/phytstore.com\/en\/wp-json\/wp\/v2\/product_cat?post=6003"},{"taxonomy":"product_tag","embeddable":true,"href":"https:\/\/phytstore.com\/en\/wp-json\/wp\/v2\/product_tag?post=6003"}],"curies":[{"name":"wp","href":"https:\/\/api.w.org\/{rel}","templated":true}]}}