{"id":5996,"date":"2022-06-03T14:41:37","date_gmt":"2022-06-03T18:41:37","guid":{"rendered":"https:\/\/phytstore.com\/?post_type=product&#038;p=5996"},"modified":"2024-04-18T14:55:31","modified_gmt":"2024-04-18T18:55:31","slug":"solid-face-eyes-cleansing-milk","status":"publish","type":"product","link":"https:\/\/phytstore.com\/en\/product\/solid-face-eyes-cleansing-milk\/","title":{"rendered":"Solid Face &#038; Eyes Cleansing Milk"},"content":{"rendered":"<p>This face &amp; eyes cleansing milk, with its <strong>ultra-concentrated formula<\/strong>, cleanses and removes make-up in a single gesture. In contact with water, it turns into a light milk, and eliminates impurities, excess sebum and makeup, even waterproof. Without soap and perfume, it is even suitable for sensitive eyes and contact lenses wearers, and does not sting the eyes! And all this, without leaving a greasy film! The skin is clean and soft, and the complexion is fresh and radiant.<\/p>\n<h2><strong>Active ingredients<\/strong><\/h2>\n<p>Sunflower*, Kaolin, Illite, Candelilla, Vegetal Vitamin E<br \/>\n<em>* ingredients from Organic Farming<\/em><\/p>\n<h2>How do I use my solid face cleanser?<\/h2>\n<p>To meet the specific demands of different skin types, this <strong>solid cleanser<\/strong>\u00a0combines\u00a0<strong>effectiveness and gentleness<\/strong>, removing dirt and washing away skin impurities with ease. Its formula is innovative and rich in\u00a0<strong>Organic natural ingredients,\u00a0<\/strong>ensuring that sensitive skin is cared for without stripping away moisture.<\/p>\n<p>In the morning and evening, pass under water, massage all over your face, eyes, neck, and cleavage, then rinse with water or a <a href=\"https:\/\/phytstore.com\/en\/product\/phyts-organic-reusable-wipes\/\"><strong>PHYT\u2019S Organic reusable wipe<\/strong><\/a>. This is ideally followed by toning the skin with one of our <a href=\"https:\/\/phytstore.com\/en\/organic-skin-care\/organic-face-lotion-toners\/\"><strong>Toners<\/strong><\/a>, then applying the <a href=\"https:\/\/phytstore.com\/en\/product\/solid-hydrating-face-cream\/\"><strong>Solid Hydrating Face Cream<\/strong><\/a>. For optimal effectiveness, adopt these simple gestures:<\/p>\n<ul>\n<li><strong>Circular movements<\/strong>: Promote an even application of solid cosmetics over the entire face, effectively cleansing and unclogging pores.<\/li>\n<li><strong>Gentle rinsing<\/strong>: Preserves the natural balance of the skin, preventing the feeling of tightness and maintaining soft skin.<\/li>\n<\/ul>\n<p>Our <strong><a href=\"https:\/\/phytstore.com\/en\/the-solids\/\">solid cosmetics<\/a><\/strong> stand out thanks to their concentrated solid formula. Without <strong>excess sebum<\/strong>\u00a0or\u00a0<strong>impurities<\/strong>, your skin stays clear and soft. A solid format and practical for traveling, this portable product fits easily into your daily beauty routine.<\/p>\n<h2>Why use a solid face cleanser?<\/h2>\n<p>Opting for a solid soap bar offers many advantages, for both your skin and the environment. These natural skin care products, designed with\u00a0<strong>respect for nature and the environment<\/strong>, will be the new ally to your beauty routine. They are suitable for all skin types, from dry skin to oily skin, and a respectful alternative to your traditional cleanser. Thanks to their ingredients of natural origin, our solid face cleanser guarantees\u00a0<strong>clear skin, a<\/strong>\u00a0<strong>feeling of softness<\/strong>, and a refreshing natural fragrance.<\/p>\n<p>PHYT\u2019S 2-in-1 Solid Cleansing Milk is an effective, eco-friendly solution for healthy, radiant skin. This portable treatment is poised to become your favourite face wash cleanser, fitting easily into your daily skin care routine.<\/p>\n","protected":false},"excerpt":{"rendered":"<p><a href=\"https:\/\/phytstore.com\/wp-content\/uploads\/2020\/07\/Bio-100-Vegan-Efficacite-10.png\"><img loading=\"lazy\" decoding=\"async\" class=\"alignnone size-full wp-image-4918\" src=\"https:\/\/phytstore.com\/wp-content\/uploads\/2020\/07\/Bio-100-Vegan-Efficacite-10.png\" alt=\"\" width=\"274\" height=\"53\" \/><\/a><\/p>\n<p>Gentle cleanser &amp; make-up remover<\/p>\n<p><strong>Skin type :<\/strong> All skin types (even sensitive eyes &amp; waterproof make-up)<br \/>\n<strong>Expectations :<\/strong> Cleanses, removes make-up, softens, refreshes<br \/>\n<strong>Presentation :<\/strong> 48 ml<\/p>\n","protected":false},"featured_media":6031,"comment_status":"open","ping_status":"closed","template":"","meta":{"_acf_changed":false,"inline_featured_image":false},"product_brand":[],"product_cat":[96,119,247,253,367],"product_tag":[],"class_list":{"0":"post-5996","1":"product","2":"type-product","3":"status-publish","4":"has-post-thumbnail","6":"product_cat-soins-nettoyants-en","7":"product_cat-promotions-en","8":"product_cat-eye-make-up-removers","9":"product_cat-cleansers-en","10":"product_cat-the-solids","12":"first","13":"instock","14":"sale","15":"taxable","16":"shipping-taxable","17":"purchasable","18":"product-type-simple"},"acf":[],"yoast_head":"<!-- This site is optimized with the Yoast SEO plugin v27.1.1 - https:\/\/yoast.com\/product\/yoast-seo-wordpress\/ -->\n<title>Organic 2-in-1 Solid Face Cleaner | PHYT&#039;S<\/title>\n<meta name=\"description\" content=\"Opt for PHYT\u2019S solid face cleanser, the ideal choice for a healthy beauty routine, enriched with natural ingredients that respect the environment.\" \/>\n<meta name=\"robots\" content=\"index, follow, max-snippet:-1, max-image-preview:large, max-video-preview:-1\" \/>\n<link rel=\"canonical\" href=\"https:\/\/phytstore.com\/en\/product\/solid-face-eyes-cleansing-milk\/\" \/>\n<meta property=\"og:locale\" content=\"en_US\" \/>\n<meta property=\"og:type\" content=\"article\" \/>\n<meta property=\"og:title\" content=\"Organic 2-in-1 Solid Face Cleaner | PHYT&#039;S\" \/>\n<meta property=\"og:description\" content=\"Opt for PHYT\u2019S solid face cleanser, the ideal choice for a healthy beauty routine, enriched with natural ingredients that respect the environment.\" \/>\n<meta property=\"og:url\" content=\"https:\/\/phytstore.com\/en\/product\/solid-face-eyes-cleansing-milk\/\" \/>\n<meta property=\"og:site_name\" content=\"PHYT&#039;S\" \/>\n<meta property=\"article:publisher\" content=\"https:\/\/www.facebook.com\/CJMBCosmetiques\/?ref=aymt_homepage_panel\" \/>\n<meta property=\"article:modified_time\" content=\"2024-04-18T18:55:31+00:00\" \/>\n<meta property=\"og:image\" content=\"https:\/\/phytstore.com\/wp-content\/uploads\/2022\/06\/Lait-Nettoyant-2-en-1-Solide-avec-etui-HD.jpg\" \/>\n\t<meta property=\"og:image:width\" content=\"1772\" \/>\n\t<meta property=\"og:image:height\" content=\"1772\" \/>\n\t<meta property=\"og:image:type\" content=\"image\/jpeg\" \/>\n<meta name=\"twitter:card\" content=\"summary_large_image\" \/>\n<meta name=\"twitter:label1\" content=\"Est. reading time\" \/>\n\t<meta name=\"twitter:data1\" content=\"3 minutes\" \/>\n<script type=\"application\/ld+json\" class=\"yoast-schema-graph\">{\"@context\":\"https:\/\/schema.org\",\"@graph\":[{\"@type\":\"WebPage\",\"@id\":\"https:\/\/phytstore.com\/en\/product\/solid-face-eyes-cleansing-milk\/\",\"url\":\"https:\/\/phytstore.com\/en\/product\/solid-face-eyes-cleansing-milk\/\",\"name\":\"Organic 2-in-1 Solid Face Cleaner | PHYT'S\",\"isPartOf\":{\"@id\":\"https:\/\/phytstore.com\/en\/#website\"},\"primaryImageOfPage\":{\"@id\":\"https:\/\/phytstore.com\/en\/product\/solid-face-eyes-cleansing-milk\/#primaryimage\"},\"image\":{\"@id\":\"https:\/\/phytstore.com\/en\/product\/solid-face-eyes-cleansing-milk\/#primaryimage\"},\"thumbnailUrl\":\"https:\/\/phytstore.com\/wp-content\/uploads\/2022\/06\/Lait-Nettoyant-2-en-1-Solide-avec-etui-HD.jpg\",\"datePublished\":\"2022-06-03T18:41:37+00:00\",\"dateModified\":\"2024-04-18T18:55:31+00:00\",\"description\":\"Opt for PHYT\u2019S solid face cleanser, the ideal choice for a healthy beauty routine, enriched with natural ingredients that respect the environment.\",\"breadcrumb\":{\"@id\":\"https:\/\/phytstore.com\/en\/product\/solid-face-eyes-cleansing-milk\/#breadcrumb\"},\"inLanguage\":\"en-CA\",\"potentialAction\":[{\"@type\":\"ReadAction\",\"target\":[\"https:\/\/phytstore.com\/en\/product\/solid-face-eyes-cleansing-milk\/\"]}]},{\"@type\":\"ImageObject\",\"inLanguage\":\"en-CA\",\"@id\":\"https:\/\/phytstore.com\/en\/product\/solid-face-eyes-cleansing-milk\/#primaryimage\",\"url\":\"https:\/\/phytstore.com\/wp-content\/uploads\/2022\/06\/Lait-Nettoyant-2-en-1-Solide-avec-etui-HD.jpg\",\"contentUrl\":\"https:\/\/phytstore.com\/wp-content\/uploads\/2022\/06\/Lait-Nettoyant-2-en-1-Solide-avec-etui-HD.jpg\",\"width\":1772,\"height\":1772,\"caption\":\"Solid face cleanser\"},{\"@type\":\"BreadcrumbList\",\"@id\":\"https:\/\/phytstore.com\/en\/product\/solid-face-eyes-cleansing-milk\/#breadcrumb\",\"itemListElement\":[{\"@type\":\"ListItem\",\"position\":1,\"name\":\"Home\",\"item\":\"https:\/\/phytstore.com\/en\/\"},{\"@type\":\"ListItem\",\"position\":2,\"name\":\"Shop\",\"item\":\"https:\/\/phytstore.com\/en\/shop\/\"},{\"@type\":\"ListItem\",\"position\":3,\"name\":\"The Solids\",\"item\":\"https:\/\/phytstore.com\/en\/the-solids\/\"},{\"@type\":\"ListItem\",\"position\":4,\"name\":\"Solid Face &#038; Eyes Cleansing Milk\"}]},{\"@type\":\"WebSite\",\"@id\":\"https:\/\/phytstore.com\/en\/#website\",\"url\":\"https:\/\/phytstore.com\/en\/\",\"name\":\"PHYT&#039;S\",\"description\":\"Fabricant et distributeur de soins certifi\u00e9s bio pour instituts de beaut\u00e9, spa et esth\u00e9ticiennes\",\"publisher\":{\"@id\":\"https:\/\/phytstore.com\/en\/#organization\"},\"potentialAction\":[{\"@type\":\"SearchAction\",\"target\":{\"@type\":\"EntryPoint\",\"urlTemplate\":\"https:\/\/phytstore.com\/en\/?s={search_term_string}\"},\"query-input\":{\"@type\":\"PropertyValueSpecification\",\"valueRequired\":true,\"valueName\":\"search_term_string\"}}],\"inLanguage\":\"en-CA\"},{\"@type\":\"Organization\",\"@id\":\"https:\/\/phytstore.com\/en\/#organization\",\"name\":\"Phyt's\",\"url\":\"https:\/\/phytstore.com\/en\/\",\"logo\":{\"@type\":\"ImageObject\",\"inLanguage\":\"en-CA\",\"@id\":\"https:\/\/phytstore.com\/en\/#\/schema\/logo\/image\/\",\"url\":\"https:\/\/phytstore.com\/wp-content\/uploads\/2020\/03\/logo-phyts-e1585168986207.png\",\"contentUrl\":\"https:\/\/phytstore.com\/wp-content\/uploads\/2020\/03\/logo-phyts-e1585168986207.png\",\"width\":200,\"height\":72,\"caption\":\"Phyt's\"},\"image\":{\"@id\":\"https:\/\/phytstore.com\/en\/#\/schema\/logo\/image\/\"},\"sameAs\":[\"https:\/\/www.facebook.com\/CJMBCosmetiques\/?ref=aymt_homepage_panel\",\"https:\/\/www.instagram.com\/phyts_canada\/\",\"https:\/\/www.linkedin.com\/company\/3337211\/admin\/\",\"https:\/\/www.youtube.com\/channel\/UCEkP009p4XTU5lXjLkaKptA\"]}]}<\/script>\n<!-- \/ Yoast SEO plugin. -->","yoast_head_json":{"title":"Organic 2-in-1 Solid Face Cleaner | PHYT'S","description":"Opt for PHYT\u2019S solid face cleanser, the ideal choice for a healthy beauty routine, enriched with natural ingredients that respect the environment.","robots":{"index":"index","follow":"follow","max-snippet":"max-snippet:-1","max-image-preview":"max-image-preview:large","max-video-preview":"max-video-preview:-1"},"canonical":"https:\/\/phytstore.com\/en\/product\/solid-face-eyes-cleansing-milk\/","og_locale":"en_US","og_type":"article","og_title":"Organic 2-in-1 Solid Face Cleaner | PHYT'S","og_description":"Opt for PHYT\u2019S solid face cleanser, the ideal choice for a healthy beauty routine, enriched with natural ingredients that respect the environment.","og_url":"https:\/\/phytstore.com\/en\/product\/solid-face-eyes-cleansing-milk\/","og_site_name":"PHYT&#039;S","article_publisher":"https:\/\/www.facebook.com\/CJMBCosmetiques\/?ref=aymt_homepage_panel","article_modified_time":"2024-04-18T18:55:31+00:00","og_image":[{"width":1772,"height":1772,"url":"https:\/\/phytstore.com\/wp-content\/uploads\/2022\/06\/Lait-Nettoyant-2-en-1-Solide-avec-etui-HD.jpg","type":"image\/jpeg"}],"twitter_card":"summary_large_image","twitter_misc":{"Est. reading time":"3 minutes"},"schema":{"@context":"https:\/\/schema.org","@graph":[{"@type":"WebPage","@id":"https:\/\/phytstore.com\/en\/product\/solid-face-eyes-cleansing-milk\/","url":"https:\/\/phytstore.com\/en\/product\/solid-face-eyes-cleansing-milk\/","name":"Organic 2-in-1 Solid Face Cleaner | PHYT'S","isPartOf":{"@id":"https:\/\/phytstore.com\/en\/#website"},"primaryImageOfPage":{"@id":"https:\/\/phytstore.com\/en\/product\/solid-face-eyes-cleansing-milk\/#primaryimage"},"image":{"@id":"https:\/\/phytstore.com\/en\/product\/solid-face-eyes-cleansing-milk\/#primaryimage"},"thumbnailUrl":"https:\/\/phytstore.com\/wp-content\/uploads\/2022\/06\/Lait-Nettoyant-2-en-1-Solide-avec-etui-HD.jpg","datePublished":"2022-06-03T18:41:37+00:00","dateModified":"2024-04-18T18:55:31+00:00","description":"Opt for PHYT\u2019S solid face cleanser, the ideal choice for a healthy beauty routine, enriched with natural ingredients that respect the environment.","breadcrumb":{"@id":"https:\/\/phytstore.com\/en\/product\/solid-face-eyes-cleansing-milk\/#breadcrumb"},"inLanguage":"en-CA","potentialAction":[{"@type":"ReadAction","target":["https:\/\/phytstore.com\/en\/product\/solid-face-eyes-cleansing-milk\/"]}]},{"@type":"ImageObject","inLanguage":"en-CA","@id":"https:\/\/phytstore.com\/en\/product\/solid-face-eyes-cleansing-milk\/#primaryimage","url":"https:\/\/phytstore.com\/wp-content\/uploads\/2022\/06\/Lait-Nettoyant-2-en-1-Solide-avec-etui-HD.jpg","contentUrl":"https:\/\/phytstore.com\/wp-content\/uploads\/2022\/06\/Lait-Nettoyant-2-en-1-Solide-avec-etui-HD.jpg","width":1772,"height":1772,"caption":"Solid face cleanser"},{"@type":"BreadcrumbList","@id":"https:\/\/phytstore.com\/en\/product\/solid-face-eyes-cleansing-milk\/#breadcrumb","itemListElement":[{"@type":"ListItem","position":1,"name":"Home","item":"https:\/\/phytstore.com\/en\/"},{"@type":"ListItem","position":2,"name":"Shop","item":"https:\/\/phytstore.com\/en\/shop\/"},{"@type":"ListItem","position":3,"name":"The Solids","item":"https:\/\/phytstore.com\/en\/the-solids\/"},{"@type":"ListItem","position":4,"name":"Solid Face &#038; Eyes Cleansing Milk"}]},{"@type":"WebSite","@id":"https:\/\/phytstore.com\/en\/#website","url":"https:\/\/phytstore.com\/en\/","name":"PHYT&#039;S","description":"Fabricant et distributeur de soins certifi\u00e9s bio pour instituts de beaut\u00e9, spa et esth\u00e9ticiennes","publisher":{"@id":"https:\/\/phytstore.com\/en\/#organization"},"potentialAction":[{"@type":"SearchAction","target":{"@type":"EntryPoint","urlTemplate":"https:\/\/phytstore.com\/en\/?s={search_term_string}"},"query-input":{"@type":"PropertyValueSpecification","valueRequired":true,"valueName":"search_term_string"}}],"inLanguage":"en-CA"},{"@type":"Organization","@id":"https:\/\/phytstore.com\/en\/#organization","name":"Phyt's","url":"https:\/\/phytstore.com\/en\/","logo":{"@type":"ImageObject","inLanguage":"en-CA","@id":"https:\/\/phytstore.com\/en\/#\/schema\/logo\/image\/","url":"https:\/\/phytstore.com\/wp-content\/uploads\/2020\/03\/logo-phyts-e1585168986207.png","contentUrl":"https:\/\/phytstore.com\/wp-content\/uploads\/2020\/03\/logo-phyts-e1585168986207.png","width":200,"height":72,"caption":"Phyt's"},"image":{"@id":"https:\/\/phytstore.com\/en\/#\/schema\/logo\/image\/"},"sameAs":["https:\/\/www.facebook.com\/CJMBCosmetiques\/?ref=aymt_homepage_panel","https:\/\/www.instagram.com\/phyts_canada\/","https:\/\/www.linkedin.com\/company\/3337211\/admin\/","https:\/\/www.youtube.com\/channel\/UCEkP009p4XTU5lXjLkaKptA"]}]}},"jetpack_sharing_enabled":true,"_links":{"self":[{"href":"https:\/\/phytstore.com\/en\/wp-json\/wp\/v2\/product\/5996","targetHints":{"allow":["GET"]}}],"collection":[{"href":"https:\/\/phytstore.com\/en\/wp-json\/wp\/v2\/product"}],"about":[{"href":"https:\/\/phytstore.com\/en\/wp-json\/wp\/v2\/types\/product"}],"replies":[{"embeddable":true,"href":"https:\/\/phytstore.com\/en\/wp-json\/wp\/v2\/comments?post=5996"}],"wp:featuredmedia":[{"embeddable":true,"href":"https:\/\/phytstore.com\/en\/wp-json\/wp\/v2\/media\/6031"}],"wp:attachment":[{"href":"https:\/\/phytstore.com\/en\/wp-json\/wp\/v2\/media?parent=5996"}],"wp:term":[{"taxonomy":"product_brand","embeddable":true,"href":"https:\/\/phytstore.com\/en\/wp-json\/wp\/v2\/product_brand?post=5996"},{"taxonomy":"product_cat","embeddable":true,"href":"https:\/\/phytstore.com\/en\/wp-json\/wp\/v2\/product_cat?post=5996"},{"taxonomy":"product_tag","embeddable":true,"href":"https:\/\/phytstore.com\/en\/wp-json\/wp\/v2\/product_tag?post=5996"}],"curies":[{"name":"wp","href":"https:\/\/api.w.org\/{rel}","templated":true}]}}