{"id":5486,"date":"2021-12-21T18:06:28","date_gmt":"2021-12-21T22:06:28","guid":{"rendered":"https:\/\/phytstore.com\/?post_type=product&#038;p=5486"},"modified":"2023-04-17T14:35:44","modified_gmt":"2023-04-17T18:35:44","slug":"phyts-organic-reusable-wipes","status":"publish","type":"product","link":"https:\/\/phytstore.com\/en\/product\/phyts-organic-reusable-wipes\/","title":{"rendered":"PHYT&#8217;S Organic Reusable Wipes"},"content":{"rendered":"<pre id=\"tw-target-text\" class=\"tw-data-text tw-text-large tw-ta\" dir=\"ltr\" data-placeholder=\"Traduction\"><\/pre>\n<p><span class=\"Y2IQFc\" lang=\"en\">Made of premium quality Organic cotton and bamboo! PHYT\u2019S goes further and favors an ecological, ecoresponsible, sustainable and zero waste choice at each stage of cleansing. PHYT&#8217;S Organic Reusable Wipes allow you to remove makeup, cleanse, tone and rinse, even the eyes and the most sensitive<\/span><span class=\"Y2IQFc\" lang=\"en\"> skin. Ultra-soft, they do not irritate the skin, and without chemicals, they limit the risk of allergic reactions. They have 2 fabric sides for 2 textures :<\/span><br \/>\n<span class=\"Y2IQFc\" lang=\"en\">&#8211; One ultra-soft for the eyes and the most sensitive skin,<br \/>\n&#8211; The other more cleansing to remove impurities from the skin.<\/span><\/p>\n<p><strong>Application :<\/strong><br \/>\nMorning and evening, apply any <strong><a href=\"https:\/\/phytstore.com\/en\/organic-skin-care\/eye-make-up-remover-natural\/\">make-up remover<\/a><\/strong>, <strong><a href=\"https:\/\/phytstore.com\/en\/organic-skin-care\/natural-face-cleanser\/\">cleanser<\/a><\/strong> or <strong><a href=\"https:\/\/phytstore.com\/en\/organic-skin-care\/micellar-waters\/\">micellar water<\/a><\/strong> (eyes, face and even baby) on the wipe or directly on the skin, then remove makeup and cleanse it. Use it also to pass the <strong><a href=\"https:\/\/phytstore.com\/en\/organic-skin-care\/organic-face-lotion-toners\/\">lotion toner<\/a><\/strong> of your choice, and to rinse your products (<strong><a href=\"https:\/\/phytstore.com\/en\/organic-skin-care\/natural-face-scrubs-exfoliants\/\">exfoliants<\/a><\/strong>, <strong><a href=\"https:\/\/phytstore.com\/en\/organic-skin-care\/organic-face-mask\/\">masks<\/a><\/strong>&#8230;). Reuse as many times as needed!<\/p>\n<p><strong>Care :<\/strong><br \/>\n<span class=\"Y2IQFc\" lang=\"en\">The wipes can be hand or machine washed, then air or machine dried. It is advisable to rinse them immediately if the makeup is more stubborn. If some stains persist, an ecological solution is to soak them overnight in warm water, a little detergent and a tablespoon of sodium percarbonate (an effective natural stain remover).<\/span><\/p>\n","protected":false},"excerpt":{"rendered":"<p>Organic Cotton &amp; Bamboo, superior quality<\/p>\n<p><strong>Skin type :<\/strong> Eyes &amp; Face, even the most sensitive<br \/>\n<strong>Expectations :<\/strong> Removes make-up, cleanses, tones, rinses<br \/>\n<strong>Presentation :<\/strong> Pack of 7 wipes<\/p>\n","protected":false},"featured_media":5489,"comment_status":"open","ping_status":"closed","template":"","meta":{"_acf_changed":false,"inline_featured_image":false},"product_brand":[],"product_cat":[221,222,247,248,85,250,89,251,90,252,94,253,96,312,220],"product_tag":[],"class_list":{"0":"post-5486","1":"product","2":"type-product","3":"status-publish","4":"has-post-thumbnail","6":"product_cat-face","7":"product_cat-eyes","8":"product_cat-eye-make-up-removers","9":"product_cat-micellar-waters","10":"product_cat-phyts-men-en","11":"product_cat-scrubs-exfoliants","12":"product_cat-phyts-1er-age-en","13":"product_cat-lotion-toners","14":"product_cat-phyts-organic-make-up-en","15":"product_cat-masks","16":"product_cat-sensi-phyts-en","17":"product_cat-cleansers-en","18":"product_cat-soins-nettoyants-en","19":"product_cat-eye-care","20":"product_cat-lips","22":"first","23":"instock","24":"taxable","25":"shipping-taxable","26":"purchasable","27":"product-type-simple"},"acf":[],"yoast_head":"<!-- This site is optimized with the Yoast SEO plugin v27.4 - https:\/\/yoast.com\/product\/yoast-seo-wordpress\/ -->\n<title>PHYT&#039;S Organic Reusable Wipes - PHYT&#039;S<\/title>\n<meta name=\"description\" content=\"Organic Reusable Wipes, made of premium quality Organic cotton and bamboo!\" \/>\n<meta name=\"robots\" content=\"index, follow, max-snippet:-1, max-image-preview:large, max-video-preview:-1\" \/>\n<link rel=\"canonical\" href=\"https:\/\/phytstore.com\/en\/product\/phyts-organic-reusable-wipes\/\" \/>\n<meta property=\"og:locale\" content=\"en_US\" \/>\n<meta property=\"og:type\" content=\"article\" \/>\n<meta property=\"og:title\" content=\"PHYT&#039;S Organic Reusable Wipes - PHYT&#039;S\" \/>\n<meta property=\"og:description\" content=\"Organic Reusable Wipes, made of premium quality Organic cotton and bamboo!\" \/>\n<meta property=\"og:url\" content=\"https:\/\/phytstore.com\/en\/product\/phyts-organic-reusable-wipes\/\" \/>\n<meta property=\"og:site_name\" content=\"PHYT&#039;S\" \/>\n<meta property=\"article:publisher\" content=\"https:\/\/www.facebook.com\/CJMBCosmetiques\/?ref=aymt_homepage_panel\" \/>\n<meta property=\"article:modified_time\" content=\"2023-04-17T18:35:44+00:00\" \/>\n<meta property=\"og:image\" content=\"https:\/\/phytstore.com\/wp-content\/uploads\/2021\/12\/Lingettes-Bio-reutilisables-PHYTS.png\" \/>\n\t<meta property=\"og:image:width\" content=\"784\" \/>\n\t<meta property=\"og:image:height\" content=\"758\" \/>\n\t<meta property=\"og:image:type\" content=\"image\/png\" \/>\n<meta name=\"twitter:card\" content=\"summary_large_image\" \/>\n<meta name=\"twitter:label1\" content=\"Est. reading time\" \/>\n\t<meta name=\"twitter:data1\" content=\"2 minutes\" \/>\n<script type=\"application\/ld+json\" class=\"yoast-schema-graph\">{\"@context\":\"https:\\\/\\\/schema.org\",\"@graph\":[{\"@type\":\"WebPage\",\"@id\":\"https:\\\/\\\/phytstore.com\\\/en\\\/product\\\/phyts-organic-reusable-wipes\\\/\",\"url\":\"https:\\\/\\\/phytstore.com\\\/en\\\/product\\\/phyts-organic-reusable-wipes\\\/\",\"name\":\"PHYT'S Organic Reusable Wipes - PHYT&#039;S\",\"isPartOf\":{\"@id\":\"https:\\\/\\\/phytstore.com\\\/en\\\/#website\"},\"primaryImageOfPage\":{\"@id\":\"https:\\\/\\\/phytstore.com\\\/en\\\/product\\\/phyts-organic-reusable-wipes\\\/#primaryimage\"},\"image\":{\"@id\":\"https:\\\/\\\/phytstore.com\\\/en\\\/product\\\/phyts-organic-reusable-wipes\\\/#primaryimage\"},\"thumbnailUrl\":\"https:\\\/\\\/phytstore.com\\\/wp-content\\\/uploads\\\/2021\\\/12\\\/Lingettes-Bio-reutilisables-PHYTS.png\",\"datePublished\":\"2021-12-21T22:06:28+00:00\",\"dateModified\":\"2023-04-17T18:35:44+00:00\",\"description\":\"Organic Reusable Wipes, made of premium quality Organic cotton and bamboo!\",\"breadcrumb\":{\"@id\":\"https:\\\/\\\/phytstore.com\\\/en\\\/product\\\/phyts-organic-reusable-wipes\\\/#breadcrumb\"},\"inLanguage\":\"en-CA\",\"potentialAction\":[{\"@type\":\"ReadAction\",\"target\":[\"https:\\\/\\\/phytstore.com\\\/en\\\/product\\\/phyts-organic-reusable-wipes\\\/\"]}]},{\"@type\":\"ImageObject\",\"inLanguage\":\"en-CA\",\"@id\":\"https:\\\/\\\/phytstore.com\\\/en\\\/product\\\/phyts-organic-reusable-wipes\\\/#primaryimage\",\"url\":\"https:\\\/\\\/phytstore.com\\\/wp-content\\\/uploads\\\/2021\\\/12\\\/Lingettes-Bio-reutilisables-PHYTS.png\",\"contentUrl\":\"https:\\\/\\\/phytstore.com\\\/wp-content\\\/uploads\\\/2021\\\/12\\\/Lingettes-Bio-reutilisables-PHYTS.png\",\"width\":784,\"height\":758},{\"@type\":\"BreadcrumbList\",\"@id\":\"https:\\\/\\\/phytstore.com\\\/en\\\/product\\\/phyts-organic-reusable-wipes\\\/#breadcrumb\",\"itemListElement\":[{\"@type\":\"ListItem\",\"position\":1,\"name\":\"Home\",\"item\":\"https:\\\/\\\/phytstore.com\\\/en\\\/\"},{\"@type\":\"ListItem\",\"position\":2,\"name\":\"Shop\",\"item\":\"https:\\\/\\\/phytstore.com\\\/en\\\/shop\\\/\"},{\"@type\":\"ListItem\",\"position\":3,\"name\":\"Organic Makeup\",\"item\":\"https:\\\/\\\/phytstore.com\\\/en\\\/phyts-organic-make-up\\\/\"},{\"@type\":\"ListItem\",\"position\":4,\"name\":\"PHYT&rsquo;S Organic Reusable Wipes\"}]},{\"@type\":\"WebSite\",\"@id\":\"https:\\\/\\\/phytstore.com\\\/en\\\/#website\",\"url\":\"https:\\\/\\\/phytstore.com\\\/en\\\/\",\"name\":\"PHYT&#039;S\",\"description\":\"Fabricant et distributeur de soins certifi\u00e9s bio pour instituts de beaut\u00e9, spa et esth\u00e9ticiennes\",\"publisher\":{\"@id\":\"https:\\\/\\\/phytstore.com\\\/en\\\/#organization\"},\"potentialAction\":[{\"@type\":\"SearchAction\",\"target\":{\"@type\":\"EntryPoint\",\"urlTemplate\":\"https:\\\/\\\/phytstore.com\\\/en\\\/?s={search_term_string}\"},\"query-input\":{\"@type\":\"PropertyValueSpecification\",\"valueRequired\":true,\"valueName\":\"search_term_string\"}}],\"inLanguage\":\"en-CA\"},{\"@type\":\"Organization\",\"@id\":\"https:\\\/\\\/phytstore.com\\\/en\\\/#organization\",\"name\":\"Phyt's\",\"url\":\"https:\\\/\\\/phytstore.com\\\/en\\\/\",\"logo\":{\"@type\":\"ImageObject\",\"inLanguage\":\"en-CA\",\"@id\":\"https:\\\/\\\/phytstore.com\\\/en\\\/#\\\/schema\\\/logo\\\/image\\\/\",\"url\":\"https:\\\/\\\/phytstore.com\\\/wp-content\\\/uploads\\\/2020\\\/03\\\/logo-phyts-e1585168986207.png\",\"contentUrl\":\"https:\\\/\\\/phytstore.com\\\/wp-content\\\/uploads\\\/2020\\\/03\\\/logo-phyts-e1585168986207.png\",\"width\":200,\"height\":72,\"caption\":\"Phyt's\"},\"image\":{\"@id\":\"https:\\\/\\\/phytstore.com\\\/en\\\/#\\\/schema\\\/logo\\\/image\\\/\"},\"sameAs\":[\"https:\\\/\\\/www.facebook.com\\\/CJMBCosmetiques\\\/?ref=aymt_homepage_panel\",\"https:\\\/\\\/www.instagram.com\\\/phyts_canada\\\/\",\"https:\\\/\\\/www.linkedin.com\\\/company\\\/3337211\\\/admin\\\/\",\"https:\\\/\\\/www.youtube.com\\\/channel\\\/UCEkP009p4XTU5lXjLkaKptA\"]}]}<\/script>\n<!-- \/ Yoast SEO plugin. -->","yoast_head_json":{"title":"PHYT'S Organic Reusable Wipes - PHYT&#039;S","description":"Organic Reusable Wipes, made of premium quality Organic cotton and bamboo!","robots":{"index":"index","follow":"follow","max-snippet":"max-snippet:-1","max-image-preview":"max-image-preview:large","max-video-preview":"max-video-preview:-1"},"canonical":"https:\/\/phytstore.com\/en\/product\/phyts-organic-reusable-wipes\/","og_locale":"en_US","og_type":"article","og_title":"PHYT'S Organic Reusable Wipes - PHYT&#039;S","og_description":"Organic Reusable Wipes, made of premium quality Organic cotton and bamboo!","og_url":"https:\/\/phytstore.com\/en\/product\/phyts-organic-reusable-wipes\/","og_site_name":"PHYT&#039;S","article_publisher":"https:\/\/www.facebook.com\/CJMBCosmetiques\/?ref=aymt_homepage_panel","article_modified_time":"2023-04-17T18:35:44+00:00","og_image":[{"width":784,"height":758,"url":"https:\/\/phytstore.com\/wp-content\/uploads\/2021\/12\/Lingettes-Bio-reutilisables-PHYTS.png","type":"image\/png"}],"twitter_card":"summary_large_image","twitter_misc":{"Est. reading time":"2 minutes"},"schema":{"@context":"https:\/\/schema.org","@graph":[{"@type":"WebPage","@id":"https:\/\/phytstore.com\/en\/product\/phyts-organic-reusable-wipes\/","url":"https:\/\/phytstore.com\/en\/product\/phyts-organic-reusable-wipes\/","name":"PHYT'S Organic Reusable Wipes - PHYT&#039;S","isPartOf":{"@id":"https:\/\/phytstore.com\/en\/#website"},"primaryImageOfPage":{"@id":"https:\/\/phytstore.com\/en\/product\/phyts-organic-reusable-wipes\/#primaryimage"},"image":{"@id":"https:\/\/phytstore.com\/en\/product\/phyts-organic-reusable-wipes\/#primaryimage"},"thumbnailUrl":"https:\/\/phytstore.com\/wp-content\/uploads\/2021\/12\/Lingettes-Bio-reutilisables-PHYTS.png","datePublished":"2021-12-21T22:06:28+00:00","dateModified":"2023-04-17T18:35:44+00:00","description":"Organic Reusable Wipes, made of premium quality Organic cotton and bamboo!","breadcrumb":{"@id":"https:\/\/phytstore.com\/en\/product\/phyts-organic-reusable-wipes\/#breadcrumb"},"inLanguage":"en-CA","potentialAction":[{"@type":"ReadAction","target":["https:\/\/phytstore.com\/en\/product\/phyts-organic-reusable-wipes\/"]}]},{"@type":"ImageObject","inLanguage":"en-CA","@id":"https:\/\/phytstore.com\/en\/product\/phyts-organic-reusable-wipes\/#primaryimage","url":"https:\/\/phytstore.com\/wp-content\/uploads\/2021\/12\/Lingettes-Bio-reutilisables-PHYTS.png","contentUrl":"https:\/\/phytstore.com\/wp-content\/uploads\/2021\/12\/Lingettes-Bio-reutilisables-PHYTS.png","width":784,"height":758},{"@type":"BreadcrumbList","@id":"https:\/\/phytstore.com\/en\/product\/phyts-organic-reusable-wipes\/#breadcrumb","itemListElement":[{"@type":"ListItem","position":1,"name":"Home","item":"https:\/\/phytstore.com\/en\/"},{"@type":"ListItem","position":2,"name":"Shop","item":"https:\/\/phytstore.com\/en\/shop\/"},{"@type":"ListItem","position":3,"name":"Organic Makeup","item":"https:\/\/phytstore.com\/en\/phyts-organic-make-up\/"},{"@type":"ListItem","position":4,"name":"PHYT&rsquo;S Organic Reusable Wipes"}]},{"@type":"WebSite","@id":"https:\/\/phytstore.com\/en\/#website","url":"https:\/\/phytstore.com\/en\/","name":"PHYT&#039;S","description":"Fabricant et distributeur de soins certifi\u00e9s bio pour instituts de beaut\u00e9, spa et esth\u00e9ticiennes","publisher":{"@id":"https:\/\/phytstore.com\/en\/#organization"},"potentialAction":[{"@type":"SearchAction","target":{"@type":"EntryPoint","urlTemplate":"https:\/\/phytstore.com\/en\/?s={search_term_string}"},"query-input":{"@type":"PropertyValueSpecification","valueRequired":true,"valueName":"search_term_string"}}],"inLanguage":"en-CA"},{"@type":"Organization","@id":"https:\/\/phytstore.com\/en\/#organization","name":"Phyt's","url":"https:\/\/phytstore.com\/en\/","logo":{"@type":"ImageObject","inLanguage":"en-CA","@id":"https:\/\/phytstore.com\/en\/#\/schema\/logo\/image\/","url":"https:\/\/phytstore.com\/wp-content\/uploads\/2020\/03\/logo-phyts-e1585168986207.png","contentUrl":"https:\/\/phytstore.com\/wp-content\/uploads\/2020\/03\/logo-phyts-e1585168986207.png","width":200,"height":72,"caption":"Phyt's"},"image":{"@id":"https:\/\/phytstore.com\/en\/#\/schema\/logo\/image\/"},"sameAs":["https:\/\/www.facebook.com\/CJMBCosmetiques\/?ref=aymt_homepage_panel","https:\/\/www.instagram.com\/phyts_canada\/","https:\/\/www.linkedin.com\/company\/3337211\/admin\/","https:\/\/www.youtube.com\/channel\/UCEkP009p4XTU5lXjLkaKptA"]}]}},"jetpack_sharing_enabled":true,"_links":{"self":[{"href":"https:\/\/phytstore.com\/en\/wp-json\/wp\/v2\/product\/5486","targetHints":{"allow":["GET"]}}],"collection":[{"href":"https:\/\/phytstore.com\/en\/wp-json\/wp\/v2\/product"}],"about":[{"href":"https:\/\/phytstore.com\/en\/wp-json\/wp\/v2\/types\/product"}],"replies":[{"embeddable":true,"href":"https:\/\/phytstore.com\/en\/wp-json\/wp\/v2\/comments?post=5486"}],"wp:featuredmedia":[{"embeddable":true,"href":"https:\/\/phytstore.com\/en\/wp-json\/wp\/v2\/media\/5489"}],"wp:attachment":[{"href":"https:\/\/phytstore.com\/en\/wp-json\/wp\/v2\/media?parent=5486"}],"wp:term":[{"taxonomy":"product_brand","embeddable":true,"href":"https:\/\/phytstore.com\/en\/wp-json\/wp\/v2\/product_brand?post=5486"},{"taxonomy":"product_cat","embeddable":true,"href":"https:\/\/phytstore.com\/en\/wp-json\/wp\/v2\/product_cat?post=5486"},{"taxonomy":"product_tag","embeddable":true,"href":"https:\/\/phytstore.com\/en\/wp-json\/wp\/v2\/product_tag?post=5486"}],"curies":[{"name":"wp","href":"https:\/\/api.w.org\/{rel}","templated":true}]}}