{"id":5313,"date":"2021-11-02T14:57:47","date_gmt":"2021-11-02T18:57:47","guid":{"rendered":"https:\/\/phytstore.com\/?post_type=product&#038;p=5313"},"modified":"2024-09-11T06:44:29","modified_gmt":"2024-09-11T10:44:29","slug":"5313","status":"publish","type":"product","link":"https:\/\/phytstore.com\/en\/product\/neck-cleavage-firming-care\/","title":{"rendered":"Neck &#038; Cleavage Firming Care"},"content":{"rendered":"<p><span class=\"Y2IQFc\" lang=\"en\">Specially designed for the delicate area of \u200b\u200bthe neck and cleavage<\/span>, this Organic specific treatment improves the firmness, tone and elasticity of the skin by fighting against sagging skin. <span class=\"Y2IQFc\" lang=\"en\">Its formula, packed with powerful anti-aging and firming* ingredients, combined with massage, stimulates supporting muscles and reduces the signs of aging. <\/span><span class=\"Y2IQFc\" lang=\"en\">The skin, more toned, hydrated and nourished*, regains firmness and support, for a smooth, radiant and youthful looking neckline!<\/span><br \/>\n<em>* via hydration<\/em><\/p>\n<p><strong>Active ingredients :<\/strong><br \/>\nEvening Primrose*, Hazelnut*, Arginine, Aloe Vera*, Tara Fruit, Red Seaweed, Rainbow Seaweed, Japanese Sophora, Rosemary*, Thyme*, Lavandin*, Litsea*, Vegetal Vitamin E<br \/>\n<em>* ingredients from Organic Farming<\/em><\/p>\n<p><strong>Application :<\/strong><br \/>\nMorning and evening, after cleansing, apply all over neck and cleavage, with light upward pressions (from the bust to the chin). Lightly pinch the skin to increase the firming action, until complete absorption.<br \/>\n<strong>Tips :<\/strong> For best results, first apply the <strong><a href=\"https:\/\/phytstore.com\/en\/product\/multi-vita-serum\/\">Multi-Vita Serum<\/a>\u00a0<\/strong>underneath it. In addition, once or twice a week, exfoliate the skin then complete with the <strong><a href=\"https:\/\/phytstore.com\/en\/product\/anti-wrinkle-firmness-mask\/\">Anti-Wrinkle Firmness Mask<\/a><\/strong>.<\/p>\n","protected":false},"excerpt":{"rendered":"<p><img loading=\"lazy\" decoding=\"async\" class=\"alignnone size-full wp-image-5312\" src=\"https:\/\/phytstore.com\/wp-content\/uploads\/2021\/11\/Bio-100-Vegan-Efficacite.png\" alt=\"\" width=\"274\" height=\"53\" srcset=\"https:\/\/phytstore.com\/wp-content\/uploads\/2021\/11\/Bio-100-Vegan-Efficacite.png 274w, https:\/\/phytstore.com\/wp-content\/uploads\/2021\/11\/Bio-100-Vegan-Efficacite-150x29.png 150w\" sizes=\"auto, (max-width: 274px) 100vw, 274px\" \/><\/p>\n<p>Anti-Aging &amp; Firmness<\/p>\n<p><strong>Skin type : <\/strong>All skin types<b><br \/>\n<strong>Expectations : <\/strong><\/b>Firms*, regenerates*, lifts, smoothes<b><br \/>\n<strong>Presentation :\u00a0<\/strong><\/b>50 ml pump-bottle<\/p>\n","protected":false},"featured_media":10555,"comment_status":"open","ping_status":"closed","template":"","meta":{"_acf_changed":false,"inline_featured_image":false},"product_brand":[],"product_cat":[238,255,80,200,204,235,237],"product_tag":[],"class_list":{"0":"post-5313","1":"product","2":"type-product","3":"status-publish","4":"has-post-thumbnail","6":"product_cat-wrinkles-skin-aging","7":"product_cat-targeted-care-en","8":"product_cat-anti-age-aromalliance-en","9":"product_cat-lack-of-firmness","10":"product_cat-bust-cleavage","11":"product_cat-lack-of-firmness-en","12":"product_cat-first-signs-of-aging","14":"first","15":"instock","16":"taxable","17":"shipping-taxable","18":"purchasable","19":"product-type-simple"},"acf":[],"yoast_head":"<!-- This site is optimized with the Yoast SEO plugin v27.4 - https:\/\/yoast.com\/product\/yoast-seo-wordpress\/ -->\n<title>Neck &amp; Cleavage Firming Care: for Youthful &amp; Toned Skin - PHYT&#039;S<\/title>\n<meta name=\"description\" content=\"Enhance the firmness and smoothness of your neck and cleavage with PHYT&#039;S Organic firming care, designed to target signs of aging in delicate areas for women.\" \/>\n<meta name=\"robots\" content=\"index, follow, max-snippet:-1, max-image-preview:large, max-video-preview:-1\" \/>\n<link rel=\"canonical\" href=\"https:\/\/phytstore.com\/en\/product\/neck-cleavage-firming-care\/\" \/>\n<meta property=\"og:locale\" content=\"en_US\" \/>\n<meta property=\"og:type\" content=\"article\" \/>\n<meta property=\"og:title\" content=\"Neck &amp; Cleavage Firming Care: for Youthful &amp; Toned Skin - PHYT&#039;S\" \/>\n<meta property=\"og:description\" content=\"Enhance the firmness and smoothness of your neck and cleavage with PHYT&#039;S Organic firming care, designed to target signs of aging in delicate areas for women.\" \/>\n<meta property=\"og:url\" content=\"https:\/\/phytstore.com\/en\/product\/neck-cleavage-firming-care\/\" \/>\n<meta property=\"og:site_name\" content=\"PHYT&#039;S\" \/>\n<meta property=\"article:publisher\" content=\"https:\/\/www.facebook.com\/CJMBCosmetiques\/?ref=aymt_homepage_panel\" \/>\n<meta property=\"article:modified_time\" content=\"2024-09-11T10:44:29+00:00\" \/>\n<meta property=\"og:image\" content=\"https:\/\/phytstore.com\/wp-content\/uploads\/2021\/11\/SOIN-RAFFERMISSANT-COU.jpg\" \/>\n\t<meta property=\"og:image:width\" content=\"900\" \/>\n\t<meta property=\"og:image:height\" content=\"900\" \/>\n\t<meta property=\"og:image:type\" content=\"image\/jpeg\" \/>\n<meta name=\"twitter:card\" content=\"summary_large_image\" \/>\n<meta name=\"twitter:label1\" content=\"Est. reading time\" \/>\n\t<meta name=\"twitter:data1\" content=\"2 minutes\" \/>\n<script type=\"application\/ld+json\" class=\"yoast-schema-graph\">{\"@context\":\"https:\\\/\\\/schema.org\",\"@graph\":[{\"@type\":\"WebPage\",\"@id\":\"https:\\\/\\\/phytstore.com\\\/en\\\/product\\\/neck-cleavage-firming-care\\\/\",\"url\":\"https:\\\/\\\/phytstore.com\\\/en\\\/product\\\/neck-cleavage-firming-care\\\/\",\"name\":\"Neck & Cleavage Firming Care: for Youthful & Toned Skin - PHYT'S\",\"isPartOf\":{\"@id\":\"https:\\\/\\\/phytstore.com\\\/en\\\/#website\"},\"primaryImageOfPage\":{\"@id\":\"https:\\\/\\\/phytstore.com\\\/en\\\/product\\\/neck-cleavage-firming-care\\\/#primaryimage\"},\"image\":{\"@id\":\"https:\\\/\\\/phytstore.com\\\/en\\\/product\\\/neck-cleavage-firming-care\\\/#primaryimage\"},\"thumbnailUrl\":\"https:\\\/\\\/phytstore.com\\\/wp-content\\\/uploads\\\/2021\\\/11\\\/SOIN-RAFFERMISSANT-COU.jpg\",\"datePublished\":\"2021-11-02T18:57:47+00:00\",\"dateModified\":\"2024-09-11T10:44:29+00:00\",\"description\":\"Enhance the firmness and smoothness of your neck and cleavage with PHYT'S Organic firming care, designed to target signs of aging in delicate areas for women.\",\"breadcrumb\":{\"@id\":\"https:\\\/\\\/phytstore.com\\\/en\\\/product\\\/neck-cleavage-firming-care\\\/#breadcrumb\"},\"inLanguage\":\"en-CA\",\"potentialAction\":[{\"@type\":\"ReadAction\",\"target\":[\"https:\\\/\\\/phytstore.com\\\/en\\\/product\\\/neck-cleavage-firming-care\\\/\"]}]},{\"@type\":\"ImageObject\",\"inLanguage\":\"en-CA\",\"@id\":\"https:\\\/\\\/phytstore.com\\\/en\\\/product\\\/neck-cleavage-firming-care\\\/#primaryimage\",\"url\":\"https:\\\/\\\/phytstore.com\\\/wp-content\\\/uploads\\\/2021\\\/11\\\/SOIN-RAFFERMISSANT-COU.jpg\",\"contentUrl\":\"https:\\\/\\\/phytstore.com\\\/wp-content\\\/uploads\\\/2021\\\/11\\\/SOIN-RAFFERMISSANT-COU.jpg\",\"width\":900,\"height\":900},{\"@type\":\"BreadcrumbList\",\"@id\":\"https:\\\/\\\/phytstore.com\\\/en\\\/product\\\/neck-cleavage-firming-care\\\/#breadcrumb\",\"itemListElement\":[{\"@type\":\"ListItem\",\"position\":1,\"name\":\"Home\",\"item\":\"https:\\\/\\\/phytstore.com\\\/en\\\/\"},{\"@type\":\"ListItem\",\"position\":2,\"name\":\"Shop\",\"item\":\"https:\\\/\\\/phytstore.com\\\/en\\\/shop\\\/\"},{\"@type\":\"ListItem\",\"position\":3,\"name\":\"Body\",\"item\":\"https:\\\/\\\/phytstore.com\\\/en\\\/organic-body-care\\\/\"},{\"@type\":\"ListItem\",\"position\":4,\"name\":\"Lack of Firmness\",\"item\":\"https:\\\/\\\/phytstore.com\\\/en\\\/organic-body-care\\\/lack-of-firmness\\\/\"},{\"@type\":\"ListItem\",\"position\":5,\"name\":\"Neck &#038; Cleavage Firming Care\"}]},{\"@type\":\"WebSite\",\"@id\":\"https:\\\/\\\/phytstore.com\\\/en\\\/#website\",\"url\":\"https:\\\/\\\/phytstore.com\\\/en\\\/\",\"name\":\"PHYT&#039;S\",\"description\":\"Fabricant et distributeur de soins certifi\u00e9s bio pour instituts de beaut\u00e9, spa et esth\u00e9ticiennes\",\"publisher\":{\"@id\":\"https:\\\/\\\/phytstore.com\\\/en\\\/#organization\"},\"potentialAction\":[{\"@type\":\"SearchAction\",\"target\":{\"@type\":\"EntryPoint\",\"urlTemplate\":\"https:\\\/\\\/phytstore.com\\\/en\\\/?s={search_term_string}\"},\"query-input\":{\"@type\":\"PropertyValueSpecification\",\"valueRequired\":true,\"valueName\":\"search_term_string\"}}],\"inLanguage\":\"en-CA\"},{\"@type\":\"Organization\",\"@id\":\"https:\\\/\\\/phytstore.com\\\/en\\\/#organization\",\"name\":\"Phyt's\",\"url\":\"https:\\\/\\\/phytstore.com\\\/en\\\/\",\"logo\":{\"@type\":\"ImageObject\",\"inLanguage\":\"en-CA\",\"@id\":\"https:\\\/\\\/phytstore.com\\\/en\\\/#\\\/schema\\\/logo\\\/image\\\/\",\"url\":\"https:\\\/\\\/phytstore.com\\\/wp-content\\\/uploads\\\/2020\\\/03\\\/logo-phyts-e1585168986207.png\",\"contentUrl\":\"https:\\\/\\\/phytstore.com\\\/wp-content\\\/uploads\\\/2020\\\/03\\\/logo-phyts-e1585168986207.png\",\"width\":200,\"height\":72,\"caption\":\"Phyt's\"},\"image\":{\"@id\":\"https:\\\/\\\/phytstore.com\\\/en\\\/#\\\/schema\\\/logo\\\/image\\\/\"},\"sameAs\":[\"https:\\\/\\\/www.facebook.com\\\/CJMBCosmetiques\\\/?ref=aymt_homepage_panel\",\"https:\\\/\\\/www.instagram.com\\\/phyts_canada\\\/\",\"https:\\\/\\\/www.linkedin.com\\\/company\\\/3337211\\\/admin\\\/\",\"https:\\\/\\\/www.youtube.com\\\/channel\\\/UCEkP009p4XTU5lXjLkaKptA\"]}]}<\/script>\n<!-- \/ Yoast SEO plugin. -->","yoast_head_json":{"title":"Neck & Cleavage Firming Care: for Youthful & Toned Skin - PHYT'S","description":"Enhance the firmness and smoothness of your neck and cleavage with PHYT'S Organic firming care, designed to target signs of aging in delicate areas for women.","robots":{"index":"index","follow":"follow","max-snippet":"max-snippet:-1","max-image-preview":"max-image-preview:large","max-video-preview":"max-video-preview:-1"},"canonical":"https:\/\/phytstore.com\/en\/product\/neck-cleavage-firming-care\/","og_locale":"en_US","og_type":"article","og_title":"Neck & Cleavage Firming Care: for Youthful & Toned Skin - PHYT'S","og_description":"Enhance the firmness and smoothness of your neck and cleavage with PHYT'S Organic firming care, designed to target signs of aging in delicate areas for women.","og_url":"https:\/\/phytstore.com\/en\/product\/neck-cleavage-firming-care\/","og_site_name":"PHYT&#039;S","article_publisher":"https:\/\/www.facebook.com\/CJMBCosmetiques\/?ref=aymt_homepage_panel","article_modified_time":"2024-09-11T10:44:29+00:00","og_image":[{"width":900,"height":900,"url":"https:\/\/phytstore.com\/wp-content\/uploads\/2021\/11\/SOIN-RAFFERMISSANT-COU.jpg","type":"image\/jpeg"}],"twitter_card":"summary_large_image","twitter_misc":{"Est. reading time":"2 minutes"},"schema":{"@context":"https:\/\/schema.org","@graph":[{"@type":"WebPage","@id":"https:\/\/phytstore.com\/en\/product\/neck-cleavage-firming-care\/","url":"https:\/\/phytstore.com\/en\/product\/neck-cleavage-firming-care\/","name":"Neck & Cleavage Firming Care: for Youthful & Toned Skin - PHYT'S","isPartOf":{"@id":"https:\/\/phytstore.com\/en\/#website"},"primaryImageOfPage":{"@id":"https:\/\/phytstore.com\/en\/product\/neck-cleavage-firming-care\/#primaryimage"},"image":{"@id":"https:\/\/phytstore.com\/en\/product\/neck-cleavage-firming-care\/#primaryimage"},"thumbnailUrl":"https:\/\/phytstore.com\/wp-content\/uploads\/2021\/11\/SOIN-RAFFERMISSANT-COU.jpg","datePublished":"2021-11-02T18:57:47+00:00","dateModified":"2024-09-11T10:44:29+00:00","description":"Enhance the firmness and smoothness of your neck and cleavage with PHYT'S Organic firming care, designed to target signs of aging in delicate areas for women.","breadcrumb":{"@id":"https:\/\/phytstore.com\/en\/product\/neck-cleavage-firming-care\/#breadcrumb"},"inLanguage":"en-CA","potentialAction":[{"@type":"ReadAction","target":["https:\/\/phytstore.com\/en\/product\/neck-cleavage-firming-care\/"]}]},{"@type":"ImageObject","inLanguage":"en-CA","@id":"https:\/\/phytstore.com\/en\/product\/neck-cleavage-firming-care\/#primaryimage","url":"https:\/\/phytstore.com\/wp-content\/uploads\/2021\/11\/SOIN-RAFFERMISSANT-COU.jpg","contentUrl":"https:\/\/phytstore.com\/wp-content\/uploads\/2021\/11\/SOIN-RAFFERMISSANT-COU.jpg","width":900,"height":900},{"@type":"BreadcrumbList","@id":"https:\/\/phytstore.com\/en\/product\/neck-cleavage-firming-care\/#breadcrumb","itemListElement":[{"@type":"ListItem","position":1,"name":"Home","item":"https:\/\/phytstore.com\/en\/"},{"@type":"ListItem","position":2,"name":"Shop","item":"https:\/\/phytstore.com\/en\/shop\/"},{"@type":"ListItem","position":3,"name":"Body","item":"https:\/\/phytstore.com\/en\/organic-body-care\/"},{"@type":"ListItem","position":4,"name":"Lack of Firmness","item":"https:\/\/phytstore.com\/en\/organic-body-care\/lack-of-firmness\/"},{"@type":"ListItem","position":5,"name":"Neck &#038; Cleavage Firming Care"}]},{"@type":"WebSite","@id":"https:\/\/phytstore.com\/en\/#website","url":"https:\/\/phytstore.com\/en\/","name":"PHYT&#039;S","description":"Fabricant et distributeur de soins certifi\u00e9s bio pour instituts de beaut\u00e9, spa et esth\u00e9ticiennes","publisher":{"@id":"https:\/\/phytstore.com\/en\/#organization"},"potentialAction":[{"@type":"SearchAction","target":{"@type":"EntryPoint","urlTemplate":"https:\/\/phytstore.com\/en\/?s={search_term_string}"},"query-input":{"@type":"PropertyValueSpecification","valueRequired":true,"valueName":"search_term_string"}}],"inLanguage":"en-CA"},{"@type":"Organization","@id":"https:\/\/phytstore.com\/en\/#organization","name":"Phyt's","url":"https:\/\/phytstore.com\/en\/","logo":{"@type":"ImageObject","inLanguage":"en-CA","@id":"https:\/\/phytstore.com\/en\/#\/schema\/logo\/image\/","url":"https:\/\/phytstore.com\/wp-content\/uploads\/2020\/03\/logo-phyts-e1585168986207.png","contentUrl":"https:\/\/phytstore.com\/wp-content\/uploads\/2020\/03\/logo-phyts-e1585168986207.png","width":200,"height":72,"caption":"Phyt's"},"image":{"@id":"https:\/\/phytstore.com\/en\/#\/schema\/logo\/image\/"},"sameAs":["https:\/\/www.facebook.com\/CJMBCosmetiques\/?ref=aymt_homepage_panel","https:\/\/www.instagram.com\/phyts_canada\/","https:\/\/www.linkedin.com\/company\/3337211\/admin\/","https:\/\/www.youtube.com\/channel\/UCEkP009p4XTU5lXjLkaKptA"]}]}},"jetpack_sharing_enabled":true,"_links":{"self":[{"href":"https:\/\/phytstore.com\/en\/wp-json\/wp\/v2\/product\/5313","targetHints":{"allow":["GET"]}}],"collection":[{"href":"https:\/\/phytstore.com\/en\/wp-json\/wp\/v2\/product"}],"about":[{"href":"https:\/\/phytstore.com\/en\/wp-json\/wp\/v2\/types\/product"}],"replies":[{"embeddable":true,"href":"https:\/\/phytstore.com\/en\/wp-json\/wp\/v2\/comments?post=5313"}],"wp:featuredmedia":[{"embeddable":true,"href":"https:\/\/phytstore.com\/en\/wp-json\/wp\/v2\/media\/10555"}],"wp:attachment":[{"href":"https:\/\/phytstore.com\/en\/wp-json\/wp\/v2\/media?parent=5313"}],"wp:term":[{"taxonomy":"product_brand","embeddable":true,"href":"https:\/\/phytstore.com\/en\/wp-json\/wp\/v2\/product_brand?post=5313"},{"taxonomy":"product_cat","embeddable":true,"href":"https:\/\/phytstore.com\/en\/wp-json\/wp\/v2\/product_cat?post=5313"},{"taxonomy":"product_tag","embeddable":true,"href":"https:\/\/phytstore.com\/en\/wp-json\/wp\/v2\/product_tag?post=5313"}],"curies":[{"name":"wp","href":"https:\/\/api.w.org\/{rel}","templated":true}]}}