{"id":5155,"date":"2021-09-20T10:23:04","date_gmt":"2021-09-20T14:56:19","guid":{"rendered":"https:\/\/phytstore.com\/?post_type=product&#038;p=5155"},"modified":"2021-09-20T10:56:19","modified_gmt":"2021-09-20T14:56:19","slug":"green-karma","status":"publish","type":"product","link":"https:\/\/phytstore.com\/en\/produit\/green-karma\/","title":{"rendered":"Green Karma"},"content":{"rendered":"<p>Wake up with this scrubbing shower gel and its fresh scent of citrus fruits and green tea! 2 in 1, this cocktail of freshness gently cleans and exfoliates thanks to the Bamboo powder and the Rice grains. Freed from dead cells and impurities, your skin is clean, smoother and softer.\u00a0<span class=\"Y2IQFc\" lang=\"en\">It then regains all its vitality, for a skin full of tone! <\/span>In addition, it is ready to receive the different body products, which can then penetrate more easily.<\/p>\n<p><strong>Active ingredients :<\/strong><br \/>\nBamboo, Rice*, Green Tea*, Aloe Vera*, Vegetal Vitamin E, Vegetal Glycerin<br \/>\n<em>* ingredients from Organic Farming<\/em><\/p>\n<p><strong>Application :<\/strong><br \/>\nOnce or twice a week, massage in the shower using circular movements. Insist on rough areas (calluses, knees, elbows\u2026). Rinse thoroughly.<br \/>\n<span lang=\"en\"><strong>Tip :<\/strong>\u00a0Use also before waxing and\/or shaving. In addition, then apply a body moisturizer.<\/span><\/p>\n","protected":false},"excerpt":{"rendered":"<p>Body Exfoliating Cleansing Gel &#8211; Bamboo powder &amp; Rice grains<\/p>\n<p><strong>Skin type :<\/strong>\u00a0All skin types<br \/>\n<strong>Expectations :<\/strong>\u00a0Exfoliates, cleanses, softens<br \/>\n<strong>Presentation :<\/strong>\u00a0200 g tube<\/p>\n","protected":false},"featured_media":5154,"comment_status":"open","ping_status":"closed","template":"","meta":{"_acf_changed":false,"inline_featured_image":false},"product_brand":[],"product_cat":[109,119,210,216],"product_tag":[],"class_list":{"0":"post-5155","1":"product","2":"type-product","3":"status-publish","4":"has-post-thumbnail","6":"product_cat-bionatural-by-phyts","7":"product_cat-promotions-en","8":"product_cat-scrubs","9":"product_cat-cleansers","11":"first","12":"outofstock","13":"sale","14":"taxable","15":"shipping-taxable","16":"purchasable","17":"product-type-simple"},"acf":[],"yoast_head":"<!-- This site is optimized with the Yoast SEO plugin v27.4 - https:\/\/yoast.com\/product\/yoast-seo-wordpress\/ -->\n<title>Green Karma - PHYT&#039;S<\/title>\n<meta name=\"robots\" content=\"index, follow, max-snippet:-1, max-image-preview:large, max-video-preview:-1\" \/>\n<link rel=\"canonical\" href=\"https:\/\/phytstore.com\/en\/produit\/green-karma\/\" \/>\n<meta property=\"og:locale\" content=\"en_US\" \/>\n<meta property=\"og:type\" content=\"article\" \/>\n<meta property=\"og:title\" content=\"Green Karma - PHYT&#039;S\" \/>\n<meta property=\"og:description\" content=\"Body Exfoliating Cleansing Gel - Bamboo powder &amp; Rice grains  Skin type :\u00a0All skin types Expectations :\u00a0Exfoliates, cleanses, softens Presentation :\u00a0200 g tube\" \/>\n<meta property=\"og:url\" content=\"https:\/\/phytstore.com\/en\/produit\/green-karma\/\" \/>\n<meta property=\"og:site_name\" content=\"PHYT&#039;S\" \/>\n<meta property=\"article:publisher\" content=\"https:\/\/www.facebook.com\/CJMBCosmetiques\/?ref=aymt_homepage_panel\" \/>\n<meta property=\"og:image\" content=\"https:\/\/phytstore.com\/wp-content\/uploads\/2021\/09\/Green-Karma.png\" \/>\n\t<meta property=\"og:image:width\" content=\"886\" \/>\n\t<meta property=\"og:image:height\" content=\"886\" \/>\n\t<meta property=\"og:image:type\" content=\"image\/png\" \/>\n<meta name=\"twitter:card\" content=\"summary_large_image\" \/>\n<meta name=\"twitter:label1\" content=\"Est. reading time\" \/>\n\t<meta name=\"twitter:data1\" content=\"1 minute\" \/>\n<script type=\"application\/ld+json\" class=\"yoast-schema-graph\">{\"@context\":\"https:\\\/\\\/schema.org\",\"@graph\":[{\"@type\":\"WebPage\",\"@id\":\"https:\\\/\\\/phytstore.com\\\/en\\\/produit\\\/green-karma\\\/\",\"url\":\"https:\\\/\\\/phytstore.com\\\/en\\\/produit\\\/green-karma\\\/\",\"name\":\"Green Karma - PHYT&#039;S\",\"isPartOf\":{\"@id\":\"https:\\\/\\\/phytstore.com\\\/en\\\/#website\"},\"primaryImageOfPage\":{\"@id\":\"https:\\\/\\\/phytstore.com\\\/en\\\/produit\\\/green-karma\\\/#primaryimage\"},\"image\":{\"@id\":\"https:\\\/\\\/phytstore.com\\\/en\\\/produit\\\/green-karma\\\/#primaryimage\"},\"thumbnailUrl\":\"https:\\\/\\\/phytstore.com\\\/wp-content\\\/uploads\\\/2021\\\/09\\\/Green-Karma.png\",\"datePublished\":\"2021-09-20T14:56:19+00:00\",\"breadcrumb\":{\"@id\":\"https:\\\/\\\/phytstore.com\\\/en\\\/produit\\\/green-karma\\\/#breadcrumb\"},\"inLanguage\":\"en-CA\",\"potentialAction\":[{\"@type\":\"ReadAction\",\"target\":[\"https:\\\/\\\/phytstore.com\\\/en\\\/produit\\\/green-karma\\\/\"]}]},{\"@type\":\"ImageObject\",\"inLanguage\":\"en-CA\",\"@id\":\"https:\\\/\\\/phytstore.com\\\/en\\\/produit\\\/green-karma\\\/#primaryimage\",\"url\":\"https:\\\/\\\/phytstore.com\\\/wp-content\\\/uploads\\\/2021\\\/09\\\/Green-Karma.png\",\"contentUrl\":\"https:\\\/\\\/phytstore.com\\\/wp-content\\\/uploads\\\/2021\\\/09\\\/Green-Karma.png\",\"width\":886,\"height\":886},{\"@type\":\"BreadcrumbList\",\"@id\":\"https:\\\/\\\/phytstore.com\\\/en\\\/produit\\\/green-karma\\\/#breadcrumb\",\"itemListElement\":[{\"@type\":\"ListItem\",\"position\":1,\"name\":\"Home\",\"item\":\"https:\\\/\\\/phytstore.com\\\/en\\\/\"},{\"@type\":\"ListItem\",\"position\":2,\"name\":\"Shop\",\"item\":\"https:\\\/\\\/phytstore.com\\\/en\\\/shop\\\/\"},{\"@type\":\"ListItem\",\"position\":3,\"name\":\"Body\",\"item\":\"https:\\\/\\\/phytstore.com\\\/en\\\/organic-body-care\\\/\"},{\"@type\":\"ListItem\",\"position\":4,\"name\":\"Natural and Organic Body Cleansers\",\"item\":\"https:\\\/\\\/phytstore.com\\\/en\\\/organic-body-care\\\/organic-cleansers\\\/\"},{\"@type\":\"ListItem\",\"position\":5,\"name\":\"Green Karma\"}]},{\"@type\":\"WebSite\",\"@id\":\"https:\\\/\\\/phytstore.com\\\/en\\\/#website\",\"url\":\"https:\\\/\\\/phytstore.com\\\/en\\\/\",\"name\":\"PHYT&#039;S\",\"description\":\"Fabricant et distributeur de soins certifi\u00e9s bio pour instituts de beaut\u00e9, spa et esth\u00e9ticiennes\",\"publisher\":{\"@id\":\"https:\\\/\\\/phytstore.com\\\/en\\\/#organization\"},\"potentialAction\":[{\"@type\":\"SearchAction\",\"target\":{\"@type\":\"EntryPoint\",\"urlTemplate\":\"https:\\\/\\\/phytstore.com\\\/en\\\/?s={search_term_string}\"},\"query-input\":{\"@type\":\"PropertyValueSpecification\",\"valueRequired\":true,\"valueName\":\"search_term_string\"}}],\"inLanguage\":\"en-CA\"},{\"@type\":\"Organization\",\"@id\":\"https:\\\/\\\/phytstore.com\\\/en\\\/#organization\",\"name\":\"Phyt's\",\"url\":\"https:\\\/\\\/phytstore.com\\\/en\\\/\",\"logo\":{\"@type\":\"ImageObject\",\"inLanguage\":\"en-CA\",\"@id\":\"https:\\\/\\\/phytstore.com\\\/en\\\/#\\\/schema\\\/logo\\\/image\\\/\",\"url\":\"https:\\\/\\\/phytstore.com\\\/wp-content\\\/uploads\\\/2020\\\/03\\\/logo-phyts-e1585168986207.png\",\"contentUrl\":\"https:\\\/\\\/phytstore.com\\\/wp-content\\\/uploads\\\/2020\\\/03\\\/logo-phyts-e1585168986207.png\",\"width\":200,\"height\":72,\"caption\":\"Phyt's\"},\"image\":{\"@id\":\"https:\\\/\\\/phytstore.com\\\/en\\\/#\\\/schema\\\/logo\\\/image\\\/\"},\"sameAs\":[\"https:\\\/\\\/www.facebook.com\\\/CJMBCosmetiques\\\/?ref=aymt_homepage_panel\",\"https:\\\/\\\/www.instagram.com\\\/phyts_canada\\\/\",\"https:\\\/\\\/www.linkedin.com\\\/company\\\/3337211\\\/admin\\\/\",\"https:\\\/\\\/www.youtube.com\\\/channel\\\/UCEkP009p4XTU5lXjLkaKptA\"]}]}<\/script>\n<!-- \/ Yoast SEO plugin. -->","yoast_head_json":{"title":"Green Karma - PHYT&#039;S","robots":{"index":"index","follow":"follow","max-snippet":"max-snippet:-1","max-image-preview":"max-image-preview:large","max-video-preview":"max-video-preview:-1"},"canonical":"https:\/\/phytstore.com\/en\/produit\/green-karma\/","og_locale":"en_US","og_type":"article","og_title":"Green Karma - PHYT&#039;S","og_description":"Body Exfoliating Cleansing Gel - Bamboo powder &amp; Rice grains  Skin type :\u00a0All skin types Expectations :\u00a0Exfoliates, cleanses, softens Presentation :\u00a0200 g tube","og_url":"https:\/\/phytstore.com\/en\/produit\/green-karma\/","og_site_name":"PHYT&#039;S","article_publisher":"https:\/\/www.facebook.com\/CJMBCosmetiques\/?ref=aymt_homepage_panel","og_image":[{"width":886,"height":886,"url":"https:\/\/phytstore.com\/wp-content\/uploads\/2021\/09\/Green-Karma.png","type":"image\/png"}],"twitter_card":"summary_large_image","twitter_misc":{"Est. reading time":"1 minute"},"schema":{"@context":"https:\/\/schema.org","@graph":[{"@type":"WebPage","@id":"https:\/\/phytstore.com\/en\/produit\/green-karma\/","url":"https:\/\/phytstore.com\/en\/produit\/green-karma\/","name":"Green Karma - PHYT&#039;S","isPartOf":{"@id":"https:\/\/phytstore.com\/en\/#website"},"primaryImageOfPage":{"@id":"https:\/\/phytstore.com\/en\/produit\/green-karma\/#primaryimage"},"image":{"@id":"https:\/\/phytstore.com\/en\/produit\/green-karma\/#primaryimage"},"thumbnailUrl":"https:\/\/phytstore.com\/wp-content\/uploads\/2021\/09\/Green-Karma.png","datePublished":"2021-09-20T14:56:19+00:00","breadcrumb":{"@id":"https:\/\/phytstore.com\/en\/produit\/green-karma\/#breadcrumb"},"inLanguage":"en-CA","potentialAction":[{"@type":"ReadAction","target":["https:\/\/phytstore.com\/en\/produit\/green-karma\/"]}]},{"@type":"ImageObject","inLanguage":"en-CA","@id":"https:\/\/phytstore.com\/en\/produit\/green-karma\/#primaryimage","url":"https:\/\/phytstore.com\/wp-content\/uploads\/2021\/09\/Green-Karma.png","contentUrl":"https:\/\/phytstore.com\/wp-content\/uploads\/2021\/09\/Green-Karma.png","width":886,"height":886},{"@type":"BreadcrumbList","@id":"https:\/\/phytstore.com\/en\/produit\/green-karma\/#breadcrumb","itemListElement":[{"@type":"ListItem","position":1,"name":"Home","item":"https:\/\/phytstore.com\/en\/"},{"@type":"ListItem","position":2,"name":"Shop","item":"https:\/\/phytstore.com\/en\/shop\/"},{"@type":"ListItem","position":3,"name":"Body","item":"https:\/\/phytstore.com\/en\/organic-body-care\/"},{"@type":"ListItem","position":4,"name":"Natural and Organic Body Cleansers","item":"https:\/\/phytstore.com\/en\/organic-body-care\/organic-cleansers\/"},{"@type":"ListItem","position":5,"name":"Green Karma"}]},{"@type":"WebSite","@id":"https:\/\/phytstore.com\/en\/#website","url":"https:\/\/phytstore.com\/en\/","name":"PHYT&#039;S","description":"Fabricant et distributeur de soins certifi\u00e9s bio pour instituts de beaut\u00e9, spa et esth\u00e9ticiennes","publisher":{"@id":"https:\/\/phytstore.com\/en\/#organization"},"potentialAction":[{"@type":"SearchAction","target":{"@type":"EntryPoint","urlTemplate":"https:\/\/phytstore.com\/en\/?s={search_term_string}"},"query-input":{"@type":"PropertyValueSpecification","valueRequired":true,"valueName":"search_term_string"}}],"inLanguage":"en-CA"},{"@type":"Organization","@id":"https:\/\/phytstore.com\/en\/#organization","name":"Phyt's","url":"https:\/\/phytstore.com\/en\/","logo":{"@type":"ImageObject","inLanguage":"en-CA","@id":"https:\/\/phytstore.com\/en\/#\/schema\/logo\/image\/","url":"https:\/\/phytstore.com\/wp-content\/uploads\/2020\/03\/logo-phyts-e1585168986207.png","contentUrl":"https:\/\/phytstore.com\/wp-content\/uploads\/2020\/03\/logo-phyts-e1585168986207.png","width":200,"height":72,"caption":"Phyt's"},"image":{"@id":"https:\/\/phytstore.com\/en\/#\/schema\/logo\/image\/"},"sameAs":["https:\/\/www.facebook.com\/CJMBCosmetiques\/?ref=aymt_homepage_panel","https:\/\/www.instagram.com\/phyts_canada\/","https:\/\/www.linkedin.com\/company\/3337211\/admin\/","https:\/\/www.youtube.com\/channel\/UCEkP009p4XTU5lXjLkaKptA"]}]}},"jetpack_sharing_enabled":true,"_links":{"self":[{"href":"https:\/\/phytstore.com\/en\/wp-json\/wp\/v2\/product\/5155","targetHints":{"allow":["GET"]}}],"collection":[{"href":"https:\/\/phytstore.com\/en\/wp-json\/wp\/v2\/product"}],"about":[{"href":"https:\/\/phytstore.com\/en\/wp-json\/wp\/v2\/types\/product"}],"replies":[{"embeddable":true,"href":"https:\/\/phytstore.com\/en\/wp-json\/wp\/v2\/comments?post=5155"}],"wp:featuredmedia":[{"embeddable":true,"href":"https:\/\/phytstore.com\/en\/wp-json\/wp\/v2\/media\/5154"}],"wp:attachment":[{"href":"https:\/\/phytstore.com\/en\/wp-json\/wp\/v2\/media?parent=5155"}],"wp:term":[{"taxonomy":"product_brand","embeddable":true,"href":"https:\/\/phytstore.com\/en\/wp-json\/wp\/v2\/product_brand?post=5155"},{"taxonomy":"product_cat","embeddable":true,"href":"https:\/\/phytstore.com\/en\/wp-json\/wp\/v2\/product_cat?post=5155"},{"taxonomy":"product_tag","embeddable":true,"href":"https:\/\/phytstore.com\/en\/wp-json\/wp\/v2\/product_tag?post=5155"}],"curies":[{"name":"wp","href":"https:\/\/api.w.org\/{rel}","templated":true}]}}