{"id":5091,"date":"2021-08-18T17:02:59","date_gmt":"2021-08-18T21:02:59","guid":{"rendered":"https:\/\/phytstore.com\/?post_type=product&#038;p=5091"},"modified":"2024-09-11T06:33:09","modified_gmt":"2024-09-11T10:33:09","slug":"shampooing-purifiant","status":"publish","type":"product","link":"https:\/\/phytstore.com\/en\/product\/purifying-shampoo\/","title":{"rendered":"Purifying Shampoo"},"content":{"rendered":"<p>This Organic gentle shampoo deeply cleanse your scalp and remove free dandruff thanks to the purifying* properties of Cade Wood. Perfectly clean, and without being weighed down, hair is soft to the touch and easy to style.<br \/>\n<em><span class=\"Y2IQFc\" lang=\"en\">* by removing dirt<\/span><\/em><\/p>\n<p><strong>Active ingredients :<\/strong><br \/>\nCade Wood*, Tea Tree*, Peppermint*, Orange*, Aloe Vera*, Gamarde Thermal Water<br \/>\n<em>* ingredients from Organic Farming<\/em><\/p>\n<p><strong>Application :<\/strong><br \/>\nApply on wet hair, lather, and rinse thoroughly.<br \/>\n<strong>Tip :<\/strong> For silky hair, then use the\u00a0<strong><a href=\"https:\/\/phytstore.com\/en\/product\/after-shampoo-conditioner\/\">After-Shampoo Conditioner<\/a><\/strong>.<\/p>\n","protected":false},"excerpt":{"rendered":"<p><a href=\"https:\/\/phytstore.com\/wp-content\/uploads\/2020\/11\/Bio-99-Vegan.png\"><img loading=\"lazy\" decoding=\"async\" class=\"alignnone size-full wp-image-5299\" src=\"https:\/\/phytstore.com\/wp-content\/uploads\/2020\/11\/Bio-99-Vegan.png\" alt=\"\" width=\"274\" height=\"47\" srcset=\"https:\/\/phytstore.com\/wp-content\/uploads\/2020\/11\/Bio-99-Vegan.png 274w, https:\/\/phytstore.com\/wp-content\/uploads\/2020\/11\/Bio-99-Vegan-150x26.png 150w\" sizes=\"auto, (max-width: 274px) 100vw, 274px\" \/><\/a><\/p>\n<p>Gentle &amp; purifying for hair with dandruff \u2013 Cade wood<\/p>\n<p><strong>Expectations :<\/strong> Purifies*, refreshes, lightens<br \/>\n<strong>Presentation :<\/strong>\u00a0500 ml bottle<\/p>\n","protected":false},"featured_media":5089,"comment_status":"open","ping_status":"closed","template":"","meta":{"_acf_changed":false,"inline_featured_image":false},"product_brand":[],"product_cat":[95,205],"product_tag":[],"class_list":{"0":"post-5091","1":"product","2":"type-product","3":"status-publish","4":"has-post-thumbnail","6":"product_cat-soins-capillaires-phyts-et-gamarde-en","7":"product_cat-hair-care","9":"first","10":"instock","11":"taxable","12":"shipping-taxable","13":"purchasable","14":"product-type-simple"},"acf":[],"yoast_head":"<!-- This site is optimized with the Yoast SEO plugin v27.1.1 - https:\/\/yoast.com\/product\/yoast-seo-wordpress\/ -->\n<title>Purifying Shampoo for Healthy &amp; Balanced Hair - PHYT&#039;S<\/title>\n<meta name=\"description\" content=\"Cleanse and revitalize your scalp with PHYT&#039;S Purifying Shampoo, made from organic ingredients to promote healthy, balanced hair and remove impurities.\" \/>\n<meta name=\"robots\" content=\"index, follow, max-snippet:-1, max-image-preview:large, max-video-preview:-1\" \/>\n<link rel=\"canonical\" href=\"https:\/\/phytstore.com\/en\/product\/purifying-shampoo\/\" \/>\n<meta property=\"og:locale\" content=\"en_US\" \/>\n<meta property=\"og:type\" content=\"article\" \/>\n<meta property=\"og:title\" content=\"Purifying Shampoo for Healthy &amp; Balanced Hair - PHYT&#039;S\" \/>\n<meta property=\"og:description\" content=\"Cleanse and revitalize your scalp with PHYT&#039;S Purifying Shampoo, made from organic ingredients to promote healthy, balanced hair and remove impurities.\" \/>\n<meta property=\"og:url\" content=\"https:\/\/phytstore.com\/en\/product\/purifying-shampoo\/\" \/>\n<meta property=\"og:site_name\" content=\"PHYT&#039;S\" \/>\n<meta property=\"article:publisher\" content=\"https:\/\/www.facebook.com\/CJMBCosmetiques\/?ref=aymt_homepage_panel\" \/>\n<meta property=\"article:modified_time\" content=\"2024-09-11T10:33:09+00:00\" \/>\n<meta property=\"og:image\" content=\"https:\/\/phytstore.com\/wp-content\/uploads\/2021\/08\/Shampooing-Purifiant-2.png\" \/>\n\t<meta property=\"og:image:width\" content=\"780\" \/>\n\t<meta property=\"og:image:height\" content=\"895\" \/>\n\t<meta property=\"og:image:type\" content=\"image\/png\" \/>\n<meta name=\"twitter:card\" content=\"summary_large_image\" \/>\n<meta name=\"twitter:label1\" content=\"Est. reading time\" \/>\n\t<meta name=\"twitter:data1\" content=\"1 minute\" \/>\n<script type=\"application\/ld+json\" class=\"yoast-schema-graph\">{\"@context\":\"https:\/\/schema.org\",\"@graph\":[{\"@type\":\"WebPage\",\"@id\":\"https:\/\/phytstore.com\/en\/product\/purifying-shampoo\/\",\"url\":\"https:\/\/phytstore.com\/en\/product\/purifying-shampoo\/\",\"name\":\"Purifying Shampoo for Healthy & Balanced Hair - PHYT'S\",\"isPartOf\":{\"@id\":\"https:\/\/phytstore.com\/en\/#website\"},\"primaryImageOfPage\":{\"@id\":\"https:\/\/phytstore.com\/en\/product\/purifying-shampoo\/#primaryimage\"},\"image\":{\"@id\":\"https:\/\/phytstore.com\/en\/product\/purifying-shampoo\/#primaryimage\"},\"thumbnailUrl\":\"https:\/\/phytstore.com\/wp-content\/uploads\/2021\/08\/Shampooing-Purifiant-2.png\",\"datePublished\":\"2021-08-18T21:02:59+00:00\",\"dateModified\":\"2024-09-11T10:33:09+00:00\",\"description\":\"Cleanse and revitalize your scalp with PHYT'S Purifying Shampoo, made from organic ingredients to promote healthy, balanced hair and remove impurities.\",\"breadcrumb\":{\"@id\":\"https:\/\/phytstore.com\/en\/product\/purifying-shampoo\/#breadcrumb\"},\"inLanguage\":\"en-CA\",\"potentialAction\":[{\"@type\":\"ReadAction\",\"target\":[\"https:\/\/phytstore.com\/en\/product\/purifying-shampoo\/\"]}]},{\"@type\":\"ImageObject\",\"inLanguage\":\"en-CA\",\"@id\":\"https:\/\/phytstore.com\/en\/product\/purifying-shampoo\/#primaryimage\",\"url\":\"https:\/\/phytstore.com\/wp-content\/uploads\/2021\/08\/Shampooing-Purifiant-2.png\",\"contentUrl\":\"https:\/\/phytstore.com\/wp-content\/uploads\/2021\/08\/Shampooing-Purifiant-2.png\",\"width\":780,\"height\":895},{\"@type\":\"BreadcrumbList\",\"@id\":\"https:\/\/phytstore.com\/en\/product\/purifying-shampoo\/#breadcrumb\",\"itemListElement\":[{\"@type\":\"ListItem\",\"position\":1,\"name\":\"Home\",\"item\":\"https:\/\/phytstore.com\/en\/\"},{\"@type\":\"ListItem\",\"position\":2,\"name\":\"Shop\",\"item\":\"https:\/\/phytstore.com\/en\/shop\/\"},{\"@type\":\"ListItem\",\"position\":3,\"name\":\"Hair Care Line\",\"item\":\"https:\/\/phytstore.com\/en\/phyts-and-gamarde-capillary-care-line\/\"},{\"@type\":\"ListItem\",\"position\":4,\"name\":\"Purifying Shampoo\"}]},{\"@type\":\"WebSite\",\"@id\":\"https:\/\/phytstore.com\/en\/#website\",\"url\":\"https:\/\/phytstore.com\/en\/\",\"name\":\"PHYT&#039;S\",\"description\":\"Fabricant et distributeur de soins certifi\u00e9s bio pour instituts de beaut\u00e9, spa et esth\u00e9ticiennes\",\"publisher\":{\"@id\":\"https:\/\/phytstore.com\/en\/#organization\"},\"potentialAction\":[{\"@type\":\"SearchAction\",\"target\":{\"@type\":\"EntryPoint\",\"urlTemplate\":\"https:\/\/phytstore.com\/en\/?s={search_term_string}\"},\"query-input\":{\"@type\":\"PropertyValueSpecification\",\"valueRequired\":true,\"valueName\":\"search_term_string\"}}],\"inLanguage\":\"en-CA\"},{\"@type\":\"Organization\",\"@id\":\"https:\/\/phytstore.com\/en\/#organization\",\"name\":\"Phyt's\",\"url\":\"https:\/\/phytstore.com\/en\/\",\"logo\":{\"@type\":\"ImageObject\",\"inLanguage\":\"en-CA\",\"@id\":\"https:\/\/phytstore.com\/en\/#\/schema\/logo\/image\/\",\"url\":\"https:\/\/phytstore.com\/wp-content\/uploads\/2020\/03\/logo-phyts-e1585168986207.png\",\"contentUrl\":\"https:\/\/phytstore.com\/wp-content\/uploads\/2020\/03\/logo-phyts-e1585168986207.png\",\"width\":200,\"height\":72,\"caption\":\"Phyt's\"},\"image\":{\"@id\":\"https:\/\/phytstore.com\/en\/#\/schema\/logo\/image\/\"},\"sameAs\":[\"https:\/\/www.facebook.com\/CJMBCosmetiques\/?ref=aymt_homepage_panel\",\"https:\/\/www.instagram.com\/phyts_canada\/\",\"https:\/\/www.linkedin.com\/company\/3337211\/admin\/\",\"https:\/\/www.youtube.com\/channel\/UCEkP009p4XTU5lXjLkaKptA\"]}]}<\/script>\n<!-- \/ Yoast SEO plugin. -->","yoast_head_json":{"title":"Purifying Shampoo for Healthy & Balanced Hair - PHYT'S","description":"Cleanse and revitalize your scalp with PHYT'S Purifying Shampoo, made from organic ingredients to promote healthy, balanced hair and remove impurities.","robots":{"index":"index","follow":"follow","max-snippet":"max-snippet:-1","max-image-preview":"max-image-preview:large","max-video-preview":"max-video-preview:-1"},"canonical":"https:\/\/phytstore.com\/en\/product\/purifying-shampoo\/","og_locale":"en_US","og_type":"article","og_title":"Purifying Shampoo for Healthy & Balanced Hair - PHYT'S","og_description":"Cleanse and revitalize your scalp with PHYT'S Purifying Shampoo, made from organic ingredients to promote healthy, balanced hair and remove impurities.","og_url":"https:\/\/phytstore.com\/en\/product\/purifying-shampoo\/","og_site_name":"PHYT&#039;S","article_publisher":"https:\/\/www.facebook.com\/CJMBCosmetiques\/?ref=aymt_homepage_panel","article_modified_time":"2024-09-11T10:33:09+00:00","og_image":[{"width":780,"height":895,"url":"https:\/\/phytstore.com\/wp-content\/uploads\/2021\/08\/Shampooing-Purifiant-2.png","type":"image\/png"}],"twitter_card":"summary_large_image","twitter_misc":{"Est. reading time":"1 minute"},"schema":{"@context":"https:\/\/schema.org","@graph":[{"@type":"WebPage","@id":"https:\/\/phytstore.com\/en\/product\/purifying-shampoo\/","url":"https:\/\/phytstore.com\/en\/product\/purifying-shampoo\/","name":"Purifying Shampoo for Healthy & Balanced Hair - PHYT'S","isPartOf":{"@id":"https:\/\/phytstore.com\/en\/#website"},"primaryImageOfPage":{"@id":"https:\/\/phytstore.com\/en\/product\/purifying-shampoo\/#primaryimage"},"image":{"@id":"https:\/\/phytstore.com\/en\/product\/purifying-shampoo\/#primaryimage"},"thumbnailUrl":"https:\/\/phytstore.com\/wp-content\/uploads\/2021\/08\/Shampooing-Purifiant-2.png","datePublished":"2021-08-18T21:02:59+00:00","dateModified":"2024-09-11T10:33:09+00:00","description":"Cleanse and revitalize your scalp with PHYT'S Purifying Shampoo, made from organic ingredients to promote healthy, balanced hair and remove impurities.","breadcrumb":{"@id":"https:\/\/phytstore.com\/en\/product\/purifying-shampoo\/#breadcrumb"},"inLanguage":"en-CA","potentialAction":[{"@type":"ReadAction","target":["https:\/\/phytstore.com\/en\/product\/purifying-shampoo\/"]}]},{"@type":"ImageObject","inLanguage":"en-CA","@id":"https:\/\/phytstore.com\/en\/product\/purifying-shampoo\/#primaryimage","url":"https:\/\/phytstore.com\/wp-content\/uploads\/2021\/08\/Shampooing-Purifiant-2.png","contentUrl":"https:\/\/phytstore.com\/wp-content\/uploads\/2021\/08\/Shampooing-Purifiant-2.png","width":780,"height":895},{"@type":"BreadcrumbList","@id":"https:\/\/phytstore.com\/en\/product\/purifying-shampoo\/#breadcrumb","itemListElement":[{"@type":"ListItem","position":1,"name":"Home","item":"https:\/\/phytstore.com\/en\/"},{"@type":"ListItem","position":2,"name":"Shop","item":"https:\/\/phytstore.com\/en\/shop\/"},{"@type":"ListItem","position":3,"name":"Hair Care Line","item":"https:\/\/phytstore.com\/en\/phyts-and-gamarde-capillary-care-line\/"},{"@type":"ListItem","position":4,"name":"Purifying Shampoo"}]},{"@type":"WebSite","@id":"https:\/\/phytstore.com\/en\/#website","url":"https:\/\/phytstore.com\/en\/","name":"PHYT&#039;S","description":"Fabricant et distributeur de soins certifi\u00e9s bio pour instituts de beaut\u00e9, spa et esth\u00e9ticiennes","publisher":{"@id":"https:\/\/phytstore.com\/en\/#organization"},"potentialAction":[{"@type":"SearchAction","target":{"@type":"EntryPoint","urlTemplate":"https:\/\/phytstore.com\/en\/?s={search_term_string}"},"query-input":{"@type":"PropertyValueSpecification","valueRequired":true,"valueName":"search_term_string"}}],"inLanguage":"en-CA"},{"@type":"Organization","@id":"https:\/\/phytstore.com\/en\/#organization","name":"Phyt's","url":"https:\/\/phytstore.com\/en\/","logo":{"@type":"ImageObject","inLanguage":"en-CA","@id":"https:\/\/phytstore.com\/en\/#\/schema\/logo\/image\/","url":"https:\/\/phytstore.com\/wp-content\/uploads\/2020\/03\/logo-phyts-e1585168986207.png","contentUrl":"https:\/\/phytstore.com\/wp-content\/uploads\/2020\/03\/logo-phyts-e1585168986207.png","width":200,"height":72,"caption":"Phyt's"},"image":{"@id":"https:\/\/phytstore.com\/en\/#\/schema\/logo\/image\/"},"sameAs":["https:\/\/www.facebook.com\/CJMBCosmetiques\/?ref=aymt_homepage_panel","https:\/\/www.instagram.com\/phyts_canada\/","https:\/\/www.linkedin.com\/company\/3337211\/admin\/","https:\/\/www.youtube.com\/channel\/UCEkP009p4XTU5lXjLkaKptA"]}]}},"jetpack_sharing_enabled":true,"_links":{"self":[{"href":"https:\/\/phytstore.com\/en\/wp-json\/wp\/v2\/product\/5091","targetHints":{"allow":["GET"]}}],"collection":[{"href":"https:\/\/phytstore.com\/en\/wp-json\/wp\/v2\/product"}],"about":[{"href":"https:\/\/phytstore.com\/en\/wp-json\/wp\/v2\/types\/product"}],"replies":[{"embeddable":true,"href":"https:\/\/phytstore.com\/en\/wp-json\/wp\/v2\/comments?post=5091"}],"wp:featuredmedia":[{"embeddable":true,"href":"https:\/\/phytstore.com\/en\/wp-json\/wp\/v2\/media\/5089"}],"wp:attachment":[{"href":"https:\/\/phytstore.com\/en\/wp-json\/wp\/v2\/media?parent=5091"}],"wp:term":[{"taxonomy":"product_brand","embeddable":true,"href":"https:\/\/phytstore.com\/en\/wp-json\/wp\/v2\/product_brand?post=5091"},{"taxonomy":"product_cat","embeddable":true,"href":"https:\/\/phytstore.com\/en\/wp-json\/wp\/v2\/product_cat?post=5091"},{"taxonomy":"product_tag","embeddable":true,"href":"https:\/\/phytstore.com\/en\/wp-json\/wp\/v2\/product_tag?post=5091"}],"curies":[{"name":"wp","href":"https:\/\/api.w.org\/{rel}","templated":true}]}}