{"id":4761,"date":"2021-04-27T11:08:38","date_gmt":"2021-04-27T15:08:38","guid":{"rendered":"https:\/\/phytstore.com\/?post_type=product&#038;p=4761"},"modified":"2023-05-18T14:11:50","modified_gmt":"2023-05-18T18:11:50","slug":"panacee-le-contour-yeux","status":"publish","type":"product","link":"https:\/\/phytstore.com\/en\/product\/panacea-eye-contour-cream\/","title":{"rendered":"Panacea Eye Contour Cream"},"content":{"rendered":"<p>This Organic eye contour cream gives you the effectiveness of a Panacea Cream on this delicate area. Its light texture offers an exceptional response that targets the main issues of skin aging around the eyes: wrinkles, sagging, dark circles, puffiness, and dehydration.<\/p>\n<p>Its active milk proteins create a tightening film on the surface of the skin for an immediate lifting effect. The skin is then firmed*, and wrinkles and fine lines appear reduced. Its Acmella and Rye extracts improve skin elasticity and reduce the appearance of signs of aging.<\/p>\n<p>In addition, its Annurca Apple extract acts on signs of fatigue and gives radiance to the skin. The appearance of puffiness and dark circles is therefore reduced.<\/p>\n<p>The eye contour is visibly lifted and invigorated, for a well-rested look. Furthermore, the skin is regenerated*, nourished*, and hydrated, and appears much younger!<\/p>\n<p><em>* reduces the look of puffiness and dark circles * via hydration<\/em><\/p>\n<p>&nbsp;<\/p>\n<h2>Active ingredients:<\/h2>\n<p>Acmella, Rye*, Edelweiss*, Annurca Apple, Milk Proteins, Plant-Based Vitamin E, Beeswax*, Lavender*<\/p>\n<p><em>* ingredients from Organic Farming<\/em><\/p>\n<p>&nbsp;<\/p>\n<h2>How do I apply my Organic eye contour cream?<\/h2>\n<p>In the morning and evening, after cleansing, apply around the eyes by tapping lightly, then massage gently with small, circular movements to allow the product to penetrate.<\/p>\n<p>Massaging can help <strong>the product penetrate mature skin<\/strong> while promoting <strong>microcirculation<\/strong>. The complexion becomes bright and radiant, and the massage restores freshness and radiance to the eyes.<\/p>\n<p>To care for a mature epidermis, discover our full\u00a0<a href=\"https:\/\/phytstore.com\/en\/anti-aging-aromalliance\/\"><strong>range of anti-aging products<\/strong><\/a> made with natural ingredients.<\/p>\n<p><strong>Tips:<\/strong> To take full advantage of all its anti-aging properties, it\u2019s also possible to apply this product to the lip contour. For intense action and greater effectiveness against puffiness, dark circles, and dehydration, you can also apply the\u00a0<a href=\"https:\/\/phytstore.com\/en\/product\/smoothing-eye-serum\/\"><strong>Smoothing Eye Serum<\/strong><\/a> underneath. In addition, once or twice a week, exfoliate the skin of the eye contour using the\u00a0<a href=\"https:\/\/phytstore.com\/en\/product\/contact-scrub\/\"><strong>Contact + Scrub<\/strong><\/a>.<\/p>\n<p>&nbsp;<\/p>\n<h2>How do I choose my natural eye contour cream?<\/h2>\n<p>Eye contour creams can be chosen according to your needs. <strong>Organic skincare formulas<\/strong> contain <strong>natural active ingredients<\/strong> capable of protecting the epidermis from a hostile environment and daily pollutants, providing optimal hydration and a natural glow, and treating specific needs and skin types:<\/p>\n<ul>\n<li>Appearance of dark circles<\/li>\n<li>Appearance of puffiness<\/li>\n<li>Signs of premature aging<\/li>\n<li>Appearance of fine lines and crow\u2019s feet<\/li>\n<\/ul>\n<p>For every need, there is an <strong>Organic skincare product with active ingredients<\/strong> and beneficial properties!<\/p>\n","protected":false},"excerpt":{"rendered":"<p style=\"text-align: left;\"><img loading=\"lazy\" decoding=\"async\" class=\"alignnone size-full wp-image-5582\" src=\"https:\/\/phytstore.com\/wp-content\/uploads\/2021\/04\/Bio-99-Efficacite-2-1.png\" alt=\"\" width=\"275\" height=\"47\" srcset=\"https:\/\/phytstore.com\/wp-content\/uploads\/2021\/04\/Bio-99-Efficacite-2-1.png 275w, https:\/\/phytstore.com\/wp-content\/uploads\/2021\/04\/Bio-99-Efficacite-2-1-150x26.png 150w\" sizes=\"auto, (max-width: 275px) 100vw, 275px\" \/><\/p>\n<p style=\"text-align: left;\">PREMIUM Exceptional &amp; global anti-aging<\/p>\n<p style=\"text-align: left;\"><strong><span class=\"b\">Skin type <\/span>:<\/strong> Eye contour<br \/>\n<strong><span class=\"b\">Expectations<\/span>\u00a0:<\/strong> Anti-wrinkle, regenerates*, firms*, smoothes, anti-puffiness*, anti-dark circle*, brightens, hydrates<br \/>\n<strong><span class=\"b\">Presentation<\/span>\u00a0:<\/strong> 15 ml jar<\/p>\n","protected":false},"featured_media":6354,"comment_status":"open","ping_status":"closed","template":"","meta":{"_acf_changed":false,"inline_featured_image":false},"product_brand":[],"product_cat":[312,84,229,231,235,238],"product_tag":[],"class_list":{"0":"post-4761","1":"product","2":"type-product","3":"status-publish","4":"has-post-thumbnail","6":"product_cat-eye-care","7":"product_cat-panacee-en","8":"product_cat-dark-circles-puffiness","9":"product_cat-dehydration-en","10":"product_cat-lack-of-firmness-en","11":"product_cat-wrinkles-skin-aging","13":"first","14":"instock","15":"taxable","16":"shipping-taxable","17":"purchasable","18":"product-type-simple"},"acf":[],"yoast_head":"<!-- This site is optimized with the Yoast SEO plugin v27.4 - https:\/\/yoast.com\/product\/yoast-seo-wordpress\/ -->\n<title>Panacea Organic Eye Contour Cream | PHYT\u2019S Laboratories<\/title>\n<meta name=\"description\" content=\"Check out our Panacea Organic eye contour cream. Rediscover a fresh, luminous look and naturally smoother skin thanks to ingredients of natural origin.\" \/>\n<meta name=\"robots\" content=\"index, follow, max-snippet:-1, max-image-preview:large, max-video-preview:-1\" \/>\n<link rel=\"canonical\" href=\"https:\/\/phytstore.com\/en\/product\/panacea-eye-contour-cream\/\" \/>\n<meta property=\"og:locale\" content=\"en_US\" \/>\n<meta property=\"og:type\" content=\"article\" \/>\n<meta property=\"og:title\" content=\"Panacea Organic Eye Contour Cream | PHYT\u2019S Laboratories\" \/>\n<meta property=\"og:description\" content=\"Check out our Panacea Organic eye contour cream. Rediscover a fresh, luminous look and naturally smoother skin thanks to ingredients of natural origin.\" \/>\n<meta property=\"og:url\" content=\"https:\/\/phytstore.com\/en\/product\/panacea-eye-contour-cream\/\" \/>\n<meta property=\"og:site_name\" content=\"PHYT&#039;S\" \/>\n<meta property=\"article:publisher\" content=\"https:\/\/www.facebook.com\/CJMBCosmetiques\/?ref=aymt_homepage_panel\" \/>\n<meta property=\"article:modified_time\" content=\"2023-05-18T18:11:50+00:00\" \/>\n<meta property=\"og:image\" content=\"https:\/\/phytstore.com\/wp-content\/uploads\/2021\/04\/Panacee-Le-Contour-Yeux.jpg\" \/>\n\t<meta property=\"og:image:width\" content=\"900\" \/>\n\t<meta property=\"og:image:height\" content=\"900\" \/>\n\t<meta property=\"og:image:type\" content=\"image\/jpeg\" \/>\n<meta name=\"twitter:card\" content=\"summary_large_image\" \/>\n<meta name=\"twitter:label1\" content=\"Est. reading time\" \/>\n\t<meta name=\"twitter:data1\" content=\"3 minutes\" \/>\n<script type=\"application\/ld+json\" class=\"yoast-schema-graph\">{\"@context\":\"https:\\\/\\\/schema.org\",\"@graph\":[{\"@type\":\"WebPage\",\"@id\":\"https:\\\/\\\/phytstore.com\\\/en\\\/product\\\/panacea-eye-contour-cream\\\/\",\"url\":\"https:\\\/\\\/phytstore.com\\\/en\\\/product\\\/panacea-eye-contour-cream\\\/\",\"name\":\"Panacea Organic Eye Contour Cream | PHYT\u2019S Laboratories\",\"isPartOf\":{\"@id\":\"https:\\\/\\\/phytstore.com\\\/en\\\/#website\"},\"primaryImageOfPage\":{\"@id\":\"https:\\\/\\\/phytstore.com\\\/en\\\/product\\\/panacea-eye-contour-cream\\\/#primaryimage\"},\"image\":{\"@id\":\"https:\\\/\\\/phytstore.com\\\/en\\\/product\\\/panacea-eye-contour-cream\\\/#primaryimage\"},\"thumbnailUrl\":\"https:\\\/\\\/phytstore.com\\\/wp-content\\\/uploads\\\/2021\\\/04\\\/Panacee-Le-Contour-Yeux.jpg\",\"datePublished\":\"2021-04-27T15:08:38+00:00\",\"dateModified\":\"2023-05-18T18:11:50+00:00\",\"description\":\"Check out our Panacea Organic eye contour cream. Rediscover a fresh, luminous look and naturally smoother skin thanks to ingredients of natural origin.\",\"breadcrumb\":{\"@id\":\"https:\\\/\\\/phytstore.com\\\/en\\\/product\\\/panacea-eye-contour-cream\\\/#breadcrumb\"},\"inLanguage\":\"en-CA\",\"potentialAction\":[{\"@type\":\"ReadAction\",\"target\":[\"https:\\\/\\\/phytstore.com\\\/en\\\/product\\\/panacea-eye-contour-cream\\\/\"]}]},{\"@type\":\"ImageObject\",\"inLanguage\":\"en-CA\",\"@id\":\"https:\\\/\\\/phytstore.com\\\/en\\\/product\\\/panacea-eye-contour-cream\\\/#primaryimage\",\"url\":\"https:\\\/\\\/phytstore.com\\\/wp-content\\\/uploads\\\/2021\\\/04\\\/Panacee-Le-Contour-Yeux.jpg\",\"contentUrl\":\"https:\\\/\\\/phytstore.com\\\/wp-content\\\/uploads\\\/2021\\\/04\\\/Panacee-Le-Contour-Yeux.jpg\",\"width\":900,\"height\":900},{\"@type\":\"BreadcrumbList\",\"@id\":\"https:\\\/\\\/phytstore.com\\\/en\\\/product\\\/panacea-eye-contour-cream\\\/#breadcrumb\",\"itemListElement\":[{\"@type\":\"ListItem\",\"position\":1,\"name\":\"Home\",\"item\":\"https:\\\/\\\/phytstore.com\\\/en\\\/\"},{\"@type\":\"ListItem\",\"position\":2,\"name\":\"Shop\",\"item\":\"https:\\\/\\\/phytstore.com\\\/en\\\/shop\\\/\"},{\"@type\":\"ListItem\",\"position\":3,\"name\":\"Face\",\"item\":\"https:\\\/\\\/phytstore.com\\\/en\\\/organic-skin-care\\\/\"},{\"@type\":\"ListItem\",\"position\":4,\"name\":\"Eye Care\",\"item\":\"https:\\\/\\\/phytstore.com\\\/en\\\/organic-skin-care\\\/natural-eye-care\\\/\"},{\"@type\":\"ListItem\",\"position\":5,\"name\":\"Panacea Eye Contour Cream\"}]},{\"@type\":\"WebSite\",\"@id\":\"https:\\\/\\\/phytstore.com\\\/en\\\/#website\",\"url\":\"https:\\\/\\\/phytstore.com\\\/en\\\/\",\"name\":\"PHYT&#039;S\",\"description\":\"Fabricant et distributeur de soins certifi\u00e9s bio pour instituts de beaut\u00e9, spa et esth\u00e9ticiennes\",\"publisher\":{\"@id\":\"https:\\\/\\\/phytstore.com\\\/en\\\/#organization\"},\"potentialAction\":[{\"@type\":\"SearchAction\",\"target\":{\"@type\":\"EntryPoint\",\"urlTemplate\":\"https:\\\/\\\/phytstore.com\\\/en\\\/?s={search_term_string}\"},\"query-input\":{\"@type\":\"PropertyValueSpecification\",\"valueRequired\":true,\"valueName\":\"search_term_string\"}}],\"inLanguage\":\"en-CA\"},{\"@type\":\"Organization\",\"@id\":\"https:\\\/\\\/phytstore.com\\\/en\\\/#organization\",\"name\":\"Phyt's\",\"url\":\"https:\\\/\\\/phytstore.com\\\/en\\\/\",\"logo\":{\"@type\":\"ImageObject\",\"inLanguage\":\"en-CA\",\"@id\":\"https:\\\/\\\/phytstore.com\\\/en\\\/#\\\/schema\\\/logo\\\/image\\\/\",\"url\":\"https:\\\/\\\/phytstore.com\\\/wp-content\\\/uploads\\\/2020\\\/03\\\/logo-phyts-e1585168986207.png\",\"contentUrl\":\"https:\\\/\\\/phytstore.com\\\/wp-content\\\/uploads\\\/2020\\\/03\\\/logo-phyts-e1585168986207.png\",\"width\":200,\"height\":72,\"caption\":\"Phyt's\"},\"image\":{\"@id\":\"https:\\\/\\\/phytstore.com\\\/en\\\/#\\\/schema\\\/logo\\\/image\\\/\"},\"sameAs\":[\"https:\\\/\\\/www.facebook.com\\\/CJMBCosmetiques\\\/?ref=aymt_homepage_panel\",\"https:\\\/\\\/www.instagram.com\\\/phyts_canada\\\/\",\"https:\\\/\\\/www.linkedin.com\\\/company\\\/3337211\\\/admin\\\/\",\"https:\\\/\\\/www.youtube.com\\\/channel\\\/UCEkP009p4XTU5lXjLkaKptA\"]}]}<\/script>\n<!-- \/ Yoast SEO plugin. -->","yoast_head_json":{"title":"Panacea Organic Eye Contour Cream | PHYT\u2019S Laboratories","description":"Check out our Panacea Organic eye contour cream. Rediscover a fresh, luminous look and naturally smoother skin thanks to ingredients of natural origin.","robots":{"index":"index","follow":"follow","max-snippet":"max-snippet:-1","max-image-preview":"max-image-preview:large","max-video-preview":"max-video-preview:-1"},"canonical":"https:\/\/phytstore.com\/en\/product\/panacea-eye-contour-cream\/","og_locale":"en_US","og_type":"article","og_title":"Panacea Organic Eye Contour Cream | PHYT\u2019S Laboratories","og_description":"Check out our Panacea Organic eye contour cream. Rediscover a fresh, luminous look and naturally smoother skin thanks to ingredients of natural origin.","og_url":"https:\/\/phytstore.com\/en\/product\/panacea-eye-contour-cream\/","og_site_name":"PHYT&#039;S","article_publisher":"https:\/\/www.facebook.com\/CJMBCosmetiques\/?ref=aymt_homepage_panel","article_modified_time":"2023-05-18T18:11:50+00:00","og_image":[{"width":900,"height":900,"url":"https:\/\/phytstore.com\/wp-content\/uploads\/2021\/04\/Panacee-Le-Contour-Yeux.jpg","type":"image\/jpeg"}],"twitter_card":"summary_large_image","twitter_misc":{"Est. reading time":"3 minutes"},"schema":{"@context":"https:\/\/schema.org","@graph":[{"@type":"WebPage","@id":"https:\/\/phytstore.com\/en\/product\/panacea-eye-contour-cream\/","url":"https:\/\/phytstore.com\/en\/product\/panacea-eye-contour-cream\/","name":"Panacea Organic Eye Contour Cream | PHYT\u2019S Laboratories","isPartOf":{"@id":"https:\/\/phytstore.com\/en\/#website"},"primaryImageOfPage":{"@id":"https:\/\/phytstore.com\/en\/product\/panacea-eye-contour-cream\/#primaryimage"},"image":{"@id":"https:\/\/phytstore.com\/en\/product\/panacea-eye-contour-cream\/#primaryimage"},"thumbnailUrl":"https:\/\/phytstore.com\/wp-content\/uploads\/2021\/04\/Panacee-Le-Contour-Yeux.jpg","datePublished":"2021-04-27T15:08:38+00:00","dateModified":"2023-05-18T18:11:50+00:00","description":"Check out our Panacea Organic eye contour cream. Rediscover a fresh, luminous look and naturally smoother skin thanks to ingredients of natural origin.","breadcrumb":{"@id":"https:\/\/phytstore.com\/en\/product\/panacea-eye-contour-cream\/#breadcrumb"},"inLanguage":"en-CA","potentialAction":[{"@type":"ReadAction","target":["https:\/\/phytstore.com\/en\/product\/panacea-eye-contour-cream\/"]}]},{"@type":"ImageObject","inLanguage":"en-CA","@id":"https:\/\/phytstore.com\/en\/product\/panacea-eye-contour-cream\/#primaryimage","url":"https:\/\/phytstore.com\/wp-content\/uploads\/2021\/04\/Panacee-Le-Contour-Yeux.jpg","contentUrl":"https:\/\/phytstore.com\/wp-content\/uploads\/2021\/04\/Panacee-Le-Contour-Yeux.jpg","width":900,"height":900},{"@type":"BreadcrumbList","@id":"https:\/\/phytstore.com\/en\/product\/panacea-eye-contour-cream\/#breadcrumb","itemListElement":[{"@type":"ListItem","position":1,"name":"Home","item":"https:\/\/phytstore.com\/en\/"},{"@type":"ListItem","position":2,"name":"Shop","item":"https:\/\/phytstore.com\/en\/shop\/"},{"@type":"ListItem","position":3,"name":"Face","item":"https:\/\/phytstore.com\/en\/organic-skin-care\/"},{"@type":"ListItem","position":4,"name":"Eye Care","item":"https:\/\/phytstore.com\/en\/organic-skin-care\/natural-eye-care\/"},{"@type":"ListItem","position":5,"name":"Panacea Eye Contour Cream"}]},{"@type":"WebSite","@id":"https:\/\/phytstore.com\/en\/#website","url":"https:\/\/phytstore.com\/en\/","name":"PHYT&#039;S","description":"Fabricant et distributeur de soins certifi\u00e9s bio pour instituts de beaut\u00e9, spa et esth\u00e9ticiennes","publisher":{"@id":"https:\/\/phytstore.com\/en\/#organization"},"potentialAction":[{"@type":"SearchAction","target":{"@type":"EntryPoint","urlTemplate":"https:\/\/phytstore.com\/en\/?s={search_term_string}"},"query-input":{"@type":"PropertyValueSpecification","valueRequired":true,"valueName":"search_term_string"}}],"inLanguage":"en-CA"},{"@type":"Organization","@id":"https:\/\/phytstore.com\/en\/#organization","name":"Phyt's","url":"https:\/\/phytstore.com\/en\/","logo":{"@type":"ImageObject","inLanguage":"en-CA","@id":"https:\/\/phytstore.com\/en\/#\/schema\/logo\/image\/","url":"https:\/\/phytstore.com\/wp-content\/uploads\/2020\/03\/logo-phyts-e1585168986207.png","contentUrl":"https:\/\/phytstore.com\/wp-content\/uploads\/2020\/03\/logo-phyts-e1585168986207.png","width":200,"height":72,"caption":"Phyt's"},"image":{"@id":"https:\/\/phytstore.com\/en\/#\/schema\/logo\/image\/"},"sameAs":["https:\/\/www.facebook.com\/CJMBCosmetiques\/?ref=aymt_homepage_panel","https:\/\/www.instagram.com\/phyts_canada\/","https:\/\/www.linkedin.com\/company\/3337211\/admin\/","https:\/\/www.youtube.com\/channel\/UCEkP009p4XTU5lXjLkaKptA"]}]}},"jetpack_sharing_enabled":true,"_links":{"self":[{"href":"https:\/\/phytstore.com\/en\/wp-json\/wp\/v2\/product\/4761","targetHints":{"allow":["GET"]}}],"collection":[{"href":"https:\/\/phytstore.com\/en\/wp-json\/wp\/v2\/product"}],"about":[{"href":"https:\/\/phytstore.com\/en\/wp-json\/wp\/v2\/types\/product"}],"replies":[{"embeddable":true,"href":"https:\/\/phytstore.com\/en\/wp-json\/wp\/v2\/comments?post=4761"}],"wp:featuredmedia":[{"embeddable":true,"href":"https:\/\/phytstore.com\/en\/wp-json\/wp\/v2\/media\/6354"}],"wp:attachment":[{"href":"https:\/\/phytstore.com\/en\/wp-json\/wp\/v2\/media?parent=4761"}],"wp:term":[{"taxonomy":"product_brand","embeddable":true,"href":"https:\/\/phytstore.com\/en\/wp-json\/wp\/v2\/product_brand?post=4761"},{"taxonomy":"product_cat","embeddable":true,"href":"https:\/\/phytstore.com\/en\/wp-json\/wp\/v2\/product_cat?post=4761"},{"taxonomy":"product_tag","embeddable":true,"href":"https:\/\/phytstore.com\/en\/wp-json\/wp\/v2\/product_tag?post=4761"}],"curies":[{"name":"wp","href":"https:\/\/api.w.org\/{rel}","templated":true}]}}