{"id":4114,"date":"2020-11-20T16:12:31","date_gmt":"2020-11-20T20:12:31","guid":{"rendered":"https:\/\/phytstore.com\/?post_type=product&#038;p=4114"},"modified":"2024-09-11T06:34:34","modified_gmt":"2024-09-11T10:34:34","slug":"christmas-body-beauty-kit","status":"publish","type":"product","link":"https:\/\/phytstore.com\/en\/product\/winter-body-beauty-kit\/","title":{"rendered":"My After-Sun Ritual"},"content":{"rendered":"<p><strong>Organic After-Sun Cream<\/strong> gives your skin instant softness, freshness and comfort. Even for skin most sensitive to the sun. It nourishes* and moisturizes both body and face skin* through hydration.<br \/>\n<strong>Active ingredients<\/strong>: Aloe Ferox, Calendula*, Peppermint*, Plant Vitamin E, Shea Butter*, Jojoba*, Hazelnut*, Sunflower*, Verbena*, Geranium*, Cypress*.<br \/>\n* ingredients from Organic Farming<\/p>\n<p><strong>Organic 2-in-1 Solid Cleanser<\/strong>, fragrance-free, gently cleanses both body and hair, without aggressing or drying. On contact with water, it transforms into a fine, creamy foam that&#8217;s easy to rinse off. It contains 3 x more active ingredients than a liquid formula! Thanks to them, it leaves skin soft and nourished*, and hair clean, shiny and manageable!* through hydration.<br \/>\n<strong>Active ingredients<\/strong>: Sunflower*, Kaolin, Aloe Vera*, Plant Vitamin E<br \/>\n* ingredients from organic farming<\/p>\n<p><strong>Organic Exfoliating Pebble<\/strong> fragrance-free cleanses and rids the skin of dead cells and impurities, without aggressing or drying it out, thanks to its 2 effective exfoliants. Skin is smoothed, soft and luminous, ready to receive subsequent products.<br \/>\n<strong>Active ingredients<\/strong>:Perlite powder, Apricot powder, Kaolin, Sunflower*, Aloe Vera*, plant-based Vitamin E.<br \/>\n* ingredients from Organic Farming<\/p>\n","protected":false},"excerpt":{"rendered":"<p><img decoding=\"async\" src=\"https:\/\/phytstore.com\/wp-content\/uploads\/2020\/07\/Bio-100-Vegan-Efficacite-10.png\" \/><\/p>\n<p><strong>My After-Sun Ritual<\/strong>!<\/p>\n<p>&#8211; <strong>After-Sun Cream<\/strong> (200g)<br \/>\n&#8211;<strong> 2 in 1 Body and Hair Cleanser<\/strong> (109 ml)<\/p>\n<p>Gift<br \/>\n&#8211; <strong>Exfoliating Pebble<\/strong>: cleanser and exfoliant (93 ml)<\/p>\n","protected":false},"featured_media":8645,"comment_status":"open","ping_status":"closed","template":"","meta":{"_acf_changed":false,"inline_featured_image":false},"product_brand":[],"product_cat":[109,119,206],"product_tag":[],"class_list":{"0":"post-4114","1":"product","2":"type-product","3":"status-publish","4":"has-post-thumbnail","6":"product_cat-bionatural-by-phyts","7":"product_cat-promotions-en","8":"product_cat-kits","10":"first","11":"instock","12":"taxable","13":"shipping-taxable","14":"purchasable","15":"product-type-simple"},"acf":[],"yoast_head":"<!-- This site is optimized with the Yoast SEO plugin v27.4 - https:\/\/yoast.com\/product\/yoast-seo-wordpress\/ -->\n<title>After-Sun Ritual for Rehydrated Glowing Skin - PHYT&#039;S<\/title>\n<meta name=\"description\" content=\"Soothe and rejuvenate your skin after sun exposure with our After-Sun Ritual, featuring organic formulas that hydrate and repair for a glowing, healthy complexion.\" \/>\n<meta name=\"robots\" content=\"index, follow, max-snippet:-1, max-image-preview:large, max-video-preview:-1\" \/>\n<link rel=\"canonical\" href=\"https:\/\/phytstore.com\/en\/product\/winter-body-beauty-kit\/\" \/>\n<meta property=\"og:locale\" content=\"en_US\" \/>\n<meta property=\"og:type\" content=\"article\" \/>\n<meta property=\"og:title\" content=\"After-Sun Ritual for Rehydrated Glowing Skin - PHYT&#039;S\" \/>\n<meta property=\"og:description\" content=\"Soothe and rejuvenate your skin after sun exposure with our After-Sun Ritual, featuring organic formulas that hydrate and repair for a glowing, healthy complexion.\" \/>\n<meta property=\"og:url\" content=\"https:\/\/phytstore.com\/en\/product\/winter-body-beauty-kit\/\" \/>\n<meta property=\"og:site_name\" content=\"PHYT&#039;S\" \/>\n<meta property=\"article:publisher\" content=\"https:\/\/www.facebook.com\/CJMBCosmetiques\/?ref=aymt_homepage_panel\" \/>\n<meta property=\"article:modified_time\" content=\"2024-09-11T10:34:34+00:00\" \/>\n<meta property=\"og:image\" content=\"https:\/\/phytstore.com\/wp-content\/uploads\/2020\/11\/Mon-rituel-Apres-soleil-663x1024.png\" \/>\n\t<meta property=\"og:image:width\" content=\"663\" \/>\n\t<meta property=\"og:image:height\" content=\"1024\" \/>\n\t<meta property=\"og:image:type\" content=\"image\/png\" \/>\n<meta name=\"twitter:card\" content=\"summary_large_image\" \/>\n<meta name=\"twitter:label1\" content=\"Est. reading time\" \/>\n\t<meta name=\"twitter:data1\" content=\"2 minutes\" \/>\n<script type=\"application\/ld+json\" class=\"yoast-schema-graph\">{\"@context\":\"https:\\\/\\\/schema.org\",\"@graph\":[{\"@type\":\"WebPage\",\"@id\":\"https:\\\/\\\/phytstore.com\\\/en\\\/product\\\/winter-body-beauty-kit\\\/\",\"url\":\"https:\\\/\\\/phytstore.com\\\/en\\\/product\\\/winter-body-beauty-kit\\\/\",\"name\":\"After-Sun Ritual for Rehydrated Glowing Skin - PHYT'S\",\"isPartOf\":{\"@id\":\"https:\\\/\\\/phytstore.com\\\/en\\\/#website\"},\"primaryImageOfPage\":{\"@id\":\"https:\\\/\\\/phytstore.com\\\/en\\\/product\\\/winter-body-beauty-kit\\\/#primaryimage\"},\"image\":{\"@id\":\"https:\\\/\\\/phytstore.com\\\/en\\\/product\\\/winter-body-beauty-kit\\\/#primaryimage\"},\"thumbnailUrl\":\"https:\\\/\\\/phytstore.com\\\/wp-content\\\/uploads\\\/2020\\\/11\\\/Mon-rituel-Apres-soleil-600x927-1.png\",\"datePublished\":\"2020-11-20T20:12:31+00:00\",\"dateModified\":\"2024-09-11T10:34:34+00:00\",\"description\":\"Soothe and rejuvenate your skin after sun exposure with our After-Sun Ritual, featuring organic formulas that hydrate and repair for a glowing, healthy complexion.\",\"breadcrumb\":{\"@id\":\"https:\\\/\\\/phytstore.com\\\/en\\\/product\\\/winter-body-beauty-kit\\\/#breadcrumb\"},\"inLanguage\":\"en-CA\",\"potentialAction\":[{\"@type\":\"ReadAction\",\"target\":[\"https:\\\/\\\/phytstore.com\\\/en\\\/product\\\/winter-body-beauty-kit\\\/\"]}]},{\"@type\":\"ImageObject\",\"inLanguage\":\"en-CA\",\"@id\":\"https:\\\/\\\/phytstore.com\\\/en\\\/product\\\/winter-body-beauty-kit\\\/#primaryimage\",\"url\":\"https:\\\/\\\/phytstore.com\\\/wp-content\\\/uploads\\\/2020\\\/11\\\/Mon-rituel-Apres-soleil-600x927-1.png\",\"contentUrl\":\"https:\\\/\\\/phytstore.com\\\/wp-content\\\/uploads\\\/2020\\\/11\\\/Mon-rituel-Apres-soleil-600x927-1.png\",\"width\":600,\"height\":927},{\"@type\":\"BreadcrumbList\",\"@id\":\"https:\\\/\\\/phytstore.com\\\/en\\\/product\\\/winter-body-beauty-kit\\\/#breadcrumb\",\"itemListElement\":[{\"@type\":\"ListItem\",\"position\":1,\"name\":\"Home\",\"item\":\"https:\\\/\\\/phytstore.com\\\/en\\\/\"},{\"@type\":\"ListItem\",\"position\":2,\"name\":\"Shop\",\"item\":\"https:\\\/\\\/phytstore.com\\\/en\\\/shop\\\/\"},{\"@type\":\"ListItem\",\"position\":3,\"name\":\"PROMOTIONS !\",\"item\":\"https:\\\/\\\/phytstore.com\\\/en\\\/promotions-phyts\\\/\"},{\"@type\":\"ListItem\",\"position\":4,\"name\":\"My After-Sun Ritual\"}]},{\"@type\":\"WebSite\",\"@id\":\"https:\\\/\\\/phytstore.com\\\/en\\\/#website\",\"url\":\"https:\\\/\\\/phytstore.com\\\/en\\\/\",\"name\":\"PHYT&#039;S\",\"description\":\"Fabricant et distributeur de soins certifi\u00e9s bio pour instituts de beaut\u00e9, spa et esth\u00e9ticiennes\",\"publisher\":{\"@id\":\"https:\\\/\\\/phytstore.com\\\/en\\\/#organization\"},\"potentialAction\":[{\"@type\":\"SearchAction\",\"target\":{\"@type\":\"EntryPoint\",\"urlTemplate\":\"https:\\\/\\\/phytstore.com\\\/en\\\/?s={search_term_string}\"},\"query-input\":{\"@type\":\"PropertyValueSpecification\",\"valueRequired\":true,\"valueName\":\"search_term_string\"}}],\"inLanguage\":\"en-CA\"},{\"@type\":\"Organization\",\"@id\":\"https:\\\/\\\/phytstore.com\\\/en\\\/#organization\",\"name\":\"Phyt's\",\"url\":\"https:\\\/\\\/phytstore.com\\\/en\\\/\",\"logo\":{\"@type\":\"ImageObject\",\"inLanguage\":\"en-CA\",\"@id\":\"https:\\\/\\\/phytstore.com\\\/en\\\/#\\\/schema\\\/logo\\\/image\\\/\",\"url\":\"https:\\\/\\\/phytstore.com\\\/wp-content\\\/uploads\\\/2020\\\/03\\\/logo-phyts-e1585168986207.png\",\"contentUrl\":\"https:\\\/\\\/phytstore.com\\\/wp-content\\\/uploads\\\/2020\\\/03\\\/logo-phyts-e1585168986207.png\",\"width\":200,\"height\":72,\"caption\":\"Phyt's\"},\"image\":{\"@id\":\"https:\\\/\\\/phytstore.com\\\/en\\\/#\\\/schema\\\/logo\\\/image\\\/\"},\"sameAs\":[\"https:\\\/\\\/www.facebook.com\\\/CJMBCosmetiques\\\/?ref=aymt_homepage_panel\",\"https:\\\/\\\/www.instagram.com\\\/phyts_canada\\\/\",\"https:\\\/\\\/www.linkedin.com\\\/company\\\/3337211\\\/admin\\\/\",\"https:\\\/\\\/www.youtube.com\\\/channel\\\/UCEkP009p4XTU5lXjLkaKptA\"]}]}<\/script>\n<!-- \/ Yoast SEO plugin. -->","yoast_head_json":{"title":"After-Sun Ritual for Rehydrated Glowing Skin - PHYT'S","description":"Soothe and rejuvenate your skin after sun exposure with our After-Sun Ritual, featuring organic formulas that hydrate and repair for a glowing, healthy complexion.","robots":{"index":"index","follow":"follow","max-snippet":"max-snippet:-1","max-image-preview":"max-image-preview:large","max-video-preview":"max-video-preview:-1"},"canonical":"https:\/\/phytstore.com\/en\/product\/winter-body-beauty-kit\/","og_locale":"en_US","og_type":"article","og_title":"After-Sun Ritual for Rehydrated Glowing Skin - PHYT'S","og_description":"Soothe and rejuvenate your skin after sun exposure with our After-Sun Ritual, featuring organic formulas that hydrate and repair for a glowing, healthy complexion.","og_url":"https:\/\/phytstore.com\/en\/product\/winter-body-beauty-kit\/","og_site_name":"PHYT&#039;S","article_publisher":"https:\/\/www.facebook.com\/CJMBCosmetiques\/?ref=aymt_homepage_panel","article_modified_time":"2024-09-11T10:34:34+00:00","og_image":[{"width":663,"height":1024,"url":"https:\/\/phytstore.com\/wp-content\/uploads\/2020\/11\/Mon-rituel-Apres-soleil-663x1024.png","type":"image\/png"}],"twitter_card":"summary_large_image","twitter_misc":{"Est. reading time":"2 minutes"},"schema":{"@context":"https:\/\/schema.org","@graph":[{"@type":"WebPage","@id":"https:\/\/phytstore.com\/en\/product\/winter-body-beauty-kit\/","url":"https:\/\/phytstore.com\/en\/product\/winter-body-beauty-kit\/","name":"After-Sun Ritual for Rehydrated Glowing Skin - PHYT'S","isPartOf":{"@id":"https:\/\/phytstore.com\/en\/#website"},"primaryImageOfPage":{"@id":"https:\/\/phytstore.com\/en\/product\/winter-body-beauty-kit\/#primaryimage"},"image":{"@id":"https:\/\/phytstore.com\/en\/product\/winter-body-beauty-kit\/#primaryimage"},"thumbnailUrl":"https:\/\/phytstore.com\/wp-content\/uploads\/2020\/11\/Mon-rituel-Apres-soleil-600x927-1.png","datePublished":"2020-11-20T20:12:31+00:00","dateModified":"2024-09-11T10:34:34+00:00","description":"Soothe and rejuvenate your skin after sun exposure with our After-Sun Ritual, featuring organic formulas that hydrate and repair for a glowing, healthy complexion.","breadcrumb":{"@id":"https:\/\/phytstore.com\/en\/product\/winter-body-beauty-kit\/#breadcrumb"},"inLanguage":"en-CA","potentialAction":[{"@type":"ReadAction","target":["https:\/\/phytstore.com\/en\/product\/winter-body-beauty-kit\/"]}]},{"@type":"ImageObject","inLanguage":"en-CA","@id":"https:\/\/phytstore.com\/en\/product\/winter-body-beauty-kit\/#primaryimage","url":"https:\/\/phytstore.com\/wp-content\/uploads\/2020\/11\/Mon-rituel-Apres-soleil-600x927-1.png","contentUrl":"https:\/\/phytstore.com\/wp-content\/uploads\/2020\/11\/Mon-rituel-Apres-soleil-600x927-1.png","width":600,"height":927},{"@type":"BreadcrumbList","@id":"https:\/\/phytstore.com\/en\/product\/winter-body-beauty-kit\/#breadcrumb","itemListElement":[{"@type":"ListItem","position":1,"name":"Home","item":"https:\/\/phytstore.com\/en\/"},{"@type":"ListItem","position":2,"name":"Shop","item":"https:\/\/phytstore.com\/en\/shop\/"},{"@type":"ListItem","position":3,"name":"PROMOTIONS !","item":"https:\/\/phytstore.com\/en\/promotions-phyts\/"},{"@type":"ListItem","position":4,"name":"My After-Sun Ritual"}]},{"@type":"WebSite","@id":"https:\/\/phytstore.com\/en\/#website","url":"https:\/\/phytstore.com\/en\/","name":"PHYT&#039;S","description":"Fabricant et distributeur de soins certifi\u00e9s bio pour instituts de beaut\u00e9, spa et esth\u00e9ticiennes","publisher":{"@id":"https:\/\/phytstore.com\/en\/#organization"},"potentialAction":[{"@type":"SearchAction","target":{"@type":"EntryPoint","urlTemplate":"https:\/\/phytstore.com\/en\/?s={search_term_string}"},"query-input":{"@type":"PropertyValueSpecification","valueRequired":true,"valueName":"search_term_string"}}],"inLanguage":"en-CA"},{"@type":"Organization","@id":"https:\/\/phytstore.com\/en\/#organization","name":"Phyt's","url":"https:\/\/phytstore.com\/en\/","logo":{"@type":"ImageObject","inLanguage":"en-CA","@id":"https:\/\/phytstore.com\/en\/#\/schema\/logo\/image\/","url":"https:\/\/phytstore.com\/wp-content\/uploads\/2020\/03\/logo-phyts-e1585168986207.png","contentUrl":"https:\/\/phytstore.com\/wp-content\/uploads\/2020\/03\/logo-phyts-e1585168986207.png","width":200,"height":72,"caption":"Phyt's"},"image":{"@id":"https:\/\/phytstore.com\/en\/#\/schema\/logo\/image\/"},"sameAs":["https:\/\/www.facebook.com\/CJMBCosmetiques\/?ref=aymt_homepage_panel","https:\/\/www.instagram.com\/phyts_canada\/","https:\/\/www.linkedin.com\/company\/3337211\/admin\/","https:\/\/www.youtube.com\/channel\/UCEkP009p4XTU5lXjLkaKptA"]}]}},"jetpack_sharing_enabled":true,"_links":{"self":[{"href":"https:\/\/phytstore.com\/en\/wp-json\/wp\/v2\/product\/4114","targetHints":{"allow":["GET"]}}],"collection":[{"href":"https:\/\/phytstore.com\/en\/wp-json\/wp\/v2\/product"}],"about":[{"href":"https:\/\/phytstore.com\/en\/wp-json\/wp\/v2\/types\/product"}],"replies":[{"embeddable":true,"href":"https:\/\/phytstore.com\/en\/wp-json\/wp\/v2\/comments?post=4114"}],"wp:featuredmedia":[{"embeddable":true,"href":"https:\/\/phytstore.com\/en\/wp-json\/wp\/v2\/media\/8645"}],"wp:attachment":[{"href":"https:\/\/phytstore.com\/en\/wp-json\/wp\/v2\/media?parent=4114"}],"wp:term":[{"taxonomy":"product_brand","embeddable":true,"href":"https:\/\/phytstore.com\/en\/wp-json\/wp\/v2\/product_brand?post=4114"},{"taxonomy":"product_cat","embeddable":true,"href":"https:\/\/phytstore.com\/en\/wp-json\/wp\/v2\/product_cat?post=4114"},{"taxonomy":"product_tag","embeddable":true,"href":"https:\/\/phytstore.com\/en\/wp-json\/wp\/v2\/product_tag?post=4114"}],"curies":[{"name":"wp","href":"https:\/\/api.w.org\/{rel}","templated":true}]}}