{"id":3983,"date":"2020-09-25T11:37:53","date_gmt":"2020-09-25T15:37:53","guid":{"rendered":"https:\/\/phytstore.com\/?post_type=product&#038;p=3983"},"modified":"2024-09-11T06:39:06","modified_gmt":"2024-09-11T10:39:06","slug":"masque-nutrition-extreme","status":"publish","type":"product","link":"https:\/\/phytstore.com\/en\/product\/extreme-nutrition-mask\/","title":{"rendered":"Extreme Nutrition Mask"},"content":{"rendered":"<p><span lang=\"en\">This unctuous Organic cream mask envelops the skin in softness. It immediately forgets feelings of tightness and discomfort caused by dryness. The nourishing* Argan and Hemp oils, rich in Omega 3 and 6, repairs and soothes the driest skin. Highly nourishing*, it offers a moment of intense comfort. The skin is then soft and supple.<\/span><br \/>\n<em>* via hydration<\/em><\/p>\n<p><strong>Active ingredients :<\/strong><br \/>\nArgan*, Hemp*, Shea Butter*, Aloe Vera*, Lavandin*, Ho Wood, Vegetal Vitamin E<br \/>\n<em>* ingredients from Organic Farming<\/em><\/p>\n<p><strong>Application :<\/strong><br \/>\nOnce or twice a week, after cleansing, apply all over face and neck, and\/or on dry areas of the body. Leave for 10 minutes, then rinse with water or with a <strong><a href=\"https:\/\/phytstore.com\/en\/product\/phyts-organic-reusable-wipes\/\">reusable Organic wipe<\/a><\/strong>. For the face, finish by toning the skin using the <a href=\"https:\/\/phytstore.com\/en\/product\/bitter-orange-toner\/\"><strong>Bitter Orange Toner<\/strong><\/a>, then apply a PHYT\u2019S daily care. For the body, finish by applying the <strong><a href=\"https:\/\/phytstore.com\/produit\/soin-corps\/\">Extreme Nutrition Body Care<\/a><\/strong>\u00a0or the <strong><a href=\"https:\/\/phytstore.com\/produit\/zones-rebelles\/\">Extreme Nutrition Very Dry Zones<\/a><\/strong>.<br \/>\n<b>Tips :<\/b> For better penetration and best results, first exfoliate your skin once or twice a week using the <strong><a href=\"https:\/\/phytstore.com\/produit\/gommage-contact\/\">Contact + Scrub<\/a><\/strong> or the <a href=\"https:\/\/phytstore.com\/produit\/gommage\/\"><strong>White Bio-Active Scrub<\/strong><\/a> for the face, or the <strong><a href=\"https:\/\/phytstore.com\/produit\/gommage-corporel\/\">Body Exfoliating Foaming Gel<\/a><\/strong>\u00a0for the body. Also, apply the\u00a0<a href=\"https:\/\/phytstore.com\/en\/product\/extreme-nutrition-serum\/\"><strong>Extreme Nutrition Serum<\/strong><\/a>\u00a0underneath the mask.<\/p>\n","protected":false},"excerpt":{"rendered":"<p><img loading=\"lazy\" decoding=\"async\" class=\"alignnone size-full wp-image-4920\" src=\"https:\/\/phytstore.com\/wp-content\/uploads\/2020\/07\/Bio-100-Vegan-Efficacite-11.png\" alt=\"\" width=\"274\" height=\"53\" \/><\/p>\n<p>Highly nourishing* &amp; Immediate comfort &#8211; Face &amp; Body<\/p>\n<p><strong><span class=\"b\">Skin type<\/span>\u00a0:<\/strong> Dry to very dry skin<br \/>\n<strong><span class=\"b\">Expectations<\/span><\/strong><strong>\u00a0:<\/strong> Nourishes*, repairs, comforts<br \/>\n<strong><span class=\"b\">Presentation<\/span>\u00a0:<\/strong> 100 g tube<\/p>\n","protected":false},"featured_media":10748,"comment_status":"open","ping_status":"closed","template":"","meta":{"_acf_changed":false,"inline_featured_image":false},"product_brand":[],"product_cat":[239,240,252,91,92,201,212],"product_tag":[],"class_list":{"0":"post-3983","1":"product","2":"type-product","3":"status-publish","4":"has-post-thumbnail","6":"product_cat-sensitivity-redness","7":"product_cat-dryness","8":"product_cat-masks","9":"product_cat-phytssima-nutrition-extreme-en","10":"product_cat-protecteurs-corps-en","11":"product_cat-dryness-tightness-and-or-irritation","12":"product_cat-moisturizers","14":"first","15":"instock","16":"taxable","17":"shipping-taxable","18":"purchasable","19":"product-type-simple"},"acf":[],"yoast_head":"<!-- This site is optimized with the Yoast SEO plugin v27.1.1 - https:\/\/yoast.com\/product\/yoast-seo-wordpress\/ -->\n<title>Extreme Nutrition Mask: Made for Better Skin Nourishment - PHYT&#039;S<\/title>\n<meta name=\"description\" content=\"Indulge your skin with the PHYT&#039;S Extreme Nutrition Mask, formulated with handpicked Organic ingredients to deeply nourish and hydrate dry and dull skin.\" \/>\n<meta name=\"robots\" content=\"index, follow, max-snippet:-1, max-image-preview:large, max-video-preview:-1\" \/>\n<link rel=\"canonical\" href=\"https:\/\/phytstore.com\/en\/product\/extreme-nutrition-mask\/\" \/>\n<meta property=\"og:locale\" content=\"en_US\" \/>\n<meta property=\"og:type\" content=\"article\" \/>\n<meta property=\"og:title\" content=\"Extreme Nutrition Mask: Made for Better Skin Nourishment - PHYT&#039;S\" \/>\n<meta property=\"og:description\" content=\"Indulge your skin with the PHYT&#039;S Extreme Nutrition Mask, formulated with handpicked Organic ingredients to deeply nourish and hydrate dry and dull skin.\" \/>\n<meta property=\"og:url\" content=\"https:\/\/phytstore.com\/en\/product\/extreme-nutrition-mask\/\" \/>\n<meta property=\"og:site_name\" content=\"PHYT&#039;S\" \/>\n<meta property=\"article:publisher\" content=\"https:\/\/www.facebook.com\/CJMBCosmetiques\/?ref=aymt_homepage_panel\" \/>\n<meta property=\"article:modified_time\" content=\"2024-09-11T10:39:06+00:00\" \/>\n<meta property=\"og:image\" content=\"https:\/\/phytstore.com\/wp-content\/uploads\/2020\/09\/Image1.jpg\" \/>\n\t<meta property=\"og:image:width\" content=\"631\" \/>\n\t<meta property=\"og:image:height\" content=\"793\" \/>\n\t<meta property=\"og:image:type\" content=\"image\/jpeg\" \/>\n<meta name=\"twitter:card\" content=\"summary_large_image\" \/>\n<meta name=\"twitter:label1\" content=\"Est. reading time\" \/>\n\t<meta name=\"twitter:data1\" content=\"2 minutes\" \/>\n<script type=\"application\/ld+json\" class=\"yoast-schema-graph\">{\"@context\":\"https:\/\/schema.org\",\"@graph\":[{\"@type\":\"WebPage\",\"@id\":\"https:\/\/phytstore.com\/en\/product\/extreme-nutrition-mask\/\",\"url\":\"https:\/\/phytstore.com\/en\/product\/extreme-nutrition-mask\/\",\"name\":\"Extreme Nutrition Mask: Made for Better Skin Nourishment - PHYT'S\",\"isPartOf\":{\"@id\":\"https:\/\/phytstore.com\/en\/#website\"},\"primaryImageOfPage\":{\"@id\":\"https:\/\/phytstore.com\/en\/product\/extreme-nutrition-mask\/#primaryimage\"},\"image\":{\"@id\":\"https:\/\/phytstore.com\/en\/product\/extreme-nutrition-mask\/#primaryimage\"},\"thumbnailUrl\":\"https:\/\/phytstore.com\/wp-content\/uploads\/2020\/03\/3.jpg\",\"datePublished\":\"2020-09-25T15:37:53+00:00\",\"dateModified\":\"2024-09-11T10:39:06+00:00\",\"description\":\"Indulge your skin with the PHYT'S Extreme Nutrition Mask, formulated with handpicked Organic ingredients to deeply nourish and hydrate dry and dull skin.\",\"breadcrumb\":{\"@id\":\"https:\/\/phytstore.com\/en\/product\/extreme-nutrition-mask\/#breadcrumb\"},\"inLanguage\":\"en-CA\",\"potentialAction\":[{\"@type\":\"ReadAction\",\"target\":[\"https:\/\/phytstore.com\/en\/product\/extreme-nutrition-mask\/\"]}]},{\"@type\":\"ImageObject\",\"inLanguage\":\"en-CA\",\"@id\":\"https:\/\/phytstore.com\/en\/product\/extreme-nutrition-mask\/#primaryimage\",\"url\":\"https:\/\/phytstore.com\/wp-content\/uploads\/2020\/03\/3.jpg\",\"contentUrl\":\"https:\/\/phytstore.com\/wp-content\/uploads\/2020\/03\/3.jpg\",\"width\":1080,\"height\":1080},{\"@type\":\"BreadcrumbList\",\"@id\":\"https:\/\/phytstore.com\/en\/product\/extreme-nutrition-mask\/#breadcrumb\",\"itemListElement\":[{\"@type\":\"ListItem\",\"position\":1,\"name\":\"Home\",\"item\":\"https:\/\/phytstore.com\/en\/\"},{\"@type\":\"ListItem\",\"position\":2,\"name\":\"Shop\",\"item\":\"https:\/\/phytstore.com\/en\/shop\/\"},{\"@type\":\"ListItem\",\"position\":3,\"name\":\"Face\",\"item\":\"https:\/\/phytstore.com\/en\/organic-skin-care\/\"},{\"@type\":\"ListItem\",\"position\":4,\"name\":\"Sensitivity &amp; Redness\",\"item\":\"https:\/\/phytstore.com\/en\/organic-skin-care\/sensitivity-redness\/\"},{\"@type\":\"ListItem\",\"position\":5,\"name\":\"Extreme Nutrition Mask\"}]},{\"@type\":\"WebSite\",\"@id\":\"https:\/\/phytstore.com\/en\/#website\",\"url\":\"https:\/\/phytstore.com\/en\/\",\"name\":\"PHYT&#039;S\",\"description\":\"Fabricant et distributeur de soins certifi\u00e9s bio pour instituts de beaut\u00e9, spa et esth\u00e9ticiennes\",\"publisher\":{\"@id\":\"https:\/\/phytstore.com\/en\/#organization\"},\"potentialAction\":[{\"@type\":\"SearchAction\",\"target\":{\"@type\":\"EntryPoint\",\"urlTemplate\":\"https:\/\/phytstore.com\/en\/?s={search_term_string}\"},\"query-input\":{\"@type\":\"PropertyValueSpecification\",\"valueRequired\":true,\"valueName\":\"search_term_string\"}}],\"inLanguage\":\"en-CA\"},{\"@type\":\"Organization\",\"@id\":\"https:\/\/phytstore.com\/en\/#organization\",\"name\":\"Phyt's\",\"url\":\"https:\/\/phytstore.com\/en\/\",\"logo\":{\"@type\":\"ImageObject\",\"inLanguage\":\"en-CA\",\"@id\":\"https:\/\/phytstore.com\/en\/#\/schema\/logo\/image\/\",\"url\":\"https:\/\/phytstore.com\/wp-content\/uploads\/2020\/03\/logo-phyts-e1585168986207.png\",\"contentUrl\":\"https:\/\/phytstore.com\/wp-content\/uploads\/2020\/03\/logo-phyts-e1585168986207.png\",\"width\":200,\"height\":72,\"caption\":\"Phyt's\"},\"image\":{\"@id\":\"https:\/\/phytstore.com\/en\/#\/schema\/logo\/image\/\"},\"sameAs\":[\"https:\/\/www.facebook.com\/CJMBCosmetiques\/?ref=aymt_homepage_panel\",\"https:\/\/www.instagram.com\/phyts_canada\/\",\"https:\/\/www.linkedin.com\/company\/3337211\/admin\/\",\"https:\/\/www.youtube.com\/channel\/UCEkP009p4XTU5lXjLkaKptA\"]}]}<\/script>\n<!-- \/ Yoast SEO plugin. -->","yoast_head_json":{"title":"Extreme Nutrition Mask: Made for Better Skin Nourishment - PHYT'S","description":"Indulge your skin with the PHYT'S Extreme Nutrition Mask, formulated with handpicked Organic ingredients to deeply nourish and hydrate dry and dull skin.","robots":{"index":"index","follow":"follow","max-snippet":"max-snippet:-1","max-image-preview":"max-image-preview:large","max-video-preview":"max-video-preview:-1"},"canonical":"https:\/\/phytstore.com\/en\/product\/extreme-nutrition-mask\/","og_locale":"en_US","og_type":"article","og_title":"Extreme Nutrition Mask: Made for Better Skin Nourishment - PHYT'S","og_description":"Indulge your skin with the PHYT'S Extreme Nutrition Mask, formulated with handpicked Organic ingredients to deeply nourish and hydrate dry and dull skin.","og_url":"https:\/\/phytstore.com\/en\/product\/extreme-nutrition-mask\/","og_site_name":"PHYT&#039;S","article_publisher":"https:\/\/www.facebook.com\/CJMBCosmetiques\/?ref=aymt_homepage_panel","article_modified_time":"2024-09-11T10:39:06+00:00","og_image":[{"width":631,"height":793,"url":"https:\/\/phytstore.com\/wp-content\/uploads\/2020\/09\/Image1.jpg","type":"image\/jpeg"}],"twitter_card":"summary_large_image","twitter_misc":{"Est. reading time":"2 minutes"},"schema":{"@context":"https:\/\/schema.org","@graph":[{"@type":"WebPage","@id":"https:\/\/phytstore.com\/en\/product\/extreme-nutrition-mask\/","url":"https:\/\/phytstore.com\/en\/product\/extreme-nutrition-mask\/","name":"Extreme Nutrition Mask: Made for Better Skin Nourishment - PHYT'S","isPartOf":{"@id":"https:\/\/phytstore.com\/en\/#website"},"primaryImageOfPage":{"@id":"https:\/\/phytstore.com\/en\/product\/extreme-nutrition-mask\/#primaryimage"},"image":{"@id":"https:\/\/phytstore.com\/en\/product\/extreme-nutrition-mask\/#primaryimage"},"thumbnailUrl":"https:\/\/phytstore.com\/wp-content\/uploads\/2020\/03\/3.jpg","datePublished":"2020-09-25T15:37:53+00:00","dateModified":"2024-09-11T10:39:06+00:00","description":"Indulge your skin with the PHYT'S Extreme Nutrition Mask, formulated with handpicked Organic ingredients to deeply nourish and hydrate dry and dull skin.","breadcrumb":{"@id":"https:\/\/phytstore.com\/en\/product\/extreme-nutrition-mask\/#breadcrumb"},"inLanguage":"en-CA","potentialAction":[{"@type":"ReadAction","target":["https:\/\/phytstore.com\/en\/product\/extreme-nutrition-mask\/"]}]},{"@type":"ImageObject","inLanguage":"en-CA","@id":"https:\/\/phytstore.com\/en\/product\/extreme-nutrition-mask\/#primaryimage","url":"https:\/\/phytstore.com\/wp-content\/uploads\/2020\/03\/3.jpg","contentUrl":"https:\/\/phytstore.com\/wp-content\/uploads\/2020\/03\/3.jpg","width":1080,"height":1080},{"@type":"BreadcrumbList","@id":"https:\/\/phytstore.com\/en\/product\/extreme-nutrition-mask\/#breadcrumb","itemListElement":[{"@type":"ListItem","position":1,"name":"Home","item":"https:\/\/phytstore.com\/en\/"},{"@type":"ListItem","position":2,"name":"Shop","item":"https:\/\/phytstore.com\/en\/shop\/"},{"@type":"ListItem","position":3,"name":"Face","item":"https:\/\/phytstore.com\/en\/organic-skin-care\/"},{"@type":"ListItem","position":4,"name":"Sensitivity &amp; Redness","item":"https:\/\/phytstore.com\/en\/organic-skin-care\/sensitivity-redness\/"},{"@type":"ListItem","position":5,"name":"Extreme Nutrition Mask"}]},{"@type":"WebSite","@id":"https:\/\/phytstore.com\/en\/#website","url":"https:\/\/phytstore.com\/en\/","name":"PHYT&#039;S","description":"Fabricant et distributeur de soins certifi\u00e9s bio pour instituts de beaut\u00e9, spa et esth\u00e9ticiennes","publisher":{"@id":"https:\/\/phytstore.com\/en\/#organization"},"potentialAction":[{"@type":"SearchAction","target":{"@type":"EntryPoint","urlTemplate":"https:\/\/phytstore.com\/en\/?s={search_term_string}"},"query-input":{"@type":"PropertyValueSpecification","valueRequired":true,"valueName":"search_term_string"}}],"inLanguage":"en-CA"},{"@type":"Organization","@id":"https:\/\/phytstore.com\/en\/#organization","name":"Phyt's","url":"https:\/\/phytstore.com\/en\/","logo":{"@type":"ImageObject","inLanguage":"en-CA","@id":"https:\/\/phytstore.com\/en\/#\/schema\/logo\/image\/","url":"https:\/\/phytstore.com\/wp-content\/uploads\/2020\/03\/logo-phyts-e1585168986207.png","contentUrl":"https:\/\/phytstore.com\/wp-content\/uploads\/2020\/03\/logo-phyts-e1585168986207.png","width":200,"height":72,"caption":"Phyt's"},"image":{"@id":"https:\/\/phytstore.com\/en\/#\/schema\/logo\/image\/"},"sameAs":["https:\/\/www.facebook.com\/CJMBCosmetiques\/?ref=aymt_homepage_panel","https:\/\/www.instagram.com\/phyts_canada\/","https:\/\/www.linkedin.com\/company\/3337211\/admin\/","https:\/\/www.youtube.com\/channel\/UCEkP009p4XTU5lXjLkaKptA"]}]}},"jetpack_sharing_enabled":true,"_links":{"self":[{"href":"https:\/\/phytstore.com\/en\/wp-json\/wp\/v2\/product\/3983","targetHints":{"allow":["GET"]}}],"collection":[{"href":"https:\/\/phytstore.com\/en\/wp-json\/wp\/v2\/product"}],"about":[{"href":"https:\/\/phytstore.com\/en\/wp-json\/wp\/v2\/types\/product"}],"replies":[{"embeddable":true,"href":"https:\/\/phytstore.com\/en\/wp-json\/wp\/v2\/comments?post=3983"}],"wp:featuredmedia":[{"embeddable":true,"href":"https:\/\/phytstore.com\/en\/wp-json\/wp\/v2\/media\/10748"}],"wp:attachment":[{"href":"https:\/\/phytstore.com\/en\/wp-json\/wp\/v2\/media?parent=3983"}],"wp:term":[{"taxonomy":"product_brand","embeddable":true,"href":"https:\/\/phytstore.com\/en\/wp-json\/wp\/v2\/product_brand?post=3983"},{"taxonomy":"product_cat","embeddable":true,"href":"https:\/\/phytstore.com\/en\/wp-json\/wp\/v2\/product_cat?post=3983"},{"taxonomy":"product_tag","embeddable":true,"href":"https:\/\/phytstore.com\/en\/wp-json\/wp\/v2\/product_tag?post=3983"}],"curies":[{"name":"wp","href":"https:\/\/api.w.org\/{rel}","templated":true}]}}