{"id":3952,"date":"2020-09-14T14:48:07","date_gmt":"2020-09-14T18:48:07","guid":{"rendered":"https:\/\/phytstore.com\/?post_type=product&#038;p=3952"},"modified":"2024-06-17T14:06:32","modified_gmt":"2024-06-17T18:06:32","slug":"eyebrow-shadow-blond-naturel","status":"publish","type":"product","link":"https:\/\/phytstore.com\/en\/product\/eyebrow-shadow-natural-blond\/","title":{"rendered":"Eyebrow Shadow &#8211; Natural Blond"},"content":{"rendered":"<p>Ideal for a natural and thicker eyebrow line, this <strong>Organic eyebrow shadow<\/strong> ensures a thicker and better-shaped effect. In addition, it offers an even and intense coverage. The eyes look more intense and shaped, and the eyebrows thicker.<\/p>\n<p>The range of tones is suited to blond, <a href=\"https:\/\/phytstore.com\/en\/product\/eyebrow-shadow-medium-brown\/\">medium brown<\/a>,\u00a0and <a href=\"https:\/\/phytstore.com\/en\/product\/eyebrow-shadow-dark-brown\/\">dark brown<\/a>\u00a0hair.<\/p>\n<h2><strong>Active ingredients :<\/strong><\/h2>\n<p>Corn Starch*, Rice Powder*, Mica, Natural mineral Talc, Vegetal Squalane, Olive, Castor, Coconut, Shea butter, Sunflower, Acacia, Vegetal Vitamin E, Natural mineral pigments<br \/>\n<em>* ingredients from Organic Farming<\/em><\/p>\n<h2><strong>How to apply eyebrow shadow?<\/strong><\/h2>\n<p>Using the brush of the <a href=\"https:\/\/phytstore.com\/en\/product\/eyebrow-duo-brush\/\">Eyebrow Duo Brush<\/a>, brush eyebrows from bottom to top, then in the direction of hair growth. Use it to shape the eyebrow line. Then, use the angle-shaped brush to shape the eyebrow line. The angle-shaped brush gives an even and natural application of the colour, while the brush head helps to remove excess <a href=\"https:\/\/phytstore.com\/en\/phyts-organic-make-up\/eyebrow-brush\/\">eyebrow shadow<\/a> after application for a natural effect.<\/p>\n<p><strong>Tips<\/strong>: <span lang=\"en\">For a more intense color and a maximum hold, apply the <a href=\"https:\/\/phytstore.com\/en\/product\/shadows-primer\/\">Shadows Primer<\/a> <\/span><span lang=\"en\">below your eyebrow shadow<\/span><span lang=\"en\">. <\/span><span lang=\"en\">To get the most appropriate shade, choose the same as hair color. <\/span>For enhanced color, the lighter shades may be mixed with the darker ones. Finally, in the evening, don\u2019t forget to remove your make-up using a <a href=\"https:\/\/phytstore.com\/en\/product\/phyts-organic-reusable-wipes\/\">reusable Organic wipe<\/a>.<\/p>\n","protected":false},"excerpt":{"rendered":"<p><img loading=\"lazy\" decoding=\"async\" class=\"alignnone size-full wp-image-4921\" src=\"https:\/\/phytstore.com\/wp-content\/uploads\/2020\/03\/Bio-100-Vegan-4.png\" alt=\"\" width=\"274\" height=\"53\" \/><\/p>\n<p>Matte compact powder<\/p>\n<p><strong><span class=\"b\">Skin type<\/span>\u00a0:<\/strong> Eyebrows<br \/>\n<strong>Expectations :<\/strong> Draws, structures, enhances<br \/>\n<strong><span class=\"b\">Presentation<\/span>\u00a0:<\/strong> 2,5 ml compact<\/p>\n","protected":false},"featured_media":5774,"comment_status":"open","ping_status":"closed","template":"","meta":{"_acf_changed":false,"inline_featured_image":false},"product_brand":[],"product_cat":[90,222,321],"product_tag":[],"class_list":{"0":"post-3952","1":"product","2":"type-product","3":"status-publish","4":"has-post-thumbnail","6":"product_cat-phyts-organic-make-up-en","7":"product_cat-eyes","8":"product_cat-eyebrow-shade","10":"first","11":"outofstock","12":"taxable","13":"shipping-taxable","14":"purchasable","15":"product-type-simple"},"acf":[],"yoast_head":"<!-- This site is optimized with the Yoast SEO plugin v27.1.1 - https:\/\/yoast.com\/product\/yoast-seo-wordpress\/ -->\n<title>Organic Eyebrow Shadow - Natural Blond - PHYT&#039;S<\/title>\n<meta name=\"description\" content=\"Ideal for a natural and thicker eyebrow line, our Organic eyebrow shadow ensures a thicker and better-shaped effect.\" \/>\n<meta name=\"robots\" content=\"index, follow, max-snippet:-1, max-image-preview:large, max-video-preview:-1\" \/>\n<link rel=\"canonical\" href=\"https:\/\/phytstore.com\/en\/product\/eyebrow-shadow-natural-blond\/\" \/>\n<meta property=\"og:locale\" content=\"en_US\" \/>\n<meta property=\"og:type\" content=\"article\" \/>\n<meta property=\"og:title\" content=\"Organic Eyebrow Shadow - Natural Blond - PHYT&#039;S\" \/>\n<meta property=\"og:description\" content=\"Ideal for a natural and thicker eyebrow line, our Organic eyebrow shadow ensures a thicker and better-shaped effect.\" \/>\n<meta property=\"og:url\" content=\"https:\/\/phytstore.com\/en\/product\/eyebrow-shadow-natural-blond\/\" \/>\n<meta property=\"og:site_name\" content=\"PHYT&#039;S\" \/>\n<meta property=\"article:publisher\" content=\"https:\/\/www.facebook.com\/CJMBCosmetiques\/?ref=aymt_homepage_panel\" \/>\n<meta property=\"article:modified_time\" content=\"2024-06-17T18:06:32+00:00\" \/>\n<meta property=\"og:image\" content=\"https:\/\/phytstore.com\/wp-content\/uploads\/2020\/09\/Fard-a-Sourcils-Blond-Naturel-Bio.webp\" \/>\n\t<meta property=\"og:image:width\" content=\"900\" \/>\n\t<meta property=\"og:image:height\" content=\"900\" \/>\n\t<meta property=\"og:image:type\" content=\"image\/webp\" \/>\n<meta name=\"twitter:card\" content=\"summary_large_image\" \/>\n<meta name=\"twitter:label1\" content=\"Est. reading time\" \/>\n\t<meta name=\"twitter:data1\" content=\"2 minutes\" \/>\n<script type=\"application\/ld+json\" class=\"yoast-schema-graph\">{\"@context\":\"https:\/\/schema.org\",\"@graph\":[{\"@type\":\"WebPage\",\"@id\":\"https:\/\/phytstore.com\/en\/product\/eyebrow-shadow-natural-blond\/\",\"url\":\"https:\/\/phytstore.com\/en\/product\/eyebrow-shadow-natural-blond\/\",\"name\":\"Organic Eyebrow Shadow - Natural Blond - PHYT&#039;S\",\"isPartOf\":{\"@id\":\"https:\/\/phytstore.com\/en\/#website\"},\"primaryImageOfPage\":{\"@id\":\"https:\/\/phytstore.com\/en\/product\/eyebrow-shadow-natural-blond\/#primaryimage\"},\"image\":{\"@id\":\"https:\/\/phytstore.com\/en\/product\/eyebrow-shadow-natural-blond\/#primaryimage\"},\"thumbnailUrl\":\"https:\/\/phytstore.com\/wp-content\/uploads\/2020\/09\/Fard-a-Sourcils-Blond-Naturel-Bio.webp\",\"datePublished\":\"2020-09-14T18:48:07+00:00\",\"dateModified\":\"2024-06-17T18:06:32+00:00\",\"description\":\"Ideal for a natural and thicker eyebrow line, our Organic eyebrow shadow ensures a thicker and better-shaped effect.\",\"breadcrumb\":{\"@id\":\"https:\/\/phytstore.com\/en\/product\/eyebrow-shadow-natural-blond\/#breadcrumb\"},\"inLanguage\":\"en-CA\",\"potentialAction\":[{\"@type\":\"ReadAction\",\"target\":[\"https:\/\/phytstore.com\/en\/product\/eyebrow-shadow-natural-blond\/\"]}]},{\"@type\":\"ImageObject\",\"inLanguage\":\"en-CA\",\"@id\":\"https:\/\/phytstore.com\/en\/product\/eyebrow-shadow-natural-blond\/#primaryimage\",\"url\":\"https:\/\/phytstore.com\/wp-content\/uploads\/2020\/09\/Fard-a-Sourcils-Blond-Naturel-Bio.webp\",\"contentUrl\":\"https:\/\/phytstore.com\/wp-content\/uploads\/2020\/09\/Fard-a-Sourcils-Blond-Naturel-Bio.webp\",\"width\":900,\"height\":900,\"caption\":\"eyebrow shadow powder\"},{\"@type\":\"BreadcrumbList\",\"@id\":\"https:\/\/phytstore.com\/en\/product\/eyebrow-shadow-natural-blond\/#breadcrumb\",\"itemListElement\":[{\"@type\":\"ListItem\",\"position\":1,\"name\":\"Home\",\"item\":\"https:\/\/phytstore.com\/en\/\"},{\"@type\":\"ListItem\",\"position\":2,\"name\":\"Shop\",\"item\":\"https:\/\/phytstore.com\/en\/shop\/\"},{\"@type\":\"ListItem\",\"position\":3,\"name\":\"PHYT'S Organic Make-Up Line\",\"item\":\"https:\/\/phytstore.com\/en\/phyts-organic-make-up\/\"},{\"@type\":\"ListItem\",\"position\":4,\"name\":\"Eyebrow Shadow &#8211; Natural Blond\"}]},{\"@type\":\"WebSite\",\"@id\":\"https:\/\/phytstore.com\/en\/#website\",\"url\":\"https:\/\/phytstore.com\/en\/\",\"name\":\"PHYT&#039;S\",\"description\":\"Fabricant et distributeur de soins certifi\u00e9s bio pour instituts de beaut\u00e9, spa et esth\u00e9ticiennes\",\"publisher\":{\"@id\":\"https:\/\/phytstore.com\/en\/#organization\"},\"potentialAction\":[{\"@type\":\"SearchAction\",\"target\":{\"@type\":\"EntryPoint\",\"urlTemplate\":\"https:\/\/phytstore.com\/en\/?s={search_term_string}\"},\"query-input\":{\"@type\":\"PropertyValueSpecification\",\"valueRequired\":true,\"valueName\":\"search_term_string\"}}],\"inLanguage\":\"en-CA\"},{\"@type\":\"Organization\",\"@id\":\"https:\/\/phytstore.com\/en\/#organization\",\"name\":\"Phyt's\",\"url\":\"https:\/\/phytstore.com\/en\/\",\"logo\":{\"@type\":\"ImageObject\",\"inLanguage\":\"en-CA\",\"@id\":\"https:\/\/phytstore.com\/en\/#\/schema\/logo\/image\/\",\"url\":\"https:\/\/phytstore.com\/wp-content\/uploads\/2020\/03\/logo-phyts-e1585168986207.png\",\"contentUrl\":\"https:\/\/phytstore.com\/wp-content\/uploads\/2020\/03\/logo-phyts-e1585168986207.png\",\"width\":200,\"height\":72,\"caption\":\"Phyt's\"},\"image\":{\"@id\":\"https:\/\/phytstore.com\/en\/#\/schema\/logo\/image\/\"},\"sameAs\":[\"https:\/\/www.facebook.com\/CJMBCosmetiques\/?ref=aymt_homepage_panel\",\"https:\/\/www.instagram.com\/phyts_canada\/\",\"https:\/\/www.linkedin.com\/company\/3337211\/admin\/\",\"https:\/\/www.youtube.com\/channel\/UCEkP009p4XTU5lXjLkaKptA\"]}]}<\/script>\n<!-- \/ Yoast SEO plugin. -->","yoast_head_json":{"title":"Organic Eyebrow Shadow - Natural Blond - PHYT&#039;S","description":"Ideal for a natural and thicker eyebrow line, our Organic eyebrow shadow ensures a thicker and better-shaped effect.","robots":{"index":"index","follow":"follow","max-snippet":"max-snippet:-1","max-image-preview":"max-image-preview:large","max-video-preview":"max-video-preview:-1"},"canonical":"https:\/\/phytstore.com\/en\/product\/eyebrow-shadow-natural-blond\/","og_locale":"en_US","og_type":"article","og_title":"Organic Eyebrow Shadow - Natural Blond - PHYT&#039;S","og_description":"Ideal for a natural and thicker eyebrow line, our Organic eyebrow shadow ensures a thicker and better-shaped effect.","og_url":"https:\/\/phytstore.com\/en\/product\/eyebrow-shadow-natural-blond\/","og_site_name":"PHYT&#039;S","article_publisher":"https:\/\/www.facebook.com\/CJMBCosmetiques\/?ref=aymt_homepage_panel","article_modified_time":"2024-06-17T18:06:32+00:00","og_image":[{"width":900,"height":900,"url":"https:\/\/phytstore.com\/wp-content\/uploads\/2020\/09\/Fard-a-Sourcils-Blond-Naturel-Bio.webp","type":"image\/webp"}],"twitter_card":"summary_large_image","twitter_misc":{"Est. reading time":"2 minutes"},"schema":{"@context":"https:\/\/schema.org","@graph":[{"@type":"WebPage","@id":"https:\/\/phytstore.com\/en\/product\/eyebrow-shadow-natural-blond\/","url":"https:\/\/phytstore.com\/en\/product\/eyebrow-shadow-natural-blond\/","name":"Organic Eyebrow Shadow - Natural Blond - PHYT&#039;S","isPartOf":{"@id":"https:\/\/phytstore.com\/en\/#website"},"primaryImageOfPage":{"@id":"https:\/\/phytstore.com\/en\/product\/eyebrow-shadow-natural-blond\/#primaryimage"},"image":{"@id":"https:\/\/phytstore.com\/en\/product\/eyebrow-shadow-natural-blond\/#primaryimage"},"thumbnailUrl":"https:\/\/phytstore.com\/wp-content\/uploads\/2020\/09\/Fard-a-Sourcils-Blond-Naturel-Bio.webp","datePublished":"2020-09-14T18:48:07+00:00","dateModified":"2024-06-17T18:06:32+00:00","description":"Ideal for a natural and thicker eyebrow line, our Organic eyebrow shadow ensures a thicker and better-shaped effect.","breadcrumb":{"@id":"https:\/\/phytstore.com\/en\/product\/eyebrow-shadow-natural-blond\/#breadcrumb"},"inLanguage":"en-CA","potentialAction":[{"@type":"ReadAction","target":["https:\/\/phytstore.com\/en\/product\/eyebrow-shadow-natural-blond\/"]}]},{"@type":"ImageObject","inLanguage":"en-CA","@id":"https:\/\/phytstore.com\/en\/product\/eyebrow-shadow-natural-blond\/#primaryimage","url":"https:\/\/phytstore.com\/wp-content\/uploads\/2020\/09\/Fard-a-Sourcils-Blond-Naturel-Bio.webp","contentUrl":"https:\/\/phytstore.com\/wp-content\/uploads\/2020\/09\/Fard-a-Sourcils-Blond-Naturel-Bio.webp","width":900,"height":900,"caption":"eyebrow shadow powder"},{"@type":"BreadcrumbList","@id":"https:\/\/phytstore.com\/en\/product\/eyebrow-shadow-natural-blond\/#breadcrumb","itemListElement":[{"@type":"ListItem","position":1,"name":"Home","item":"https:\/\/phytstore.com\/en\/"},{"@type":"ListItem","position":2,"name":"Shop","item":"https:\/\/phytstore.com\/en\/shop\/"},{"@type":"ListItem","position":3,"name":"PHYT'S Organic Make-Up Line","item":"https:\/\/phytstore.com\/en\/phyts-organic-make-up\/"},{"@type":"ListItem","position":4,"name":"Eyebrow Shadow &#8211; Natural Blond"}]},{"@type":"WebSite","@id":"https:\/\/phytstore.com\/en\/#website","url":"https:\/\/phytstore.com\/en\/","name":"PHYT&#039;S","description":"Fabricant et distributeur de soins certifi\u00e9s bio pour instituts de beaut\u00e9, spa et esth\u00e9ticiennes","publisher":{"@id":"https:\/\/phytstore.com\/en\/#organization"},"potentialAction":[{"@type":"SearchAction","target":{"@type":"EntryPoint","urlTemplate":"https:\/\/phytstore.com\/en\/?s={search_term_string}"},"query-input":{"@type":"PropertyValueSpecification","valueRequired":true,"valueName":"search_term_string"}}],"inLanguage":"en-CA"},{"@type":"Organization","@id":"https:\/\/phytstore.com\/en\/#organization","name":"Phyt's","url":"https:\/\/phytstore.com\/en\/","logo":{"@type":"ImageObject","inLanguage":"en-CA","@id":"https:\/\/phytstore.com\/en\/#\/schema\/logo\/image\/","url":"https:\/\/phytstore.com\/wp-content\/uploads\/2020\/03\/logo-phyts-e1585168986207.png","contentUrl":"https:\/\/phytstore.com\/wp-content\/uploads\/2020\/03\/logo-phyts-e1585168986207.png","width":200,"height":72,"caption":"Phyt's"},"image":{"@id":"https:\/\/phytstore.com\/en\/#\/schema\/logo\/image\/"},"sameAs":["https:\/\/www.facebook.com\/CJMBCosmetiques\/?ref=aymt_homepage_panel","https:\/\/www.instagram.com\/phyts_canada\/","https:\/\/www.linkedin.com\/company\/3337211\/admin\/","https:\/\/www.youtube.com\/channel\/UCEkP009p4XTU5lXjLkaKptA"]}]}},"jetpack_sharing_enabled":true,"_links":{"self":[{"href":"https:\/\/phytstore.com\/en\/wp-json\/wp\/v2\/product\/3952","targetHints":{"allow":["GET"]}}],"collection":[{"href":"https:\/\/phytstore.com\/en\/wp-json\/wp\/v2\/product"}],"about":[{"href":"https:\/\/phytstore.com\/en\/wp-json\/wp\/v2\/types\/product"}],"replies":[{"embeddable":true,"href":"https:\/\/phytstore.com\/en\/wp-json\/wp\/v2\/comments?post=3952"}],"wp:featuredmedia":[{"embeddable":true,"href":"https:\/\/phytstore.com\/en\/wp-json\/wp\/v2\/media\/5774"}],"wp:attachment":[{"href":"https:\/\/phytstore.com\/en\/wp-json\/wp\/v2\/media?parent=3952"}],"wp:term":[{"taxonomy":"product_brand","embeddable":true,"href":"https:\/\/phytstore.com\/en\/wp-json\/wp\/v2\/product_brand?post=3952"},{"taxonomy":"product_cat","embeddable":true,"href":"https:\/\/phytstore.com\/en\/wp-json\/wp\/v2\/product_cat?post=3952"},{"taxonomy":"product_tag","embeddable":true,"href":"https:\/\/phytstore.com\/en\/wp-json\/wp\/v2\/product_tag?post=3952"}],"curies":[{"name":"wp","href":"https:\/\/api.w.org\/{rel}","templated":true}]}}