{"id":3865,"date":"2020-07-10T11:01:28","date_gmt":"2020-07-10T15:01:28","guid":{"rendered":"https:\/\/phytstore.com\/?post_type=product&#038;p=3865"},"modified":"2023-02-16T15:18:25","modified_gmt":"2023-02-16T19:18:25","slug":"fluide-lacte-corps-hydratant-24h","status":"publish","type":"product","link":"https:\/\/phytstore.com\/en\/product\/24h-hydrating-body-fluid\/","title":{"rendered":"24H Hydrating Body Fluid"},"content":{"rendered":"<p>Rich in moisturizing active ingredients, this Organic body milk hydrates and comforts all skin types, even the most dehydrated. With the lightness of a lotion and all the comfort of a cream, it deeply moisturizes the skin, while maintaining the skin protective barrier. Thanks to its ultra-fluid texture, it penetrates immediately, without greasy effect, for a continuous hydration during 24H! The skin, refreshed, regains its suppleness and comfort. It is then smooth, soft and radiant of beauty.<\/p>\n<p><strong>Active ingredients :<\/strong><br \/>\nVegetal Hyaluronic Acid (small molecular weight), Vegetal Hyaluronic Acid (high molecular weight), Aloe Vera*, Vegetal Glycerin, Vegetal Sugars, Argan*, Sunflower*, Vegetal\u00a0Vitamin E<br \/>\n<em>* ingredients from Organic Farming<\/em><\/p>\n<h2>How to apply your Organic Body Lotion<\/h2>\n<p>Massage the moisturizing body milk all over your body, focusing on the driest areas. For this\u00a0<a href=\"https:\/\/phytstore.com\/en\/aqua-phyts\/\">hydrating treatment<\/a>, it is important to apply it to clean skin so that the\u00a0<strong>natural ingredients<\/strong>\u00a0seep properly into your skin.<\/p>\n<h3>Natural products to maintain hydrated skin : body moisturizer, scrub, etc.<\/h3>\n<p>It should be noted that skin that receives a\u00a0<strong>daily moisturizing treatment<\/strong>\u00a0is better protected from external aggressions. Indeed, the cold, sun, and even pollution are factors that can dry out beautiful skin.<\/p>\n<p>This\u00a0<strong>Vegan Body Cream<\/strong> offers a veil of softness thanks to its fluid texture. A real pleasure for dry skin and sensitive skin, which will regain its silky texture with optimal hydration. The <strong>Organic 24H Hydrating Body Fluid<\/strong>\u00a0has a natural fragrance and allows you to have smooth skin. Indeed, moisturizing with an effective treatment ensures cellular regeneration.<\/p>\n<p>Tip : For better penetration, a pleasant sensation, and greater effectiveness, first exfoliate the skin once or twice a week with the <a href=\"https:\/\/phytstore.com\/en\/product\/body-exfoliating-foaming-gel\/\">Body Scrub<\/a>. Its rich\u00a0<strong>Vegan formula<\/strong>\u00a0consisting of apricot powder, lavender and orange will make your skin supple while enchanting you with its warm fragrance and Organic ingredients.<\/p>\n<h2>When to apply your Natural Body Lotion<\/h2>\n<p>This is a fast-penetrating daily\u00a0<strong>aloe lotion<\/strong>\u00a0that gives the skin extreme softness. After your bath or shower, take a real moment of pleasure. Enjoy the feeling of softness provided by the Aloe Vera and plant-based\u00a0<strong>Hyaluronic Acids<\/strong>\u00a0present in this moisturizing treatment.<\/p>\n<p>For long-lasting hydration and an immediate feeling of comfort all day long, apply this body cream every day.<\/p>\n<p>For other\u00a0<strong>Organic products with clean ingredients<\/strong>, and to make your skin even softer, check out our line of Organic moisturizing products to create a\u00a0<strong>strong moisture barrier without dry spots<\/strong>!<\/p>\n","protected":false},"excerpt":{"rendered":"<p><img loading=\"lazy\" decoding=\"async\" class=\"alignnone size-full wp-image-4920\" src=\"https:\/\/phytstore.com\/wp-content\/uploads\/2020\/07\/Bio-100-Vegan-Efficacite-11.png\" alt=\"\" width=\"274\" height=\"53\" \/><\/p>\n<p>Deep &amp; Long-lasting hydration<\/p>\n<p><strong>Skin type :<\/strong> All skin types<br \/>\n<strong>Expectations :<\/strong> Hydrates, plumps, nourishes*, softens, protects<br \/>\n<strong>Presentation :<\/strong> 200 ml pump-bottle<\/p>\n","protected":false},"featured_media":8815,"comment_status":"open","ping_status":"closed","template":"","meta":{"_acf_changed":false,"inline_featured_image":false},"product_brand":[],"product_cat":[81,92,198,212,314],"product_tag":[],"class_list":{"0":"post-3865","1":"product","2":"type-product","3":"status-publish","4":"has-post-thumbnail","6":"product_cat-aqua-phyts-en","7":"product_cat-protecteurs-corps-en","8":"product_cat-dehydration","9":"product_cat-moisturizers","10":"product_cat-milk","12":"first","13":"instock","14":"taxable","15":"shipping-taxable","16":"purchasable","17":"product-type-simple"},"acf":[],"yoast_head":"<!-- This site is optimized with the Yoast SEO plugin v27.4 - https:\/\/yoast.com\/product\/yoast-seo-wordpress\/ -->\n<title>24H Hydrating Body Fluid - PHYT&#039;S<\/title>\n<meta name=\"description\" content=\"Rich in moisturizing active ingredients, this Organic body milk hydrates and comforts all skin types, even the most dehydrated, during 24H!\" \/>\n<meta name=\"robots\" content=\"index, follow, max-snippet:-1, max-image-preview:large, max-video-preview:-1\" \/>\n<link rel=\"canonical\" href=\"https:\/\/phytstore.com\/en\/product\/24h-hydrating-body-fluid\/\" \/>\n<meta property=\"og:locale\" content=\"en_US\" \/>\n<meta property=\"og:type\" content=\"article\" \/>\n<meta property=\"og:title\" content=\"24H Hydrating Body Fluid - PHYT&#039;S\" \/>\n<meta property=\"og:description\" content=\"Rich in moisturizing active ingredients, this Organic body milk hydrates and comforts all skin types, even the most dehydrated, during 24H!\" \/>\n<meta property=\"og:url\" content=\"https:\/\/phytstore.com\/en\/product\/24h-hydrating-body-fluid\/\" \/>\n<meta property=\"og:site_name\" content=\"PHYT&#039;S\" \/>\n<meta property=\"article:publisher\" content=\"https:\/\/www.facebook.com\/CJMBCosmetiques\/?ref=aymt_homepage_panel\" \/>\n<meta property=\"article:modified_time\" content=\"2023-02-16T19:18:25+00:00\" \/>\n<meta property=\"og:image\" content=\"https:\/\/phytstore.com\/wp-content\/uploads\/2020\/07\/FLUIDE-LACTE-CORPS.jpg\" \/>\n\t<meta property=\"og:image:width\" content=\"225\" \/>\n\t<meta property=\"og:image:height\" content=\"225\" \/>\n\t<meta property=\"og:image:type\" content=\"image\/jpeg\" \/>\n<meta name=\"twitter:card\" content=\"summary_large_image\" \/>\n<meta name=\"twitter:label1\" content=\"Est. reading time\" \/>\n\t<meta name=\"twitter:data1\" content=\"3 minutes\" \/>\n<script type=\"application\/ld+json\" class=\"yoast-schema-graph\">{\"@context\":\"https:\\\/\\\/schema.org\",\"@graph\":[{\"@type\":\"WebPage\",\"@id\":\"https:\\\/\\\/phytstore.com\\\/en\\\/product\\\/24h-hydrating-body-fluid\\\/\",\"url\":\"https:\\\/\\\/phytstore.com\\\/en\\\/product\\\/24h-hydrating-body-fluid\\\/\",\"name\":\"24H Hydrating Body Fluid - PHYT&#039;S\",\"isPartOf\":{\"@id\":\"https:\\\/\\\/phytstore.com\\\/en\\\/#website\"},\"primaryImageOfPage\":{\"@id\":\"https:\\\/\\\/phytstore.com\\\/en\\\/product\\\/24h-hydrating-body-fluid\\\/#primaryimage\"},\"image\":{\"@id\":\"https:\\\/\\\/phytstore.com\\\/en\\\/product\\\/24h-hydrating-body-fluid\\\/#primaryimage\"},\"thumbnailUrl\":\"https:\\\/\\\/phytstore.com\\\/wp-content\\\/uploads\\\/2020\\\/07\\\/FLUIDE-LACTE-CORPS.jpg\",\"datePublished\":\"2020-07-10T15:01:28+00:00\",\"dateModified\":\"2023-02-16T19:18:25+00:00\",\"description\":\"Rich in moisturizing active ingredients, this Organic body milk hydrates and comforts all skin types, even the most dehydrated, during 24H!\",\"breadcrumb\":{\"@id\":\"https:\\\/\\\/phytstore.com\\\/en\\\/product\\\/24h-hydrating-body-fluid\\\/#breadcrumb\"},\"inLanguage\":\"en-CA\",\"potentialAction\":[{\"@type\":\"ReadAction\",\"target\":[\"https:\\\/\\\/phytstore.com\\\/en\\\/product\\\/24h-hydrating-body-fluid\\\/\"]}]},{\"@type\":\"ImageObject\",\"inLanguage\":\"en-CA\",\"@id\":\"https:\\\/\\\/phytstore.com\\\/en\\\/product\\\/24h-hydrating-body-fluid\\\/#primaryimage\",\"url\":\"https:\\\/\\\/phytstore.com\\\/wp-content\\\/uploads\\\/2020\\\/07\\\/FLUIDE-LACTE-CORPS.jpg\",\"contentUrl\":\"https:\\\/\\\/phytstore.com\\\/wp-content\\\/uploads\\\/2020\\\/07\\\/FLUIDE-LACTE-CORPS.jpg\",\"width\":225,\"height\":225},{\"@type\":\"BreadcrumbList\",\"@id\":\"https:\\\/\\\/phytstore.com\\\/en\\\/product\\\/24h-hydrating-body-fluid\\\/#breadcrumb\",\"itemListElement\":[{\"@type\":\"ListItem\",\"position\":1,\"name\":\"Home\",\"item\":\"https:\\\/\\\/phytstore.com\\\/en\\\/\"},{\"@type\":\"ListItem\",\"position\":2,\"name\":\"Shop\",\"item\":\"https:\\\/\\\/phytstore.com\\\/en\\\/shop\\\/\"},{\"@type\":\"ListItem\",\"position\":3,\"name\":\"Body\",\"item\":\"https:\\\/\\\/phytstore.com\\\/en\\\/organic-body-care\\\/\"},{\"@type\":\"ListItem\",\"position\":4,\"name\":\"Body Milk\",\"item\":\"https:\\\/\\\/phytstore.com\\\/en\\\/organic-body-care\\\/organic-body-lotion\\\/\"},{\"@type\":\"ListItem\",\"position\":5,\"name\":\"24H Hydrating Body Fluid\"}]},{\"@type\":\"WebSite\",\"@id\":\"https:\\\/\\\/phytstore.com\\\/en\\\/#website\",\"url\":\"https:\\\/\\\/phytstore.com\\\/en\\\/\",\"name\":\"PHYT&#039;S\",\"description\":\"Fabricant et distributeur de soins certifi\u00e9s bio pour instituts de beaut\u00e9, spa et esth\u00e9ticiennes\",\"publisher\":{\"@id\":\"https:\\\/\\\/phytstore.com\\\/en\\\/#organization\"},\"potentialAction\":[{\"@type\":\"SearchAction\",\"target\":{\"@type\":\"EntryPoint\",\"urlTemplate\":\"https:\\\/\\\/phytstore.com\\\/en\\\/?s={search_term_string}\"},\"query-input\":{\"@type\":\"PropertyValueSpecification\",\"valueRequired\":true,\"valueName\":\"search_term_string\"}}],\"inLanguage\":\"en-CA\"},{\"@type\":\"Organization\",\"@id\":\"https:\\\/\\\/phytstore.com\\\/en\\\/#organization\",\"name\":\"Phyt's\",\"url\":\"https:\\\/\\\/phytstore.com\\\/en\\\/\",\"logo\":{\"@type\":\"ImageObject\",\"inLanguage\":\"en-CA\",\"@id\":\"https:\\\/\\\/phytstore.com\\\/en\\\/#\\\/schema\\\/logo\\\/image\\\/\",\"url\":\"https:\\\/\\\/phytstore.com\\\/wp-content\\\/uploads\\\/2020\\\/03\\\/logo-phyts-e1585168986207.png\",\"contentUrl\":\"https:\\\/\\\/phytstore.com\\\/wp-content\\\/uploads\\\/2020\\\/03\\\/logo-phyts-e1585168986207.png\",\"width\":200,\"height\":72,\"caption\":\"Phyt's\"},\"image\":{\"@id\":\"https:\\\/\\\/phytstore.com\\\/en\\\/#\\\/schema\\\/logo\\\/image\\\/\"},\"sameAs\":[\"https:\\\/\\\/www.facebook.com\\\/CJMBCosmetiques\\\/?ref=aymt_homepage_panel\",\"https:\\\/\\\/www.instagram.com\\\/phyts_canada\\\/\",\"https:\\\/\\\/www.linkedin.com\\\/company\\\/3337211\\\/admin\\\/\",\"https:\\\/\\\/www.youtube.com\\\/channel\\\/UCEkP009p4XTU5lXjLkaKptA\"]}]}<\/script>\n<!-- \/ Yoast SEO plugin. -->","yoast_head_json":{"title":"24H Hydrating Body Fluid - PHYT&#039;S","description":"Rich in moisturizing active ingredients, this Organic body milk hydrates and comforts all skin types, even the most dehydrated, during 24H!","robots":{"index":"index","follow":"follow","max-snippet":"max-snippet:-1","max-image-preview":"max-image-preview:large","max-video-preview":"max-video-preview:-1"},"canonical":"https:\/\/phytstore.com\/en\/product\/24h-hydrating-body-fluid\/","og_locale":"en_US","og_type":"article","og_title":"24H Hydrating Body Fluid - PHYT&#039;S","og_description":"Rich in moisturizing active ingredients, this Organic body milk hydrates and comforts all skin types, even the most dehydrated, during 24H!","og_url":"https:\/\/phytstore.com\/en\/product\/24h-hydrating-body-fluid\/","og_site_name":"PHYT&#039;S","article_publisher":"https:\/\/www.facebook.com\/CJMBCosmetiques\/?ref=aymt_homepage_panel","article_modified_time":"2023-02-16T19:18:25+00:00","og_image":[{"width":225,"height":225,"url":"https:\/\/phytstore.com\/wp-content\/uploads\/2020\/07\/FLUIDE-LACTE-CORPS.jpg","type":"image\/jpeg"}],"twitter_card":"summary_large_image","twitter_misc":{"Est. reading time":"3 minutes"},"schema":{"@context":"https:\/\/schema.org","@graph":[{"@type":"WebPage","@id":"https:\/\/phytstore.com\/en\/product\/24h-hydrating-body-fluid\/","url":"https:\/\/phytstore.com\/en\/product\/24h-hydrating-body-fluid\/","name":"24H Hydrating Body Fluid - PHYT&#039;S","isPartOf":{"@id":"https:\/\/phytstore.com\/en\/#website"},"primaryImageOfPage":{"@id":"https:\/\/phytstore.com\/en\/product\/24h-hydrating-body-fluid\/#primaryimage"},"image":{"@id":"https:\/\/phytstore.com\/en\/product\/24h-hydrating-body-fluid\/#primaryimage"},"thumbnailUrl":"https:\/\/phytstore.com\/wp-content\/uploads\/2020\/07\/FLUIDE-LACTE-CORPS.jpg","datePublished":"2020-07-10T15:01:28+00:00","dateModified":"2023-02-16T19:18:25+00:00","description":"Rich in moisturizing active ingredients, this Organic body milk hydrates and comforts all skin types, even the most dehydrated, during 24H!","breadcrumb":{"@id":"https:\/\/phytstore.com\/en\/product\/24h-hydrating-body-fluid\/#breadcrumb"},"inLanguage":"en-CA","potentialAction":[{"@type":"ReadAction","target":["https:\/\/phytstore.com\/en\/product\/24h-hydrating-body-fluid\/"]}]},{"@type":"ImageObject","inLanguage":"en-CA","@id":"https:\/\/phytstore.com\/en\/product\/24h-hydrating-body-fluid\/#primaryimage","url":"https:\/\/phytstore.com\/wp-content\/uploads\/2020\/07\/FLUIDE-LACTE-CORPS.jpg","contentUrl":"https:\/\/phytstore.com\/wp-content\/uploads\/2020\/07\/FLUIDE-LACTE-CORPS.jpg","width":225,"height":225},{"@type":"BreadcrumbList","@id":"https:\/\/phytstore.com\/en\/product\/24h-hydrating-body-fluid\/#breadcrumb","itemListElement":[{"@type":"ListItem","position":1,"name":"Home","item":"https:\/\/phytstore.com\/en\/"},{"@type":"ListItem","position":2,"name":"Shop","item":"https:\/\/phytstore.com\/en\/shop\/"},{"@type":"ListItem","position":3,"name":"Body","item":"https:\/\/phytstore.com\/en\/organic-body-care\/"},{"@type":"ListItem","position":4,"name":"Body Milk","item":"https:\/\/phytstore.com\/en\/organic-body-care\/organic-body-lotion\/"},{"@type":"ListItem","position":5,"name":"24H Hydrating Body Fluid"}]},{"@type":"WebSite","@id":"https:\/\/phytstore.com\/en\/#website","url":"https:\/\/phytstore.com\/en\/","name":"PHYT&#039;S","description":"Fabricant et distributeur de soins certifi\u00e9s bio pour instituts de beaut\u00e9, spa et esth\u00e9ticiennes","publisher":{"@id":"https:\/\/phytstore.com\/en\/#organization"},"potentialAction":[{"@type":"SearchAction","target":{"@type":"EntryPoint","urlTemplate":"https:\/\/phytstore.com\/en\/?s={search_term_string}"},"query-input":{"@type":"PropertyValueSpecification","valueRequired":true,"valueName":"search_term_string"}}],"inLanguage":"en-CA"},{"@type":"Organization","@id":"https:\/\/phytstore.com\/en\/#organization","name":"Phyt's","url":"https:\/\/phytstore.com\/en\/","logo":{"@type":"ImageObject","inLanguage":"en-CA","@id":"https:\/\/phytstore.com\/en\/#\/schema\/logo\/image\/","url":"https:\/\/phytstore.com\/wp-content\/uploads\/2020\/03\/logo-phyts-e1585168986207.png","contentUrl":"https:\/\/phytstore.com\/wp-content\/uploads\/2020\/03\/logo-phyts-e1585168986207.png","width":200,"height":72,"caption":"Phyt's"},"image":{"@id":"https:\/\/phytstore.com\/en\/#\/schema\/logo\/image\/"},"sameAs":["https:\/\/www.facebook.com\/CJMBCosmetiques\/?ref=aymt_homepage_panel","https:\/\/www.instagram.com\/phyts_canada\/","https:\/\/www.linkedin.com\/company\/3337211\/admin\/","https:\/\/www.youtube.com\/channel\/UCEkP009p4XTU5lXjLkaKptA"]}]}},"jetpack_sharing_enabled":true,"_links":{"self":[{"href":"https:\/\/phytstore.com\/en\/wp-json\/wp\/v2\/product\/3865","targetHints":{"allow":["GET"]}}],"collection":[{"href":"https:\/\/phytstore.com\/en\/wp-json\/wp\/v2\/product"}],"about":[{"href":"https:\/\/phytstore.com\/en\/wp-json\/wp\/v2\/types\/product"}],"replies":[{"embeddable":true,"href":"https:\/\/phytstore.com\/en\/wp-json\/wp\/v2\/comments?post=3865"}],"wp:featuredmedia":[{"embeddable":true,"href":"https:\/\/phytstore.com\/en\/wp-json\/wp\/v2\/media\/8815"}],"wp:attachment":[{"href":"https:\/\/phytstore.com\/en\/wp-json\/wp\/v2\/media?parent=3865"}],"wp:term":[{"taxonomy":"product_brand","embeddable":true,"href":"https:\/\/phytstore.com\/en\/wp-json\/wp\/v2\/product_brand?post=3865"},{"taxonomy":"product_cat","embeddable":true,"href":"https:\/\/phytstore.com\/en\/wp-json\/wp\/v2\/product_cat?post=3865"},{"taxonomy":"product_tag","embeddable":true,"href":"https:\/\/phytstore.com\/en\/wp-json\/wp\/v2\/product_tag?post=3865"}],"curies":[{"name":"wp","href":"https:\/\/api.w.org\/{rel}","templated":true}]}}