{"id":3851,"date":"2020-07-09T14:44:04","date_gmt":"2020-07-09T18:44:04","guid":{"rendered":"https:\/\/phytstore.com\/?post_type=product&#038;p=3851"},"modified":"2025-07-31T17:18:41","modified_gmt":"2025-07-31T21:18:41","slug":"cleanser-anti-pollution","status":"publish","type":"product","link":"https:\/\/phytstore.com\/en\/product\/anti-pollution-cleansing-jelly\/","title":{"rendered":"Anti-Pollution Cleansing Jelly"},"content":{"rendered":"<p>This\u00a0<strong>anti-pollution cleanser\u00a0<\/strong>with a unique formulation offers the skin complete and express cleansing action. It perfectly eliminates makeup, even waterproof, and frees the skin from the particles of urban pollution. A jelly on application, it transforms into a melting oil to\u00a0<strong>remove impurities from the skin<\/strong>. Then, in contact with water, it turns into a light milk to free it from all traces of makeup, sebum, and\u00a0<strong>urban pollution<\/strong>. Destressed, the skin is clean, illuminated, and revitalized. This <a href=\"https:\/\/phytstore.com\/en\/organic-skin-care\/natural-face-cleanser\/\"><strong>Organic face cleanser<\/strong><\/a>\u00a0then reveals a fresh, radiant complexion.<\/p>\n<p><strong>&#8211; 99%<\/strong> of microparticles of dirt on the skin after 1 application*<br \/>\n<em>* study of variations in the quantity of dirt microparticles remaining on the skin after wiping, conducted on 11 women<\/em><\/p>\n<h2><strong>Active ingredient list:<\/strong><\/h2>\n<p>Marine Oligosaccharide, Sunflower*, Vegetal Glycerin, Vegetal Vitamin E<br \/>\n<em>* ingredients from Organic Farming<\/em><\/p>\n<p>&nbsp;<\/p>\n<h2>How do I use my Organic Cleansing Jelly?<\/h2>\n<p>In the morning and evening, apply a dose of\u00a0<strong>anti-pollution cleansing gel<\/strong>\u00a0to dry skin, then massage all over the face and eyes in small, gentle circular movements until it turns into an oil. Moisten so that the oil turns into milk.<\/p>\n<p>Rinse thoroughly with water or a <a href=\"https:\/\/phytstore.com\/en\/product\/phyts-organic-reusable-wipes\/\"><strong>reusable Organic wipe<\/strong><\/a>\u00a0to\u00a0<strong>cleanse the skin in depth<\/strong>\u00a0and\u00a0<strong>eliminate all traces of makeup<\/strong>. Then, tone the skin with a <a href=\"https:\/\/phytstore.com\/en\/product\/eucalyptus-toner\/\"><strong>Toner<\/strong><\/a>\u00a0adapted to the skin type.<\/p>\n<p><strong><em>Tips:<\/em><\/strong> For optimal anti-pollution effectiveness, apply the <a href=\"https:\/\/phytstore.com\/en\/product\/anti-pollution-concentrate\/\"><strong>Anti-Pollution Concentrate<\/strong><\/a>, then the <a href=\"https:\/\/phytstore.com\/en\/product\/anti-pollution-cream\/\"><strong>Anti-Pollution Cream<\/strong><\/a> or the <a href=\"https:\/\/phytstore.com\/en\/product\/anti-pollution-serum\/\"><strong>Anti-Pollution Serum<\/strong><\/a>\u00a0on top. Finally, use an eye contour cream in the morning and evening, which is essential for all skin types.<\/p>\n<p>In addition, once or twice a week, exfoliate the skin, then complete the treatment using the <a href=\"https:\/\/phytstore.com\/en\/product\/anti-pollution-flash-mask\/\"><strong>Anti-Pollution Flash Mask<\/strong><\/a>.<\/p>\n<h2>Why use an Anti-pollution Cleanser?<\/h2>\n<p>This\u00a0<strong>anti-pollution cleanser<\/strong>\u00a0is ideal for all skin types, even sensitive skin. With natural extracts in its formula (such as marine plant extracts), it gently eliminates excess sebum and removes impurities from the skin.<\/p>\n<p>Enriched with unique properties and select items, you will not only regain a feeling of clean, healthy skin but also experience a radiant complexion, with\u00a0<strong>pores deeply purified<\/strong>\u00a0and skin shielded from pollution.<\/p>\n<p>For soft, smooth skin, you can also find our <a href=\"https:\/\/phytstore.com\/en\/reviderm\/\"><strong>anti-aging treatments<\/strong><\/a>\u00a0for the perfect daily routine.<\/p>\n","protected":false},"excerpt":{"rendered":"<p><img loading=\"lazy\" decoding=\"async\" class=\"alignnone size-full wp-image-4920\" src=\"https:\/\/phytstore.com\/wp-content\/uploads\/2020\/07\/Bio-100-Vegan-Efficacite-11.png\" alt=\"\" width=\"274\" height=\"53\" \/><\/p>\n<p>Face &amp; eyes anti-pollution cleanser &amp; makeup remover<\/p>\n<p><strong>Skin type :<\/strong>\u00a0All skin types<br \/>\n<strong>Expectations :<\/strong> Removes make-up, cleanses, revitalizes<br \/>\n<strong>Presentation :<\/strong> 100 ml tube<\/p>\n","protected":false},"featured_media":4045,"comment_status":"open","ping_status":"closed","template":"","meta":{"_acf_changed":false,"inline_featured_image":false},"product_brand":[],"product_cat":[93,96,233,236,237,253],"product_tag":[],"class_list":{"0":"post-3851","1":"product","2":"type-product","3":"status-publish","4":"has-post-thumbnail","6":"product_cat-reviderm-en","7":"product_cat-soins-nettoyants-en","8":"product_cat-lack-of-radiance","9":"product_cat-pollution-en","10":"product_cat-first-signs-of-aging","11":"product_cat-cleansers-en","13":"first","14":"instock","15":"taxable","16":"shipping-taxable","17":"purchasable","18":"product-type-simple"},"acf":[],"yoast_head":"<!-- This site is optimized with the Yoast SEO plugin v27.1.1 - https:\/\/yoast.com\/product\/yoast-seo-wordpress\/ -->\n<title>Anti-Pollution Cleansing Jelly \u2013 Deep Cleanse &amp; Glow by PHYT&#039;S<\/title>\n<meta name=\"description\" content=\"Discover our anti-pollution cleanser for clean, fresh, and healthy skin. Ideal for all skin types, it fully restores radiance to the complexion.\" \/>\n<meta name=\"robots\" content=\"index, follow, max-snippet:-1, max-image-preview:large, max-video-preview:-1\" \/>\n<link rel=\"canonical\" href=\"https:\/\/phytstore.com\/en\/product\/anti-pollution-cleansing-jelly\/\" \/>\n<meta property=\"og:locale\" content=\"en_US\" \/>\n<meta property=\"og:type\" content=\"article\" \/>\n<meta property=\"og:title\" content=\"Anti-Pollution Cleansing Jelly \u2013 Deep Cleanse &amp; Glow by PHYT&#039;S\" \/>\n<meta property=\"og:description\" content=\"Discover our anti-pollution cleanser for clean, fresh, and healthy skin. Ideal for all skin types, it fully restores radiance to the complexion.\" \/>\n<meta property=\"og:url\" content=\"https:\/\/phytstore.com\/en\/product\/anti-pollution-cleansing-jelly\/\" \/>\n<meta property=\"og:site_name\" content=\"PHYT&#039;S\" \/>\n<meta property=\"article:publisher\" content=\"https:\/\/www.facebook.com\/CJMBCosmetiques\/?ref=aymt_homepage_panel\" \/>\n<meta property=\"article:modified_time\" content=\"2025-07-31T21:18:41+00:00\" \/>\n<meta property=\"og:image\" content=\"https:\/\/phytstore.com\/wp-content\/uploads\/2020\/07\/prix-de-linnov-gelee-nettoyante-1.jpg\" \/>\n\t<meta property=\"og:image:width\" content=\"1080\" \/>\n\t<meta property=\"og:image:height\" content=\"1080\" \/>\n\t<meta property=\"og:image:type\" content=\"image\/jpeg\" \/>\n<meta name=\"twitter:card\" content=\"summary_large_image\" \/>\n<meta name=\"twitter:label1\" content=\"Est. reading time\" \/>\n\t<meta name=\"twitter:data1\" content=\"3 minutes\" \/>\n<script type=\"application\/ld+json\" class=\"yoast-schema-graph\">{\"@context\":\"https:\/\/schema.org\",\"@graph\":[{\"@type\":\"WebPage\",\"@id\":\"https:\/\/phytstore.com\/en\/product\/anti-pollution-cleansing-jelly\/\",\"url\":\"https:\/\/phytstore.com\/en\/product\/anti-pollution-cleansing-jelly\/\",\"name\":\"Anti-Pollution Cleansing Jelly \u2013 Deep Cleanse & Glow by PHYT'S\",\"isPartOf\":{\"@id\":\"https:\/\/phytstore.com\/en\/#website\"},\"primaryImageOfPage\":{\"@id\":\"https:\/\/phytstore.com\/en\/product\/anti-pollution-cleansing-jelly\/#primaryimage\"},\"image\":{\"@id\":\"https:\/\/phytstore.com\/en\/product\/anti-pollution-cleansing-jelly\/#primaryimage\"},\"thumbnailUrl\":\"https:\/\/phytstore.com\/wp-content\/uploads\/2020\/07\/prix-de-linnov-gelee-nettoyante-1.jpg\",\"datePublished\":\"2020-07-09T18:44:04+00:00\",\"dateModified\":\"2025-07-31T21:18:41+00:00\",\"description\":\"Discover our anti-pollution cleanser for clean, fresh, and healthy skin. Ideal for all skin types, it fully restores radiance to the complexion.\",\"breadcrumb\":{\"@id\":\"https:\/\/phytstore.com\/en\/product\/anti-pollution-cleansing-jelly\/#breadcrumb\"},\"inLanguage\":\"en-CA\",\"potentialAction\":[{\"@type\":\"ReadAction\",\"target\":[\"https:\/\/phytstore.com\/en\/product\/anti-pollution-cleansing-jelly\/\"]}]},{\"@type\":\"ImageObject\",\"inLanguage\":\"en-CA\",\"@id\":\"https:\/\/phytstore.com\/en\/product\/anti-pollution-cleansing-jelly\/#primaryimage\",\"url\":\"https:\/\/phytstore.com\/wp-content\/uploads\/2020\/07\/prix-de-linnov-gelee-nettoyante-1.jpg\",\"contentUrl\":\"https:\/\/phytstore.com\/wp-content\/uploads\/2020\/07\/prix-de-linnov-gelee-nettoyante-1.jpg\",\"width\":1080,\"height\":1080,\"caption\":\"Gel\u00e9e nettoyante\"},{\"@type\":\"BreadcrumbList\",\"@id\":\"https:\/\/phytstore.com\/en\/product\/anti-pollution-cleansing-jelly\/#breadcrumb\",\"itemListElement\":[{\"@type\":\"ListItem\",\"position\":1,\"name\":\"Home\",\"item\":\"https:\/\/phytstore.com\/en\/\"},{\"@type\":\"ListItem\",\"position\":2,\"name\":\"Shop\",\"item\":\"https:\/\/phytstore.com\/en\/shop\/\"},{\"@type\":\"ListItem\",\"position\":3,\"name\":\"Reviderm Line : Anti-pollution, radiance &amp; anti-aging prevention\",\"item\":\"https:\/\/phytstore.com\/en\/reviderm\/\"},{\"@type\":\"ListItem\",\"position\":4,\"name\":\"Anti-Pollution Cleansing Jelly\"}]},{\"@type\":\"WebSite\",\"@id\":\"https:\/\/phytstore.com\/en\/#website\",\"url\":\"https:\/\/phytstore.com\/en\/\",\"name\":\"PHYT&#039;S\",\"description\":\"Fabricant et distributeur de soins certifi\u00e9s bio pour instituts de beaut\u00e9, spa et esth\u00e9ticiennes\",\"publisher\":{\"@id\":\"https:\/\/phytstore.com\/en\/#organization\"},\"potentialAction\":[{\"@type\":\"SearchAction\",\"target\":{\"@type\":\"EntryPoint\",\"urlTemplate\":\"https:\/\/phytstore.com\/en\/?s={search_term_string}\"},\"query-input\":{\"@type\":\"PropertyValueSpecification\",\"valueRequired\":true,\"valueName\":\"search_term_string\"}}],\"inLanguage\":\"en-CA\"},{\"@type\":\"Organization\",\"@id\":\"https:\/\/phytstore.com\/en\/#organization\",\"name\":\"Phyt's\",\"url\":\"https:\/\/phytstore.com\/en\/\",\"logo\":{\"@type\":\"ImageObject\",\"inLanguage\":\"en-CA\",\"@id\":\"https:\/\/phytstore.com\/en\/#\/schema\/logo\/image\/\",\"url\":\"https:\/\/phytstore.com\/wp-content\/uploads\/2020\/03\/logo-phyts-e1585168986207.png\",\"contentUrl\":\"https:\/\/phytstore.com\/wp-content\/uploads\/2020\/03\/logo-phyts-e1585168986207.png\",\"width\":200,\"height\":72,\"caption\":\"Phyt's\"},\"image\":{\"@id\":\"https:\/\/phytstore.com\/en\/#\/schema\/logo\/image\/\"},\"sameAs\":[\"https:\/\/www.facebook.com\/CJMBCosmetiques\/?ref=aymt_homepage_panel\",\"https:\/\/www.instagram.com\/phyts_canada\/\",\"https:\/\/www.linkedin.com\/company\/3337211\/admin\/\",\"https:\/\/www.youtube.com\/channel\/UCEkP009p4XTU5lXjLkaKptA\"]}]}<\/script>\n<!-- \/ Yoast SEO plugin. -->","yoast_head_json":{"title":"Anti-Pollution Cleansing Jelly \u2013 Deep Cleanse & Glow by PHYT'S","description":"Discover our anti-pollution cleanser for clean, fresh, and healthy skin. Ideal for all skin types, it fully restores radiance to the complexion.","robots":{"index":"index","follow":"follow","max-snippet":"max-snippet:-1","max-image-preview":"max-image-preview:large","max-video-preview":"max-video-preview:-1"},"canonical":"https:\/\/phytstore.com\/en\/product\/anti-pollution-cleansing-jelly\/","og_locale":"en_US","og_type":"article","og_title":"Anti-Pollution Cleansing Jelly \u2013 Deep Cleanse & Glow by PHYT'S","og_description":"Discover our anti-pollution cleanser for clean, fresh, and healthy skin. Ideal for all skin types, it fully restores radiance to the complexion.","og_url":"https:\/\/phytstore.com\/en\/product\/anti-pollution-cleansing-jelly\/","og_site_name":"PHYT&#039;S","article_publisher":"https:\/\/www.facebook.com\/CJMBCosmetiques\/?ref=aymt_homepage_panel","article_modified_time":"2025-07-31T21:18:41+00:00","og_image":[{"width":1080,"height":1080,"url":"https:\/\/phytstore.com\/wp-content\/uploads\/2020\/07\/prix-de-linnov-gelee-nettoyante-1.jpg","type":"image\/jpeg"}],"twitter_card":"summary_large_image","twitter_misc":{"Est. reading time":"3 minutes"},"schema":{"@context":"https:\/\/schema.org","@graph":[{"@type":"WebPage","@id":"https:\/\/phytstore.com\/en\/product\/anti-pollution-cleansing-jelly\/","url":"https:\/\/phytstore.com\/en\/product\/anti-pollution-cleansing-jelly\/","name":"Anti-Pollution Cleansing Jelly \u2013 Deep Cleanse & Glow by PHYT'S","isPartOf":{"@id":"https:\/\/phytstore.com\/en\/#website"},"primaryImageOfPage":{"@id":"https:\/\/phytstore.com\/en\/product\/anti-pollution-cleansing-jelly\/#primaryimage"},"image":{"@id":"https:\/\/phytstore.com\/en\/product\/anti-pollution-cleansing-jelly\/#primaryimage"},"thumbnailUrl":"https:\/\/phytstore.com\/wp-content\/uploads\/2020\/07\/prix-de-linnov-gelee-nettoyante-1.jpg","datePublished":"2020-07-09T18:44:04+00:00","dateModified":"2025-07-31T21:18:41+00:00","description":"Discover our anti-pollution cleanser for clean, fresh, and healthy skin. Ideal for all skin types, it fully restores radiance to the complexion.","breadcrumb":{"@id":"https:\/\/phytstore.com\/en\/product\/anti-pollution-cleansing-jelly\/#breadcrumb"},"inLanguage":"en-CA","potentialAction":[{"@type":"ReadAction","target":["https:\/\/phytstore.com\/en\/product\/anti-pollution-cleansing-jelly\/"]}]},{"@type":"ImageObject","inLanguage":"en-CA","@id":"https:\/\/phytstore.com\/en\/product\/anti-pollution-cleansing-jelly\/#primaryimage","url":"https:\/\/phytstore.com\/wp-content\/uploads\/2020\/07\/prix-de-linnov-gelee-nettoyante-1.jpg","contentUrl":"https:\/\/phytstore.com\/wp-content\/uploads\/2020\/07\/prix-de-linnov-gelee-nettoyante-1.jpg","width":1080,"height":1080,"caption":"Gel\u00e9e nettoyante"},{"@type":"BreadcrumbList","@id":"https:\/\/phytstore.com\/en\/product\/anti-pollution-cleansing-jelly\/#breadcrumb","itemListElement":[{"@type":"ListItem","position":1,"name":"Home","item":"https:\/\/phytstore.com\/en\/"},{"@type":"ListItem","position":2,"name":"Shop","item":"https:\/\/phytstore.com\/en\/shop\/"},{"@type":"ListItem","position":3,"name":"Reviderm Line : Anti-pollution, radiance &amp; anti-aging prevention","item":"https:\/\/phytstore.com\/en\/reviderm\/"},{"@type":"ListItem","position":4,"name":"Anti-Pollution Cleansing Jelly"}]},{"@type":"WebSite","@id":"https:\/\/phytstore.com\/en\/#website","url":"https:\/\/phytstore.com\/en\/","name":"PHYT&#039;S","description":"Fabricant et distributeur de soins certifi\u00e9s bio pour instituts de beaut\u00e9, spa et esth\u00e9ticiennes","publisher":{"@id":"https:\/\/phytstore.com\/en\/#organization"},"potentialAction":[{"@type":"SearchAction","target":{"@type":"EntryPoint","urlTemplate":"https:\/\/phytstore.com\/en\/?s={search_term_string}"},"query-input":{"@type":"PropertyValueSpecification","valueRequired":true,"valueName":"search_term_string"}}],"inLanguage":"en-CA"},{"@type":"Organization","@id":"https:\/\/phytstore.com\/en\/#organization","name":"Phyt's","url":"https:\/\/phytstore.com\/en\/","logo":{"@type":"ImageObject","inLanguage":"en-CA","@id":"https:\/\/phytstore.com\/en\/#\/schema\/logo\/image\/","url":"https:\/\/phytstore.com\/wp-content\/uploads\/2020\/03\/logo-phyts-e1585168986207.png","contentUrl":"https:\/\/phytstore.com\/wp-content\/uploads\/2020\/03\/logo-phyts-e1585168986207.png","width":200,"height":72,"caption":"Phyt's"},"image":{"@id":"https:\/\/phytstore.com\/en\/#\/schema\/logo\/image\/"},"sameAs":["https:\/\/www.facebook.com\/CJMBCosmetiques\/?ref=aymt_homepage_panel","https:\/\/www.instagram.com\/phyts_canada\/","https:\/\/www.linkedin.com\/company\/3337211\/admin\/","https:\/\/www.youtube.com\/channel\/UCEkP009p4XTU5lXjLkaKptA"]}]}},"jetpack_sharing_enabled":true,"_links":{"self":[{"href":"https:\/\/phytstore.com\/en\/wp-json\/wp\/v2\/product\/3851","targetHints":{"allow":["GET"]}}],"collection":[{"href":"https:\/\/phytstore.com\/en\/wp-json\/wp\/v2\/product"}],"about":[{"href":"https:\/\/phytstore.com\/en\/wp-json\/wp\/v2\/types\/product"}],"replies":[{"embeddable":true,"href":"https:\/\/phytstore.com\/en\/wp-json\/wp\/v2\/comments?post=3851"}],"wp:featuredmedia":[{"embeddable":true,"href":"https:\/\/phytstore.com\/en\/wp-json\/wp\/v2\/media\/4045"}],"wp:attachment":[{"href":"https:\/\/phytstore.com\/en\/wp-json\/wp\/v2\/media?parent=3851"}],"wp:term":[{"taxonomy":"product_brand","embeddable":true,"href":"https:\/\/phytstore.com\/en\/wp-json\/wp\/v2\/product_brand?post=3851"},{"taxonomy":"product_cat","embeddable":true,"href":"https:\/\/phytstore.com\/en\/wp-json\/wp\/v2\/product_cat?post=3851"},{"taxonomy":"product_tag","embeddable":true,"href":"https:\/\/phytstore.com\/en\/wp-json\/wp\/v2\/product_tag?post=3851"}],"curies":[{"name":"wp","href":"https:\/\/api.w.org\/{rel}","templated":true}]}}