{"id":3078,"date":"2020-04-06T02:07:50","date_gmt":"2020-04-06T02:07:50","guid":{"rendered":"https:\/\/phytstore.com\/produit\/poudre-libre-pepites-dor\/"},"modified":"2025-07-29T16:49:25","modified_gmt":"2025-07-29T20:49:25","slug":"poudre-libre-pepites-dor","status":"publish","type":"product","link":"https:\/\/phytstore.com\/en\/product\/loose-powder-eyeshadow-gold-nuggets\/","title":{"rendered":"Loose Powder Eyeshadow &#8211; Gold Nuggets"},"content":{"rendered":"<p><span lang=\"en\">Succumb to the call of color and make your eyes precious jewels with this Organic loose powder eyeshadow! An airy powder with a concentrate of shiny and reflecting nacres, which offers the eyelids a real sparkling effect.<\/span><br \/>\n<span lang=\"en\">A varied choice of several different colors, for a captivating look!<\/span><\/p>\n<p><strong>Active ingredients :<\/strong><br \/>\nCorn starch*, Magnesium Myristate, Mica, Natural mineral pigments and nacres<br \/>\n<em>* ingredients from Organic Farming<\/em><\/p>\n<p><span lang=\"en\"><strong>Application :<\/strong><br \/>\nUsing the <a href=\"https:\/\/phytstore.com\/en\/product\/eye-shadow-brush\/\">Eye Shadow Brush<\/a>, apply the darkest shade along the upper and lower lash lines, and along the crease to give your eyes a smoky look. Layer the lighter shades over. To brighten your eyes, apply a pearly, light shade in the inner corner of your eyes and just under your brow bone. This loose powder can also be applied on the cheekbones to highlight your face.<\/span><\/p>\n<p><span lang=\"en\"><br \/>\n<strong>Tips :<\/strong> For a more intense color and a maximum hold, apply the <a href=\"https:\/\/phytstore.com\/en\/product\/shadows-primer\/\">Shadows Primer<\/a> <\/span><span lang=\"en\">below your eyeshadow, or even along the lash line to transform it into an eyeliner. To enhance the look, complete with a line of <a href=\"https:\/\/phytstore.com\/en\/product\/eye-pencil-black\/\">Eye Pencil<\/a> or <a href=\"https:\/\/phytstore.com\/en\/product\/eye-liner-black\/\">Eye-Liner<\/a>, and finally <a href=\"https:\/\/phytstore.com\/en\/product\/multi-effects-mascara-black\/\">Multi-Effects Mascara<\/a>. In addition, to structure and intensify it, also use your\u00a0<a href=\"https:\/\/phytstore.com\/en\/product\/eyebrow-shadow-medium-brown\/\">Eyebrow Shadow<\/a>. Finally, in the evening, don\u2019t forget to remove your make-up using a <a href=\"https:\/\/phytstore.com\/en\/product\/phyts-organic-reusable-wipes\/\">reusable Organic wipe<\/a>.<\/span><\/p>\n<p>Want to vary the colours and shades of your make-up? Discover our collection and choose the <a href=\"https:\/\/phytstore.com\/en\/phyts-organic-make-up\/organic-vegan-eyeshadow\/\">Organic eyeshadow<\/a> that suits your style!<\/p>\n","protected":false},"excerpt":{"rendered":"<p><img loading=\"lazy\" decoding=\"async\" class=\"alignnone size-full wp-image-4921\" src=\"https:\/\/phytstore.com\/wp-content\/uploads\/2020\/03\/Bio-100-Vegan-4.png\" alt=\"\" width=\"274\" height=\"53\" \/><\/p>\n<p>Pearlescent, luminous &amp; soft<\/p>\n<p><strong><span class=\"b\">Skin type<\/span> :<\/strong> Eyes (even the most sensitive)<br \/>\n<strong>Expectations :<\/strong> Illuminates, reflects<br \/>\n<strong><span class=\"b\">Presentation<\/span>\u00a0:<\/strong> 6 ml jar<\/p>\n","protected":false},"featured_media":5750,"comment_status":"open","ping_status":"closed","template":"","meta":{"_acf_changed":false,"inline_featured_image":false},"product_brand":[],"product_cat":[90,222,320],"product_tag":[],"class_list":{"0":"post-3078","1":"product","2":"type-product","3":"status-publish","4":"has-post-thumbnail","6":"product_cat-phyts-organic-make-up-en","7":"product_cat-eyes","8":"product_cat-eyeshadow","10":"first","11":"outofstock","12":"taxable","13":"shipping-taxable","14":"purchasable","15":"product-type-simple"},"acf":[],"yoast_head":"<!-- This site is optimized with the Yoast SEO plugin v27.4 - https:\/\/yoast.com\/product\/yoast-seo-wordpress\/ -->\n<title>Gold Nuggets Eyeshadow \u2013 Natural &amp; Organic Makeup by PHYT&#039;S<\/title>\n<meta name=\"description\" content=\"Let your eyes become glittering jewels ! Ultra-light Organic powders with shiny and reflecting nacres, covering your eyelids of a sparkling diadem.\" \/>\n<meta name=\"robots\" content=\"index, follow, max-snippet:-1, max-image-preview:large, max-video-preview:-1\" \/>\n<link rel=\"canonical\" href=\"https:\/\/phytstore.com\/en\/product\/loose-powder-eyeshadow-gold-nuggets\/\" \/>\n<meta property=\"og:locale\" content=\"en_US\" \/>\n<meta property=\"og:type\" content=\"article\" \/>\n<meta property=\"og:title\" content=\"Gold Nuggets Eyeshadow \u2013 Natural &amp; Organic Makeup by PHYT&#039;S\" \/>\n<meta property=\"og:description\" content=\"Let your eyes become glittering jewels ! Ultra-light Organic powders with shiny and reflecting nacres, covering your eyelids of a sparkling diadem.\" \/>\n<meta property=\"og:url\" content=\"https:\/\/phytstore.com\/en\/product\/loose-powder-eyeshadow-gold-nuggets\/\" \/>\n<meta property=\"og:site_name\" content=\"PHYT&#039;S\" \/>\n<meta property=\"article:publisher\" content=\"https:\/\/www.facebook.com\/CJMBCosmetiques\/?ref=aymt_homepage_panel\" \/>\n<meta property=\"article:modified_time\" content=\"2025-07-29T20:49:25+00:00\" \/>\n<meta property=\"og:image\" content=\"https:\/\/phytstore.com\/wp-content\/uploads\/2020\/04\/Poudre-Libre-Pepites-dOr-Bio-2.jpg\" \/>\n\t<meta property=\"og:image:width\" content=\"898\" \/>\n\t<meta property=\"og:image:height\" content=\"900\" \/>\n\t<meta property=\"og:image:type\" content=\"image\/jpeg\" \/>\n<meta name=\"twitter:card\" content=\"summary_large_image\" \/>\n<meta name=\"twitter:label1\" content=\"Est. reading time\" \/>\n\t<meta name=\"twitter:data1\" content=\"2 minutes\" \/>\n<script type=\"application\/ld+json\" class=\"yoast-schema-graph\">{\"@context\":\"https:\\\/\\\/schema.org\",\"@graph\":[{\"@type\":\"WebPage\",\"@id\":\"https:\\\/\\\/phytstore.com\\\/en\\\/product\\\/loose-powder-eyeshadow-gold-nuggets\\\/\",\"url\":\"https:\\\/\\\/phytstore.com\\\/en\\\/product\\\/loose-powder-eyeshadow-gold-nuggets\\\/\",\"name\":\"Gold Nuggets Eyeshadow \u2013 Natural & Organic Makeup by PHYT'S\",\"isPartOf\":{\"@id\":\"https:\\\/\\\/phytstore.com\\\/en\\\/#website\"},\"primaryImageOfPage\":{\"@id\":\"https:\\\/\\\/phytstore.com\\\/en\\\/product\\\/loose-powder-eyeshadow-gold-nuggets\\\/#primaryimage\"},\"image\":{\"@id\":\"https:\\\/\\\/phytstore.com\\\/en\\\/product\\\/loose-powder-eyeshadow-gold-nuggets\\\/#primaryimage\"},\"thumbnailUrl\":\"https:\\\/\\\/phytstore.com\\\/wp-content\\\/uploads\\\/2020\\\/04\\\/Poudre-Libre-Pepites-dOr-Bio-2.jpg\",\"datePublished\":\"2020-04-06T02:07:50+00:00\",\"dateModified\":\"2025-07-29T20:49:25+00:00\",\"description\":\"Let your eyes become glittering jewels ! Ultra-light Organic powders with shiny and reflecting nacres, covering your eyelids of a sparkling diadem.\",\"breadcrumb\":{\"@id\":\"https:\\\/\\\/phytstore.com\\\/en\\\/product\\\/loose-powder-eyeshadow-gold-nuggets\\\/#breadcrumb\"},\"inLanguage\":\"en-CA\",\"potentialAction\":[{\"@type\":\"ReadAction\",\"target\":[\"https:\\\/\\\/phytstore.com\\\/en\\\/product\\\/loose-powder-eyeshadow-gold-nuggets\\\/\"]}]},{\"@type\":\"ImageObject\",\"inLanguage\":\"en-CA\",\"@id\":\"https:\\\/\\\/phytstore.com\\\/en\\\/product\\\/loose-powder-eyeshadow-gold-nuggets\\\/#primaryimage\",\"url\":\"https:\\\/\\\/phytstore.com\\\/wp-content\\\/uploads\\\/2020\\\/04\\\/Poudre-Libre-Pepites-dOr-Bio-2.jpg\",\"contentUrl\":\"https:\\\/\\\/phytstore.com\\\/wp-content\\\/uploads\\\/2020\\\/04\\\/Poudre-Libre-Pepites-dOr-Bio-2.jpg\",\"width\":898,\"height\":900},{\"@type\":\"BreadcrumbList\",\"@id\":\"https:\\\/\\\/phytstore.com\\\/en\\\/product\\\/loose-powder-eyeshadow-gold-nuggets\\\/#breadcrumb\",\"itemListElement\":[{\"@type\":\"ListItem\",\"position\":1,\"name\":\"Home\",\"item\":\"https:\\\/\\\/phytstore.com\\\/en\\\/\"},{\"@type\":\"ListItem\",\"position\":2,\"name\":\"Shop\",\"item\":\"https:\\\/\\\/phytstore.com\\\/en\\\/shop\\\/\"},{\"@type\":\"ListItem\",\"position\":3,\"name\":\"PHYT'S Organic Make-Up Line\",\"item\":\"https:\\\/\\\/phytstore.com\\\/en\\\/phyts-organic-make-up\\\/\"},{\"@type\":\"ListItem\",\"position\":4,\"name\":\"Loose Powder Eyeshadow &#8211; Gold Nuggets\"}]},{\"@type\":\"WebSite\",\"@id\":\"https:\\\/\\\/phytstore.com\\\/en\\\/#website\",\"url\":\"https:\\\/\\\/phytstore.com\\\/en\\\/\",\"name\":\"PHYT&#039;S\",\"description\":\"Fabricant et distributeur de soins certifi\u00e9s bio pour instituts de beaut\u00e9, spa et esth\u00e9ticiennes\",\"publisher\":{\"@id\":\"https:\\\/\\\/phytstore.com\\\/en\\\/#organization\"},\"potentialAction\":[{\"@type\":\"SearchAction\",\"target\":{\"@type\":\"EntryPoint\",\"urlTemplate\":\"https:\\\/\\\/phytstore.com\\\/en\\\/?s={search_term_string}\"},\"query-input\":{\"@type\":\"PropertyValueSpecification\",\"valueRequired\":true,\"valueName\":\"search_term_string\"}}],\"inLanguage\":\"en-CA\"},{\"@type\":\"Organization\",\"@id\":\"https:\\\/\\\/phytstore.com\\\/en\\\/#organization\",\"name\":\"Phyt's\",\"url\":\"https:\\\/\\\/phytstore.com\\\/en\\\/\",\"logo\":{\"@type\":\"ImageObject\",\"inLanguage\":\"en-CA\",\"@id\":\"https:\\\/\\\/phytstore.com\\\/en\\\/#\\\/schema\\\/logo\\\/image\\\/\",\"url\":\"https:\\\/\\\/phytstore.com\\\/wp-content\\\/uploads\\\/2020\\\/03\\\/logo-phyts-e1585168986207.png\",\"contentUrl\":\"https:\\\/\\\/phytstore.com\\\/wp-content\\\/uploads\\\/2020\\\/03\\\/logo-phyts-e1585168986207.png\",\"width\":200,\"height\":72,\"caption\":\"Phyt's\"},\"image\":{\"@id\":\"https:\\\/\\\/phytstore.com\\\/en\\\/#\\\/schema\\\/logo\\\/image\\\/\"},\"sameAs\":[\"https:\\\/\\\/www.facebook.com\\\/CJMBCosmetiques\\\/?ref=aymt_homepage_panel\",\"https:\\\/\\\/www.instagram.com\\\/phyts_canada\\\/\",\"https:\\\/\\\/www.linkedin.com\\\/company\\\/3337211\\\/admin\\\/\",\"https:\\\/\\\/www.youtube.com\\\/channel\\\/UCEkP009p4XTU5lXjLkaKptA\"]}]}<\/script>\n<!-- \/ Yoast SEO plugin. -->","yoast_head_json":{"title":"Gold Nuggets Eyeshadow \u2013 Natural & Organic Makeup by PHYT'S","description":"Let your eyes become glittering jewels ! Ultra-light Organic powders with shiny and reflecting nacres, covering your eyelids of a sparkling diadem.","robots":{"index":"index","follow":"follow","max-snippet":"max-snippet:-1","max-image-preview":"max-image-preview:large","max-video-preview":"max-video-preview:-1"},"canonical":"https:\/\/phytstore.com\/en\/product\/loose-powder-eyeshadow-gold-nuggets\/","og_locale":"en_US","og_type":"article","og_title":"Gold Nuggets Eyeshadow \u2013 Natural & Organic Makeup by PHYT'S","og_description":"Let your eyes become glittering jewels ! Ultra-light Organic powders with shiny and reflecting nacres, covering your eyelids of a sparkling diadem.","og_url":"https:\/\/phytstore.com\/en\/product\/loose-powder-eyeshadow-gold-nuggets\/","og_site_name":"PHYT&#039;S","article_publisher":"https:\/\/www.facebook.com\/CJMBCosmetiques\/?ref=aymt_homepage_panel","article_modified_time":"2025-07-29T20:49:25+00:00","og_image":[{"width":898,"height":900,"url":"https:\/\/phytstore.com\/wp-content\/uploads\/2020\/04\/Poudre-Libre-Pepites-dOr-Bio-2.jpg","type":"image\/jpeg"}],"twitter_card":"summary_large_image","twitter_misc":{"Est. reading time":"2 minutes"},"schema":{"@context":"https:\/\/schema.org","@graph":[{"@type":"WebPage","@id":"https:\/\/phytstore.com\/en\/product\/loose-powder-eyeshadow-gold-nuggets\/","url":"https:\/\/phytstore.com\/en\/product\/loose-powder-eyeshadow-gold-nuggets\/","name":"Gold Nuggets Eyeshadow \u2013 Natural & Organic Makeup by PHYT'S","isPartOf":{"@id":"https:\/\/phytstore.com\/en\/#website"},"primaryImageOfPage":{"@id":"https:\/\/phytstore.com\/en\/product\/loose-powder-eyeshadow-gold-nuggets\/#primaryimage"},"image":{"@id":"https:\/\/phytstore.com\/en\/product\/loose-powder-eyeshadow-gold-nuggets\/#primaryimage"},"thumbnailUrl":"https:\/\/phytstore.com\/wp-content\/uploads\/2020\/04\/Poudre-Libre-Pepites-dOr-Bio-2.jpg","datePublished":"2020-04-06T02:07:50+00:00","dateModified":"2025-07-29T20:49:25+00:00","description":"Let your eyes become glittering jewels ! Ultra-light Organic powders with shiny and reflecting nacres, covering your eyelids of a sparkling diadem.","breadcrumb":{"@id":"https:\/\/phytstore.com\/en\/product\/loose-powder-eyeshadow-gold-nuggets\/#breadcrumb"},"inLanguage":"en-CA","potentialAction":[{"@type":"ReadAction","target":["https:\/\/phytstore.com\/en\/product\/loose-powder-eyeshadow-gold-nuggets\/"]}]},{"@type":"ImageObject","inLanguage":"en-CA","@id":"https:\/\/phytstore.com\/en\/product\/loose-powder-eyeshadow-gold-nuggets\/#primaryimage","url":"https:\/\/phytstore.com\/wp-content\/uploads\/2020\/04\/Poudre-Libre-Pepites-dOr-Bio-2.jpg","contentUrl":"https:\/\/phytstore.com\/wp-content\/uploads\/2020\/04\/Poudre-Libre-Pepites-dOr-Bio-2.jpg","width":898,"height":900},{"@type":"BreadcrumbList","@id":"https:\/\/phytstore.com\/en\/product\/loose-powder-eyeshadow-gold-nuggets\/#breadcrumb","itemListElement":[{"@type":"ListItem","position":1,"name":"Home","item":"https:\/\/phytstore.com\/en\/"},{"@type":"ListItem","position":2,"name":"Shop","item":"https:\/\/phytstore.com\/en\/shop\/"},{"@type":"ListItem","position":3,"name":"PHYT'S Organic Make-Up Line","item":"https:\/\/phytstore.com\/en\/phyts-organic-make-up\/"},{"@type":"ListItem","position":4,"name":"Loose Powder Eyeshadow &#8211; Gold Nuggets"}]},{"@type":"WebSite","@id":"https:\/\/phytstore.com\/en\/#website","url":"https:\/\/phytstore.com\/en\/","name":"PHYT&#039;S","description":"Fabricant et distributeur de soins certifi\u00e9s bio pour instituts de beaut\u00e9, spa et esth\u00e9ticiennes","publisher":{"@id":"https:\/\/phytstore.com\/en\/#organization"},"potentialAction":[{"@type":"SearchAction","target":{"@type":"EntryPoint","urlTemplate":"https:\/\/phytstore.com\/en\/?s={search_term_string}"},"query-input":{"@type":"PropertyValueSpecification","valueRequired":true,"valueName":"search_term_string"}}],"inLanguage":"en-CA"},{"@type":"Organization","@id":"https:\/\/phytstore.com\/en\/#organization","name":"Phyt's","url":"https:\/\/phytstore.com\/en\/","logo":{"@type":"ImageObject","inLanguage":"en-CA","@id":"https:\/\/phytstore.com\/en\/#\/schema\/logo\/image\/","url":"https:\/\/phytstore.com\/wp-content\/uploads\/2020\/03\/logo-phyts-e1585168986207.png","contentUrl":"https:\/\/phytstore.com\/wp-content\/uploads\/2020\/03\/logo-phyts-e1585168986207.png","width":200,"height":72,"caption":"Phyt's"},"image":{"@id":"https:\/\/phytstore.com\/en\/#\/schema\/logo\/image\/"},"sameAs":["https:\/\/www.facebook.com\/CJMBCosmetiques\/?ref=aymt_homepage_panel","https:\/\/www.instagram.com\/phyts_canada\/","https:\/\/www.linkedin.com\/company\/3337211\/admin\/","https:\/\/www.youtube.com\/channel\/UCEkP009p4XTU5lXjLkaKptA"]}]}},"jetpack_sharing_enabled":true,"_links":{"self":[{"href":"https:\/\/phytstore.com\/en\/wp-json\/wp\/v2\/product\/3078","targetHints":{"allow":["GET"]}}],"collection":[{"href":"https:\/\/phytstore.com\/en\/wp-json\/wp\/v2\/product"}],"about":[{"href":"https:\/\/phytstore.com\/en\/wp-json\/wp\/v2\/types\/product"}],"replies":[{"embeddable":true,"href":"https:\/\/phytstore.com\/en\/wp-json\/wp\/v2\/comments?post=3078"}],"wp:featuredmedia":[{"embeddable":true,"href":"https:\/\/phytstore.com\/en\/wp-json\/wp\/v2\/media\/5750"}],"wp:attachment":[{"href":"https:\/\/phytstore.com\/en\/wp-json\/wp\/v2\/media?parent=3078"}],"wp:term":[{"taxonomy":"product_brand","embeddable":true,"href":"https:\/\/phytstore.com\/en\/wp-json\/wp\/v2\/product_brand?post=3078"},{"taxonomy":"product_cat","embeddable":true,"href":"https:\/\/phytstore.com\/en\/wp-json\/wp\/v2\/product_cat?post=3078"},{"taxonomy":"product_tag","embeddable":true,"href":"https:\/\/phytstore.com\/en\/wp-json\/wp\/v2\/product_tag?post=3078"}],"curies":[{"name":"wp","href":"https:\/\/api.w.org\/{rel}","templated":true}]}}