{"id":3071,"date":"2020-04-05T22:46:54","date_gmt":"2020-04-05T22:46:54","guid":{"rendered":"https:\/\/phytstore.com\/produit\/sable-de-sel\/"},"modified":"2026-02-17T15:18:53","modified_gmt":"2026-02-17T19:18:53","slug":"sable-de-sel","status":"publish","type":"product","link":"https:\/\/phytstore.com\/en\/product\/exfoliating-salts-sand\/","title":{"rendered":"Exfoliating Salt Scrub"},"content":{"rendered":"<p>Treat your skin to a luxurious wellness break with our\u00a0<strong>exfoliating salt scrub enriched with seaweed<\/strong>\u00a0made from natural ingredients. Rich in minerals such as sodium and magnesium as well as essential vitamins, this salt-based product helps remove impurities and buff away dead skin, revealing a brighter, more even skin texture.<\/p>\n<p>When blended with a\u00a0<strong>body oil<\/strong>, this scrub develops a silky, creamy texture that allows it to glide smoothly over the skin. It melts into a light foam, leaving behind a refreshing scent. With its gentle yet powerful properties, this vegan exfoliator is suitable for even the most sensitive skin types.<\/p>\n<h3><strong>Active ingredients :<\/strong><\/h3>\n<p>Sea Salt, Laminaria digitata<\/p>\n<h2>Benefits of the salt scrub<\/h2>\n<ul>\n<li><strong>Exfoliates<\/strong>\u00a0deeply to polish the skin<\/li>\n<li><strong>Removes<\/strong>\u00a0dead skin cells for a refined texture<\/li>\n<li><strong>Activates<\/strong>\u00a0blood circulation for a natural glow<\/li>\n<li><strong>Leaves<\/strong>\u00a0your skin soft, nourished, and hydrated<\/li>\n<li><strong>Improves<\/strong>\u00a0the absorption of your skincare products<\/li>\n<li><strong>Turns<\/strong>\u00a0your shower into a spa-like experience<\/li>\n<\/ul>\n<h2>How to use the sea salt scrub<\/h2>\n<p>Apply a body oil such as\u00a0<a href=\"https:\/\/phytstore.com\/en\/product\/relaxing-aroma-phyts\/\"><strong>Relaxing Aroma PHYT\u2019S\u00a0<\/strong><\/a><strong>or\u00a0<\/strong><a href=\"https:\/\/phytstore.com\/en\/produit\/aroma-phyts-cocoon\/\"><strong>Aroma PHYT\u2019S Cocoon<\/strong><\/a>\u00a0to skin. Then, sprinkle a small amount of the exfoliating salt scrub onto target areas. Gently massage using circular motions, focusing on rough spots such as knees, elbows, or heels to polish and smooth the skin.<\/p>\n<p>Use this body scrub once or twice a week as part of your regular skincare routine. It leaves your skin\u00a0<strong>feeling clean, silky, and visibly radiant<\/strong>. Rinse away thoroughly with water, then follow with a butter, seed oil, or hydrating treatment enriched with essential oils.<\/p>\n<p>The PHYT\u2019S exfoliating salt scrub: a natural, gentle, and professional-grade body care essential that delivers visible results and a spa-quality experience.<\/p>\n","protected":false},"excerpt":{"rendered":"<p><img loading=\"lazy\" decoding=\"async\" class=\"alignnone size-full wp-image-4936\" src=\"https:\/\/phytstore.com\/wp-content\/uploads\/2020\/04\/100-Vegan.png\" alt=\"\" width=\"275\" height=\"53\" \/><\/p>\n<p>Exfoliating remineralizing salt to mix with oils<\/p>\n<p><strong>Skin type :<\/strong> All skin types<br \/>\n<strong>Expectations :<\/strong> Exfoliates, remineralizes, softens<br \/>\n<strong>Presentation :<\/strong> 170 g jar<\/p>\n<p>&nbsp;<\/p>\n","protected":false},"featured_media":3041,"comment_status":"open","ping_status":"closed","template":"","meta":{"_acf_changed":false,"inline_featured_image":false},"product_brand":[],"product_cat":[109,210],"product_tag":[],"class_list":{"0":"post-3071","1":"product","2":"type-product","3":"status-publish","4":"has-post-thumbnail","6":"product_cat-bionatural-by-phyts","7":"product_cat-scrubs","9":"first","10":"instock","11":"taxable","12":"shipping-taxable","13":"purchasable","14":"product-type-simple"},"acf":[],"yoast_head":"<!-- This site is optimized with the Yoast SEO plugin v27.4 - https:\/\/yoast.com\/product\/yoast-seo-wordpress\/ -->\n<title>Exfoliating Salt Scrub - Skincare Product - PHYT&#039;S Laboratories<\/title>\n<meta name=\"description\" content=\"Our sea salt body scrub is a natural exfoliator. This salt scrub removes dead skin cells and adds freshness.\" \/>\n<meta name=\"robots\" content=\"index, follow, max-snippet:-1, max-image-preview:large, max-video-preview:-1\" \/>\n<link rel=\"canonical\" href=\"https:\/\/phytstore.com\/en\/product\/exfoliating-salts-sand\/\" \/>\n<meta property=\"og:locale\" content=\"en_US\" \/>\n<meta property=\"og:type\" content=\"article\" \/>\n<meta property=\"og:title\" content=\"Exfoliating Salt Scrub - Skincare Product - PHYT&#039;S Laboratories\" \/>\n<meta property=\"og:description\" content=\"Our sea salt body scrub is a natural exfoliator. This salt scrub removes dead skin cells and adds freshness.\" \/>\n<meta property=\"og:url\" content=\"https:\/\/phytstore.com\/en\/product\/exfoliating-salts-sand\/\" \/>\n<meta property=\"og:site_name\" content=\"PHYT&#039;S\" \/>\n<meta property=\"article:publisher\" content=\"https:\/\/www.facebook.com\/CJMBCosmetiques\/?ref=aymt_homepage_panel\" \/>\n<meta property=\"article:modified_time\" content=\"2026-02-17T19:18:53+00:00\" \/>\n<meta property=\"og:image\" content=\"https:\/\/phytstore.com\/wp-content\/uploads\/2020\/04\/Image2-14.jpg\" \/>\n\t<meta property=\"og:image:width\" content=\"708\" \/>\n\t<meta property=\"og:image:height\" content=\"530\" \/>\n\t<meta property=\"og:image:type\" content=\"image\/jpeg\" \/>\n<meta name=\"twitter:card\" content=\"summary_large_image\" \/>\n<meta name=\"twitter:label1\" content=\"Est. reading time\" \/>\n\t<meta name=\"twitter:data1\" content=\"2 minutes\" \/>\n<script type=\"application\/ld+json\" class=\"yoast-schema-graph\">{\"@context\":\"https:\\\/\\\/schema.org\",\"@graph\":[{\"@type\":\"WebPage\",\"@id\":\"https:\\\/\\\/phytstore.com\\\/en\\\/product\\\/exfoliating-salts-sand\\\/\",\"url\":\"https:\\\/\\\/phytstore.com\\\/en\\\/product\\\/exfoliating-salts-sand\\\/\",\"name\":\"Exfoliating Salt Scrub - Skincare Product - PHYT'S Laboratories\",\"isPartOf\":{\"@id\":\"https:\\\/\\\/phytstore.com\\\/en\\\/#website\"},\"primaryImageOfPage\":{\"@id\":\"https:\\\/\\\/phytstore.com\\\/en\\\/product\\\/exfoliating-salts-sand\\\/#primaryimage\"},\"image\":{\"@id\":\"https:\\\/\\\/phytstore.com\\\/en\\\/product\\\/exfoliating-salts-sand\\\/#primaryimage\"},\"thumbnailUrl\":\"https:\\\/\\\/phytstore.com\\\/wp-content\\\/uploads\\\/2020\\\/04\\\/Image2-14.jpg\",\"datePublished\":\"2020-04-05T22:46:54+00:00\",\"dateModified\":\"2026-02-17T19:18:53+00:00\",\"description\":\"Our sea salt body scrub is a natural exfoliator. This salt scrub removes dead skin cells and adds freshness.\",\"breadcrumb\":{\"@id\":\"https:\\\/\\\/phytstore.com\\\/en\\\/product\\\/exfoliating-salts-sand\\\/#breadcrumb\"},\"inLanguage\":\"en-CA\",\"potentialAction\":[{\"@type\":\"ReadAction\",\"target\":[\"https:\\\/\\\/phytstore.com\\\/en\\\/product\\\/exfoliating-salts-sand\\\/\"]}]},{\"@type\":\"ImageObject\",\"inLanguage\":\"en-CA\",\"@id\":\"https:\\\/\\\/phytstore.com\\\/en\\\/product\\\/exfoliating-salts-sand\\\/#primaryimage\",\"url\":\"https:\\\/\\\/phytstore.com\\\/wp-content\\\/uploads\\\/2020\\\/04\\\/Image2-14.jpg\",\"contentUrl\":\"https:\\\/\\\/phytstore.com\\\/wp-content\\\/uploads\\\/2020\\\/04\\\/Image2-14.jpg\",\"width\":708,\"height\":530,\"caption\":\"Sable de Sel\"},{\"@type\":\"BreadcrumbList\",\"@id\":\"https:\\\/\\\/phytstore.com\\\/en\\\/product\\\/exfoliating-salts-sand\\\/#breadcrumb\",\"itemListElement\":[{\"@type\":\"ListItem\",\"position\":1,\"name\":\"Home\",\"item\":\"https:\\\/\\\/phytstore.com\\\/en\\\/\"},{\"@type\":\"ListItem\",\"position\":2,\"name\":\"Shop\",\"item\":\"https:\\\/\\\/phytstore.com\\\/en\\\/shop\\\/\"},{\"@type\":\"ListItem\",\"position\":3,\"name\":\"Bionatural by PHYT'S Body Sensorial Line\",\"item\":\"https:\\\/\\\/phytstore.com\\\/en\\\/bionatural-by-phyts\\\/\"},{\"@type\":\"ListItem\",\"position\":4,\"name\":\"Exfoliating Salt Scrub\"}]},{\"@type\":\"WebSite\",\"@id\":\"https:\\\/\\\/phytstore.com\\\/en\\\/#website\",\"url\":\"https:\\\/\\\/phytstore.com\\\/en\\\/\",\"name\":\"PHYT&#039;S\",\"description\":\"Fabricant et distributeur de soins certifi\u00e9s bio pour instituts de beaut\u00e9, spa et esth\u00e9ticiennes\",\"publisher\":{\"@id\":\"https:\\\/\\\/phytstore.com\\\/en\\\/#organization\"},\"potentialAction\":[{\"@type\":\"SearchAction\",\"target\":{\"@type\":\"EntryPoint\",\"urlTemplate\":\"https:\\\/\\\/phytstore.com\\\/en\\\/?s={search_term_string}\"},\"query-input\":{\"@type\":\"PropertyValueSpecification\",\"valueRequired\":true,\"valueName\":\"search_term_string\"}}],\"inLanguage\":\"en-CA\"},{\"@type\":\"Organization\",\"@id\":\"https:\\\/\\\/phytstore.com\\\/en\\\/#organization\",\"name\":\"Phyt's\",\"url\":\"https:\\\/\\\/phytstore.com\\\/en\\\/\",\"logo\":{\"@type\":\"ImageObject\",\"inLanguage\":\"en-CA\",\"@id\":\"https:\\\/\\\/phytstore.com\\\/en\\\/#\\\/schema\\\/logo\\\/image\\\/\",\"url\":\"https:\\\/\\\/phytstore.com\\\/wp-content\\\/uploads\\\/2020\\\/03\\\/logo-phyts-e1585168986207.png\",\"contentUrl\":\"https:\\\/\\\/phytstore.com\\\/wp-content\\\/uploads\\\/2020\\\/03\\\/logo-phyts-e1585168986207.png\",\"width\":200,\"height\":72,\"caption\":\"Phyt's\"},\"image\":{\"@id\":\"https:\\\/\\\/phytstore.com\\\/en\\\/#\\\/schema\\\/logo\\\/image\\\/\"},\"sameAs\":[\"https:\\\/\\\/www.facebook.com\\\/CJMBCosmetiques\\\/?ref=aymt_homepage_panel\",\"https:\\\/\\\/www.instagram.com\\\/phyts_canada\\\/\",\"https:\\\/\\\/www.linkedin.com\\\/company\\\/3337211\\\/admin\\\/\",\"https:\\\/\\\/www.youtube.com\\\/channel\\\/UCEkP009p4XTU5lXjLkaKptA\"]}]}<\/script>\n<!-- \/ Yoast SEO plugin. -->","yoast_head_json":{"title":"Exfoliating Salt Scrub - Skincare Product - PHYT'S Laboratories","description":"Our sea salt body scrub is a natural exfoliator. This salt scrub removes dead skin cells and adds freshness.","robots":{"index":"index","follow":"follow","max-snippet":"max-snippet:-1","max-image-preview":"max-image-preview:large","max-video-preview":"max-video-preview:-1"},"canonical":"https:\/\/phytstore.com\/en\/product\/exfoliating-salts-sand\/","og_locale":"en_US","og_type":"article","og_title":"Exfoliating Salt Scrub - Skincare Product - PHYT'S Laboratories","og_description":"Our sea salt body scrub is a natural exfoliator. This salt scrub removes dead skin cells and adds freshness.","og_url":"https:\/\/phytstore.com\/en\/product\/exfoliating-salts-sand\/","og_site_name":"PHYT&#039;S","article_publisher":"https:\/\/www.facebook.com\/CJMBCosmetiques\/?ref=aymt_homepage_panel","article_modified_time":"2026-02-17T19:18:53+00:00","og_image":[{"width":708,"height":530,"url":"https:\/\/phytstore.com\/wp-content\/uploads\/2020\/04\/Image2-14.jpg","type":"image\/jpeg"}],"twitter_card":"summary_large_image","twitter_misc":{"Est. reading time":"2 minutes"},"schema":{"@context":"https:\/\/schema.org","@graph":[{"@type":"WebPage","@id":"https:\/\/phytstore.com\/en\/product\/exfoliating-salts-sand\/","url":"https:\/\/phytstore.com\/en\/product\/exfoliating-salts-sand\/","name":"Exfoliating Salt Scrub - Skincare Product - PHYT'S Laboratories","isPartOf":{"@id":"https:\/\/phytstore.com\/en\/#website"},"primaryImageOfPage":{"@id":"https:\/\/phytstore.com\/en\/product\/exfoliating-salts-sand\/#primaryimage"},"image":{"@id":"https:\/\/phytstore.com\/en\/product\/exfoliating-salts-sand\/#primaryimage"},"thumbnailUrl":"https:\/\/phytstore.com\/wp-content\/uploads\/2020\/04\/Image2-14.jpg","datePublished":"2020-04-05T22:46:54+00:00","dateModified":"2026-02-17T19:18:53+00:00","description":"Our sea salt body scrub is a natural exfoliator. This salt scrub removes dead skin cells and adds freshness.","breadcrumb":{"@id":"https:\/\/phytstore.com\/en\/product\/exfoliating-salts-sand\/#breadcrumb"},"inLanguage":"en-CA","potentialAction":[{"@type":"ReadAction","target":["https:\/\/phytstore.com\/en\/product\/exfoliating-salts-sand\/"]}]},{"@type":"ImageObject","inLanguage":"en-CA","@id":"https:\/\/phytstore.com\/en\/product\/exfoliating-salts-sand\/#primaryimage","url":"https:\/\/phytstore.com\/wp-content\/uploads\/2020\/04\/Image2-14.jpg","contentUrl":"https:\/\/phytstore.com\/wp-content\/uploads\/2020\/04\/Image2-14.jpg","width":708,"height":530,"caption":"Sable de Sel"},{"@type":"BreadcrumbList","@id":"https:\/\/phytstore.com\/en\/product\/exfoliating-salts-sand\/#breadcrumb","itemListElement":[{"@type":"ListItem","position":1,"name":"Home","item":"https:\/\/phytstore.com\/en\/"},{"@type":"ListItem","position":2,"name":"Shop","item":"https:\/\/phytstore.com\/en\/shop\/"},{"@type":"ListItem","position":3,"name":"Bionatural by PHYT'S Body Sensorial Line","item":"https:\/\/phytstore.com\/en\/bionatural-by-phyts\/"},{"@type":"ListItem","position":4,"name":"Exfoliating Salt Scrub"}]},{"@type":"WebSite","@id":"https:\/\/phytstore.com\/en\/#website","url":"https:\/\/phytstore.com\/en\/","name":"PHYT&#039;S","description":"Fabricant et distributeur de soins certifi\u00e9s bio pour instituts de beaut\u00e9, spa et esth\u00e9ticiennes","publisher":{"@id":"https:\/\/phytstore.com\/en\/#organization"},"potentialAction":[{"@type":"SearchAction","target":{"@type":"EntryPoint","urlTemplate":"https:\/\/phytstore.com\/en\/?s={search_term_string}"},"query-input":{"@type":"PropertyValueSpecification","valueRequired":true,"valueName":"search_term_string"}}],"inLanguage":"en-CA"},{"@type":"Organization","@id":"https:\/\/phytstore.com\/en\/#organization","name":"Phyt's","url":"https:\/\/phytstore.com\/en\/","logo":{"@type":"ImageObject","inLanguage":"en-CA","@id":"https:\/\/phytstore.com\/en\/#\/schema\/logo\/image\/","url":"https:\/\/phytstore.com\/wp-content\/uploads\/2020\/03\/logo-phyts-e1585168986207.png","contentUrl":"https:\/\/phytstore.com\/wp-content\/uploads\/2020\/03\/logo-phyts-e1585168986207.png","width":200,"height":72,"caption":"Phyt's"},"image":{"@id":"https:\/\/phytstore.com\/en\/#\/schema\/logo\/image\/"},"sameAs":["https:\/\/www.facebook.com\/CJMBCosmetiques\/?ref=aymt_homepage_panel","https:\/\/www.instagram.com\/phyts_canada\/","https:\/\/www.linkedin.com\/company\/3337211\/admin\/","https:\/\/www.youtube.com\/channel\/UCEkP009p4XTU5lXjLkaKptA"]}]}},"jetpack_sharing_enabled":true,"_links":{"self":[{"href":"https:\/\/phytstore.com\/en\/wp-json\/wp\/v2\/product\/3071","targetHints":{"allow":["GET"]}}],"collection":[{"href":"https:\/\/phytstore.com\/en\/wp-json\/wp\/v2\/product"}],"about":[{"href":"https:\/\/phytstore.com\/en\/wp-json\/wp\/v2\/types\/product"}],"replies":[{"embeddable":true,"href":"https:\/\/phytstore.com\/en\/wp-json\/wp\/v2\/comments?post=3071"}],"wp:featuredmedia":[{"embeddable":true,"href":"https:\/\/phytstore.com\/en\/wp-json\/wp\/v2\/media\/3041"}],"wp:attachment":[{"href":"https:\/\/phytstore.com\/en\/wp-json\/wp\/v2\/media?parent=3071"}],"wp:term":[{"taxonomy":"product_brand","embeddable":true,"href":"https:\/\/phytstore.com\/en\/wp-json\/wp\/v2\/product_brand?post=3071"},{"taxonomy":"product_cat","embeddable":true,"href":"https:\/\/phytstore.com\/en\/wp-json\/wp\/v2\/product_cat?post=3071"},{"taxonomy":"product_tag","embeddable":true,"href":"https:\/\/phytstore.com\/en\/wp-json\/wp\/v2\/product_tag?post=3071"}],"curies":[{"name":"wp","href":"https:\/\/api.w.org\/{rel}","templated":true}]}}