{"id":2929,"date":"2020-03-28T19:56:30","date_gmt":"2020-03-28T23:56:30","guid":{"rendered":"https:\/\/phytstore.com\/produit\/creme-teintee-eclat-lumiere\/"},"modified":"2024-09-11T07:02:38","modified_gmt":"2024-09-11T11:02:38","slug":"creme-teintee-eclat-lumiere","status":"publish","type":"product","link":"https:\/\/phytstore.com\/en\/product\/tinted-moisturizer-radiance-effect\/","title":{"rendered":"Tinted Moisturizer &#8211; Radiance Effect"},"content":{"rendered":"<p>This Organic tinted moisturizing cream enhances and unifies the complexion of any skin wanting radiance, from light to darker skin tones. Its light texture illuminates the complexion and moisturizes the skin, for a natural glow. The complexion is then unified and radiant!<\/p>\n<p><strong>Active ingredients :<\/strong><br \/>\nCornflower*, Jojoba*, Sunflower*, Shea Butter*, Beeswax*, Palmarosa*, Niaouli*, Ho Wood, Vegetal Vitamin E, Natural mineral pigments<br \/>\n<em>* ingredients from Organic Farming<\/em><\/p>\n<p><strong>Application :<\/strong><br \/>\nFor naturally enhanced beauty, apply over the whole face as well as the neck. Can replace day cream.<br \/>\n<strong>Tips :<\/strong><span lang=\"en\"><strong>\u00a0<\/strong>To set and to mattify it, apply the<strong> <a href=\"https:\/\/phytstore.com\/en\/product\/silky-loose-powder\/\">Silky Loose Powder<\/a><\/strong> or the <strong><a href=\"https:\/\/phytstore.com\/en\/product\/satin-beige-compact-powder\/\">Satin Beige Compact Powder<\/a> <\/strong>over it. In addition, to structure the cheekbones, the face and to enhance the complexion, also use a <strong><a href=\"https:\/\/phytstore.com\/en\/product\/blush-tender-pink\/\">Blush<\/a><\/strong> and\/or a <a href=\"https:\/\/phytstore.com\/en\/product\/bronzing-powder-light-complexions\/\"><strong>Bronzing Powder<\/strong><\/a>\u00a0of your choice. Finally, in the evening, don\u2019t forget to remove your make-up using a <a href=\"https:\/\/phytstore.com\/en\/product\/phyts-organic-reusable-wipes\/\"><strong>reusable Organic wipe<\/strong><\/a>.<\/span><\/p>\n<p>To learn more about our <strong><a href=\"https:\/\/phytstore.com\/en\/phyts-organic-make-up\/organic-tinted-moisturizer\/\">Organic tinted moisturizers<\/a><\/strong>, visit our dedicated page and discover how we use premium organic ingredients!<\/p>\n","protected":false},"excerpt":{"rendered":"<p><img loading=\"lazy\" decoding=\"async\" class=\"alignnone size-full wp-image-4923\" src=\"https:\/\/phytstore.com\/wp-content\/uploads\/2020\/03\/Bio-100.png\" alt=\"\" width=\"274\" height=\"53\" \/><\/p>\n<p>Hydrating &amp; lightening &#8211; Any skin tones wanting radiance<\/p>\n<p><strong>Skin type :<\/strong> All skin types<br \/>\n<strong>Expectations : <\/strong>Moisturizes, illuminates, unifies, protects<br \/>\n<strong>Presentation :<\/strong> 40 g tube<\/p>\n","protected":false},"featured_media":2544,"comment_status":"closed","ping_status":"closed","template":"","meta":{"_acf_changed":false,"inline_featured_image":false},"product_brand":[],"product_cat":[90,221,316],"product_tag":[],"class_list":{"0":"post-2929","1":"product","2":"type-product","3":"status-publish","4":"has-post-thumbnail","6":"product_cat-phyts-organic-make-up-en","7":"product_cat-face","8":"product_cat-organic-tinted-moisturizer","10":"first","11":"instock","12":"taxable","13":"shipping-taxable","14":"purchasable","15":"product-type-simple"},"acf":[],"yoast_head":"<!-- This site is optimized with the Yoast SEO plugin v27.4 - https:\/\/yoast.com\/product\/yoast-seo-wordpress\/ -->\n<title>100% Organic Tinted Moisturizer (Radiance Effect) - PHYT&#039;S<\/title>\n<meta name=\"description\" content=\"Smooth Organic tinted cream that enhances and unifies the complexion of any skin carnation. It brightens the complexion and naturally hides imperfections.\" \/>\n<meta name=\"robots\" content=\"index, follow, max-snippet:-1, max-image-preview:large, max-video-preview:-1\" \/>\n<link rel=\"canonical\" href=\"https:\/\/phytstore.com\/en\/product\/tinted-moisturizer-radiance-effect\/\" \/>\n<meta property=\"og:locale\" content=\"en_US\" \/>\n<meta property=\"og:type\" content=\"article\" \/>\n<meta property=\"og:title\" content=\"100% Organic Tinted Moisturizer (Radiance Effect) - PHYT&#039;S\" \/>\n<meta property=\"og:description\" content=\"Smooth Organic tinted cream that enhances and unifies the complexion of any skin carnation. It brightens the complexion and naturally hides imperfections.\" \/>\n<meta property=\"og:url\" content=\"https:\/\/phytstore.com\/en\/product\/tinted-moisturizer-radiance-effect\/\" \/>\n<meta property=\"og:site_name\" content=\"PHYT&#039;S\" \/>\n<meta property=\"article:publisher\" content=\"https:\/\/www.facebook.com\/CJMBCosmetiques\/?ref=aymt_homepage_panel\" \/>\n<meta property=\"article:modified_time\" content=\"2024-09-11T11:02:38+00:00\" \/>\n<meta property=\"og:image\" content=\"https:\/\/phytstore.com\/wp-content\/uploads\/2020\/03\/Image1-7.jpg\" \/>\n\t<meta property=\"og:image:width\" content=\"728\" \/>\n\t<meta property=\"og:image:height\" content=\"614\" \/>\n\t<meta property=\"og:image:type\" content=\"image\/jpeg\" \/>\n<meta name=\"twitter:card\" content=\"summary_large_image\" \/>\n<meta name=\"twitter:label1\" content=\"Est. reading time\" \/>\n\t<meta name=\"twitter:data1\" content=\"2 minutes\" \/>\n<script type=\"application\/ld+json\" class=\"yoast-schema-graph\">{\"@context\":\"https:\\\/\\\/schema.org\",\"@graph\":[{\"@type\":\"WebPage\",\"@id\":\"https:\\\/\\\/phytstore.com\\\/en\\\/product\\\/tinted-moisturizer-radiance-effect\\\/\",\"url\":\"https:\\\/\\\/phytstore.com\\\/en\\\/product\\\/tinted-moisturizer-radiance-effect\\\/\",\"name\":\"100% Organic Tinted Moisturizer (Radiance Effect) - PHYT'S\",\"isPartOf\":{\"@id\":\"https:\\\/\\\/phytstore.com\\\/en\\\/#website\"},\"primaryImageOfPage\":{\"@id\":\"https:\\\/\\\/phytstore.com\\\/en\\\/product\\\/tinted-moisturizer-radiance-effect\\\/#primaryimage\"},\"image\":{\"@id\":\"https:\\\/\\\/phytstore.com\\\/en\\\/product\\\/tinted-moisturizer-radiance-effect\\\/#primaryimage\"},\"thumbnailUrl\":\"https:\\\/\\\/phytstore.com\\\/wp-content\\\/uploads\\\/2020\\\/03\\\/Image1-7.jpg\",\"datePublished\":\"2020-03-28T23:56:30+00:00\",\"dateModified\":\"2024-09-11T11:02:38+00:00\",\"description\":\"Smooth Organic tinted cream that enhances and unifies the complexion of any skin carnation. It brightens the complexion and naturally hides imperfections.\",\"breadcrumb\":{\"@id\":\"https:\\\/\\\/phytstore.com\\\/en\\\/product\\\/tinted-moisturizer-radiance-effect\\\/#breadcrumb\"},\"inLanguage\":\"en-CA\",\"potentialAction\":[{\"@type\":\"ReadAction\",\"target\":[\"https:\\\/\\\/phytstore.com\\\/en\\\/product\\\/tinted-moisturizer-radiance-effect\\\/\"]}]},{\"@type\":\"ImageObject\",\"inLanguage\":\"en-CA\",\"@id\":\"https:\\\/\\\/phytstore.com\\\/en\\\/product\\\/tinted-moisturizer-radiance-effect\\\/#primaryimage\",\"url\":\"https:\\\/\\\/phytstore.com\\\/wp-content\\\/uploads\\\/2020\\\/03\\\/Image1-7.jpg\",\"contentUrl\":\"https:\\\/\\\/phytstore.com\\\/wp-content\\\/uploads\\\/2020\\\/03\\\/Image1-7.jpg\",\"width\":728,\"height\":614,\"caption\":\"Cr\u00e8me Teint\u00e9e \u00c9clat Lumi\u00e8re\"},{\"@type\":\"BreadcrumbList\",\"@id\":\"https:\\\/\\\/phytstore.com\\\/en\\\/product\\\/tinted-moisturizer-radiance-effect\\\/#breadcrumb\",\"itemListElement\":[{\"@type\":\"ListItem\",\"position\":1,\"name\":\"Home\",\"item\":\"https:\\\/\\\/phytstore.com\\\/en\\\/\"},{\"@type\":\"ListItem\",\"position\":2,\"name\":\"Shop\",\"item\":\"https:\\\/\\\/phytstore.com\\\/en\\\/shop\\\/\"},{\"@type\":\"ListItem\",\"position\":3,\"name\":\"Organic Makeup\",\"item\":\"https:\\\/\\\/phytstore.com\\\/en\\\/phyts-organic-make-up\\\/\"},{\"@type\":\"ListItem\",\"position\":4,\"name\":\"Organic Face Makeup\",\"item\":\"https:\\\/\\\/phytstore.com\\\/en\\\/phyts-organic-make-up\\\/organic-face-makeup\\\/\"},{\"@type\":\"ListItem\",\"position\":5,\"name\":\"Tinted Moisturizer &#8211; Radiance Effect\"}]},{\"@type\":\"WebSite\",\"@id\":\"https:\\\/\\\/phytstore.com\\\/en\\\/#website\",\"url\":\"https:\\\/\\\/phytstore.com\\\/en\\\/\",\"name\":\"PHYT&#039;S\",\"description\":\"Fabricant et distributeur de soins certifi\u00e9s bio pour instituts de beaut\u00e9, spa et esth\u00e9ticiennes\",\"publisher\":{\"@id\":\"https:\\\/\\\/phytstore.com\\\/en\\\/#organization\"},\"potentialAction\":[{\"@type\":\"SearchAction\",\"target\":{\"@type\":\"EntryPoint\",\"urlTemplate\":\"https:\\\/\\\/phytstore.com\\\/en\\\/?s={search_term_string}\"},\"query-input\":{\"@type\":\"PropertyValueSpecification\",\"valueRequired\":true,\"valueName\":\"search_term_string\"}}],\"inLanguage\":\"en-CA\"},{\"@type\":\"Organization\",\"@id\":\"https:\\\/\\\/phytstore.com\\\/en\\\/#organization\",\"name\":\"Phyt's\",\"url\":\"https:\\\/\\\/phytstore.com\\\/en\\\/\",\"logo\":{\"@type\":\"ImageObject\",\"inLanguage\":\"en-CA\",\"@id\":\"https:\\\/\\\/phytstore.com\\\/en\\\/#\\\/schema\\\/logo\\\/image\\\/\",\"url\":\"https:\\\/\\\/phytstore.com\\\/wp-content\\\/uploads\\\/2020\\\/03\\\/logo-phyts-e1585168986207.png\",\"contentUrl\":\"https:\\\/\\\/phytstore.com\\\/wp-content\\\/uploads\\\/2020\\\/03\\\/logo-phyts-e1585168986207.png\",\"width\":200,\"height\":72,\"caption\":\"Phyt's\"},\"image\":{\"@id\":\"https:\\\/\\\/phytstore.com\\\/en\\\/#\\\/schema\\\/logo\\\/image\\\/\"},\"sameAs\":[\"https:\\\/\\\/www.facebook.com\\\/CJMBCosmetiques\\\/?ref=aymt_homepage_panel\",\"https:\\\/\\\/www.instagram.com\\\/phyts_canada\\\/\",\"https:\\\/\\\/www.linkedin.com\\\/company\\\/3337211\\\/admin\\\/\",\"https:\\\/\\\/www.youtube.com\\\/channel\\\/UCEkP009p4XTU5lXjLkaKptA\"]}]}<\/script>\n<!-- \/ Yoast SEO plugin. -->","yoast_head_json":{"title":"100% Organic Tinted Moisturizer (Radiance Effect) - PHYT'S","description":"Smooth Organic tinted cream that enhances and unifies the complexion of any skin carnation. It brightens the complexion and naturally hides imperfections.","robots":{"index":"index","follow":"follow","max-snippet":"max-snippet:-1","max-image-preview":"max-image-preview:large","max-video-preview":"max-video-preview:-1"},"canonical":"https:\/\/phytstore.com\/en\/product\/tinted-moisturizer-radiance-effect\/","og_locale":"en_US","og_type":"article","og_title":"100% Organic Tinted Moisturizer (Radiance Effect) - PHYT'S","og_description":"Smooth Organic tinted cream that enhances and unifies the complexion of any skin carnation. It brightens the complexion and naturally hides imperfections.","og_url":"https:\/\/phytstore.com\/en\/product\/tinted-moisturizer-radiance-effect\/","og_site_name":"PHYT&#039;S","article_publisher":"https:\/\/www.facebook.com\/CJMBCosmetiques\/?ref=aymt_homepage_panel","article_modified_time":"2024-09-11T11:02:38+00:00","og_image":[{"width":728,"height":614,"url":"https:\/\/phytstore.com\/wp-content\/uploads\/2020\/03\/Image1-7.jpg","type":"image\/jpeg"}],"twitter_card":"summary_large_image","twitter_misc":{"Est. reading time":"2 minutes"},"schema":{"@context":"https:\/\/schema.org","@graph":[{"@type":"WebPage","@id":"https:\/\/phytstore.com\/en\/product\/tinted-moisturizer-radiance-effect\/","url":"https:\/\/phytstore.com\/en\/product\/tinted-moisturizer-radiance-effect\/","name":"100% Organic Tinted Moisturizer (Radiance Effect) - PHYT'S","isPartOf":{"@id":"https:\/\/phytstore.com\/en\/#website"},"primaryImageOfPage":{"@id":"https:\/\/phytstore.com\/en\/product\/tinted-moisturizer-radiance-effect\/#primaryimage"},"image":{"@id":"https:\/\/phytstore.com\/en\/product\/tinted-moisturizer-radiance-effect\/#primaryimage"},"thumbnailUrl":"https:\/\/phytstore.com\/wp-content\/uploads\/2020\/03\/Image1-7.jpg","datePublished":"2020-03-28T23:56:30+00:00","dateModified":"2024-09-11T11:02:38+00:00","description":"Smooth Organic tinted cream that enhances and unifies the complexion of any skin carnation. It brightens the complexion and naturally hides imperfections.","breadcrumb":{"@id":"https:\/\/phytstore.com\/en\/product\/tinted-moisturizer-radiance-effect\/#breadcrumb"},"inLanguage":"en-CA","potentialAction":[{"@type":"ReadAction","target":["https:\/\/phytstore.com\/en\/product\/tinted-moisturizer-radiance-effect\/"]}]},{"@type":"ImageObject","inLanguage":"en-CA","@id":"https:\/\/phytstore.com\/en\/product\/tinted-moisturizer-radiance-effect\/#primaryimage","url":"https:\/\/phytstore.com\/wp-content\/uploads\/2020\/03\/Image1-7.jpg","contentUrl":"https:\/\/phytstore.com\/wp-content\/uploads\/2020\/03\/Image1-7.jpg","width":728,"height":614,"caption":"Cr\u00e8me Teint\u00e9e \u00c9clat Lumi\u00e8re"},{"@type":"BreadcrumbList","@id":"https:\/\/phytstore.com\/en\/product\/tinted-moisturizer-radiance-effect\/#breadcrumb","itemListElement":[{"@type":"ListItem","position":1,"name":"Home","item":"https:\/\/phytstore.com\/en\/"},{"@type":"ListItem","position":2,"name":"Shop","item":"https:\/\/phytstore.com\/en\/shop\/"},{"@type":"ListItem","position":3,"name":"Organic Makeup","item":"https:\/\/phytstore.com\/en\/phyts-organic-make-up\/"},{"@type":"ListItem","position":4,"name":"Organic Face Makeup","item":"https:\/\/phytstore.com\/en\/phyts-organic-make-up\/organic-face-makeup\/"},{"@type":"ListItem","position":5,"name":"Tinted Moisturizer &#8211; Radiance Effect"}]},{"@type":"WebSite","@id":"https:\/\/phytstore.com\/en\/#website","url":"https:\/\/phytstore.com\/en\/","name":"PHYT&#039;S","description":"Fabricant et distributeur de soins certifi\u00e9s bio pour instituts de beaut\u00e9, spa et esth\u00e9ticiennes","publisher":{"@id":"https:\/\/phytstore.com\/en\/#organization"},"potentialAction":[{"@type":"SearchAction","target":{"@type":"EntryPoint","urlTemplate":"https:\/\/phytstore.com\/en\/?s={search_term_string}"},"query-input":{"@type":"PropertyValueSpecification","valueRequired":true,"valueName":"search_term_string"}}],"inLanguage":"en-CA"},{"@type":"Organization","@id":"https:\/\/phytstore.com\/en\/#organization","name":"Phyt's","url":"https:\/\/phytstore.com\/en\/","logo":{"@type":"ImageObject","inLanguage":"en-CA","@id":"https:\/\/phytstore.com\/en\/#\/schema\/logo\/image\/","url":"https:\/\/phytstore.com\/wp-content\/uploads\/2020\/03\/logo-phyts-e1585168986207.png","contentUrl":"https:\/\/phytstore.com\/wp-content\/uploads\/2020\/03\/logo-phyts-e1585168986207.png","width":200,"height":72,"caption":"Phyt's"},"image":{"@id":"https:\/\/phytstore.com\/en\/#\/schema\/logo\/image\/"},"sameAs":["https:\/\/www.facebook.com\/CJMBCosmetiques\/?ref=aymt_homepage_panel","https:\/\/www.instagram.com\/phyts_canada\/","https:\/\/www.linkedin.com\/company\/3337211\/admin\/","https:\/\/www.youtube.com\/channel\/UCEkP009p4XTU5lXjLkaKptA"]}]}},"jetpack_sharing_enabled":true,"_links":{"self":[{"href":"https:\/\/phytstore.com\/en\/wp-json\/wp\/v2\/product\/2929","targetHints":{"allow":["GET"]}}],"collection":[{"href":"https:\/\/phytstore.com\/en\/wp-json\/wp\/v2\/product"}],"about":[{"href":"https:\/\/phytstore.com\/en\/wp-json\/wp\/v2\/types\/product"}],"replies":[{"embeddable":true,"href":"https:\/\/phytstore.com\/en\/wp-json\/wp\/v2\/comments?post=2929"}],"wp:featuredmedia":[{"embeddable":true,"href":"https:\/\/phytstore.com\/en\/wp-json\/wp\/v2\/media\/2544"}],"wp:attachment":[{"href":"https:\/\/phytstore.com\/en\/wp-json\/wp\/v2\/media?parent=2929"}],"wp:term":[{"taxonomy":"product_brand","embeddable":true,"href":"https:\/\/phytstore.com\/en\/wp-json\/wp\/v2\/product_brand?post=2929"},{"taxonomy":"product_cat","embeddable":true,"href":"https:\/\/phytstore.com\/en\/wp-json\/wp\/v2\/product_cat?post=2929"},{"taxonomy":"product_tag","embeddable":true,"href":"https:\/\/phytstore.com\/en\/wp-json\/wp\/v2\/product_tag?post=2929"}],"curies":[{"name":"wp","href":"https:\/\/api.w.org\/{rel}","templated":true}]}}