{"id":2928,"date":"2020-03-28T19:56:31","date_gmt":"2020-03-28T23:56:31","guid":{"rendered":"https:\/\/phytstore.com\/produit\/lumisun-peaux-mates\/"},"modified":"2024-09-11T06:50:46","modified_gmt":"2024-09-11T10:50:46","slug":"lumisun-peaux-mates","status":"publish","type":"product","link":"https:\/\/phytstore.com\/en\/product\/bronzing-powder-dark-complexions\/","title":{"rendered":"Bronzing Powder &#8211; Dark complexions"},"content":{"rendered":"<p><span class=\"Y2IQFc\" lang=\"en\">This Organic compact bronzing powder is perfectly adapted to medium to dark skin tones. It gives the skin a healthy glow effect and a luminous complexion all year round, thanks to its delicately tanned and golden veil. In addition, this <strong><a href=\"https:\/\/phytstore.com\/en\/phyts-organic-make-up\/vegan-face-powder\/\">vegan face powder<\/a><\/strong> illuminates and sculpts the face. Its silky and iridescent texture protects the skin and ensures your make-up a long-lasting wear.<\/span><\/p>\n<p><span class=\"Y2IQFc\" lang=\"en\">For lighter skin tones, choose the <strong><a href=\"https:\/\/phytstore.com\/en\/product\/bronzing-powder-light-complexions\/\">Light Complexions Bronzing Powder<\/a><\/strong>.<\/span><\/p>\n<h2><strong>Active ingredients :<\/strong><\/h2>\n<p>Rice powder*, Corn starch*, Natural mineral Talc, Vegetal Squalane, Vegetal Vitamin E, Natural mineral pigments and nacres<br \/>\n<em>* ingredients from Organic Farming<\/em><\/p>\n<h2><strong>How to apply my bronzing powder ?<\/strong><\/h2>\n<p>Using the <a href=\"https:\/\/phytstore.com\/en\/product\/blush-powder-brush\/\"><strong>Blush &amp; Powder Brush<\/strong><\/a>, <span class=\"Y2IQFc\" lang=\"en\">apply all over face and neck, or in contouring to sculpt the features.<\/span><br \/>\n<strong>Tips :<\/strong> To ensure an even complexion, don\u2019t forget to also apply it on the cleavage and shoulders. Also, in the evening, don\u2019t forget to remove your make-up using a\u00a0<a href=\"https:\/\/phytstore.com\/en\/product\/phyts-organic-reusable-wipes\/\"><strong>reusable Organic wipe<\/strong><\/a>.<\/p>\n","protected":false},"excerpt":{"rendered":"<p><img loading=\"lazy\" decoding=\"async\" class=\"alignnone size-full wp-image-4921\" src=\"https:\/\/phytstore.com\/wp-content\/uploads\/2020\/03\/Bio-100-Vegan-4.png\" alt=\"\" width=\"274\" height=\"53\" \/><\/p>\n<p>Sun powder &#8211; Medium to dark skin tones<\/p>\n<p><strong>Skin type :<\/strong> All skin types<br \/>\n<strong>Expectations : <\/strong>Illuminates, tans, defines<br \/>\n<strong>Presentation :<\/strong> 15 g compact<\/p>\n","protected":false},"featured_media":2335,"comment_status":"closed","ping_status":"closed","template":"","meta":{"_acf_changed":false,"inline_featured_image":false},"product_brand":[],"product_cat":[90,221,319],"product_tag":[],"class_list":{"0":"post-2928","1":"product","2":"type-product","3":"status-publish","4":"has-post-thumbnail","6":"product_cat-phyts-organic-make-up-en","7":"product_cat-face","8":"product_cat-face-powder","10":"first","11":"instock","12":"taxable","13":"shipping-taxable","14":"purchasable","15":"product-type-simple"},"acf":[],"yoast_head":"<!-- This site is optimized with the Yoast SEO plugin v27.4 - https:\/\/yoast.com\/product\/yoast-seo-wordpress\/ -->\n<title>100% Organic Bronzing Powder: Made for Dark complexions - PHYT&#039;S<\/title>\n<meta name=\"description\" content=\"Soft Organic powders that illuminate, define and give you a healthy look thanks to a delicate tanned veil. 100% natural origin formula !\" \/>\n<meta name=\"robots\" content=\"index, follow, max-snippet:-1, max-image-preview:large, max-video-preview:-1\" \/>\n<link rel=\"canonical\" href=\"https:\/\/phytstore.com\/en\/product\/bronzing-powder-dark-complexions\/\" \/>\n<meta property=\"og:locale\" content=\"en_US\" \/>\n<meta property=\"og:type\" content=\"article\" \/>\n<meta property=\"og:title\" content=\"100% Organic Bronzing Powder: Made for Dark complexions - PHYT&#039;S\" \/>\n<meta property=\"og:description\" content=\"Soft Organic powders that illuminate, define and give you a healthy look thanks to a delicate tanned veil. 100% natural origin formula !\" \/>\n<meta property=\"og:url\" content=\"https:\/\/phytstore.com\/en\/product\/bronzing-powder-dark-complexions\/\" \/>\n<meta property=\"og:site_name\" content=\"PHYT&#039;S\" \/>\n<meta property=\"article:publisher\" content=\"https:\/\/www.facebook.com\/CJMBCosmetiques\/?ref=aymt_homepage_panel\" \/>\n<meta property=\"article:modified_time\" content=\"2024-09-11T10:50:46+00:00\" \/>\n<meta property=\"og:image\" content=\"https:\/\/phytstore.com\/wp-content\/uploads\/2020\/03\/Lumisun-Peaux-Mates-NEW.jpg\" \/>\n\t<meta property=\"og:image:width\" content=\"534\" \/>\n\t<meta property=\"og:image:height\" content=\"534\" \/>\n\t<meta property=\"og:image:type\" content=\"image\/jpeg\" \/>\n<meta name=\"twitter:card\" content=\"summary_large_image\" \/>\n<meta name=\"twitter:label1\" content=\"Est. reading time\" \/>\n\t<meta name=\"twitter:data1\" content=\"1 minute\" \/>\n<script type=\"application\/ld+json\" class=\"yoast-schema-graph\">{\"@context\":\"https:\\\/\\\/schema.org\",\"@graph\":[{\"@type\":\"WebPage\",\"@id\":\"https:\\\/\\\/phytstore.com\\\/en\\\/product\\\/bronzing-powder-dark-complexions\\\/\",\"url\":\"https:\\\/\\\/phytstore.com\\\/en\\\/product\\\/bronzing-powder-dark-complexions\\\/\",\"name\":\"100% Organic Bronzing Powder: Made for Dark complexions - PHYT'S\",\"isPartOf\":{\"@id\":\"https:\\\/\\\/phytstore.com\\\/en\\\/#website\"},\"primaryImageOfPage\":{\"@id\":\"https:\\\/\\\/phytstore.com\\\/en\\\/product\\\/bronzing-powder-dark-complexions\\\/#primaryimage\"},\"image\":{\"@id\":\"https:\\\/\\\/phytstore.com\\\/en\\\/product\\\/bronzing-powder-dark-complexions\\\/#primaryimage\"},\"thumbnailUrl\":\"https:\\\/\\\/phytstore.com\\\/wp-content\\\/uploads\\\/2020\\\/03\\\/Lumisun-Peaux-Mates-NEW.jpg\",\"datePublished\":\"2020-03-28T23:56:31+00:00\",\"dateModified\":\"2024-09-11T10:50:46+00:00\",\"description\":\"Soft Organic powders that illuminate, define and give you a healthy look thanks to a delicate tanned veil. 100% natural origin formula !\",\"breadcrumb\":{\"@id\":\"https:\\\/\\\/phytstore.com\\\/en\\\/product\\\/bronzing-powder-dark-complexions\\\/#breadcrumb\"},\"inLanguage\":\"en-CA\",\"potentialAction\":[{\"@type\":\"ReadAction\",\"target\":[\"https:\\\/\\\/phytstore.com\\\/en\\\/product\\\/bronzing-powder-dark-complexions\\\/\"]}]},{\"@type\":\"ImageObject\",\"inLanguage\":\"en-CA\",\"@id\":\"https:\\\/\\\/phytstore.com\\\/en\\\/product\\\/bronzing-powder-dark-complexions\\\/#primaryimage\",\"url\":\"https:\\\/\\\/phytstore.com\\\/wp-content\\\/uploads\\\/2020\\\/03\\\/Lumisun-Peaux-Mates-NEW.jpg\",\"contentUrl\":\"https:\\\/\\\/phytstore.com\\\/wp-content\\\/uploads\\\/2020\\\/03\\\/Lumisun-Peaux-Mates-NEW.jpg\",\"width\":534,\"height\":534,\"caption\":\"Poudre Lumisun Peaux Mates\"},{\"@type\":\"BreadcrumbList\",\"@id\":\"https:\\\/\\\/phytstore.com\\\/en\\\/product\\\/bronzing-powder-dark-complexions\\\/#breadcrumb\",\"itemListElement\":[{\"@type\":\"ListItem\",\"position\":1,\"name\":\"Home\",\"item\":\"https:\\\/\\\/phytstore.com\\\/en\\\/\"},{\"@type\":\"ListItem\",\"position\":2,\"name\":\"Shop\",\"item\":\"https:\\\/\\\/phytstore.com\\\/en\\\/shop\\\/\"},{\"@type\":\"ListItem\",\"position\":3,\"name\":\"Organic Makeup\",\"item\":\"https:\\\/\\\/phytstore.com\\\/en\\\/phyts-organic-make-up\\\/\"},{\"@type\":\"ListItem\",\"position\":4,\"name\":\"Organic Face Makeup\",\"item\":\"https:\\\/\\\/phytstore.com\\\/en\\\/phyts-organic-make-up\\\/organic-face-makeup\\\/\"},{\"@type\":\"ListItem\",\"position\":5,\"name\":\"Face Powders\",\"item\":\"https:\\\/\\\/phytstore.com\\\/en\\\/phyts-organic-make-up\\\/vegan-face-powder\\\/\"},{\"@type\":\"ListItem\",\"position\":6,\"name\":\"Bronzing Powder &#8211; Dark complexions\"}]},{\"@type\":\"WebSite\",\"@id\":\"https:\\\/\\\/phytstore.com\\\/en\\\/#website\",\"url\":\"https:\\\/\\\/phytstore.com\\\/en\\\/\",\"name\":\"PHYT&#039;S\",\"description\":\"Fabricant et distributeur de soins certifi\u00e9s bio pour instituts de beaut\u00e9, spa et esth\u00e9ticiennes\",\"publisher\":{\"@id\":\"https:\\\/\\\/phytstore.com\\\/en\\\/#organization\"},\"potentialAction\":[{\"@type\":\"SearchAction\",\"target\":{\"@type\":\"EntryPoint\",\"urlTemplate\":\"https:\\\/\\\/phytstore.com\\\/en\\\/?s={search_term_string}\"},\"query-input\":{\"@type\":\"PropertyValueSpecification\",\"valueRequired\":true,\"valueName\":\"search_term_string\"}}],\"inLanguage\":\"en-CA\"},{\"@type\":\"Organization\",\"@id\":\"https:\\\/\\\/phytstore.com\\\/en\\\/#organization\",\"name\":\"Phyt's\",\"url\":\"https:\\\/\\\/phytstore.com\\\/en\\\/\",\"logo\":{\"@type\":\"ImageObject\",\"inLanguage\":\"en-CA\",\"@id\":\"https:\\\/\\\/phytstore.com\\\/en\\\/#\\\/schema\\\/logo\\\/image\\\/\",\"url\":\"https:\\\/\\\/phytstore.com\\\/wp-content\\\/uploads\\\/2020\\\/03\\\/logo-phyts-e1585168986207.png\",\"contentUrl\":\"https:\\\/\\\/phytstore.com\\\/wp-content\\\/uploads\\\/2020\\\/03\\\/logo-phyts-e1585168986207.png\",\"width\":200,\"height\":72,\"caption\":\"Phyt's\"},\"image\":{\"@id\":\"https:\\\/\\\/phytstore.com\\\/en\\\/#\\\/schema\\\/logo\\\/image\\\/\"},\"sameAs\":[\"https:\\\/\\\/www.facebook.com\\\/CJMBCosmetiques\\\/?ref=aymt_homepage_panel\",\"https:\\\/\\\/www.instagram.com\\\/phyts_canada\\\/\",\"https:\\\/\\\/www.linkedin.com\\\/company\\\/3337211\\\/admin\\\/\",\"https:\\\/\\\/www.youtube.com\\\/channel\\\/UCEkP009p4XTU5lXjLkaKptA\"]}]}<\/script>\n<!-- \/ Yoast SEO plugin. -->","yoast_head_json":{"title":"100% Organic Bronzing Powder: Made for Dark complexions - PHYT'S","description":"Soft Organic powders that illuminate, define and give you a healthy look thanks to a delicate tanned veil. 100% natural origin formula !","robots":{"index":"index","follow":"follow","max-snippet":"max-snippet:-1","max-image-preview":"max-image-preview:large","max-video-preview":"max-video-preview:-1"},"canonical":"https:\/\/phytstore.com\/en\/product\/bronzing-powder-dark-complexions\/","og_locale":"en_US","og_type":"article","og_title":"100% Organic Bronzing Powder: Made for Dark complexions - PHYT'S","og_description":"Soft Organic powders that illuminate, define and give you a healthy look thanks to a delicate tanned veil. 100% natural origin formula !","og_url":"https:\/\/phytstore.com\/en\/product\/bronzing-powder-dark-complexions\/","og_site_name":"PHYT&#039;S","article_publisher":"https:\/\/www.facebook.com\/CJMBCosmetiques\/?ref=aymt_homepage_panel","article_modified_time":"2024-09-11T10:50:46+00:00","og_image":[{"width":534,"height":534,"url":"https:\/\/phytstore.com\/wp-content\/uploads\/2020\/03\/Lumisun-Peaux-Mates-NEW.jpg","type":"image\/jpeg"}],"twitter_card":"summary_large_image","twitter_misc":{"Est. reading time":"1 minute"},"schema":{"@context":"https:\/\/schema.org","@graph":[{"@type":"WebPage","@id":"https:\/\/phytstore.com\/en\/product\/bronzing-powder-dark-complexions\/","url":"https:\/\/phytstore.com\/en\/product\/bronzing-powder-dark-complexions\/","name":"100% Organic Bronzing Powder: Made for Dark complexions - PHYT'S","isPartOf":{"@id":"https:\/\/phytstore.com\/en\/#website"},"primaryImageOfPage":{"@id":"https:\/\/phytstore.com\/en\/product\/bronzing-powder-dark-complexions\/#primaryimage"},"image":{"@id":"https:\/\/phytstore.com\/en\/product\/bronzing-powder-dark-complexions\/#primaryimage"},"thumbnailUrl":"https:\/\/phytstore.com\/wp-content\/uploads\/2020\/03\/Lumisun-Peaux-Mates-NEW.jpg","datePublished":"2020-03-28T23:56:31+00:00","dateModified":"2024-09-11T10:50:46+00:00","description":"Soft Organic powders that illuminate, define and give you a healthy look thanks to a delicate tanned veil. 100% natural origin formula !","breadcrumb":{"@id":"https:\/\/phytstore.com\/en\/product\/bronzing-powder-dark-complexions\/#breadcrumb"},"inLanguage":"en-CA","potentialAction":[{"@type":"ReadAction","target":["https:\/\/phytstore.com\/en\/product\/bronzing-powder-dark-complexions\/"]}]},{"@type":"ImageObject","inLanguage":"en-CA","@id":"https:\/\/phytstore.com\/en\/product\/bronzing-powder-dark-complexions\/#primaryimage","url":"https:\/\/phytstore.com\/wp-content\/uploads\/2020\/03\/Lumisun-Peaux-Mates-NEW.jpg","contentUrl":"https:\/\/phytstore.com\/wp-content\/uploads\/2020\/03\/Lumisun-Peaux-Mates-NEW.jpg","width":534,"height":534,"caption":"Poudre Lumisun Peaux Mates"},{"@type":"BreadcrumbList","@id":"https:\/\/phytstore.com\/en\/product\/bronzing-powder-dark-complexions\/#breadcrumb","itemListElement":[{"@type":"ListItem","position":1,"name":"Home","item":"https:\/\/phytstore.com\/en\/"},{"@type":"ListItem","position":2,"name":"Shop","item":"https:\/\/phytstore.com\/en\/shop\/"},{"@type":"ListItem","position":3,"name":"Organic Makeup","item":"https:\/\/phytstore.com\/en\/phyts-organic-make-up\/"},{"@type":"ListItem","position":4,"name":"Organic Face Makeup","item":"https:\/\/phytstore.com\/en\/phyts-organic-make-up\/organic-face-makeup\/"},{"@type":"ListItem","position":5,"name":"Face Powders","item":"https:\/\/phytstore.com\/en\/phyts-organic-make-up\/vegan-face-powder\/"},{"@type":"ListItem","position":6,"name":"Bronzing Powder &#8211; Dark complexions"}]},{"@type":"WebSite","@id":"https:\/\/phytstore.com\/en\/#website","url":"https:\/\/phytstore.com\/en\/","name":"PHYT&#039;S","description":"Fabricant et distributeur de soins certifi\u00e9s bio pour instituts de beaut\u00e9, spa et esth\u00e9ticiennes","publisher":{"@id":"https:\/\/phytstore.com\/en\/#organization"},"potentialAction":[{"@type":"SearchAction","target":{"@type":"EntryPoint","urlTemplate":"https:\/\/phytstore.com\/en\/?s={search_term_string}"},"query-input":{"@type":"PropertyValueSpecification","valueRequired":true,"valueName":"search_term_string"}}],"inLanguage":"en-CA"},{"@type":"Organization","@id":"https:\/\/phytstore.com\/en\/#organization","name":"Phyt's","url":"https:\/\/phytstore.com\/en\/","logo":{"@type":"ImageObject","inLanguage":"en-CA","@id":"https:\/\/phytstore.com\/en\/#\/schema\/logo\/image\/","url":"https:\/\/phytstore.com\/wp-content\/uploads\/2020\/03\/logo-phyts-e1585168986207.png","contentUrl":"https:\/\/phytstore.com\/wp-content\/uploads\/2020\/03\/logo-phyts-e1585168986207.png","width":200,"height":72,"caption":"Phyt's"},"image":{"@id":"https:\/\/phytstore.com\/en\/#\/schema\/logo\/image\/"},"sameAs":["https:\/\/www.facebook.com\/CJMBCosmetiques\/?ref=aymt_homepage_panel","https:\/\/www.instagram.com\/phyts_canada\/","https:\/\/www.linkedin.com\/company\/3337211\/admin\/","https:\/\/www.youtube.com\/channel\/UCEkP009p4XTU5lXjLkaKptA"]}]}},"jetpack_sharing_enabled":true,"_links":{"self":[{"href":"https:\/\/phytstore.com\/en\/wp-json\/wp\/v2\/product\/2928","targetHints":{"allow":["GET"]}}],"collection":[{"href":"https:\/\/phytstore.com\/en\/wp-json\/wp\/v2\/product"}],"about":[{"href":"https:\/\/phytstore.com\/en\/wp-json\/wp\/v2\/types\/product"}],"replies":[{"embeddable":true,"href":"https:\/\/phytstore.com\/en\/wp-json\/wp\/v2\/comments?post=2928"}],"wp:featuredmedia":[{"embeddable":true,"href":"https:\/\/phytstore.com\/en\/wp-json\/wp\/v2\/media\/2335"}],"wp:attachment":[{"href":"https:\/\/phytstore.com\/en\/wp-json\/wp\/v2\/media?parent=2928"}],"wp:term":[{"taxonomy":"product_brand","embeddable":true,"href":"https:\/\/phytstore.com\/en\/wp-json\/wp\/v2\/product_brand?post=2928"},{"taxonomy":"product_cat","embeddable":true,"href":"https:\/\/phytstore.com\/en\/wp-json\/wp\/v2\/product_cat?post=2928"},{"taxonomy":"product_tag","embeddable":true,"href":"https:\/\/phytstore.com\/en\/wp-json\/wp\/v2\/product_tag?post=2928"}],"curies":[{"name":"wp","href":"https:\/\/api.w.org\/{rel}","templated":true}]}}