{"id":2922,"date":"2020-03-28T19:56:31","date_gmt":"2020-03-28T23:56:31","guid":{"rendered":"https:\/\/phytstore.com\/produit\/mascara-noir\/"},"modified":"2024-06-17T14:12:44","modified_gmt":"2024-06-17T18:12:44","slug":"mascara-noir","status":"publish","type":"product","link":"https:\/\/phytstore.com\/en\/product\/multi-effects-mascara-black\/","title":{"rendered":"Multi-Effects Mascara &#8211; Black"},"content":{"rendered":"<p><span lang=\"en\">With its formula enriched with nourishing*, fortifying and protective vegetal oils and waxes, this Organic multi-effects mascara <\/span><span class=\"Y2IQFc\" lang=\"en\">gives lashes strength and health. In addition, it ensures length,<\/span><span lang=\"en\"> volume and intensity. Its curved multi-fonction brush, with a dynamic design, optimizes its results. Indeed, the short hairs coat the lashes at the base while offering them volume, while the long hairs lengthen and separate them.<\/span><br \/>\n<em><span lang=\"en\">* via hydration<\/span><\/em><\/p>\n<p><span lang=\"en\">Available in 2 colors, from intense to natural, you will be naturally glamorous!<\/span><\/p>\n<h2><strong>Active Ingredients :<\/strong><\/h2>\n<p>Sunflower*, Castor*, Beeswax*, Candelilla, Vegetal Polyglycerides, Aloe Vera*, Vegetal Vitamin E, Natural mineral pigments<br \/>\n<em>* ingredients from Organic Farming<\/em><\/p>\n<h2><strong>How to Apply my Black Multi-Effects Mascara?<br \/>\n<\/strong><\/h2>\n<p>Looking down, apply the brush flush of your <a href=\"https:\/\/phytstore.com\/en\/phyts-organic-make-up\/mascara-bio-vegan\/\">natural mascara<\/a> with the eyelashes and perform a zigzag motion to embed each of them. Stretch the texture to the tip to lengthen and enlarge the look. Then make up by light strokes the lower lashes.<\/p>\n<p><strong>Tips :<\/strong> For a slightly more natural look, use the <a href=\"https:\/\/phytstore.com\/en\/product\/multi-effects-mascara-brown\/\">Brown Multi-Effects Mascara<\/a>. Also,<span class=\"Y2IQFc\" lang=\"en\"> in the evening, don&#8217;t forget to remove your make-up using the ultra-soft side of a <a href=\"https:\/\/phytstore.com\/en\/product\/phyts-organic-reusable-wipes\/\">reusable Organic wipe<\/a>.<\/span><\/p>\n","protected":false},"excerpt":{"rendered":"<p><img loading=\"lazy\" decoding=\"async\" class=\"alignnone size-full wp-image-5406\" src=\"https:\/\/phytstore.com\/wp-content\/uploads\/2020\/03\/Bio-99.png\" alt=\"\" width=\"274\" height=\"47\" srcset=\"https:\/\/phytstore.com\/wp-content\/uploads\/2020\/03\/Bio-99.png 274w, https:\/\/phytstore.com\/wp-content\/uploads\/2020\/03\/Bio-99-150x26.png 150w\" sizes=\"auto, (max-width: 274px) 100vw, 274px\" \/><\/p>\n<p>Nourishing &amp; protective &#8211; Lenght, volume &amp; intensity<\/p>\n<p><strong><span class=\"b\">Skin type<\/span>\u00a0:<\/strong> Eyes (even the most sensitive)<br \/>\n<strong>Expectations :<\/strong> Lenghtens,<span class=\"Y2IQFc\" lang=\"en\"> defines, intensifies<\/span><br \/>\n<strong><span class=\"b\">Presentation<\/span>\u00a0:<\/strong> 9,5 ml tube<\/p>\n","protected":false},"featured_media":5721,"comment_status":"closed","ping_status":"closed","template":"","meta":{"_acf_changed":false,"inline_featured_image":false},"product_brand":[],"product_cat":[90,222,322],"product_tag":[],"class_list":{"0":"post-2922","1":"product","2":"type-product","3":"status-publish","4":"has-post-thumbnail","6":"product_cat-phyts-organic-make-up-en","7":"product_cat-eyes","8":"product_cat-mascara-en","10":"first","11":"instock","12":"taxable","13":"shipping-taxable","14":"purchasable","15":"product-type-simple"},"acf":[],"yoast_head":"<!-- This site is optimized with the Yoast SEO plugin v27.1.1 - https:\/\/yoast.com\/product\/yoast-seo-wordpress\/ -->\n<title>Multi-Effects Mascara - Black - PHYT&#039;S - Natural &amp; Organic Make-up<\/title>\n<meta name=\"description\" content=\"This Organic Black Multi-Effects Mascara gives volume but also lengthens your lashes for an intense look. Formula rich in natural vegetal waxes and oils.\" \/>\n<meta name=\"robots\" content=\"index, follow, max-snippet:-1, max-image-preview:large, max-video-preview:-1\" \/>\n<link rel=\"canonical\" href=\"https:\/\/phytstore.com\/en\/product\/multi-effects-mascara-black\/\" \/>\n<meta property=\"og:locale\" content=\"en_US\" \/>\n<meta property=\"og:type\" content=\"article\" \/>\n<meta property=\"og:title\" content=\"Multi-Effects Mascara - Black - PHYT&#039;S - Natural &amp; Organic Make-up\" \/>\n<meta property=\"og:description\" content=\"This Organic Black Multi-Effects Mascara gives volume but also lengthens your lashes for an intense look. Formula rich in natural vegetal waxes and oils.\" \/>\n<meta property=\"og:url\" content=\"https:\/\/phytstore.com\/en\/product\/multi-effects-mascara-black\/\" \/>\n<meta property=\"og:site_name\" content=\"PHYT&#039;S\" \/>\n<meta property=\"article:publisher\" content=\"https:\/\/www.facebook.com\/CJMBCosmetiques\/?ref=aymt_homepage_panel\" \/>\n<meta property=\"article:modified_time\" content=\"2024-06-17T18:12:44+00:00\" \/>\n<meta name=\"twitter:card\" content=\"summary_large_image\" \/>\n<meta name=\"twitter:label1\" content=\"Est. reading time\" \/>\n\t<meta name=\"twitter:data1\" content=\"1 minute\" \/>\n<script type=\"application\/ld+json\" class=\"yoast-schema-graph\">{\"@context\":\"https:\/\/schema.org\",\"@graph\":[{\"@type\":\"WebPage\",\"@id\":\"https:\/\/phytstore.com\/en\/product\/multi-effects-mascara-black\/\",\"url\":\"https:\/\/phytstore.com\/en\/product\/multi-effects-mascara-black\/\",\"name\":\"Multi-Effects Mascara - Black - PHYT&#039;S - Natural & Organic Make-up\",\"isPartOf\":{\"@id\":\"https:\/\/phytstore.com\/en\/#website\"},\"primaryImageOfPage\":{\"@id\":\"https:\/\/phytstore.com\/en\/product\/multi-effects-mascara-black\/#primaryimage\"},\"image\":{\"@id\":\"https:\/\/phytstore.com\/en\/product\/multi-effects-mascara-black\/#primaryimage\"},\"thumbnailUrl\":\"https:\/\/phytstore.com\/wp-content\/uploads\/2020\/03\/Mascara-Multi-Effets-Noir-Bio.png\",\"datePublished\":\"2020-03-28T23:56:31+00:00\",\"dateModified\":\"2024-06-17T18:12:44+00:00\",\"description\":\"This Organic Black Multi-Effects Mascara gives volume but also lengthens your lashes for an intense look. Formula rich in natural vegetal waxes and oils.\",\"breadcrumb\":{\"@id\":\"https:\/\/phytstore.com\/en\/product\/multi-effects-mascara-black\/#breadcrumb\"},\"inLanguage\":\"en-CA\",\"potentialAction\":[{\"@type\":\"ReadAction\",\"target\":[\"https:\/\/phytstore.com\/en\/product\/multi-effects-mascara-black\/\"]}]},{\"@type\":\"ImageObject\",\"inLanguage\":\"en-CA\",\"@id\":\"https:\/\/phytstore.com\/en\/product\/multi-effects-mascara-black\/#primaryimage\",\"url\":\"https:\/\/phytstore.com\/wp-content\/uploads\/2020\/03\/Mascara-Multi-Effets-Noir-Bio.png\",\"contentUrl\":\"https:\/\/phytstore.com\/wp-content\/uploads\/2020\/03\/Mascara-Multi-Effets-Noir-Bio.png\",\"width\":969,\"height\":969},{\"@type\":\"BreadcrumbList\",\"@id\":\"https:\/\/phytstore.com\/en\/product\/multi-effects-mascara-black\/#breadcrumb\",\"itemListElement\":[{\"@type\":\"ListItem\",\"position\":1,\"name\":\"Home\",\"item\":\"https:\/\/phytstore.com\/en\/\"},{\"@type\":\"ListItem\",\"position\":2,\"name\":\"Shop\",\"item\":\"https:\/\/phytstore.com\/en\/shop\/\"},{\"@type\":\"ListItem\",\"position\":3,\"name\":\"Organic Makeup\",\"item\":\"https:\/\/phytstore.com\/en\/phyts-organic-make-up\/\"},{\"@type\":\"ListItem\",\"position\":4,\"name\":\"Organic Eye Makeup\",\"item\":\"https:\/\/phytstore.com\/en\/phyts-organic-make-up\/organic-eye-makeup\/\"},{\"@type\":\"ListItem\",\"position\":5,\"name\":\"Multi-Effects Mascara &#8211; Black\"}]},{\"@type\":\"WebSite\",\"@id\":\"https:\/\/phytstore.com\/en\/#website\",\"url\":\"https:\/\/phytstore.com\/en\/\",\"name\":\"PHYT&#039;S\",\"description\":\"Fabricant et distributeur de soins certifi\u00e9s bio pour instituts de beaut\u00e9, spa et esth\u00e9ticiennes\",\"publisher\":{\"@id\":\"https:\/\/phytstore.com\/en\/#organization\"},\"potentialAction\":[{\"@type\":\"SearchAction\",\"target\":{\"@type\":\"EntryPoint\",\"urlTemplate\":\"https:\/\/phytstore.com\/en\/?s={search_term_string}\"},\"query-input\":{\"@type\":\"PropertyValueSpecification\",\"valueRequired\":true,\"valueName\":\"search_term_string\"}}],\"inLanguage\":\"en-CA\"},{\"@type\":\"Organization\",\"@id\":\"https:\/\/phytstore.com\/en\/#organization\",\"name\":\"Phyt's\",\"url\":\"https:\/\/phytstore.com\/en\/\",\"logo\":{\"@type\":\"ImageObject\",\"inLanguage\":\"en-CA\",\"@id\":\"https:\/\/phytstore.com\/en\/#\/schema\/logo\/image\/\",\"url\":\"https:\/\/phytstore.com\/wp-content\/uploads\/2020\/03\/logo-phyts-e1585168986207.png\",\"contentUrl\":\"https:\/\/phytstore.com\/wp-content\/uploads\/2020\/03\/logo-phyts-e1585168986207.png\",\"width\":200,\"height\":72,\"caption\":\"Phyt's\"},\"image\":{\"@id\":\"https:\/\/phytstore.com\/en\/#\/schema\/logo\/image\/\"},\"sameAs\":[\"https:\/\/www.facebook.com\/CJMBCosmetiques\/?ref=aymt_homepage_panel\",\"https:\/\/www.instagram.com\/phyts_canada\/\",\"https:\/\/www.linkedin.com\/company\/3337211\/admin\/\",\"https:\/\/www.youtube.com\/channel\/UCEkP009p4XTU5lXjLkaKptA\"]}]}<\/script>\n<!-- \/ Yoast SEO plugin. -->","yoast_head_json":{"title":"Multi-Effects Mascara - Black - PHYT&#039;S - Natural & Organic Make-up","description":"This Organic Black Multi-Effects Mascara gives volume but also lengthens your lashes for an intense look. Formula rich in natural vegetal waxes and oils.","robots":{"index":"index","follow":"follow","max-snippet":"max-snippet:-1","max-image-preview":"max-image-preview:large","max-video-preview":"max-video-preview:-1"},"canonical":"https:\/\/phytstore.com\/en\/product\/multi-effects-mascara-black\/","og_locale":"en_US","og_type":"article","og_title":"Multi-Effects Mascara - Black - PHYT&#039;S - Natural & Organic Make-up","og_description":"This Organic Black Multi-Effects Mascara gives volume but also lengthens your lashes for an intense look. Formula rich in natural vegetal waxes and oils.","og_url":"https:\/\/phytstore.com\/en\/product\/multi-effects-mascara-black\/","og_site_name":"PHYT&#039;S","article_publisher":"https:\/\/www.facebook.com\/CJMBCosmetiques\/?ref=aymt_homepage_panel","article_modified_time":"2024-06-17T18:12:44+00:00","twitter_card":"summary_large_image","twitter_misc":{"Est. reading time":"1 minute"},"schema":{"@context":"https:\/\/schema.org","@graph":[{"@type":"WebPage","@id":"https:\/\/phytstore.com\/en\/product\/multi-effects-mascara-black\/","url":"https:\/\/phytstore.com\/en\/product\/multi-effects-mascara-black\/","name":"Multi-Effects Mascara - Black - PHYT&#039;S - Natural & Organic Make-up","isPartOf":{"@id":"https:\/\/phytstore.com\/en\/#website"},"primaryImageOfPage":{"@id":"https:\/\/phytstore.com\/en\/product\/multi-effects-mascara-black\/#primaryimage"},"image":{"@id":"https:\/\/phytstore.com\/en\/product\/multi-effects-mascara-black\/#primaryimage"},"thumbnailUrl":"https:\/\/phytstore.com\/wp-content\/uploads\/2020\/03\/Mascara-Multi-Effets-Noir-Bio.png","datePublished":"2020-03-28T23:56:31+00:00","dateModified":"2024-06-17T18:12:44+00:00","description":"This Organic Black Multi-Effects Mascara gives volume but also lengthens your lashes for an intense look. Formula rich in natural vegetal waxes and oils.","breadcrumb":{"@id":"https:\/\/phytstore.com\/en\/product\/multi-effects-mascara-black\/#breadcrumb"},"inLanguage":"en-CA","potentialAction":[{"@type":"ReadAction","target":["https:\/\/phytstore.com\/en\/product\/multi-effects-mascara-black\/"]}]},{"@type":"ImageObject","inLanguage":"en-CA","@id":"https:\/\/phytstore.com\/en\/product\/multi-effects-mascara-black\/#primaryimage","url":"https:\/\/phytstore.com\/wp-content\/uploads\/2020\/03\/Mascara-Multi-Effets-Noir-Bio.png","contentUrl":"https:\/\/phytstore.com\/wp-content\/uploads\/2020\/03\/Mascara-Multi-Effets-Noir-Bio.png","width":969,"height":969},{"@type":"BreadcrumbList","@id":"https:\/\/phytstore.com\/en\/product\/multi-effects-mascara-black\/#breadcrumb","itemListElement":[{"@type":"ListItem","position":1,"name":"Home","item":"https:\/\/phytstore.com\/en\/"},{"@type":"ListItem","position":2,"name":"Shop","item":"https:\/\/phytstore.com\/en\/shop\/"},{"@type":"ListItem","position":3,"name":"Organic Makeup","item":"https:\/\/phytstore.com\/en\/phyts-organic-make-up\/"},{"@type":"ListItem","position":4,"name":"Organic Eye Makeup","item":"https:\/\/phytstore.com\/en\/phyts-organic-make-up\/organic-eye-makeup\/"},{"@type":"ListItem","position":5,"name":"Multi-Effects Mascara &#8211; Black"}]},{"@type":"WebSite","@id":"https:\/\/phytstore.com\/en\/#website","url":"https:\/\/phytstore.com\/en\/","name":"PHYT&#039;S","description":"Fabricant et distributeur de soins certifi\u00e9s bio pour instituts de beaut\u00e9, spa et esth\u00e9ticiennes","publisher":{"@id":"https:\/\/phytstore.com\/en\/#organization"},"potentialAction":[{"@type":"SearchAction","target":{"@type":"EntryPoint","urlTemplate":"https:\/\/phytstore.com\/en\/?s={search_term_string}"},"query-input":{"@type":"PropertyValueSpecification","valueRequired":true,"valueName":"search_term_string"}}],"inLanguage":"en-CA"},{"@type":"Organization","@id":"https:\/\/phytstore.com\/en\/#organization","name":"Phyt's","url":"https:\/\/phytstore.com\/en\/","logo":{"@type":"ImageObject","inLanguage":"en-CA","@id":"https:\/\/phytstore.com\/en\/#\/schema\/logo\/image\/","url":"https:\/\/phytstore.com\/wp-content\/uploads\/2020\/03\/logo-phyts-e1585168986207.png","contentUrl":"https:\/\/phytstore.com\/wp-content\/uploads\/2020\/03\/logo-phyts-e1585168986207.png","width":200,"height":72,"caption":"Phyt's"},"image":{"@id":"https:\/\/phytstore.com\/en\/#\/schema\/logo\/image\/"},"sameAs":["https:\/\/www.facebook.com\/CJMBCosmetiques\/?ref=aymt_homepage_panel","https:\/\/www.instagram.com\/phyts_canada\/","https:\/\/www.linkedin.com\/company\/3337211\/admin\/","https:\/\/www.youtube.com\/channel\/UCEkP009p4XTU5lXjLkaKptA"]}]}},"jetpack_sharing_enabled":true,"_links":{"self":[{"href":"https:\/\/phytstore.com\/en\/wp-json\/wp\/v2\/product\/2922","targetHints":{"allow":["GET"]}}],"collection":[{"href":"https:\/\/phytstore.com\/en\/wp-json\/wp\/v2\/product"}],"about":[{"href":"https:\/\/phytstore.com\/en\/wp-json\/wp\/v2\/types\/product"}],"replies":[{"embeddable":true,"href":"https:\/\/phytstore.com\/en\/wp-json\/wp\/v2\/comments?post=2922"}],"wp:featuredmedia":[{"embeddable":true,"href":"https:\/\/phytstore.com\/en\/wp-json\/wp\/v2\/media\/5721"}],"wp:attachment":[{"href":"https:\/\/phytstore.com\/en\/wp-json\/wp\/v2\/media?parent=2922"}],"wp:term":[{"taxonomy":"product_brand","embeddable":true,"href":"https:\/\/phytstore.com\/en\/wp-json\/wp\/v2\/product_brand?post=2922"},{"taxonomy":"product_cat","embeddable":true,"href":"https:\/\/phytstore.com\/en\/wp-json\/wp\/v2\/product_cat?post=2922"},{"taxonomy":"product_tag","embeddable":true,"href":"https:\/\/phytstore.com\/en\/wp-json\/wp\/v2\/product_tag?post=2922"}],"curies":[{"name":"wp","href":"https:\/\/api.w.org\/{rel}","templated":true}]}}