{"id":2916,"date":"2020-03-28T19:56:31","date_gmt":"2020-03-28T23:56:31","guid":{"rendered":"https:\/\/phytstore.com\/produit\/eye-pencil-black\/"},"modified":"2023-11-21T16:21:17","modified_gmt":"2023-11-21T20:21:17","slug":"eye-pencil-black","status":"publish","type":"product","link":"https:\/\/phytstore.com\/en\/product\/eye-pencil-black\/","title":{"rendered":"Eye Pencil &#8211; Black"},"content":{"rendered":"<p>Designed to respect the delicate area of \u200b\u200bthe eye contour! This Organic eye pencil offers a soft and smooth texture thanks to a 100% natural formula enriched with soft vegetal oils, butters and waxes. Its application is easy and perfect in a single move. It can be used as liner or khol\u2026 The key to an infinitely more captivating look!<\/p>\n<p>Play with your look at will with 3 intense and glamorous shades : Black, <strong><a href=\"https:\/\/phytstore.com\/en\/product\/eye-pencil-brown\/\">Brown<\/a><\/strong> or <strong><a href=\"https:\/\/phytstore.com\/en\/product\/eye-pencil-plum\/\">Plum<\/a><\/strong>.<\/p>\n<h2><strong>Active Ingredients :<\/strong><\/h2>\n<p>Vegetal Squalane, Castor*, Sunflower*, Beeswax*, Carnauba*, Candelilla, Shea butter*, Vegetal Vitamin E, Vegetal Bisabolol<br \/>\n<em>* ingredients from Organic Farming<\/em><\/p>\n<h2><strong>How to Apply my Black Eye Pencil?<\/strong><\/h2>\n<p>Draw the eye&#8217;s outline at the edge of the eyelashes, from the outer corner : at 2\/3 of the length of the upper eyelid and at half the length of the lower eyelid. Then, using the\u00a0<strong><a href=\"https:\/\/phytstore.com\/en\/product\/eye-shadow-brush\/\">Eye Shadow Brush<\/a><\/strong>, slightly blend the line, especially on the lower eyelid, which must be less makeup than the upper one.<br \/>\n<strong>Tips :<\/strong> To enhance the look, then apply your <strong><a href=\"https:\/\/phytstore.com\/en\/product\/multi-effects-mascara-black\/\">Multi-Effects Mascara<\/a><\/strong>. <span lang=\"en\">In addition, to structure and intensify it, also use your\u00a0<strong><a href=\"https:\/\/phytstore.com\/en\/product\/eyebrow-shadow-medium-brown\/\">Eyebrow Shadow<\/a><\/strong>. Finally, in the evening, don\u2019t forget to remove your make-up using the ultra-soft side of a <a href=\"https:\/\/phytstore.com\/en\/product\/phyts-organic-reusable-wipes\/\"><strong>reusable Organic wipe<\/strong><\/a>.<\/span><\/p>\n","protected":false},"excerpt":{"rendered":"<p><img loading=\"lazy\" decoding=\"async\" class=\"alignnone size-full wp-image-4923\" src=\"https:\/\/phytstore.com\/wp-content\/uploads\/2020\/03\/Bio-100.png\" alt=\"\" width=\"274\" height=\"53\" \/><\/p>\n<p>Intense color with unctuous layout<\/p>\n<p><strong>Skin type :<\/strong> Eye contour (even the most sensitive)<br \/>\n<strong>Expectations :<\/strong> Traces precisely, defines<br \/>\n<strong>Presentation :<\/strong> 1 g<\/p>\n","protected":false},"featured_media":5781,"comment_status":"closed","ping_status":"closed","template":"","meta":{"_acf_changed":false,"inline_featured_image":false},"product_brand":[],"product_cat":[90,222,323],"product_tag":[],"class_list":{"0":"post-2916","1":"product","2":"type-product","3":"status-publish","4":"has-post-thumbnail","6":"product_cat-phyts-organic-make-up-en","7":"product_cat-eyes","8":"product_cat-eye-pencils","10":"first","11":"outofstock","12":"taxable","13":"shipping-taxable","14":"purchasable","15":"product-type-simple"},"acf":[],"yoast_head":"<!-- This site is optimized with the Yoast SEO plugin v27.1.1 - https:\/\/yoast.com\/product\/yoast-seo-wordpress\/ -->\n<title>Eye Pencil - Black - PHYT&#039;S - Natural &amp; Organic Make-up<\/title>\n<meta name=\"description\" content=\"Designed to respect the delicate area of \u200b\u200bthe eye, this black eye pencil offers a smooth texture with a 100% natural formula (vegetal butters, waxes and oils).\" \/>\n<meta name=\"robots\" content=\"index, follow, max-snippet:-1, max-image-preview:large, max-video-preview:-1\" \/>\n<link rel=\"canonical\" href=\"https:\/\/phytstore.com\/en\/product\/eye-pencil-black\/\" \/>\n<meta property=\"og:locale\" content=\"en_US\" \/>\n<meta property=\"og:type\" content=\"article\" \/>\n<meta property=\"og:title\" content=\"Eye Pencil - Black - PHYT&#039;S - Natural &amp; Organic Make-up\" \/>\n<meta property=\"og:description\" content=\"Designed to respect the delicate area of \u200b\u200bthe eye, this black eye pencil offers a smooth texture with a 100% natural formula (vegetal butters, waxes and oils).\" \/>\n<meta property=\"og:url\" content=\"https:\/\/phytstore.com\/en\/product\/eye-pencil-black\/\" \/>\n<meta property=\"og:site_name\" content=\"PHYT&#039;S\" \/>\n<meta property=\"article:publisher\" content=\"https:\/\/www.facebook.com\/CJMBCosmetiques\/?ref=aymt_homepage_panel\" \/>\n<meta property=\"article:modified_time\" content=\"2023-11-21T20:21:17+00:00\" \/>\n<meta name=\"twitter:card\" content=\"summary_large_image\" \/>\n<meta name=\"twitter:label1\" content=\"Est. reading time\" \/>\n\t<meta name=\"twitter:data1\" content=\"2 minutes\" \/>\n<script type=\"application\/ld+json\" class=\"yoast-schema-graph\">{\"@context\":\"https:\/\/schema.org\",\"@graph\":[{\"@type\":\"WebPage\",\"@id\":\"https:\/\/phytstore.com\/en\/product\/eye-pencil-black\/\",\"url\":\"https:\/\/phytstore.com\/en\/product\/eye-pencil-black\/\",\"name\":\"Eye Pencil - Black - PHYT&#039;S - Natural & Organic Make-up\",\"isPartOf\":{\"@id\":\"https:\/\/phytstore.com\/en\/#website\"},\"primaryImageOfPage\":{\"@id\":\"https:\/\/phytstore.com\/en\/product\/eye-pencil-black\/#primaryimage\"},\"image\":{\"@id\":\"https:\/\/phytstore.com\/en\/product\/eye-pencil-black\/#primaryimage\"},\"thumbnailUrl\":\"https:\/\/phytstore.com\/wp-content\/uploads\/2020\/03\/Crayon-Yeux-Noir-Envoutant-Bio.webp\",\"datePublished\":\"2020-03-28T23:56:31+00:00\",\"dateModified\":\"2023-11-21T20:21:17+00:00\",\"description\":\"Designed to respect the delicate area of \u200b\u200bthe eye, this black eye pencil offers a smooth texture with a 100% natural formula (vegetal butters, waxes and oils).\",\"breadcrumb\":{\"@id\":\"https:\/\/phytstore.com\/en\/product\/eye-pencil-black\/#breadcrumb\"},\"inLanguage\":\"en-CA\",\"potentialAction\":[{\"@type\":\"ReadAction\",\"target\":[\"https:\/\/phytstore.com\/en\/product\/eye-pencil-black\/\"]}]},{\"@type\":\"ImageObject\",\"inLanguage\":\"en-CA\",\"@id\":\"https:\/\/phytstore.com\/en\/product\/eye-pencil-black\/#primaryimage\",\"url\":\"https:\/\/phytstore.com\/wp-content\/uploads\/2020\/03\/Crayon-Yeux-Noir-Envoutant-Bio.webp\",\"contentUrl\":\"https:\/\/phytstore.com\/wp-content\/uploads\/2020\/03\/Crayon-Yeux-Noir-Envoutant-Bio.webp\",\"width\":900,\"height\":900},{\"@type\":\"BreadcrumbList\",\"@id\":\"https:\/\/phytstore.com\/en\/product\/eye-pencil-black\/#breadcrumb\",\"itemListElement\":[{\"@type\":\"ListItem\",\"position\":1,\"name\":\"Home\",\"item\":\"https:\/\/phytstore.com\/en\/\"},{\"@type\":\"ListItem\",\"position\":2,\"name\":\"Shop\",\"item\":\"https:\/\/phytstore.com\/en\/shop\/\"},{\"@type\":\"ListItem\",\"position\":3,\"name\":\"Organic Makeup\",\"item\":\"https:\/\/phytstore.com\/en\/phyts-organic-make-up\/\"},{\"@type\":\"ListItem\",\"position\":4,\"name\":\"Organic Eye Makeup\",\"item\":\"https:\/\/phytstore.com\/en\/phyts-organic-make-up\/organic-eye-makeup\/\"},{\"@type\":\"ListItem\",\"position\":5,\"name\":\"Eye Pencil &#8211; Black\"}]},{\"@type\":\"WebSite\",\"@id\":\"https:\/\/phytstore.com\/en\/#website\",\"url\":\"https:\/\/phytstore.com\/en\/\",\"name\":\"PHYT&#039;S\",\"description\":\"Fabricant et distributeur de soins certifi\u00e9s bio pour instituts de beaut\u00e9, spa et esth\u00e9ticiennes\",\"publisher\":{\"@id\":\"https:\/\/phytstore.com\/en\/#organization\"},\"potentialAction\":[{\"@type\":\"SearchAction\",\"target\":{\"@type\":\"EntryPoint\",\"urlTemplate\":\"https:\/\/phytstore.com\/en\/?s={search_term_string}\"},\"query-input\":{\"@type\":\"PropertyValueSpecification\",\"valueRequired\":true,\"valueName\":\"search_term_string\"}}],\"inLanguage\":\"en-CA\"},{\"@type\":\"Organization\",\"@id\":\"https:\/\/phytstore.com\/en\/#organization\",\"name\":\"Phyt's\",\"url\":\"https:\/\/phytstore.com\/en\/\",\"logo\":{\"@type\":\"ImageObject\",\"inLanguage\":\"en-CA\",\"@id\":\"https:\/\/phytstore.com\/en\/#\/schema\/logo\/image\/\",\"url\":\"https:\/\/phytstore.com\/wp-content\/uploads\/2020\/03\/logo-phyts-e1585168986207.png\",\"contentUrl\":\"https:\/\/phytstore.com\/wp-content\/uploads\/2020\/03\/logo-phyts-e1585168986207.png\",\"width\":200,\"height\":72,\"caption\":\"Phyt's\"},\"image\":{\"@id\":\"https:\/\/phytstore.com\/en\/#\/schema\/logo\/image\/\"},\"sameAs\":[\"https:\/\/www.facebook.com\/CJMBCosmetiques\/?ref=aymt_homepage_panel\",\"https:\/\/www.instagram.com\/phyts_canada\/\",\"https:\/\/www.linkedin.com\/company\/3337211\/admin\/\",\"https:\/\/www.youtube.com\/channel\/UCEkP009p4XTU5lXjLkaKptA\"]}]}<\/script>\n<!-- \/ Yoast SEO plugin. -->","yoast_head_json":{"title":"Eye Pencil - Black - PHYT&#039;S - Natural & Organic Make-up","description":"Designed to respect the delicate area of \u200b\u200bthe eye, this black eye pencil offers a smooth texture with a 100% natural formula (vegetal butters, waxes and oils).","robots":{"index":"index","follow":"follow","max-snippet":"max-snippet:-1","max-image-preview":"max-image-preview:large","max-video-preview":"max-video-preview:-1"},"canonical":"https:\/\/phytstore.com\/en\/product\/eye-pencil-black\/","og_locale":"en_US","og_type":"article","og_title":"Eye Pencil - Black - PHYT&#039;S - Natural & Organic Make-up","og_description":"Designed to respect the delicate area of \u200b\u200bthe eye, this black eye pencil offers a smooth texture with a 100% natural formula (vegetal butters, waxes and oils).","og_url":"https:\/\/phytstore.com\/en\/product\/eye-pencil-black\/","og_site_name":"PHYT&#039;S","article_publisher":"https:\/\/www.facebook.com\/CJMBCosmetiques\/?ref=aymt_homepage_panel","article_modified_time":"2023-11-21T20:21:17+00:00","twitter_card":"summary_large_image","twitter_misc":{"Est. reading time":"2 minutes"},"schema":{"@context":"https:\/\/schema.org","@graph":[{"@type":"WebPage","@id":"https:\/\/phytstore.com\/en\/product\/eye-pencil-black\/","url":"https:\/\/phytstore.com\/en\/product\/eye-pencil-black\/","name":"Eye Pencil - Black - PHYT&#039;S - Natural & Organic Make-up","isPartOf":{"@id":"https:\/\/phytstore.com\/en\/#website"},"primaryImageOfPage":{"@id":"https:\/\/phytstore.com\/en\/product\/eye-pencil-black\/#primaryimage"},"image":{"@id":"https:\/\/phytstore.com\/en\/product\/eye-pencil-black\/#primaryimage"},"thumbnailUrl":"https:\/\/phytstore.com\/wp-content\/uploads\/2020\/03\/Crayon-Yeux-Noir-Envoutant-Bio.webp","datePublished":"2020-03-28T23:56:31+00:00","dateModified":"2023-11-21T20:21:17+00:00","description":"Designed to respect the delicate area of \u200b\u200bthe eye, this black eye pencil offers a smooth texture with a 100% natural formula (vegetal butters, waxes and oils).","breadcrumb":{"@id":"https:\/\/phytstore.com\/en\/product\/eye-pencil-black\/#breadcrumb"},"inLanguage":"en-CA","potentialAction":[{"@type":"ReadAction","target":["https:\/\/phytstore.com\/en\/product\/eye-pencil-black\/"]}]},{"@type":"ImageObject","inLanguage":"en-CA","@id":"https:\/\/phytstore.com\/en\/product\/eye-pencil-black\/#primaryimage","url":"https:\/\/phytstore.com\/wp-content\/uploads\/2020\/03\/Crayon-Yeux-Noir-Envoutant-Bio.webp","contentUrl":"https:\/\/phytstore.com\/wp-content\/uploads\/2020\/03\/Crayon-Yeux-Noir-Envoutant-Bio.webp","width":900,"height":900},{"@type":"BreadcrumbList","@id":"https:\/\/phytstore.com\/en\/product\/eye-pencil-black\/#breadcrumb","itemListElement":[{"@type":"ListItem","position":1,"name":"Home","item":"https:\/\/phytstore.com\/en\/"},{"@type":"ListItem","position":2,"name":"Shop","item":"https:\/\/phytstore.com\/en\/shop\/"},{"@type":"ListItem","position":3,"name":"Organic Makeup","item":"https:\/\/phytstore.com\/en\/phyts-organic-make-up\/"},{"@type":"ListItem","position":4,"name":"Organic Eye Makeup","item":"https:\/\/phytstore.com\/en\/phyts-organic-make-up\/organic-eye-makeup\/"},{"@type":"ListItem","position":5,"name":"Eye Pencil &#8211; Black"}]},{"@type":"WebSite","@id":"https:\/\/phytstore.com\/en\/#website","url":"https:\/\/phytstore.com\/en\/","name":"PHYT&#039;S","description":"Fabricant et distributeur de soins certifi\u00e9s bio pour instituts de beaut\u00e9, spa et esth\u00e9ticiennes","publisher":{"@id":"https:\/\/phytstore.com\/en\/#organization"},"potentialAction":[{"@type":"SearchAction","target":{"@type":"EntryPoint","urlTemplate":"https:\/\/phytstore.com\/en\/?s={search_term_string}"},"query-input":{"@type":"PropertyValueSpecification","valueRequired":true,"valueName":"search_term_string"}}],"inLanguage":"en-CA"},{"@type":"Organization","@id":"https:\/\/phytstore.com\/en\/#organization","name":"Phyt's","url":"https:\/\/phytstore.com\/en\/","logo":{"@type":"ImageObject","inLanguage":"en-CA","@id":"https:\/\/phytstore.com\/en\/#\/schema\/logo\/image\/","url":"https:\/\/phytstore.com\/wp-content\/uploads\/2020\/03\/logo-phyts-e1585168986207.png","contentUrl":"https:\/\/phytstore.com\/wp-content\/uploads\/2020\/03\/logo-phyts-e1585168986207.png","width":200,"height":72,"caption":"Phyt's"},"image":{"@id":"https:\/\/phytstore.com\/en\/#\/schema\/logo\/image\/"},"sameAs":["https:\/\/www.facebook.com\/CJMBCosmetiques\/?ref=aymt_homepage_panel","https:\/\/www.instagram.com\/phyts_canada\/","https:\/\/www.linkedin.com\/company\/3337211\/admin\/","https:\/\/www.youtube.com\/channel\/UCEkP009p4XTU5lXjLkaKptA"]}]}},"jetpack_sharing_enabled":true,"_links":{"self":[{"href":"https:\/\/phytstore.com\/en\/wp-json\/wp\/v2\/product\/2916","targetHints":{"allow":["GET"]}}],"collection":[{"href":"https:\/\/phytstore.com\/en\/wp-json\/wp\/v2\/product"}],"about":[{"href":"https:\/\/phytstore.com\/en\/wp-json\/wp\/v2\/types\/product"}],"replies":[{"embeddable":true,"href":"https:\/\/phytstore.com\/en\/wp-json\/wp\/v2\/comments?post=2916"}],"wp:featuredmedia":[{"embeddable":true,"href":"https:\/\/phytstore.com\/en\/wp-json\/wp\/v2\/media\/5781"}],"wp:attachment":[{"href":"https:\/\/phytstore.com\/en\/wp-json\/wp\/v2\/media?parent=2916"}],"wp:term":[{"taxonomy":"product_brand","embeddable":true,"href":"https:\/\/phytstore.com\/en\/wp-json\/wp\/v2\/product_brand?post=2916"},{"taxonomy":"product_cat","embeddable":true,"href":"https:\/\/phytstore.com\/en\/wp-json\/wp\/v2\/product_cat?post=2916"},{"taxonomy":"product_tag","embeddable":true,"href":"https:\/\/phytstore.com\/en\/wp-json\/wp\/v2\/product_tag?post=2916"}],"curies":[{"name":"wp","href":"https:\/\/api.w.org\/{rel}","templated":true}]}}