{"id":2909,"date":"2020-03-28T19:56:30","date_gmt":"2020-03-28T23:56:30","guid":{"rendered":"https:\/\/phytstore.com\/produit\/fond-de-teint-beige-claire\/"},"modified":"2024-05-21T16:42:58","modified_gmt":"2024-05-21T20:42:58","slug":"fond-de-teint-beige-claire","status":"publish","type":"product","link":"https:\/\/phytstore.com\/en\/product\/foundation-light-beige\/","title":{"rendered":"Foundation &#8211; Light Beige"},"content":{"rendered":"<p><span lang=\"en\">Fall for this light beige Organic foundation, specially designed for light skin tones!<\/span><br \/>\n<span lang=\"en\">Formula concentrated in pigments for optimal coverage, but lightly feeling. It offers a fluid and silky, non-greasy, non-comedogenic texture, which enhances the complexion and leaves an infinitely soft and delicately powdered veil on the skin. Naturally, the imperfections are covered, the complexion unified and the skin smoothed. Thanks to its hydrating and anti-aging ingredients, the skin is supple, comfortable and radiant.<\/span><\/p>\n<h2><b>Active ingredients :<\/b><\/h2>\n<p>Vegetal Squalane, Aloe Vera*, Vegetal Glycerin, Vegetal Sugars (issued from wood), Acacia, Sunflower, Natural mineral Talc, Silica, Vegetal Vitamin E, Natural mineral pigments<br \/>\n<em>* ingredients from Organic Farming<\/em><\/p>\n<h2><strong>How to apply my foundation ?<\/strong><\/h2>\n<p>To choose your foundation, apply a touch to the lower jaw, going down towards the neck. The selected shade should blend seamlessly with your skin tone <span lang=\"en\">and not create a demarcation line<\/span>. Apply using the fingertips, starting at the center of the face and going outwards.<br \/>\n<strong>Tips :<\/strong><span lang=\"en\"><strong>\u00a0<\/strong>To set and to mattify it, apply the <a href=\"https:\/\/phytstore.com\/en\/product\/silky-loose-powder\/\">Silky Loose Powder<\/a> or the <a href=\"https:\/\/phytstore.com\/en\/product\/satin-beige-compact-powder\/\">Satin Beige Compact Powder<\/a> over it. In addition, to structure the cheekbones, the face and to enhance the complexion, also use a <a href=\"https:\/\/phytstore.com\/en\/product\/blush-tender-pink\/\">Blush<\/a> and\/or a <a href=\"https:\/\/phytstore.com\/en\/product\/bronzing-powder-light-complexions\/\">Bronzing Powder<\/a>\u00a0of your choice. Finally, in the evening, don\u2019t forget to remove your make-up using a\u00a0<a href=\"https:\/\/phytstore.com\/en\/product\/phyts-organic-reusable-wipes\/\">reusable Organic wipe<\/a>.<\/span><\/p>\n<p>Looking for a new shade for your <a href=\"https:\/\/phytstore.com\/en\/phyts-organic-make-up\/organic-natural-foundation\/\">Vegan foundation<\/a>? Browse our selection and select the perfect colour.<\/p>\n","protected":false},"excerpt":{"rendered":"<p><img loading=\"lazy\" decoding=\"async\" class=\"alignnone size-full wp-image-5349\" src=\"https:\/\/phytstore.com\/wp-content\/uploads\/2020\/03\/Bio-99-Vegan-Efficacite.png\" alt=\"\" width=\"274\" height=\"47\" srcset=\"https:\/\/phytstore.com\/wp-content\/uploads\/2020\/03\/Bio-99-Vegan-Efficacite.png 274w, https:\/\/phytstore.com\/wp-content\/uploads\/2020\/03\/Bio-99-Vegan-Efficacite-150x26.png 150w\" sizes=\"auto, (max-width: 274px) 100vw, 274px\" \/><\/p>\n<p>Moisturizing, anti-aging, unifying &amp; covering<\/p>\n<p><strong>Skin type :<\/strong>\u00a0All skin types<br \/>\n<strong>Expectations :<\/strong>\u00a0Regenerates*, hydrates, unifies, protects<br \/>\n<strong>Presentation :<\/strong> 40 g tube<\/p>\n","protected":false},"featured_media":2002,"comment_status":"closed","ping_status":"closed","template":"","meta":{"_acf_changed":false,"inline_featured_image":false},"product_brand":[],"product_cat":[317,90,221],"product_tag":[],"class_list":{"0":"post-2909","1":"product","2":"type-product","3":"status-publish","4":"has-post-thumbnail","6":"product_cat-foundation-and-concealer","7":"product_cat-phyts-organic-make-up-en","8":"product_cat-face","10":"first","11":"instock","12":"taxable","13":"shipping-taxable","14":"purchasable","15":"product-type-simple"},"acf":[],"yoast_head":"<!-- This site is optimized with the Yoast SEO plugin v27.4 - https:\/\/yoast.com\/product\/yoast-seo-wordpress\/ -->\n<title>Foundation - Light Beige - PHYT&#039;S - Organic Make-up<\/title>\n<meta name=\"description\" content=\"Formulas concentrated in pigments for an optimal and light cover. our beige Organic Make-Up foundations offer fluid, non-greasy, non-comedogenic textures.\" \/>\n<meta name=\"robots\" content=\"index, follow, max-snippet:-1, max-image-preview:large, max-video-preview:-1\" \/>\n<link rel=\"canonical\" href=\"https:\/\/phytstore.com\/en\/product\/foundation-light-beige\/\" \/>\n<meta property=\"og:locale\" content=\"en_US\" \/>\n<meta property=\"og:type\" content=\"article\" \/>\n<meta property=\"og:title\" content=\"Foundation - Light Beige - PHYT&#039;S - Organic Make-up\" \/>\n<meta property=\"og:description\" content=\"Formulas concentrated in pigments for an optimal and light cover. our beige Organic Make-Up foundations offer fluid, non-greasy, non-comedogenic textures.\" \/>\n<meta property=\"og:url\" content=\"https:\/\/phytstore.com\/en\/product\/foundation-light-beige\/\" \/>\n<meta property=\"og:site_name\" content=\"PHYT&#039;S\" \/>\n<meta property=\"article:publisher\" content=\"https:\/\/www.facebook.com\/CJMBCosmetiques\/?ref=aymt_homepage_panel\" \/>\n<meta property=\"article:modified_time\" content=\"2024-05-21T20:42:58+00:00\" \/>\n<meta name=\"twitter:card\" content=\"summary_large_image\" \/>\n<meta name=\"twitter:label1\" content=\"Est. reading time\" \/>\n\t<meta name=\"twitter:data1\" content=\"2 minutes\" \/>\n<script type=\"application\/ld+json\" class=\"yoast-schema-graph\">{\"@context\":\"https:\\\/\\\/schema.org\",\"@graph\":[{\"@type\":\"WebPage\",\"@id\":\"https:\\\/\\\/phytstore.com\\\/en\\\/product\\\/foundation-light-beige\\\/\",\"url\":\"https:\\\/\\\/phytstore.com\\\/en\\\/product\\\/foundation-light-beige\\\/\",\"name\":\"Foundation - Light Beige - PHYT&#039;S - Organic Make-up\",\"isPartOf\":{\"@id\":\"https:\\\/\\\/phytstore.com\\\/en\\\/#website\"},\"primaryImageOfPage\":{\"@id\":\"https:\\\/\\\/phytstore.com\\\/en\\\/product\\\/foundation-light-beige\\\/#primaryimage\"},\"image\":{\"@id\":\"https:\\\/\\\/phytstore.com\\\/en\\\/product\\\/foundation-light-beige\\\/#primaryimage\"},\"thumbnailUrl\":\"https:\\\/\\\/phytstore.com\\\/wp-content\\\/uploads\\\/2020\\\/03\\\/Image1-11.jpg\",\"datePublished\":\"2020-03-28T23:56:30+00:00\",\"dateModified\":\"2024-05-21T20:42:58+00:00\",\"description\":\"Formulas concentrated in pigments for an optimal and light cover. our beige Organic Make-Up foundations offer fluid, non-greasy, non-comedogenic textures.\",\"breadcrumb\":{\"@id\":\"https:\\\/\\\/phytstore.com\\\/en\\\/product\\\/foundation-light-beige\\\/#breadcrumb\"},\"inLanguage\":\"en-CA\",\"potentialAction\":[{\"@type\":\"ReadAction\",\"target\":[\"https:\\\/\\\/phytstore.com\\\/en\\\/product\\\/foundation-light-beige\\\/\"]}]},{\"@type\":\"ImageObject\",\"inLanguage\":\"en-CA\",\"@id\":\"https:\\\/\\\/phytstore.com\\\/en\\\/product\\\/foundation-light-beige\\\/#primaryimage\",\"url\":\"https:\\\/\\\/phytstore.com\\\/wp-content\\\/uploads\\\/2020\\\/03\\\/Image1-11.jpg\",\"contentUrl\":\"https:\\\/\\\/phytstore.com\\\/wp-content\\\/uploads\\\/2020\\\/03\\\/Image1-11.jpg\",\"width\":728,\"height\":661,\"caption\":\"Fond de Teint Beige Clair\"},{\"@type\":\"BreadcrumbList\",\"@id\":\"https:\\\/\\\/phytstore.com\\\/en\\\/product\\\/foundation-light-beige\\\/#breadcrumb\",\"itemListElement\":[{\"@type\":\"ListItem\",\"position\":1,\"name\":\"Home\",\"item\":\"https:\\\/\\\/phytstore.com\\\/en\\\/\"},{\"@type\":\"ListItem\",\"position\":2,\"name\":\"Shop\",\"item\":\"https:\\\/\\\/phytstore.com\\\/en\\\/shop\\\/\"},{\"@type\":\"ListItem\",\"position\":3,\"name\":\"Organic Makeup\",\"item\":\"https:\\\/\\\/phytstore.com\\\/en\\\/phyts-organic-make-up\\\/\"},{\"@type\":\"ListItem\",\"position\":4,\"name\":\"Organic Face Makeup\",\"item\":\"https:\\\/\\\/phytstore.com\\\/en\\\/phyts-organic-make-up\\\/organic-face-makeup\\\/\"},{\"@type\":\"ListItem\",\"position\":5,\"name\":\"Foundations &amp; Concealers\",\"item\":\"https:\\\/\\\/phytstore.com\\\/en\\\/phyts-organic-make-up\\\/organic-natural-foundation\\\/\"},{\"@type\":\"ListItem\",\"position\":6,\"name\":\"Foundation &#8211; Light Beige\"}]},{\"@type\":\"WebSite\",\"@id\":\"https:\\\/\\\/phytstore.com\\\/en\\\/#website\",\"url\":\"https:\\\/\\\/phytstore.com\\\/en\\\/\",\"name\":\"PHYT&#039;S\",\"description\":\"Fabricant et distributeur de soins certifi\u00e9s bio pour instituts de beaut\u00e9, spa et esth\u00e9ticiennes\",\"publisher\":{\"@id\":\"https:\\\/\\\/phytstore.com\\\/en\\\/#organization\"},\"potentialAction\":[{\"@type\":\"SearchAction\",\"target\":{\"@type\":\"EntryPoint\",\"urlTemplate\":\"https:\\\/\\\/phytstore.com\\\/en\\\/?s={search_term_string}\"},\"query-input\":{\"@type\":\"PropertyValueSpecification\",\"valueRequired\":true,\"valueName\":\"search_term_string\"}}],\"inLanguage\":\"en-CA\"},{\"@type\":\"Organization\",\"@id\":\"https:\\\/\\\/phytstore.com\\\/en\\\/#organization\",\"name\":\"Phyt's\",\"url\":\"https:\\\/\\\/phytstore.com\\\/en\\\/\",\"logo\":{\"@type\":\"ImageObject\",\"inLanguage\":\"en-CA\",\"@id\":\"https:\\\/\\\/phytstore.com\\\/en\\\/#\\\/schema\\\/logo\\\/image\\\/\",\"url\":\"https:\\\/\\\/phytstore.com\\\/wp-content\\\/uploads\\\/2020\\\/03\\\/logo-phyts-e1585168986207.png\",\"contentUrl\":\"https:\\\/\\\/phytstore.com\\\/wp-content\\\/uploads\\\/2020\\\/03\\\/logo-phyts-e1585168986207.png\",\"width\":200,\"height\":72,\"caption\":\"Phyt's\"},\"image\":{\"@id\":\"https:\\\/\\\/phytstore.com\\\/en\\\/#\\\/schema\\\/logo\\\/image\\\/\"},\"sameAs\":[\"https:\\\/\\\/www.facebook.com\\\/CJMBCosmetiques\\\/?ref=aymt_homepage_panel\",\"https:\\\/\\\/www.instagram.com\\\/phyts_canada\\\/\",\"https:\\\/\\\/www.linkedin.com\\\/company\\\/3337211\\\/admin\\\/\",\"https:\\\/\\\/www.youtube.com\\\/channel\\\/UCEkP009p4XTU5lXjLkaKptA\"]}]}<\/script>\n<!-- \/ Yoast SEO plugin. -->","yoast_head_json":{"title":"Foundation - Light Beige - PHYT&#039;S - Organic Make-up","description":"Formulas concentrated in pigments for an optimal and light cover. our beige Organic Make-Up foundations offer fluid, non-greasy, non-comedogenic textures.","robots":{"index":"index","follow":"follow","max-snippet":"max-snippet:-1","max-image-preview":"max-image-preview:large","max-video-preview":"max-video-preview:-1"},"canonical":"https:\/\/phytstore.com\/en\/product\/foundation-light-beige\/","og_locale":"en_US","og_type":"article","og_title":"Foundation - Light Beige - PHYT&#039;S - Organic Make-up","og_description":"Formulas concentrated in pigments for an optimal and light cover. our beige Organic Make-Up foundations offer fluid, non-greasy, non-comedogenic textures.","og_url":"https:\/\/phytstore.com\/en\/product\/foundation-light-beige\/","og_site_name":"PHYT&#039;S","article_publisher":"https:\/\/www.facebook.com\/CJMBCosmetiques\/?ref=aymt_homepage_panel","article_modified_time":"2024-05-21T20:42:58+00:00","twitter_card":"summary_large_image","twitter_misc":{"Est. reading time":"2 minutes"},"schema":{"@context":"https:\/\/schema.org","@graph":[{"@type":"WebPage","@id":"https:\/\/phytstore.com\/en\/product\/foundation-light-beige\/","url":"https:\/\/phytstore.com\/en\/product\/foundation-light-beige\/","name":"Foundation - Light Beige - PHYT&#039;S - Organic Make-up","isPartOf":{"@id":"https:\/\/phytstore.com\/en\/#website"},"primaryImageOfPage":{"@id":"https:\/\/phytstore.com\/en\/product\/foundation-light-beige\/#primaryimage"},"image":{"@id":"https:\/\/phytstore.com\/en\/product\/foundation-light-beige\/#primaryimage"},"thumbnailUrl":"https:\/\/phytstore.com\/wp-content\/uploads\/2020\/03\/Image1-11.jpg","datePublished":"2020-03-28T23:56:30+00:00","dateModified":"2024-05-21T20:42:58+00:00","description":"Formulas concentrated in pigments for an optimal and light cover. our beige Organic Make-Up foundations offer fluid, non-greasy, non-comedogenic textures.","breadcrumb":{"@id":"https:\/\/phytstore.com\/en\/product\/foundation-light-beige\/#breadcrumb"},"inLanguage":"en-CA","potentialAction":[{"@type":"ReadAction","target":["https:\/\/phytstore.com\/en\/product\/foundation-light-beige\/"]}]},{"@type":"ImageObject","inLanguage":"en-CA","@id":"https:\/\/phytstore.com\/en\/product\/foundation-light-beige\/#primaryimage","url":"https:\/\/phytstore.com\/wp-content\/uploads\/2020\/03\/Image1-11.jpg","contentUrl":"https:\/\/phytstore.com\/wp-content\/uploads\/2020\/03\/Image1-11.jpg","width":728,"height":661,"caption":"Fond de Teint Beige Clair"},{"@type":"BreadcrumbList","@id":"https:\/\/phytstore.com\/en\/product\/foundation-light-beige\/#breadcrumb","itemListElement":[{"@type":"ListItem","position":1,"name":"Home","item":"https:\/\/phytstore.com\/en\/"},{"@type":"ListItem","position":2,"name":"Shop","item":"https:\/\/phytstore.com\/en\/shop\/"},{"@type":"ListItem","position":3,"name":"Organic Makeup","item":"https:\/\/phytstore.com\/en\/phyts-organic-make-up\/"},{"@type":"ListItem","position":4,"name":"Organic Face Makeup","item":"https:\/\/phytstore.com\/en\/phyts-organic-make-up\/organic-face-makeup\/"},{"@type":"ListItem","position":5,"name":"Foundations &amp; Concealers","item":"https:\/\/phytstore.com\/en\/phyts-organic-make-up\/organic-natural-foundation\/"},{"@type":"ListItem","position":6,"name":"Foundation &#8211; Light Beige"}]},{"@type":"WebSite","@id":"https:\/\/phytstore.com\/en\/#website","url":"https:\/\/phytstore.com\/en\/","name":"PHYT&#039;S","description":"Fabricant et distributeur de soins certifi\u00e9s bio pour instituts de beaut\u00e9, spa et esth\u00e9ticiennes","publisher":{"@id":"https:\/\/phytstore.com\/en\/#organization"},"potentialAction":[{"@type":"SearchAction","target":{"@type":"EntryPoint","urlTemplate":"https:\/\/phytstore.com\/en\/?s={search_term_string}"},"query-input":{"@type":"PropertyValueSpecification","valueRequired":true,"valueName":"search_term_string"}}],"inLanguage":"en-CA"},{"@type":"Organization","@id":"https:\/\/phytstore.com\/en\/#organization","name":"Phyt's","url":"https:\/\/phytstore.com\/en\/","logo":{"@type":"ImageObject","inLanguage":"en-CA","@id":"https:\/\/phytstore.com\/en\/#\/schema\/logo\/image\/","url":"https:\/\/phytstore.com\/wp-content\/uploads\/2020\/03\/logo-phyts-e1585168986207.png","contentUrl":"https:\/\/phytstore.com\/wp-content\/uploads\/2020\/03\/logo-phyts-e1585168986207.png","width":200,"height":72,"caption":"Phyt's"},"image":{"@id":"https:\/\/phytstore.com\/en\/#\/schema\/logo\/image\/"},"sameAs":["https:\/\/www.facebook.com\/CJMBCosmetiques\/?ref=aymt_homepage_panel","https:\/\/www.instagram.com\/phyts_canada\/","https:\/\/www.linkedin.com\/company\/3337211\/admin\/","https:\/\/www.youtube.com\/channel\/UCEkP009p4XTU5lXjLkaKptA"]}]}},"jetpack_sharing_enabled":true,"_links":{"self":[{"href":"https:\/\/phytstore.com\/en\/wp-json\/wp\/v2\/product\/2909","targetHints":{"allow":["GET"]}}],"collection":[{"href":"https:\/\/phytstore.com\/en\/wp-json\/wp\/v2\/product"}],"about":[{"href":"https:\/\/phytstore.com\/en\/wp-json\/wp\/v2\/types\/product"}],"replies":[{"embeddable":true,"href":"https:\/\/phytstore.com\/en\/wp-json\/wp\/v2\/comments?post=2909"}],"wp:featuredmedia":[{"embeddable":true,"href":"https:\/\/phytstore.com\/en\/wp-json\/wp\/v2\/media\/2002"}],"wp:attachment":[{"href":"https:\/\/phytstore.com\/en\/wp-json\/wp\/v2\/media?parent=2909"}],"wp:term":[{"taxonomy":"product_brand","embeddable":true,"href":"https:\/\/phytstore.com\/en\/wp-json\/wp\/v2\/product_brand?post=2909"},{"taxonomy":"product_cat","embeddable":true,"href":"https:\/\/phytstore.com\/en\/wp-json\/wp\/v2\/product_cat?post=2909"},{"taxonomy":"product_tag","embeddable":true,"href":"https:\/\/phytstore.com\/en\/wp-json\/wp\/v2\/product_tag?post=2909"}],"curies":[{"name":"wp","href":"https:\/\/api.w.org\/{rel}","templated":true}]}}