{"id":2886,"date":"2020-03-28T19:56:33","date_gmt":"2020-03-28T19:56:33","guid":{"rendered":"https:\/\/phytstore.com\/produit\/tresor-de-lumiere-bronze-ambre\/"},"modified":"2024-09-11T06:48:48","modified_gmt":"2024-09-11T10:48:48","slug":"tresor-de-lumiere-bronze-ambre","status":"publish","type":"product","link":"https:\/\/phytstore.com\/en\/product\/creamy-eyeshadow-amber-bronze\/","title":{"rendered":"Creamy Eyeshadow &#8211; Amber Bronze"},"content":{"rendered":"<p>A hybrid formula combining the suppleness of a cream and the finish of a powder. Its silky and soft texture gives the eyes pearly and shiny reflections. During application, this <a href=\"https:\/\/phytstore.com\/en\/phyts-organic-make-up\/organic-vegan-eyeshadow\/\">Organic eyeshadow<\/a> gives eyelids a <strong>feeling of comfort and lightness<\/strong>.<br \/>\nDifferent shades of cream eyeshadows, easy to wear and to combine.<\/p>\n<h2><strong>Active Ingredients :<\/strong><\/h2>\n<p>Castor*, Aloe Vera*, Vegetal Vitamin E, Natural mineral Talc, Mica, Beeswax, Natural mineral pigments and nacres<br \/>\n<em>* ingredients from Organic Farming<\/em><\/p>\n<h2><strong>How to Apply my Creamy Eyeshadow Amber Bronze?<\/strong><\/h2>\n<p><span lang=\"en\"><span class=\"Y2IQFc\" lang=\"en\">Apply your eyeshadow with your fingertips, or using the <a href=\"https:\/\/phytstore.com\/en\/product\/eye-shadow-brush\/\">Eye Shadow Brush<\/a>. It<\/span><span class=\"Y2IQFc\" lang=\"en\">\u00a0can also be applied to the cheekbones for a touch of light.<\/span><\/span><\/p>\n<p><span lang=\"en\"><br \/>\n<strong>Tips<\/strong> : It can also be applied on the cheekbones to highlight the face. For a more intense color and a maximum hold, apply the <a href=\"https:\/\/phytstore.com\/en\/product\/shadows-primer\/\">Shadows Primer<\/a> below your eyeshadow. To enhance the look, complete with a line of <a href=\"https:\/\/phytstore.com\/en\/product\/eye-pencil-black\/\">Eye Pencil<\/a> or <a href=\"https:\/\/phytstore.com\/en\/product\/eye-liner-black\/\">Eye-Liner<\/a>, and finally <a href=\"https:\/\/phytstore.com\/en\/product\/multi-effects-mascara-black\/\">Multi-Effects Mascara<\/a>. In addition, to structure and intensify it, also use your\u00a0<a href=\"https:\/\/phytstore.com\/en\/product\/eyebrow-shadow-medium-brown\/\">Eyebrow Shadow<\/a>. Finally, in the evening, don\u2019t forget to remove your make-up using the ultra-soft side of a <a href=\"https:\/\/phytstore.com\/en\/product\/phyts-organic-reusable-wipes\/\">reusable Organic wipe<\/a>.<br \/>\n<\/span><\/p>\n","protected":false},"excerpt":{"rendered":"<p><img loading=\"lazy\" decoding=\"async\" class=\"alignnone size-full wp-image-4923\" src=\"https:\/\/phytstore.com\/wp-content\/uploads\/2020\/03\/Bio-100.png\" alt=\"\" width=\"274\" height=\"53\" \/><\/p>\n<p>G<span class=\"Y2IQFc\" lang=\"en\">ood hold, coverage &amp; intensity<\/span><\/p>\n<p><strong>Skin type :<\/strong> Eyes (even the most sensitive)<br \/>\n<strong>Expectations :<\/strong> Illuminates, reflects, covers<br \/>\n<strong>Presentation :<\/strong> 2,5 g compact<\/p>\n","protected":false},"featured_media":2574,"comment_status":"closed","ping_status":"closed","template":"","meta":{"_acf_changed":false,"inline_featured_image":false},"product_brand":[],"product_cat":[320,90],"product_tag":[],"class_list":{"0":"post-2886","1":"product","2":"type-product","3":"status-publish","4":"has-post-thumbnail","6":"product_cat-eyeshadow","7":"product_cat-phyts-organic-make-up-en","9":"first","10":"instock","11":"taxable","12":"shipping-taxable","13":"purchasable","14":"product-type-simple"},"acf":[],"yoast_head":"<!-- This site is optimized with the Yoast SEO plugin v27.4 - https:\/\/yoast.com\/product\/yoast-seo-wordpress\/ -->\n<title>100% Organic Creamy Eyeshadow (Amber Bronze) - PHYT&#039;S<\/title>\n<meta name=\"description\" content=\"Fall in love with our Bronze Creamy Eyeshadow: A hybrid formula combining the suppleness of a cream and the finish of a powder.\" \/>\n<meta name=\"robots\" content=\"index, follow, max-snippet:-1, max-image-preview:large, max-video-preview:-1\" \/>\n<link rel=\"canonical\" href=\"https:\/\/phytstore.com\/en\/product\/creamy-eyeshadow-amber-bronze\/\" \/>\n<meta property=\"og:locale\" content=\"en_US\" \/>\n<meta property=\"og:type\" content=\"article\" \/>\n<meta property=\"og:title\" content=\"100% Organic Creamy Eyeshadow (Amber Bronze) - PHYT&#039;S\" \/>\n<meta property=\"og:description\" content=\"Fall in love with our Bronze Creamy Eyeshadow: A hybrid formula combining the suppleness of a cream and the finish of a powder.\" \/>\n<meta property=\"og:url\" content=\"https:\/\/phytstore.com\/en\/product\/creamy-eyeshadow-amber-bronze\/\" \/>\n<meta property=\"og:site_name\" content=\"PHYT&#039;S\" \/>\n<meta property=\"article:publisher\" content=\"https:\/\/www.facebook.com\/CJMBCosmetiques\/?ref=aymt_homepage_panel\" \/>\n<meta property=\"article:modified_time\" content=\"2024-09-11T10:48:48+00:00\" \/>\n<meta property=\"og:image\" content=\"https:\/\/phytstore.com\/wp-content\/uploads\/2020\/03\/Image2-6.jpg\" \/>\n\t<meta property=\"og:image:width\" content=\"728\" \/>\n\t<meta property=\"og:image:height\" content=\"614\" \/>\n\t<meta property=\"og:image:type\" content=\"image\/jpeg\" \/>\n<meta name=\"twitter:card\" content=\"summary_large_image\" \/>\n<meta name=\"twitter:label1\" content=\"Est. reading time\" \/>\n\t<meta name=\"twitter:data1\" content=\"2 minutes\" \/>\n<script type=\"application\/ld+json\" class=\"yoast-schema-graph\">{\"@context\":\"https:\\\/\\\/schema.org\",\"@graph\":[{\"@type\":\"WebPage\",\"@id\":\"https:\\\/\\\/phytstore.com\\\/en\\\/product\\\/creamy-eyeshadow-amber-bronze\\\/\",\"url\":\"https:\\\/\\\/phytstore.com\\\/en\\\/product\\\/creamy-eyeshadow-amber-bronze\\\/\",\"name\":\"100% Organic Creamy Eyeshadow (Amber Bronze) - PHYT'S\",\"isPartOf\":{\"@id\":\"https:\\\/\\\/phytstore.com\\\/en\\\/#website\"},\"primaryImageOfPage\":{\"@id\":\"https:\\\/\\\/phytstore.com\\\/en\\\/product\\\/creamy-eyeshadow-amber-bronze\\\/#primaryimage\"},\"image\":{\"@id\":\"https:\\\/\\\/phytstore.com\\\/en\\\/product\\\/creamy-eyeshadow-amber-bronze\\\/#primaryimage\"},\"thumbnailUrl\":\"https:\\\/\\\/phytstore.com\\\/wp-content\\\/uploads\\\/2020\\\/03\\\/Image2-6.jpg\",\"datePublished\":\"2020-03-28T19:56:33+00:00\",\"dateModified\":\"2024-09-11T10:48:48+00:00\",\"description\":\"Fall in love with our Bronze Creamy Eyeshadow: A hybrid formula combining the suppleness of a cream and the finish of a powder.\",\"breadcrumb\":{\"@id\":\"https:\\\/\\\/phytstore.com\\\/en\\\/product\\\/creamy-eyeshadow-amber-bronze\\\/#breadcrumb\"},\"inLanguage\":\"en-CA\",\"potentialAction\":[{\"@type\":\"ReadAction\",\"target\":[\"https:\\\/\\\/phytstore.com\\\/en\\\/product\\\/creamy-eyeshadow-amber-bronze\\\/\"]}]},{\"@type\":\"ImageObject\",\"inLanguage\":\"en-CA\",\"@id\":\"https:\\\/\\\/phytstore.com\\\/en\\\/product\\\/creamy-eyeshadow-amber-bronze\\\/#primaryimage\",\"url\":\"https:\\\/\\\/phytstore.com\\\/wp-content\\\/uploads\\\/2020\\\/03\\\/Image2-6.jpg\",\"contentUrl\":\"https:\\\/\\\/phytstore.com\\\/wp-content\\\/uploads\\\/2020\\\/03\\\/Image2-6.jpg\",\"width\":728,\"height\":614,\"caption\":\"Tr\u00e9sor de Lumi\u00e8re Bronze Ambr\u00e9\"},{\"@type\":\"BreadcrumbList\",\"@id\":\"https:\\\/\\\/phytstore.com\\\/en\\\/product\\\/creamy-eyeshadow-amber-bronze\\\/#breadcrumb\",\"itemListElement\":[{\"@type\":\"ListItem\",\"position\":1,\"name\":\"Home\",\"item\":\"https:\\\/\\\/phytstore.com\\\/en\\\/\"},{\"@type\":\"ListItem\",\"position\":2,\"name\":\"Shop\",\"item\":\"https:\\\/\\\/phytstore.com\\\/en\\\/shop\\\/\"},{\"@type\":\"ListItem\",\"position\":3,\"name\":\"Organic Makeup\",\"item\":\"https:\\\/\\\/phytstore.com\\\/en\\\/phyts-organic-make-up\\\/\"},{\"@type\":\"ListItem\",\"position\":4,\"name\":\"Organic Eye Makeup\",\"item\":\"https:\\\/\\\/phytstore.com\\\/en\\\/phyts-organic-make-up\\\/organic-eye-makeup\\\/\"},{\"@type\":\"ListItem\",\"position\":5,\"name\":\"Eyeshadows\",\"item\":\"https:\\\/\\\/phytstore.com\\\/en\\\/phyts-organic-make-up\\\/organic-vegan-eyeshadow\\\/\"},{\"@type\":\"ListItem\",\"position\":6,\"name\":\"Creamy Eyeshadow &#8211; Amber Bronze\"}]},{\"@type\":\"WebSite\",\"@id\":\"https:\\\/\\\/phytstore.com\\\/en\\\/#website\",\"url\":\"https:\\\/\\\/phytstore.com\\\/en\\\/\",\"name\":\"PHYT&#039;S\",\"description\":\"Fabricant et distributeur de soins certifi\u00e9s bio pour instituts de beaut\u00e9, spa et esth\u00e9ticiennes\",\"publisher\":{\"@id\":\"https:\\\/\\\/phytstore.com\\\/en\\\/#organization\"},\"potentialAction\":[{\"@type\":\"SearchAction\",\"target\":{\"@type\":\"EntryPoint\",\"urlTemplate\":\"https:\\\/\\\/phytstore.com\\\/en\\\/?s={search_term_string}\"},\"query-input\":{\"@type\":\"PropertyValueSpecification\",\"valueRequired\":true,\"valueName\":\"search_term_string\"}}],\"inLanguage\":\"en-CA\"},{\"@type\":\"Organization\",\"@id\":\"https:\\\/\\\/phytstore.com\\\/en\\\/#organization\",\"name\":\"Phyt's\",\"url\":\"https:\\\/\\\/phytstore.com\\\/en\\\/\",\"logo\":{\"@type\":\"ImageObject\",\"inLanguage\":\"en-CA\",\"@id\":\"https:\\\/\\\/phytstore.com\\\/en\\\/#\\\/schema\\\/logo\\\/image\\\/\",\"url\":\"https:\\\/\\\/phytstore.com\\\/wp-content\\\/uploads\\\/2020\\\/03\\\/logo-phyts-e1585168986207.png\",\"contentUrl\":\"https:\\\/\\\/phytstore.com\\\/wp-content\\\/uploads\\\/2020\\\/03\\\/logo-phyts-e1585168986207.png\",\"width\":200,\"height\":72,\"caption\":\"Phyt's\"},\"image\":{\"@id\":\"https:\\\/\\\/phytstore.com\\\/en\\\/#\\\/schema\\\/logo\\\/image\\\/\"},\"sameAs\":[\"https:\\\/\\\/www.facebook.com\\\/CJMBCosmetiques\\\/?ref=aymt_homepage_panel\",\"https:\\\/\\\/www.instagram.com\\\/phyts_canada\\\/\",\"https:\\\/\\\/www.linkedin.com\\\/company\\\/3337211\\\/admin\\\/\",\"https:\\\/\\\/www.youtube.com\\\/channel\\\/UCEkP009p4XTU5lXjLkaKptA\"]}]}<\/script>\n<!-- \/ Yoast SEO plugin. -->","yoast_head_json":{"title":"100% Organic Creamy Eyeshadow (Amber Bronze) - PHYT'S","description":"Fall in love with our Bronze Creamy Eyeshadow: A hybrid formula combining the suppleness of a cream and the finish of a powder.","robots":{"index":"index","follow":"follow","max-snippet":"max-snippet:-1","max-image-preview":"max-image-preview:large","max-video-preview":"max-video-preview:-1"},"canonical":"https:\/\/phytstore.com\/en\/product\/creamy-eyeshadow-amber-bronze\/","og_locale":"en_US","og_type":"article","og_title":"100% Organic Creamy Eyeshadow (Amber Bronze) - PHYT'S","og_description":"Fall in love with our Bronze Creamy Eyeshadow: A hybrid formula combining the suppleness of a cream and the finish of a powder.","og_url":"https:\/\/phytstore.com\/en\/product\/creamy-eyeshadow-amber-bronze\/","og_site_name":"PHYT&#039;S","article_publisher":"https:\/\/www.facebook.com\/CJMBCosmetiques\/?ref=aymt_homepage_panel","article_modified_time":"2024-09-11T10:48:48+00:00","og_image":[{"width":728,"height":614,"url":"https:\/\/phytstore.com\/wp-content\/uploads\/2020\/03\/Image2-6.jpg","type":"image\/jpeg"}],"twitter_card":"summary_large_image","twitter_misc":{"Est. reading time":"2 minutes"},"schema":{"@context":"https:\/\/schema.org","@graph":[{"@type":"WebPage","@id":"https:\/\/phytstore.com\/en\/product\/creamy-eyeshadow-amber-bronze\/","url":"https:\/\/phytstore.com\/en\/product\/creamy-eyeshadow-amber-bronze\/","name":"100% Organic Creamy Eyeshadow (Amber Bronze) - PHYT'S","isPartOf":{"@id":"https:\/\/phytstore.com\/en\/#website"},"primaryImageOfPage":{"@id":"https:\/\/phytstore.com\/en\/product\/creamy-eyeshadow-amber-bronze\/#primaryimage"},"image":{"@id":"https:\/\/phytstore.com\/en\/product\/creamy-eyeshadow-amber-bronze\/#primaryimage"},"thumbnailUrl":"https:\/\/phytstore.com\/wp-content\/uploads\/2020\/03\/Image2-6.jpg","datePublished":"2020-03-28T19:56:33+00:00","dateModified":"2024-09-11T10:48:48+00:00","description":"Fall in love with our Bronze Creamy Eyeshadow: A hybrid formula combining the suppleness of a cream and the finish of a powder.","breadcrumb":{"@id":"https:\/\/phytstore.com\/en\/product\/creamy-eyeshadow-amber-bronze\/#breadcrumb"},"inLanguage":"en-CA","potentialAction":[{"@type":"ReadAction","target":["https:\/\/phytstore.com\/en\/product\/creamy-eyeshadow-amber-bronze\/"]}]},{"@type":"ImageObject","inLanguage":"en-CA","@id":"https:\/\/phytstore.com\/en\/product\/creamy-eyeshadow-amber-bronze\/#primaryimage","url":"https:\/\/phytstore.com\/wp-content\/uploads\/2020\/03\/Image2-6.jpg","contentUrl":"https:\/\/phytstore.com\/wp-content\/uploads\/2020\/03\/Image2-6.jpg","width":728,"height":614,"caption":"Tr\u00e9sor de Lumi\u00e8re Bronze Ambr\u00e9"},{"@type":"BreadcrumbList","@id":"https:\/\/phytstore.com\/en\/product\/creamy-eyeshadow-amber-bronze\/#breadcrumb","itemListElement":[{"@type":"ListItem","position":1,"name":"Home","item":"https:\/\/phytstore.com\/en\/"},{"@type":"ListItem","position":2,"name":"Shop","item":"https:\/\/phytstore.com\/en\/shop\/"},{"@type":"ListItem","position":3,"name":"Organic Makeup","item":"https:\/\/phytstore.com\/en\/phyts-organic-make-up\/"},{"@type":"ListItem","position":4,"name":"Organic Eye Makeup","item":"https:\/\/phytstore.com\/en\/phyts-organic-make-up\/organic-eye-makeup\/"},{"@type":"ListItem","position":5,"name":"Eyeshadows","item":"https:\/\/phytstore.com\/en\/phyts-organic-make-up\/organic-vegan-eyeshadow\/"},{"@type":"ListItem","position":6,"name":"Creamy Eyeshadow &#8211; Amber Bronze"}]},{"@type":"WebSite","@id":"https:\/\/phytstore.com\/en\/#website","url":"https:\/\/phytstore.com\/en\/","name":"PHYT&#039;S","description":"Fabricant et distributeur de soins certifi\u00e9s bio pour instituts de beaut\u00e9, spa et esth\u00e9ticiennes","publisher":{"@id":"https:\/\/phytstore.com\/en\/#organization"},"potentialAction":[{"@type":"SearchAction","target":{"@type":"EntryPoint","urlTemplate":"https:\/\/phytstore.com\/en\/?s={search_term_string}"},"query-input":{"@type":"PropertyValueSpecification","valueRequired":true,"valueName":"search_term_string"}}],"inLanguage":"en-CA"},{"@type":"Organization","@id":"https:\/\/phytstore.com\/en\/#organization","name":"Phyt's","url":"https:\/\/phytstore.com\/en\/","logo":{"@type":"ImageObject","inLanguage":"en-CA","@id":"https:\/\/phytstore.com\/en\/#\/schema\/logo\/image\/","url":"https:\/\/phytstore.com\/wp-content\/uploads\/2020\/03\/logo-phyts-e1585168986207.png","contentUrl":"https:\/\/phytstore.com\/wp-content\/uploads\/2020\/03\/logo-phyts-e1585168986207.png","width":200,"height":72,"caption":"Phyt's"},"image":{"@id":"https:\/\/phytstore.com\/en\/#\/schema\/logo\/image\/"},"sameAs":["https:\/\/www.facebook.com\/CJMBCosmetiques\/?ref=aymt_homepage_panel","https:\/\/www.instagram.com\/phyts_canada\/","https:\/\/www.linkedin.com\/company\/3337211\/admin\/","https:\/\/www.youtube.com\/channel\/UCEkP009p4XTU5lXjLkaKptA"]}]}},"jetpack_sharing_enabled":true,"_links":{"self":[{"href":"https:\/\/phytstore.com\/en\/wp-json\/wp\/v2\/product\/2886","targetHints":{"allow":["GET"]}}],"collection":[{"href":"https:\/\/phytstore.com\/en\/wp-json\/wp\/v2\/product"}],"about":[{"href":"https:\/\/phytstore.com\/en\/wp-json\/wp\/v2\/types\/product"}],"replies":[{"embeddable":true,"href":"https:\/\/phytstore.com\/en\/wp-json\/wp\/v2\/comments?post=2886"}],"wp:featuredmedia":[{"embeddable":true,"href":"https:\/\/phytstore.com\/en\/wp-json\/wp\/v2\/media\/2574"}],"wp:attachment":[{"href":"https:\/\/phytstore.com\/en\/wp-json\/wp\/v2\/media?parent=2886"}],"wp:term":[{"taxonomy":"product_brand","embeddable":true,"href":"https:\/\/phytstore.com\/en\/wp-json\/wp\/v2\/product_brand?post=2886"},{"taxonomy":"product_cat","embeddable":true,"href":"https:\/\/phytstore.com\/en\/wp-json\/wp\/v2\/product_cat?post=2886"},{"taxonomy":"product_tag","embeddable":true,"href":"https:\/\/phytstore.com\/en\/wp-json\/wp\/v2\/product_tag?post=2886"}],"curies":[{"name":"wp","href":"https:\/\/api.w.org\/{rel}","templated":true}]}}