{"id":2866,"date":"2020-03-28T19:56:34","date_gmt":"2020-03-28T23:56:34","guid":{"rendered":"https:\/\/phytstore.com\/produit\/rouge-a-levres-rose-ivresse\/"},"modified":"2024-06-17T14:42:43","modified_gmt":"2024-06-17T18:42:43","slug":"rouge-a-levres-rose-ivresse","status":"publish","type":"product","link":"https:\/\/phytstore.com\/en\/product\/lipstick-fuchsia-pink\/","title":{"rendered":"Lipstick &#8211; Fuchsia Pink"},"content":{"rendered":"<p>Essence of feminity, this Organic fuchsia lipstick smartly highlights the lips and make them feel comfortable. Its fine and creamy texture, rich in anti-aging Vitamin E and in nourishing* ingredients, then offers comfort, softness, suppleness, and protection to the lips.<br \/>\nA myriad of irresistible colors, from natural to sophisticated ones. For a glamorous and sensual mouth&#8230;<br \/>\n<em>* via hydration<\/em><\/p>\n<h2><strong>Active ingredients<\/strong><\/h2>\n<p>Sunflower*, Hazelnut*, Castor*, Beeswax*, Carnauba*, Candelilla, Vegetal Vitamin E, Natural mineral pigments<br \/>\n<em>* ingredients from Organic Farming<\/em><\/p>\n<h2><strong>How to apply my fuchsia lipstick?<\/strong><\/h2>\n<p>Apply your <a href=\"https:\/\/phytstore.com\/en\/phyts-organic-make-up\/certified-organic-lipstick\/\">Organic lipstick<\/a> to the cente of your lips, pulling the colour outwards.<\/p>\n<p><strong>Tip: <\/strong>For more shine, apply a rgloss over it. This lipstick pairs perfectly with the <a href=\"https:\/\/phytstore.com\/en\/product\/gloss-fuchsia-cherry\/\">Fuchsia Cherry Gloss<\/a>.<\/p>\n","protected":false},"excerpt":{"rendered":"<p><img loading=\"lazy\" decoding=\"async\" class=\"alignnone size-full wp-image-4923\" src=\"https:\/\/phytstore.com\/wp-content\/uploads\/2020\/03\/Bio-100.png\" alt=\"\" width=\"274\" height=\"53\" \/><\/p>\n<p>Anti-aging, nourishing* &amp; protective &#8211; Rich color<\/p>\n<p><strong>Skin types :\u00a0<\/strong>Lips (even dry)<br \/>\n<strong>Expectations :<\/strong> Regenerates*, nourishes*, softens, protects<br \/>\n<strong>Presentation :<\/strong>\u00a04,1 g stick<\/p>\n","protected":false},"featured_media":1612,"comment_status":"closed","ping_status":"closed","template":"","meta":{"_acf_changed":false,"inline_featured_image":false},"product_brand":[],"product_cat":[90,220,327],"product_tag":[],"class_list":{"0":"post-2866","1":"product","2":"type-product","3":"status-publish","4":"has-post-thumbnail","6":"product_cat-phyts-organic-make-up-en","7":"product_cat-lips","8":"product_cat-certified-organic-lipstick","10":"first","11":"instock","12":"taxable","13":"shipping-taxable","14":"purchasable","15":"product-type-simple"},"acf":[],"yoast_head":"<!-- This site is optimized with the Yoast SEO plugin v27.4 - https:\/\/yoast.com\/product\/yoast-seo-wordpress\/ -->\n<title>Fuchsia Lipstick - Natural &amp; Organic Make-up - PHYT&#039;S<\/title>\n<meta name=\"description\" content=\"Essence of feminity, this fuchsia lipstick highlight your lips and make them feel comfortable. Fine and creamy texture, rich in anti-aging Vitamin E !\" \/>\n<meta name=\"robots\" content=\"index, follow, max-snippet:-1, max-image-preview:large, max-video-preview:-1\" \/>\n<link rel=\"canonical\" href=\"https:\/\/phytstore.com\/en\/product\/lipstick-fuchsia-pink\/\" \/>\n<meta property=\"og:locale\" content=\"en_US\" \/>\n<meta property=\"og:type\" content=\"article\" \/>\n<meta property=\"og:title\" content=\"Fuchsia Lipstick - Natural &amp; Organic Make-up - PHYT&#039;S\" \/>\n<meta property=\"og:description\" content=\"Essence of feminity, this fuchsia lipstick highlight your lips and make them feel comfortable. Fine and creamy texture, rich in anti-aging Vitamin E !\" \/>\n<meta property=\"og:url\" content=\"https:\/\/phytstore.com\/en\/product\/lipstick-fuchsia-pink\/\" \/>\n<meta property=\"og:site_name\" content=\"PHYT&#039;S\" \/>\n<meta property=\"article:publisher\" content=\"https:\/\/www.facebook.com\/CJMBCosmetiques\/?ref=aymt_homepage_panel\" \/>\n<meta property=\"article:modified_time\" content=\"2024-06-17T18:42:43+00:00\" \/>\n<meta name=\"twitter:card\" content=\"summary_large_image\" \/>\n<meta name=\"twitter:label1\" content=\"Est. reading time\" \/>\n\t<meta name=\"twitter:data1\" content=\"1 minute\" \/>\n<script type=\"application\/ld+json\" class=\"yoast-schema-graph\">{\"@context\":\"https:\\\/\\\/schema.org\",\"@graph\":[{\"@type\":\"WebPage\",\"@id\":\"https:\\\/\\\/phytstore.com\\\/en\\\/product\\\/lipstick-fuchsia-pink\\\/\",\"url\":\"https:\\\/\\\/phytstore.com\\\/en\\\/product\\\/lipstick-fuchsia-pink\\\/\",\"name\":\"Fuchsia Lipstick - Natural & Organic Make-up - PHYT'S\",\"isPartOf\":{\"@id\":\"https:\\\/\\\/phytstore.com\\\/en\\\/#website\"},\"primaryImageOfPage\":{\"@id\":\"https:\\\/\\\/phytstore.com\\\/en\\\/product\\\/lipstick-fuchsia-pink\\\/#primaryimage\"},\"image\":{\"@id\":\"https:\\\/\\\/phytstore.com\\\/en\\\/product\\\/lipstick-fuchsia-pink\\\/#primaryimage\"},\"thumbnailUrl\":\"https:\\\/\\\/phytstore.com\\\/wp-content\\\/uploads\\\/2020\\\/03\\\/RAL-Rose-Ivresse-NEW.jpg\",\"datePublished\":\"2020-03-28T23:56:34+00:00\",\"dateModified\":\"2024-06-17T18:42:43+00:00\",\"description\":\"Essence of feminity, this fuchsia lipstick highlight your lips and make them feel comfortable. Fine and creamy texture, rich in anti-aging Vitamin E !\",\"breadcrumb\":{\"@id\":\"https:\\\/\\\/phytstore.com\\\/en\\\/product\\\/lipstick-fuchsia-pink\\\/#breadcrumb\"},\"inLanguage\":\"en-CA\",\"potentialAction\":[{\"@type\":\"ReadAction\",\"target\":[\"https:\\\/\\\/phytstore.com\\\/en\\\/product\\\/lipstick-fuchsia-pink\\\/\"]}]},{\"@type\":\"ImageObject\",\"inLanguage\":\"en-CA\",\"@id\":\"https:\\\/\\\/phytstore.com\\\/en\\\/product\\\/lipstick-fuchsia-pink\\\/#primaryimage\",\"url\":\"https:\\\/\\\/phytstore.com\\\/wp-content\\\/uploads\\\/2020\\\/03\\\/RAL-Rose-Ivresse-NEW.jpg\",\"contentUrl\":\"https:\\\/\\\/phytstore.com\\\/wp-content\\\/uploads\\\/2020\\\/03\\\/RAL-Rose-Ivresse-NEW.jpg\",\"width\":534,\"height\":534,\"caption\":\"Rouge \u00e0 L\u00e8vres Rose Ivresse\"},{\"@type\":\"BreadcrumbList\",\"@id\":\"https:\\\/\\\/phytstore.com\\\/en\\\/product\\\/lipstick-fuchsia-pink\\\/#breadcrumb\",\"itemListElement\":[{\"@type\":\"ListItem\",\"position\":1,\"name\":\"Home\",\"item\":\"https:\\\/\\\/phytstore.com\\\/en\\\/\"},{\"@type\":\"ListItem\",\"position\":2,\"name\":\"Shop\",\"item\":\"https:\\\/\\\/phytstore.com\\\/en\\\/shop\\\/\"},{\"@type\":\"ListItem\",\"position\":3,\"name\":\"Organic Lip Makeup\",\"item\":\"https:\\\/\\\/phytstore.com\\\/en\\\/phyts-organic-make-up\\\/organic-lip-products\\\/\"},{\"@type\":\"ListItem\",\"position\":4,\"name\":\"Lipstick &#8211; Fuchsia Pink\"}]},{\"@type\":\"WebSite\",\"@id\":\"https:\\\/\\\/phytstore.com\\\/en\\\/#website\",\"url\":\"https:\\\/\\\/phytstore.com\\\/en\\\/\",\"name\":\"PHYT&#039;S\",\"description\":\"Fabricant et distributeur de soins certifi\u00e9s bio pour instituts de beaut\u00e9, spa et esth\u00e9ticiennes\",\"publisher\":{\"@id\":\"https:\\\/\\\/phytstore.com\\\/en\\\/#organization\"},\"potentialAction\":[{\"@type\":\"SearchAction\",\"target\":{\"@type\":\"EntryPoint\",\"urlTemplate\":\"https:\\\/\\\/phytstore.com\\\/en\\\/?s={search_term_string}\"},\"query-input\":{\"@type\":\"PropertyValueSpecification\",\"valueRequired\":true,\"valueName\":\"search_term_string\"}}],\"inLanguage\":\"en-CA\"},{\"@type\":\"Organization\",\"@id\":\"https:\\\/\\\/phytstore.com\\\/en\\\/#organization\",\"name\":\"Phyt's\",\"url\":\"https:\\\/\\\/phytstore.com\\\/en\\\/\",\"logo\":{\"@type\":\"ImageObject\",\"inLanguage\":\"en-CA\",\"@id\":\"https:\\\/\\\/phytstore.com\\\/en\\\/#\\\/schema\\\/logo\\\/image\\\/\",\"url\":\"https:\\\/\\\/phytstore.com\\\/wp-content\\\/uploads\\\/2020\\\/03\\\/logo-phyts-e1585168986207.png\",\"contentUrl\":\"https:\\\/\\\/phytstore.com\\\/wp-content\\\/uploads\\\/2020\\\/03\\\/logo-phyts-e1585168986207.png\",\"width\":200,\"height\":72,\"caption\":\"Phyt's\"},\"image\":{\"@id\":\"https:\\\/\\\/phytstore.com\\\/en\\\/#\\\/schema\\\/logo\\\/image\\\/\"},\"sameAs\":[\"https:\\\/\\\/www.facebook.com\\\/CJMBCosmetiques\\\/?ref=aymt_homepage_panel\",\"https:\\\/\\\/www.instagram.com\\\/phyts_canada\\\/\",\"https:\\\/\\\/www.linkedin.com\\\/company\\\/3337211\\\/admin\\\/\",\"https:\\\/\\\/www.youtube.com\\\/channel\\\/UCEkP009p4XTU5lXjLkaKptA\"]}]}<\/script>\n<!-- \/ Yoast SEO plugin. -->","yoast_head_json":{"title":"Fuchsia Lipstick - Natural & Organic Make-up - PHYT'S","description":"Essence of feminity, this fuchsia lipstick highlight your lips and make them feel comfortable. Fine and creamy texture, rich in anti-aging Vitamin E !","robots":{"index":"index","follow":"follow","max-snippet":"max-snippet:-1","max-image-preview":"max-image-preview:large","max-video-preview":"max-video-preview:-1"},"canonical":"https:\/\/phytstore.com\/en\/product\/lipstick-fuchsia-pink\/","og_locale":"en_US","og_type":"article","og_title":"Fuchsia Lipstick - Natural & Organic Make-up - PHYT'S","og_description":"Essence of feminity, this fuchsia lipstick highlight your lips and make them feel comfortable. Fine and creamy texture, rich in anti-aging Vitamin E !","og_url":"https:\/\/phytstore.com\/en\/product\/lipstick-fuchsia-pink\/","og_site_name":"PHYT&#039;S","article_publisher":"https:\/\/www.facebook.com\/CJMBCosmetiques\/?ref=aymt_homepage_panel","article_modified_time":"2024-06-17T18:42:43+00:00","twitter_card":"summary_large_image","twitter_misc":{"Est. reading time":"1 minute"},"schema":{"@context":"https:\/\/schema.org","@graph":[{"@type":"WebPage","@id":"https:\/\/phytstore.com\/en\/product\/lipstick-fuchsia-pink\/","url":"https:\/\/phytstore.com\/en\/product\/lipstick-fuchsia-pink\/","name":"Fuchsia Lipstick - Natural & Organic Make-up - PHYT'S","isPartOf":{"@id":"https:\/\/phytstore.com\/en\/#website"},"primaryImageOfPage":{"@id":"https:\/\/phytstore.com\/en\/product\/lipstick-fuchsia-pink\/#primaryimage"},"image":{"@id":"https:\/\/phytstore.com\/en\/product\/lipstick-fuchsia-pink\/#primaryimage"},"thumbnailUrl":"https:\/\/phytstore.com\/wp-content\/uploads\/2020\/03\/RAL-Rose-Ivresse-NEW.jpg","datePublished":"2020-03-28T23:56:34+00:00","dateModified":"2024-06-17T18:42:43+00:00","description":"Essence of feminity, this fuchsia lipstick highlight your lips and make them feel comfortable. Fine and creamy texture, rich in anti-aging Vitamin E !","breadcrumb":{"@id":"https:\/\/phytstore.com\/en\/product\/lipstick-fuchsia-pink\/#breadcrumb"},"inLanguage":"en-CA","potentialAction":[{"@type":"ReadAction","target":["https:\/\/phytstore.com\/en\/product\/lipstick-fuchsia-pink\/"]}]},{"@type":"ImageObject","inLanguage":"en-CA","@id":"https:\/\/phytstore.com\/en\/product\/lipstick-fuchsia-pink\/#primaryimage","url":"https:\/\/phytstore.com\/wp-content\/uploads\/2020\/03\/RAL-Rose-Ivresse-NEW.jpg","contentUrl":"https:\/\/phytstore.com\/wp-content\/uploads\/2020\/03\/RAL-Rose-Ivresse-NEW.jpg","width":534,"height":534,"caption":"Rouge \u00e0 L\u00e8vres Rose Ivresse"},{"@type":"BreadcrumbList","@id":"https:\/\/phytstore.com\/en\/product\/lipstick-fuchsia-pink\/#breadcrumb","itemListElement":[{"@type":"ListItem","position":1,"name":"Home","item":"https:\/\/phytstore.com\/en\/"},{"@type":"ListItem","position":2,"name":"Shop","item":"https:\/\/phytstore.com\/en\/shop\/"},{"@type":"ListItem","position":3,"name":"Organic Lip Makeup","item":"https:\/\/phytstore.com\/en\/phyts-organic-make-up\/organic-lip-products\/"},{"@type":"ListItem","position":4,"name":"Lipstick &#8211; Fuchsia Pink"}]},{"@type":"WebSite","@id":"https:\/\/phytstore.com\/en\/#website","url":"https:\/\/phytstore.com\/en\/","name":"PHYT&#039;S","description":"Fabricant et distributeur de soins certifi\u00e9s bio pour instituts de beaut\u00e9, spa et esth\u00e9ticiennes","publisher":{"@id":"https:\/\/phytstore.com\/en\/#organization"},"potentialAction":[{"@type":"SearchAction","target":{"@type":"EntryPoint","urlTemplate":"https:\/\/phytstore.com\/en\/?s={search_term_string}"},"query-input":{"@type":"PropertyValueSpecification","valueRequired":true,"valueName":"search_term_string"}}],"inLanguage":"en-CA"},{"@type":"Organization","@id":"https:\/\/phytstore.com\/en\/#organization","name":"Phyt's","url":"https:\/\/phytstore.com\/en\/","logo":{"@type":"ImageObject","inLanguage":"en-CA","@id":"https:\/\/phytstore.com\/en\/#\/schema\/logo\/image\/","url":"https:\/\/phytstore.com\/wp-content\/uploads\/2020\/03\/logo-phyts-e1585168986207.png","contentUrl":"https:\/\/phytstore.com\/wp-content\/uploads\/2020\/03\/logo-phyts-e1585168986207.png","width":200,"height":72,"caption":"Phyt's"},"image":{"@id":"https:\/\/phytstore.com\/en\/#\/schema\/logo\/image\/"},"sameAs":["https:\/\/www.facebook.com\/CJMBCosmetiques\/?ref=aymt_homepage_panel","https:\/\/www.instagram.com\/phyts_canada\/","https:\/\/www.linkedin.com\/company\/3337211\/admin\/","https:\/\/www.youtube.com\/channel\/UCEkP009p4XTU5lXjLkaKptA"]}]}},"jetpack_sharing_enabled":true,"_links":{"self":[{"href":"https:\/\/phytstore.com\/en\/wp-json\/wp\/v2\/product\/2866","targetHints":{"allow":["GET"]}}],"collection":[{"href":"https:\/\/phytstore.com\/en\/wp-json\/wp\/v2\/product"}],"about":[{"href":"https:\/\/phytstore.com\/en\/wp-json\/wp\/v2\/types\/product"}],"replies":[{"embeddable":true,"href":"https:\/\/phytstore.com\/en\/wp-json\/wp\/v2\/comments?post=2866"}],"wp:featuredmedia":[{"embeddable":true,"href":"https:\/\/phytstore.com\/en\/wp-json\/wp\/v2\/media\/1612"}],"wp:attachment":[{"href":"https:\/\/phytstore.com\/en\/wp-json\/wp\/v2\/media?parent=2866"}],"wp:term":[{"taxonomy":"product_brand","embeddable":true,"href":"https:\/\/phytstore.com\/en\/wp-json\/wp\/v2\/product_brand?post=2866"},{"taxonomy":"product_cat","embeddable":true,"href":"https:\/\/phytstore.com\/en\/wp-json\/wp\/v2\/product_cat?post=2866"},{"taxonomy":"product_tag","embeddable":true,"href":"https:\/\/phytstore.com\/en\/wp-json\/wp\/v2\/product_tag?post=2866"}],"curies":[{"name":"wp","href":"https:\/\/api.w.org\/{rel}","templated":true}]}}