{"id":2860,"date":"2020-03-28T19:56:29","date_gmt":"2020-03-28T23:56:29","guid":{"rendered":"https:\/\/phytstore.com\/produit\/lotion-fortifiante\/"},"modified":"2023-11-21T15:03:47","modified_gmt":"2023-11-21T19:03:47","slug":"lotion-fortifiante","status":"publish","type":"product","link":"https:\/\/phytstore.com\/en\/product\/fortifying-lotion\/","title":{"rendered":"Fortifying Lotion"},"content":{"rendered":"<p>Mineralizing and toning care treatment for the scalp. Thanks to its wealth of minerals and essential oils, this Organic fortifying lotion gives strenght and vigor to the hair bulb. The hair is then reinforced, thickened, flexible and shiny.<\/p>\n<h2><strong>Active Ingredients :<\/strong><\/h2>\n<p>Lavender*, Sea Salt, Alfalfa*, Black Currant*, Wheat Proteins, Bilberry*, Restharrow*, Thyme*, Meadowsweet*, Ylang-Ylang*, Cinnamon*, Sweet Marjoram, Copper<br \/>\n<em>* ingredients from Organic Farming<\/em><\/p>\n<h2><strong>How to Apply my Care Treatment for Scalps?<\/strong><\/h2>\n<p>After <strong><a href=\"https:\/\/phytstore.com\/en\/product\/shampoo\/\">Shampoo<\/a><\/strong>, apply and rub all over scalp. Do not rinse, unless you have very fine hair.<br \/>\n<strong>Tip :<\/strong> For best results, before shampoo, apply the <strong><a href=\"https:\/\/phytstore.com\/en\/product\/revitalizing-oil\/\">Invigorating Oil<\/a><\/strong>\u00a0on scalp. Massage the epidermis in small circular movements. Leave on for 10 to 15 minutes.<\/p>\n","protected":false},"excerpt":{"rendered":"<p><img loading=\"lazy\" decoding=\"async\" class=\"alignnone size-full wp-image-4921\" src=\"https:\/\/phytstore.com\/wp-content\/uploads\/2020\/03\/Bio-100-Vegan-4.png\" alt=\"\" width=\"274\" height=\"53\" \/><\/p>\n<p>Hair strength &amp; beauty<\/p>\n<p><strong>Skin type :<\/strong> All scalp types<br \/>\n<strong>Expectations :<\/strong> Stimulates, fortifies, strengthens<br \/>\n<strong>Presentation :<\/strong> Box 6 vials x 5 ml<\/p>\n","protected":false},"featured_media":2501,"comment_status":"closed","ping_status":"closed","template":"","meta":{"_acf_changed":false,"inline_featured_image":false},"product_brand":[],"product_cat":[95,205],"product_tag":[],"class_list":{"0":"post-2860","1":"product","2":"type-product","3":"status-publish","4":"has-post-thumbnail","6":"product_cat-soins-capillaires-phyts-et-gamarde-en","7":"product_cat-hair-care","9":"first","10":"instock","11":"taxable","12":"shipping-taxable","13":"purchasable","14":"product-type-simple"},"acf":[],"yoast_head":"<!-- This site is optimized with the Yoast SEO plugin v27.1.1 - https:\/\/yoast.com\/product\/yoast-seo-wordpress\/ -->\n<title>Hair Lotion - PHYT&#039;S - 100% natural &amp; organic<\/title>\n<meta name=\"description\" content=\"Thanks to its wealth of minerals and essential oils, Lotion Fortifiante gives strenght and vigor to the hair. The hair is reinforced, flexible ans shinning.\" \/>\n<meta name=\"robots\" content=\"index, follow, max-snippet:-1, max-image-preview:large, max-video-preview:-1\" \/>\n<link rel=\"canonical\" href=\"https:\/\/phytstore.com\/en\/product\/fortifying-lotion\/\" \/>\n<meta property=\"og:locale\" content=\"en_US\" \/>\n<meta property=\"og:type\" content=\"article\" \/>\n<meta property=\"og:title\" content=\"Hair Lotion - PHYT&#039;S - 100% natural &amp; organic\" \/>\n<meta property=\"og:description\" content=\"Thanks to its wealth of minerals and essential oils, Lotion Fortifiante gives strenght and vigor to the hair. The hair is reinforced, flexible ans shinning.\" \/>\n<meta property=\"og:url\" content=\"https:\/\/phytstore.com\/en\/product\/fortifying-lotion\/\" \/>\n<meta property=\"og:site_name\" content=\"PHYT&#039;S\" \/>\n<meta property=\"article:publisher\" content=\"https:\/\/www.facebook.com\/CJMBCosmetiques\/?ref=aymt_homepage_panel\" \/>\n<meta property=\"article:modified_time\" content=\"2023-11-21T19:03:47+00:00\" \/>\n<meta property=\"og:image\" content=\"https:\/\/phytstore.com\/wp-content\/uploads\/2020\/03\/Lotion-Fortifiante-avec-ampoule-HD.jpg\" \/>\n\t<meta property=\"og:image:width\" content=\"1107\" \/>\n\t<meta property=\"og:image:height\" content=\"945\" \/>\n\t<meta property=\"og:image:type\" content=\"image\/jpeg\" \/>\n<meta name=\"twitter:card\" content=\"summary_large_image\" \/>\n<meta name=\"twitter:label1\" content=\"Est. reading time\" \/>\n\t<meta name=\"twitter:data1\" content=\"1 minute\" \/>\n<script type=\"application\/ld+json\" class=\"yoast-schema-graph\">{\"@context\":\"https:\/\/schema.org\",\"@graph\":[{\"@type\":\"WebPage\",\"@id\":\"https:\/\/phytstore.com\/en\/product\/fortifying-lotion\/\",\"url\":\"https:\/\/phytstore.com\/en\/product\/fortifying-lotion\/\",\"name\":\"Hair Lotion - PHYT&#039;S - 100% natural & organic\",\"isPartOf\":{\"@id\":\"https:\/\/phytstore.com\/en\/#website\"},\"primaryImageOfPage\":{\"@id\":\"https:\/\/phytstore.com\/en\/product\/fortifying-lotion\/#primaryimage\"},\"image\":{\"@id\":\"https:\/\/phytstore.com\/en\/product\/fortifying-lotion\/#primaryimage\"},\"thumbnailUrl\":\"https:\/\/phytstore.com\/wp-content\/uploads\/2020\/03\/Lotion-Fortifiante-avec-ampoule-HD.jpg\",\"datePublished\":\"2020-03-28T23:56:29+00:00\",\"dateModified\":\"2023-11-21T19:03:47+00:00\",\"description\":\"Thanks to its wealth of minerals and essential oils, Lotion Fortifiante gives strenght and vigor to the hair. The hair is reinforced, flexible ans shinning.\",\"breadcrumb\":{\"@id\":\"https:\/\/phytstore.com\/en\/product\/fortifying-lotion\/#breadcrumb\"},\"inLanguage\":\"en-CA\",\"potentialAction\":[{\"@type\":\"ReadAction\",\"target\":[\"https:\/\/phytstore.com\/en\/product\/fortifying-lotion\/\"]}]},{\"@type\":\"ImageObject\",\"inLanguage\":\"en-CA\",\"@id\":\"https:\/\/phytstore.com\/en\/product\/fortifying-lotion\/#primaryimage\",\"url\":\"https:\/\/phytstore.com\/wp-content\/uploads\/2020\/03\/Lotion-Fortifiante-avec-ampoule-HD.jpg\",\"contentUrl\":\"https:\/\/phytstore.com\/wp-content\/uploads\/2020\/03\/Lotion-Fortifiante-avec-ampoule-HD.jpg\",\"width\":1107,\"height\":945,\"caption\":\"Lotion Fortifiante\"},{\"@type\":\"BreadcrumbList\",\"@id\":\"https:\/\/phytstore.com\/en\/product\/fortifying-lotion\/#breadcrumb\",\"itemListElement\":[{\"@type\":\"ListItem\",\"position\":1,\"name\":\"Home\",\"item\":\"https:\/\/phytstore.com\/en\/\"},{\"@type\":\"ListItem\",\"position\":2,\"name\":\"Shop\",\"item\":\"https:\/\/phytstore.com\/en\/shop\/\"},{\"@type\":\"ListItem\",\"position\":3,\"name\":\"Body\",\"item\":\"https:\/\/phytstore.com\/en\/organic-body-care\/\"},{\"@type\":\"ListItem\",\"position\":4,\"name\":\"Natural Hair Care Products\",\"item\":\"https:\/\/phytstore.com\/en\/phyts-and-gamarde-hair-care-line\/\"},{\"@type\":\"ListItem\",\"position\":5,\"name\":\"Fortifying Lotion\"}]},{\"@type\":\"WebSite\",\"@id\":\"https:\/\/phytstore.com\/en\/#website\",\"url\":\"https:\/\/phytstore.com\/en\/\",\"name\":\"PHYT&#039;S\",\"description\":\"Fabricant et distributeur de soins certifi\u00e9s bio pour instituts de beaut\u00e9, spa et esth\u00e9ticiennes\",\"publisher\":{\"@id\":\"https:\/\/phytstore.com\/en\/#organization\"},\"potentialAction\":[{\"@type\":\"SearchAction\",\"target\":{\"@type\":\"EntryPoint\",\"urlTemplate\":\"https:\/\/phytstore.com\/en\/?s={search_term_string}\"},\"query-input\":{\"@type\":\"PropertyValueSpecification\",\"valueRequired\":true,\"valueName\":\"search_term_string\"}}],\"inLanguage\":\"en-CA\"},{\"@type\":\"Organization\",\"@id\":\"https:\/\/phytstore.com\/en\/#organization\",\"name\":\"Phyt's\",\"url\":\"https:\/\/phytstore.com\/en\/\",\"logo\":{\"@type\":\"ImageObject\",\"inLanguage\":\"en-CA\",\"@id\":\"https:\/\/phytstore.com\/en\/#\/schema\/logo\/image\/\",\"url\":\"https:\/\/phytstore.com\/wp-content\/uploads\/2020\/03\/logo-phyts-e1585168986207.png\",\"contentUrl\":\"https:\/\/phytstore.com\/wp-content\/uploads\/2020\/03\/logo-phyts-e1585168986207.png\",\"width\":200,\"height\":72,\"caption\":\"Phyt's\"},\"image\":{\"@id\":\"https:\/\/phytstore.com\/en\/#\/schema\/logo\/image\/\"},\"sameAs\":[\"https:\/\/www.facebook.com\/CJMBCosmetiques\/?ref=aymt_homepage_panel\",\"https:\/\/www.instagram.com\/phyts_canada\/\",\"https:\/\/www.linkedin.com\/company\/3337211\/admin\/\",\"https:\/\/www.youtube.com\/channel\/UCEkP009p4XTU5lXjLkaKptA\"]}]}<\/script>\n<!-- \/ Yoast SEO plugin. -->","yoast_head_json":{"title":"Hair Lotion - PHYT&#039;S - 100% natural & organic","description":"Thanks to its wealth of minerals and essential oils, Lotion Fortifiante gives strenght and vigor to the hair. The hair is reinforced, flexible ans shinning.","robots":{"index":"index","follow":"follow","max-snippet":"max-snippet:-1","max-image-preview":"max-image-preview:large","max-video-preview":"max-video-preview:-1"},"canonical":"https:\/\/phytstore.com\/en\/product\/fortifying-lotion\/","og_locale":"en_US","og_type":"article","og_title":"Hair Lotion - PHYT&#039;S - 100% natural & organic","og_description":"Thanks to its wealth of minerals and essential oils, Lotion Fortifiante gives strenght and vigor to the hair. The hair is reinforced, flexible ans shinning.","og_url":"https:\/\/phytstore.com\/en\/product\/fortifying-lotion\/","og_site_name":"PHYT&#039;S","article_publisher":"https:\/\/www.facebook.com\/CJMBCosmetiques\/?ref=aymt_homepage_panel","article_modified_time":"2023-11-21T19:03:47+00:00","og_image":[{"width":1107,"height":945,"url":"https:\/\/phytstore.com\/wp-content\/uploads\/2020\/03\/Lotion-Fortifiante-avec-ampoule-HD.jpg","type":"image\/jpeg"}],"twitter_card":"summary_large_image","twitter_misc":{"Est. reading time":"1 minute"},"schema":{"@context":"https:\/\/schema.org","@graph":[{"@type":"WebPage","@id":"https:\/\/phytstore.com\/en\/product\/fortifying-lotion\/","url":"https:\/\/phytstore.com\/en\/product\/fortifying-lotion\/","name":"Hair Lotion - PHYT&#039;S - 100% natural & organic","isPartOf":{"@id":"https:\/\/phytstore.com\/en\/#website"},"primaryImageOfPage":{"@id":"https:\/\/phytstore.com\/en\/product\/fortifying-lotion\/#primaryimage"},"image":{"@id":"https:\/\/phytstore.com\/en\/product\/fortifying-lotion\/#primaryimage"},"thumbnailUrl":"https:\/\/phytstore.com\/wp-content\/uploads\/2020\/03\/Lotion-Fortifiante-avec-ampoule-HD.jpg","datePublished":"2020-03-28T23:56:29+00:00","dateModified":"2023-11-21T19:03:47+00:00","description":"Thanks to its wealth of minerals and essential oils, Lotion Fortifiante gives strenght and vigor to the hair. The hair is reinforced, flexible ans shinning.","breadcrumb":{"@id":"https:\/\/phytstore.com\/en\/product\/fortifying-lotion\/#breadcrumb"},"inLanguage":"en-CA","potentialAction":[{"@type":"ReadAction","target":["https:\/\/phytstore.com\/en\/product\/fortifying-lotion\/"]}]},{"@type":"ImageObject","inLanguage":"en-CA","@id":"https:\/\/phytstore.com\/en\/product\/fortifying-lotion\/#primaryimage","url":"https:\/\/phytstore.com\/wp-content\/uploads\/2020\/03\/Lotion-Fortifiante-avec-ampoule-HD.jpg","contentUrl":"https:\/\/phytstore.com\/wp-content\/uploads\/2020\/03\/Lotion-Fortifiante-avec-ampoule-HD.jpg","width":1107,"height":945,"caption":"Lotion Fortifiante"},{"@type":"BreadcrumbList","@id":"https:\/\/phytstore.com\/en\/product\/fortifying-lotion\/#breadcrumb","itemListElement":[{"@type":"ListItem","position":1,"name":"Home","item":"https:\/\/phytstore.com\/en\/"},{"@type":"ListItem","position":2,"name":"Shop","item":"https:\/\/phytstore.com\/en\/shop\/"},{"@type":"ListItem","position":3,"name":"Body","item":"https:\/\/phytstore.com\/en\/organic-body-care\/"},{"@type":"ListItem","position":4,"name":"Natural Hair Care Products","item":"https:\/\/phytstore.com\/en\/phyts-and-gamarde-hair-care-line\/"},{"@type":"ListItem","position":5,"name":"Fortifying Lotion"}]},{"@type":"WebSite","@id":"https:\/\/phytstore.com\/en\/#website","url":"https:\/\/phytstore.com\/en\/","name":"PHYT&#039;S","description":"Fabricant et distributeur de soins certifi\u00e9s bio pour instituts de beaut\u00e9, spa et esth\u00e9ticiennes","publisher":{"@id":"https:\/\/phytstore.com\/en\/#organization"},"potentialAction":[{"@type":"SearchAction","target":{"@type":"EntryPoint","urlTemplate":"https:\/\/phytstore.com\/en\/?s={search_term_string}"},"query-input":{"@type":"PropertyValueSpecification","valueRequired":true,"valueName":"search_term_string"}}],"inLanguage":"en-CA"},{"@type":"Organization","@id":"https:\/\/phytstore.com\/en\/#organization","name":"Phyt's","url":"https:\/\/phytstore.com\/en\/","logo":{"@type":"ImageObject","inLanguage":"en-CA","@id":"https:\/\/phytstore.com\/en\/#\/schema\/logo\/image\/","url":"https:\/\/phytstore.com\/wp-content\/uploads\/2020\/03\/logo-phyts-e1585168986207.png","contentUrl":"https:\/\/phytstore.com\/wp-content\/uploads\/2020\/03\/logo-phyts-e1585168986207.png","width":200,"height":72,"caption":"Phyt's"},"image":{"@id":"https:\/\/phytstore.com\/en\/#\/schema\/logo\/image\/"},"sameAs":["https:\/\/www.facebook.com\/CJMBCosmetiques\/?ref=aymt_homepage_panel","https:\/\/www.instagram.com\/phyts_canada\/","https:\/\/www.linkedin.com\/company\/3337211\/admin\/","https:\/\/www.youtube.com\/channel\/UCEkP009p4XTU5lXjLkaKptA"]}]}},"jetpack_sharing_enabled":true,"_links":{"self":[{"href":"https:\/\/phytstore.com\/en\/wp-json\/wp\/v2\/product\/2860","targetHints":{"allow":["GET"]}}],"collection":[{"href":"https:\/\/phytstore.com\/en\/wp-json\/wp\/v2\/product"}],"about":[{"href":"https:\/\/phytstore.com\/en\/wp-json\/wp\/v2\/types\/product"}],"replies":[{"embeddable":true,"href":"https:\/\/phytstore.com\/en\/wp-json\/wp\/v2\/comments?post=2860"}],"wp:featuredmedia":[{"embeddable":true,"href":"https:\/\/phytstore.com\/en\/wp-json\/wp\/v2\/media\/2501"}],"wp:attachment":[{"href":"https:\/\/phytstore.com\/en\/wp-json\/wp\/v2\/media?parent=2860"}],"wp:term":[{"taxonomy":"product_brand","embeddable":true,"href":"https:\/\/phytstore.com\/en\/wp-json\/wp\/v2\/product_brand?post=2860"},{"taxonomy":"product_cat","embeddable":true,"href":"https:\/\/phytstore.com\/en\/wp-json\/wp\/v2\/product_cat?post=2860"},{"taxonomy":"product_tag","embeddable":true,"href":"https:\/\/phytstore.com\/en\/wp-json\/wp\/v2\/product_tag?post=2860"}],"curies":[{"name":"wp","href":"https:\/\/api.w.org\/{rel}","templated":true}]}}