{"id":2857,"date":"2020-03-28T19:56:29","date_gmt":"2020-03-28T19:56:29","guid":{"rendered":"https:\/\/phytstore.com\/produit\/shampooing-eclat\/"},"modified":"2023-03-02T14:36:56","modified_gmt":"2023-03-02T18:36:56","slug":"shampooing-eclat","status":"publish","type":"product","link":"https:\/\/phytstore.com\/en\/product\/radiance-shampoo\/","title":{"rendered":"Radiance Shampoo"},"content":{"rendered":"<p>This Organic shampoo revives the shine of the hair, thanks to the properties of Aloe Vera, Wheat protein and Chamomile. Embellished, they are soft, shiny and easy to style.<\/p>\n<p><strong>Active ingredients :<\/strong><br \/>\nAloe Vera*, Inulin, Cider Vinegar*, Chamomile*, Green Tea, Wheat Protein, Gamarde-les-Bains Thermal Water<br \/>\n<em>* ingredients from Organic Farming<\/em><\/p>\n<p><strong>Application :<\/strong><br \/>\nApply on wet hair, lather, and rinse thoroughly.<br \/>\n<strong>Tip :<\/strong> For silky hair, then use the <strong><a href=\"https:\/\/phytstore.com\/en\/product\/after-shampoo-conditioner\/\">After-Shampoo Conditioner<\/a><\/strong>\u00a0or the\u00a0<strong><a href=\"https:\/\/phytstore.com\/en\/product\/hair-mask\/\">Hair Mask<\/a><\/strong>.<\/p>\n","protected":false},"excerpt":{"rendered":"<p><a href=\"https:\/\/phytstore.com\/wp-content\/uploads\/2020\/04\/Bio-99-Vegan.png\"><img loading=\"lazy\" decoding=\"async\" class=\"alignnone size-full wp-image-5333\" src=\"https:\/\/phytstore.com\/wp-content\/uploads\/2020\/04\/Bio-99-Vegan.png\" alt=\"\" width=\"274\" height=\"47\" srcset=\"https:\/\/phytstore.com\/wp-content\/uploads\/2020\/04\/Bio-99-Vegan.png 274w, https:\/\/phytstore.com\/wp-content\/uploads\/2020\/04\/Bio-99-Vegan-150x26.png 150w\" sizes=\"auto, (max-width: 274px) 100vw, 274px\" \/><\/a><\/p>\n<p>Gentle &amp; revitalizing &#8211; Aloe Vera<\/p>\n<p><strong>Hair type :<\/strong> Dull hair<br \/>\n<strong>Expectations :<\/strong> Brightens, beautifies<br \/>\n<strong>Presentation :<\/strong> 500 ml bottle<\/p>\n","protected":false},"featured_media":2592,"comment_status":"closed","ping_status":"closed","template":"","meta":{"_acf_changed":false,"inline_featured_image":false},"product_brand":[],"product_cat":[95,205],"product_tag":[],"class_list":{"0":"post-2857","1":"product","2":"type-product","3":"status-publish","4":"has-post-thumbnail","6":"product_cat-soins-capillaires-phyts-et-gamarde-en","7":"product_cat-hair-care","9":"first","10":"outofstock","11":"taxable","12":"shipping-taxable","13":"purchasable","14":"product-type-simple"},"acf":[],"yoast_head":"<!-- This site is optimized with the Yoast SEO plugin v27.1.1 - https:\/\/yoast.com\/product\/yoast-seo-wordpress\/ -->\n<title>Aloe Vera shampoo - PHYT&#039;S - Natural &amp; organic shampoo<\/title>\n<meta name=\"description\" content=\"Revive the shine of your hair thanks to the properties of Aloe Vera and Wheat protein of this shampoo. Embellished, they are soft, shiny and easy to style.\" \/>\n<meta name=\"robots\" content=\"index, follow, max-snippet:-1, max-image-preview:large, max-video-preview:-1\" \/>\n<link rel=\"canonical\" href=\"https:\/\/phytstore.com\/en\/product\/radiance-shampoo\/\" \/>\n<meta property=\"og:locale\" content=\"en_US\" \/>\n<meta property=\"og:type\" content=\"article\" \/>\n<meta property=\"og:title\" content=\"Aloe Vera shampoo - PHYT&#039;S - Natural &amp; organic shampoo\" \/>\n<meta property=\"og:description\" content=\"Revive the shine of your hair thanks to the properties of Aloe Vera and Wheat protein of this shampoo. Embellished, they are soft, shiny and easy to style.\" \/>\n<meta property=\"og:url\" content=\"https:\/\/phytstore.com\/en\/product\/radiance-shampoo\/\" \/>\n<meta property=\"og:site_name\" content=\"PHYT&#039;S\" \/>\n<meta property=\"article:publisher\" content=\"https:\/\/www.facebook.com\/CJMBCosmetiques\/?ref=aymt_homepage_panel\" \/>\n<meta property=\"article:modified_time\" content=\"2023-03-02T18:36:56+00:00\" \/>\n<meta property=\"og:image\" content=\"https:\/\/phytstore.com\/wp-content\/uploads\/2020\/03\/Image2-20.jpg\" \/>\n\t<meta property=\"og:image:width\" content=\"728\" \/>\n\t<meta property=\"og:image:height\" content=\"742\" \/>\n\t<meta property=\"og:image:type\" content=\"image\/jpeg\" \/>\n<meta name=\"twitter:card\" content=\"summary_large_image\" \/>\n<meta name=\"twitter:label1\" content=\"Est. reading time\" \/>\n\t<meta name=\"twitter:data1\" content=\"1 minute\" \/>\n<script type=\"application\/ld+json\" class=\"yoast-schema-graph\">{\"@context\":\"https:\/\/schema.org\",\"@graph\":[{\"@type\":\"WebPage\",\"@id\":\"https:\/\/phytstore.com\/en\/product\/radiance-shampoo\/\",\"url\":\"https:\/\/phytstore.com\/en\/product\/radiance-shampoo\/\",\"name\":\"Aloe Vera shampoo - PHYT&#039;S - Natural & organic shampoo\",\"isPartOf\":{\"@id\":\"https:\/\/phytstore.com\/en\/#website\"},\"primaryImageOfPage\":{\"@id\":\"https:\/\/phytstore.com\/en\/product\/radiance-shampoo\/#primaryimage\"},\"image\":{\"@id\":\"https:\/\/phytstore.com\/en\/product\/radiance-shampoo\/#primaryimage\"},\"thumbnailUrl\":\"https:\/\/phytstore.com\/wp-content\/uploads\/2020\/03\/Image2-20.jpg\",\"datePublished\":\"2020-03-28T19:56:29+00:00\",\"dateModified\":\"2023-03-02T18:36:56+00:00\",\"description\":\"Revive the shine of your hair thanks to the properties of Aloe Vera and Wheat protein of this shampoo. Embellished, they are soft, shiny and easy to style.\",\"breadcrumb\":{\"@id\":\"https:\/\/phytstore.com\/en\/product\/radiance-shampoo\/#breadcrumb\"},\"inLanguage\":\"en-CA\",\"potentialAction\":[{\"@type\":\"ReadAction\",\"target\":[\"https:\/\/phytstore.com\/en\/product\/radiance-shampoo\/\"]}]},{\"@type\":\"ImageObject\",\"inLanguage\":\"en-CA\",\"@id\":\"https:\/\/phytstore.com\/en\/product\/radiance-shampoo\/#primaryimage\",\"url\":\"https:\/\/phytstore.com\/wp-content\/uploads\/2020\/03\/Image2-20.jpg\",\"contentUrl\":\"https:\/\/phytstore.com\/wp-content\/uploads\/2020\/03\/Image2-20.jpg\",\"width\":728,\"height\":742,\"caption\":\"Shampooing \u00c9clat\"},{\"@type\":\"BreadcrumbList\",\"@id\":\"https:\/\/phytstore.com\/en\/product\/radiance-shampoo\/#breadcrumb\",\"itemListElement\":[{\"@type\":\"ListItem\",\"position\":1,\"name\":\"Home\",\"item\":\"https:\/\/phytstore.com\/en\/\"},{\"@type\":\"ListItem\",\"position\":2,\"name\":\"Shop\",\"item\":\"https:\/\/phytstore.com\/en\/shop\/\"},{\"@type\":\"ListItem\",\"position\":3,\"name\":\"Body\",\"item\":\"https:\/\/phytstore.com\/en\/organic-body-care\/\"},{\"@type\":\"ListItem\",\"position\":4,\"name\":\"Natural Hair Care Products\",\"item\":\"https:\/\/phytstore.com\/en\/phyts-and-gamarde-hair-care-line\/\"},{\"@type\":\"ListItem\",\"position\":5,\"name\":\"Radiance Shampoo\"}]},{\"@type\":\"WebSite\",\"@id\":\"https:\/\/phytstore.com\/en\/#website\",\"url\":\"https:\/\/phytstore.com\/en\/\",\"name\":\"PHYT&#039;S\",\"description\":\"Fabricant et distributeur de soins certifi\u00e9s bio pour instituts de beaut\u00e9, spa et esth\u00e9ticiennes\",\"publisher\":{\"@id\":\"https:\/\/phytstore.com\/en\/#organization\"},\"potentialAction\":[{\"@type\":\"SearchAction\",\"target\":{\"@type\":\"EntryPoint\",\"urlTemplate\":\"https:\/\/phytstore.com\/en\/?s={search_term_string}\"},\"query-input\":{\"@type\":\"PropertyValueSpecification\",\"valueRequired\":true,\"valueName\":\"search_term_string\"}}],\"inLanguage\":\"en-CA\"},{\"@type\":\"Organization\",\"@id\":\"https:\/\/phytstore.com\/en\/#organization\",\"name\":\"Phyt's\",\"url\":\"https:\/\/phytstore.com\/en\/\",\"logo\":{\"@type\":\"ImageObject\",\"inLanguage\":\"en-CA\",\"@id\":\"https:\/\/phytstore.com\/en\/#\/schema\/logo\/image\/\",\"url\":\"https:\/\/phytstore.com\/wp-content\/uploads\/2020\/03\/logo-phyts-e1585168986207.png\",\"contentUrl\":\"https:\/\/phytstore.com\/wp-content\/uploads\/2020\/03\/logo-phyts-e1585168986207.png\",\"width\":200,\"height\":72,\"caption\":\"Phyt's\"},\"image\":{\"@id\":\"https:\/\/phytstore.com\/en\/#\/schema\/logo\/image\/\"},\"sameAs\":[\"https:\/\/www.facebook.com\/CJMBCosmetiques\/?ref=aymt_homepage_panel\",\"https:\/\/www.instagram.com\/phyts_canada\/\",\"https:\/\/www.linkedin.com\/company\/3337211\/admin\/\",\"https:\/\/www.youtube.com\/channel\/UCEkP009p4XTU5lXjLkaKptA\"]}]}<\/script>\n<!-- \/ Yoast SEO plugin. -->","yoast_head_json":{"title":"Aloe Vera shampoo - PHYT&#039;S - Natural & organic shampoo","description":"Revive the shine of your hair thanks to the properties of Aloe Vera and Wheat protein of this shampoo. Embellished, they are soft, shiny and easy to style.","robots":{"index":"index","follow":"follow","max-snippet":"max-snippet:-1","max-image-preview":"max-image-preview:large","max-video-preview":"max-video-preview:-1"},"canonical":"https:\/\/phytstore.com\/en\/product\/radiance-shampoo\/","og_locale":"en_US","og_type":"article","og_title":"Aloe Vera shampoo - PHYT&#039;S - Natural & organic shampoo","og_description":"Revive the shine of your hair thanks to the properties of Aloe Vera and Wheat protein of this shampoo. Embellished, they are soft, shiny and easy to style.","og_url":"https:\/\/phytstore.com\/en\/product\/radiance-shampoo\/","og_site_name":"PHYT&#039;S","article_publisher":"https:\/\/www.facebook.com\/CJMBCosmetiques\/?ref=aymt_homepage_panel","article_modified_time":"2023-03-02T18:36:56+00:00","og_image":[{"width":728,"height":742,"url":"https:\/\/phytstore.com\/wp-content\/uploads\/2020\/03\/Image2-20.jpg","type":"image\/jpeg"}],"twitter_card":"summary_large_image","twitter_misc":{"Est. reading time":"1 minute"},"schema":{"@context":"https:\/\/schema.org","@graph":[{"@type":"WebPage","@id":"https:\/\/phytstore.com\/en\/product\/radiance-shampoo\/","url":"https:\/\/phytstore.com\/en\/product\/radiance-shampoo\/","name":"Aloe Vera shampoo - PHYT&#039;S - Natural & organic shampoo","isPartOf":{"@id":"https:\/\/phytstore.com\/en\/#website"},"primaryImageOfPage":{"@id":"https:\/\/phytstore.com\/en\/product\/radiance-shampoo\/#primaryimage"},"image":{"@id":"https:\/\/phytstore.com\/en\/product\/radiance-shampoo\/#primaryimage"},"thumbnailUrl":"https:\/\/phytstore.com\/wp-content\/uploads\/2020\/03\/Image2-20.jpg","datePublished":"2020-03-28T19:56:29+00:00","dateModified":"2023-03-02T18:36:56+00:00","description":"Revive the shine of your hair thanks to the properties of Aloe Vera and Wheat protein of this shampoo. Embellished, they are soft, shiny and easy to style.","breadcrumb":{"@id":"https:\/\/phytstore.com\/en\/product\/radiance-shampoo\/#breadcrumb"},"inLanguage":"en-CA","potentialAction":[{"@type":"ReadAction","target":["https:\/\/phytstore.com\/en\/product\/radiance-shampoo\/"]}]},{"@type":"ImageObject","inLanguage":"en-CA","@id":"https:\/\/phytstore.com\/en\/product\/radiance-shampoo\/#primaryimage","url":"https:\/\/phytstore.com\/wp-content\/uploads\/2020\/03\/Image2-20.jpg","contentUrl":"https:\/\/phytstore.com\/wp-content\/uploads\/2020\/03\/Image2-20.jpg","width":728,"height":742,"caption":"Shampooing \u00c9clat"},{"@type":"BreadcrumbList","@id":"https:\/\/phytstore.com\/en\/product\/radiance-shampoo\/#breadcrumb","itemListElement":[{"@type":"ListItem","position":1,"name":"Home","item":"https:\/\/phytstore.com\/en\/"},{"@type":"ListItem","position":2,"name":"Shop","item":"https:\/\/phytstore.com\/en\/shop\/"},{"@type":"ListItem","position":3,"name":"Body","item":"https:\/\/phytstore.com\/en\/organic-body-care\/"},{"@type":"ListItem","position":4,"name":"Natural Hair Care Products","item":"https:\/\/phytstore.com\/en\/phyts-and-gamarde-hair-care-line\/"},{"@type":"ListItem","position":5,"name":"Radiance Shampoo"}]},{"@type":"WebSite","@id":"https:\/\/phytstore.com\/en\/#website","url":"https:\/\/phytstore.com\/en\/","name":"PHYT&#039;S","description":"Fabricant et distributeur de soins certifi\u00e9s bio pour instituts de beaut\u00e9, spa et esth\u00e9ticiennes","publisher":{"@id":"https:\/\/phytstore.com\/en\/#organization"},"potentialAction":[{"@type":"SearchAction","target":{"@type":"EntryPoint","urlTemplate":"https:\/\/phytstore.com\/en\/?s={search_term_string}"},"query-input":{"@type":"PropertyValueSpecification","valueRequired":true,"valueName":"search_term_string"}}],"inLanguage":"en-CA"},{"@type":"Organization","@id":"https:\/\/phytstore.com\/en\/#organization","name":"Phyt's","url":"https:\/\/phytstore.com\/en\/","logo":{"@type":"ImageObject","inLanguage":"en-CA","@id":"https:\/\/phytstore.com\/en\/#\/schema\/logo\/image\/","url":"https:\/\/phytstore.com\/wp-content\/uploads\/2020\/03\/logo-phyts-e1585168986207.png","contentUrl":"https:\/\/phytstore.com\/wp-content\/uploads\/2020\/03\/logo-phyts-e1585168986207.png","width":200,"height":72,"caption":"Phyt's"},"image":{"@id":"https:\/\/phytstore.com\/en\/#\/schema\/logo\/image\/"},"sameAs":["https:\/\/www.facebook.com\/CJMBCosmetiques\/?ref=aymt_homepage_panel","https:\/\/www.instagram.com\/phyts_canada\/","https:\/\/www.linkedin.com\/company\/3337211\/admin\/","https:\/\/www.youtube.com\/channel\/UCEkP009p4XTU5lXjLkaKptA"]}]}},"jetpack_sharing_enabled":true,"_links":{"self":[{"href":"https:\/\/phytstore.com\/en\/wp-json\/wp\/v2\/product\/2857","targetHints":{"allow":["GET"]}}],"collection":[{"href":"https:\/\/phytstore.com\/en\/wp-json\/wp\/v2\/product"}],"about":[{"href":"https:\/\/phytstore.com\/en\/wp-json\/wp\/v2\/types\/product"}],"replies":[{"embeddable":true,"href":"https:\/\/phytstore.com\/en\/wp-json\/wp\/v2\/comments?post=2857"}],"wp:featuredmedia":[{"embeddable":true,"href":"https:\/\/phytstore.com\/en\/wp-json\/wp\/v2\/media\/2592"}],"wp:attachment":[{"href":"https:\/\/phytstore.com\/en\/wp-json\/wp\/v2\/media?parent=2857"}],"wp:term":[{"taxonomy":"product_brand","embeddable":true,"href":"https:\/\/phytstore.com\/en\/wp-json\/wp\/v2\/product_brand?post=2857"},{"taxonomy":"product_cat","embeddable":true,"href":"https:\/\/phytstore.com\/en\/wp-json\/wp\/v2\/product_cat?post=2857"},{"taxonomy":"product_tag","embeddable":true,"href":"https:\/\/phytstore.com\/en\/wp-json\/wp\/v2\/product_tag?post=2857"}],"curies":[{"name":"wp","href":"https:\/\/api.w.org\/{rel}","templated":true}]}}