{"id":2856,"date":"2020-03-28T19:56:30","date_gmt":"2020-03-28T19:56:30","guid":{"rendered":"https:\/\/phytstore.com\/produit\/shampooing-tonifiant\/"},"modified":"2023-11-21T16:02:02","modified_gmt":"2023-11-21T20:02:02","slug":"shampooing-tonifiant","status":"publish","type":"product","link":"https:\/\/phytstore.com\/en\/product\/tonifying-shampoo\/","title":{"rendered":"Tonifying Shampoo"},"content":{"rendered":"<p>This Organic shampoo gives freshness and lightness to the scalp, thanks to the invigorating and toning properties of Peppermint. Full of vitality and delicately perfumed, the hair stay clean, fresh and light longer.<\/p>\n<h2><strong>Active Ingredients :<\/strong><\/h2>\n<p>Peppermint*, Lavender*, Aloe Vera*, Gamarde Thermal Water<br \/>\n<em>* ingredients from Organic Farming<\/em><\/p>\n<h2><strong>How to Apply my Tonifying Shampoo?<\/strong><\/h2>\n<p>Apply on wet hair, lather, and rinse thoroughly.<br \/>\n<strong>Tip :<\/strong> For silky hair, then use the <strong><a href=\"https:\/\/phytstore.com\/en\/product\/after-shampoo-conditioner\/\">After-Shampoo Conditioner<\/a> <\/strong>or the<strong> <a href=\"https:\/\/phytstore.com\/en\/product\/hair-mask\/\">Hair Mask<\/a><\/strong>.<\/p>\n","protected":false},"excerpt":{"rendered":"<p><a href=\"https:\/\/phytstore.com\/wp-content\/uploads\/2020\/04\/Bio-99-Vegan.png\"><img loading=\"lazy\" decoding=\"async\" class=\"alignnone size-full wp-image-5333\" src=\"https:\/\/phytstore.com\/wp-content\/uploads\/2020\/04\/Bio-99-Vegan.png\" alt=\"\" width=\"274\" height=\"47\" srcset=\"https:\/\/phytstore.com\/wp-content\/uploads\/2020\/04\/Bio-99-Vegan.png 274w, https:\/\/phytstore.com\/wp-content\/uploads\/2020\/04\/Bio-99-Vegan-150x26.png 150w\" sizes=\"auto, (max-width: 274px) 100vw, 274px\" \/><\/a><\/p>\n<p>Gentle &amp; refreshing for Oily hair &#8211; Peppermint<\/p>\n<p><strong>Expectations :<\/strong> Tones, invigorates, lightens, refreshes<br \/>\n<strong>Presentation :<\/strong> 500 ml bottle<\/p>\n","protected":false},"featured_media":2591,"comment_status":"closed","ping_status":"closed","template":"","meta":{"_acf_changed":false,"inline_featured_image":false},"product_brand":[],"product_cat":[95,205],"product_tag":[],"class_list":{"0":"post-2856","1":"product","2":"type-product","3":"status-publish","4":"has-post-thumbnail","6":"product_cat-soins-capillaires-phyts-et-gamarde-en","7":"product_cat-hair-care","9":"first","10":"outofstock","11":"taxable","12":"shipping-taxable","13":"purchasable","14":"product-type-simple"},"acf":[],"yoast_head":"<!-- This site is optimized with the Yoast SEO plugin v27.1.1 - https:\/\/yoast.com\/product\/yoast-seo-wordpress\/ -->\n<title>Invigorating Shampoo - PHYT&#039;S - natural &amp; organic shampoo<\/title>\n<meta name=\"description\" content=\"Give freshness to your scalp thanks to the invigorating properties of Peppermint of this shampoo. Full of vitality, your hair stays fresh and light longer.\" \/>\n<meta name=\"robots\" content=\"index, follow, max-snippet:-1, max-image-preview:large, max-video-preview:-1\" \/>\n<link rel=\"canonical\" href=\"https:\/\/phytstore.com\/en\/product\/tonifying-shampoo\/\" \/>\n<meta property=\"og:locale\" content=\"en_US\" \/>\n<meta property=\"og:type\" content=\"article\" \/>\n<meta property=\"og:title\" content=\"Invigorating Shampoo - PHYT&#039;S - natural &amp; organic shampoo\" \/>\n<meta property=\"og:description\" content=\"Give freshness to your scalp thanks to the invigorating properties of Peppermint of this shampoo. Full of vitality, your hair stays fresh and light longer.\" \/>\n<meta property=\"og:url\" content=\"https:\/\/phytstore.com\/en\/product\/tonifying-shampoo\/\" \/>\n<meta property=\"og:site_name\" content=\"PHYT&#039;S\" \/>\n<meta property=\"article:publisher\" content=\"https:\/\/www.facebook.com\/CJMBCosmetiques\/?ref=aymt_homepage_panel\" \/>\n<meta property=\"article:modified_time\" content=\"2023-11-21T20:02:02+00:00\" \/>\n<meta property=\"og:image\" content=\"https:\/\/phytstore.com\/wp-content\/uploads\/2020\/03\/Image2-19.jpg\" \/>\n\t<meta property=\"og:image:width\" content=\"728\" \/>\n\t<meta property=\"og:image:height\" content=\"742\" \/>\n\t<meta property=\"og:image:type\" content=\"image\/jpeg\" \/>\n<meta name=\"twitter:card\" content=\"summary_large_image\" \/>\n<meta name=\"twitter:label1\" content=\"Est. reading time\" \/>\n\t<meta name=\"twitter:data1\" content=\"1 minute\" \/>\n<script type=\"application\/ld+json\" class=\"yoast-schema-graph\">{\"@context\":\"https:\/\/schema.org\",\"@graph\":[{\"@type\":\"WebPage\",\"@id\":\"https:\/\/phytstore.com\/en\/product\/tonifying-shampoo\/\",\"url\":\"https:\/\/phytstore.com\/en\/product\/tonifying-shampoo\/\",\"name\":\"Invigorating Shampoo - PHYT&#039;S - natural & organic shampoo\",\"isPartOf\":{\"@id\":\"https:\/\/phytstore.com\/en\/#website\"},\"primaryImageOfPage\":{\"@id\":\"https:\/\/phytstore.com\/en\/product\/tonifying-shampoo\/#primaryimage\"},\"image\":{\"@id\":\"https:\/\/phytstore.com\/en\/product\/tonifying-shampoo\/#primaryimage\"},\"thumbnailUrl\":\"https:\/\/phytstore.com\/wp-content\/uploads\/2020\/03\/Image2-19.jpg\",\"datePublished\":\"2020-03-28T19:56:30+00:00\",\"dateModified\":\"2023-11-21T20:02:02+00:00\",\"description\":\"Give freshness to your scalp thanks to the invigorating properties of Peppermint of this shampoo. Full of vitality, your hair stays fresh and light longer.\",\"breadcrumb\":{\"@id\":\"https:\/\/phytstore.com\/en\/product\/tonifying-shampoo\/#breadcrumb\"},\"inLanguage\":\"en-CA\",\"potentialAction\":[{\"@type\":\"ReadAction\",\"target\":[\"https:\/\/phytstore.com\/en\/product\/tonifying-shampoo\/\"]}]},{\"@type\":\"ImageObject\",\"inLanguage\":\"en-CA\",\"@id\":\"https:\/\/phytstore.com\/en\/product\/tonifying-shampoo\/#primaryimage\",\"url\":\"https:\/\/phytstore.com\/wp-content\/uploads\/2020\/03\/Image2-19.jpg\",\"contentUrl\":\"https:\/\/phytstore.com\/wp-content\/uploads\/2020\/03\/Image2-19.jpg\",\"width\":728,\"height\":742,\"caption\":\"Shampooing Tonifiant\"},{\"@type\":\"BreadcrumbList\",\"@id\":\"https:\/\/phytstore.com\/en\/product\/tonifying-shampoo\/#breadcrumb\",\"itemListElement\":[{\"@type\":\"ListItem\",\"position\":1,\"name\":\"Home\",\"item\":\"https:\/\/phytstore.com\/en\/\"},{\"@type\":\"ListItem\",\"position\":2,\"name\":\"Shop\",\"item\":\"https:\/\/phytstore.com\/en\/shop\/\"},{\"@type\":\"ListItem\",\"position\":3,\"name\":\"Body\",\"item\":\"https:\/\/phytstore.com\/en\/organic-body-care\/\"},{\"@type\":\"ListItem\",\"position\":4,\"name\":\"Natural Hair Care Products\",\"item\":\"https:\/\/phytstore.com\/en\/phyts-and-gamarde-hair-care-line\/\"},{\"@type\":\"ListItem\",\"position\":5,\"name\":\"Tonifying Shampoo\"}]},{\"@type\":\"WebSite\",\"@id\":\"https:\/\/phytstore.com\/en\/#website\",\"url\":\"https:\/\/phytstore.com\/en\/\",\"name\":\"PHYT&#039;S\",\"description\":\"Fabricant et distributeur de soins certifi\u00e9s bio pour instituts de beaut\u00e9, spa et esth\u00e9ticiennes\",\"publisher\":{\"@id\":\"https:\/\/phytstore.com\/en\/#organization\"},\"potentialAction\":[{\"@type\":\"SearchAction\",\"target\":{\"@type\":\"EntryPoint\",\"urlTemplate\":\"https:\/\/phytstore.com\/en\/?s={search_term_string}\"},\"query-input\":{\"@type\":\"PropertyValueSpecification\",\"valueRequired\":true,\"valueName\":\"search_term_string\"}}],\"inLanguage\":\"en-CA\"},{\"@type\":\"Organization\",\"@id\":\"https:\/\/phytstore.com\/en\/#organization\",\"name\":\"Phyt's\",\"url\":\"https:\/\/phytstore.com\/en\/\",\"logo\":{\"@type\":\"ImageObject\",\"inLanguage\":\"en-CA\",\"@id\":\"https:\/\/phytstore.com\/en\/#\/schema\/logo\/image\/\",\"url\":\"https:\/\/phytstore.com\/wp-content\/uploads\/2020\/03\/logo-phyts-e1585168986207.png\",\"contentUrl\":\"https:\/\/phytstore.com\/wp-content\/uploads\/2020\/03\/logo-phyts-e1585168986207.png\",\"width\":200,\"height\":72,\"caption\":\"Phyt's\"},\"image\":{\"@id\":\"https:\/\/phytstore.com\/en\/#\/schema\/logo\/image\/\"},\"sameAs\":[\"https:\/\/www.facebook.com\/CJMBCosmetiques\/?ref=aymt_homepage_panel\",\"https:\/\/www.instagram.com\/phyts_canada\/\",\"https:\/\/www.linkedin.com\/company\/3337211\/admin\/\",\"https:\/\/www.youtube.com\/channel\/UCEkP009p4XTU5lXjLkaKptA\"]}]}<\/script>\n<!-- \/ Yoast SEO plugin. -->","yoast_head_json":{"title":"Invigorating Shampoo - PHYT&#039;S - natural & organic shampoo","description":"Give freshness to your scalp thanks to the invigorating properties of Peppermint of this shampoo. Full of vitality, your hair stays fresh and light longer.","robots":{"index":"index","follow":"follow","max-snippet":"max-snippet:-1","max-image-preview":"max-image-preview:large","max-video-preview":"max-video-preview:-1"},"canonical":"https:\/\/phytstore.com\/en\/product\/tonifying-shampoo\/","og_locale":"en_US","og_type":"article","og_title":"Invigorating Shampoo - PHYT&#039;S - natural & organic shampoo","og_description":"Give freshness to your scalp thanks to the invigorating properties of Peppermint of this shampoo. Full of vitality, your hair stays fresh and light longer.","og_url":"https:\/\/phytstore.com\/en\/product\/tonifying-shampoo\/","og_site_name":"PHYT&#039;S","article_publisher":"https:\/\/www.facebook.com\/CJMBCosmetiques\/?ref=aymt_homepage_panel","article_modified_time":"2023-11-21T20:02:02+00:00","og_image":[{"width":728,"height":742,"url":"https:\/\/phytstore.com\/wp-content\/uploads\/2020\/03\/Image2-19.jpg","type":"image\/jpeg"}],"twitter_card":"summary_large_image","twitter_misc":{"Est. reading time":"1 minute"},"schema":{"@context":"https:\/\/schema.org","@graph":[{"@type":"WebPage","@id":"https:\/\/phytstore.com\/en\/product\/tonifying-shampoo\/","url":"https:\/\/phytstore.com\/en\/product\/tonifying-shampoo\/","name":"Invigorating Shampoo - PHYT&#039;S - natural & organic shampoo","isPartOf":{"@id":"https:\/\/phytstore.com\/en\/#website"},"primaryImageOfPage":{"@id":"https:\/\/phytstore.com\/en\/product\/tonifying-shampoo\/#primaryimage"},"image":{"@id":"https:\/\/phytstore.com\/en\/product\/tonifying-shampoo\/#primaryimage"},"thumbnailUrl":"https:\/\/phytstore.com\/wp-content\/uploads\/2020\/03\/Image2-19.jpg","datePublished":"2020-03-28T19:56:30+00:00","dateModified":"2023-11-21T20:02:02+00:00","description":"Give freshness to your scalp thanks to the invigorating properties of Peppermint of this shampoo. Full of vitality, your hair stays fresh and light longer.","breadcrumb":{"@id":"https:\/\/phytstore.com\/en\/product\/tonifying-shampoo\/#breadcrumb"},"inLanguage":"en-CA","potentialAction":[{"@type":"ReadAction","target":["https:\/\/phytstore.com\/en\/product\/tonifying-shampoo\/"]}]},{"@type":"ImageObject","inLanguage":"en-CA","@id":"https:\/\/phytstore.com\/en\/product\/tonifying-shampoo\/#primaryimage","url":"https:\/\/phytstore.com\/wp-content\/uploads\/2020\/03\/Image2-19.jpg","contentUrl":"https:\/\/phytstore.com\/wp-content\/uploads\/2020\/03\/Image2-19.jpg","width":728,"height":742,"caption":"Shampooing Tonifiant"},{"@type":"BreadcrumbList","@id":"https:\/\/phytstore.com\/en\/product\/tonifying-shampoo\/#breadcrumb","itemListElement":[{"@type":"ListItem","position":1,"name":"Home","item":"https:\/\/phytstore.com\/en\/"},{"@type":"ListItem","position":2,"name":"Shop","item":"https:\/\/phytstore.com\/en\/shop\/"},{"@type":"ListItem","position":3,"name":"Body","item":"https:\/\/phytstore.com\/en\/organic-body-care\/"},{"@type":"ListItem","position":4,"name":"Natural Hair Care Products","item":"https:\/\/phytstore.com\/en\/phyts-and-gamarde-hair-care-line\/"},{"@type":"ListItem","position":5,"name":"Tonifying Shampoo"}]},{"@type":"WebSite","@id":"https:\/\/phytstore.com\/en\/#website","url":"https:\/\/phytstore.com\/en\/","name":"PHYT&#039;S","description":"Fabricant et distributeur de soins certifi\u00e9s bio pour instituts de beaut\u00e9, spa et esth\u00e9ticiennes","publisher":{"@id":"https:\/\/phytstore.com\/en\/#organization"},"potentialAction":[{"@type":"SearchAction","target":{"@type":"EntryPoint","urlTemplate":"https:\/\/phytstore.com\/en\/?s={search_term_string}"},"query-input":{"@type":"PropertyValueSpecification","valueRequired":true,"valueName":"search_term_string"}}],"inLanguage":"en-CA"},{"@type":"Organization","@id":"https:\/\/phytstore.com\/en\/#organization","name":"Phyt's","url":"https:\/\/phytstore.com\/en\/","logo":{"@type":"ImageObject","inLanguage":"en-CA","@id":"https:\/\/phytstore.com\/en\/#\/schema\/logo\/image\/","url":"https:\/\/phytstore.com\/wp-content\/uploads\/2020\/03\/logo-phyts-e1585168986207.png","contentUrl":"https:\/\/phytstore.com\/wp-content\/uploads\/2020\/03\/logo-phyts-e1585168986207.png","width":200,"height":72,"caption":"Phyt's"},"image":{"@id":"https:\/\/phytstore.com\/en\/#\/schema\/logo\/image\/"},"sameAs":["https:\/\/www.facebook.com\/CJMBCosmetiques\/?ref=aymt_homepage_panel","https:\/\/www.instagram.com\/phyts_canada\/","https:\/\/www.linkedin.com\/company\/3337211\/admin\/","https:\/\/www.youtube.com\/channel\/UCEkP009p4XTU5lXjLkaKptA"]}]}},"jetpack_sharing_enabled":true,"_links":{"self":[{"href":"https:\/\/phytstore.com\/en\/wp-json\/wp\/v2\/product\/2856","targetHints":{"allow":["GET"]}}],"collection":[{"href":"https:\/\/phytstore.com\/en\/wp-json\/wp\/v2\/product"}],"about":[{"href":"https:\/\/phytstore.com\/en\/wp-json\/wp\/v2\/types\/product"}],"replies":[{"embeddable":true,"href":"https:\/\/phytstore.com\/en\/wp-json\/wp\/v2\/comments?post=2856"}],"wp:featuredmedia":[{"embeddable":true,"href":"https:\/\/phytstore.com\/en\/wp-json\/wp\/v2\/media\/2591"}],"wp:attachment":[{"href":"https:\/\/phytstore.com\/en\/wp-json\/wp\/v2\/media?parent=2856"}],"wp:term":[{"taxonomy":"product_brand","embeddable":true,"href":"https:\/\/phytstore.com\/en\/wp-json\/wp\/v2\/product_brand?post=2856"},{"taxonomy":"product_cat","embeddable":true,"href":"https:\/\/phytstore.com\/en\/wp-json\/wp\/v2\/product_cat?post=2856"},{"taxonomy":"product_tag","embeddable":true,"href":"https:\/\/phytstore.com\/en\/wp-json\/wp\/v2\/product_tag?post=2856"}],"curies":[{"name":"wp","href":"https:\/\/api.w.org\/{rel}","templated":true}]}}