{"id":2854,"date":"2020-03-28T19:56:28","date_gmt":"2020-03-28T23:56:28","guid":{"rendered":"https:\/\/phytstore.com\/produit\/gel-double-action-cafeine-pepper\/"},"modified":"2023-02-21T12:09:10","modified_gmt":"2023-02-21T16:09:10","slug":"gel-double-action-cafeine-pepper","status":"publish","type":"product","link":"https:\/\/phytstore.com\/en\/product\/caffeine-pepper-double-action-gel\/","title":{"rendered":"Caffeine &#038; Pepper Double Action Gel"},"content":{"rendered":"<p>Formulated with natural Caffeine and Pink Pepper oil, this Organic double action gel sculpts the body, firms skin and reduces the appearance of cellulite. To combine with massage, for best results!<\/p>\n<p><strong>Active ingredients :<\/strong><br \/>\nNatural Caffeine, Pink Peppercorns, Red Vine*, Meadowsweet*, Aloe Vera*, Vegetal Vitamin E<br \/>\n<em>* ingredients from Organic Farming<\/em><\/p>\n<p><strong>Application :<\/strong><br \/>\nMorning and evening, apply with a massage. Use for at least 1 month.<br \/>\n<strong>Tips :<\/strong> For best results, first use the <a href=\"https:\/\/phytstore.com\/en\/product\/slimming-massage-brush\/\"><strong>Slimming Massage Brush<\/strong><\/a>, and apply the <a href=\"https:\/\/phytstore.com\/en\/product\/chrono-stimulator\/\"><strong>Chrono Stimulator<\/strong><\/a> on top of it. In addition, exfoliate your skin once or twice a week with the <strong><a href=\"https:\/\/phytstore.com\/produit\/gommage-corporel\/\">Body Exfoliating Foaming Gel<\/a><\/strong>.<br \/>\n<em>As a precaution, do not use when pregnant or breastfeeding.<\/em><\/p>\n","protected":false},"excerpt":{"rendered":"<p><a href=\"https:\/\/phytstore.com\/wp-content\/uploads\/2020\/03\/Bio-97-Vegan-Efficacite.png\"><img loading=\"lazy\" decoding=\"async\" class=\"alignnone size-full wp-image-5649\" src=\"https:\/\/phytstore.com\/wp-content\/uploads\/2020\/03\/Bio-97-Vegan-Efficacite.png\" alt=\"\" width=\"274\" height=\"47\" srcset=\"https:\/\/phytstore.com\/wp-content\/uploads\/2020\/03\/Bio-97-Vegan-Efficacite.png 274w, https:\/\/phytstore.com\/wp-content\/uploads\/2020\/03\/Bio-97-Vegan-Efficacite-150x26.png 150w\" sizes=\"auto, (max-width: 274px) 100vw, 274px\" \/><\/a><\/p>\n<p>Silhouette Sculpting Target gel<\/p>\n<p><strong>Skin type<\/strong> : Body<br \/>\n<strong>Expectations<\/strong> : Sculpts, firms<br \/>\n<strong>Presentation<\/strong> : 200 g tube<\/p>\n","protected":false},"featured_media":2603,"comment_status":"closed","ping_status":"closed","template":"","meta":{"_acf_changed":false,"inline_featured_image":false},"product_brand":[],"product_cat":[86,197,200,215],"product_tag":[],"class_list":{"0":"post-2854","1":"product","2":"type-product","3":"status-publish","4":"has-post-thumbnail","6":"product_cat-phytsilhouette-en","7":"product_cat-cellulite-en","8":"product_cat-lack-of-firmness","9":"product_cat-slimming","11":"first","12":"instock","13":"taxable","14":"shipping-taxable","15":"purchasable","16":"product-type-simple"},"acf":[],"yoast_head":"<!-- This site is optimized with the Yoast SEO plugin v27.4 - https:\/\/yoast.com\/product\/yoast-seo-wordpress\/ -->\n<title>Caffeine &amp; Pepper Double Action Gel - PHYT&#039;S - 100% natural &amp; organic<\/title>\n<meta name=\"description\" content=\"The dual-action Caffeine &amp; Pepper Gel sculpts the body by strenghtens the skin and also reduces the appareance of cellulite.\" \/>\n<meta name=\"robots\" content=\"index, follow, max-snippet:-1, max-image-preview:large, max-video-preview:-1\" \/>\n<link rel=\"canonical\" href=\"https:\/\/phytstore.com\/en\/product\/caffeine-pepper-double-action-gel\/\" \/>\n<meta property=\"og:locale\" content=\"en_US\" \/>\n<meta property=\"og:type\" content=\"article\" \/>\n<meta property=\"og:title\" content=\"Caffeine &amp; Pepper Double Action Gel - PHYT&#039;S - 100% natural &amp; organic\" \/>\n<meta property=\"og:description\" content=\"The dual-action Caffeine &amp; Pepper Gel sculpts the body by strenghtens the skin and also reduces the appareance of cellulite.\" \/>\n<meta property=\"og:url\" content=\"https:\/\/phytstore.com\/en\/product\/caffeine-pepper-double-action-gel\/\" \/>\n<meta property=\"og:site_name\" content=\"PHYT&#039;S\" \/>\n<meta property=\"article:publisher\" content=\"https:\/\/www.facebook.com\/CJMBCosmetiques\/?ref=aymt_homepage_panel\" \/>\n<meta property=\"article:modified_time\" content=\"2023-02-21T16:09:10+00:00\" \/>\n<meta property=\"og:image\" content=\"https:\/\/phytstore.com\/wp-content\/uploads\/2020\/03\/Image2-29.jpg\" \/>\n\t<meta property=\"og:image:width\" content=\"728\" \/>\n\t<meta property=\"og:image:height\" content=\"737\" \/>\n\t<meta property=\"og:image:type\" content=\"image\/jpeg\" \/>\n<meta name=\"twitter:card\" content=\"summary_large_image\" \/>\n<meta name=\"twitter:label1\" content=\"Est. reading time\" \/>\n\t<meta name=\"twitter:data1\" content=\"1 minute\" \/>\n<script type=\"application\/ld+json\" class=\"yoast-schema-graph\">{\"@context\":\"https:\\\/\\\/schema.org\",\"@graph\":[{\"@type\":\"WebPage\",\"@id\":\"https:\\\/\\\/phytstore.com\\\/en\\\/product\\\/caffeine-pepper-double-action-gel\\\/\",\"url\":\"https:\\\/\\\/phytstore.com\\\/en\\\/product\\\/caffeine-pepper-double-action-gel\\\/\",\"name\":\"Caffeine & Pepper Double Action Gel - PHYT&#039;S - 100% natural & organic\",\"isPartOf\":{\"@id\":\"https:\\\/\\\/phytstore.com\\\/en\\\/#website\"},\"primaryImageOfPage\":{\"@id\":\"https:\\\/\\\/phytstore.com\\\/en\\\/product\\\/caffeine-pepper-double-action-gel\\\/#primaryimage\"},\"image\":{\"@id\":\"https:\\\/\\\/phytstore.com\\\/en\\\/product\\\/caffeine-pepper-double-action-gel\\\/#primaryimage\"},\"thumbnailUrl\":\"https:\\\/\\\/phytstore.com\\\/wp-content\\\/uploads\\\/2020\\\/03\\\/Image2-29.jpg\",\"datePublished\":\"2020-03-28T23:56:28+00:00\",\"dateModified\":\"2023-02-21T16:09:10+00:00\",\"description\":\"The dual-action Caffeine & Pepper Gel sculpts the body by strenghtens the skin and also reduces the appareance of cellulite.\",\"breadcrumb\":{\"@id\":\"https:\\\/\\\/phytstore.com\\\/en\\\/product\\\/caffeine-pepper-double-action-gel\\\/#breadcrumb\"},\"inLanguage\":\"en-CA\",\"potentialAction\":[{\"@type\":\"ReadAction\",\"target\":[\"https:\\\/\\\/phytstore.com\\\/en\\\/product\\\/caffeine-pepper-double-action-gel\\\/\"]}]},{\"@type\":\"ImageObject\",\"inLanguage\":\"en-CA\",\"@id\":\"https:\\\/\\\/phytstore.com\\\/en\\\/product\\\/caffeine-pepper-double-action-gel\\\/#primaryimage\",\"url\":\"https:\\\/\\\/phytstore.com\\\/wp-content\\\/uploads\\\/2020\\\/03\\\/Image2-29.jpg\",\"contentUrl\":\"https:\\\/\\\/phytstore.com\\\/wp-content\\\/uploads\\\/2020\\\/03\\\/Image2-29.jpg\",\"width\":728,\"height\":737,\"caption\":\"Gel Double Action Caf\u00e9ine & Pepper\"},{\"@type\":\"BreadcrumbList\",\"@id\":\"https:\\\/\\\/phytstore.com\\\/en\\\/product\\\/caffeine-pepper-double-action-gel\\\/#breadcrumb\",\"itemListElement\":[{\"@type\":\"ListItem\",\"position\":1,\"name\":\"Home\",\"item\":\"https:\\\/\\\/phytstore.com\\\/en\\\/\"},{\"@type\":\"ListItem\",\"position\":2,\"name\":\"Shop\",\"item\":\"https:\\\/\\\/phytstore.com\\\/en\\\/shop\\\/\"},{\"@type\":\"ListItem\",\"position\":3,\"name\":\"Body\",\"item\":\"https:\\\/\\\/phytstore.com\\\/en\\\/organic-body-care\\\/\"},{\"@type\":\"ListItem\",\"position\":4,\"name\":\"Cellulite\",\"item\":\"https:\\\/\\\/phytstore.com\\\/en\\\/organic-body-care\\\/cellulite-products\\\/\"},{\"@type\":\"ListItem\",\"position\":5,\"name\":\"Caffeine &#038; Pepper Double Action Gel\"}]},{\"@type\":\"WebSite\",\"@id\":\"https:\\\/\\\/phytstore.com\\\/en\\\/#website\",\"url\":\"https:\\\/\\\/phytstore.com\\\/en\\\/\",\"name\":\"PHYT&#039;S\",\"description\":\"Fabricant et distributeur de soins certifi\u00e9s bio pour instituts de beaut\u00e9, spa et esth\u00e9ticiennes\",\"publisher\":{\"@id\":\"https:\\\/\\\/phytstore.com\\\/en\\\/#organization\"},\"potentialAction\":[{\"@type\":\"SearchAction\",\"target\":{\"@type\":\"EntryPoint\",\"urlTemplate\":\"https:\\\/\\\/phytstore.com\\\/en\\\/?s={search_term_string}\"},\"query-input\":{\"@type\":\"PropertyValueSpecification\",\"valueRequired\":true,\"valueName\":\"search_term_string\"}}],\"inLanguage\":\"en-CA\"},{\"@type\":\"Organization\",\"@id\":\"https:\\\/\\\/phytstore.com\\\/en\\\/#organization\",\"name\":\"Phyt's\",\"url\":\"https:\\\/\\\/phytstore.com\\\/en\\\/\",\"logo\":{\"@type\":\"ImageObject\",\"inLanguage\":\"en-CA\",\"@id\":\"https:\\\/\\\/phytstore.com\\\/en\\\/#\\\/schema\\\/logo\\\/image\\\/\",\"url\":\"https:\\\/\\\/phytstore.com\\\/wp-content\\\/uploads\\\/2020\\\/03\\\/logo-phyts-e1585168986207.png\",\"contentUrl\":\"https:\\\/\\\/phytstore.com\\\/wp-content\\\/uploads\\\/2020\\\/03\\\/logo-phyts-e1585168986207.png\",\"width\":200,\"height\":72,\"caption\":\"Phyt's\"},\"image\":{\"@id\":\"https:\\\/\\\/phytstore.com\\\/en\\\/#\\\/schema\\\/logo\\\/image\\\/\"},\"sameAs\":[\"https:\\\/\\\/www.facebook.com\\\/CJMBCosmetiques\\\/?ref=aymt_homepage_panel\",\"https:\\\/\\\/www.instagram.com\\\/phyts_canada\\\/\",\"https:\\\/\\\/www.linkedin.com\\\/company\\\/3337211\\\/admin\\\/\",\"https:\\\/\\\/www.youtube.com\\\/channel\\\/UCEkP009p4XTU5lXjLkaKptA\"]}]}<\/script>\n<!-- \/ Yoast SEO plugin. -->","yoast_head_json":{"title":"Caffeine & Pepper Double Action Gel - PHYT&#039;S - 100% natural & organic","description":"The dual-action Caffeine & Pepper Gel sculpts the body by strenghtens the skin and also reduces the appareance of cellulite.","robots":{"index":"index","follow":"follow","max-snippet":"max-snippet:-1","max-image-preview":"max-image-preview:large","max-video-preview":"max-video-preview:-1"},"canonical":"https:\/\/phytstore.com\/en\/product\/caffeine-pepper-double-action-gel\/","og_locale":"en_US","og_type":"article","og_title":"Caffeine & Pepper Double Action Gel - PHYT&#039;S - 100% natural & organic","og_description":"The dual-action Caffeine & Pepper Gel sculpts the body by strenghtens the skin and also reduces the appareance of cellulite.","og_url":"https:\/\/phytstore.com\/en\/product\/caffeine-pepper-double-action-gel\/","og_site_name":"PHYT&#039;S","article_publisher":"https:\/\/www.facebook.com\/CJMBCosmetiques\/?ref=aymt_homepage_panel","article_modified_time":"2023-02-21T16:09:10+00:00","og_image":[{"width":728,"height":737,"url":"https:\/\/phytstore.com\/wp-content\/uploads\/2020\/03\/Image2-29.jpg","type":"image\/jpeg"}],"twitter_card":"summary_large_image","twitter_misc":{"Est. reading time":"1 minute"},"schema":{"@context":"https:\/\/schema.org","@graph":[{"@type":"WebPage","@id":"https:\/\/phytstore.com\/en\/product\/caffeine-pepper-double-action-gel\/","url":"https:\/\/phytstore.com\/en\/product\/caffeine-pepper-double-action-gel\/","name":"Caffeine & Pepper Double Action Gel - PHYT&#039;S - 100% natural & organic","isPartOf":{"@id":"https:\/\/phytstore.com\/en\/#website"},"primaryImageOfPage":{"@id":"https:\/\/phytstore.com\/en\/product\/caffeine-pepper-double-action-gel\/#primaryimage"},"image":{"@id":"https:\/\/phytstore.com\/en\/product\/caffeine-pepper-double-action-gel\/#primaryimage"},"thumbnailUrl":"https:\/\/phytstore.com\/wp-content\/uploads\/2020\/03\/Image2-29.jpg","datePublished":"2020-03-28T23:56:28+00:00","dateModified":"2023-02-21T16:09:10+00:00","description":"The dual-action Caffeine & Pepper Gel sculpts the body by strenghtens the skin and also reduces the appareance of cellulite.","breadcrumb":{"@id":"https:\/\/phytstore.com\/en\/product\/caffeine-pepper-double-action-gel\/#breadcrumb"},"inLanguage":"en-CA","potentialAction":[{"@type":"ReadAction","target":["https:\/\/phytstore.com\/en\/product\/caffeine-pepper-double-action-gel\/"]}]},{"@type":"ImageObject","inLanguage":"en-CA","@id":"https:\/\/phytstore.com\/en\/product\/caffeine-pepper-double-action-gel\/#primaryimage","url":"https:\/\/phytstore.com\/wp-content\/uploads\/2020\/03\/Image2-29.jpg","contentUrl":"https:\/\/phytstore.com\/wp-content\/uploads\/2020\/03\/Image2-29.jpg","width":728,"height":737,"caption":"Gel Double Action Caf\u00e9ine & Pepper"},{"@type":"BreadcrumbList","@id":"https:\/\/phytstore.com\/en\/product\/caffeine-pepper-double-action-gel\/#breadcrumb","itemListElement":[{"@type":"ListItem","position":1,"name":"Home","item":"https:\/\/phytstore.com\/en\/"},{"@type":"ListItem","position":2,"name":"Shop","item":"https:\/\/phytstore.com\/en\/shop\/"},{"@type":"ListItem","position":3,"name":"Body","item":"https:\/\/phytstore.com\/en\/organic-body-care\/"},{"@type":"ListItem","position":4,"name":"Cellulite","item":"https:\/\/phytstore.com\/en\/organic-body-care\/cellulite-products\/"},{"@type":"ListItem","position":5,"name":"Caffeine &#038; Pepper Double Action Gel"}]},{"@type":"WebSite","@id":"https:\/\/phytstore.com\/en\/#website","url":"https:\/\/phytstore.com\/en\/","name":"PHYT&#039;S","description":"Fabricant et distributeur de soins certifi\u00e9s bio pour instituts de beaut\u00e9, spa et esth\u00e9ticiennes","publisher":{"@id":"https:\/\/phytstore.com\/en\/#organization"},"potentialAction":[{"@type":"SearchAction","target":{"@type":"EntryPoint","urlTemplate":"https:\/\/phytstore.com\/en\/?s={search_term_string}"},"query-input":{"@type":"PropertyValueSpecification","valueRequired":true,"valueName":"search_term_string"}}],"inLanguage":"en-CA"},{"@type":"Organization","@id":"https:\/\/phytstore.com\/en\/#organization","name":"Phyt's","url":"https:\/\/phytstore.com\/en\/","logo":{"@type":"ImageObject","inLanguage":"en-CA","@id":"https:\/\/phytstore.com\/en\/#\/schema\/logo\/image\/","url":"https:\/\/phytstore.com\/wp-content\/uploads\/2020\/03\/logo-phyts-e1585168986207.png","contentUrl":"https:\/\/phytstore.com\/wp-content\/uploads\/2020\/03\/logo-phyts-e1585168986207.png","width":200,"height":72,"caption":"Phyt's"},"image":{"@id":"https:\/\/phytstore.com\/en\/#\/schema\/logo\/image\/"},"sameAs":["https:\/\/www.facebook.com\/CJMBCosmetiques\/?ref=aymt_homepage_panel","https:\/\/www.instagram.com\/phyts_canada\/","https:\/\/www.linkedin.com\/company\/3337211\/admin\/","https:\/\/www.youtube.com\/channel\/UCEkP009p4XTU5lXjLkaKptA"]}]}},"jetpack_sharing_enabled":true,"_links":{"self":[{"href":"https:\/\/phytstore.com\/en\/wp-json\/wp\/v2\/product\/2854","targetHints":{"allow":["GET"]}}],"collection":[{"href":"https:\/\/phytstore.com\/en\/wp-json\/wp\/v2\/product"}],"about":[{"href":"https:\/\/phytstore.com\/en\/wp-json\/wp\/v2\/types\/product"}],"replies":[{"embeddable":true,"href":"https:\/\/phytstore.com\/en\/wp-json\/wp\/v2\/comments?post=2854"}],"wp:featuredmedia":[{"embeddable":true,"href":"https:\/\/phytstore.com\/en\/wp-json\/wp\/v2\/media\/2603"}],"wp:attachment":[{"href":"https:\/\/phytstore.com\/en\/wp-json\/wp\/v2\/media?parent=2854"}],"wp:term":[{"taxonomy":"product_brand","embeddable":true,"href":"https:\/\/phytstore.com\/en\/wp-json\/wp\/v2\/product_brand?post=2854"},{"taxonomy":"product_cat","embeddable":true,"href":"https:\/\/phytstore.com\/en\/wp-json\/wp\/v2\/product_cat?post=2854"},{"taxonomy":"product_tag","embeddable":true,"href":"https:\/\/phytstore.com\/en\/wp-json\/wp\/v2\/product_tag?post=2854"}],"curies":[{"name":"wp","href":"https:\/\/api.w.org\/{rel}","templated":true}]}}