{"id":2849,"date":"2020-03-28T19:56:28","date_gmt":"2020-03-28T19:56:28","guid":{"rendered":"https:\/\/phytstore.com\/produit\/brosse-de-massage-minceur\/"},"modified":"2023-03-02T14:50:29","modified_gmt":"2023-03-02T18:50:29","slug":"brosse-de-massage-minceur","status":"publish","type":"product","link":"https:\/\/phytstore.com\/en\/product\/slimming-massage-brush\/","title":{"rendered":"Slimming Massage Brush"},"content":{"rendered":"<p>The Slimming Massage Brush, rotating and easy to handle, stimulates blood circulation, dislodges cellulite, increases drainage and prepares the skin to receive the various <strong><a href=\"https:\/\/phytstore.com\/en\/phytsilhouette\/\">Phyt&#8217;Slimming<\/a><\/strong> products applied afterwards. It promotes and strengthens their penetration and then becomes a real slimming ally! It is also used after application of the products, in order to continue the work and thus increase the efficiency. Palpated and kneaded, the skin is stimulated, drained and smoothed!<\/p>\n<p>Ideally, to be used with the <a href=\"https:\/\/phytstore.com\/en\/product\/caffeine-pepper-double-action-gel\/\"><strong>Caffeine &amp; Pepper Double Action Gel<\/strong><\/a> and\/or the <a href=\"https:\/\/phytstore.com\/en\/product\/chrono-stimulator\/\"><strong>Chrono Stimulator<\/strong><\/a>.<\/p>\n","protected":false},"excerpt":{"rendered":"<p><span class=\"Y2IQFc\" lang=\"en\">Anti-cellulite palpate-roller<\/span><\/p>\n<p><b>Skin type : <\/b>Slimming, cellulite, circulation &amp; preparation<br \/>\n<strong>Expectations :<\/strong> Sculpts, stimulates, prepares<\/p>\n","protected":false},"featured_media":2512,"comment_status":"closed","ping_status":"closed","template":"","meta":{"_acf_changed":false,"inline_featured_image":false},"product_brand":[],"product_cat":[215,86,197],"product_tag":[],"class_list":{"0":"post-2849","1":"product","2":"type-product","3":"status-publish","4":"has-post-thumbnail","6":"product_cat-slimming","7":"product_cat-phytsilhouette-en","8":"product_cat-cellulite-en","10":"first","11":"outofstock","12":"taxable","13":"shipping-taxable","14":"purchasable","15":"product-type-simple"},"acf":[],"yoast_head":"<!-- This site is optimized with the Yoast SEO plugin v27.1.1 - https:\/\/yoast.com\/product\/yoast-seo-wordpress\/ -->\n<title>Slimming Massage Brush - PHYT&#039;S - natural &amp; organic<\/title>\n<meta name=\"description\" content=\"This Slimming Massage Brush reproduces the palpate-roll effect. It is used in circulatory massage to prepare the skin for the Phyt&#039;Silhouette products.\" \/>\n<meta name=\"robots\" content=\"index, follow, max-snippet:-1, max-image-preview:large, max-video-preview:-1\" \/>\n<link rel=\"canonical\" href=\"https:\/\/phytstore.com\/en\/product\/slimming-massage-brush\/\" \/>\n<meta property=\"og:locale\" content=\"en_US\" \/>\n<meta property=\"og:type\" content=\"article\" \/>\n<meta property=\"og:title\" content=\"Slimming Massage Brush - PHYT&#039;S - natural &amp; organic\" \/>\n<meta property=\"og:description\" content=\"This Slimming Massage Brush reproduces the palpate-roll effect. It is used in circulatory massage to prepare the skin for the Phyt&#039;Silhouette products.\" \/>\n<meta property=\"og:url\" content=\"https:\/\/phytstore.com\/en\/product\/slimming-massage-brush\/\" \/>\n<meta property=\"og:site_name\" content=\"PHYT&#039;S\" \/>\n<meta property=\"article:publisher\" content=\"https:\/\/www.facebook.com\/CJMBCosmetiques\/?ref=aymt_homepage_panel\" \/>\n<meta property=\"article:modified_time\" content=\"2023-03-02T18:50:29+00:00\" \/>\n<meta property=\"og:image\" content=\"https:\/\/phytstore.com\/wp-content\/uploads\/2020\/03\/Brosse-Massage-Minceur-Rose.jpg\" \/>\n\t<meta property=\"og:image:width\" content=\"220\" \/>\n\t<meta property=\"og:image:height\" content=\"220\" \/>\n\t<meta property=\"og:image:type\" content=\"image\/jpeg\" \/>\n<meta name=\"twitter:card\" content=\"summary_large_image\" \/>\n<meta name=\"twitter:label1\" content=\"Est. reading time\" \/>\n\t<meta name=\"twitter:data1\" content=\"1 minute\" \/>\n<script type=\"application\/ld+json\" class=\"yoast-schema-graph\">{\"@context\":\"https:\/\/schema.org\",\"@graph\":[{\"@type\":\"WebPage\",\"@id\":\"https:\/\/phytstore.com\/en\/product\/slimming-massage-brush\/\",\"url\":\"https:\/\/phytstore.com\/en\/product\/slimming-massage-brush\/\",\"name\":\"Slimming Massage Brush - PHYT&#039;S - natural & organic\",\"isPartOf\":{\"@id\":\"https:\/\/phytstore.com\/en\/#website\"},\"primaryImageOfPage\":{\"@id\":\"https:\/\/phytstore.com\/en\/product\/slimming-massage-brush\/#primaryimage\"},\"image\":{\"@id\":\"https:\/\/phytstore.com\/en\/product\/slimming-massage-brush\/#primaryimage\"},\"thumbnailUrl\":\"https:\/\/phytstore.com\/wp-content\/uploads\/2020\/03\/Brosse-Massage-Minceur-Rose.jpg\",\"datePublished\":\"2020-03-28T19:56:28+00:00\",\"dateModified\":\"2023-03-02T18:50:29+00:00\",\"description\":\"This Slimming Massage Brush reproduces the palpate-roll effect. It is used in circulatory massage to prepare the skin for the Phyt'Silhouette products.\",\"breadcrumb\":{\"@id\":\"https:\/\/phytstore.com\/en\/product\/slimming-massage-brush\/#breadcrumb\"},\"inLanguage\":\"en-CA\",\"potentialAction\":[{\"@type\":\"ReadAction\",\"target\":[\"https:\/\/phytstore.com\/en\/product\/slimming-massage-brush\/\"]}]},{\"@type\":\"ImageObject\",\"inLanguage\":\"en-CA\",\"@id\":\"https:\/\/phytstore.com\/en\/product\/slimming-massage-brush\/#primaryimage\",\"url\":\"https:\/\/phytstore.com\/wp-content\/uploads\/2020\/03\/Brosse-Massage-Minceur-Rose.jpg\",\"contentUrl\":\"https:\/\/phytstore.com\/wp-content\/uploads\/2020\/03\/Brosse-Massage-Minceur-Rose.jpg\",\"width\":220,\"height\":220,\"caption\":\"Brosse de Massage Minceur\"},{\"@type\":\"BreadcrumbList\",\"@id\":\"https:\/\/phytstore.com\/en\/product\/slimming-massage-brush\/#breadcrumb\",\"itemListElement\":[{\"@type\":\"ListItem\",\"position\":1,\"name\":\"Home\",\"item\":\"https:\/\/phytstore.com\/en\/\"},{\"@type\":\"ListItem\",\"position\":2,\"name\":\"Shop\",\"item\":\"https:\/\/phytstore.com\/en\/shop\/\"},{\"@type\":\"ListItem\",\"position\":3,\"name\":\"Body\",\"item\":\"https:\/\/phytstore.com\/en\/organic-body-care\/\"},{\"@type\":\"ListItem\",\"position\":4,\"name\":\"Cellulite\",\"item\":\"https:\/\/phytstore.com\/en\/organic-body-care\/cellulite-products\/\"},{\"@type\":\"ListItem\",\"position\":5,\"name\":\"Slimming Massage Brush\"}]},{\"@type\":\"WebSite\",\"@id\":\"https:\/\/phytstore.com\/en\/#website\",\"url\":\"https:\/\/phytstore.com\/en\/\",\"name\":\"PHYT&#039;S\",\"description\":\"Fabricant et distributeur de soins certifi\u00e9s bio pour instituts de beaut\u00e9, spa et esth\u00e9ticiennes\",\"publisher\":{\"@id\":\"https:\/\/phytstore.com\/en\/#organization\"},\"potentialAction\":[{\"@type\":\"SearchAction\",\"target\":{\"@type\":\"EntryPoint\",\"urlTemplate\":\"https:\/\/phytstore.com\/en\/?s={search_term_string}\"},\"query-input\":{\"@type\":\"PropertyValueSpecification\",\"valueRequired\":true,\"valueName\":\"search_term_string\"}}],\"inLanguage\":\"en-CA\"},{\"@type\":\"Organization\",\"@id\":\"https:\/\/phytstore.com\/en\/#organization\",\"name\":\"Phyt's\",\"url\":\"https:\/\/phytstore.com\/en\/\",\"logo\":{\"@type\":\"ImageObject\",\"inLanguage\":\"en-CA\",\"@id\":\"https:\/\/phytstore.com\/en\/#\/schema\/logo\/image\/\",\"url\":\"https:\/\/phytstore.com\/wp-content\/uploads\/2020\/03\/logo-phyts-e1585168986207.png\",\"contentUrl\":\"https:\/\/phytstore.com\/wp-content\/uploads\/2020\/03\/logo-phyts-e1585168986207.png\",\"width\":200,\"height\":72,\"caption\":\"Phyt's\"},\"image\":{\"@id\":\"https:\/\/phytstore.com\/en\/#\/schema\/logo\/image\/\"},\"sameAs\":[\"https:\/\/www.facebook.com\/CJMBCosmetiques\/?ref=aymt_homepage_panel\",\"https:\/\/www.instagram.com\/phyts_canada\/\",\"https:\/\/www.linkedin.com\/company\/3337211\/admin\/\",\"https:\/\/www.youtube.com\/channel\/UCEkP009p4XTU5lXjLkaKptA\"]}]}<\/script>\n<!-- \/ Yoast SEO plugin. -->","yoast_head_json":{"title":"Slimming Massage Brush - PHYT&#039;S - natural & organic","description":"This Slimming Massage Brush reproduces the palpate-roll effect. It is used in circulatory massage to prepare the skin for the Phyt'Silhouette products.","robots":{"index":"index","follow":"follow","max-snippet":"max-snippet:-1","max-image-preview":"max-image-preview:large","max-video-preview":"max-video-preview:-1"},"canonical":"https:\/\/phytstore.com\/en\/product\/slimming-massage-brush\/","og_locale":"en_US","og_type":"article","og_title":"Slimming Massage Brush - PHYT&#039;S - natural & organic","og_description":"This Slimming Massage Brush reproduces the palpate-roll effect. It is used in circulatory massage to prepare the skin for the Phyt'Silhouette products.","og_url":"https:\/\/phytstore.com\/en\/product\/slimming-massage-brush\/","og_site_name":"PHYT&#039;S","article_publisher":"https:\/\/www.facebook.com\/CJMBCosmetiques\/?ref=aymt_homepage_panel","article_modified_time":"2023-03-02T18:50:29+00:00","og_image":[{"width":220,"height":220,"url":"https:\/\/phytstore.com\/wp-content\/uploads\/2020\/03\/Brosse-Massage-Minceur-Rose.jpg","type":"image\/jpeg"}],"twitter_card":"summary_large_image","twitter_misc":{"Est. reading time":"1 minute"},"schema":{"@context":"https:\/\/schema.org","@graph":[{"@type":"WebPage","@id":"https:\/\/phytstore.com\/en\/product\/slimming-massage-brush\/","url":"https:\/\/phytstore.com\/en\/product\/slimming-massage-brush\/","name":"Slimming Massage Brush - PHYT&#039;S - natural & organic","isPartOf":{"@id":"https:\/\/phytstore.com\/en\/#website"},"primaryImageOfPage":{"@id":"https:\/\/phytstore.com\/en\/product\/slimming-massage-brush\/#primaryimage"},"image":{"@id":"https:\/\/phytstore.com\/en\/product\/slimming-massage-brush\/#primaryimage"},"thumbnailUrl":"https:\/\/phytstore.com\/wp-content\/uploads\/2020\/03\/Brosse-Massage-Minceur-Rose.jpg","datePublished":"2020-03-28T19:56:28+00:00","dateModified":"2023-03-02T18:50:29+00:00","description":"This Slimming Massage Brush reproduces the palpate-roll effect. It is used in circulatory massage to prepare the skin for the Phyt'Silhouette products.","breadcrumb":{"@id":"https:\/\/phytstore.com\/en\/product\/slimming-massage-brush\/#breadcrumb"},"inLanguage":"en-CA","potentialAction":[{"@type":"ReadAction","target":["https:\/\/phytstore.com\/en\/product\/slimming-massage-brush\/"]}]},{"@type":"ImageObject","inLanguage":"en-CA","@id":"https:\/\/phytstore.com\/en\/product\/slimming-massage-brush\/#primaryimage","url":"https:\/\/phytstore.com\/wp-content\/uploads\/2020\/03\/Brosse-Massage-Minceur-Rose.jpg","contentUrl":"https:\/\/phytstore.com\/wp-content\/uploads\/2020\/03\/Brosse-Massage-Minceur-Rose.jpg","width":220,"height":220,"caption":"Brosse de Massage Minceur"},{"@type":"BreadcrumbList","@id":"https:\/\/phytstore.com\/en\/product\/slimming-massage-brush\/#breadcrumb","itemListElement":[{"@type":"ListItem","position":1,"name":"Home","item":"https:\/\/phytstore.com\/en\/"},{"@type":"ListItem","position":2,"name":"Shop","item":"https:\/\/phytstore.com\/en\/shop\/"},{"@type":"ListItem","position":3,"name":"Body","item":"https:\/\/phytstore.com\/en\/organic-body-care\/"},{"@type":"ListItem","position":4,"name":"Cellulite","item":"https:\/\/phytstore.com\/en\/organic-body-care\/cellulite-products\/"},{"@type":"ListItem","position":5,"name":"Slimming Massage Brush"}]},{"@type":"WebSite","@id":"https:\/\/phytstore.com\/en\/#website","url":"https:\/\/phytstore.com\/en\/","name":"PHYT&#039;S","description":"Fabricant et distributeur de soins certifi\u00e9s bio pour instituts de beaut\u00e9, spa et esth\u00e9ticiennes","publisher":{"@id":"https:\/\/phytstore.com\/en\/#organization"},"potentialAction":[{"@type":"SearchAction","target":{"@type":"EntryPoint","urlTemplate":"https:\/\/phytstore.com\/en\/?s={search_term_string}"},"query-input":{"@type":"PropertyValueSpecification","valueRequired":true,"valueName":"search_term_string"}}],"inLanguage":"en-CA"},{"@type":"Organization","@id":"https:\/\/phytstore.com\/en\/#organization","name":"Phyt's","url":"https:\/\/phytstore.com\/en\/","logo":{"@type":"ImageObject","inLanguage":"en-CA","@id":"https:\/\/phytstore.com\/en\/#\/schema\/logo\/image\/","url":"https:\/\/phytstore.com\/wp-content\/uploads\/2020\/03\/logo-phyts-e1585168986207.png","contentUrl":"https:\/\/phytstore.com\/wp-content\/uploads\/2020\/03\/logo-phyts-e1585168986207.png","width":200,"height":72,"caption":"Phyt's"},"image":{"@id":"https:\/\/phytstore.com\/en\/#\/schema\/logo\/image\/"},"sameAs":["https:\/\/www.facebook.com\/CJMBCosmetiques\/?ref=aymt_homepage_panel","https:\/\/www.instagram.com\/phyts_canada\/","https:\/\/www.linkedin.com\/company\/3337211\/admin\/","https:\/\/www.youtube.com\/channel\/UCEkP009p4XTU5lXjLkaKptA"]}]}},"jetpack_sharing_enabled":true,"_links":{"self":[{"href":"https:\/\/phytstore.com\/en\/wp-json\/wp\/v2\/product\/2849","targetHints":{"allow":["GET"]}}],"collection":[{"href":"https:\/\/phytstore.com\/en\/wp-json\/wp\/v2\/product"}],"about":[{"href":"https:\/\/phytstore.com\/en\/wp-json\/wp\/v2\/types\/product"}],"replies":[{"embeddable":true,"href":"https:\/\/phytstore.com\/en\/wp-json\/wp\/v2\/comments?post=2849"}],"wp:featuredmedia":[{"embeddable":true,"href":"https:\/\/phytstore.com\/en\/wp-json\/wp\/v2\/media\/2512"}],"wp:attachment":[{"href":"https:\/\/phytstore.com\/en\/wp-json\/wp\/v2\/media?parent=2849"}],"wp:term":[{"taxonomy":"product_brand","embeddable":true,"href":"https:\/\/phytstore.com\/en\/wp-json\/wp\/v2\/product_brand?post=2849"},{"taxonomy":"product_cat","embeddable":true,"href":"https:\/\/phytstore.com\/en\/wp-json\/wp\/v2\/product_cat?post=2849"},{"taxonomy":"product_tag","embeddable":true,"href":"https:\/\/phytstore.com\/en\/wp-json\/wp\/v2\/product_tag?post=2849"}],"curies":[{"name":"wp","href":"https:\/\/api.w.org\/{rel}","templated":true}]}}