{"id":2848,"date":"2020-03-28T19:56:28","date_gmt":"2020-03-28T23:56:28","guid":{"rendered":"https:\/\/phytstore.com\/produit\/serum-buste\/"},"modified":"2026-02-06T10:13:58","modified_gmt":"2026-02-06T14:13:58","slug":"serum-buste","status":"publish","type":"product","link":"https:\/\/phytstore.com\/en\/product\/bust-serum\/","title":{"rendered":"Bust Firming Serum"},"content":{"rendered":"<div class=\"wpb-content-wrapper\"><p>[vc_row][vc_column][vc_column_text css=&#8221;&#8221; woodmart_inline=&#8221;no&#8221; text_larger=&#8221;no&#8221;]An anti-aging toning treatment ideal for taking care of breasts, cleavage, neck, and d\u00e9collet\u00e9.<\/p>\n<p>Formulated with anti-aging, firming* and nourishing* essential oils and plants, this certified Organic bust serum is ideal for taking care of the cleavage and breast areas. This firming treatment acts as a natural solution to improve skin elasticity and firmness, while simultaneously enhancing the silhouette.<\/p>\n<p><em>*through hydration<\/em><\/p>\n<p>Its soft, silky texture wraps the skin in a protective, velvety veil, with no greasy finish. Ideal for addressing sagging skin due to weight loss or aging, and helps reduce the appearance of wrinkles and stretch marks. It provides an immediate tightening effect, and you are left with skin that appears visibly smoother, firmer, and more supple.<\/p>\n<p>This firming treatment is designed to support the skin\u2019s natural tone while providing lasting comfort and a radiant finish.<\/p>\n<h2><strong>Active ingredients :<\/strong><\/h2>\n<p>Sunflower*, Hazelnut*, Wheat Germ, Castor*, Cypress*, Bitter Orange*, Lemon*, Rosemary*, Thyme*, Oregano*, Lavender*, Verbena*, Clove*, Vegetal Vitamin E<br \/>\n<em>* ingredients from Organic Farming<\/em><\/p>\n<h2><strong>How to Apply Bust Firming Serum:\u00a0<\/strong><\/h2>\n<p>Use the bust serum in the evening. Apply 1 to 2 pumps to the breast area, then gradually massage in circular motions until the entire chest is covered, moving upward toward the neck.<\/p>\n<p><strong>Tip<\/strong>: For optimal results and a more nourishing* effect, apply your treatment in the morning and evening. It can be used alongside <a href=\"https:\/\/phytstore.com\/en\/product\/bust-cream\/\">Bust Cream<\/a> or PHYT&#8217;S anti-aging <a href=\"https:\/\/phytstore.com\/en\/organic-body-care\/bust-cleavage\/\">Neck and Cleaving Firming Care<\/a>\u00a0treatment.<\/p>\n<h2><strong>Why include PHYT\u2019S skin care in your daily beauty ritual?<\/strong><\/h2>\n<p>Products like this serum from PHYT\u2019S Laboratories are certified Organic and of natural origin. They are formulated without synthetic ingredients or controversial substances. Their effectiveness is based on a synergy of plant-based active ingredients, focused on targeted care of each area of the body.[\/vc_column_text][\/vc_column][\/vc_row]<\/p>\n<\/div>","protected":false},"excerpt":{"rendered":"<p><img loading=\"lazy\" decoding=\"async\" class=\"alignnone size-full wp-image-4921\" src=\"https:\/\/phytstore.com\/wp-content\/uploads\/2020\/03\/Bio-100-Vegan-4.png\" alt=\"\" width=\"274\" height=\"53\" \/><\/p>\n<p>Firming*, anti-aging &amp; nourishing * oily concentrate<\/p>\n<p><strong>Skin type :<\/strong> Bust &amp; cleavage<br \/>\n<strong>Expectations :<\/strong> Firms*, anti-aging, nourishes*<br \/>\n<strong>Presentation :<\/strong> 30 ml pump-bottle<\/p>\n","protected":false},"featured_media":8661,"comment_status":"closed","ping_status":"closed","template":"","meta":{"_acf_changed":false,"inline_featured_image":false},"product_brand":[],"product_cat":[86,200,204,211],"product_tag":[],"class_list":{"0":"post-2848","1":"product","2":"type-product","3":"status-publish","4":"has-post-thumbnail","6":"product_cat-phytsilhouette-en","7":"product_cat-lack-of-firmness","8":"product_cat-bust-cleavage","9":"product_cat-body-oils","11":"first","12":"instock","13":"taxable","14":"shipping-taxable","15":"purchasable","16":"product-type-simple"},"acf":[],"yoast_head":"<!-- This site is optimized with the Yoast SEO plugin v27.1.1 - https:\/\/yoast.com\/product\/yoast-seo-wordpress\/ -->\n<title>PHYT&#039;s Bust Serum | 100% Natural and Organic<\/title>\n<meta name=\"description\" content=\"Bust serum created by PHYT&#039;S Laboratories ideal for taking care of breasts and cleavage areas with immediate anti-aging and firming effects.\" \/>\n<meta name=\"robots\" content=\"index, follow, max-snippet:-1, max-image-preview:large, max-video-preview:-1\" \/>\n<link rel=\"canonical\" href=\"https:\/\/phytstore.com\/en\/product\/bust-serum\/\" \/>\n<meta property=\"og:locale\" content=\"en_US\" \/>\n<meta property=\"og:type\" content=\"article\" \/>\n<meta property=\"og:title\" content=\"PHYT&#039;s Bust Serum | 100% Natural and Organic\" \/>\n<meta property=\"og:description\" content=\"Bust serum created by PHYT&#039;S Laboratories ideal for taking care of breasts and cleavage areas with immediate anti-aging and firming effects.\" \/>\n<meta property=\"og:url\" content=\"https:\/\/phytstore.com\/en\/product\/bust-serum\/\" \/>\n<meta property=\"og:site_name\" content=\"PHYT&#039;S\" \/>\n<meta property=\"article:publisher\" content=\"https:\/\/www.facebook.com\/CJMBCosmetiques\/?ref=aymt_homepage_panel\" \/>\n<meta property=\"article:modified_time\" content=\"2026-02-06T14:13:58+00:00\" \/>\n<meta property=\"og:image\" content=\"https:\/\/phytstore.com\/wp-content\/uploads\/2020\/03\/serum-buste-1.jpg\" \/>\n\t<meta property=\"og:image:width\" content=\"534\" \/>\n\t<meta property=\"og:image:height\" content=\"534\" \/>\n\t<meta property=\"og:image:type\" content=\"image\/jpeg\" \/>\n<meta name=\"twitter:card\" content=\"summary_large_image\" \/>\n<meta name=\"twitter:label1\" content=\"Est. reading time\" \/>\n\t<meta name=\"twitter:data1\" content=\"2 minutes\" \/>\n<script type=\"application\/ld+json\" class=\"yoast-schema-graph\">{\"@context\":\"https:\/\/schema.org\",\"@graph\":[{\"@type\":\"WebPage\",\"@id\":\"https:\/\/phytstore.com\/en\/product\/bust-serum\/\",\"url\":\"https:\/\/phytstore.com\/en\/product\/bust-serum\/\",\"name\":\"PHYT's Bust Serum | 100% Natural and Organic\",\"isPartOf\":{\"@id\":\"https:\/\/phytstore.com\/en\/#website\"},\"primaryImageOfPage\":{\"@id\":\"https:\/\/phytstore.com\/en\/product\/bust-serum\/#primaryimage\"},\"image\":{\"@id\":\"https:\/\/phytstore.com\/en\/product\/bust-serum\/#primaryimage\"},\"thumbnailUrl\":\"https:\/\/phytstore.com\/wp-content\/uploads\/2020\/03\/serum-buste-1.jpg\",\"datePublished\":\"2020-03-28T23:56:28+00:00\",\"dateModified\":\"2026-02-06T14:13:58+00:00\",\"description\":\"Bust serum created by PHYT'S Laboratories ideal for taking care of breasts and cleavage areas with immediate anti-aging and firming effects.\",\"breadcrumb\":{\"@id\":\"https:\/\/phytstore.com\/en\/product\/bust-serum\/#breadcrumb\"},\"inLanguage\":\"en-CA\",\"potentialAction\":[{\"@type\":\"ReadAction\",\"target\":[\"https:\/\/phytstore.com\/en\/product\/bust-serum\/\"]}]},{\"@type\":\"ImageObject\",\"inLanguage\":\"en-CA\",\"@id\":\"https:\/\/phytstore.com\/en\/product\/bust-serum\/#primaryimage\",\"url\":\"https:\/\/phytstore.com\/wp-content\/uploads\/2020\/03\/serum-buste-1.jpg\",\"contentUrl\":\"https:\/\/phytstore.com\/wp-content\/uploads\/2020\/03\/serum-buste-1.jpg\",\"width\":534,\"height\":534},{\"@type\":\"BreadcrumbList\",\"@id\":\"https:\/\/phytstore.com\/en\/product\/bust-serum\/#breadcrumb\",\"itemListElement\":[{\"@type\":\"ListItem\",\"position\":1,\"name\":\"Home\",\"item\":\"https:\/\/phytstore.com\/en\/\"},{\"@type\":\"ListItem\",\"position\":2,\"name\":\"Shop\",\"item\":\"https:\/\/phytstore.com\/en\/shop\/\"},{\"@type\":\"ListItem\",\"position\":3,\"name\":\"Body\",\"item\":\"https:\/\/phytstore.com\/en\/organic-body-care\/\"},{\"@type\":\"ListItem\",\"position\":4,\"name\":\"Bust &amp; Cleavage Care\",\"item\":\"https:\/\/phytstore.com\/en\/organic-body-care\/bust-cleavage\/\"},{\"@type\":\"ListItem\",\"position\":5,\"name\":\"Bust Firming Serum\"}]},{\"@type\":\"WebSite\",\"@id\":\"https:\/\/phytstore.com\/en\/#website\",\"url\":\"https:\/\/phytstore.com\/en\/\",\"name\":\"PHYT&#039;S\",\"description\":\"Fabricant et distributeur de soins certifi\u00e9s bio pour instituts de beaut\u00e9, spa et esth\u00e9ticiennes\",\"publisher\":{\"@id\":\"https:\/\/phytstore.com\/en\/#organization\"},\"potentialAction\":[{\"@type\":\"SearchAction\",\"target\":{\"@type\":\"EntryPoint\",\"urlTemplate\":\"https:\/\/phytstore.com\/en\/?s={search_term_string}\"},\"query-input\":{\"@type\":\"PropertyValueSpecification\",\"valueRequired\":true,\"valueName\":\"search_term_string\"}}],\"inLanguage\":\"en-CA\"},{\"@type\":\"Organization\",\"@id\":\"https:\/\/phytstore.com\/en\/#organization\",\"name\":\"Phyt's\",\"url\":\"https:\/\/phytstore.com\/en\/\",\"logo\":{\"@type\":\"ImageObject\",\"inLanguage\":\"en-CA\",\"@id\":\"https:\/\/phytstore.com\/en\/#\/schema\/logo\/image\/\",\"url\":\"https:\/\/phytstore.com\/wp-content\/uploads\/2020\/03\/logo-phyts-e1585168986207.png\",\"contentUrl\":\"https:\/\/phytstore.com\/wp-content\/uploads\/2020\/03\/logo-phyts-e1585168986207.png\",\"width\":200,\"height\":72,\"caption\":\"Phyt's\"},\"image\":{\"@id\":\"https:\/\/phytstore.com\/en\/#\/schema\/logo\/image\/\"},\"sameAs\":[\"https:\/\/www.facebook.com\/CJMBCosmetiques\/?ref=aymt_homepage_panel\",\"https:\/\/www.instagram.com\/phyts_canada\/\",\"https:\/\/www.linkedin.com\/company\/3337211\/admin\/\",\"https:\/\/www.youtube.com\/channel\/UCEkP009p4XTU5lXjLkaKptA\"]}]}<\/script>\n<!-- \/ Yoast SEO plugin. -->","yoast_head_json":{"title":"PHYT's Bust Serum | 100% Natural and Organic","description":"Bust serum created by PHYT'S Laboratories ideal for taking care of breasts and cleavage areas with immediate anti-aging and firming effects.","robots":{"index":"index","follow":"follow","max-snippet":"max-snippet:-1","max-image-preview":"max-image-preview:large","max-video-preview":"max-video-preview:-1"},"canonical":"https:\/\/phytstore.com\/en\/product\/bust-serum\/","og_locale":"en_US","og_type":"article","og_title":"PHYT's Bust Serum | 100% Natural and Organic","og_description":"Bust serum created by PHYT'S Laboratories ideal for taking care of breasts and cleavage areas with immediate anti-aging and firming effects.","og_url":"https:\/\/phytstore.com\/en\/product\/bust-serum\/","og_site_name":"PHYT&#039;S","article_publisher":"https:\/\/www.facebook.com\/CJMBCosmetiques\/?ref=aymt_homepage_panel","article_modified_time":"2026-02-06T14:13:58+00:00","og_image":[{"width":534,"height":534,"url":"https:\/\/phytstore.com\/wp-content\/uploads\/2020\/03\/serum-buste-1.jpg","type":"image\/jpeg"}],"twitter_card":"summary_large_image","twitter_misc":{"Est. reading time":"2 minutes"},"schema":{"@context":"https:\/\/schema.org","@graph":[{"@type":"WebPage","@id":"https:\/\/phytstore.com\/en\/product\/bust-serum\/","url":"https:\/\/phytstore.com\/en\/product\/bust-serum\/","name":"PHYT's Bust Serum | 100% Natural and Organic","isPartOf":{"@id":"https:\/\/phytstore.com\/en\/#website"},"primaryImageOfPage":{"@id":"https:\/\/phytstore.com\/en\/product\/bust-serum\/#primaryimage"},"image":{"@id":"https:\/\/phytstore.com\/en\/product\/bust-serum\/#primaryimage"},"thumbnailUrl":"https:\/\/phytstore.com\/wp-content\/uploads\/2020\/03\/serum-buste-1.jpg","datePublished":"2020-03-28T23:56:28+00:00","dateModified":"2026-02-06T14:13:58+00:00","description":"Bust serum created by PHYT'S Laboratories ideal for taking care of breasts and cleavage areas with immediate anti-aging and firming effects.","breadcrumb":{"@id":"https:\/\/phytstore.com\/en\/product\/bust-serum\/#breadcrumb"},"inLanguage":"en-CA","potentialAction":[{"@type":"ReadAction","target":["https:\/\/phytstore.com\/en\/product\/bust-serum\/"]}]},{"@type":"ImageObject","inLanguage":"en-CA","@id":"https:\/\/phytstore.com\/en\/product\/bust-serum\/#primaryimage","url":"https:\/\/phytstore.com\/wp-content\/uploads\/2020\/03\/serum-buste-1.jpg","contentUrl":"https:\/\/phytstore.com\/wp-content\/uploads\/2020\/03\/serum-buste-1.jpg","width":534,"height":534},{"@type":"BreadcrumbList","@id":"https:\/\/phytstore.com\/en\/product\/bust-serum\/#breadcrumb","itemListElement":[{"@type":"ListItem","position":1,"name":"Home","item":"https:\/\/phytstore.com\/en\/"},{"@type":"ListItem","position":2,"name":"Shop","item":"https:\/\/phytstore.com\/en\/shop\/"},{"@type":"ListItem","position":3,"name":"Body","item":"https:\/\/phytstore.com\/en\/organic-body-care\/"},{"@type":"ListItem","position":4,"name":"Bust &amp; Cleavage Care","item":"https:\/\/phytstore.com\/en\/organic-body-care\/bust-cleavage\/"},{"@type":"ListItem","position":5,"name":"Bust Firming Serum"}]},{"@type":"WebSite","@id":"https:\/\/phytstore.com\/en\/#website","url":"https:\/\/phytstore.com\/en\/","name":"PHYT&#039;S","description":"Fabricant et distributeur de soins certifi\u00e9s bio pour instituts de beaut\u00e9, spa et esth\u00e9ticiennes","publisher":{"@id":"https:\/\/phytstore.com\/en\/#organization"},"potentialAction":[{"@type":"SearchAction","target":{"@type":"EntryPoint","urlTemplate":"https:\/\/phytstore.com\/en\/?s={search_term_string}"},"query-input":{"@type":"PropertyValueSpecification","valueRequired":true,"valueName":"search_term_string"}}],"inLanguage":"en-CA"},{"@type":"Organization","@id":"https:\/\/phytstore.com\/en\/#organization","name":"Phyt's","url":"https:\/\/phytstore.com\/en\/","logo":{"@type":"ImageObject","inLanguage":"en-CA","@id":"https:\/\/phytstore.com\/en\/#\/schema\/logo\/image\/","url":"https:\/\/phytstore.com\/wp-content\/uploads\/2020\/03\/logo-phyts-e1585168986207.png","contentUrl":"https:\/\/phytstore.com\/wp-content\/uploads\/2020\/03\/logo-phyts-e1585168986207.png","width":200,"height":72,"caption":"Phyt's"},"image":{"@id":"https:\/\/phytstore.com\/en\/#\/schema\/logo\/image\/"},"sameAs":["https:\/\/www.facebook.com\/CJMBCosmetiques\/?ref=aymt_homepage_panel","https:\/\/www.instagram.com\/phyts_canada\/","https:\/\/www.linkedin.com\/company\/3337211\/admin\/","https:\/\/www.youtube.com\/channel\/UCEkP009p4XTU5lXjLkaKptA"]}]}},"jetpack_sharing_enabled":true,"_links":{"self":[{"href":"https:\/\/phytstore.com\/en\/wp-json\/wp\/v2\/product\/2848","targetHints":{"allow":["GET"]}}],"collection":[{"href":"https:\/\/phytstore.com\/en\/wp-json\/wp\/v2\/product"}],"about":[{"href":"https:\/\/phytstore.com\/en\/wp-json\/wp\/v2\/types\/product"}],"replies":[{"embeddable":true,"href":"https:\/\/phytstore.com\/en\/wp-json\/wp\/v2\/comments?post=2848"}],"wp:featuredmedia":[{"embeddable":true,"href":"https:\/\/phytstore.com\/en\/wp-json\/wp\/v2\/media\/8661"}],"wp:attachment":[{"href":"https:\/\/phytstore.com\/en\/wp-json\/wp\/v2\/media?parent=2848"}],"wp:term":[{"taxonomy":"product_brand","embeddable":true,"href":"https:\/\/phytstore.com\/en\/wp-json\/wp\/v2\/product_brand?post=2848"},{"taxonomy":"product_cat","embeddable":true,"href":"https:\/\/phytstore.com\/en\/wp-json\/wp\/v2\/product_cat?post=2848"},{"taxonomy":"product_tag","embeddable":true,"href":"https:\/\/phytstore.com\/en\/wp-json\/wp\/v2\/product_tag?post=2848"}],"curies":[{"name":"wp","href":"https:\/\/api.w.org\/{rel}","templated":true}]}}