{"id":2847,"date":"2020-03-28T19:56:28","date_gmt":"2020-03-28T23:56:28","guid":{"rendered":"https:\/\/phytstore.com\/produit\/2847\/"},"modified":"2025-09-25T17:19:52","modified_gmt":"2025-09-25T21:19:52","slug":"creme-buste","status":"publish","type":"product","link":"https:\/\/phytstore.com\/en\/product\/bust-cream\/","title":{"rendered":"Bust Cream"},"content":{"rendered":"<p><span lang=\"en\">Toning, anti-aging and nourishing*, this soft Organic cream helps to maintain the shape of the bust and cleavage. Indeed, it firms* the skin and completes the action of the <strong><a href=\"https:\/\/phytstore.com\/en\/product\/bust-serum\/\">Bust Serum<\/a><\/strong>. Its extreme softness leaves a smooth, supple and silky skin.<\/span><br \/>\n<em>* via hydration<\/em><\/p>\n<h2><strong>Active ingredients :<\/strong><\/h2>\n<p>Wheatgerm, Hazelnut*, Sunflower*, Castor*, Bitter Orange*, Lemon*, Rosemary*, Thyme*, Oregano*, Cypress*, Clove*, Lemongrass*, Basil*<br \/>\n<em>* ingredients from Organic Farming<\/em><\/p>\n<h2>Why choose our bust cream?<\/h2>\n<p>When it comes to women\u2019s body care products, many treatments promise visible results, but the Bust Cream from PHYT\u2019S Laboratories stands out for its effectiveness. Specially\u00a0<strong>formulated to enhance and firm the bust area<\/strong>, this Organic Cream is designed for women seeking a targeted skin treatment to maintain skin elasticity and contours skin around the bust. It also supports neck firming, promoting a smoother, more youthful appearance in this delicate area.<\/p>\n<h3><strong>How to apply my bust cream ?<\/strong><\/h3>\n<p>For optimal results, this cream should be applied using simple yet precise motions. In the morning,\u00a0<strong>massage skin, using circular movements<\/strong>, working from the base of the breasts up to the neck, ensuring even coverage over the breast skin. For a\u00a0<a href=\"https:\/\/phytstore.com\/en\/organic-body-care\/bust-cleavage\/\">complete bust care routine<\/a>, use it alongside the bust serum in the evening.<\/p>\n<p><strong>Tips :<\/strong>\u00a0A small amount is enough. Warm the cream between your hands before applying it in circular motions, starting from the bust contour and moving upwards. This method promotes effective absorption of the active ingredients and\u00a0<strong>maximizes the benefits of the treatment<\/strong>. For best results, consider exfoliating with a body scrub beforehand to prepare the skin and enhance penetration. Avoid contact with eyes, and always use gentle motions to respect the skin\u2019s delicate nature. For maintenance, it can be applied morning and evening on the bust.<\/p>\n<h2>What is the purpose of a bust cream?<\/h2>\n<p>This cream does more than condition skin\u2014it is a targeted skin treatment designed for all skin types, including mature skin, for those looking to\u00a0<strong>improve the appearance of stretch mark, skin elasticity, and firmness<\/strong>\u00a0in the bust area.<\/p>\n<p>The PHYT\u2019S Laboratories bust cream helps improved skin tension, counteracting changes due to weight loss and post-maternity effects. Its rich formula provides\u00a0<strong>intense hydration and nourishment<\/strong>, making it particularly beneficial for delicate skin, ensuring comfort and suppleness while reinforcing the skin\u2019s natural barrier.<\/p>\n<p>Not only does it hydrate and leave a softer skin aspect, but it also helps contour the skin, providing a lifting effect for a youthful appearance. Its carefully selected\u00a0<strong>natural and active ingredients<\/strong>\u00a0support an improved skin barrier, leaving a comfortable skin, firm, and smooth.<\/p>\n","protected":false},"excerpt":{"rendered":"<p><img loading=\"lazy\" decoding=\"async\" class=\"alignnone size-full wp-image-4921\" src=\"https:\/\/phytstore.com\/wp-content\/uploads\/2020\/03\/Bio-100-Vegan-4.png\" alt=\"\" width=\"274\" height=\"53\" \/><\/p>\n<p>Firming*, anti-aging &amp; nourishing*<\/p>\n<p><strong>Skin type :<\/strong> Bust &amp; cleavage<br \/>\n<strong>Expectations :<\/strong> Firms*, regenerates*, nourishes*, protects<br \/>\n<strong>Presentation :<\/strong> 40 g tube<\/p>\n","protected":false},"featured_media":8633,"comment_status":"closed","ping_status":"closed","template":"","meta":{"_acf_changed":false,"inline_featured_image":false},"product_brand":[],"product_cat":[86,200,204],"product_tag":[],"class_list":{"0":"post-2847","1":"product","2":"type-product","3":"status-publish","4":"has-post-thumbnail","6":"product_cat-phytsilhouette-en","7":"product_cat-lack-of-firmness","8":"product_cat-bust-cleavage","10":"first","11":"instock","12":"taxable","13":"shipping-taxable","14":"purchasable","15":"product-type-simple"},"acf":[],"yoast_head":"<!-- This site is optimized with the Yoast SEO plugin v27.4 - https:\/\/yoast.com\/product\/yoast-seo-wordpress\/ -->\n<title>Enhance your bust naturally with our cream - Laboratoires PHYT\u2019S<\/title>\n<meta name=\"description\" content=\"Achieve firmer, more contoured skin with this bust cream, enriched with natural ingredients to enhance skin elasticity and promote a smooth, toned appearance.\" \/>\n<meta name=\"robots\" content=\"index, follow, max-snippet:-1, max-image-preview:large, max-video-preview:-1\" \/>\n<link rel=\"canonical\" href=\"https:\/\/phytstore.com\/en\/product\/bust-cream\/\" \/>\n<meta property=\"og:locale\" content=\"en_US\" \/>\n<meta property=\"og:type\" content=\"article\" \/>\n<meta property=\"og:title\" content=\"Enhance your bust naturally with our cream - Laboratoires PHYT\u2019S\" \/>\n<meta property=\"og:description\" content=\"Achieve firmer, more contoured skin with this bust cream, enriched with natural ingredients to enhance skin elasticity and promote a smooth, toned appearance.\" \/>\n<meta property=\"og:url\" content=\"https:\/\/phytstore.com\/en\/product\/bust-cream\/\" \/>\n<meta property=\"og:site_name\" content=\"PHYT&#039;S\" \/>\n<meta property=\"article:publisher\" content=\"https:\/\/www.facebook.com\/CJMBCosmetiques\/?ref=aymt_homepage_panel\" \/>\n<meta property=\"article:modified_time\" content=\"2025-09-25T21:19:52+00:00\" \/>\n<meta property=\"og:image\" content=\"https:\/\/phytstore.com\/wp-content\/uploads\/2020\/03\/creme-buste.jpg\" \/>\n\t<meta property=\"og:image:width\" content=\"534\" \/>\n\t<meta property=\"og:image:height\" content=\"534\" \/>\n\t<meta property=\"og:image:type\" content=\"image\/jpeg\" \/>\n<meta name=\"twitter:card\" content=\"summary_large_image\" \/>\n<meta name=\"twitter:label1\" content=\"Est. reading time\" \/>\n\t<meta name=\"twitter:data1\" content=\"3 minutes\" \/>\n<script type=\"application\/ld+json\" class=\"yoast-schema-graph\">{\"@context\":\"https:\\\/\\\/schema.org\",\"@graph\":[{\"@type\":\"WebPage\",\"@id\":\"https:\\\/\\\/phytstore.com\\\/en\\\/product\\\/bust-cream\\\/\",\"url\":\"https:\\\/\\\/phytstore.com\\\/en\\\/product\\\/bust-cream\\\/\",\"name\":\"Enhance your bust naturally with our cream - Laboratoires PHYT\u2019S\",\"isPartOf\":{\"@id\":\"https:\\\/\\\/phytstore.com\\\/en\\\/#website\"},\"primaryImageOfPage\":{\"@id\":\"https:\\\/\\\/phytstore.com\\\/en\\\/product\\\/bust-cream\\\/#primaryimage\"},\"image\":{\"@id\":\"https:\\\/\\\/phytstore.com\\\/en\\\/product\\\/bust-cream\\\/#primaryimage\"},\"thumbnailUrl\":\"https:\\\/\\\/phytstore.com\\\/wp-content\\\/uploads\\\/2020\\\/03\\\/creme-buste.jpg\",\"datePublished\":\"2020-03-28T23:56:28+00:00\",\"dateModified\":\"2025-09-25T21:19:52+00:00\",\"description\":\"Achieve firmer, more contoured skin with this bust cream, enriched with natural ingredients to enhance skin elasticity and promote a smooth, toned appearance.\",\"breadcrumb\":{\"@id\":\"https:\\\/\\\/phytstore.com\\\/en\\\/product\\\/bust-cream\\\/#breadcrumb\"},\"inLanguage\":\"en-CA\",\"potentialAction\":[{\"@type\":\"ReadAction\",\"target\":[\"https:\\\/\\\/phytstore.com\\\/en\\\/product\\\/bust-cream\\\/\"]}]},{\"@type\":\"ImageObject\",\"inLanguage\":\"en-CA\",\"@id\":\"https:\\\/\\\/phytstore.com\\\/en\\\/product\\\/bust-cream\\\/#primaryimage\",\"url\":\"https:\\\/\\\/phytstore.com\\\/wp-content\\\/uploads\\\/2020\\\/03\\\/creme-buste.jpg\",\"contentUrl\":\"https:\\\/\\\/phytstore.com\\\/wp-content\\\/uploads\\\/2020\\\/03\\\/creme-buste.jpg\",\"width\":534,\"height\":534,\"caption\":\"Soins des seins et du d\u00e9collet\u00e9\"},{\"@type\":\"BreadcrumbList\",\"@id\":\"https:\\\/\\\/phytstore.com\\\/en\\\/product\\\/bust-cream\\\/#breadcrumb\",\"itemListElement\":[{\"@type\":\"ListItem\",\"position\":1,\"name\":\"Home\",\"item\":\"https:\\\/\\\/phytstore.com\\\/en\\\/\"},{\"@type\":\"ListItem\",\"position\":2,\"name\":\"Shop\",\"item\":\"https:\\\/\\\/phytstore.com\\\/en\\\/shop\\\/\"},{\"@type\":\"ListItem\",\"position\":3,\"name\":\"Body\",\"item\":\"https:\\\/\\\/phytstore.com\\\/en\\\/organic-body-care\\\/\"},{\"@type\":\"ListItem\",\"position\":4,\"name\":\"Lack of Firmness\",\"item\":\"https:\\\/\\\/phytstore.com\\\/en\\\/organic-body-care\\\/lack-of-firmness\\\/\"},{\"@type\":\"ListItem\",\"position\":5,\"name\":\"Bust Cream\"}]},{\"@type\":\"WebSite\",\"@id\":\"https:\\\/\\\/phytstore.com\\\/en\\\/#website\",\"url\":\"https:\\\/\\\/phytstore.com\\\/en\\\/\",\"name\":\"PHYT&#039;S\",\"description\":\"Fabricant et distributeur de soins certifi\u00e9s bio pour instituts de beaut\u00e9, spa et esth\u00e9ticiennes\",\"publisher\":{\"@id\":\"https:\\\/\\\/phytstore.com\\\/en\\\/#organization\"},\"potentialAction\":[{\"@type\":\"SearchAction\",\"target\":{\"@type\":\"EntryPoint\",\"urlTemplate\":\"https:\\\/\\\/phytstore.com\\\/en\\\/?s={search_term_string}\"},\"query-input\":{\"@type\":\"PropertyValueSpecification\",\"valueRequired\":true,\"valueName\":\"search_term_string\"}}],\"inLanguage\":\"en-CA\"},{\"@type\":\"Organization\",\"@id\":\"https:\\\/\\\/phytstore.com\\\/en\\\/#organization\",\"name\":\"Phyt's\",\"url\":\"https:\\\/\\\/phytstore.com\\\/en\\\/\",\"logo\":{\"@type\":\"ImageObject\",\"inLanguage\":\"en-CA\",\"@id\":\"https:\\\/\\\/phytstore.com\\\/en\\\/#\\\/schema\\\/logo\\\/image\\\/\",\"url\":\"https:\\\/\\\/phytstore.com\\\/wp-content\\\/uploads\\\/2020\\\/03\\\/logo-phyts-e1585168986207.png\",\"contentUrl\":\"https:\\\/\\\/phytstore.com\\\/wp-content\\\/uploads\\\/2020\\\/03\\\/logo-phyts-e1585168986207.png\",\"width\":200,\"height\":72,\"caption\":\"Phyt's\"},\"image\":{\"@id\":\"https:\\\/\\\/phytstore.com\\\/en\\\/#\\\/schema\\\/logo\\\/image\\\/\"},\"sameAs\":[\"https:\\\/\\\/www.facebook.com\\\/CJMBCosmetiques\\\/?ref=aymt_homepage_panel\",\"https:\\\/\\\/www.instagram.com\\\/phyts_canada\\\/\",\"https:\\\/\\\/www.linkedin.com\\\/company\\\/3337211\\\/admin\\\/\",\"https:\\\/\\\/www.youtube.com\\\/channel\\\/UCEkP009p4XTU5lXjLkaKptA\"]}]}<\/script>\n<!-- \/ Yoast SEO plugin. -->","yoast_head_json":{"title":"Enhance your bust naturally with our cream - Laboratoires PHYT\u2019S","description":"Achieve firmer, more contoured skin with this bust cream, enriched with natural ingredients to enhance skin elasticity and promote a smooth, toned appearance.","robots":{"index":"index","follow":"follow","max-snippet":"max-snippet:-1","max-image-preview":"max-image-preview:large","max-video-preview":"max-video-preview:-1"},"canonical":"https:\/\/phytstore.com\/en\/product\/bust-cream\/","og_locale":"en_US","og_type":"article","og_title":"Enhance your bust naturally with our cream - Laboratoires PHYT\u2019S","og_description":"Achieve firmer, more contoured skin with this bust cream, enriched with natural ingredients to enhance skin elasticity and promote a smooth, toned appearance.","og_url":"https:\/\/phytstore.com\/en\/product\/bust-cream\/","og_site_name":"PHYT&#039;S","article_publisher":"https:\/\/www.facebook.com\/CJMBCosmetiques\/?ref=aymt_homepage_panel","article_modified_time":"2025-09-25T21:19:52+00:00","og_image":[{"width":534,"height":534,"url":"https:\/\/phytstore.com\/wp-content\/uploads\/2020\/03\/creme-buste.jpg","type":"image\/jpeg"}],"twitter_card":"summary_large_image","twitter_misc":{"Est. reading time":"3 minutes"},"schema":{"@context":"https:\/\/schema.org","@graph":[{"@type":"WebPage","@id":"https:\/\/phytstore.com\/en\/product\/bust-cream\/","url":"https:\/\/phytstore.com\/en\/product\/bust-cream\/","name":"Enhance your bust naturally with our cream - Laboratoires PHYT\u2019S","isPartOf":{"@id":"https:\/\/phytstore.com\/en\/#website"},"primaryImageOfPage":{"@id":"https:\/\/phytstore.com\/en\/product\/bust-cream\/#primaryimage"},"image":{"@id":"https:\/\/phytstore.com\/en\/product\/bust-cream\/#primaryimage"},"thumbnailUrl":"https:\/\/phytstore.com\/wp-content\/uploads\/2020\/03\/creme-buste.jpg","datePublished":"2020-03-28T23:56:28+00:00","dateModified":"2025-09-25T21:19:52+00:00","description":"Achieve firmer, more contoured skin with this bust cream, enriched with natural ingredients to enhance skin elasticity and promote a smooth, toned appearance.","breadcrumb":{"@id":"https:\/\/phytstore.com\/en\/product\/bust-cream\/#breadcrumb"},"inLanguage":"en-CA","potentialAction":[{"@type":"ReadAction","target":["https:\/\/phytstore.com\/en\/product\/bust-cream\/"]}]},{"@type":"ImageObject","inLanguage":"en-CA","@id":"https:\/\/phytstore.com\/en\/product\/bust-cream\/#primaryimage","url":"https:\/\/phytstore.com\/wp-content\/uploads\/2020\/03\/creme-buste.jpg","contentUrl":"https:\/\/phytstore.com\/wp-content\/uploads\/2020\/03\/creme-buste.jpg","width":534,"height":534,"caption":"Soins des seins et du d\u00e9collet\u00e9"},{"@type":"BreadcrumbList","@id":"https:\/\/phytstore.com\/en\/product\/bust-cream\/#breadcrumb","itemListElement":[{"@type":"ListItem","position":1,"name":"Home","item":"https:\/\/phytstore.com\/en\/"},{"@type":"ListItem","position":2,"name":"Shop","item":"https:\/\/phytstore.com\/en\/shop\/"},{"@type":"ListItem","position":3,"name":"Body","item":"https:\/\/phytstore.com\/en\/organic-body-care\/"},{"@type":"ListItem","position":4,"name":"Lack of Firmness","item":"https:\/\/phytstore.com\/en\/organic-body-care\/lack-of-firmness\/"},{"@type":"ListItem","position":5,"name":"Bust Cream"}]},{"@type":"WebSite","@id":"https:\/\/phytstore.com\/en\/#website","url":"https:\/\/phytstore.com\/en\/","name":"PHYT&#039;S","description":"Fabricant et distributeur de soins certifi\u00e9s bio pour instituts de beaut\u00e9, spa et esth\u00e9ticiennes","publisher":{"@id":"https:\/\/phytstore.com\/en\/#organization"},"potentialAction":[{"@type":"SearchAction","target":{"@type":"EntryPoint","urlTemplate":"https:\/\/phytstore.com\/en\/?s={search_term_string}"},"query-input":{"@type":"PropertyValueSpecification","valueRequired":true,"valueName":"search_term_string"}}],"inLanguage":"en-CA"},{"@type":"Organization","@id":"https:\/\/phytstore.com\/en\/#organization","name":"Phyt's","url":"https:\/\/phytstore.com\/en\/","logo":{"@type":"ImageObject","inLanguage":"en-CA","@id":"https:\/\/phytstore.com\/en\/#\/schema\/logo\/image\/","url":"https:\/\/phytstore.com\/wp-content\/uploads\/2020\/03\/logo-phyts-e1585168986207.png","contentUrl":"https:\/\/phytstore.com\/wp-content\/uploads\/2020\/03\/logo-phyts-e1585168986207.png","width":200,"height":72,"caption":"Phyt's"},"image":{"@id":"https:\/\/phytstore.com\/en\/#\/schema\/logo\/image\/"},"sameAs":["https:\/\/www.facebook.com\/CJMBCosmetiques\/?ref=aymt_homepage_panel","https:\/\/www.instagram.com\/phyts_canada\/","https:\/\/www.linkedin.com\/company\/3337211\/admin\/","https:\/\/www.youtube.com\/channel\/UCEkP009p4XTU5lXjLkaKptA"]}]}},"jetpack_sharing_enabled":true,"_links":{"self":[{"href":"https:\/\/phytstore.com\/en\/wp-json\/wp\/v2\/product\/2847","targetHints":{"allow":["GET"]}}],"collection":[{"href":"https:\/\/phytstore.com\/en\/wp-json\/wp\/v2\/product"}],"about":[{"href":"https:\/\/phytstore.com\/en\/wp-json\/wp\/v2\/types\/product"}],"replies":[{"embeddable":true,"href":"https:\/\/phytstore.com\/en\/wp-json\/wp\/v2\/comments?post=2847"}],"wp:featuredmedia":[{"embeddable":true,"href":"https:\/\/phytstore.com\/en\/wp-json\/wp\/v2\/media\/8633"}],"wp:attachment":[{"href":"https:\/\/phytstore.com\/en\/wp-json\/wp\/v2\/media?parent=2847"}],"wp:term":[{"taxonomy":"product_brand","embeddable":true,"href":"https:\/\/phytstore.com\/en\/wp-json\/wp\/v2\/product_brand?post=2847"},{"taxonomy":"product_cat","embeddable":true,"href":"https:\/\/phytstore.com\/en\/wp-json\/wp\/v2\/product_cat?post=2847"},{"taxonomy":"product_tag","embeddable":true,"href":"https:\/\/phytstore.com\/en\/wp-json\/wp\/v2\/product_tag?post=2847"}],"curies":[{"name":"wp","href":"https:\/\/api.w.org\/{rel}","templated":true}]}}