{"id":2843,"date":"2020-03-28T19:56:28","date_gmt":"2020-03-28T23:56:28","guid":{"rendered":"https:\/\/phytstore.com\/produit\/aroma-phyts-tonifiant\/"},"modified":"2024-09-11T06:48:38","modified_gmt":"2024-09-11T10:48:38","slug":"aroma-phyts-tonifiant","status":"publish","type":"product","link":"https:\/\/phytstore.com\/en\/product\/tonifying-aroma-phyts\/","title":{"rendered":"Tonifying Aroma Phyt&#8217;s"},"content":{"rendered":"<p>With tonifying Lemon, Rosemary, Parsley and Sage essential oils, this Organic body oil tones* and nourishes* the skin. To combine with massage for best results!<br \/>\n<em>* via hydration<\/em><\/p>\n<h2><strong>Active Ingredients :<\/strong><\/h2>\n<p>Cinnamon*, Rosemary*, Lemon*, Sage*, Parsley, Wheatgerm, Sunflower*, Vegetal Vitamin E<br \/>\n<em>* ingredients from Organic Farming<\/em><\/p>\n<h2><strong>How to Apply my Tonifying Aroma Phyt&#8217;s?<\/strong><\/h2>\n<p>After shower or bath, massage your legs from bottom to top. Can be used daily.<br \/>\n<strong>Tips :<\/strong> For better penetration, apply on damp skin. For best results, also use food supplement (<strong><a href=\"https:\/\/phytstore.com\/en\/product\/emonctyl\/\">Emonctyl +<\/a><\/strong>, <strong><a href=\"https:\/\/phytstore.com\/en\/product\/emonctyl-h\/\">Emonctyl H<\/a><\/strong> and\/or <strong><a href=\"https:\/\/phytstore.com\/en\/product\/emonctyl-u\/\">Emonctyl U<\/a><\/strong>), then the\u00a0<strong><a href=\"https:\/\/phytstore.com\/en\/product\/cooling-phyto-fluid-spray\/\">Cooling Phyto-Fluid<\/a><\/strong>\u00a0and\/or the <strong><a href=\"https:\/\/phytstore.com\/en\/product\/toning-legs-cream\/\">Toni-Legs<\/a><\/strong>.<br \/>\n<em>As a precaution, do not use when pregnant or breastfeeding.<\/em><\/p>\n","protected":false},"excerpt":{"rendered":"<p><img loading=\"lazy\" decoding=\"async\" class=\"alignnone size-full wp-image-4921\" src=\"https:\/\/phytstore.com\/wp-content\/uploads\/2020\/03\/Bio-100-Vegan-4.png\" alt=\"\" width=\"274\" height=\"53\" \/><\/p>\n<p>Toning body oil<\/p>\n<p><strong>Skin type :<\/strong> All skin types (especially legs)<br \/>\n<strong>Expectations :<\/strong> Tones*, nourishes*<br \/>\n<strong>Presentation :<\/strong> 100 ml bottle<\/p>\n","protected":false},"featured_media":5848,"comment_status":"closed","ping_status":"closed","template":"","meta":{"_acf_changed":false,"inline_featured_image":false},"product_brand":[],"product_cat":[86,199,211,213,217],"product_tag":[],"class_list":{"0":"post-2843","1":"product","2":"type-product","3":"status-publish","4":"has-post-thumbnail","6":"product_cat-phytsilhouette-en","7":"product_cat-heavy-legs","8":"product_cat-body-oils","9":"product_cat-heavy-legs-en","10":"product_cat-massage-products","12":"first","13":"instock","14":"taxable","15":"shipping-taxable","16":"purchasable","17":"product-type-simple"},"acf":[],"yoast_head":"<!-- This site is optimized with the Yoast SEO plugin v27.1.1 - https:\/\/yoast.com\/product\/yoast-seo-wordpress\/ -->\n<title>100% Organic Toning Body Oil - Tonifying Aroma PHYT&#039;S<\/title>\n<meta name=\"description\" content=\"With essential oils of Lemon, Rosemary and Sage, this Organic oil combined with a targeted massage tones* skin.* via hydration\" \/>\n<meta name=\"robots\" content=\"index, follow, max-snippet:-1, max-image-preview:large, max-video-preview:-1\" \/>\n<link rel=\"canonical\" href=\"https:\/\/phytstore.com\/en\/product\/tonifying-aroma-phyts\/\" \/>\n<meta property=\"og:locale\" content=\"en_US\" \/>\n<meta property=\"og:type\" content=\"article\" \/>\n<meta property=\"og:title\" content=\"100% Organic Toning Body Oil - Tonifying Aroma PHYT&#039;S\" \/>\n<meta property=\"og:description\" content=\"With essential oils of Lemon, Rosemary and Sage, this Organic oil combined with a targeted massage tones* skin.* via hydration\" \/>\n<meta property=\"og:url\" content=\"https:\/\/phytstore.com\/en\/product\/tonifying-aroma-phyts\/\" \/>\n<meta property=\"og:site_name\" content=\"PHYT&#039;S\" \/>\n<meta property=\"article:publisher\" content=\"https:\/\/www.facebook.com\/CJMBCosmetiques\/?ref=aymt_homepage_panel\" \/>\n<meta property=\"article:modified_time\" content=\"2024-09-11T10:48:38+00:00\" \/>\n<meta property=\"og:image\" content=\"https:\/\/phytstore.com\/wp-content\/uploads\/2020\/03\/Aroma-Phyts-Tonifiant.png\" \/>\n\t<meta property=\"og:image:width\" content=\"834\" \/>\n\t<meta property=\"og:image:height\" content=\"834\" \/>\n\t<meta property=\"og:image:type\" content=\"image\/png\" \/>\n<meta name=\"twitter:card\" content=\"summary_large_image\" \/>\n<meta name=\"twitter:label1\" content=\"Est. reading time\" \/>\n\t<meta name=\"twitter:data1\" content=\"1 minute\" \/>\n<script type=\"application\/ld+json\" class=\"yoast-schema-graph\">{\"@context\":\"https:\/\/schema.org\",\"@graph\":[{\"@type\":\"WebPage\",\"@id\":\"https:\/\/phytstore.com\/en\/product\/tonifying-aroma-phyts\/\",\"url\":\"https:\/\/phytstore.com\/en\/product\/tonifying-aroma-phyts\/\",\"name\":\"100% Organic Toning Body Oil - Tonifying Aroma PHYT'S\",\"isPartOf\":{\"@id\":\"https:\/\/phytstore.com\/en\/#website\"},\"primaryImageOfPage\":{\"@id\":\"https:\/\/phytstore.com\/en\/product\/tonifying-aroma-phyts\/#primaryimage\"},\"image\":{\"@id\":\"https:\/\/phytstore.com\/en\/product\/tonifying-aroma-phyts\/#primaryimage\"},\"thumbnailUrl\":\"https:\/\/phytstore.com\/wp-content\/uploads\/2020\/03\/Aroma-Phyts-Tonifiant.png\",\"datePublished\":\"2020-03-28T23:56:28+00:00\",\"dateModified\":\"2024-09-11T10:48:38+00:00\",\"description\":\"With essential oils of Lemon, Rosemary and Sage, this Organic oil combined with a targeted massage tones* skin.* via hydration\",\"breadcrumb\":{\"@id\":\"https:\/\/phytstore.com\/en\/product\/tonifying-aroma-phyts\/#breadcrumb\"},\"inLanguage\":\"en-CA\",\"potentialAction\":[{\"@type\":\"ReadAction\",\"target\":[\"https:\/\/phytstore.com\/en\/product\/tonifying-aroma-phyts\/\"]}]},{\"@type\":\"ImageObject\",\"inLanguage\":\"en-CA\",\"@id\":\"https:\/\/phytstore.com\/en\/product\/tonifying-aroma-phyts\/#primaryimage\",\"url\":\"https:\/\/phytstore.com\/wp-content\/uploads\/2020\/03\/Aroma-Phyts-Tonifiant.png\",\"contentUrl\":\"https:\/\/phytstore.com\/wp-content\/uploads\/2020\/03\/Aroma-Phyts-Tonifiant.png\",\"width\":834,\"height\":834},{\"@type\":\"BreadcrumbList\",\"@id\":\"https:\/\/phytstore.com\/en\/product\/tonifying-aroma-phyts\/#breadcrumb\",\"itemListElement\":[{\"@type\":\"ListItem\",\"position\":1,\"name\":\"Home\",\"item\":\"https:\/\/phytstore.com\/en\/\"},{\"@type\":\"ListItem\",\"position\":2,\"name\":\"Shop\",\"item\":\"https:\/\/phytstore.com\/en\/shop\/\"},{\"@type\":\"ListItem\",\"position\":3,\"name\":\"Body\",\"item\":\"https:\/\/phytstore.com\/en\/organic-body-care\/\"},{\"@type\":\"ListItem\",\"position\":4,\"name\":\"Heavy Legs\",\"item\":\"https:\/\/phytstore.com\/en\/organic-body-care\/heavy-legs\/\"},{\"@type\":\"ListItem\",\"position\":5,\"name\":\"Tonifying Aroma Phyt&rsquo;s\"}]},{\"@type\":\"WebSite\",\"@id\":\"https:\/\/phytstore.com\/en\/#website\",\"url\":\"https:\/\/phytstore.com\/en\/\",\"name\":\"PHYT&#039;S\",\"description\":\"Fabricant et distributeur de soins certifi\u00e9s bio pour instituts de beaut\u00e9, spa et esth\u00e9ticiennes\",\"publisher\":{\"@id\":\"https:\/\/phytstore.com\/en\/#organization\"},\"potentialAction\":[{\"@type\":\"SearchAction\",\"target\":{\"@type\":\"EntryPoint\",\"urlTemplate\":\"https:\/\/phytstore.com\/en\/?s={search_term_string}\"},\"query-input\":{\"@type\":\"PropertyValueSpecification\",\"valueRequired\":true,\"valueName\":\"search_term_string\"}}],\"inLanguage\":\"en-CA\"},{\"@type\":\"Organization\",\"@id\":\"https:\/\/phytstore.com\/en\/#organization\",\"name\":\"Phyt's\",\"url\":\"https:\/\/phytstore.com\/en\/\",\"logo\":{\"@type\":\"ImageObject\",\"inLanguage\":\"en-CA\",\"@id\":\"https:\/\/phytstore.com\/en\/#\/schema\/logo\/image\/\",\"url\":\"https:\/\/phytstore.com\/wp-content\/uploads\/2020\/03\/logo-phyts-e1585168986207.png\",\"contentUrl\":\"https:\/\/phytstore.com\/wp-content\/uploads\/2020\/03\/logo-phyts-e1585168986207.png\",\"width\":200,\"height\":72,\"caption\":\"Phyt's\"},\"image\":{\"@id\":\"https:\/\/phytstore.com\/en\/#\/schema\/logo\/image\/\"},\"sameAs\":[\"https:\/\/www.facebook.com\/CJMBCosmetiques\/?ref=aymt_homepage_panel\",\"https:\/\/www.instagram.com\/phyts_canada\/\",\"https:\/\/www.linkedin.com\/company\/3337211\/admin\/\",\"https:\/\/www.youtube.com\/channel\/UCEkP009p4XTU5lXjLkaKptA\"]}]}<\/script>\n<!-- \/ Yoast SEO plugin. -->","yoast_head_json":{"title":"100% Organic Toning Body Oil - Tonifying Aroma PHYT'S","description":"With essential oils of Lemon, Rosemary and Sage, this Organic oil combined with a targeted massage tones* skin.* via hydration","robots":{"index":"index","follow":"follow","max-snippet":"max-snippet:-1","max-image-preview":"max-image-preview:large","max-video-preview":"max-video-preview:-1"},"canonical":"https:\/\/phytstore.com\/en\/product\/tonifying-aroma-phyts\/","og_locale":"en_US","og_type":"article","og_title":"100% Organic Toning Body Oil - Tonifying Aroma PHYT'S","og_description":"With essential oils of Lemon, Rosemary and Sage, this Organic oil combined with a targeted massage tones* skin.* via hydration","og_url":"https:\/\/phytstore.com\/en\/product\/tonifying-aroma-phyts\/","og_site_name":"PHYT&#039;S","article_publisher":"https:\/\/www.facebook.com\/CJMBCosmetiques\/?ref=aymt_homepage_panel","article_modified_time":"2024-09-11T10:48:38+00:00","og_image":[{"width":834,"height":834,"url":"https:\/\/phytstore.com\/wp-content\/uploads\/2020\/03\/Aroma-Phyts-Tonifiant.png","type":"image\/png"}],"twitter_card":"summary_large_image","twitter_misc":{"Est. reading time":"1 minute"},"schema":{"@context":"https:\/\/schema.org","@graph":[{"@type":"WebPage","@id":"https:\/\/phytstore.com\/en\/product\/tonifying-aroma-phyts\/","url":"https:\/\/phytstore.com\/en\/product\/tonifying-aroma-phyts\/","name":"100% Organic Toning Body Oil - Tonifying Aroma PHYT'S","isPartOf":{"@id":"https:\/\/phytstore.com\/en\/#website"},"primaryImageOfPage":{"@id":"https:\/\/phytstore.com\/en\/product\/tonifying-aroma-phyts\/#primaryimage"},"image":{"@id":"https:\/\/phytstore.com\/en\/product\/tonifying-aroma-phyts\/#primaryimage"},"thumbnailUrl":"https:\/\/phytstore.com\/wp-content\/uploads\/2020\/03\/Aroma-Phyts-Tonifiant.png","datePublished":"2020-03-28T23:56:28+00:00","dateModified":"2024-09-11T10:48:38+00:00","description":"With essential oils of Lemon, Rosemary and Sage, this Organic oil combined with a targeted massage tones* skin.* via hydration","breadcrumb":{"@id":"https:\/\/phytstore.com\/en\/product\/tonifying-aroma-phyts\/#breadcrumb"},"inLanguage":"en-CA","potentialAction":[{"@type":"ReadAction","target":["https:\/\/phytstore.com\/en\/product\/tonifying-aroma-phyts\/"]}]},{"@type":"ImageObject","inLanguage":"en-CA","@id":"https:\/\/phytstore.com\/en\/product\/tonifying-aroma-phyts\/#primaryimage","url":"https:\/\/phytstore.com\/wp-content\/uploads\/2020\/03\/Aroma-Phyts-Tonifiant.png","contentUrl":"https:\/\/phytstore.com\/wp-content\/uploads\/2020\/03\/Aroma-Phyts-Tonifiant.png","width":834,"height":834},{"@type":"BreadcrumbList","@id":"https:\/\/phytstore.com\/en\/product\/tonifying-aroma-phyts\/#breadcrumb","itemListElement":[{"@type":"ListItem","position":1,"name":"Home","item":"https:\/\/phytstore.com\/en\/"},{"@type":"ListItem","position":2,"name":"Shop","item":"https:\/\/phytstore.com\/en\/shop\/"},{"@type":"ListItem","position":3,"name":"Body","item":"https:\/\/phytstore.com\/en\/organic-body-care\/"},{"@type":"ListItem","position":4,"name":"Heavy Legs","item":"https:\/\/phytstore.com\/en\/organic-body-care\/heavy-legs\/"},{"@type":"ListItem","position":5,"name":"Tonifying Aroma Phyt&rsquo;s"}]},{"@type":"WebSite","@id":"https:\/\/phytstore.com\/en\/#website","url":"https:\/\/phytstore.com\/en\/","name":"PHYT&#039;S","description":"Fabricant et distributeur de soins certifi\u00e9s bio pour instituts de beaut\u00e9, spa et esth\u00e9ticiennes","publisher":{"@id":"https:\/\/phytstore.com\/en\/#organization"},"potentialAction":[{"@type":"SearchAction","target":{"@type":"EntryPoint","urlTemplate":"https:\/\/phytstore.com\/en\/?s={search_term_string}"},"query-input":{"@type":"PropertyValueSpecification","valueRequired":true,"valueName":"search_term_string"}}],"inLanguage":"en-CA"},{"@type":"Organization","@id":"https:\/\/phytstore.com\/en\/#organization","name":"Phyt's","url":"https:\/\/phytstore.com\/en\/","logo":{"@type":"ImageObject","inLanguage":"en-CA","@id":"https:\/\/phytstore.com\/en\/#\/schema\/logo\/image\/","url":"https:\/\/phytstore.com\/wp-content\/uploads\/2020\/03\/logo-phyts-e1585168986207.png","contentUrl":"https:\/\/phytstore.com\/wp-content\/uploads\/2020\/03\/logo-phyts-e1585168986207.png","width":200,"height":72,"caption":"Phyt's"},"image":{"@id":"https:\/\/phytstore.com\/en\/#\/schema\/logo\/image\/"},"sameAs":["https:\/\/www.facebook.com\/CJMBCosmetiques\/?ref=aymt_homepage_panel","https:\/\/www.instagram.com\/phyts_canada\/","https:\/\/www.linkedin.com\/company\/3337211\/admin\/","https:\/\/www.youtube.com\/channel\/UCEkP009p4XTU5lXjLkaKptA"]}]}},"jetpack_sharing_enabled":true,"_links":{"self":[{"href":"https:\/\/phytstore.com\/en\/wp-json\/wp\/v2\/product\/2843","targetHints":{"allow":["GET"]}}],"collection":[{"href":"https:\/\/phytstore.com\/en\/wp-json\/wp\/v2\/product"}],"about":[{"href":"https:\/\/phytstore.com\/en\/wp-json\/wp\/v2\/types\/product"}],"replies":[{"embeddable":true,"href":"https:\/\/phytstore.com\/en\/wp-json\/wp\/v2\/comments?post=2843"}],"wp:featuredmedia":[{"embeddable":true,"href":"https:\/\/phytstore.com\/en\/wp-json\/wp\/v2\/media\/5848"}],"wp:attachment":[{"href":"https:\/\/phytstore.com\/en\/wp-json\/wp\/v2\/media?parent=2843"}],"wp:term":[{"taxonomy":"product_brand","embeddable":true,"href":"https:\/\/phytstore.com\/en\/wp-json\/wp\/v2\/product_brand?post=2843"},{"taxonomy":"product_cat","embeddable":true,"href":"https:\/\/phytstore.com\/en\/wp-json\/wp\/v2\/product_cat?post=2843"},{"taxonomy":"product_tag","embeddable":true,"href":"https:\/\/phytstore.com\/en\/wp-json\/wp\/v2\/product_tag?post=2843"}],"curies":[{"name":"wp","href":"https:\/\/api.w.org\/{rel}","templated":true}]}}