{"id":2837,"date":"2020-03-28T19:56:27","date_gmt":"2020-03-28T23:56:27","guid":{"rendered":"https:\/\/phytstore.com\/produit\/gel-douceur-intime\/"},"modified":"2023-11-21T16:21:42","modified_gmt":"2023-11-21T20:21:42","slug":"gel-douceur-intime","status":"publish","type":"product","link":"https:\/\/phytstore.com\/en\/product\/gentle-intimate-gel\/","title":{"rendered":"Gentle Intimate Gel"},"content":{"rendered":"<p>This Organic intimate gel gently cleanses and leaves a natural sensation of freshness and comfort. The softening properties of Calendula comfort all mucosa including sensitive ones. Its pH, adapted to the physiological pH of the vaginal mucosa, respects this fragile area. The intimate hydration is then restored and regenerated.<\/p>\n<h2><strong>Active Ingredients :<\/strong><\/h2>\n<p>Peppermint*, Calendula*, Lavender*, Tea Tree*, Geranium*, Ho Wood, Cedarwood<br \/>\n<em>* ingredients from Organic Farming<\/em><\/p>\n<h2><strong>How to Apply my Gentle Intimate Gel?<\/strong><\/h2>\n<p>Daily, apply in shower or bath, foam and rinse. External use only.<\/p>\n<p>Discover also the <strong><a href=\"https:\/\/phytstore.com\/en\/product\/freshness-green-tea-deodorant\/\">Freshness Green Tea Deodorant<\/a><\/strong>!<\/p>\n","protected":false},"excerpt":{"rendered":"<p><img loading=\"lazy\" decoding=\"async\" class=\"alignnone size-full wp-image-4921\" src=\"https:\/\/phytstore.com\/wp-content\/uploads\/2020\/03\/Bio-100-Vegan-4.png\" alt=\"\" width=\"274\" height=\"53\" \/><\/p>\n<p>Soft cleansing, comfort &amp; freshness<\/p>\n<p><strong>Skin type :<\/strong> Vaginal mucosa<br \/>\n<strong>Expectations :<\/strong> Cleanses, refreshes, comforts<br \/>\n<strong>Presentation :<\/strong> 100 g tube<\/p>\n","protected":false},"featured_media":2477,"comment_status":"closed","ping_status":"closed","template":"","meta":{"_acf_changed":false,"inline_featured_image":false},"product_brand":[],"product_cat":[92,216,218],"product_tag":[],"class_list":{"0":"post-2837","1":"product","2":"type-product","3":"status-publish","4":"has-post-thumbnail","6":"product_cat-protecteurs-corps-en","7":"product_cat-cleansers","8":"product_cat-targeted-care","10":"first","11":"instock","12":"taxable","13":"shipping-taxable","14":"purchasable","15":"product-type-simple"},"acf":[],"yoast_head":"<!-- This site is optimized with the Yoast SEO plugin v27.4 - https:\/\/yoast.com\/product\/yoast-seo-wordpress\/ -->\n<title>Intimate Cleanser - PHYT&#039;S - 100% natural &amp; organic cosmetics<\/title>\n<meta name=\"description\" content=\"This Organic cleanser gently cleanses and leaves a sensation of freshness. Its physiological pH allows it to respect the balance of the intimate flor.\" \/>\n<meta name=\"robots\" content=\"index, follow, max-snippet:-1, max-image-preview:large, max-video-preview:-1\" \/>\n<link rel=\"canonical\" href=\"https:\/\/phytstore.com\/en\/product\/gentle-intimate-gel\/\" \/>\n<meta property=\"og:locale\" content=\"en_US\" \/>\n<meta property=\"og:type\" content=\"article\" \/>\n<meta property=\"og:title\" content=\"Intimate Cleanser - PHYT&#039;S - 100% natural &amp; organic cosmetics\" \/>\n<meta property=\"og:description\" content=\"This Organic cleanser gently cleanses and leaves a sensation of freshness. Its physiological pH allows it to respect the balance of the intimate flor.\" \/>\n<meta property=\"og:url\" content=\"https:\/\/phytstore.com\/en\/product\/gentle-intimate-gel\/\" \/>\n<meta property=\"og:site_name\" content=\"PHYT&#039;S\" \/>\n<meta property=\"article:publisher\" content=\"https:\/\/www.facebook.com\/CJMBCosmetiques\/?ref=aymt_homepage_panel\" \/>\n<meta property=\"article:modified_time\" content=\"2023-11-21T20:21:42+00:00\" \/>\n<meta property=\"og:image\" content=\"https:\/\/phytstore.com\/wp-content\/uploads\/2020\/03\/gel-douceur-intime.jpg\" \/>\n\t<meta property=\"og:image:width\" content=\"534\" \/>\n\t<meta property=\"og:image:height\" content=\"534\" \/>\n\t<meta property=\"og:image:type\" content=\"image\/jpeg\" \/>\n<meta name=\"twitter:card\" content=\"summary_large_image\" \/>\n<meta name=\"twitter:label1\" content=\"Est. reading time\" \/>\n\t<meta name=\"twitter:data1\" content=\"1 minute\" \/>\n<script type=\"application\/ld+json\" class=\"yoast-schema-graph\">{\"@context\":\"https:\\\/\\\/schema.org\",\"@graph\":[{\"@type\":\"WebPage\",\"@id\":\"https:\\\/\\\/phytstore.com\\\/en\\\/product\\\/gentle-intimate-gel\\\/\",\"url\":\"https:\\\/\\\/phytstore.com\\\/en\\\/product\\\/gentle-intimate-gel\\\/\",\"name\":\"Intimate Cleanser - PHYT&#039;S - 100% natural & organic cosmetics\",\"isPartOf\":{\"@id\":\"https:\\\/\\\/phytstore.com\\\/en\\\/#website\"},\"primaryImageOfPage\":{\"@id\":\"https:\\\/\\\/phytstore.com\\\/en\\\/product\\\/gentle-intimate-gel\\\/#primaryimage\"},\"image\":{\"@id\":\"https:\\\/\\\/phytstore.com\\\/en\\\/product\\\/gentle-intimate-gel\\\/#primaryimage\"},\"thumbnailUrl\":\"https:\\\/\\\/phytstore.com\\\/wp-content\\\/uploads\\\/2020\\\/03\\\/gel-douceur-intime.jpg\",\"datePublished\":\"2020-03-28T23:56:27+00:00\",\"dateModified\":\"2023-11-21T20:21:42+00:00\",\"description\":\"This Organic cleanser gently cleanses and leaves a sensation of freshness. Its physiological pH allows it to respect the balance of the intimate flor.\",\"breadcrumb\":{\"@id\":\"https:\\\/\\\/phytstore.com\\\/en\\\/product\\\/gentle-intimate-gel\\\/#breadcrumb\"},\"inLanguage\":\"en-CA\",\"potentialAction\":[{\"@type\":\"ReadAction\",\"target\":[\"https:\\\/\\\/phytstore.com\\\/en\\\/product\\\/gentle-intimate-gel\\\/\"]}]},{\"@type\":\"ImageObject\",\"inLanguage\":\"en-CA\",\"@id\":\"https:\\\/\\\/phytstore.com\\\/en\\\/product\\\/gentle-intimate-gel\\\/#primaryimage\",\"url\":\"https:\\\/\\\/phytstore.com\\\/wp-content\\\/uploads\\\/2020\\\/03\\\/gel-douceur-intime.jpg\",\"contentUrl\":\"https:\\\/\\\/phytstore.com\\\/wp-content\\\/uploads\\\/2020\\\/03\\\/gel-douceur-intime.jpg\",\"width\":534,\"height\":534,\"caption\":\"gel douceur intime\"},{\"@type\":\"BreadcrumbList\",\"@id\":\"https:\\\/\\\/phytstore.com\\\/en\\\/product\\\/gentle-intimate-gel\\\/#breadcrumb\",\"itemListElement\":[{\"@type\":\"ListItem\",\"position\":1,\"name\":\"Home\",\"item\":\"https:\\\/\\\/phytstore.com\\\/en\\\/\"},{\"@type\":\"ListItem\",\"position\":2,\"name\":\"Shop\",\"item\":\"https:\\\/\\\/phytstore.com\\\/en\\\/shop\\\/\"},{\"@type\":\"ListItem\",\"position\":3,\"name\":\"Body\",\"item\":\"https:\\\/\\\/phytstore.com\\\/en\\\/organic-body-care\\\/\"},{\"@type\":\"ListItem\",\"position\":4,\"name\":\"Natural and Organic Body Cleansers\",\"item\":\"https:\\\/\\\/phytstore.com\\\/en\\\/organic-body-care\\\/organic-cleansers\\\/\"},{\"@type\":\"ListItem\",\"position\":5,\"name\":\"Gentle Intimate Gel\"}]},{\"@type\":\"WebSite\",\"@id\":\"https:\\\/\\\/phytstore.com\\\/en\\\/#website\",\"url\":\"https:\\\/\\\/phytstore.com\\\/en\\\/\",\"name\":\"PHYT&#039;S\",\"description\":\"Fabricant et distributeur de soins certifi\u00e9s bio pour instituts de beaut\u00e9, spa et esth\u00e9ticiennes\",\"publisher\":{\"@id\":\"https:\\\/\\\/phytstore.com\\\/en\\\/#organization\"},\"potentialAction\":[{\"@type\":\"SearchAction\",\"target\":{\"@type\":\"EntryPoint\",\"urlTemplate\":\"https:\\\/\\\/phytstore.com\\\/en\\\/?s={search_term_string}\"},\"query-input\":{\"@type\":\"PropertyValueSpecification\",\"valueRequired\":true,\"valueName\":\"search_term_string\"}}],\"inLanguage\":\"en-CA\"},{\"@type\":\"Organization\",\"@id\":\"https:\\\/\\\/phytstore.com\\\/en\\\/#organization\",\"name\":\"Phyt's\",\"url\":\"https:\\\/\\\/phytstore.com\\\/en\\\/\",\"logo\":{\"@type\":\"ImageObject\",\"inLanguage\":\"en-CA\",\"@id\":\"https:\\\/\\\/phytstore.com\\\/en\\\/#\\\/schema\\\/logo\\\/image\\\/\",\"url\":\"https:\\\/\\\/phytstore.com\\\/wp-content\\\/uploads\\\/2020\\\/03\\\/logo-phyts-e1585168986207.png\",\"contentUrl\":\"https:\\\/\\\/phytstore.com\\\/wp-content\\\/uploads\\\/2020\\\/03\\\/logo-phyts-e1585168986207.png\",\"width\":200,\"height\":72,\"caption\":\"Phyt's\"},\"image\":{\"@id\":\"https:\\\/\\\/phytstore.com\\\/en\\\/#\\\/schema\\\/logo\\\/image\\\/\"},\"sameAs\":[\"https:\\\/\\\/www.facebook.com\\\/CJMBCosmetiques\\\/?ref=aymt_homepage_panel\",\"https:\\\/\\\/www.instagram.com\\\/phyts_canada\\\/\",\"https:\\\/\\\/www.linkedin.com\\\/company\\\/3337211\\\/admin\\\/\",\"https:\\\/\\\/www.youtube.com\\\/channel\\\/UCEkP009p4XTU5lXjLkaKptA\"]}]}<\/script>\n<!-- \/ Yoast SEO plugin. -->","yoast_head_json":{"title":"Intimate Cleanser - PHYT&#039;S - 100% natural & organic cosmetics","description":"This Organic cleanser gently cleanses and leaves a sensation of freshness. Its physiological pH allows it to respect the balance of the intimate flor.","robots":{"index":"index","follow":"follow","max-snippet":"max-snippet:-1","max-image-preview":"max-image-preview:large","max-video-preview":"max-video-preview:-1"},"canonical":"https:\/\/phytstore.com\/en\/product\/gentle-intimate-gel\/","og_locale":"en_US","og_type":"article","og_title":"Intimate Cleanser - PHYT&#039;S - 100% natural & organic cosmetics","og_description":"This Organic cleanser gently cleanses and leaves a sensation of freshness. Its physiological pH allows it to respect the balance of the intimate flor.","og_url":"https:\/\/phytstore.com\/en\/product\/gentle-intimate-gel\/","og_site_name":"PHYT&#039;S","article_publisher":"https:\/\/www.facebook.com\/CJMBCosmetiques\/?ref=aymt_homepage_panel","article_modified_time":"2023-11-21T20:21:42+00:00","og_image":[{"width":534,"height":534,"url":"https:\/\/phytstore.com\/wp-content\/uploads\/2020\/03\/gel-douceur-intime.jpg","type":"image\/jpeg"}],"twitter_card":"summary_large_image","twitter_misc":{"Est. reading time":"1 minute"},"schema":{"@context":"https:\/\/schema.org","@graph":[{"@type":"WebPage","@id":"https:\/\/phytstore.com\/en\/product\/gentle-intimate-gel\/","url":"https:\/\/phytstore.com\/en\/product\/gentle-intimate-gel\/","name":"Intimate Cleanser - PHYT&#039;S - 100% natural & organic cosmetics","isPartOf":{"@id":"https:\/\/phytstore.com\/en\/#website"},"primaryImageOfPage":{"@id":"https:\/\/phytstore.com\/en\/product\/gentle-intimate-gel\/#primaryimage"},"image":{"@id":"https:\/\/phytstore.com\/en\/product\/gentle-intimate-gel\/#primaryimage"},"thumbnailUrl":"https:\/\/phytstore.com\/wp-content\/uploads\/2020\/03\/gel-douceur-intime.jpg","datePublished":"2020-03-28T23:56:27+00:00","dateModified":"2023-11-21T20:21:42+00:00","description":"This Organic cleanser gently cleanses and leaves a sensation of freshness. Its physiological pH allows it to respect the balance of the intimate flor.","breadcrumb":{"@id":"https:\/\/phytstore.com\/en\/product\/gentle-intimate-gel\/#breadcrumb"},"inLanguage":"en-CA","potentialAction":[{"@type":"ReadAction","target":["https:\/\/phytstore.com\/en\/product\/gentle-intimate-gel\/"]}]},{"@type":"ImageObject","inLanguage":"en-CA","@id":"https:\/\/phytstore.com\/en\/product\/gentle-intimate-gel\/#primaryimage","url":"https:\/\/phytstore.com\/wp-content\/uploads\/2020\/03\/gel-douceur-intime.jpg","contentUrl":"https:\/\/phytstore.com\/wp-content\/uploads\/2020\/03\/gel-douceur-intime.jpg","width":534,"height":534,"caption":"gel douceur intime"},{"@type":"BreadcrumbList","@id":"https:\/\/phytstore.com\/en\/product\/gentle-intimate-gel\/#breadcrumb","itemListElement":[{"@type":"ListItem","position":1,"name":"Home","item":"https:\/\/phytstore.com\/en\/"},{"@type":"ListItem","position":2,"name":"Shop","item":"https:\/\/phytstore.com\/en\/shop\/"},{"@type":"ListItem","position":3,"name":"Body","item":"https:\/\/phytstore.com\/en\/organic-body-care\/"},{"@type":"ListItem","position":4,"name":"Natural and Organic Body Cleansers","item":"https:\/\/phytstore.com\/en\/organic-body-care\/organic-cleansers\/"},{"@type":"ListItem","position":5,"name":"Gentle Intimate Gel"}]},{"@type":"WebSite","@id":"https:\/\/phytstore.com\/en\/#website","url":"https:\/\/phytstore.com\/en\/","name":"PHYT&#039;S","description":"Fabricant et distributeur de soins certifi\u00e9s bio pour instituts de beaut\u00e9, spa et esth\u00e9ticiennes","publisher":{"@id":"https:\/\/phytstore.com\/en\/#organization"},"potentialAction":[{"@type":"SearchAction","target":{"@type":"EntryPoint","urlTemplate":"https:\/\/phytstore.com\/en\/?s={search_term_string}"},"query-input":{"@type":"PropertyValueSpecification","valueRequired":true,"valueName":"search_term_string"}}],"inLanguage":"en-CA"},{"@type":"Organization","@id":"https:\/\/phytstore.com\/en\/#organization","name":"Phyt's","url":"https:\/\/phytstore.com\/en\/","logo":{"@type":"ImageObject","inLanguage":"en-CA","@id":"https:\/\/phytstore.com\/en\/#\/schema\/logo\/image\/","url":"https:\/\/phytstore.com\/wp-content\/uploads\/2020\/03\/logo-phyts-e1585168986207.png","contentUrl":"https:\/\/phytstore.com\/wp-content\/uploads\/2020\/03\/logo-phyts-e1585168986207.png","width":200,"height":72,"caption":"Phyt's"},"image":{"@id":"https:\/\/phytstore.com\/en\/#\/schema\/logo\/image\/"},"sameAs":["https:\/\/www.facebook.com\/CJMBCosmetiques\/?ref=aymt_homepage_panel","https:\/\/www.instagram.com\/phyts_canada\/","https:\/\/www.linkedin.com\/company\/3337211\/admin\/","https:\/\/www.youtube.com\/channel\/UCEkP009p4XTU5lXjLkaKptA"]}]}},"jetpack_sharing_enabled":true,"_links":{"self":[{"href":"https:\/\/phytstore.com\/en\/wp-json\/wp\/v2\/product\/2837","targetHints":{"allow":["GET"]}}],"collection":[{"href":"https:\/\/phytstore.com\/en\/wp-json\/wp\/v2\/product"}],"about":[{"href":"https:\/\/phytstore.com\/en\/wp-json\/wp\/v2\/types\/product"}],"replies":[{"embeddable":true,"href":"https:\/\/phytstore.com\/en\/wp-json\/wp\/v2\/comments?post=2837"}],"wp:featuredmedia":[{"embeddable":true,"href":"https:\/\/phytstore.com\/en\/wp-json\/wp\/v2\/media\/2477"}],"wp:attachment":[{"href":"https:\/\/phytstore.com\/en\/wp-json\/wp\/v2\/media?parent=2837"}],"wp:term":[{"taxonomy":"product_brand","embeddable":true,"href":"https:\/\/phytstore.com\/en\/wp-json\/wp\/v2\/product_brand?post=2837"},{"taxonomy":"product_cat","embeddable":true,"href":"https:\/\/phytstore.com\/en\/wp-json\/wp\/v2\/product_cat?post=2837"},{"taxonomy":"product_tag","embeddable":true,"href":"https:\/\/phytstore.com\/en\/wp-json\/wp\/v2\/product_tag?post=2837"}],"curies":[{"name":"wp","href":"https:\/\/api.w.org\/{rel}","templated":true}]}}