{"id":2831,"date":"2020-03-28T19:56:27","date_gmt":"2020-03-28T23:56:27","guid":{"rendered":"https:\/\/phytstore.com\/produit\/deodorant-fraicheur-the-vert\/"},"modified":"2023-11-21T15:08:25","modified_gmt":"2023-11-21T19:08:25","slug":"deodorant-fraicheur-the-vert","status":"publish","type":"product","link":"https:\/\/phytstore.com\/en\/product\/freshness-green-tea-deodorant\/","title":{"rendered":"Green Tea Freshness Deodorant"},"content":{"rendered":"<p>This Organic deodorant neutralizes odors and refreshes, thanks to the Green Tea notes, while respecting the skin. In addition, it respects the physiological process of sweating, since it doesn&#8217;t contain Aluminum Salts or Alum Stone.<\/p>\n<h2><strong>Active Ingredients :<\/strong><\/h2>\n<p>Deodorant natural active ingredient obtained by Corn starch fermentation, Mallow*, Aloe Vera*<br \/>\n<em>* ingredients from Organic Farming<\/em><\/p>\n<h2><strong>How to Apply my Green Tea Freshness Deodorant?<\/strong><\/h2>\n<p>Daily use. Apply on clean and dry skin after shower and\/or at any time of the day for a fresh feeling.<\/p>\n","protected":false},"excerpt":{"rendered":"<p><img loading=\"lazy\" decoding=\"async\" class=\"alignnone size-full wp-image-4921\" src=\"https:\/\/phytstore.com\/wp-content\/uploads\/2020\/03\/Bio-100-Vegan-4.png\" alt=\"\" width=\"274\" height=\"53\" \/><\/p>\n<p>Roll&#8217;On &#8211; Aluminum salts or alum stone free<\/p>\n<p><strong>Skin type :<\/strong> All skin types (even the most sensitive)<br \/>\n<strong>Expectations :<\/strong> Refreshes, neutralizes, respects<br \/>\n<strong>Presentation :<\/strong> 50 ml Roll-On<\/p>\n","protected":false},"featured_media":2468,"comment_status":"closed","ping_status":"closed","template":"","meta":{"_acf_changed":false,"inline_featured_image":false},"product_brand":[],"product_cat":[92,208],"product_tag":[],"class_list":{"0":"post-2831","1":"product","2":"type-product","3":"status-publish","4":"has-post-thumbnail","6":"product_cat-protecteurs-corps-en","7":"product_cat-deodorants","9":"first","10":"instock","11":"taxable","12":"shipping-taxable","13":"purchasable","14":"product-type-simple"},"acf":[],"yoast_head":"<!-- This site is optimized with the Yoast SEO plugin v27.1.1 - https:\/\/yoast.com\/product\/yoast-seo-wordpress\/ -->\n<title>Organic deodorant - PHYT&#039;S - natural &amp; organic cosmetics<\/title>\n<meta name=\"description\" content=\"This Organic deodorant neutralises odors, refreshes thanks to the green tea scent and respects the skin. Doesn\u2019t contain aluminum salts or alum stone.\" \/>\n<meta name=\"robots\" content=\"index, follow, max-snippet:-1, max-image-preview:large, max-video-preview:-1\" \/>\n<link rel=\"canonical\" href=\"https:\/\/phytstore.com\/en\/product\/freshness-green-tea-deodorant\/\" \/>\n<meta property=\"og:locale\" content=\"en_US\" \/>\n<meta property=\"og:type\" content=\"article\" \/>\n<meta property=\"og:title\" content=\"Organic deodorant - PHYT&#039;S - natural &amp; organic cosmetics\" \/>\n<meta property=\"og:description\" content=\"This Organic deodorant neutralises odors, refreshes thanks to the green tea scent and respects the skin. Doesn\u2019t contain aluminum salts or alum stone.\" \/>\n<meta property=\"og:url\" content=\"https:\/\/phytstore.com\/en\/product\/freshness-green-tea-deodorant\/\" \/>\n<meta property=\"og:site_name\" content=\"PHYT&#039;S\" \/>\n<meta property=\"article:publisher\" content=\"https:\/\/www.facebook.com\/CJMBCosmetiques\/?ref=aymt_homepage_panel\" \/>\n<meta property=\"article:modified_time\" content=\"2023-11-21T19:08:25+00:00\" \/>\n<meta property=\"og:image\" content=\"https:\/\/phytstore.com\/wp-content\/uploads\/2020\/03\/d\u00e9o-rollon.jpg\" \/>\n\t<meta property=\"og:image:width\" content=\"534\" \/>\n\t<meta property=\"og:image:height\" content=\"534\" \/>\n\t<meta property=\"og:image:type\" content=\"image\/jpeg\" \/>\n<meta name=\"twitter:card\" content=\"summary_large_image\" \/>\n<meta name=\"twitter:label1\" content=\"Est. reading time\" \/>\n\t<meta name=\"twitter:data1\" content=\"1 minute\" \/>\n<script type=\"application\/ld+json\" class=\"yoast-schema-graph\">{\"@context\":\"https:\/\/schema.org\",\"@graph\":[{\"@type\":\"WebPage\",\"@id\":\"https:\/\/phytstore.com\/en\/product\/freshness-green-tea-deodorant\/\",\"url\":\"https:\/\/phytstore.com\/en\/product\/freshness-green-tea-deodorant\/\",\"name\":\"Organic deodorant - PHYT&#039;S - natural & organic cosmetics\",\"isPartOf\":{\"@id\":\"https:\/\/phytstore.com\/en\/#website\"},\"primaryImageOfPage\":{\"@id\":\"https:\/\/phytstore.com\/en\/product\/freshness-green-tea-deodorant\/#primaryimage\"},\"image\":{\"@id\":\"https:\/\/phytstore.com\/en\/product\/freshness-green-tea-deodorant\/#primaryimage\"},\"thumbnailUrl\":\"https:\/\/phytstore.com\/wp-content\/uploads\/2020\/03\/d\u00e9o-rollon.jpg\",\"datePublished\":\"2020-03-28T23:56:27+00:00\",\"dateModified\":\"2023-11-21T19:08:25+00:00\",\"description\":\"This Organic deodorant neutralises odors, refreshes thanks to the green tea scent and respects the skin. Doesn\u2019t contain aluminum salts or alum stone.\",\"breadcrumb\":{\"@id\":\"https:\/\/phytstore.com\/en\/product\/freshness-green-tea-deodorant\/#breadcrumb\"},\"inLanguage\":\"en-CA\",\"potentialAction\":[{\"@type\":\"ReadAction\",\"target\":[\"https:\/\/phytstore.com\/en\/product\/freshness-green-tea-deodorant\/\"]}]},{\"@type\":\"ImageObject\",\"inLanguage\":\"en-CA\",\"@id\":\"https:\/\/phytstore.com\/en\/product\/freshness-green-tea-deodorant\/#primaryimage\",\"url\":\"https:\/\/phytstore.com\/wp-content\/uploads\/2020\/03\/d\u00e9o-rollon.jpg\",\"contentUrl\":\"https:\/\/phytstore.com\/wp-content\/uploads\/2020\/03\/d\u00e9o-rollon.jpg\",\"width\":534,\"height\":534,\"caption\":\"d\u00e9o roll'on\"},{\"@type\":\"BreadcrumbList\",\"@id\":\"https:\/\/phytstore.com\/en\/product\/freshness-green-tea-deodorant\/#breadcrumb\",\"itemListElement\":[{\"@type\":\"ListItem\",\"position\":1,\"name\":\"Home\",\"item\":\"https:\/\/phytstore.com\/en\/\"},{\"@type\":\"ListItem\",\"position\":2,\"name\":\"Shop\",\"item\":\"https:\/\/phytstore.com\/en\/shop\/\"},{\"@type\":\"ListItem\",\"position\":3,\"name\":\"Body\",\"item\":\"https:\/\/phytstore.com\/en\/organic-body-care\/\"},{\"@type\":\"ListItem\",\"position\":4,\"name\":\"Deodorants\",\"item\":\"https:\/\/phytstore.com\/en\/organic-body-care\/organic-deodorant\/\"},{\"@type\":\"ListItem\",\"position\":5,\"name\":\"Green Tea Freshness Deodorant\"}]},{\"@type\":\"WebSite\",\"@id\":\"https:\/\/phytstore.com\/en\/#website\",\"url\":\"https:\/\/phytstore.com\/en\/\",\"name\":\"PHYT&#039;S\",\"description\":\"Fabricant et distributeur de soins certifi\u00e9s bio pour instituts de beaut\u00e9, spa et esth\u00e9ticiennes\",\"publisher\":{\"@id\":\"https:\/\/phytstore.com\/en\/#organization\"},\"potentialAction\":[{\"@type\":\"SearchAction\",\"target\":{\"@type\":\"EntryPoint\",\"urlTemplate\":\"https:\/\/phytstore.com\/en\/?s={search_term_string}\"},\"query-input\":{\"@type\":\"PropertyValueSpecification\",\"valueRequired\":true,\"valueName\":\"search_term_string\"}}],\"inLanguage\":\"en-CA\"},{\"@type\":\"Organization\",\"@id\":\"https:\/\/phytstore.com\/en\/#organization\",\"name\":\"Phyt's\",\"url\":\"https:\/\/phytstore.com\/en\/\",\"logo\":{\"@type\":\"ImageObject\",\"inLanguage\":\"en-CA\",\"@id\":\"https:\/\/phytstore.com\/en\/#\/schema\/logo\/image\/\",\"url\":\"https:\/\/phytstore.com\/wp-content\/uploads\/2020\/03\/logo-phyts-e1585168986207.png\",\"contentUrl\":\"https:\/\/phytstore.com\/wp-content\/uploads\/2020\/03\/logo-phyts-e1585168986207.png\",\"width\":200,\"height\":72,\"caption\":\"Phyt's\"},\"image\":{\"@id\":\"https:\/\/phytstore.com\/en\/#\/schema\/logo\/image\/\"},\"sameAs\":[\"https:\/\/www.facebook.com\/CJMBCosmetiques\/?ref=aymt_homepage_panel\",\"https:\/\/www.instagram.com\/phyts_canada\/\",\"https:\/\/www.linkedin.com\/company\/3337211\/admin\/\",\"https:\/\/www.youtube.com\/channel\/UCEkP009p4XTU5lXjLkaKptA\"]}]}<\/script>\n<!-- \/ Yoast SEO plugin. -->","yoast_head_json":{"title":"Organic deodorant - PHYT&#039;S - natural & organic cosmetics","description":"This Organic deodorant neutralises odors, refreshes thanks to the green tea scent and respects the skin. Doesn\u2019t contain aluminum salts or alum stone.","robots":{"index":"index","follow":"follow","max-snippet":"max-snippet:-1","max-image-preview":"max-image-preview:large","max-video-preview":"max-video-preview:-1"},"canonical":"https:\/\/phytstore.com\/en\/product\/freshness-green-tea-deodorant\/","og_locale":"en_US","og_type":"article","og_title":"Organic deodorant - PHYT&#039;S - natural & organic cosmetics","og_description":"This Organic deodorant neutralises odors, refreshes thanks to the green tea scent and respects the skin. Doesn\u2019t contain aluminum salts or alum stone.","og_url":"https:\/\/phytstore.com\/en\/product\/freshness-green-tea-deodorant\/","og_site_name":"PHYT&#039;S","article_publisher":"https:\/\/www.facebook.com\/CJMBCosmetiques\/?ref=aymt_homepage_panel","article_modified_time":"2023-11-21T19:08:25+00:00","og_image":[{"width":534,"height":534,"url":"https:\/\/phytstore.com\/wp-content\/uploads\/2020\/03\/d\u00e9o-rollon.jpg","type":"image\/jpeg"}],"twitter_card":"summary_large_image","twitter_misc":{"Est. reading time":"1 minute"},"schema":{"@context":"https:\/\/schema.org","@graph":[{"@type":"WebPage","@id":"https:\/\/phytstore.com\/en\/product\/freshness-green-tea-deodorant\/","url":"https:\/\/phytstore.com\/en\/product\/freshness-green-tea-deodorant\/","name":"Organic deodorant - PHYT&#039;S - natural & organic cosmetics","isPartOf":{"@id":"https:\/\/phytstore.com\/en\/#website"},"primaryImageOfPage":{"@id":"https:\/\/phytstore.com\/en\/product\/freshness-green-tea-deodorant\/#primaryimage"},"image":{"@id":"https:\/\/phytstore.com\/en\/product\/freshness-green-tea-deodorant\/#primaryimage"},"thumbnailUrl":"https:\/\/phytstore.com\/wp-content\/uploads\/2020\/03\/d\u00e9o-rollon.jpg","datePublished":"2020-03-28T23:56:27+00:00","dateModified":"2023-11-21T19:08:25+00:00","description":"This Organic deodorant neutralises odors, refreshes thanks to the green tea scent and respects the skin. Doesn\u2019t contain aluminum salts or alum stone.","breadcrumb":{"@id":"https:\/\/phytstore.com\/en\/product\/freshness-green-tea-deodorant\/#breadcrumb"},"inLanguage":"en-CA","potentialAction":[{"@type":"ReadAction","target":["https:\/\/phytstore.com\/en\/product\/freshness-green-tea-deodorant\/"]}]},{"@type":"ImageObject","inLanguage":"en-CA","@id":"https:\/\/phytstore.com\/en\/product\/freshness-green-tea-deodorant\/#primaryimage","url":"https:\/\/phytstore.com\/wp-content\/uploads\/2020\/03\/d\u00e9o-rollon.jpg","contentUrl":"https:\/\/phytstore.com\/wp-content\/uploads\/2020\/03\/d\u00e9o-rollon.jpg","width":534,"height":534,"caption":"d\u00e9o roll'on"},{"@type":"BreadcrumbList","@id":"https:\/\/phytstore.com\/en\/product\/freshness-green-tea-deodorant\/#breadcrumb","itemListElement":[{"@type":"ListItem","position":1,"name":"Home","item":"https:\/\/phytstore.com\/en\/"},{"@type":"ListItem","position":2,"name":"Shop","item":"https:\/\/phytstore.com\/en\/shop\/"},{"@type":"ListItem","position":3,"name":"Body","item":"https:\/\/phytstore.com\/en\/organic-body-care\/"},{"@type":"ListItem","position":4,"name":"Deodorants","item":"https:\/\/phytstore.com\/en\/organic-body-care\/organic-deodorant\/"},{"@type":"ListItem","position":5,"name":"Green Tea Freshness Deodorant"}]},{"@type":"WebSite","@id":"https:\/\/phytstore.com\/en\/#website","url":"https:\/\/phytstore.com\/en\/","name":"PHYT&#039;S","description":"Fabricant et distributeur de soins certifi\u00e9s bio pour instituts de beaut\u00e9, spa et esth\u00e9ticiennes","publisher":{"@id":"https:\/\/phytstore.com\/en\/#organization"},"potentialAction":[{"@type":"SearchAction","target":{"@type":"EntryPoint","urlTemplate":"https:\/\/phytstore.com\/en\/?s={search_term_string}"},"query-input":{"@type":"PropertyValueSpecification","valueRequired":true,"valueName":"search_term_string"}}],"inLanguage":"en-CA"},{"@type":"Organization","@id":"https:\/\/phytstore.com\/en\/#organization","name":"Phyt's","url":"https:\/\/phytstore.com\/en\/","logo":{"@type":"ImageObject","inLanguage":"en-CA","@id":"https:\/\/phytstore.com\/en\/#\/schema\/logo\/image\/","url":"https:\/\/phytstore.com\/wp-content\/uploads\/2020\/03\/logo-phyts-e1585168986207.png","contentUrl":"https:\/\/phytstore.com\/wp-content\/uploads\/2020\/03\/logo-phyts-e1585168986207.png","width":200,"height":72,"caption":"Phyt's"},"image":{"@id":"https:\/\/phytstore.com\/en\/#\/schema\/logo\/image\/"},"sameAs":["https:\/\/www.facebook.com\/CJMBCosmetiques\/?ref=aymt_homepage_panel","https:\/\/www.instagram.com\/phyts_canada\/","https:\/\/www.linkedin.com\/company\/3337211\/admin\/","https:\/\/www.youtube.com\/channel\/UCEkP009p4XTU5lXjLkaKptA"]}]}},"jetpack_sharing_enabled":true,"_links":{"self":[{"href":"https:\/\/phytstore.com\/en\/wp-json\/wp\/v2\/product\/2831","targetHints":{"allow":["GET"]}}],"collection":[{"href":"https:\/\/phytstore.com\/en\/wp-json\/wp\/v2\/product"}],"about":[{"href":"https:\/\/phytstore.com\/en\/wp-json\/wp\/v2\/types\/product"}],"replies":[{"embeddable":true,"href":"https:\/\/phytstore.com\/en\/wp-json\/wp\/v2\/comments?post=2831"}],"wp:featuredmedia":[{"embeddable":true,"href":"https:\/\/phytstore.com\/en\/wp-json\/wp\/v2\/media\/2468"}],"wp:attachment":[{"href":"https:\/\/phytstore.com\/en\/wp-json\/wp\/v2\/media?parent=2831"}],"wp:term":[{"taxonomy":"product_brand","embeddable":true,"href":"https:\/\/phytstore.com\/en\/wp-json\/wp\/v2\/product_brand?post=2831"},{"taxonomy":"product_cat","embeddable":true,"href":"https:\/\/phytstore.com\/en\/wp-json\/wp\/v2\/product_cat?post=2831"},{"taxonomy":"product_tag","embeddable":true,"href":"https:\/\/phytstore.com\/en\/wp-json\/wp\/v2\/product_tag?post=2831"}],"curies":[{"name":"wp","href":"https:\/\/api.w.org\/{rel}","templated":true}]}}