{"id":2829,"date":"2020-03-28T19:56:27","date_gmt":"2020-03-28T23:56:27","guid":{"rendered":"https:\/\/phytstore.com\/produit\/post-epil\/"},"modified":"2022-03-07T14:41:30","modified_gmt":"2022-03-07T18:41:30","slug":"post-epil","status":"publish","type":"product","link":"https:\/\/phytstore.com\/en\/product\/post-depil-spray\/","title":{"rendered":"Post-Depil"},"content":{"rendered":"<p><span lang=\"en\">This Organic post-depilatory spray refreshes, comforts and respects the skin after hair removal, thanks to Peppermint and Lavender. Alcohol-free. Use without moderation!<\/span><\/p>\n<p><strong>Active ingredients :<\/strong><br \/>\nPeppermint*, Lavender*<br \/>\n<em>* ingredients from Organic Farming<\/em><\/p>\n<p><strong>Application :<\/strong><br \/>\nShake before use. Then, after hair removal, spray on, whichever removal method used, and however big the area treated.<br \/>\n<strong>Tips :<\/strong> For more effective hair removal, exfoliate your skin once or twice a week using the<strong> <a href=\"https:\/\/phytstore.com\/produit\/gommage-corporel\/\">Body Exfoliating Foaming Gel<\/a><\/strong>. In addition, after waxing, apply also a body moisturizer (per exemple the <strong><a href=\"https:\/\/phytstore.com\/produit\/douceur-fleurie\/\">Jasmine Moisturizing Milk<\/a>\u00a0<\/strong>or the <strong><a href=\"https:\/\/phytstore.com\/produit\/creme-corps\/\">Body Cream<\/a><\/strong>).<\/p>\n","protected":false},"excerpt":{"rendered":"<p><img loading=\"lazy\" decoding=\"async\" class=\"alignnone size-full wp-image-4921\" src=\"https:\/\/phytstore.com\/wp-content\/uploads\/2020\/03\/Bio-100-Vegan-4.png\" alt=\"\" width=\"274\" height=\"53\" \/><\/p>\n<p>Post Depilatory Spray<\/p>\n<p><strong>Skin type :<\/strong> All skin types (even the most sensitive)<br \/>\n<strong>Expectations :<\/strong> Comforts, refreshes<br \/>\n<strong>Presentation :<\/strong> 100 ml Spray<\/p>\n","protected":false},"featured_media":2470,"comment_status":"closed","ping_status":"closed","template":"","meta":{"_acf_changed":false,"inline_featured_image":false},"product_brand":[],"product_cat":[92,201,218,239,243],"product_tag":[],"class_list":{"0":"post-2829","1":"product","2":"type-product","3":"status-publish","4":"has-post-thumbnail","6":"product_cat-protecteurs-corps-en","7":"product_cat-dryness-tightness-and-or-irritation","8":"product_cat-targeted-care","9":"product_cat-sensitivity-redness","10":"product_cat-after-shave","12":"first","13":"instock","14":"taxable","15":"shipping-taxable","16":"purchasable","17":"product-type-simple"},"acf":[],"yoast_head":"<!-- This site is optimized with the Yoast SEO plugin v27.1.1 - https:\/\/yoast.com\/product\/yoast-seo-wordpress\/ -->\n<title>Post-Epil - PHYT&#039;S - 100% natural &amp; organic cosmetics<\/title>\n<meta name=\"description\" content=\"Organic post-depilation spray care. Thanks to Lavander, Peppermint, Post-Epil refreshes, soothes and respects the dry skin. Alcohol free.\" \/>\n<meta name=\"robots\" content=\"index, follow, max-snippet:-1, max-image-preview:large, max-video-preview:-1\" \/>\n<link rel=\"canonical\" href=\"https:\/\/phytstore.com\/en\/product\/post-depil-spray\/\" \/>\n<meta property=\"og:locale\" content=\"en_US\" \/>\n<meta property=\"og:type\" content=\"article\" \/>\n<meta property=\"og:title\" content=\"Post-Epil - PHYT&#039;S - 100% natural &amp; organic cosmetics\" \/>\n<meta property=\"og:description\" content=\"Organic post-depilation spray care. Thanks to Lavander, Peppermint, Post-Epil refreshes, soothes and respects the dry skin. Alcohol free.\" \/>\n<meta property=\"og:url\" content=\"https:\/\/phytstore.com\/en\/product\/post-depil-spray\/\" \/>\n<meta property=\"og:site_name\" content=\"PHYT&#039;S\" \/>\n<meta property=\"article:publisher\" content=\"https:\/\/www.facebook.com\/CJMBCosmetiques\/?ref=aymt_homepage_panel\" \/>\n<meta property=\"article:modified_time\" content=\"2022-03-07T18:41:30+00:00\" \/>\n<meta property=\"og:image\" content=\"https:\/\/phytstore.com\/wp-content\/uploads\/2020\/03\/post-epil.jpg\" \/>\n\t<meta property=\"og:image:width\" content=\"534\" \/>\n\t<meta property=\"og:image:height\" content=\"534\" \/>\n\t<meta property=\"og:image:type\" content=\"image\/jpeg\" \/>\n<meta name=\"twitter:card\" content=\"summary_large_image\" \/>\n<meta name=\"twitter:label1\" content=\"Est. reading time\" \/>\n\t<meta name=\"twitter:data1\" content=\"1 minute\" \/>\n<script type=\"application\/ld+json\" class=\"yoast-schema-graph\">{\"@context\":\"https:\/\/schema.org\",\"@graph\":[{\"@type\":\"WebPage\",\"@id\":\"https:\/\/phytstore.com\/en\/product\/post-depil-spray\/\",\"url\":\"https:\/\/phytstore.com\/en\/product\/post-depil-spray\/\",\"name\":\"Post-Epil - PHYT&#039;S - 100% natural & organic cosmetics\",\"isPartOf\":{\"@id\":\"https:\/\/phytstore.com\/en\/#website\"},\"primaryImageOfPage\":{\"@id\":\"https:\/\/phytstore.com\/en\/product\/post-depil-spray\/#primaryimage\"},\"image\":{\"@id\":\"https:\/\/phytstore.com\/en\/product\/post-depil-spray\/#primaryimage\"},\"thumbnailUrl\":\"https:\/\/phytstore.com\/wp-content\/uploads\/2020\/03\/post-epil.jpg\",\"datePublished\":\"2020-03-28T23:56:27+00:00\",\"dateModified\":\"2022-03-07T18:41:30+00:00\",\"description\":\"Organic post-depilation spray care. Thanks to Lavander, Peppermint, Post-Epil refreshes, soothes and respects the dry skin. Alcohol free.\",\"breadcrumb\":{\"@id\":\"https:\/\/phytstore.com\/en\/product\/post-depil-spray\/#breadcrumb\"},\"inLanguage\":\"en-CA\",\"potentialAction\":[{\"@type\":\"ReadAction\",\"target\":[\"https:\/\/phytstore.com\/en\/product\/post-depil-spray\/\"]}]},{\"@type\":\"ImageObject\",\"inLanguage\":\"en-CA\",\"@id\":\"https:\/\/phytstore.com\/en\/product\/post-depil-spray\/#primaryimage\",\"url\":\"https:\/\/phytstore.com\/wp-content\/uploads\/2020\/03\/post-epil.jpg\",\"contentUrl\":\"https:\/\/phytstore.com\/wp-content\/uploads\/2020\/03\/post-epil.jpg\",\"width\":534,\"height\":534,\"caption\":\"post-epil\"},{\"@type\":\"BreadcrumbList\",\"@id\":\"https:\/\/phytstore.com\/en\/product\/post-depil-spray\/#breadcrumb\",\"itemListElement\":[{\"@type\":\"ListItem\",\"position\":1,\"name\":\"Home\",\"item\":\"https:\/\/phytstore.com\/en\/\"},{\"@type\":\"ListItem\",\"position\":2,\"name\":\"Shop\",\"item\":\"https:\/\/phytstore.com\/en\/shop\/\"},{\"@type\":\"ListItem\",\"position\":3,\"name\":\"Body\",\"item\":\"https:\/\/phytstore.com\/en\/organic-body-care\/\"},{\"@type\":\"ListItem\",\"position\":4,\"name\":\"Dryness, Tightness and\/or Irritation\",\"item\":\"https:\/\/phytstore.com\/en\/organic-body-care\/dryness-tightness-and-or-irritation\/\"},{\"@type\":\"ListItem\",\"position\":5,\"name\":\"Post-Depil\"}]},{\"@type\":\"WebSite\",\"@id\":\"https:\/\/phytstore.com\/en\/#website\",\"url\":\"https:\/\/phytstore.com\/en\/\",\"name\":\"PHYT&#039;S\",\"description\":\"Fabricant et distributeur de soins certifi\u00e9s bio pour instituts de beaut\u00e9, spa et esth\u00e9ticiennes\",\"publisher\":{\"@id\":\"https:\/\/phytstore.com\/en\/#organization\"},\"potentialAction\":[{\"@type\":\"SearchAction\",\"target\":{\"@type\":\"EntryPoint\",\"urlTemplate\":\"https:\/\/phytstore.com\/en\/?s={search_term_string}\"},\"query-input\":{\"@type\":\"PropertyValueSpecification\",\"valueRequired\":true,\"valueName\":\"search_term_string\"}}],\"inLanguage\":\"en-CA\"},{\"@type\":\"Organization\",\"@id\":\"https:\/\/phytstore.com\/en\/#organization\",\"name\":\"Phyt's\",\"url\":\"https:\/\/phytstore.com\/en\/\",\"logo\":{\"@type\":\"ImageObject\",\"inLanguage\":\"en-CA\",\"@id\":\"https:\/\/phytstore.com\/en\/#\/schema\/logo\/image\/\",\"url\":\"https:\/\/phytstore.com\/wp-content\/uploads\/2020\/03\/logo-phyts-e1585168986207.png\",\"contentUrl\":\"https:\/\/phytstore.com\/wp-content\/uploads\/2020\/03\/logo-phyts-e1585168986207.png\",\"width\":200,\"height\":72,\"caption\":\"Phyt's\"},\"image\":{\"@id\":\"https:\/\/phytstore.com\/en\/#\/schema\/logo\/image\/\"},\"sameAs\":[\"https:\/\/www.facebook.com\/CJMBCosmetiques\/?ref=aymt_homepage_panel\",\"https:\/\/www.instagram.com\/phyts_canada\/\",\"https:\/\/www.linkedin.com\/company\/3337211\/admin\/\",\"https:\/\/www.youtube.com\/channel\/UCEkP009p4XTU5lXjLkaKptA\"]}]}<\/script>\n<!-- \/ Yoast SEO plugin. -->","yoast_head_json":{"title":"Post-Epil - PHYT&#039;S - 100% natural & organic cosmetics","description":"Organic post-depilation spray care. Thanks to Lavander, Peppermint, Post-Epil refreshes, soothes and respects the dry skin. Alcohol free.","robots":{"index":"index","follow":"follow","max-snippet":"max-snippet:-1","max-image-preview":"max-image-preview:large","max-video-preview":"max-video-preview:-1"},"canonical":"https:\/\/phytstore.com\/en\/product\/post-depil-spray\/","og_locale":"en_US","og_type":"article","og_title":"Post-Epil - PHYT&#039;S - 100% natural & organic cosmetics","og_description":"Organic post-depilation spray care. Thanks to Lavander, Peppermint, Post-Epil refreshes, soothes and respects the dry skin. Alcohol free.","og_url":"https:\/\/phytstore.com\/en\/product\/post-depil-spray\/","og_site_name":"PHYT&#039;S","article_publisher":"https:\/\/www.facebook.com\/CJMBCosmetiques\/?ref=aymt_homepage_panel","article_modified_time":"2022-03-07T18:41:30+00:00","og_image":[{"width":534,"height":534,"url":"https:\/\/phytstore.com\/wp-content\/uploads\/2020\/03\/post-epil.jpg","type":"image\/jpeg"}],"twitter_card":"summary_large_image","twitter_misc":{"Est. reading time":"1 minute"},"schema":{"@context":"https:\/\/schema.org","@graph":[{"@type":"WebPage","@id":"https:\/\/phytstore.com\/en\/product\/post-depil-spray\/","url":"https:\/\/phytstore.com\/en\/product\/post-depil-spray\/","name":"Post-Epil - PHYT&#039;S - 100% natural & organic cosmetics","isPartOf":{"@id":"https:\/\/phytstore.com\/en\/#website"},"primaryImageOfPage":{"@id":"https:\/\/phytstore.com\/en\/product\/post-depil-spray\/#primaryimage"},"image":{"@id":"https:\/\/phytstore.com\/en\/product\/post-depil-spray\/#primaryimage"},"thumbnailUrl":"https:\/\/phytstore.com\/wp-content\/uploads\/2020\/03\/post-epil.jpg","datePublished":"2020-03-28T23:56:27+00:00","dateModified":"2022-03-07T18:41:30+00:00","description":"Organic post-depilation spray care. Thanks to Lavander, Peppermint, Post-Epil refreshes, soothes and respects the dry skin. Alcohol free.","breadcrumb":{"@id":"https:\/\/phytstore.com\/en\/product\/post-depil-spray\/#breadcrumb"},"inLanguage":"en-CA","potentialAction":[{"@type":"ReadAction","target":["https:\/\/phytstore.com\/en\/product\/post-depil-spray\/"]}]},{"@type":"ImageObject","inLanguage":"en-CA","@id":"https:\/\/phytstore.com\/en\/product\/post-depil-spray\/#primaryimage","url":"https:\/\/phytstore.com\/wp-content\/uploads\/2020\/03\/post-epil.jpg","contentUrl":"https:\/\/phytstore.com\/wp-content\/uploads\/2020\/03\/post-epil.jpg","width":534,"height":534,"caption":"post-epil"},{"@type":"BreadcrumbList","@id":"https:\/\/phytstore.com\/en\/product\/post-depil-spray\/#breadcrumb","itemListElement":[{"@type":"ListItem","position":1,"name":"Home","item":"https:\/\/phytstore.com\/en\/"},{"@type":"ListItem","position":2,"name":"Shop","item":"https:\/\/phytstore.com\/en\/shop\/"},{"@type":"ListItem","position":3,"name":"Body","item":"https:\/\/phytstore.com\/en\/organic-body-care\/"},{"@type":"ListItem","position":4,"name":"Dryness, Tightness and\/or Irritation","item":"https:\/\/phytstore.com\/en\/organic-body-care\/dryness-tightness-and-or-irritation\/"},{"@type":"ListItem","position":5,"name":"Post-Depil"}]},{"@type":"WebSite","@id":"https:\/\/phytstore.com\/en\/#website","url":"https:\/\/phytstore.com\/en\/","name":"PHYT&#039;S","description":"Fabricant et distributeur de soins certifi\u00e9s bio pour instituts de beaut\u00e9, spa et esth\u00e9ticiennes","publisher":{"@id":"https:\/\/phytstore.com\/en\/#organization"},"potentialAction":[{"@type":"SearchAction","target":{"@type":"EntryPoint","urlTemplate":"https:\/\/phytstore.com\/en\/?s={search_term_string}"},"query-input":{"@type":"PropertyValueSpecification","valueRequired":true,"valueName":"search_term_string"}}],"inLanguage":"en-CA"},{"@type":"Organization","@id":"https:\/\/phytstore.com\/en\/#organization","name":"Phyt's","url":"https:\/\/phytstore.com\/en\/","logo":{"@type":"ImageObject","inLanguage":"en-CA","@id":"https:\/\/phytstore.com\/en\/#\/schema\/logo\/image\/","url":"https:\/\/phytstore.com\/wp-content\/uploads\/2020\/03\/logo-phyts-e1585168986207.png","contentUrl":"https:\/\/phytstore.com\/wp-content\/uploads\/2020\/03\/logo-phyts-e1585168986207.png","width":200,"height":72,"caption":"Phyt's"},"image":{"@id":"https:\/\/phytstore.com\/en\/#\/schema\/logo\/image\/"},"sameAs":["https:\/\/www.facebook.com\/CJMBCosmetiques\/?ref=aymt_homepage_panel","https:\/\/www.instagram.com\/phyts_canada\/","https:\/\/www.linkedin.com\/company\/3337211\/admin\/","https:\/\/www.youtube.com\/channel\/UCEkP009p4XTU5lXjLkaKptA"]}]}},"jetpack_sharing_enabled":true,"_links":{"self":[{"href":"https:\/\/phytstore.com\/en\/wp-json\/wp\/v2\/product\/2829","targetHints":{"allow":["GET"]}}],"collection":[{"href":"https:\/\/phytstore.com\/en\/wp-json\/wp\/v2\/product"}],"about":[{"href":"https:\/\/phytstore.com\/en\/wp-json\/wp\/v2\/types\/product"}],"replies":[{"embeddable":true,"href":"https:\/\/phytstore.com\/en\/wp-json\/wp\/v2\/comments?post=2829"}],"wp:featuredmedia":[{"embeddable":true,"href":"https:\/\/phytstore.com\/en\/wp-json\/wp\/v2\/media\/2470"}],"wp:attachment":[{"href":"https:\/\/phytstore.com\/en\/wp-json\/wp\/v2\/media?parent=2829"}],"wp:term":[{"taxonomy":"product_brand","embeddable":true,"href":"https:\/\/phytstore.com\/en\/wp-json\/wp\/v2\/product_brand?post=2829"},{"taxonomy":"product_cat","embeddable":true,"href":"https:\/\/phytstore.com\/en\/wp-json\/wp\/v2\/product_cat?post=2829"},{"taxonomy":"product_tag","embeddable":true,"href":"https:\/\/phytstore.com\/en\/wp-json\/wp\/v2\/product_tag?post=2829"}],"curies":[{"name":"wp","href":"https:\/\/api.w.org\/{rel}","templated":true}]}}