{"id":2827,"date":"2020-03-28T19:56:27","date_gmt":"2020-03-28T23:56:27","guid":{"rendered":"https:\/\/phytstore.com\/produit\/2827\/"},"modified":"2023-09-26T15:42:01","modified_gmt":"2023-09-26T19:42:01","slug":"huile-ongles-cuticules","status":"publish","type":"product","link":"https:\/\/phytstore.com\/en\/product\/nail-cuticule-oil\/","title":{"rendered":"Nail &#038; Cuticule Oil"},"content":{"rendered":"<p>This <a href=\"https:\/\/phytstore.com\/en\/organic-body-care\/organic-body-oils\/\"><strong>precious Organic oil<\/strong><\/a> softens the cuticles and nourishes* the nails of the hands and\/or feet. Rich in revitalizing vegetable and essential oils, it is ideal for strengthening weak and brittle nails. The skin regains all its softness, and the nails their beauty.<\/p>\n<p><em>*via hydration<\/em><\/p>\n<h2><strong>Active ingredients<\/strong><\/h2>\n<p>Argan*, Jojoba*, Borage*, Castor*, Apricot*, Sunflower*, Myrtle*, Lemon*, Rosemary*, Parsley, Plant-Based Vitamin E<\/p>\n<p><em>*ingredients from Organic Farming<\/em><\/p>\n<h2><strong>How to use my cuticle oil<\/strong><\/h2>\n<p>To make the most of your PHYT\u2019S nail and cuticle oil, <strong>proper care and regular application are required<\/strong>. After carefully cleaning your hands, apply a drop of oil, then lightly massage and brush the cuticles with your fingers or a cotton swab.<\/p>\n<p><strong>Tips: <\/strong>To avoid drying out the hands and to remove dead skin, clean them with the <a href=\"https:\/\/phytstore.com\/en\/product\/hand-cleansing-gel\/\"><strong>Hand Cleansing Gel<\/strong><\/a> before applying the oil. In addition, for greater effectiveness, use the <a href=\"https:\/\/phytstore.com\/en\/product\/hand-nail-cream\/\"><strong>Hand &amp; Nail Cream<\/strong><\/a> as well.<\/p>\n<h2><strong>Unveiling the benefits of cuticle oil<\/strong><\/h2>\n<p>Our cuticle treatment can <strong>intensely hydrate and nourish* the nails and cuticles<\/strong>, which are often exposed to external aggressions. It contains a blend of specific oils and natural ingredients designed for your dry cuticles. By integrating it into your beauty routine, this type of product offers your hands a unique beauty treatment, making it an excellent choice.<\/p>\n<p>By acting on the edge of the nail, cuticle oil also <strong>protects nail growth<\/strong> and<strong> promotes the flexibility of the nails,<\/strong> while nourishing* the cuticles for a neat appearance. Say goodbye to <strong>nail splitting<\/strong>!<\/p>\n<p>These properties are largely due to a unique blend of oils, with extracts of jojoba oil and rosemary essential oil included in the formula. A product to have in your kit, especially if you have weak or brittle nails.<\/p>\n<p>*via hydration<\/p>\n","protected":false},"excerpt":{"rendered":"<p><img loading=\"lazy\" decoding=\"async\" class=\"alignnone size-full wp-image-4921\" src=\"https:\/\/phytstore.com\/wp-content\/uploads\/2020\/03\/Bio-100-Vegan-4.png\" alt=\"\" width=\"274\" height=\"53\" \/><\/p>\n<p>Nourishing* &amp; Fortifying<\/p>\n<p><strong>Skin type :<\/strong> Weak and brittle nails &amp; cuticles<br \/>\n<strong>Expectations :<\/strong> Nourishes*, reinforces, revitalizes, softens<br \/>\n<strong>Presentation :<\/strong> 30 ml pump-bottle<\/p>\n","protected":false},"featured_media":7632,"comment_status":"closed","ping_status":"closed","template":"","meta":{"_acf_changed":false,"inline_featured_image":false},"product_brand":[],"product_cat":[214,92,201,211],"product_tag":[],"class_list":{"0":"post-2827","1":"product","2":"type-product","3":"status-publish","4":"has-post-thumbnail","6":"product_cat-hands-feet","7":"product_cat-protecteurs-corps-en","8":"product_cat-dryness-tightness-and-or-irritation","9":"product_cat-body-oils","11":"first","12":"instock","13":"taxable","14":"shipping-taxable","15":"purchasable","16":"product-type-simple"},"acf":[],"yoast_head":"<!-- This site is optimized with the Yoast SEO plugin v27.1.1 - https:\/\/yoast.com\/product\/yoast-seo-wordpress\/ -->\n<title>Oil for Nails and Cuticles | PHYT&#039;S<\/title>\n<meta name=\"description\" content=\"Offer your nails a vitality treatment! Discover our PHYT\u2019S Organic oil for cuticles and nails. Nourish*, fortify, and beautify your nails in a single gesture.\" \/>\n<meta name=\"robots\" content=\"index, follow, max-snippet:-1, max-image-preview:large, max-video-preview:-1\" \/>\n<link rel=\"canonical\" href=\"https:\/\/phytstore.com\/en\/product\/nail-cuticule-oil\/\" \/>\n<meta property=\"og:locale\" content=\"en_US\" \/>\n<meta property=\"og:type\" content=\"article\" \/>\n<meta property=\"og:title\" content=\"Oil for Nails and Cuticles | PHYT&#039;S\" \/>\n<meta property=\"og:description\" content=\"Offer your nails a vitality treatment! Discover our PHYT\u2019S Organic oil for cuticles and nails. Nourish*, fortify, and beautify your nails in a single gesture.\" \/>\n<meta property=\"og:url\" content=\"https:\/\/phytstore.com\/en\/product\/nail-cuticule-oil\/\" \/>\n<meta property=\"og:site_name\" content=\"PHYT&#039;S\" \/>\n<meta property=\"article:publisher\" content=\"https:\/\/www.facebook.com\/CJMBCosmetiques\/?ref=aymt_homepage_panel\" \/>\n<meta property=\"article:modified_time\" content=\"2023-09-26T19:42:01+00:00\" \/>\n<meta name=\"twitter:card\" content=\"summary_large_image\" \/>\n<meta name=\"twitter:label1\" content=\"Est. reading time\" \/>\n\t<meta name=\"twitter:data1\" content=\"2 minutes\" \/>\n<script type=\"application\/ld+json\" class=\"yoast-schema-graph\">{\"@context\":\"https:\/\/schema.org\",\"@graph\":[{\"@type\":\"WebPage\",\"@id\":\"https:\/\/phytstore.com\/en\/product\/nail-cuticule-oil\/\",\"url\":\"https:\/\/phytstore.com\/en\/product\/nail-cuticule-oil\/\",\"name\":\"Oil for Nails and Cuticles | PHYT'S\",\"isPartOf\":{\"@id\":\"https:\/\/phytstore.com\/en\/#website\"},\"primaryImageOfPage\":{\"@id\":\"https:\/\/phytstore.com\/en\/product\/nail-cuticule-oil\/#primaryimage\"},\"image\":{\"@id\":\"https:\/\/phytstore.com\/en\/product\/nail-cuticule-oil\/#primaryimage\"},\"thumbnailUrl\":\"https:\/\/phytstore.com\/wp-content\/uploads\/2020\/03\/huile-ongle-site.png\",\"datePublished\":\"2020-03-28T23:56:27+00:00\",\"dateModified\":\"2023-09-26T19:42:01+00:00\",\"description\":\"Offer your nails a vitality treatment! Discover our PHYT\u2019S Organic oil for cuticles and nails. Nourish*, fortify, and beautify your nails in a single gesture.\",\"breadcrumb\":{\"@id\":\"https:\/\/phytstore.com\/en\/product\/nail-cuticule-oil\/#breadcrumb\"},\"inLanguage\":\"en-CA\",\"potentialAction\":[{\"@type\":\"ReadAction\",\"target\":[\"https:\/\/phytstore.com\/en\/product\/nail-cuticule-oil\/\"]}]},{\"@type\":\"ImageObject\",\"inLanguage\":\"en-CA\",\"@id\":\"https:\/\/phytstore.com\/en\/product\/nail-cuticule-oil\/#primaryimage\",\"url\":\"https:\/\/phytstore.com\/wp-content\/uploads\/2020\/03\/huile-ongle-site.png\",\"contentUrl\":\"https:\/\/phytstore.com\/wp-content\/uploads\/2020\/03\/huile-ongle-site.png\",\"width\":1080,\"height\":1080},{\"@type\":\"BreadcrumbList\",\"@id\":\"https:\/\/phytstore.com\/en\/product\/nail-cuticule-oil\/#breadcrumb\",\"itemListElement\":[{\"@type\":\"ListItem\",\"position\":1,\"name\":\"Home\",\"item\":\"https:\/\/phytstore.com\/en\/\"},{\"@type\":\"ListItem\",\"position\":2,\"name\":\"Shop\",\"item\":\"https:\/\/phytstore.com\/en\/shop\/\"},{\"@type\":\"ListItem\",\"position\":3,\"name\":\"Body\",\"item\":\"https:\/\/phytstore.com\/en\/organic-body-care\/\"},{\"@type\":\"ListItem\",\"position\":4,\"name\":\"Dryness, Tightness and\/or Irritation\",\"item\":\"https:\/\/phytstore.com\/en\/organic-body-care\/dryness-tightness-and-or-irritation\/\"},{\"@type\":\"ListItem\",\"position\":5,\"name\":\"Nail &#038; Cuticule Oil\"}]},{\"@type\":\"WebSite\",\"@id\":\"https:\/\/phytstore.com\/en\/#website\",\"url\":\"https:\/\/phytstore.com\/en\/\",\"name\":\"PHYT&#039;S\",\"description\":\"Fabricant et distributeur de soins certifi\u00e9s bio pour instituts de beaut\u00e9, spa et esth\u00e9ticiennes\",\"publisher\":{\"@id\":\"https:\/\/phytstore.com\/en\/#organization\"},\"potentialAction\":[{\"@type\":\"SearchAction\",\"target\":{\"@type\":\"EntryPoint\",\"urlTemplate\":\"https:\/\/phytstore.com\/en\/?s={search_term_string}\"},\"query-input\":{\"@type\":\"PropertyValueSpecification\",\"valueRequired\":true,\"valueName\":\"search_term_string\"}}],\"inLanguage\":\"en-CA\"},{\"@type\":\"Organization\",\"@id\":\"https:\/\/phytstore.com\/en\/#organization\",\"name\":\"Phyt's\",\"url\":\"https:\/\/phytstore.com\/en\/\",\"logo\":{\"@type\":\"ImageObject\",\"inLanguage\":\"en-CA\",\"@id\":\"https:\/\/phytstore.com\/en\/#\/schema\/logo\/image\/\",\"url\":\"https:\/\/phytstore.com\/wp-content\/uploads\/2020\/03\/logo-phyts-e1585168986207.png\",\"contentUrl\":\"https:\/\/phytstore.com\/wp-content\/uploads\/2020\/03\/logo-phyts-e1585168986207.png\",\"width\":200,\"height\":72,\"caption\":\"Phyt's\"},\"image\":{\"@id\":\"https:\/\/phytstore.com\/en\/#\/schema\/logo\/image\/\"},\"sameAs\":[\"https:\/\/www.facebook.com\/CJMBCosmetiques\/?ref=aymt_homepage_panel\",\"https:\/\/www.instagram.com\/phyts_canada\/\",\"https:\/\/www.linkedin.com\/company\/3337211\/admin\/\",\"https:\/\/www.youtube.com\/channel\/UCEkP009p4XTU5lXjLkaKptA\"]}]}<\/script>\n<!-- \/ Yoast SEO plugin. -->","yoast_head_json":{"title":"Oil for Nails and Cuticles | PHYT'S","description":"Offer your nails a vitality treatment! Discover our PHYT\u2019S Organic oil for cuticles and nails. Nourish*, fortify, and beautify your nails in a single gesture.","robots":{"index":"index","follow":"follow","max-snippet":"max-snippet:-1","max-image-preview":"max-image-preview:large","max-video-preview":"max-video-preview:-1"},"canonical":"https:\/\/phytstore.com\/en\/product\/nail-cuticule-oil\/","og_locale":"en_US","og_type":"article","og_title":"Oil for Nails and Cuticles | PHYT'S","og_description":"Offer your nails a vitality treatment! Discover our PHYT\u2019S Organic oil for cuticles and nails. Nourish*, fortify, and beautify your nails in a single gesture.","og_url":"https:\/\/phytstore.com\/en\/product\/nail-cuticule-oil\/","og_site_name":"PHYT&#039;S","article_publisher":"https:\/\/www.facebook.com\/CJMBCosmetiques\/?ref=aymt_homepage_panel","article_modified_time":"2023-09-26T19:42:01+00:00","twitter_card":"summary_large_image","twitter_misc":{"Est. reading time":"2 minutes"},"schema":{"@context":"https:\/\/schema.org","@graph":[{"@type":"WebPage","@id":"https:\/\/phytstore.com\/en\/product\/nail-cuticule-oil\/","url":"https:\/\/phytstore.com\/en\/product\/nail-cuticule-oil\/","name":"Oil for Nails and Cuticles | PHYT'S","isPartOf":{"@id":"https:\/\/phytstore.com\/en\/#website"},"primaryImageOfPage":{"@id":"https:\/\/phytstore.com\/en\/product\/nail-cuticule-oil\/#primaryimage"},"image":{"@id":"https:\/\/phytstore.com\/en\/product\/nail-cuticule-oil\/#primaryimage"},"thumbnailUrl":"https:\/\/phytstore.com\/wp-content\/uploads\/2020\/03\/huile-ongle-site.png","datePublished":"2020-03-28T23:56:27+00:00","dateModified":"2023-09-26T19:42:01+00:00","description":"Offer your nails a vitality treatment! Discover our PHYT\u2019S Organic oil for cuticles and nails. Nourish*, fortify, and beautify your nails in a single gesture.","breadcrumb":{"@id":"https:\/\/phytstore.com\/en\/product\/nail-cuticule-oil\/#breadcrumb"},"inLanguage":"en-CA","potentialAction":[{"@type":"ReadAction","target":["https:\/\/phytstore.com\/en\/product\/nail-cuticule-oil\/"]}]},{"@type":"ImageObject","inLanguage":"en-CA","@id":"https:\/\/phytstore.com\/en\/product\/nail-cuticule-oil\/#primaryimage","url":"https:\/\/phytstore.com\/wp-content\/uploads\/2020\/03\/huile-ongle-site.png","contentUrl":"https:\/\/phytstore.com\/wp-content\/uploads\/2020\/03\/huile-ongle-site.png","width":1080,"height":1080},{"@type":"BreadcrumbList","@id":"https:\/\/phytstore.com\/en\/product\/nail-cuticule-oil\/#breadcrumb","itemListElement":[{"@type":"ListItem","position":1,"name":"Home","item":"https:\/\/phytstore.com\/en\/"},{"@type":"ListItem","position":2,"name":"Shop","item":"https:\/\/phytstore.com\/en\/shop\/"},{"@type":"ListItem","position":3,"name":"Body","item":"https:\/\/phytstore.com\/en\/organic-body-care\/"},{"@type":"ListItem","position":4,"name":"Dryness, Tightness and\/or Irritation","item":"https:\/\/phytstore.com\/en\/organic-body-care\/dryness-tightness-and-or-irritation\/"},{"@type":"ListItem","position":5,"name":"Nail &#038; Cuticule Oil"}]},{"@type":"WebSite","@id":"https:\/\/phytstore.com\/en\/#website","url":"https:\/\/phytstore.com\/en\/","name":"PHYT&#039;S","description":"Fabricant et distributeur de soins certifi\u00e9s bio pour instituts de beaut\u00e9, spa et esth\u00e9ticiennes","publisher":{"@id":"https:\/\/phytstore.com\/en\/#organization"},"potentialAction":[{"@type":"SearchAction","target":{"@type":"EntryPoint","urlTemplate":"https:\/\/phytstore.com\/en\/?s={search_term_string}"},"query-input":{"@type":"PropertyValueSpecification","valueRequired":true,"valueName":"search_term_string"}}],"inLanguage":"en-CA"},{"@type":"Organization","@id":"https:\/\/phytstore.com\/en\/#organization","name":"Phyt's","url":"https:\/\/phytstore.com\/en\/","logo":{"@type":"ImageObject","inLanguage":"en-CA","@id":"https:\/\/phytstore.com\/en\/#\/schema\/logo\/image\/","url":"https:\/\/phytstore.com\/wp-content\/uploads\/2020\/03\/logo-phyts-e1585168986207.png","contentUrl":"https:\/\/phytstore.com\/wp-content\/uploads\/2020\/03\/logo-phyts-e1585168986207.png","width":200,"height":72,"caption":"Phyt's"},"image":{"@id":"https:\/\/phytstore.com\/en\/#\/schema\/logo\/image\/"},"sameAs":["https:\/\/www.facebook.com\/CJMBCosmetiques\/?ref=aymt_homepage_panel","https:\/\/www.instagram.com\/phyts_canada\/","https:\/\/www.linkedin.com\/company\/3337211\/admin\/","https:\/\/www.youtube.com\/channel\/UCEkP009p4XTU5lXjLkaKptA"]}]}},"jetpack_sharing_enabled":true,"_links":{"self":[{"href":"https:\/\/phytstore.com\/en\/wp-json\/wp\/v2\/product\/2827","targetHints":{"allow":["GET"]}}],"collection":[{"href":"https:\/\/phytstore.com\/en\/wp-json\/wp\/v2\/product"}],"about":[{"href":"https:\/\/phytstore.com\/en\/wp-json\/wp\/v2\/types\/product"}],"replies":[{"embeddable":true,"href":"https:\/\/phytstore.com\/en\/wp-json\/wp\/v2\/comments?post=2827"}],"wp:featuredmedia":[{"embeddable":true,"href":"https:\/\/phytstore.com\/en\/wp-json\/wp\/v2\/media\/7632"}],"wp:attachment":[{"href":"https:\/\/phytstore.com\/en\/wp-json\/wp\/v2\/media?parent=2827"}],"wp:term":[{"taxonomy":"product_brand","embeddable":true,"href":"https:\/\/phytstore.com\/en\/wp-json\/wp\/v2\/product_brand?post=2827"},{"taxonomy":"product_cat","embeddable":true,"href":"https:\/\/phytstore.com\/en\/wp-json\/wp\/v2\/product_cat?post=2827"},{"taxonomy":"product_tag","embeddable":true,"href":"https:\/\/phytstore.com\/en\/wp-json\/wp\/v2\/product_tag?post=2827"}],"curies":[{"name":"wp","href":"https:\/\/api.w.org\/{rel}","templated":true}]}}