{"id":2825,"date":"2020-03-28T19:56:27","date_gmt":"2020-03-28T19:56:27","guid":{"rendered":"https:\/\/phytstore.com\/produit\/gant-exfoliant\/"},"modified":"2023-09-26T15:32:06","modified_gmt":"2023-09-26T19:32:06","slug":"gant-exfoliant","status":"publish","type":"product","link":"https:\/\/phytstore.com\/en\/product\/body-exfoliating-glove\/","title":{"rendered":"Body Exfoliating Glove"},"content":{"rendered":"<p>This <strong>body exfoliating glove<\/strong> makes the skin soft and is used in circulatory massage. It eliminates dead cells, prepares the skin to receive other beauty products, and also limits ingrown hairs. Ideal to use before <a href=\"https:\/\/phytstore.com\/en\/product\/caffeine-pepper-double-action-gel\/\"><strong>Phyt\u2019Silhouette<\/strong><\/a> and <a href=\"https:\/\/phytstore.com\/en\/product\/golden-veil-self-tanner\/\"><strong>Phyt\u2019Solaire<\/strong><\/a> products, since it promotes an even tan and unifies the complexion.<\/p>\n<h2><strong>Its characteristics:<\/strong><\/h2>\n<p>Lightweight and resistant \u2013 Washable and durable \u2013 Comfortable shape for the hand \u2013 Wide elastic to fit the wrist \u2013 Convenient band for easy hanging in the bathroom or shower.<\/p>\n<h2><strong>How to use the body exfoliating glove<\/strong><\/h2>\n<p>Use the glove once or twice a week for soft skin.<\/p>\n<p>For the optimal use of your exfoliating glove, <strong>here are a few tips<\/strong>:<\/p>\n<ol>\n<li>Moisten the glove with warm water.<\/li>\n<li>Apply an Organic <a href=\"https:\/\/phytstore.com\/en\/organic-body-care\/natural-body-scrubs\/\"><strong>exfoliating<\/strong><\/a> and\/or<strong> <a href=\"https:\/\/phytstore.com\/en\/cleansing-line\/\">cleansing<\/a> <\/strong>product to the glove.<\/li>\n<li>Cleanse your skin deeply using gentle, circular motions.<\/li>\n<li>Rinse after each use.<\/li>\n<li>Let air dry.<\/li>\n<\/ol>\n<p>These movements result in <strong>the efficient removal of dead skin cells<\/strong> and maintain the professional quality of the glove. This prepares your skin to receive Phyt\u2019Silhouette, Phyt\u2019Solaire, and\/or other body wash products.<\/p>\n<h2><strong>Why use an exfoliating mitt?<\/strong><\/h2>\n<p>Thanks to its soft yet uneven surface, this exfoliating glove provides your skin with a gentle <strong>scrub<\/strong> while stimulating blood circulation.<strong> More than a simple bath glove<\/strong> or wash glove, it offers real, quality care to your skin, making it soft and radiant.<\/p>\n","protected":false},"excerpt":{"rendered":"<p>Removes dead cells<\/p>\n<p><strong>Skin type :<\/strong> All skin types<br \/>\n<strong>Expectation :<\/strong> Exfoliates, softens, prepares<\/p>\n","protected":false},"featured_media":2599,"comment_status":"closed","ping_status":"closed","template":"","meta":{"_acf_changed":false,"inline_featured_image":false},"product_brand":[],"product_cat":[86,92,210],"product_tag":[],"class_list":{"0":"post-2825","1":"product","2":"type-product","3":"status-publish","4":"has-post-thumbnail","6":"product_cat-phytsilhouette-en","7":"product_cat-protecteurs-corps-en","8":"product_cat-scrubs","10":"first","11":"instock","12":"taxable","13":"shipping-taxable","14":"purchasable","15":"product-type-simple"},"acf":[],"yoast_head":"<!-- This site is optimized with the Yoast SEO plugin v27.4 - https:\/\/yoast.com\/product\/yoast-seo-wordpress\/ -->\n<title>Body Exfoliating Glove: Exfoliate Gently | PHYT\u2019S<\/title>\n<meta name=\"description\" content=\"Discover our body exfoliating glove. Exfoliate gently and prepare your skin for natural treatments. Order it now!\" \/>\n<meta name=\"robots\" content=\"index, follow, max-snippet:-1, max-image-preview:large, max-video-preview:-1\" \/>\n<link rel=\"canonical\" href=\"https:\/\/phytstore.com\/en\/product\/body-exfoliating-glove\/\" \/>\n<meta property=\"og:locale\" content=\"en_US\" \/>\n<meta property=\"og:type\" content=\"article\" \/>\n<meta property=\"og:title\" content=\"Body Exfoliating Glove: Exfoliate Gently | PHYT\u2019S\" \/>\n<meta property=\"og:description\" content=\"Discover our body exfoliating glove. Exfoliate gently and prepare your skin for natural treatments. Order it now!\" \/>\n<meta property=\"og:url\" content=\"https:\/\/phytstore.com\/en\/product\/body-exfoliating-glove\/\" \/>\n<meta property=\"og:site_name\" content=\"PHYT&#039;S\" \/>\n<meta property=\"article:publisher\" content=\"https:\/\/www.facebook.com\/CJMBCosmetiques\/?ref=aymt_homepage_panel\" \/>\n<meta property=\"article:modified_time\" content=\"2023-09-26T19:32:06+00:00\" \/>\n<meta property=\"og:image\" content=\"https:\/\/phytstore.com\/wp-content\/uploads\/2020\/03\/Image2-25.jpg\" \/>\n\t<meta property=\"og:image:width\" content=\"728\" \/>\n\t<meta property=\"og:image:height\" content=\"754\" \/>\n\t<meta property=\"og:image:type\" content=\"image\/jpeg\" \/>\n<meta name=\"twitter:card\" content=\"summary_large_image\" \/>\n<meta name=\"twitter:label1\" content=\"Est. reading time\" \/>\n\t<meta name=\"twitter:data1\" content=\"2 minutes\" \/>\n<script type=\"application\/ld+json\" class=\"yoast-schema-graph\">{\"@context\":\"https:\\\/\\\/schema.org\",\"@graph\":[{\"@type\":\"WebPage\",\"@id\":\"https:\\\/\\\/phytstore.com\\\/en\\\/product\\\/body-exfoliating-glove\\\/\",\"url\":\"https:\\\/\\\/phytstore.com\\\/en\\\/product\\\/body-exfoliating-glove\\\/\",\"name\":\"Body Exfoliating Glove: Exfoliate Gently | PHYT\u2019S\",\"isPartOf\":{\"@id\":\"https:\\\/\\\/phytstore.com\\\/en\\\/#website\"},\"primaryImageOfPage\":{\"@id\":\"https:\\\/\\\/phytstore.com\\\/en\\\/product\\\/body-exfoliating-glove\\\/#primaryimage\"},\"image\":{\"@id\":\"https:\\\/\\\/phytstore.com\\\/en\\\/product\\\/body-exfoliating-glove\\\/#primaryimage\"},\"thumbnailUrl\":\"https:\\\/\\\/phytstore.com\\\/wp-content\\\/uploads\\\/2020\\\/03\\\/Image2-25.jpg\",\"datePublished\":\"2020-03-28T19:56:27+00:00\",\"dateModified\":\"2023-09-26T19:32:06+00:00\",\"description\":\"Discover our body exfoliating glove. Exfoliate gently and prepare your skin for natural treatments. Order it now!\",\"breadcrumb\":{\"@id\":\"https:\\\/\\\/phytstore.com\\\/en\\\/product\\\/body-exfoliating-glove\\\/#breadcrumb\"},\"inLanguage\":\"en-CA\",\"potentialAction\":[{\"@type\":\"ReadAction\",\"target\":[\"https:\\\/\\\/phytstore.com\\\/en\\\/product\\\/body-exfoliating-glove\\\/\"]}]},{\"@type\":\"ImageObject\",\"inLanguage\":\"en-CA\",\"@id\":\"https:\\\/\\\/phytstore.com\\\/en\\\/product\\\/body-exfoliating-glove\\\/#primaryimage\",\"url\":\"https:\\\/\\\/phytstore.com\\\/wp-content\\\/uploads\\\/2020\\\/03\\\/Image2-25.jpg\",\"contentUrl\":\"https:\\\/\\\/phytstore.com\\\/wp-content\\\/uploads\\\/2020\\\/03\\\/Image2-25.jpg\",\"width\":728,\"height\":754,\"caption\":\"Gant Exfoliant Corps\"},{\"@type\":\"BreadcrumbList\",\"@id\":\"https:\\\/\\\/phytstore.com\\\/en\\\/product\\\/body-exfoliating-glove\\\/#breadcrumb\",\"itemListElement\":[{\"@type\":\"ListItem\",\"position\":1,\"name\":\"Home\",\"item\":\"https:\\\/\\\/phytstore.com\\\/en\\\/\"},{\"@type\":\"ListItem\",\"position\":2,\"name\":\"Shop\",\"item\":\"https:\\\/\\\/phytstore.com\\\/en\\\/shop\\\/\"},{\"@type\":\"ListItem\",\"position\":3,\"name\":\"Body\",\"item\":\"https:\\\/\\\/phytstore.com\\\/en\\\/organic-body-care\\\/\"},{\"@type\":\"ListItem\",\"position\":4,\"name\":\"Body Scrubs\",\"item\":\"https:\\\/\\\/phytstore.com\\\/en\\\/organic-body-care\\\/natural-body-scrubs\\\/\"},{\"@type\":\"ListItem\",\"position\":5,\"name\":\"Body Exfoliating Glove\"}]},{\"@type\":\"WebSite\",\"@id\":\"https:\\\/\\\/phytstore.com\\\/en\\\/#website\",\"url\":\"https:\\\/\\\/phytstore.com\\\/en\\\/\",\"name\":\"PHYT&#039;S\",\"description\":\"Fabricant et distributeur de soins certifi\u00e9s bio pour instituts de beaut\u00e9, spa et esth\u00e9ticiennes\",\"publisher\":{\"@id\":\"https:\\\/\\\/phytstore.com\\\/en\\\/#organization\"},\"potentialAction\":[{\"@type\":\"SearchAction\",\"target\":{\"@type\":\"EntryPoint\",\"urlTemplate\":\"https:\\\/\\\/phytstore.com\\\/en\\\/?s={search_term_string}\"},\"query-input\":{\"@type\":\"PropertyValueSpecification\",\"valueRequired\":true,\"valueName\":\"search_term_string\"}}],\"inLanguage\":\"en-CA\"},{\"@type\":\"Organization\",\"@id\":\"https:\\\/\\\/phytstore.com\\\/en\\\/#organization\",\"name\":\"Phyt's\",\"url\":\"https:\\\/\\\/phytstore.com\\\/en\\\/\",\"logo\":{\"@type\":\"ImageObject\",\"inLanguage\":\"en-CA\",\"@id\":\"https:\\\/\\\/phytstore.com\\\/en\\\/#\\\/schema\\\/logo\\\/image\\\/\",\"url\":\"https:\\\/\\\/phytstore.com\\\/wp-content\\\/uploads\\\/2020\\\/03\\\/logo-phyts-e1585168986207.png\",\"contentUrl\":\"https:\\\/\\\/phytstore.com\\\/wp-content\\\/uploads\\\/2020\\\/03\\\/logo-phyts-e1585168986207.png\",\"width\":200,\"height\":72,\"caption\":\"Phyt's\"},\"image\":{\"@id\":\"https:\\\/\\\/phytstore.com\\\/en\\\/#\\\/schema\\\/logo\\\/image\\\/\"},\"sameAs\":[\"https:\\\/\\\/www.facebook.com\\\/CJMBCosmetiques\\\/?ref=aymt_homepage_panel\",\"https:\\\/\\\/www.instagram.com\\\/phyts_canada\\\/\",\"https:\\\/\\\/www.linkedin.com\\\/company\\\/3337211\\\/admin\\\/\",\"https:\\\/\\\/www.youtube.com\\\/channel\\\/UCEkP009p4XTU5lXjLkaKptA\"]}]}<\/script>\n<!-- \/ Yoast SEO plugin. -->","yoast_head_json":{"title":"Body Exfoliating Glove: Exfoliate Gently | PHYT\u2019S","description":"Discover our body exfoliating glove. Exfoliate gently and prepare your skin for natural treatments. Order it now!","robots":{"index":"index","follow":"follow","max-snippet":"max-snippet:-1","max-image-preview":"max-image-preview:large","max-video-preview":"max-video-preview:-1"},"canonical":"https:\/\/phytstore.com\/en\/product\/body-exfoliating-glove\/","og_locale":"en_US","og_type":"article","og_title":"Body Exfoliating Glove: Exfoliate Gently | PHYT\u2019S","og_description":"Discover our body exfoliating glove. Exfoliate gently and prepare your skin for natural treatments. Order it now!","og_url":"https:\/\/phytstore.com\/en\/product\/body-exfoliating-glove\/","og_site_name":"PHYT&#039;S","article_publisher":"https:\/\/www.facebook.com\/CJMBCosmetiques\/?ref=aymt_homepage_panel","article_modified_time":"2023-09-26T19:32:06+00:00","og_image":[{"width":728,"height":754,"url":"https:\/\/phytstore.com\/wp-content\/uploads\/2020\/03\/Image2-25.jpg","type":"image\/jpeg"}],"twitter_card":"summary_large_image","twitter_misc":{"Est. reading time":"2 minutes"},"schema":{"@context":"https:\/\/schema.org","@graph":[{"@type":"WebPage","@id":"https:\/\/phytstore.com\/en\/product\/body-exfoliating-glove\/","url":"https:\/\/phytstore.com\/en\/product\/body-exfoliating-glove\/","name":"Body Exfoliating Glove: Exfoliate Gently | PHYT\u2019S","isPartOf":{"@id":"https:\/\/phytstore.com\/en\/#website"},"primaryImageOfPage":{"@id":"https:\/\/phytstore.com\/en\/product\/body-exfoliating-glove\/#primaryimage"},"image":{"@id":"https:\/\/phytstore.com\/en\/product\/body-exfoliating-glove\/#primaryimage"},"thumbnailUrl":"https:\/\/phytstore.com\/wp-content\/uploads\/2020\/03\/Image2-25.jpg","datePublished":"2020-03-28T19:56:27+00:00","dateModified":"2023-09-26T19:32:06+00:00","description":"Discover our body exfoliating glove. Exfoliate gently and prepare your skin for natural treatments. Order it now!","breadcrumb":{"@id":"https:\/\/phytstore.com\/en\/product\/body-exfoliating-glove\/#breadcrumb"},"inLanguage":"en-CA","potentialAction":[{"@type":"ReadAction","target":["https:\/\/phytstore.com\/en\/product\/body-exfoliating-glove\/"]}]},{"@type":"ImageObject","inLanguage":"en-CA","@id":"https:\/\/phytstore.com\/en\/product\/body-exfoliating-glove\/#primaryimage","url":"https:\/\/phytstore.com\/wp-content\/uploads\/2020\/03\/Image2-25.jpg","contentUrl":"https:\/\/phytstore.com\/wp-content\/uploads\/2020\/03\/Image2-25.jpg","width":728,"height":754,"caption":"Gant Exfoliant Corps"},{"@type":"BreadcrumbList","@id":"https:\/\/phytstore.com\/en\/product\/body-exfoliating-glove\/#breadcrumb","itemListElement":[{"@type":"ListItem","position":1,"name":"Home","item":"https:\/\/phytstore.com\/en\/"},{"@type":"ListItem","position":2,"name":"Shop","item":"https:\/\/phytstore.com\/en\/shop\/"},{"@type":"ListItem","position":3,"name":"Body","item":"https:\/\/phytstore.com\/en\/organic-body-care\/"},{"@type":"ListItem","position":4,"name":"Body Scrubs","item":"https:\/\/phytstore.com\/en\/organic-body-care\/natural-body-scrubs\/"},{"@type":"ListItem","position":5,"name":"Body Exfoliating Glove"}]},{"@type":"WebSite","@id":"https:\/\/phytstore.com\/en\/#website","url":"https:\/\/phytstore.com\/en\/","name":"PHYT&#039;S","description":"Fabricant et distributeur de soins certifi\u00e9s bio pour instituts de beaut\u00e9, spa et esth\u00e9ticiennes","publisher":{"@id":"https:\/\/phytstore.com\/en\/#organization"},"potentialAction":[{"@type":"SearchAction","target":{"@type":"EntryPoint","urlTemplate":"https:\/\/phytstore.com\/en\/?s={search_term_string}"},"query-input":{"@type":"PropertyValueSpecification","valueRequired":true,"valueName":"search_term_string"}}],"inLanguage":"en-CA"},{"@type":"Organization","@id":"https:\/\/phytstore.com\/en\/#organization","name":"Phyt's","url":"https:\/\/phytstore.com\/en\/","logo":{"@type":"ImageObject","inLanguage":"en-CA","@id":"https:\/\/phytstore.com\/en\/#\/schema\/logo\/image\/","url":"https:\/\/phytstore.com\/wp-content\/uploads\/2020\/03\/logo-phyts-e1585168986207.png","contentUrl":"https:\/\/phytstore.com\/wp-content\/uploads\/2020\/03\/logo-phyts-e1585168986207.png","width":200,"height":72,"caption":"Phyt's"},"image":{"@id":"https:\/\/phytstore.com\/en\/#\/schema\/logo\/image\/"},"sameAs":["https:\/\/www.facebook.com\/CJMBCosmetiques\/?ref=aymt_homepage_panel","https:\/\/www.instagram.com\/phyts_canada\/","https:\/\/www.linkedin.com\/company\/3337211\/admin\/","https:\/\/www.youtube.com\/channel\/UCEkP009p4XTU5lXjLkaKptA"]}]}},"jetpack_sharing_enabled":true,"_links":{"self":[{"href":"https:\/\/phytstore.com\/en\/wp-json\/wp\/v2\/product\/2825","targetHints":{"allow":["GET"]}}],"collection":[{"href":"https:\/\/phytstore.com\/en\/wp-json\/wp\/v2\/product"}],"about":[{"href":"https:\/\/phytstore.com\/en\/wp-json\/wp\/v2\/types\/product"}],"replies":[{"embeddable":true,"href":"https:\/\/phytstore.com\/en\/wp-json\/wp\/v2\/comments?post=2825"}],"wp:featuredmedia":[{"embeddable":true,"href":"https:\/\/phytstore.com\/en\/wp-json\/wp\/v2\/media\/2599"}],"wp:attachment":[{"href":"https:\/\/phytstore.com\/en\/wp-json\/wp\/v2\/media?parent=2825"}],"wp:term":[{"taxonomy":"product_brand","embeddable":true,"href":"https:\/\/phytstore.com\/en\/wp-json\/wp\/v2\/product_brand?post=2825"},{"taxonomy":"product_cat","embeddable":true,"href":"https:\/\/phytstore.com\/en\/wp-json\/wp\/v2\/product_cat?post=2825"},{"taxonomy":"product_tag","embeddable":true,"href":"https:\/\/phytstore.com\/en\/wp-json\/wp\/v2\/product_tag?post=2825"}],"curies":[{"name":"wp","href":"https:\/\/api.w.org\/{rel}","templated":true}]}}