{"id":2824,"date":"2020-03-28T19:56:29","date_gmt":"2020-03-28T23:56:29","guid":{"rendered":"https:\/\/phytstore.com\/produit\/voile-dore-autobronzant\/"},"modified":"2024-09-11T06:53:48","modified_gmt":"2024-09-11T10:53:48","slug":"voile-dore-autobronzant","status":"publish","type":"product","link":"https:\/\/phytstore.com\/en\/product\/golden-veil-self-tanner\/","title":{"rendered":"Golden Veil Self-Tanner"},"content":{"rendered":"<p>This Organic self tanner gradually adorns the skin with a natural and golden tan for an all-over, uniform result. The skin becomes radiant and remains soft and supple thanks to its nourishing* active ingredients.<br \/>\n<em>* via hydration<\/em><\/p>\n<h2><strong>Active Ingredients :<\/strong><\/h2>\n<p>DHA, Erythrulose, Sesame*, Sunflower, Carrot, Vegetal Vitamin E, Lavender*, Palmarosa*, Ho Wood<br \/>\n<em>* ingredients from Organic Farming<\/em><\/p>\n<h2><strong>How to Apply my Golden Veil Self-Tanner?<\/strong><\/h2>\n<p>Apply evenly to clean, and daily first. Repeat every day until the desired tan has been obtained. Then, maintain your tan with applications every 2 or 3 days. Always wash your hands after use.<br \/>\n<strong>Tip :<\/strong> Always exfoliate the skin before the first application, then once or twice a week. For the face and neck, use the <strong><a href=\"https:\/\/phytstore.com\/produit\/gommage-contact\/\">Contact + Scrub<\/a><\/strong>, the<strong> <a href=\"https:\/\/phytstore.com\/produit\/activpeel\/\">Activ&#8217;Peel<\/a><\/strong> or the <strong><a href=\"https:\/\/phytstore.com\/produit\/gommage\/\">White Bio-Active Scrub<\/a><\/strong>. For the body, use the <strong><a href=\"https:\/\/phytstore.com\/produit\/gommage-corporel\/\">Body Exfoliating Foaming Gel<\/a><\/strong>, and insist on rough areas (heels, elbows, knees &#8230;).<\/p>\n","protected":false},"excerpt":{"rendered":"<p><img loading=\"lazy\" decoding=\"async\" class=\"alignnone size-full wp-image-4921\" src=\"https:\/\/phytstore.com\/wp-content\/uploads\/2020\/03\/Bio-100-Vegan-4.png\" alt=\"\" width=\"274\" height=\"53\" \/><\/p>\n<p>Gold &amp; natural tan &#8211; Face &amp; body<\/p>\n<p><strong>Skin type : <\/strong>All skin types<br \/>\n<strong>Expectations : <\/strong>Tans, prepares<br \/>\n<strong>Presentation : <\/strong>100 ml tube<\/p>\n","protected":false},"featured_media":6483,"comment_status":"closed","ping_status":"closed","template":"","meta":{"_acf_changed":false,"inline_featured_image":false},"product_brand":[],"product_cat":[87,224],"product_tag":[],"class_list":{"0":"post-2824","1":"product","2":"type-product","3":"status-publish","4":"has-post-thumbnail","6":"product_cat-phytsolaires-en","7":"product_cat-prepare","9":"first","10":"instock","11":"taxable","12":"shipping-taxable","13":"purchasable","14":"product-type-simple"},"acf":[],"yoast_head":"<!-- This site is optimized with the Yoast SEO plugin v27.1.1 - https:\/\/yoast.com\/product\/yoast-seo-wordpress\/ -->\n<title>100% Organic Golden Veil Spray Tan - PHYT&#039;S<\/title>\n<meta name=\"description\" content=\"Gradually adorns the skin with a natural and golden tan for an all-over, uniform result. The skin becomes radiant and remains soft and supple.\" \/>\n<meta name=\"robots\" content=\"index, follow, max-snippet:-1, max-image-preview:large, max-video-preview:-1\" \/>\n<link rel=\"canonical\" href=\"https:\/\/phytstore.com\/en\/product\/golden-veil-self-tanner\/\" \/>\n<meta property=\"og:locale\" content=\"en_US\" \/>\n<meta property=\"og:type\" content=\"article\" \/>\n<meta property=\"og:title\" content=\"100% Organic Golden Veil Spray Tan - PHYT&#039;S\" \/>\n<meta property=\"og:description\" content=\"Gradually adorns the skin with a natural and golden tan for an all-over, uniform result. The skin becomes radiant and remains soft and supple.\" \/>\n<meta property=\"og:url\" content=\"https:\/\/phytstore.com\/en\/product\/golden-veil-self-tanner\/\" \/>\n<meta property=\"og:site_name\" content=\"PHYT&#039;S\" \/>\n<meta property=\"article:publisher\" content=\"https:\/\/www.facebook.com\/CJMBCosmetiques\/?ref=aymt_homepage_panel\" \/>\n<meta property=\"article:modified_time\" content=\"2024-09-11T10:53:48+00:00\" \/>\n<meta property=\"og:image\" content=\"https:\/\/phytstore.com\/wp-content\/uploads\/2020\/03\/Voile-Dore-Autobronzant-PHYTS.png\" \/>\n\t<meta property=\"og:image:width\" content=\"937\" \/>\n\t<meta property=\"og:image:height\" content=\"937\" \/>\n\t<meta property=\"og:image:type\" content=\"image\/png\" \/>\n<meta name=\"twitter:card\" content=\"summary_large_image\" \/>\n<meta name=\"twitter:label1\" content=\"Est. reading time\" \/>\n\t<meta name=\"twitter:data1\" content=\"1 minute\" \/>\n<script type=\"application\/ld+json\" class=\"yoast-schema-graph\">{\"@context\":\"https:\/\/schema.org\",\"@graph\":[{\"@type\":\"WebPage\",\"@id\":\"https:\/\/phytstore.com\/en\/product\/golden-veil-self-tanner\/\",\"url\":\"https:\/\/phytstore.com\/en\/product\/golden-veil-self-tanner\/\",\"name\":\"100% Organic Golden Veil Spray Tan - PHYT'S\",\"isPartOf\":{\"@id\":\"https:\/\/phytstore.com\/en\/#website\"},\"primaryImageOfPage\":{\"@id\":\"https:\/\/phytstore.com\/en\/product\/golden-veil-self-tanner\/#primaryimage\"},\"image\":{\"@id\":\"https:\/\/phytstore.com\/en\/product\/golden-veil-self-tanner\/#primaryimage\"},\"thumbnailUrl\":\"https:\/\/phytstore.com\/wp-content\/uploads\/2020\/03\/Voile-Dore-Autobronzant-PHYTS.png\",\"datePublished\":\"2020-03-28T23:56:29+00:00\",\"dateModified\":\"2024-09-11T10:53:48+00:00\",\"description\":\"Gradually adorns the skin with a natural and golden tan for an all-over, uniform result. The skin becomes radiant and remains soft and supple.\",\"breadcrumb\":{\"@id\":\"https:\/\/phytstore.com\/en\/product\/golden-veil-self-tanner\/#breadcrumb\"},\"inLanguage\":\"en-CA\",\"potentialAction\":[{\"@type\":\"ReadAction\",\"target\":[\"https:\/\/phytstore.com\/en\/product\/golden-veil-self-tanner\/\"]}]},{\"@type\":\"ImageObject\",\"inLanguage\":\"en-CA\",\"@id\":\"https:\/\/phytstore.com\/en\/product\/golden-veil-self-tanner\/#primaryimage\",\"url\":\"https:\/\/phytstore.com\/wp-content\/uploads\/2020\/03\/Voile-Dore-Autobronzant-PHYTS.png\",\"contentUrl\":\"https:\/\/phytstore.com\/wp-content\/uploads\/2020\/03\/Voile-Dore-Autobronzant-PHYTS.png\",\"width\":937,\"height\":937},{\"@type\":\"BreadcrumbList\",\"@id\":\"https:\/\/phytstore.com\/en\/product\/golden-veil-self-tanner\/#breadcrumb\",\"itemListElement\":[{\"@type\":\"ListItem\",\"position\":1,\"name\":\"Home\",\"item\":\"https:\/\/phytstore.com\/en\/\"},{\"@type\":\"ListItem\",\"position\":2,\"name\":\"Shop\",\"item\":\"https:\/\/phytstore.com\/en\/shop\/\"},{\"@type\":\"ListItem\",\"position\":3,\"name\":\"Phyt\u2019s Sun Care Line\",\"item\":\"https:\/\/phytstore.com\/en\/phytsolaires\/\"},{\"@type\":\"ListItem\",\"position\":4,\"name\":\"Golden Veil Self-Tanner\"}]},{\"@type\":\"WebSite\",\"@id\":\"https:\/\/phytstore.com\/en\/#website\",\"url\":\"https:\/\/phytstore.com\/en\/\",\"name\":\"PHYT&#039;S\",\"description\":\"Fabricant et distributeur de soins certifi\u00e9s bio pour instituts de beaut\u00e9, spa et esth\u00e9ticiennes\",\"publisher\":{\"@id\":\"https:\/\/phytstore.com\/en\/#organization\"},\"potentialAction\":[{\"@type\":\"SearchAction\",\"target\":{\"@type\":\"EntryPoint\",\"urlTemplate\":\"https:\/\/phytstore.com\/en\/?s={search_term_string}\"},\"query-input\":{\"@type\":\"PropertyValueSpecification\",\"valueRequired\":true,\"valueName\":\"search_term_string\"}}],\"inLanguage\":\"en-CA\"},{\"@type\":\"Organization\",\"@id\":\"https:\/\/phytstore.com\/en\/#organization\",\"name\":\"Phyt's\",\"url\":\"https:\/\/phytstore.com\/en\/\",\"logo\":{\"@type\":\"ImageObject\",\"inLanguage\":\"en-CA\",\"@id\":\"https:\/\/phytstore.com\/en\/#\/schema\/logo\/image\/\",\"url\":\"https:\/\/phytstore.com\/wp-content\/uploads\/2020\/03\/logo-phyts-e1585168986207.png\",\"contentUrl\":\"https:\/\/phytstore.com\/wp-content\/uploads\/2020\/03\/logo-phyts-e1585168986207.png\",\"width\":200,\"height\":72,\"caption\":\"Phyt's\"},\"image\":{\"@id\":\"https:\/\/phytstore.com\/en\/#\/schema\/logo\/image\/\"},\"sameAs\":[\"https:\/\/www.facebook.com\/CJMBCosmetiques\/?ref=aymt_homepage_panel\",\"https:\/\/www.instagram.com\/phyts_canada\/\",\"https:\/\/www.linkedin.com\/company\/3337211\/admin\/\",\"https:\/\/www.youtube.com\/channel\/UCEkP009p4XTU5lXjLkaKptA\"]}]}<\/script>\n<!-- \/ Yoast SEO plugin. -->","yoast_head_json":{"title":"100% Organic Golden Veil Spray Tan - PHYT'S","description":"Gradually adorns the skin with a natural and golden tan for an all-over, uniform result. The skin becomes radiant and remains soft and supple.","robots":{"index":"index","follow":"follow","max-snippet":"max-snippet:-1","max-image-preview":"max-image-preview:large","max-video-preview":"max-video-preview:-1"},"canonical":"https:\/\/phytstore.com\/en\/product\/golden-veil-self-tanner\/","og_locale":"en_US","og_type":"article","og_title":"100% Organic Golden Veil Spray Tan - PHYT'S","og_description":"Gradually adorns the skin with a natural and golden tan for an all-over, uniform result. The skin becomes radiant and remains soft and supple.","og_url":"https:\/\/phytstore.com\/en\/product\/golden-veil-self-tanner\/","og_site_name":"PHYT&#039;S","article_publisher":"https:\/\/www.facebook.com\/CJMBCosmetiques\/?ref=aymt_homepage_panel","article_modified_time":"2024-09-11T10:53:48+00:00","og_image":[{"width":937,"height":937,"url":"https:\/\/phytstore.com\/wp-content\/uploads\/2020\/03\/Voile-Dore-Autobronzant-PHYTS.png","type":"image\/png"}],"twitter_card":"summary_large_image","twitter_misc":{"Est. reading time":"1 minute"},"schema":{"@context":"https:\/\/schema.org","@graph":[{"@type":"WebPage","@id":"https:\/\/phytstore.com\/en\/product\/golden-veil-self-tanner\/","url":"https:\/\/phytstore.com\/en\/product\/golden-veil-self-tanner\/","name":"100% Organic Golden Veil Spray Tan - PHYT'S","isPartOf":{"@id":"https:\/\/phytstore.com\/en\/#website"},"primaryImageOfPage":{"@id":"https:\/\/phytstore.com\/en\/product\/golden-veil-self-tanner\/#primaryimage"},"image":{"@id":"https:\/\/phytstore.com\/en\/product\/golden-veil-self-tanner\/#primaryimage"},"thumbnailUrl":"https:\/\/phytstore.com\/wp-content\/uploads\/2020\/03\/Voile-Dore-Autobronzant-PHYTS.png","datePublished":"2020-03-28T23:56:29+00:00","dateModified":"2024-09-11T10:53:48+00:00","description":"Gradually adorns the skin with a natural and golden tan for an all-over, uniform result. The skin becomes radiant and remains soft and supple.","breadcrumb":{"@id":"https:\/\/phytstore.com\/en\/product\/golden-veil-self-tanner\/#breadcrumb"},"inLanguage":"en-CA","potentialAction":[{"@type":"ReadAction","target":["https:\/\/phytstore.com\/en\/product\/golden-veil-self-tanner\/"]}]},{"@type":"ImageObject","inLanguage":"en-CA","@id":"https:\/\/phytstore.com\/en\/product\/golden-veil-self-tanner\/#primaryimage","url":"https:\/\/phytstore.com\/wp-content\/uploads\/2020\/03\/Voile-Dore-Autobronzant-PHYTS.png","contentUrl":"https:\/\/phytstore.com\/wp-content\/uploads\/2020\/03\/Voile-Dore-Autobronzant-PHYTS.png","width":937,"height":937},{"@type":"BreadcrumbList","@id":"https:\/\/phytstore.com\/en\/product\/golden-veil-self-tanner\/#breadcrumb","itemListElement":[{"@type":"ListItem","position":1,"name":"Home","item":"https:\/\/phytstore.com\/en\/"},{"@type":"ListItem","position":2,"name":"Shop","item":"https:\/\/phytstore.com\/en\/shop\/"},{"@type":"ListItem","position":3,"name":"Phyt\u2019s Sun Care Line","item":"https:\/\/phytstore.com\/en\/phytsolaires\/"},{"@type":"ListItem","position":4,"name":"Golden Veil Self-Tanner"}]},{"@type":"WebSite","@id":"https:\/\/phytstore.com\/en\/#website","url":"https:\/\/phytstore.com\/en\/","name":"PHYT&#039;S","description":"Fabricant et distributeur de soins certifi\u00e9s bio pour instituts de beaut\u00e9, spa et esth\u00e9ticiennes","publisher":{"@id":"https:\/\/phytstore.com\/en\/#organization"},"potentialAction":[{"@type":"SearchAction","target":{"@type":"EntryPoint","urlTemplate":"https:\/\/phytstore.com\/en\/?s={search_term_string}"},"query-input":{"@type":"PropertyValueSpecification","valueRequired":true,"valueName":"search_term_string"}}],"inLanguage":"en-CA"},{"@type":"Organization","@id":"https:\/\/phytstore.com\/en\/#organization","name":"Phyt's","url":"https:\/\/phytstore.com\/en\/","logo":{"@type":"ImageObject","inLanguage":"en-CA","@id":"https:\/\/phytstore.com\/en\/#\/schema\/logo\/image\/","url":"https:\/\/phytstore.com\/wp-content\/uploads\/2020\/03\/logo-phyts-e1585168986207.png","contentUrl":"https:\/\/phytstore.com\/wp-content\/uploads\/2020\/03\/logo-phyts-e1585168986207.png","width":200,"height":72,"caption":"Phyt's"},"image":{"@id":"https:\/\/phytstore.com\/en\/#\/schema\/logo\/image\/"},"sameAs":["https:\/\/www.facebook.com\/CJMBCosmetiques\/?ref=aymt_homepage_panel","https:\/\/www.instagram.com\/phyts_canada\/","https:\/\/www.linkedin.com\/company\/3337211\/admin\/","https:\/\/www.youtube.com\/channel\/UCEkP009p4XTU5lXjLkaKptA"]}]}},"jetpack_sharing_enabled":true,"_links":{"self":[{"href":"https:\/\/phytstore.com\/en\/wp-json\/wp\/v2\/product\/2824","targetHints":{"allow":["GET"]}}],"collection":[{"href":"https:\/\/phytstore.com\/en\/wp-json\/wp\/v2\/product"}],"about":[{"href":"https:\/\/phytstore.com\/en\/wp-json\/wp\/v2\/types\/product"}],"replies":[{"embeddable":true,"href":"https:\/\/phytstore.com\/en\/wp-json\/wp\/v2\/comments?post=2824"}],"wp:featuredmedia":[{"embeddable":true,"href":"https:\/\/phytstore.com\/en\/wp-json\/wp\/v2\/media\/6483"}],"wp:attachment":[{"href":"https:\/\/phytstore.com\/en\/wp-json\/wp\/v2\/media?parent=2824"}],"wp:term":[{"taxonomy":"product_brand","embeddable":true,"href":"https:\/\/phytstore.com\/en\/wp-json\/wp\/v2\/product_brand?post=2824"},{"taxonomy":"product_cat","embeddable":true,"href":"https:\/\/phytstore.com\/en\/wp-json\/wp\/v2\/product_cat?post=2824"},{"taxonomy":"product_tag","embeddable":true,"href":"https:\/\/phytstore.com\/en\/wp-json\/wp\/v2\/product_tag?post=2824"}],"curies":[{"name":"wp","href":"https:\/\/api.w.org\/{rel}","templated":true}]}}