{"id":2823,"date":"2020-03-28T19:56:29","date_gmt":"2020-03-28T23:56:29","guid":{"rendered":"https:\/\/phytstore.com\/produit\/bronzactiv\/"},"modified":"2024-06-21T09:47:50","modified_gmt":"2024-06-21T13:47:50","slug":"bronzactiv","status":"publish","type":"product","link":"https:\/\/phytstore.com\/en\/product\/bronzactiv\/","title":{"rendered":"Bronz&#8217;Activ"},"content":{"rendered":"<p>Before exposure, to get a nice and golden tan more quickly, apply this Organic fluid milk to face and body. It boosts the production of melanin with Pea extract, naturally without UVs. Its active formula boosts skin tanning function naturally. Rich in hydrating and nourishing* active ingredients, it leaves the skin healthy, soft and comfortable. A sensorial texture, sweetly fragranced, absorbed by the skin. Bronz&#8217;activ is a new way to prepare tanning, to adapt skin naturally by strengthening natural defenses from the sun. A better preparation and protection for the skin. A nicer and more natural tan!<br \/>\n<em>* via hydration<\/em><\/p>\n<h2><strong>Active ingredients :<\/strong><\/h2>\n<p>Pea, Aloe Vera*, Apricot*, Shea butter*, Rose*, Vegetal Glycerin, Vegetal Vitamin E<br \/>\n<em>* ingredients from Organic Farming<\/em><\/p>\n<h2><strong>How to apply my fluid milk ?<\/strong><\/h2>\n<p>Morning and evening, apply daily, 2 weeks before and during sun exposure, all over face and\/or body. Does not protect from sunrays, does not replace your sunscreen. Can be used between UV sessions.<br \/>\n<strong>Tip :<\/strong> Don&#8217;t forget to apply your <a href=\"https:\/\/phytstore.com\/en\/product\/spf-30-protective-cream\/\"><strong>SPF 30 Protective Cream<\/strong><\/a> before sun exposure.<\/p>\n","protected":false},"excerpt":{"rendered":"<p><a href=\"https:\/\/phytstore.com\/wp-content\/uploads\/2020\/04\/Bio-99-Vegan.png\"><img loading=\"lazy\" decoding=\"async\" class=\"alignnone size-full wp-image-5333\" src=\"https:\/\/phytstore.com\/wp-content\/uploads\/2020\/04\/Bio-99-Vegan.png\" alt=\"\" width=\"274\" height=\"47\" srcset=\"https:\/\/phytstore.com\/wp-content\/uploads\/2020\/04\/Bio-99-Vegan.png 274w, https:\/\/phytstore.com\/wp-content\/uploads\/2020\/04\/Bio-99-Vegan-150x26.png 150w\" sizes=\"auto, (max-width: 274px) 100vw, 274px\" \/><\/a><\/p>\n<p>Tan Activator Milk &#8211; Face &amp; Body<\/p>\n<p><strong>Skin type : <\/strong>All skin types<br \/>\n<strong>Expectations :<\/strong> Prepares, activates, reinforces defenses<br \/>\n<strong>Presentation : <\/strong>100 ml pump-tube<\/p>\n","protected":false},"featured_media":6480,"comment_status":"closed","ping_status":"closed","template":"","meta":{"_acf_changed":false,"inline_featured_image":false},"product_brand":[],"product_cat":[87,224,225],"product_tag":[],"class_list":{"0":"post-2823","1":"product","2":"type-product","3":"status-publish","4":"has-post-thumbnail","6":"product_cat-phytsolaires-en","7":"product_cat-prepare","8":"product_cat-protect-tan","10":"first","11":"instock","12":"taxable","13":"shipping-taxable","14":"purchasable","15":"product-type-simple"},"acf":[],"yoast_head":"<!-- This site is optimized with the Yoast SEO plugin v27.1.1 - https:\/\/yoast.com\/product\/yoast-seo-wordpress\/ -->\n<title>Bronz&#039;Activ - PHYT&#039;S - natural and organic cosmetics<\/title>\n<meta name=\"description\" content=\"Before exposure, to get a nice and golden tan more quickly, apply this fluid milk to face and body. Boosts the production of melanin with pea extract.\" \/>\n<meta name=\"robots\" content=\"index, follow, max-snippet:-1, max-image-preview:large, max-video-preview:-1\" \/>\n<link rel=\"canonical\" href=\"https:\/\/phytstore.com\/en\/product\/bronzactiv\/\" \/>\n<meta property=\"og:locale\" content=\"en_US\" \/>\n<meta property=\"og:type\" content=\"article\" \/>\n<meta property=\"og:title\" content=\"Bronz&#039;Activ - PHYT&#039;S - natural and organic cosmetics\" \/>\n<meta property=\"og:description\" content=\"Before exposure, to get a nice and golden tan more quickly, apply this fluid milk to face and body. Boosts the production of melanin with pea extract.\" \/>\n<meta property=\"og:url\" content=\"https:\/\/phytstore.com\/en\/product\/bronzactiv\/\" \/>\n<meta property=\"og:site_name\" content=\"PHYT&#039;S\" \/>\n<meta property=\"article:publisher\" content=\"https:\/\/www.facebook.com\/CJMBCosmetiques\/?ref=aymt_homepage_panel\" \/>\n<meta property=\"article:modified_time\" content=\"2024-06-21T13:47:50+00:00\" \/>\n<meta name=\"twitter:card\" content=\"summary_large_image\" \/>\n<meta name=\"twitter:label1\" content=\"Est. reading time\" \/>\n\t<meta name=\"twitter:data1\" content=\"1 minute\" \/>\n<script type=\"application\/ld+json\" class=\"yoast-schema-graph\">{\"@context\":\"https:\/\/schema.org\",\"@graph\":[{\"@type\":\"WebPage\",\"@id\":\"https:\/\/phytstore.com\/en\/product\/bronzactiv\/\",\"url\":\"https:\/\/phytstore.com\/en\/product\/bronzactiv\/\",\"name\":\"Bronz'Activ - PHYT&#039;S - natural and organic cosmetics\",\"isPartOf\":{\"@id\":\"https:\/\/phytstore.com\/en\/#website\"},\"primaryImageOfPage\":{\"@id\":\"https:\/\/phytstore.com\/en\/product\/bronzactiv\/#primaryimage\"},\"image\":{\"@id\":\"https:\/\/phytstore.com\/en\/product\/bronzactiv\/#primaryimage\"},\"thumbnailUrl\":\"https:\/\/phytstore.com\/wp-content\/uploads\/2020\/03\/BronzActiv-PHYTS.png\",\"datePublished\":\"2020-03-28T23:56:29+00:00\",\"dateModified\":\"2024-06-21T13:47:50+00:00\",\"description\":\"Before exposure, to get a nice and golden tan more quickly, apply this fluid milk to face and body. Boosts the production of melanin with pea extract.\",\"breadcrumb\":{\"@id\":\"https:\/\/phytstore.com\/en\/product\/bronzactiv\/#breadcrumb\"},\"inLanguage\":\"en-CA\",\"potentialAction\":[{\"@type\":\"ReadAction\",\"target\":[\"https:\/\/phytstore.com\/en\/product\/bronzactiv\/\"]}]},{\"@type\":\"ImageObject\",\"inLanguage\":\"en-CA\",\"@id\":\"https:\/\/phytstore.com\/en\/product\/bronzactiv\/#primaryimage\",\"url\":\"https:\/\/phytstore.com\/wp-content\/uploads\/2020\/03\/BronzActiv-PHYTS.png\",\"contentUrl\":\"https:\/\/phytstore.com\/wp-content\/uploads\/2020\/03\/BronzActiv-PHYTS.png\",\"width\":937,\"height\":937},{\"@type\":\"BreadcrumbList\",\"@id\":\"https:\/\/phytstore.com\/en\/product\/bronzactiv\/#breadcrumb\",\"itemListElement\":[{\"@type\":\"ListItem\",\"position\":1,\"name\":\"Home\",\"item\":\"https:\/\/phytstore.com\/en\/\"},{\"@type\":\"ListItem\",\"position\":2,\"name\":\"Shop\",\"item\":\"https:\/\/phytstore.com\/en\/shop\/\"},{\"@type\":\"ListItem\",\"position\":3,\"name\":\"Phyt\u2019s Sun Care Line\",\"item\":\"https:\/\/phytstore.com\/en\/phytsolaires\/\"},{\"@type\":\"ListItem\",\"position\":4,\"name\":\"Bronz&rsquo;Activ\"}]},{\"@type\":\"WebSite\",\"@id\":\"https:\/\/phytstore.com\/en\/#website\",\"url\":\"https:\/\/phytstore.com\/en\/\",\"name\":\"PHYT&#039;S\",\"description\":\"Fabricant et distributeur de soins certifi\u00e9s bio pour instituts de beaut\u00e9, spa et esth\u00e9ticiennes\",\"publisher\":{\"@id\":\"https:\/\/phytstore.com\/en\/#organization\"},\"potentialAction\":[{\"@type\":\"SearchAction\",\"target\":{\"@type\":\"EntryPoint\",\"urlTemplate\":\"https:\/\/phytstore.com\/en\/?s={search_term_string}\"},\"query-input\":{\"@type\":\"PropertyValueSpecification\",\"valueRequired\":true,\"valueName\":\"search_term_string\"}}],\"inLanguage\":\"en-CA\"},{\"@type\":\"Organization\",\"@id\":\"https:\/\/phytstore.com\/en\/#organization\",\"name\":\"Phyt's\",\"url\":\"https:\/\/phytstore.com\/en\/\",\"logo\":{\"@type\":\"ImageObject\",\"inLanguage\":\"en-CA\",\"@id\":\"https:\/\/phytstore.com\/en\/#\/schema\/logo\/image\/\",\"url\":\"https:\/\/phytstore.com\/wp-content\/uploads\/2020\/03\/logo-phyts-e1585168986207.png\",\"contentUrl\":\"https:\/\/phytstore.com\/wp-content\/uploads\/2020\/03\/logo-phyts-e1585168986207.png\",\"width\":200,\"height\":72,\"caption\":\"Phyt's\"},\"image\":{\"@id\":\"https:\/\/phytstore.com\/en\/#\/schema\/logo\/image\/\"},\"sameAs\":[\"https:\/\/www.facebook.com\/CJMBCosmetiques\/?ref=aymt_homepage_panel\",\"https:\/\/www.instagram.com\/phyts_canada\/\",\"https:\/\/www.linkedin.com\/company\/3337211\/admin\/\",\"https:\/\/www.youtube.com\/channel\/UCEkP009p4XTU5lXjLkaKptA\"]}]}<\/script>\n<!-- \/ Yoast SEO plugin. -->","yoast_head_json":{"title":"Bronz'Activ - PHYT&#039;S - natural and organic cosmetics","description":"Before exposure, to get a nice and golden tan more quickly, apply this fluid milk to face and body. Boosts the production of melanin with pea extract.","robots":{"index":"index","follow":"follow","max-snippet":"max-snippet:-1","max-image-preview":"max-image-preview:large","max-video-preview":"max-video-preview:-1"},"canonical":"https:\/\/phytstore.com\/en\/product\/bronzactiv\/","og_locale":"en_US","og_type":"article","og_title":"Bronz'Activ - PHYT&#039;S - natural and organic cosmetics","og_description":"Before exposure, to get a nice and golden tan more quickly, apply this fluid milk to face and body. Boosts the production of melanin with pea extract.","og_url":"https:\/\/phytstore.com\/en\/product\/bronzactiv\/","og_site_name":"PHYT&#039;S","article_publisher":"https:\/\/www.facebook.com\/CJMBCosmetiques\/?ref=aymt_homepage_panel","article_modified_time":"2024-06-21T13:47:50+00:00","twitter_card":"summary_large_image","twitter_misc":{"Est. reading time":"1 minute"},"schema":{"@context":"https:\/\/schema.org","@graph":[{"@type":"WebPage","@id":"https:\/\/phytstore.com\/en\/product\/bronzactiv\/","url":"https:\/\/phytstore.com\/en\/product\/bronzactiv\/","name":"Bronz'Activ - PHYT&#039;S - natural and organic cosmetics","isPartOf":{"@id":"https:\/\/phytstore.com\/en\/#website"},"primaryImageOfPage":{"@id":"https:\/\/phytstore.com\/en\/product\/bronzactiv\/#primaryimage"},"image":{"@id":"https:\/\/phytstore.com\/en\/product\/bronzactiv\/#primaryimage"},"thumbnailUrl":"https:\/\/phytstore.com\/wp-content\/uploads\/2020\/03\/BronzActiv-PHYTS.png","datePublished":"2020-03-28T23:56:29+00:00","dateModified":"2024-06-21T13:47:50+00:00","description":"Before exposure, to get a nice and golden tan more quickly, apply this fluid milk to face and body. Boosts the production of melanin with pea extract.","breadcrumb":{"@id":"https:\/\/phytstore.com\/en\/product\/bronzactiv\/#breadcrumb"},"inLanguage":"en-CA","potentialAction":[{"@type":"ReadAction","target":["https:\/\/phytstore.com\/en\/product\/bronzactiv\/"]}]},{"@type":"ImageObject","inLanguage":"en-CA","@id":"https:\/\/phytstore.com\/en\/product\/bronzactiv\/#primaryimage","url":"https:\/\/phytstore.com\/wp-content\/uploads\/2020\/03\/BronzActiv-PHYTS.png","contentUrl":"https:\/\/phytstore.com\/wp-content\/uploads\/2020\/03\/BronzActiv-PHYTS.png","width":937,"height":937},{"@type":"BreadcrumbList","@id":"https:\/\/phytstore.com\/en\/product\/bronzactiv\/#breadcrumb","itemListElement":[{"@type":"ListItem","position":1,"name":"Home","item":"https:\/\/phytstore.com\/en\/"},{"@type":"ListItem","position":2,"name":"Shop","item":"https:\/\/phytstore.com\/en\/shop\/"},{"@type":"ListItem","position":3,"name":"Phyt\u2019s Sun Care Line","item":"https:\/\/phytstore.com\/en\/phytsolaires\/"},{"@type":"ListItem","position":4,"name":"Bronz&rsquo;Activ"}]},{"@type":"WebSite","@id":"https:\/\/phytstore.com\/en\/#website","url":"https:\/\/phytstore.com\/en\/","name":"PHYT&#039;S","description":"Fabricant et distributeur de soins certifi\u00e9s bio pour instituts de beaut\u00e9, spa et esth\u00e9ticiennes","publisher":{"@id":"https:\/\/phytstore.com\/en\/#organization"},"potentialAction":[{"@type":"SearchAction","target":{"@type":"EntryPoint","urlTemplate":"https:\/\/phytstore.com\/en\/?s={search_term_string}"},"query-input":{"@type":"PropertyValueSpecification","valueRequired":true,"valueName":"search_term_string"}}],"inLanguage":"en-CA"},{"@type":"Organization","@id":"https:\/\/phytstore.com\/en\/#organization","name":"Phyt's","url":"https:\/\/phytstore.com\/en\/","logo":{"@type":"ImageObject","inLanguage":"en-CA","@id":"https:\/\/phytstore.com\/en\/#\/schema\/logo\/image\/","url":"https:\/\/phytstore.com\/wp-content\/uploads\/2020\/03\/logo-phyts-e1585168986207.png","contentUrl":"https:\/\/phytstore.com\/wp-content\/uploads\/2020\/03\/logo-phyts-e1585168986207.png","width":200,"height":72,"caption":"Phyt's"},"image":{"@id":"https:\/\/phytstore.com\/en\/#\/schema\/logo\/image\/"},"sameAs":["https:\/\/www.facebook.com\/CJMBCosmetiques\/?ref=aymt_homepage_panel","https:\/\/www.instagram.com\/phyts_canada\/","https:\/\/www.linkedin.com\/company\/3337211\/admin\/","https:\/\/www.youtube.com\/channel\/UCEkP009p4XTU5lXjLkaKptA"]}]}},"jetpack_sharing_enabled":true,"_links":{"self":[{"href":"https:\/\/phytstore.com\/en\/wp-json\/wp\/v2\/product\/2823","targetHints":{"allow":["GET"]}}],"collection":[{"href":"https:\/\/phytstore.com\/en\/wp-json\/wp\/v2\/product"}],"about":[{"href":"https:\/\/phytstore.com\/en\/wp-json\/wp\/v2\/types\/product"}],"replies":[{"embeddable":true,"href":"https:\/\/phytstore.com\/en\/wp-json\/wp\/v2\/comments?post=2823"}],"wp:featuredmedia":[{"embeddable":true,"href":"https:\/\/phytstore.com\/en\/wp-json\/wp\/v2\/media\/6480"}],"wp:attachment":[{"href":"https:\/\/phytstore.com\/en\/wp-json\/wp\/v2\/media?parent=2823"}],"wp:term":[{"taxonomy":"product_brand","embeddable":true,"href":"https:\/\/phytstore.com\/en\/wp-json\/wp\/v2\/product_brand?post=2823"},{"taxonomy":"product_cat","embeddable":true,"href":"https:\/\/phytstore.com\/en\/wp-json\/wp\/v2\/product_cat?post=2823"},{"taxonomy":"product_tag","embeddable":true,"href":"https:\/\/phytstore.com\/en\/wp-json\/wp\/v2\/product_tag?post=2823"}],"curies":[{"name":"wp","href":"https:\/\/api.w.org\/{rel}","templated":true}]}}