{"id":2822,"date":"2020-03-28T19:56:29","date_gmt":"2020-03-28T23:56:29","guid":{"rendered":"https:\/\/phytstore.com\/produit\/creme-protectrice-spf-30\/"},"modified":"2024-07-17T10:46:39","modified_gmt":"2024-07-17T14:46:39","slug":"creme-protectrice-spf-30","status":"publish","type":"product","link":"https:\/\/phytstore.com\/en\/product\/spf-30-protective-cream\/","title":{"rendered":"SPF 30 Protective Sun Fluid"},"content":{"rendered":"<p>Provides high anti-UVA-UVB protection. Fluid texture with convenient application, leaving no white marks. Perfect for the face, but also the body. Rich in anti-aging vegetal vitamin E.<br \/>\nNatural Health Product NPN 80129250<\/p>\n<h2><strong>Active ingredients :<\/strong><\/h2>\n<p>Natural mineral Sunscreens (zinc oxide (21%) &amp; titanium dioxide (1,045%)), Hazelnut oil*, Shea butter*, Jojoba*, Aloe Ferox, Pongomia extract*, Natural vitamin E<br \/>\n<em>* ingredients from Organic farming<\/em><\/p>\n<h2><strong>How to apply my SPF 30 protective cream ?<\/strong><\/h2>\n<p>Apply generously to the face and sensitive areas from the beginning of sun exposure. Reapply frequently (every 2 hours) and after swimming. Do not expose your skin to the sun for long periods and stay out of the sun between 12 AM and 4 PM. Does not offer 100% protection. Sun over-exposure is a serious threat for your health. Can remplace day cream.<br \/>\n<strong>Tips :<\/strong> 2 weeks before sun exposure, use the <strong><a href=\"https:\/\/phytstore.com\/produit\/bronzactiv\/\">Bronz&#8217;Activ<\/a><\/strong>. After sun exposure, use the <strong><a href=\"https:\/\/phytstore.com\/produit\/creme-apres-soleil\/\">After-Sun Cream<\/a> <\/strong>and\/or the<strong> <a href=\"https:\/\/phytstore.com\/produit\/sublimateur-de-bronzage\/\">Tan Enhancer<\/a><\/strong>.<\/p>\n","protected":false},"excerpt":{"rendered":"<p><img loading=\"lazy\" decoding=\"async\" class=\"alignnone size-full wp-image-4933\" src=\"https:\/\/phytstore.com\/wp-content\/uploads\/2020\/03\/100-Vegan-Ocean-1.png\" alt=\"\" width=\"274\" height=\"53\" \/><\/p>\n<p>High Protection &amp; Anti-Aging (UVA-UVB)<\/p>\n<p><strong>Skin type :<\/strong> All skin types &#8211; Face &amp; Body<br \/>\n<strong>Expectations :<\/strong> Protects, anti-aging<br \/>\n<strong>Presentation :<\/strong> 100 ml pump-bottle<\/p>\n","protected":false},"featured_media":7565,"comment_status":"closed","ping_status":"closed","template":"","meta":{"_acf_changed":false,"inline_featured_image":false},"product_brand":[],"product_cat":[87,225],"product_tag":[],"class_list":{"0":"post-2822","1":"product","2":"type-product","3":"status-publish","4":"has-post-thumbnail","6":"product_cat-phytsolaires-en","7":"product_cat-protect-tan","9":"first","10":"instock","11":"taxable","12":"shipping-taxable","13":"purchasable","14":"product-type-simple"},"acf":[],"yoast_head":"<!-- This site is optimized with the Yoast SEO plugin v27.1.1 - https:\/\/yoast.com\/product\/yoast-seo-wordpress\/ -->\n<title>SPF 30 Sun Screen - PHYT&#039;S - 100% natural &amp; Organic<\/title>\n<meta name=\"description\" content=\"Provides high anti-UVA-UVB protection. Fluid texture with convenient application, leaving no white marks. Rich in anti-aging vegetal vitamin E. NPN 80129250\" \/>\n<meta name=\"robots\" content=\"index, follow, max-snippet:-1, max-image-preview:large, max-video-preview:-1\" \/>\n<link rel=\"canonical\" href=\"https:\/\/phytstore.com\/en\/product\/spf-30-protective-cream\/\" \/>\n<meta property=\"og:locale\" content=\"en_US\" \/>\n<meta property=\"og:type\" content=\"article\" \/>\n<meta property=\"og:title\" content=\"SPF 30 Sun Screen - PHYT&#039;S - 100% natural &amp; Organic\" \/>\n<meta property=\"og:description\" content=\"Provides high anti-UVA-UVB protection. Fluid texture with convenient application, leaving no white marks. Rich in anti-aging vegetal vitamin E. NPN 80129250\" \/>\n<meta property=\"og:url\" content=\"https:\/\/phytstore.com\/en\/product\/spf-30-protective-cream\/\" \/>\n<meta property=\"og:site_name\" content=\"PHYT&#039;S\" \/>\n<meta property=\"article:publisher\" content=\"https:\/\/www.facebook.com\/CJMBCosmetiques\/?ref=aymt_homepage_panel\" \/>\n<meta property=\"article:modified_time\" content=\"2024-07-17T14:46:39+00:00\" \/>\n<meta property=\"og:image\" content=\"https:\/\/phytstore.com\/wp-content\/uploads\/2020\/03\/spf-30-1.jpg\" \/>\n\t<meta property=\"og:image:width\" content=\"1080\" \/>\n\t<meta property=\"og:image:height\" content=\"1080\" \/>\n\t<meta property=\"og:image:type\" content=\"image\/jpeg\" \/>\n<meta name=\"twitter:card\" content=\"summary_large_image\" \/>\n<meta name=\"twitter:label1\" content=\"Est. reading time\" \/>\n\t<meta name=\"twitter:data1\" content=\"1 minute\" \/>\n<script type=\"application\/ld+json\" class=\"yoast-schema-graph\">{\"@context\":\"https:\/\/schema.org\",\"@graph\":[{\"@type\":\"WebPage\",\"@id\":\"https:\/\/phytstore.com\/en\/product\/spf-30-protective-cream\/\",\"url\":\"https:\/\/phytstore.com\/en\/product\/spf-30-protective-cream\/\",\"name\":\"SPF 30 Sun Screen - PHYT&#039;S - 100% natural & Organic\",\"isPartOf\":{\"@id\":\"https:\/\/phytstore.com\/en\/#website\"},\"primaryImageOfPage\":{\"@id\":\"https:\/\/phytstore.com\/en\/product\/spf-30-protective-cream\/#primaryimage\"},\"image\":{\"@id\":\"https:\/\/phytstore.com\/en\/product\/spf-30-protective-cream\/#primaryimage\"},\"thumbnailUrl\":\"https:\/\/phytstore.com\/wp-content\/uploads\/2020\/03\/spf-30-1.jpg\",\"datePublished\":\"2020-03-28T23:56:29+00:00\",\"dateModified\":\"2024-07-17T14:46:39+00:00\",\"description\":\"Provides high anti-UVA-UVB protection. Fluid texture with convenient application, leaving no white marks. Rich in anti-aging vegetal vitamin E. NPN 80129250\",\"breadcrumb\":{\"@id\":\"https:\/\/phytstore.com\/en\/product\/spf-30-protective-cream\/#breadcrumb\"},\"inLanguage\":\"en-CA\",\"potentialAction\":[{\"@type\":\"ReadAction\",\"target\":[\"https:\/\/phytstore.com\/en\/product\/spf-30-protective-cream\/\"]}]},{\"@type\":\"ImageObject\",\"inLanguage\":\"en-CA\",\"@id\":\"https:\/\/phytstore.com\/en\/product\/spf-30-protective-cream\/#primaryimage\",\"url\":\"https:\/\/phytstore.com\/wp-content\/uploads\/2020\/03\/spf-30-1.jpg\",\"contentUrl\":\"https:\/\/phytstore.com\/wp-content\/uploads\/2020\/03\/spf-30-1.jpg\",\"width\":1080,\"height\":1080},{\"@type\":\"BreadcrumbList\",\"@id\":\"https:\/\/phytstore.com\/en\/product\/spf-30-protective-cream\/#breadcrumb\",\"itemListElement\":[{\"@type\":\"ListItem\",\"position\":1,\"name\":\"Home\",\"item\":\"https:\/\/phytstore.com\/en\/\"},{\"@type\":\"ListItem\",\"position\":2,\"name\":\"Shop\",\"item\":\"https:\/\/phytstore.com\/en\/shop\/\"},{\"@type\":\"ListItem\",\"position\":3,\"name\":\"Phyt\u2019s Sun Care Line\",\"item\":\"https:\/\/phytstore.com\/en\/phytsolaires\/\"},{\"@type\":\"ListItem\",\"position\":4,\"name\":\"Sun Care\",\"item\":\"https:\/\/phytstore.com\/en\/sun-care\/\"},{\"@type\":\"ListItem\",\"position\":5,\"name\":\"Organic Sunscreen Cream\",\"item\":\"https:\/\/phytstore.com\/en\/phytsolaires\/organic-sunscreen\/\"},{\"@type\":\"ListItem\",\"position\":6,\"name\":\"SPF 30 Protective Sun Fluid\"}]},{\"@type\":\"WebSite\",\"@id\":\"https:\/\/phytstore.com\/en\/#website\",\"url\":\"https:\/\/phytstore.com\/en\/\",\"name\":\"PHYT&#039;S\",\"description\":\"Fabricant et distributeur de soins certifi\u00e9s bio pour instituts de beaut\u00e9, spa et esth\u00e9ticiennes\",\"publisher\":{\"@id\":\"https:\/\/phytstore.com\/en\/#organization\"},\"potentialAction\":[{\"@type\":\"SearchAction\",\"target\":{\"@type\":\"EntryPoint\",\"urlTemplate\":\"https:\/\/phytstore.com\/en\/?s={search_term_string}\"},\"query-input\":{\"@type\":\"PropertyValueSpecification\",\"valueRequired\":true,\"valueName\":\"search_term_string\"}}],\"inLanguage\":\"en-CA\"},{\"@type\":\"Organization\",\"@id\":\"https:\/\/phytstore.com\/en\/#organization\",\"name\":\"Phyt's\",\"url\":\"https:\/\/phytstore.com\/en\/\",\"logo\":{\"@type\":\"ImageObject\",\"inLanguage\":\"en-CA\",\"@id\":\"https:\/\/phytstore.com\/en\/#\/schema\/logo\/image\/\",\"url\":\"https:\/\/phytstore.com\/wp-content\/uploads\/2020\/03\/logo-phyts-e1585168986207.png\",\"contentUrl\":\"https:\/\/phytstore.com\/wp-content\/uploads\/2020\/03\/logo-phyts-e1585168986207.png\",\"width\":200,\"height\":72,\"caption\":\"Phyt's\"},\"image\":{\"@id\":\"https:\/\/phytstore.com\/en\/#\/schema\/logo\/image\/\"},\"sameAs\":[\"https:\/\/www.facebook.com\/CJMBCosmetiques\/?ref=aymt_homepage_panel\",\"https:\/\/www.instagram.com\/phyts_canada\/\",\"https:\/\/www.linkedin.com\/company\/3337211\/admin\/\",\"https:\/\/www.youtube.com\/channel\/UCEkP009p4XTU5lXjLkaKptA\"]}]}<\/script>\n<!-- \/ Yoast SEO plugin. -->","yoast_head_json":{"title":"SPF 30 Sun Screen - PHYT&#039;S - 100% natural & Organic","description":"Provides high anti-UVA-UVB protection. Fluid texture with convenient application, leaving no white marks. Rich in anti-aging vegetal vitamin E. NPN 80129250","robots":{"index":"index","follow":"follow","max-snippet":"max-snippet:-1","max-image-preview":"max-image-preview:large","max-video-preview":"max-video-preview:-1"},"canonical":"https:\/\/phytstore.com\/en\/product\/spf-30-protective-cream\/","og_locale":"en_US","og_type":"article","og_title":"SPF 30 Sun Screen - PHYT&#039;S - 100% natural & Organic","og_description":"Provides high anti-UVA-UVB protection. Fluid texture with convenient application, leaving no white marks. Rich in anti-aging vegetal vitamin E. NPN 80129250","og_url":"https:\/\/phytstore.com\/en\/product\/spf-30-protective-cream\/","og_site_name":"PHYT&#039;S","article_publisher":"https:\/\/www.facebook.com\/CJMBCosmetiques\/?ref=aymt_homepage_panel","article_modified_time":"2024-07-17T14:46:39+00:00","og_image":[{"width":1080,"height":1080,"url":"https:\/\/phytstore.com\/wp-content\/uploads\/2020\/03\/spf-30-1.jpg","type":"image\/jpeg"}],"twitter_card":"summary_large_image","twitter_misc":{"Est. reading time":"1 minute"},"schema":{"@context":"https:\/\/schema.org","@graph":[{"@type":"WebPage","@id":"https:\/\/phytstore.com\/en\/product\/spf-30-protective-cream\/","url":"https:\/\/phytstore.com\/en\/product\/spf-30-protective-cream\/","name":"SPF 30 Sun Screen - PHYT&#039;S - 100% natural & Organic","isPartOf":{"@id":"https:\/\/phytstore.com\/en\/#website"},"primaryImageOfPage":{"@id":"https:\/\/phytstore.com\/en\/product\/spf-30-protective-cream\/#primaryimage"},"image":{"@id":"https:\/\/phytstore.com\/en\/product\/spf-30-protective-cream\/#primaryimage"},"thumbnailUrl":"https:\/\/phytstore.com\/wp-content\/uploads\/2020\/03\/spf-30-1.jpg","datePublished":"2020-03-28T23:56:29+00:00","dateModified":"2024-07-17T14:46:39+00:00","description":"Provides high anti-UVA-UVB protection. Fluid texture with convenient application, leaving no white marks. Rich in anti-aging vegetal vitamin E. NPN 80129250","breadcrumb":{"@id":"https:\/\/phytstore.com\/en\/product\/spf-30-protective-cream\/#breadcrumb"},"inLanguage":"en-CA","potentialAction":[{"@type":"ReadAction","target":["https:\/\/phytstore.com\/en\/product\/spf-30-protective-cream\/"]}]},{"@type":"ImageObject","inLanguage":"en-CA","@id":"https:\/\/phytstore.com\/en\/product\/spf-30-protective-cream\/#primaryimage","url":"https:\/\/phytstore.com\/wp-content\/uploads\/2020\/03\/spf-30-1.jpg","contentUrl":"https:\/\/phytstore.com\/wp-content\/uploads\/2020\/03\/spf-30-1.jpg","width":1080,"height":1080},{"@type":"BreadcrumbList","@id":"https:\/\/phytstore.com\/en\/product\/spf-30-protective-cream\/#breadcrumb","itemListElement":[{"@type":"ListItem","position":1,"name":"Home","item":"https:\/\/phytstore.com\/en\/"},{"@type":"ListItem","position":2,"name":"Shop","item":"https:\/\/phytstore.com\/en\/shop\/"},{"@type":"ListItem","position":3,"name":"Phyt\u2019s Sun Care Line","item":"https:\/\/phytstore.com\/en\/phytsolaires\/"},{"@type":"ListItem","position":4,"name":"Sun Care","item":"https:\/\/phytstore.com\/en\/sun-care\/"},{"@type":"ListItem","position":5,"name":"Organic Sunscreen Cream","item":"https:\/\/phytstore.com\/en\/phytsolaires\/organic-sunscreen\/"},{"@type":"ListItem","position":6,"name":"SPF 30 Protective Sun Fluid"}]},{"@type":"WebSite","@id":"https:\/\/phytstore.com\/en\/#website","url":"https:\/\/phytstore.com\/en\/","name":"PHYT&#039;S","description":"Fabricant et distributeur de soins certifi\u00e9s bio pour instituts de beaut\u00e9, spa et esth\u00e9ticiennes","publisher":{"@id":"https:\/\/phytstore.com\/en\/#organization"},"potentialAction":[{"@type":"SearchAction","target":{"@type":"EntryPoint","urlTemplate":"https:\/\/phytstore.com\/en\/?s={search_term_string}"},"query-input":{"@type":"PropertyValueSpecification","valueRequired":true,"valueName":"search_term_string"}}],"inLanguage":"en-CA"},{"@type":"Organization","@id":"https:\/\/phytstore.com\/en\/#organization","name":"Phyt's","url":"https:\/\/phytstore.com\/en\/","logo":{"@type":"ImageObject","inLanguage":"en-CA","@id":"https:\/\/phytstore.com\/en\/#\/schema\/logo\/image\/","url":"https:\/\/phytstore.com\/wp-content\/uploads\/2020\/03\/logo-phyts-e1585168986207.png","contentUrl":"https:\/\/phytstore.com\/wp-content\/uploads\/2020\/03\/logo-phyts-e1585168986207.png","width":200,"height":72,"caption":"Phyt's"},"image":{"@id":"https:\/\/phytstore.com\/en\/#\/schema\/logo\/image\/"},"sameAs":["https:\/\/www.facebook.com\/CJMBCosmetiques\/?ref=aymt_homepage_panel","https:\/\/www.instagram.com\/phyts_canada\/","https:\/\/www.linkedin.com\/company\/3337211\/admin\/","https:\/\/www.youtube.com\/channel\/UCEkP009p4XTU5lXjLkaKptA"]}]}},"jetpack_sharing_enabled":true,"_links":{"self":[{"href":"https:\/\/phytstore.com\/en\/wp-json\/wp\/v2\/product\/2822","targetHints":{"allow":["GET"]}}],"collection":[{"href":"https:\/\/phytstore.com\/en\/wp-json\/wp\/v2\/product"}],"about":[{"href":"https:\/\/phytstore.com\/en\/wp-json\/wp\/v2\/types\/product"}],"replies":[{"embeddable":true,"href":"https:\/\/phytstore.com\/en\/wp-json\/wp\/v2\/comments?post=2822"}],"wp:featuredmedia":[{"embeddable":true,"href":"https:\/\/phytstore.com\/en\/wp-json\/wp\/v2\/media\/7565"}],"wp:attachment":[{"href":"https:\/\/phytstore.com\/en\/wp-json\/wp\/v2\/media?parent=2822"}],"wp:term":[{"taxonomy":"product_brand","embeddable":true,"href":"https:\/\/phytstore.com\/en\/wp-json\/wp\/v2\/product_brand?post=2822"},{"taxonomy":"product_cat","embeddable":true,"href":"https:\/\/phytstore.com\/en\/wp-json\/wp\/v2\/product_cat?post=2822"},{"taxonomy":"product_tag","embeddable":true,"href":"https:\/\/phytstore.com\/en\/wp-json\/wp\/v2\/product_tag?post=2822"}],"curies":[{"name":"wp","href":"https:\/\/api.w.org\/{rel}","templated":true}]}}