{"id":2820,"date":"2020-03-28T19:56:29","date_gmt":"2020-03-28T23:56:29","guid":{"rendered":"https:\/\/phytstore.com\/produit\/sublimateur-de-bronzage\/"},"modified":"2023-07-11T13:49:11","modified_gmt":"2023-07-11T17:49:11","slug":"sublimateur-de-bronzage","status":"publish","type":"product","link":"https:\/\/phytstore.com\/en\/product\/tan-enhancer\/","title":{"rendered":"Tan Enhancer"},"content":{"rendered":"<p>Real comforting and irresistible tan enhancer, this Organic milky fluid helps increase and prolong the tan. Its treating and light textured formulation leaves instantly a fresh and comfortable film on the skin after sun exposure. Sweetly creamy and fragranced, it is quickly absorbed and leaves the skin soothed and soft. Day after day, your skin is hydrated, your tan prolonged and enhanced! For anybody who wants prolonged and enhanced tan without intense sun exposure.<\/p>\n<h2><strong>Active ingredients :<\/strong><\/h2>\n<p>Carob, Aloe Vera*, Rose*, Coconut*, Vegetal Bisabolol, Vegetal Vitamin E<br \/>\n<em>* ingredients from organic farming<\/em><\/p>\n<h2><strong>How to apply my tan enhancer ?<\/strong><\/h2>\n<p>After sun exposure and back from holidays, spray abundantly and apply evenly all over face and body. Repeat application as often as necessary.<\/p>\n","protected":false},"excerpt":{"rendered":"<p><a href=\"https:\/\/phytstore.com\/wp-content\/uploads\/2020\/04\/Bio-99-Vegan.png\"><img loading=\"lazy\" decoding=\"async\" class=\"alignnone size-full wp-image-5333\" src=\"https:\/\/phytstore.com\/wp-content\/uploads\/2020\/04\/Bio-99-Vegan.png\" alt=\"\" width=\"274\" height=\"47\" srcset=\"https:\/\/phytstore.com\/wp-content\/uploads\/2020\/04\/Bio-99-Vegan.png 274w, https:\/\/phytstore.com\/wp-content\/uploads\/2020\/04\/Bio-99-Vegan-150x26.png 150w\" sizes=\"auto, (max-width: 274px) 100vw, 274px\" \/><\/a><\/p>\n<p>Intensifies &amp; prolongs &#8211; Face &amp; Body<\/p>\n<p><strong>Skin type : <\/strong>All skin types<br \/>\n<strong>Expectations :<\/strong> Enhances, soothes, hydrates<br \/>\n<strong>Presentation :<\/strong> 100 ml spray-bottle<\/p>\n","protected":false},"featured_media":6478,"comment_status":"closed","ping_status":"closed","template":"","meta":{"_acf_changed":false,"inline_featured_image":false},"product_brand":[],"product_cat":[87,226],"product_tag":[],"class_list":{"0":"post-2820","1":"product","2":"type-product","3":"status-publish","4":"has-post-thumbnail","6":"product_cat-phytsolaires-en","7":"product_cat-after-sun-care","9":"first","10":"instock","11":"taxable","12":"shipping-taxable","13":"purchasable","14":"product-type-simple"},"acf":[],"yoast_head":"<!-- This site is optimized with the Yoast SEO plugin v27.1.1 - https:\/\/yoast.com\/product\/yoast-seo-wordpress\/ -->\n<title>Tan Enhancer - PHYT&#039;S - Natural &amp; organic sun cares<\/title>\n<meta name=\"description\" content=\"Real comforting and irresistible tan enhancer, this Organic milky fluid helps increase and prolong the tan. Prolonged tan without intense sun exposure.\" \/>\n<meta name=\"robots\" content=\"index, follow, max-snippet:-1, max-image-preview:large, max-video-preview:-1\" \/>\n<link rel=\"canonical\" href=\"https:\/\/phytstore.com\/en\/product\/tan-enhancer\/\" \/>\n<meta property=\"og:locale\" content=\"en_US\" \/>\n<meta property=\"og:type\" content=\"article\" \/>\n<meta property=\"og:title\" content=\"Tan Enhancer - PHYT&#039;S - Natural &amp; organic sun cares\" \/>\n<meta property=\"og:description\" content=\"Real comforting and irresistible tan enhancer, this Organic milky fluid helps increase and prolong the tan. Prolonged tan without intense sun exposure.\" \/>\n<meta property=\"og:url\" content=\"https:\/\/phytstore.com\/en\/product\/tan-enhancer\/\" \/>\n<meta property=\"og:site_name\" content=\"PHYT&#039;S\" \/>\n<meta property=\"article:publisher\" content=\"https:\/\/www.facebook.com\/CJMBCosmetiques\/?ref=aymt_homepage_panel\" \/>\n<meta property=\"article:modified_time\" content=\"2023-07-11T17:49:11+00:00\" \/>\n<meta name=\"twitter:card\" content=\"summary_large_image\" \/>\n<meta name=\"twitter:label1\" content=\"Est. reading time\" \/>\n\t<meta name=\"twitter:data1\" content=\"1 minute\" \/>\n<script type=\"application\/ld+json\" class=\"yoast-schema-graph\">{\"@context\":\"https:\/\/schema.org\",\"@graph\":[{\"@type\":\"WebPage\",\"@id\":\"https:\/\/phytstore.com\/en\/product\/tan-enhancer\/\",\"url\":\"https:\/\/phytstore.com\/en\/product\/tan-enhancer\/\",\"name\":\"Tan Enhancer - PHYT&#039;S - Natural & organic sun cares\",\"isPartOf\":{\"@id\":\"https:\/\/phytstore.com\/en\/#website\"},\"primaryImageOfPage\":{\"@id\":\"https:\/\/phytstore.com\/en\/product\/tan-enhancer\/#primaryimage\"},\"image\":{\"@id\":\"https:\/\/phytstore.com\/en\/product\/tan-enhancer\/#primaryimage\"},\"thumbnailUrl\":\"https:\/\/phytstore.com\/wp-content\/uploads\/2020\/03\/Sublimateur-de-Bronzage-PHYTS.png\",\"datePublished\":\"2020-03-28T23:56:29+00:00\",\"dateModified\":\"2023-07-11T17:49:11+00:00\",\"description\":\"Real comforting and irresistible tan enhancer, this Organic milky fluid helps increase and prolong the tan. Prolonged tan without intense sun exposure.\",\"breadcrumb\":{\"@id\":\"https:\/\/phytstore.com\/en\/product\/tan-enhancer\/#breadcrumb\"},\"inLanguage\":\"en-CA\",\"potentialAction\":[{\"@type\":\"ReadAction\",\"target\":[\"https:\/\/phytstore.com\/en\/product\/tan-enhancer\/\"]}]},{\"@type\":\"ImageObject\",\"inLanguage\":\"en-CA\",\"@id\":\"https:\/\/phytstore.com\/en\/product\/tan-enhancer\/#primaryimage\",\"url\":\"https:\/\/phytstore.com\/wp-content\/uploads\/2020\/03\/Sublimateur-de-Bronzage-PHYTS.png\",\"contentUrl\":\"https:\/\/phytstore.com\/wp-content\/uploads\/2020\/03\/Sublimateur-de-Bronzage-PHYTS.png\",\"width\":937,\"height\":937},{\"@type\":\"BreadcrumbList\",\"@id\":\"https:\/\/phytstore.com\/en\/product\/tan-enhancer\/#breadcrumb\",\"itemListElement\":[{\"@type\":\"ListItem\",\"position\":1,\"name\":\"Home\",\"item\":\"https:\/\/phytstore.com\/en\/\"},{\"@type\":\"ListItem\",\"position\":2,\"name\":\"Shop\",\"item\":\"https:\/\/phytstore.com\/en\/shop\/\"},{\"@type\":\"ListItem\",\"position\":3,\"name\":\"Phyt\u2019s Sun Care Line\",\"item\":\"https:\/\/phytstore.com\/en\/phytsolaires\/\"},{\"@type\":\"ListItem\",\"position\":4,\"name\":\"Sun Care\",\"item\":\"https:\/\/phytstore.com\/en\/sun-care\/\"},{\"@type\":\"ListItem\",\"position\":5,\"name\":\"After-Sun Care\",\"item\":\"https:\/\/phytstore.com\/en\/phytsolaires\/after-sun-care\/\"},{\"@type\":\"ListItem\",\"position\":6,\"name\":\"Tan Enhancer\"}]},{\"@type\":\"WebSite\",\"@id\":\"https:\/\/phytstore.com\/en\/#website\",\"url\":\"https:\/\/phytstore.com\/en\/\",\"name\":\"PHYT&#039;S\",\"description\":\"Fabricant et distributeur de soins certifi\u00e9s bio pour instituts de beaut\u00e9, spa et esth\u00e9ticiennes\",\"publisher\":{\"@id\":\"https:\/\/phytstore.com\/en\/#organization\"},\"potentialAction\":[{\"@type\":\"SearchAction\",\"target\":{\"@type\":\"EntryPoint\",\"urlTemplate\":\"https:\/\/phytstore.com\/en\/?s={search_term_string}\"},\"query-input\":{\"@type\":\"PropertyValueSpecification\",\"valueRequired\":true,\"valueName\":\"search_term_string\"}}],\"inLanguage\":\"en-CA\"},{\"@type\":\"Organization\",\"@id\":\"https:\/\/phytstore.com\/en\/#organization\",\"name\":\"Phyt's\",\"url\":\"https:\/\/phytstore.com\/en\/\",\"logo\":{\"@type\":\"ImageObject\",\"inLanguage\":\"en-CA\",\"@id\":\"https:\/\/phytstore.com\/en\/#\/schema\/logo\/image\/\",\"url\":\"https:\/\/phytstore.com\/wp-content\/uploads\/2020\/03\/logo-phyts-e1585168986207.png\",\"contentUrl\":\"https:\/\/phytstore.com\/wp-content\/uploads\/2020\/03\/logo-phyts-e1585168986207.png\",\"width\":200,\"height\":72,\"caption\":\"Phyt's\"},\"image\":{\"@id\":\"https:\/\/phytstore.com\/en\/#\/schema\/logo\/image\/\"},\"sameAs\":[\"https:\/\/www.facebook.com\/CJMBCosmetiques\/?ref=aymt_homepage_panel\",\"https:\/\/www.instagram.com\/phyts_canada\/\",\"https:\/\/www.linkedin.com\/company\/3337211\/admin\/\",\"https:\/\/www.youtube.com\/channel\/UCEkP009p4XTU5lXjLkaKptA\"]}]}<\/script>\n<!-- \/ Yoast SEO plugin. -->","yoast_head_json":{"title":"Tan Enhancer - PHYT&#039;S - Natural & organic sun cares","description":"Real comforting and irresistible tan enhancer, this Organic milky fluid helps increase and prolong the tan. Prolonged tan without intense sun exposure.","robots":{"index":"index","follow":"follow","max-snippet":"max-snippet:-1","max-image-preview":"max-image-preview:large","max-video-preview":"max-video-preview:-1"},"canonical":"https:\/\/phytstore.com\/en\/product\/tan-enhancer\/","og_locale":"en_US","og_type":"article","og_title":"Tan Enhancer - PHYT&#039;S - Natural & organic sun cares","og_description":"Real comforting and irresistible tan enhancer, this Organic milky fluid helps increase and prolong the tan. Prolonged tan without intense sun exposure.","og_url":"https:\/\/phytstore.com\/en\/product\/tan-enhancer\/","og_site_name":"PHYT&#039;S","article_publisher":"https:\/\/www.facebook.com\/CJMBCosmetiques\/?ref=aymt_homepage_panel","article_modified_time":"2023-07-11T17:49:11+00:00","twitter_card":"summary_large_image","twitter_misc":{"Est. reading time":"1 minute"},"schema":{"@context":"https:\/\/schema.org","@graph":[{"@type":"WebPage","@id":"https:\/\/phytstore.com\/en\/product\/tan-enhancer\/","url":"https:\/\/phytstore.com\/en\/product\/tan-enhancer\/","name":"Tan Enhancer - PHYT&#039;S - Natural & organic sun cares","isPartOf":{"@id":"https:\/\/phytstore.com\/en\/#website"},"primaryImageOfPage":{"@id":"https:\/\/phytstore.com\/en\/product\/tan-enhancer\/#primaryimage"},"image":{"@id":"https:\/\/phytstore.com\/en\/product\/tan-enhancer\/#primaryimage"},"thumbnailUrl":"https:\/\/phytstore.com\/wp-content\/uploads\/2020\/03\/Sublimateur-de-Bronzage-PHYTS.png","datePublished":"2020-03-28T23:56:29+00:00","dateModified":"2023-07-11T17:49:11+00:00","description":"Real comforting and irresistible tan enhancer, this Organic milky fluid helps increase and prolong the tan. Prolonged tan without intense sun exposure.","breadcrumb":{"@id":"https:\/\/phytstore.com\/en\/product\/tan-enhancer\/#breadcrumb"},"inLanguage":"en-CA","potentialAction":[{"@type":"ReadAction","target":["https:\/\/phytstore.com\/en\/product\/tan-enhancer\/"]}]},{"@type":"ImageObject","inLanguage":"en-CA","@id":"https:\/\/phytstore.com\/en\/product\/tan-enhancer\/#primaryimage","url":"https:\/\/phytstore.com\/wp-content\/uploads\/2020\/03\/Sublimateur-de-Bronzage-PHYTS.png","contentUrl":"https:\/\/phytstore.com\/wp-content\/uploads\/2020\/03\/Sublimateur-de-Bronzage-PHYTS.png","width":937,"height":937},{"@type":"BreadcrumbList","@id":"https:\/\/phytstore.com\/en\/product\/tan-enhancer\/#breadcrumb","itemListElement":[{"@type":"ListItem","position":1,"name":"Home","item":"https:\/\/phytstore.com\/en\/"},{"@type":"ListItem","position":2,"name":"Shop","item":"https:\/\/phytstore.com\/en\/shop\/"},{"@type":"ListItem","position":3,"name":"Phyt\u2019s Sun Care Line","item":"https:\/\/phytstore.com\/en\/phytsolaires\/"},{"@type":"ListItem","position":4,"name":"Sun Care","item":"https:\/\/phytstore.com\/en\/sun-care\/"},{"@type":"ListItem","position":5,"name":"After-Sun Care","item":"https:\/\/phytstore.com\/en\/phytsolaires\/after-sun-care\/"},{"@type":"ListItem","position":6,"name":"Tan Enhancer"}]},{"@type":"WebSite","@id":"https:\/\/phytstore.com\/en\/#website","url":"https:\/\/phytstore.com\/en\/","name":"PHYT&#039;S","description":"Fabricant et distributeur de soins certifi\u00e9s bio pour instituts de beaut\u00e9, spa et esth\u00e9ticiennes","publisher":{"@id":"https:\/\/phytstore.com\/en\/#organization"},"potentialAction":[{"@type":"SearchAction","target":{"@type":"EntryPoint","urlTemplate":"https:\/\/phytstore.com\/en\/?s={search_term_string}"},"query-input":{"@type":"PropertyValueSpecification","valueRequired":true,"valueName":"search_term_string"}}],"inLanguage":"en-CA"},{"@type":"Organization","@id":"https:\/\/phytstore.com\/en\/#organization","name":"Phyt's","url":"https:\/\/phytstore.com\/en\/","logo":{"@type":"ImageObject","inLanguage":"en-CA","@id":"https:\/\/phytstore.com\/en\/#\/schema\/logo\/image\/","url":"https:\/\/phytstore.com\/wp-content\/uploads\/2020\/03\/logo-phyts-e1585168986207.png","contentUrl":"https:\/\/phytstore.com\/wp-content\/uploads\/2020\/03\/logo-phyts-e1585168986207.png","width":200,"height":72,"caption":"Phyt's"},"image":{"@id":"https:\/\/phytstore.com\/en\/#\/schema\/logo\/image\/"},"sameAs":["https:\/\/www.facebook.com\/CJMBCosmetiques\/?ref=aymt_homepage_panel","https:\/\/www.instagram.com\/phyts_canada\/","https:\/\/www.linkedin.com\/company\/3337211\/admin\/","https:\/\/www.youtube.com\/channel\/UCEkP009p4XTU5lXjLkaKptA"]}]}},"jetpack_sharing_enabled":true,"_links":{"self":[{"href":"https:\/\/phytstore.com\/en\/wp-json\/wp\/v2\/product\/2820","targetHints":{"allow":["GET"]}}],"collection":[{"href":"https:\/\/phytstore.com\/en\/wp-json\/wp\/v2\/product"}],"about":[{"href":"https:\/\/phytstore.com\/en\/wp-json\/wp\/v2\/types\/product"}],"replies":[{"embeddable":true,"href":"https:\/\/phytstore.com\/en\/wp-json\/wp\/v2\/comments?post=2820"}],"wp:featuredmedia":[{"embeddable":true,"href":"https:\/\/phytstore.com\/en\/wp-json\/wp\/v2\/media\/6478"}],"wp:attachment":[{"href":"https:\/\/phytstore.com\/en\/wp-json\/wp\/v2\/media?parent=2820"}],"wp:term":[{"taxonomy":"product_brand","embeddable":true,"href":"https:\/\/phytstore.com\/en\/wp-json\/wp\/v2\/product_brand?post=2820"},{"taxonomy":"product_cat","embeddable":true,"href":"https:\/\/phytstore.com\/en\/wp-json\/wp\/v2\/product_cat?post=2820"},{"taxonomy":"product_tag","embeddable":true,"href":"https:\/\/phytstore.com\/en\/wp-json\/wp\/v2\/product_tag?post=2820"}],"curies":[{"name":"wp","href":"https:\/\/api.w.org\/{rel}","templated":true}]}}