{"id":2819,"date":"2020-03-28T19:56:29","date_gmt":"2020-03-28T23:56:29","guid":{"rendered":"https:\/\/phytstore.com\/produit\/huile-solaire-ylang\/"},"modified":"2023-09-07T09:39:57","modified_gmt":"2023-09-07T13:39:57","slug":"huile-solaire-ylang","status":"publish","type":"product","link":"https:\/\/phytstore.com\/en\/product\/ylang-sun-oil\/","title":{"rendered":"Ylang Sun Oil"},"content":{"rendered":"<p><span lang=\"en\">This Organic sun oil nourishes* the skin, and also hair, which then become supple, soft and silky. In addition, it leaves them delicately perfumed with Ylang. The skin, glowing and radiant, keeps all its elasticity and softness. Does not replace sunscreen.<\/span><br \/>\n<em>* via hydration<\/em><\/p>\n<p><strong>Active ingredients :<\/strong><br \/>\nYlang Ylang*, Wheat Germ, Sunflower* Hazelnut*, Plant-Based Vitamin E<br \/>\n<em>* ingredients from Organic Farming<\/em><\/p>\n<h2><strong>How do I use my sun oil?<\/strong><\/h2>\n<p>The rich* formula of our <a href=\"https:\/\/phytstore.com\/en\/sun-care\/\"><strong>sun product<\/strong><\/a>, its unique texture, and its sweet fragrance offer your skin and hair <strong>intense hydration<\/strong>, leaving them soft and supple. If you have dry skin, this amazing product will hydrate and nourish* your epidermis, making it perfect for sensitive skin as well.<\/p>\n<p>Apply your sun oil all over your body after sun exposure and to lengths of dry hair. Sun overexposure is a serious threat to your health. Do not sunbathe too long and avoid exposure between 12 noon and 4 p.m.<\/p>\n<p><strong>Tips: <\/strong>For better penetration and effectiveness, first exfoliate your skin once or twice a week using the <a href=\"https:\/\/phytstore.com\/en\/product\/body-exfoliating-foaming-gel\/\"><strong>Body Exfoliating Foaming Gel<\/strong><\/a> or the <a href=\"https:\/\/phytstore.com\/en\/product\/body-exfoliating-soap\/\"><strong>Exfoliating Soap<\/strong><\/a>. This is especially beneficial for dehydrated skin.<\/p>\n<h2><strong>Why apply sun oil?<\/strong><\/h2>\n<p>Our product offers <strong>several advantages<\/strong>:<\/p>\n<ul>\n<li>It <strong>nourishes* and hydrates<\/strong> skin, providing goodness for skin craving moisture after sun exposure.<\/li>\n<li>It provides a <strong>golden, satiny<\/strong> appearance.<\/li>\n<li>It is beneficial for the <strong>hair and body<\/strong> (even the hands!) thanks to vitamins and other key ingredients.<\/li>\n<li>It creates a <strong>summer atmosphere<\/strong> with its tropical scent.<\/li>\n<\/ul>\n<p>What are you waiting for? Let yourself be tempted by <strong>the enchanting scent<\/strong> of our Ylang Ylang sun oil, a body and facial product made for your dehydrated skin. Make it your new beach buddy this summer!<\/p>\n<p>*via hydration<\/p>\n","protected":false},"excerpt":{"rendered":"<p><img loading=\"lazy\" decoding=\"async\" class=\"alignnone size-full wp-image-4921\" src=\"https:\/\/phytstore.com\/wp-content\/uploads\/2020\/03\/Bio-100-Vegan-4.png\" alt=\"\" width=\"274\" height=\"53\" \/><\/p>\n<p>Nourishing* &amp; anti-aging oil without SPF<\/p>\n<p><strong>Skin type :<\/strong> Body &amp; Hair<br \/>\n<strong>Expectations :<\/strong> Nourishes*, regenerates*, perfumes<br \/>\n<strong>Presentation :<\/strong> 100 ml spray-bottle<\/p>\n","protected":false},"featured_media":6476,"comment_status":"closed","ping_status":"closed","template":"","meta":{"_acf_changed":false,"inline_featured_image":false},"product_brand":[],"product_cat":[87,211,226],"product_tag":[],"class_list":{"0":"post-2819","1":"product","2":"type-product","3":"status-publish","4":"has-post-thumbnail","6":"product_cat-phytsolaires-en","7":"product_cat-body-oils","8":"product_cat-after-sun-care","10":"first","11":"outofstock","12":"taxable","13":"shipping-taxable","14":"purchasable","15":"product-type-simple"},"acf":[],"yoast_head":"<!-- This site is optimized with the Yoast SEO plugin v27.1.1 - https:\/\/yoast.com\/product\/yoast-seo-wordpress\/ -->\n<title>Ylang Sun Oil: For Natural Radiance | PHYT\u2019S<\/title>\n<meta name=\"description\" content=\"Opt for PHYT\u2019S Ylang Sun Oil, an Organic sun care product for nourished skin and an enhanced tan. Enhance your skin naturally.\" \/>\n<meta name=\"robots\" content=\"index, follow, max-snippet:-1, max-image-preview:large, max-video-preview:-1\" \/>\n<link rel=\"canonical\" href=\"https:\/\/phytstore.com\/en\/product\/ylang-sun-oil\/\" \/>\n<meta property=\"og:locale\" content=\"en_US\" \/>\n<meta property=\"og:type\" content=\"article\" \/>\n<meta property=\"og:title\" content=\"Ylang Sun Oil: For Natural Radiance | PHYT\u2019S\" \/>\n<meta property=\"og:description\" content=\"Opt for PHYT\u2019S Ylang Sun Oil, an Organic sun care product for nourished skin and an enhanced tan. Enhance your skin naturally.\" \/>\n<meta property=\"og:url\" content=\"https:\/\/phytstore.com\/en\/product\/ylang-sun-oil\/\" \/>\n<meta property=\"og:site_name\" content=\"PHYT&#039;S\" \/>\n<meta property=\"article:publisher\" content=\"https:\/\/www.facebook.com\/CJMBCosmetiques\/?ref=aymt_homepage_panel\" \/>\n<meta property=\"article:modified_time\" content=\"2023-09-07T13:39:57+00:00\" \/>\n<meta name=\"twitter:card\" content=\"summary_large_image\" \/>\n<meta name=\"twitter:label1\" content=\"Est. reading time\" \/>\n\t<meta name=\"twitter:data1\" content=\"2 minutes\" \/>\n<script type=\"application\/ld+json\" class=\"yoast-schema-graph\">{\"@context\":\"https:\/\/schema.org\",\"@graph\":[{\"@type\":\"WebPage\",\"@id\":\"https:\/\/phytstore.com\/en\/product\/ylang-sun-oil\/\",\"url\":\"https:\/\/phytstore.com\/en\/product\/ylang-sun-oil\/\",\"name\":\"Ylang Sun Oil: For Natural Radiance | PHYT\u2019S\",\"isPartOf\":{\"@id\":\"https:\/\/phytstore.com\/en\/#website\"},\"primaryImageOfPage\":{\"@id\":\"https:\/\/phytstore.com\/en\/product\/ylang-sun-oil\/#primaryimage\"},\"image\":{\"@id\":\"https:\/\/phytstore.com\/en\/product\/ylang-sun-oil\/#primaryimage\"},\"thumbnailUrl\":\"https:\/\/phytstore.com\/wp-content\/uploads\/2020\/03\/Huile-Solaire-PHYTS.png\",\"datePublished\":\"2020-03-28T23:56:29+00:00\",\"dateModified\":\"2023-09-07T13:39:57+00:00\",\"description\":\"Opt for PHYT\u2019S Ylang Sun Oil, an Organic sun care product for nourished skin and an enhanced tan. Enhance your skin naturally.\",\"breadcrumb\":{\"@id\":\"https:\/\/phytstore.com\/en\/product\/ylang-sun-oil\/#breadcrumb\"},\"inLanguage\":\"en-CA\",\"potentialAction\":[{\"@type\":\"ReadAction\",\"target\":[\"https:\/\/phytstore.com\/en\/product\/ylang-sun-oil\/\"]}]},{\"@type\":\"ImageObject\",\"inLanguage\":\"en-CA\",\"@id\":\"https:\/\/phytstore.com\/en\/product\/ylang-sun-oil\/#primaryimage\",\"url\":\"https:\/\/phytstore.com\/wp-content\/uploads\/2020\/03\/Huile-Solaire-PHYTS.png\",\"contentUrl\":\"https:\/\/phytstore.com\/wp-content\/uploads\/2020\/03\/Huile-Solaire-PHYTS.png\",\"width\":937,\"height\":937,\"caption\":\"Une huile solaire PHYT'S\"},{\"@type\":\"BreadcrumbList\",\"@id\":\"https:\/\/phytstore.com\/en\/product\/ylang-sun-oil\/#breadcrumb\",\"itemListElement\":[{\"@type\":\"ListItem\",\"position\":1,\"name\":\"Home\",\"item\":\"https:\/\/phytstore.com\/en\/\"},{\"@type\":\"ListItem\",\"position\":2,\"name\":\"Shop\",\"item\":\"https:\/\/phytstore.com\/en\/shop\/\"},{\"@type\":\"ListItem\",\"position\":3,\"name\":\"Phyt\u2019s Sun Care Line\",\"item\":\"https:\/\/phytstore.com\/en\/phytsolaires\/\"},{\"@type\":\"ListItem\",\"position\":4,\"name\":\"Sun Care\",\"item\":\"https:\/\/phytstore.com\/en\/sun-care\/\"},{\"@type\":\"ListItem\",\"position\":5,\"name\":\"After-Sun Care\",\"item\":\"https:\/\/phytstore.com\/en\/phytsolaires\/after-sun-care\/\"},{\"@type\":\"ListItem\",\"position\":6,\"name\":\"Ylang Sun Oil\"}]},{\"@type\":\"WebSite\",\"@id\":\"https:\/\/phytstore.com\/en\/#website\",\"url\":\"https:\/\/phytstore.com\/en\/\",\"name\":\"PHYT&#039;S\",\"description\":\"Fabricant et distributeur de soins certifi\u00e9s bio pour instituts de beaut\u00e9, spa et esth\u00e9ticiennes\",\"publisher\":{\"@id\":\"https:\/\/phytstore.com\/en\/#organization\"},\"potentialAction\":[{\"@type\":\"SearchAction\",\"target\":{\"@type\":\"EntryPoint\",\"urlTemplate\":\"https:\/\/phytstore.com\/en\/?s={search_term_string}\"},\"query-input\":{\"@type\":\"PropertyValueSpecification\",\"valueRequired\":true,\"valueName\":\"search_term_string\"}}],\"inLanguage\":\"en-CA\"},{\"@type\":\"Organization\",\"@id\":\"https:\/\/phytstore.com\/en\/#organization\",\"name\":\"Phyt's\",\"url\":\"https:\/\/phytstore.com\/en\/\",\"logo\":{\"@type\":\"ImageObject\",\"inLanguage\":\"en-CA\",\"@id\":\"https:\/\/phytstore.com\/en\/#\/schema\/logo\/image\/\",\"url\":\"https:\/\/phytstore.com\/wp-content\/uploads\/2020\/03\/logo-phyts-e1585168986207.png\",\"contentUrl\":\"https:\/\/phytstore.com\/wp-content\/uploads\/2020\/03\/logo-phyts-e1585168986207.png\",\"width\":200,\"height\":72,\"caption\":\"Phyt's\"},\"image\":{\"@id\":\"https:\/\/phytstore.com\/en\/#\/schema\/logo\/image\/\"},\"sameAs\":[\"https:\/\/www.facebook.com\/CJMBCosmetiques\/?ref=aymt_homepage_panel\",\"https:\/\/www.instagram.com\/phyts_canada\/\",\"https:\/\/www.linkedin.com\/company\/3337211\/admin\/\",\"https:\/\/www.youtube.com\/channel\/UCEkP009p4XTU5lXjLkaKptA\"]}]}<\/script>\n<!-- \/ Yoast SEO plugin. -->","yoast_head_json":{"title":"Ylang Sun Oil: For Natural Radiance | PHYT\u2019S","description":"Opt for PHYT\u2019S Ylang Sun Oil, an Organic sun care product for nourished skin and an enhanced tan. Enhance your skin naturally.","robots":{"index":"index","follow":"follow","max-snippet":"max-snippet:-1","max-image-preview":"max-image-preview:large","max-video-preview":"max-video-preview:-1"},"canonical":"https:\/\/phytstore.com\/en\/product\/ylang-sun-oil\/","og_locale":"en_US","og_type":"article","og_title":"Ylang Sun Oil: For Natural Radiance | PHYT\u2019S","og_description":"Opt for PHYT\u2019S Ylang Sun Oil, an Organic sun care product for nourished skin and an enhanced tan. Enhance your skin naturally.","og_url":"https:\/\/phytstore.com\/en\/product\/ylang-sun-oil\/","og_site_name":"PHYT&#039;S","article_publisher":"https:\/\/www.facebook.com\/CJMBCosmetiques\/?ref=aymt_homepage_panel","article_modified_time":"2023-09-07T13:39:57+00:00","twitter_card":"summary_large_image","twitter_misc":{"Est. reading time":"2 minutes"},"schema":{"@context":"https:\/\/schema.org","@graph":[{"@type":"WebPage","@id":"https:\/\/phytstore.com\/en\/product\/ylang-sun-oil\/","url":"https:\/\/phytstore.com\/en\/product\/ylang-sun-oil\/","name":"Ylang Sun Oil: For Natural Radiance | PHYT\u2019S","isPartOf":{"@id":"https:\/\/phytstore.com\/en\/#website"},"primaryImageOfPage":{"@id":"https:\/\/phytstore.com\/en\/product\/ylang-sun-oil\/#primaryimage"},"image":{"@id":"https:\/\/phytstore.com\/en\/product\/ylang-sun-oil\/#primaryimage"},"thumbnailUrl":"https:\/\/phytstore.com\/wp-content\/uploads\/2020\/03\/Huile-Solaire-PHYTS.png","datePublished":"2020-03-28T23:56:29+00:00","dateModified":"2023-09-07T13:39:57+00:00","description":"Opt for PHYT\u2019S Ylang Sun Oil, an Organic sun care product for nourished skin and an enhanced tan. Enhance your skin naturally.","breadcrumb":{"@id":"https:\/\/phytstore.com\/en\/product\/ylang-sun-oil\/#breadcrumb"},"inLanguage":"en-CA","potentialAction":[{"@type":"ReadAction","target":["https:\/\/phytstore.com\/en\/product\/ylang-sun-oil\/"]}]},{"@type":"ImageObject","inLanguage":"en-CA","@id":"https:\/\/phytstore.com\/en\/product\/ylang-sun-oil\/#primaryimage","url":"https:\/\/phytstore.com\/wp-content\/uploads\/2020\/03\/Huile-Solaire-PHYTS.png","contentUrl":"https:\/\/phytstore.com\/wp-content\/uploads\/2020\/03\/Huile-Solaire-PHYTS.png","width":937,"height":937,"caption":"Une huile solaire PHYT'S"},{"@type":"BreadcrumbList","@id":"https:\/\/phytstore.com\/en\/product\/ylang-sun-oil\/#breadcrumb","itemListElement":[{"@type":"ListItem","position":1,"name":"Home","item":"https:\/\/phytstore.com\/en\/"},{"@type":"ListItem","position":2,"name":"Shop","item":"https:\/\/phytstore.com\/en\/shop\/"},{"@type":"ListItem","position":3,"name":"Phyt\u2019s Sun Care Line","item":"https:\/\/phytstore.com\/en\/phytsolaires\/"},{"@type":"ListItem","position":4,"name":"Sun Care","item":"https:\/\/phytstore.com\/en\/sun-care\/"},{"@type":"ListItem","position":5,"name":"After-Sun Care","item":"https:\/\/phytstore.com\/en\/phytsolaires\/after-sun-care\/"},{"@type":"ListItem","position":6,"name":"Ylang Sun Oil"}]},{"@type":"WebSite","@id":"https:\/\/phytstore.com\/en\/#website","url":"https:\/\/phytstore.com\/en\/","name":"PHYT&#039;S","description":"Fabricant et distributeur de soins certifi\u00e9s bio pour instituts de beaut\u00e9, spa et esth\u00e9ticiennes","publisher":{"@id":"https:\/\/phytstore.com\/en\/#organization"},"potentialAction":[{"@type":"SearchAction","target":{"@type":"EntryPoint","urlTemplate":"https:\/\/phytstore.com\/en\/?s={search_term_string}"},"query-input":{"@type":"PropertyValueSpecification","valueRequired":true,"valueName":"search_term_string"}}],"inLanguage":"en-CA"},{"@type":"Organization","@id":"https:\/\/phytstore.com\/en\/#organization","name":"Phyt's","url":"https:\/\/phytstore.com\/en\/","logo":{"@type":"ImageObject","inLanguage":"en-CA","@id":"https:\/\/phytstore.com\/en\/#\/schema\/logo\/image\/","url":"https:\/\/phytstore.com\/wp-content\/uploads\/2020\/03\/logo-phyts-e1585168986207.png","contentUrl":"https:\/\/phytstore.com\/wp-content\/uploads\/2020\/03\/logo-phyts-e1585168986207.png","width":200,"height":72,"caption":"Phyt's"},"image":{"@id":"https:\/\/phytstore.com\/en\/#\/schema\/logo\/image\/"},"sameAs":["https:\/\/www.facebook.com\/CJMBCosmetiques\/?ref=aymt_homepage_panel","https:\/\/www.instagram.com\/phyts_canada\/","https:\/\/www.linkedin.com\/company\/3337211\/admin\/","https:\/\/www.youtube.com\/channel\/UCEkP009p4XTU5lXjLkaKptA"]}]}},"jetpack_sharing_enabled":true,"_links":{"self":[{"href":"https:\/\/phytstore.com\/en\/wp-json\/wp\/v2\/product\/2819","targetHints":{"allow":["GET"]}}],"collection":[{"href":"https:\/\/phytstore.com\/en\/wp-json\/wp\/v2\/product"}],"about":[{"href":"https:\/\/phytstore.com\/en\/wp-json\/wp\/v2\/types\/product"}],"replies":[{"embeddable":true,"href":"https:\/\/phytstore.com\/en\/wp-json\/wp\/v2\/comments?post=2819"}],"wp:featuredmedia":[{"embeddable":true,"href":"https:\/\/phytstore.com\/en\/wp-json\/wp\/v2\/media\/6476"}],"wp:attachment":[{"href":"https:\/\/phytstore.com\/en\/wp-json\/wp\/v2\/media?parent=2819"}],"wp:term":[{"taxonomy":"product_brand","embeddable":true,"href":"https:\/\/phytstore.com\/en\/wp-json\/wp\/v2\/product_brand?post=2819"},{"taxonomy":"product_cat","embeddable":true,"href":"https:\/\/phytstore.com\/en\/wp-json\/wp\/v2\/product_cat?post=2819"},{"taxonomy":"product_tag","embeddable":true,"href":"https:\/\/phytstore.com\/en\/wp-json\/wp\/v2\/product_tag?post=2819"}],"curies":[{"name":"wp","href":"https:\/\/api.w.org\/{rel}","templated":true}]}}