{"id":2818,"date":"2020-03-28T19:56:29","date_gmt":"2020-03-28T23:56:29","guid":{"rendered":"https:\/\/phytstore.com\/produit\/tresor-dete\/"},"modified":"2024-09-11T07:00:57","modified_gmt":"2024-09-11T11:00:57","slug":"tresor-dete","status":"publish","type":"product","link":"https:\/\/phytstore.com\/en\/product\/summer-treasure-dry-oil\/","title":{"rendered":"Summer Treasure Dry Oil"},"content":{"rendered":"<p>This wonderful Organic dry oil, with its sensual and delicate notes of Monoi, enhances and nourishes* the skin and hair, enveloping them in a delicate vacation fragrance.<br \/>\n<em>* via hydration<\/em><\/p>\n<p><strong>Active ingredients :<\/strong><br \/>\nMonoi*, Sunflower*, Carrot, Vegetal Vitamin E<br \/>\n<em>* ingredients from Organic Farming<\/em><\/p>\n<p><strong>Application :<\/strong><br \/>\nSpray all over the body and hair lenghts. Do not protect from sun exposure.<br \/>\n<strong>Tip :<\/strong> For better penetration and best results, first exfoliate the skin once or twice a week using the <strong><a href=\"https:\/\/phytstore.com\/produit\/gommage-corporel\/\">Body Exfoliating Foaming Gel<\/a><\/strong> or the <strong><a href=\"https:\/\/phytstore.com\/produit\/galet-exfoliant\/\">Exfoliating Soap<\/a><\/strong>.<\/p>\n","protected":false},"excerpt":{"rendered":"<p><img loading=\"lazy\" decoding=\"async\" class=\"alignnone size-full wp-image-4921\" src=\"https:\/\/phytstore.com\/wp-content\/uploads\/2020\/03\/Bio-100-Vegan-4.png\" alt=\"\" width=\"274\" height=\"53\" \/><\/p>\n<p>Nourishing* &#8211; Monoi scented<\/p>\n<p><strong>Skin types :<\/strong> Body &amp; Hair<br \/>\n<strong>Expectations :<\/strong> Nourishes*, sublimates, perfumes<br \/>\n<strong>Presentation :<\/strong> 100 ml spray-bottle<\/p>\n","protected":false},"featured_media":6474,"comment_status":"closed","ping_status":"closed","template":"","meta":{"_acf_changed":false,"inline_featured_image":false},"product_brand":[],"product_cat":[205,211,226,87],"product_tag":[],"class_list":{"0":"post-2818","1":"product","2":"type-product","3":"status-publish","4":"has-post-thumbnail","6":"product_cat-hair-care","7":"product_cat-body-oils","8":"product_cat-after-sun-care","9":"product_cat-phytsolaires-en","11":"first","12":"instock","13":"taxable","14":"shipping-taxable","15":"purchasable","16":"product-type-simple"},"acf":[],"yoast_head":"<!-- This site is optimized with the Yoast SEO plugin v27.1.1 - https:\/\/yoast.com\/product\/yoast-seo-wordpress\/ -->\n<title>100% Organic Dry Oil (Summer Treasure) for Body &amp; Hair - PHYT&#039;S<\/title>\n<meta name=\"description\" content=\"This wonderful Organic oil, with its sensual and delicate notes of Monoi and Vanilla, enhances your skin and hair, enveloping them in a summer fragrance.\" \/>\n<meta name=\"robots\" content=\"index, follow, max-snippet:-1, max-image-preview:large, max-video-preview:-1\" \/>\n<link rel=\"canonical\" href=\"https:\/\/phytstore.com\/en\/product\/summer-treasure-dry-oil\/\" \/>\n<meta property=\"og:locale\" content=\"en_US\" \/>\n<meta property=\"og:type\" content=\"article\" \/>\n<meta property=\"og:title\" content=\"100% Organic Dry Oil (Summer Treasure) for Body &amp; Hair - PHYT&#039;S\" \/>\n<meta property=\"og:description\" content=\"This wonderful Organic oil, with its sensual and delicate notes of Monoi and Vanilla, enhances your skin and hair, enveloping them in a summer fragrance.\" \/>\n<meta property=\"og:url\" content=\"https:\/\/phytstore.com\/en\/product\/summer-treasure-dry-oil\/\" \/>\n<meta property=\"og:site_name\" content=\"PHYT&#039;S\" \/>\n<meta property=\"article:publisher\" content=\"https:\/\/www.facebook.com\/CJMBCosmetiques\/?ref=aymt_homepage_panel\" \/>\n<meta property=\"article:modified_time\" content=\"2024-09-11T11:00:57+00:00\" \/>\n<meta name=\"twitter:card\" content=\"summary_large_image\" \/>\n<meta name=\"twitter:label1\" content=\"Est. reading time\" \/>\n\t<meta name=\"twitter:data1\" content=\"1 minute\" \/>\n<script type=\"application\/ld+json\" class=\"yoast-schema-graph\">{\"@context\":\"https:\/\/schema.org\",\"@graph\":[{\"@type\":\"WebPage\",\"@id\":\"https:\/\/phytstore.com\/en\/product\/summer-treasure-dry-oil\/\",\"url\":\"https:\/\/phytstore.com\/en\/product\/summer-treasure-dry-oil\/\",\"name\":\"100% Organic Dry Oil (Summer Treasure) for Body & Hair - PHYT'S\",\"isPartOf\":{\"@id\":\"https:\/\/phytstore.com\/en\/#website\"},\"primaryImageOfPage\":{\"@id\":\"https:\/\/phytstore.com\/en\/product\/summer-treasure-dry-oil\/#primaryimage\"},\"image\":{\"@id\":\"https:\/\/phytstore.com\/en\/product\/summer-treasure-dry-oil\/#primaryimage\"},\"thumbnailUrl\":\"https:\/\/phytstore.com\/wp-content\/uploads\/2020\/03\/Tresor-dEte-PHYTS.png\",\"datePublished\":\"2020-03-28T23:56:29+00:00\",\"dateModified\":\"2024-09-11T11:00:57+00:00\",\"description\":\"This wonderful Organic oil, with its sensual and delicate notes of Monoi and Vanilla, enhances your skin and hair, enveloping them in a summer fragrance.\",\"breadcrumb\":{\"@id\":\"https:\/\/phytstore.com\/en\/product\/summer-treasure-dry-oil\/#breadcrumb\"},\"inLanguage\":\"en-CA\",\"potentialAction\":[{\"@type\":\"ReadAction\",\"target\":[\"https:\/\/phytstore.com\/en\/product\/summer-treasure-dry-oil\/\"]}]},{\"@type\":\"ImageObject\",\"inLanguage\":\"en-CA\",\"@id\":\"https:\/\/phytstore.com\/en\/product\/summer-treasure-dry-oil\/#primaryimage\",\"url\":\"https:\/\/phytstore.com\/wp-content\/uploads\/2020\/03\/Tresor-dEte-PHYTS.png\",\"contentUrl\":\"https:\/\/phytstore.com\/wp-content\/uploads\/2020\/03\/Tresor-dEte-PHYTS.png\",\"width\":937,\"height\":937},{\"@type\":\"BreadcrumbList\",\"@id\":\"https:\/\/phytstore.com\/en\/product\/summer-treasure-dry-oil\/#breadcrumb\",\"itemListElement\":[{\"@type\":\"ListItem\",\"position\":1,\"name\":\"Home\",\"item\":\"https:\/\/phytstore.com\/en\/\"},{\"@type\":\"ListItem\",\"position\":2,\"name\":\"Shop\",\"item\":\"https:\/\/phytstore.com\/en\/shop\/\"},{\"@type\":\"ListItem\",\"position\":3,\"name\":\"Phyt\u2019s Sun Care Line\",\"item\":\"https:\/\/phytstore.com\/en\/phytsolaires\/\"},{\"@type\":\"ListItem\",\"position\":4,\"name\":\"Sun Care\",\"item\":\"https:\/\/phytstore.com\/en\/sun-care\/\"},{\"@type\":\"ListItem\",\"position\":5,\"name\":\"After-Sun Care\",\"item\":\"https:\/\/phytstore.com\/en\/phytsolaires\/after-sun-care\/\"},{\"@type\":\"ListItem\",\"position\":6,\"name\":\"Summer Treasure Dry Oil\"}]},{\"@type\":\"WebSite\",\"@id\":\"https:\/\/phytstore.com\/en\/#website\",\"url\":\"https:\/\/phytstore.com\/en\/\",\"name\":\"PHYT&#039;S\",\"description\":\"Fabricant et distributeur de soins certifi\u00e9s bio pour instituts de beaut\u00e9, spa et esth\u00e9ticiennes\",\"publisher\":{\"@id\":\"https:\/\/phytstore.com\/en\/#organization\"},\"potentialAction\":[{\"@type\":\"SearchAction\",\"target\":{\"@type\":\"EntryPoint\",\"urlTemplate\":\"https:\/\/phytstore.com\/en\/?s={search_term_string}\"},\"query-input\":{\"@type\":\"PropertyValueSpecification\",\"valueRequired\":true,\"valueName\":\"search_term_string\"}}],\"inLanguage\":\"en-CA\"},{\"@type\":\"Organization\",\"@id\":\"https:\/\/phytstore.com\/en\/#organization\",\"name\":\"Phyt's\",\"url\":\"https:\/\/phytstore.com\/en\/\",\"logo\":{\"@type\":\"ImageObject\",\"inLanguage\":\"en-CA\",\"@id\":\"https:\/\/phytstore.com\/en\/#\/schema\/logo\/image\/\",\"url\":\"https:\/\/phytstore.com\/wp-content\/uploads\/2020\/03\/logo-phyts-e1585168986207.png\",\"contentUrl\":\"https:\/\/phytstore.com\/wp-content\/uploads\/2020\/03\/logo-phyts-e1585168986207.png\",\"width\":200,\"height\":72,\"caption\":\"Phyt's\"},\"image\":{\"@id\":\"https:\/\/phytstore.com\/en\/#\/schema\/logo\/image\/\"},\"sameAs\":[\"https:\/\/www.facebook.com\/CJMBCosmetiques\/?ref=aymt_homepage_panel\",\"https:\/\/www.instagram.com\/phyts_canada\/\",\"https:\/\/www.linkedin.com\/company\/3337211\/admin\/\",\"https:\/\/www.youtube.com\/channel\/UCEkP009p4XTU5lXjLkaKptA\"]}]}<\/script>\n<!-- \/ Yoast SEO plugin. -->","yoast_head_json":{"title":"100% Organic Dry Oil (Summer Treasure) for Body & Hair - PHYT'S","description":"This wonderful Organic oil, with its sensual and delicate notes of Monoi and Vanilla, enhances your skin and hair, enveloping them in a summer fragrance.","robots":{"index":"index","follow":"follow","max-snippet":"max-snippet:-1","max-image-preview":"max-image-preview:large","max-video-preview":"max-video-preview:-1"},"canonical":"https:\/\/phytstore.com\/en\/product\/summer-treasure-dry-oil\/","og_locale":"en_US","og_type":"article","og_title":"100% Organic Dry Oil (Summer Treasure) for Body & Hair - PHYT'S","og_description":"This wonderful Organic oil, with its sensual and delicate notes of Monoi and Vanilla, enhances your skin and hair, enveloping them in a summer fragrance.","og_url":"https:\/\/phytstore.com\/en\/product\/summer-treasure-dry-oil\/","og_site_name":"PHYT&#039;S","article_publisher":"https:\/\/www.facebook.com\/CJMBCosmetiques\/?ref=aymt_homepage_panel","article_modified_time":"2024-09-11T11:00:57+00:00","twitter_card":"summary_large_image","twitter_misc":{"Est. reading time":"1 minute"},"schema":{"@context":"https:\/\/schema.org","@graph":[{"@type":"WebPage","@id":"https:\/\/phytstore.com\/en\/product\/summer-treasure-dry-oil\/","url":"https:\/\/phytstore.com\/en\/product\/summer-treasure-dry-oil\/","name":"100% Organic Dry Oil (Summer Treasure) for Body & Hair - PHYT'S","isPartOf":{"@id":"https:\/\/phytstore.com\/en\/#website"},"primaryImageOfPage":{"@id":"https:\/\/phytstore.com\/en\/product\/summer-treasure-dry-oil\/#primaryimage"},"image":{"@id":"https:\/\/phytstore.com\/en\/product\/summer-treasure-dry-oil\/#primaryimage"},"thumbnailUrl":"https:\/\/phytstore.com\/wp-content\/uploads\/2020\/03\/Tresor-dEte-PHYTS.png","datePublished":"2020-03-28T23:56:29+00:00","dateModified":"2024-09-11T11:00:57+00:00","description":"This wonderful Organic oil, with its sensual and delicate notes of Monoi and Vanilla, enhances your skin and hair, enveloping them in a summer fragrance.","breadcrumb":{"@id":"https:\/\/phytstore.com\/en\/product\/summer-treasure-dry-oil\/#breadcrumb"},"inLanguage":"en-CA","potentialAction":[{"@type":"ReadAction","target":["https:\/\/phytstore.com\/en\/product\/summer-treasure-dry-oil\/"]}]},{"@type":"ImageObject","inLanguage":"en-CA","@id":"https:\/\/phytstore.com\/en\/product\/summer-treasure-dry-oil\/#primaryimage","url":"https:\/\/phytstore.com\/wp-content\/uploads\/2020\/03\/Tresor-dEte-PHYTS.png","contentUrl":"https:\/\/phytstore.com\/wp-content\/uploads\/2020\/03\/Tresor-dEte-PHYTS.png","width":937,"height":937},{"@type":"BreadcrumbList","@id":"https:\/\/phytstore.com\/en\/product\/summer-treasure-dry-oil\/#breadcrumb","itemListElement":[{"@type":"ListItem","position":1,"name":"Home","item":"https:\/\/phytstore.com\/en\/"},{"@type":"ListItem","position":2,"name":"Shop","item":"https:\/\/phytstore.com\/en\/shop\/"},{"@type":"ListItem","position":3,"name":"Phyt\u2019s Sun Care Line","item":"https:\/\/phytstore.com\/en\/phytsolaires\/"},{"@type":"ListItem","position":4,"name":"Sun Care","item":"https:\/\/phytstore.com\/en\/sun-care\/"},{"@type":"ListItem","position":5,"name":"After-Sun Care","item":"https:\/\/phytstore.com\/en\/phytsolaires\/after-sun-care\/"},{"@type":"ListItem","position":6,"name":"Summer Treasure Dry Oil"}]},{"@type":"WebSite","@id":"https:\/\/phytstore.com\/en\/#website","url":"https:\/\/phytstore.com\/en\/","name":"PHYT&#039;S","description":"Fabricant et distributeur de soins certifi\u00e9s bio pour instituts de beaut\u00e9, spa et esth\u00e9ticiennes","publisher":{"@id":"https:\/\/phytstore.com\/en\/#organization"},"potentialAction":[{"@type":"SearchAction","target":{"@type":"EntryPoint","urlTemplate":"https:\/\/phytstore.com\/en\/?s={search_term_string}"},"query-input":{"@type":"PropertyValueSpecification","valueRequired":true,"valueName":"search_term_string"}}],"inLanguage":"en-CA"},{"@type":"Organization","@id":"https:\/\/phytstore.com\/en\/#organization","name":"Phyt's","url":"https:\/\/phytstore.com\/en\/","logo":{"@type":"ImageObject","inLanguage":"en-CA","@id":"https:\/\/phytstore.com\/en\/#\/schema\/logo\/image\/","url":"https:\/\/phytstore.com\/wp-content\/uploads\/2020\/03\/logo-phyts-e1585168986207.png","contentUrl":"https:\/\/phytstore.com\/wp-content\/uploads\/2020\/03\/logo-phyts-e1585168986207.png","width":200,"height":72,"caption":"Phyt's"},"image":{"@id":"https:\/\/phytstore.com\/en\/#\/schema\/logo\/image\/"},"sameAs":["https:\/\/www.facebook.com\/CJMBCosmetiques\/?ref=aymt_homepage_panel","https:\/\/www.instagram.com\/phyts_canada\/","https:\/\/www.linkedin.com\/company\/3337211\/admin\/","https:\/\/www.youtube.com\/channel\/UCEkP009p4XTU5lXjLkaKptA"]}]}},"jetpack_sharing_enabled":true,"_links":{"self":[{"href":"https:\/\/phytstore.com\/en\/wp-json\/wp\/v2\/product\/2818","targetHints":{"allow":["GET"]}}],"collection":[{"href":"https:\/\/phytstore.com\/en\/wp-json\/wp\/v2\/product"}],"about":[{"href":"https:\/\/phytstore.com\/en\/wp-json\/wp\/v2\/types\/product"}],"replies":[{"embeddable":true,"href":"https:\/\/phytstore.com\/en\/wp-json\/wp\/v2\/comments?post=2818"}],"wp:featuredmedia":[{"embeddable":true,"href":"https:\/\/phytstore.com\/en\/wp-json\/wp\/v2\/media\/6474"}],"wp:attachment":[{"href":"https:\/\/phytstore.com\/en\/wp-json\/wp\/v2\/media?parent=2818"}],"wp:term":[{"taxonomy":"product_brand","embeddable":true,"href":"https:\/\/phytstore.com\/en\/wp-json\/wp\/v2\/product_brand?post=2818"},{"taxonomy":"product_cat","embeddable":true,"href":"https:\/\/phytstore.com\/en\/wp-json\/wp\/v2\/product_cat?post=2818"},{"taxonomy":"product_tag","embeddable":true,"href":"https:\/\/phytstore.com\/en\/wp-json\/wp\/v2\/product_tag?post=2818"}],"curies":[{"name":"wp","href":"https:\/\/api.w.org\/{rel}","templated":true}]}}