{"id":2817,"date":"2020-03-28T19:56:29","date_gmt":"2020-03-28T23:56:29","guid":{"rendered":"https:\/\/phytstore.com\/produit\/voile-paillete\/"},"modified":"2022-03-07T12:55:34","modified_gmt":"2022-03-07T16:55:34","slug":"voile-paillete","status":"publish","type":"product","link":"https:\/\/phytstore.com\/en\/produit\/voile-paillete\/","title":{"rendered":"Iridescent Jelly"},"content":{"rendered":"<p>This Organic iridescent gel, filled with mother-of-pearl, leaves a sparkling veil on the skin and enhances the suntan. <span lang=\"en\">Ideal to magnify tanned skin or to sparkle in the evening. Its sweet and sunny fragrance will envelop you in sensuality.<\/span><\/p>\n<p><strong>Active ingredients :<\/strong><br \/>\nNatural mineral nacres, Aloe Vera*, Vegetal Glycerin, Acacia gum*<br \/>\n<em>* ingredients from organic farming<\/em><\/p>\n<p><strong>Application :<\/strong><br \/>\nApply in thin layer all over the body. Avoid contact with the eyes. Does not provide protection from the sun.<br \/>\n<strong>Tips :<\/strong> For a more intense effect, reapply as much as wanted. It can also be <span lang=\"en\">applied in small touches of light on the face (on the cheekbones for example).<\/span><\/p>\n","protected":false},"excerpt":{"rendered":"<p><a href=\"https:\/\/phytstore.com\/wp-content\/uploads\/2020\/04\/Bio-99-Vegan.png\"><img loading=\"lazy\" decoding=\"async\" class=\"alignnone size-full wp-image-5333\" src=\"https:\/\/phytstore.com\/wp-content\/uploads\/2020\/04\/Bio-99-Vegan.png\" alt=\"\" width=\"274\" height=\"47\" srcset=\"https:\/\/phytstore.com\/wp-content\/uploads\/2020\/04\/Bio-99-Vegan.png 274w, https:\/\/phytstore.com\/wp-content\/uploads\/2020\/04\/Bio-99-Vegan-150x26.png 150w\" sizes=\"auto, (max-width: 274px) 100vw, 274px\" \/><\/a><\/p>\n<p>Gold &amp; Shiny<\/p>\n<p><strong>Skin type :<\/strong> Body (&amp; even face)<br \/>\n<strong>Expectations :<\/strong> Illuminates, enhances<br \/>\n<strong>Presentation :<\/strong> 90 ml pump-bottle<\/p>\n","protected":false},"featured_media":6472,"comment_status":"closed","ping_status":"closed","template":"","meta":{"_acf_changed":false,"inline_featured_image":false},"product_brand":[],"product_cat":[87,226],"product_tag":[],"class_list":{"0":"post-2817","1":"product","2":"type-product","3":"status-publish","4":"has-post-thumbnail","6":"product_cat-phytsolaires-en","7":"product_cat-after-sun-care","9":"first","10":"instock","11":"taxable","12":"shipping-taxable","13":"purchasable","14":"product-type-simple"},"acf":[],"yoast_head":"<!-- This site is optimized with the Yoast SEO plugin v27.1.1 - https:\/\/yoast.com\/product\/yoast-seo-wordpress\/ -->\n<title>Iridescent Jelly - PHYT&#039;S - 100% natural and organic cosmetics<\/title>\n<meta name=\"description\" content=\"This sparkling gel (containing Aloe Vera), filled with mother-of-pearl, leaves an iridescent veil on your skin and enhances your suntan.\" \/>\n<meta name=\"robots\" content=\"index, follow, max-snippet:-1, max-image-preview:large, max-video-preview:-1\" \/>\n<link rel=\"canonical\" href=\"https:\/\/phytstore.com\/en\/produit\/voile-paillete\/\" \/>\n<meta property=\"og:locale\" content=\"en_US\" \/>\n<meta property=\"og:type\" content=\"article\" \/>\n<meta property=\"og:title\" content=\"Iridescent Jelly - PHYT&#039;S - 100% natural and organic cosmetics\" \/>\n<meta property=\"og:description\" content=\"This sparkling gel (containing Aloe Vera), filled with mother-of-pearl, leaves an iridescent veil on your skin and enhances your suntan.\" \/>\n<meta property=\"og:url\" content=\"https:\/\/phytstore.com\/en\/produit\/voile-paillete\/\" \/>\n<meta property=\"og:site_name\" content=\"PHYT&#039;S\" \/>\n<meta property=\"article:publisher\" content=\"https:\/\/www.facebook.com\/CJMBCosmetiques\/?ref=aymt_homepage_panel\" \/>\n<meta property=\"article:modified_time\" content=\"2022-03-07T16:55:34+00:00\" \/>\n<meta name=\"twitter:card\" content=\"summary_large_image\" \/>\n<meta name=\"twitter:label1\" content=\"Est. reading time\" \/>\n\t<meta name=\"twitter:data1\" content=\"1 minute\" \/>\n<script type=\"application\/ld+json\" class=\"yoast-schema-graph\">{\"@context\":\"https:\/\/schema.org\",\"@graph\":[{\"@type\":\"WebPage\",\"@id\":\"https:\/\/phytstore.com\/en\/produit\/voile-paillete\/\",\"url\":\"https:\/\/phytstore.com\/en\/produit\/voile-paillete\/\",\"name\":\"Iridescent Jelly - PHYT&#039;S - 100% natural and organic cosmetics\",\"isPartOf\":{\"@id\":\"https:\/\/phytstore.com\/en\/#website\"},\"primaryImageOfPage\":{\"@id\":\"https:\/\/phytstore.com\/en\/produit\/voile-paillete\/#primaryimage\"},\"image\":{\"@id\":\"https:\/\/phytstore.com\/en\/produit\/voile-paillete\/#primaryimage\"},\"thumbnailUrl\":\"https:\/\/phytstore.com\/wp-content\/uploads\/2020\/03\/Voile-Paillete-PHYTS-1.png\",\"datePublished\":\"2020-03-28T23:56:29+00:00\",\"dateModified\":\"2022-03-07T16:55:34+00:00\",\"description\":\"This sparkling gel (containing Aloe Vera), filled with mother-of-pearl, leaves an iridescent veil on your skin and enhances your suntan.\",\"breadcrumb\":{\"@id\":\"https:\/\/phytstore.com\/en\/produit\/voile-paillete\/#breadcrumb\"},\"inLanguage\":\"en-CA\",\"potentialAction\":[{\"@type\":\"ReadAction\",\"target\":[\"https:\/\/phytstore.com\/en\/produit\/voile-paillete\/\"]}]},{\"@type\":\"ImageObject\",\"inLanguage\":\"en-CA\",\"@id\":\"https:\/\/phytstore.com\/en\/produit\/voile-paillete\/#primaryimage\",\"url\":\"https:\/\/phytstore.com\/wp-content\/uploads\/2020\/03\/Voile-Paillete-PHYTS-1.png\",\"contentUrl\":\"https:\/\/phytstore.com\/wp-content\/uploads\/2020\/03\/Voile-Paillete-PHYTS-1.png\",\"width\":937,\"height\":937},{\"@type\":\"BreadcrumbList\",\"@id\":\"https:\/\/phytstore.com\/en\/produit\/voile-paillete\/#breadcrumb\",\"itemListElement\":[{\"@type\":\"ListItem\",\"position\":1,\"name\":\"Home\",\"item\":\"https:\/\/phytstore.com\/en\/\"},{\"@type\":\"ListItem\",\"position\":2,\"name\":\"Shop\",\"item\":\"https:\/\/phytstore.com\/en\/shop\/\"},{\"@type\":\"ListItem\",\"position\":3,\"name\":\"Phyt\u2019s Sun Care Line\",\"item\":\"https:\/\/phytstore.com\/en\/phytsolaires\/\"},{\"@type\":\"ListItem\",\"position\":4,\"name\":\"Sun Care\",\"item\":\"https:\/\/phytstore.com\/en\/sun-care\/\"},{\"@type\":\"ListItem\",\"position\":5,\"name\":\"After-Sun Care\",\"item\":\"https:\/\/phytstore.com\/en\/phytsolaires\/after-sun-care\/\"},{\"@type\":\"ListItem\",\"position\":6,\"name\":\"Iridescent Jelly\"}]},{\"@type\":\"WebSite\",\"@id\":\"https:\/\/phytstore.com\/en\/#website\",\"url\":\"https:\/\/phytstore.com\/en\/\",\"name\":\"PHYT&#039;S\",\"description\":\"Fabricant et distributeur de soins certifi\u00e9s bio pour instituts de beaut\u00e9, spa et esth\u00e9ticiennes\",\"publisher\":{\"@id\":\"https:\/\/phytstore.com\/en\/#organization\"},\"potentialAction\":[{\"@type\":\"SearchAction\",\"target\":{\"@type\":\"EntryPoint\",\"urlTemplate\":\"https:\/\/phytstore.com\/en\/?s={search_term_string}\"},\"query-input\":{\"@type\":\"PropertyValueSpecification\",\"valueRequired\":true,\"valueName\":\"search_term_string\"}}],\"inLanguage\":\"en-CA\"},{\"@type\":\"Organization\",\"@id\":\"https:\/\/phytstore.com\/en\/#organization\",\"name\":\"Phyt's\",\"url\":\"https:\/\/phytstore.com\/en\/\",\"logo\":{\"@type\":\"ImageObject\",\"inLanguage\":\"en-CA\",\"@id\":\"https:\/\/phytstore.com\/en\/#\/schema\/logo\/image\/\",\"url\":\"https:\/\/phytstore.com\/wp-content\/uploads\/2020\/03\/logo-phyts-e1585168986207.png\",\"contentUrl\":\"https:\/\/phytstore.com\/wp-content\/uploads\/2020\/03\/logo-phyts-e1585168986207.png\",\"width\":200,\"height\":72,\"caption\":\"Phyt's\"},\"image\":{\"@id\":\"https:\/\/phytstore.com\/en\/#\/schema\/logo\/image\/\"},\"sameAs\":[\"https:\/\/www.facebook.com\/CJMBCosmetiques\/?ref=aymt_homepage_panel\",\"https:\/\/www.instagram.com\/phyts_canada\/\",\"https:\/\/www.linkedin.com\/company\/3337211\/admin\/\",\"https:\/\/www.youtube.com\/channel\/UCEkP009p4XTU5lXjLkaKptA\"]}]}<\/script>\n<!-- \/ Yoast SEO plugin. -->","yoast_head_json":{"title":"Iridescent Jelly - PHYT&#039;S - 100% natural and organic cosmetics","description":"This sparkling gel (containing Aloe Vera), filled with mother-of-pearl, leaves an iridescent veil on your skin and enhances your suntan.","robots":{"index":"index","follow":"follow","max-snippet":"max-snippet:-1","max-image-preview":"max-image-preview:large","max-video-preview":"max-video-preview:-1"},"canonical":"https:\/\/phytstore.com\/en\/produit\/voile-paillete\/","og_locale":"en_US","og_type":"article","og_title":"Iridescent Jelly - PHYT&#039;S - 100% natural and organic cosmetics","og_description":"This sparkling gel (containing Aloe Vera), filled with mother-of-pearl, leaves an iridescent veil on your skin and enhances your suntan.","og_url":"https:\/\/phytstore.com\/en\/produit\/voile-paillete\/","og_site_name":"PHYT&#039;S","article_publisher":"https:\/\/www.facebook.com\/CJMBCosmetiques\/?ref=aymt_homepage_panel","article_modified_time":"2022-03-07T16:55:34+00:00","twitter_card":"summary_large_image","twitter_misc":{"Est. reading time":"1 minute"},"schema":{"@context":"https:\/\/schema.org","@graph":[{"@type":"WebPage","@id":"https:\/\/phytstore.com\/en\/produit\/voile-paillete\/","url":"https:\/\/phytstore.com\/en\/produit\/voile-paillete\/","name":"Iridescent Jelly - PHYT&#039;S - 100% natural and organic cosmetics","isPartOf":{"@id":"https:\/\/phytstore.com\/en\/#website"},"primaryImageOfPage":{"@id":"https:\/\/phytstore.com\/en\/produit\/voile-paillete\/#primaryimage"},"image":{"@id":"https:\/\/phytstore.com\/en\/produit\/voile-paillete\/#primaryimage"},"thumbnailUrl":"https:\/\/phytstore.com\/wp-content\/uploads\/2020\/03\/Voile-Paillete-PHYTS-1.png","datePublished":"2020-03-28T23:56:29+00:00","dateModified":"2022-03-07T16:55:34+00:00","description":"This sparkling gel (containing Aloe Vera), filled with mother-of-pearl, leaves an iridescent veil on your skin and enhances your suntan.","breadcrumb":{"@id":"https:\/\/phytstore.com\/en\/produit\/voile-paillete\/#breadcrumb"},"inLanguage":"en-CA","potentialAction":[{"@type":"ReadAction","target":["https:\/\/phytstore.com\/en\/produit\/voile-paillete\/"]}]},{"@type":"ImageObject","inLanguage":"en-CA","@id":"https:\/\/phytstore.com\/en\/produit\/voile-paillete\/#primaryimage","url":"https:\/\/phytstore.com\/wp-content\/uploads\/2020\/03\/Voile-Paillete-PHYTS-1.png","contentUrl":"https:\/\/phytstore.com\/wp-content\/uploads\/2020\/03\/Voile-Paillete-PHYTS-1.png","width":937,"height":937},{"@type":"BreadcrumbList","@id":"https:\/\/phytstore.com\/en\/produit\/voile-paillete\/#breadcrumb","itemListElement":[{"@type":"ListItem","position":1,"name":"Home","item":"https:\/\/phytstore.com\/en\/"},{"@type":"ListItem","position":2,"name":"Shop","item":"https:\/\/phytstore.com\/en\/shop\/"},{"@type":"ListItem","position":3,"name":"Phyt\u2019s Sun Care Line","item":"https:\/\/phytstore.com\/en\/phytsolaires\/"},{"@type":"ListItem","position":4,"name":"Sun Care","item":"https:\/\/phytstore.com\/en\/sun-care\/"},{"@type":"ListItem","position":5,"name":"After-Sun Care","item":"https:\/\/phytstore.com\/en\/phytsolaires\/after-sun-care\/"},{"@type":"ListItem","position":6,"name":"Iridescent Jelly"}]},{"@type":"WebSite","@id":"https:\/\/phytstore.com\/en\/#website","url":"https:\/\/phytstore.com\/en\/","name":"PHYT&#039;S","description":"Fabricant et distributeur de soins certifi\u00e9s bio pour instituts de beaut\u00e9, spa et esth\u00e9ticiennes","publisher":{"@id":"https:\/\/phytstore.com\/en\/#organization"},"potentialAction":[{"@type":"SearchAction","target":{"@type":"EntryPoint","urlTemplate":"https:\/\/phytstore.com\/en\/?s={search_term_string}"},"query-input":{"@type":"PropertyValueSpecification","valueRequired":true,"valueName":"search_term_string"}}],"inLanguage":"en-CA"},{"@type":"Organization","@id":"https:\/\/phytstore.com\/en\/#organization","name":"Phyt's","url":"https:\/\/phytstore.com\/en\/","logo":{"@type":"ImageObject","inLanguage":"en-CA","@id":"https:\/\/phytstore.com\/en\/#\/schema\/logo\/image\/","url":"https:\/\/phytstore.com\/wp-content\/uploads\/2020\/03\/logo-phyts-e1585168986207.png","contentUrl":"https:\/\/phytstore.com\/wp-content\/uploads\/2020\/03\/logo-phyts-e1585168986207.png","width":200,"height":72,"caption":"Phyt's"},"image":{"@id":"https:\/\/phytstore.com\/en\/#\/schema\/logo\/image\/"},"sameAs":["https:\/\/www.facebook.com\/CJMBCosmetiques\/?ref=aymt_homepage_panel","https:\/\/www.instagram.com\/phyts_canada\/","https:\/\/www.linkedin.com\/company\/3337211\/admin\/","https:\/\/www.youtube.com\/channel\/UCEkP009p4XTU5lXjLkaKptA"]}]}},"jetpack_sharing_enabled":true,"_links":{"self":[{"href":"https:\/\/phytstore.com\/en\/wp-json\/wp\/v2\/product\/2817","targetHints":{"allow":["GET"]}}],"collection":[{"href":"https:\/\/phytstore.com\/en\/wp-json\/wp\/v2\/product"}],"about":[{"href":"https:\/\/phytstore.com\/en\/wp-json\/wp\/v2\/types\/product"}],"replies":[{"embeddable":true,"href":"https:\/\/phytstore.com\/en\/wp-json\/wp\/v2\/comments?post=2817"}],"wp:featuredmedia":[{"embeddable":true,"href":"https:\/\/phytstore.com\/en\/wp-json\/wp\/v2\/media\/6472"}],"wp:attachment":[{"href":"https:\/\/phytstore.com\/en\/wp-json\/wp\/v2\/media?parent=2817"}],"wp:term":[{"taxonomy":"product_brand","embeddable":true,"href":"https:\/\/phytstore.com\/en\/wp-json\/wp\/v2\/product_brand?post=2817"},{"taxonomy":"product_cat","embeddable":true,"href":"https:\/\/phytstore.com\/en\/wp-json\/wp\/v2\/product_cat?post=2817"},{"taxonomy":"product_tag","embeddable":true,"href":"https:\/\/phytstore.com\/en\/wp-json\/wp\/v2\/product_tag?post=2817"}],"curies":[{"name":"wp","href":"https:\/\/api.w.org\/{rel}","templated":true}]}}