{"id":2814,"date":"2020-03-28T19:56:30","date_gmt":"2020-03-28T23:56:30","guid":{"rendered":"https:\/\/phytstore.com\/produit\/gel-moussant-bebe\/"},"modified":"2025-09-25T17:06:54","modified_gmt":"2025-09-25T21:06:54","slug":"gel-moussant-bebe","status":"publish","type":"product","link":"https:\/\/phytstore.com\/en\/product\/baby-foaming-gel\/","title":{"rendered":"Baby Foaming Gel"},"content":{"rendered":"<p>This ultra-soft Organic baby foaming gel is a 2 in 1 product : body and hair. As a soft cleansing gel, with relaxing olfactory notes, it is ideal for the bath. As a gentle shampoo for the scalp, it is used daily to wash the hair. Nature thrives without chemical products&#8230; So does baby! Tested under pediatric control.<\/p>\n<h2><strong>Active Ingredients :<\/strong><\/h2>\n<p>Lavandin*, Lavender*, Palmarosa*, Bitter Orange*, Ho Wood, Vegetal Vitamin E<br \/>\n<em>* ingredients from Organic Farming<\/em><\/p>\n<h2><strong>How to Apply the Baby Foaming Gel?<\/strong><\/h2>\n<p>Apply a blob in hands or on a damp flannel, and wash the body and hair. Rinse with clear water.<br \/>\n<strong>Tip :<\/strong> For a moisturizing and protective effect, then apply the <strong><a href=\"https:\/\/phytstore.com\/en\/produit\/lait-de-toilette-bebe\/\">Baby Cleansing &amp; Moisturizing Milk<\/a><\/strong>\u00a0or the <strong><a href=\"https:\/\/phytstore.com\/en\/product\/baby-massage-oily-gel\/\">Baby Massage Oily Gel<\/a><\/strong>.<\/p>\n","protected":false},"excerpt":{"rendered":"<p><img loading=\"lazy\" decoding=\"async\" class=\"alignnone size-full wp-image-4921\" src=\"https:\/\/phytstore.com\/wp-content\/uploads\/2020\/03\/Bio-100-Vegan-4.png\" alt=\"\" width=\"274\" height=\"53\" \/><\/p>\n<p>2 in 1 : Gentle Cleanser &amp; Shampoo<\/p>\n<p><strong>Skin type :<\/strong> Body &amp; Hair<br \/>\n<strong>Expectations :<\/strong> Cleanses, softens, relaxes<br \/>\n<strong>Presentation :<\/strong> Tube 200 g<\/p>\n","protected":false},"featured_media":8649,"comment_status":"closed","ping_status":"closed","template":"","meta":{"_acf_changed":false,"inline_featured_image":false},"product_brand":[],"product_cat":[89,205],"product_tag":[],"class_list":{"0":"post-2814","1":"product","2":"type-product","3":"status-publish","4":"has-post-thumbnail","6":"product_cat-phyts-1er-age-en","7":"product_cat-hair-care","9":"first","10":"instock","11":"taxable","12":"shipping-taxable","13":"purchasable","14":"product-type-simple"},"acf":[],"yoast_head":"<!-- This site is optimized with the Yoast SEO plugin v27.1.1 - https:\/\/yoast.com\/product\/yoast-seo-wordpress\/ -->\n<title>Baby Foaming Gel - PHYT&#039;S - Cleanser baby&#039;s body and hair<\/title>\n<meta name=\"description\" content=\"Cleanser baby\u2019s body and hair, non-irritant for eyes and scalp. Helps to eliminate cradle cap. Relaxing olfactive elements of Neroli and Lavandin.\" \/>\n<meta name=\"robots\" content=\"index, follow, max-snippet:-1, max-image-preview:large, max-video-preview:-1\" \/>\n<link rel=\"canonical\" href=\"https:\/\/phytstore.com\/en\/product\/baby-foaming-gel\/\" \/>\n<meta property=\"og:locale\" content=\"en_US\" \/>\n<meta property=\"og:type\" content=\"article\" \/>\n<meta property=\"og:title\" content=\"Baby Foaming Gel - PHYT&#039;S - Cleanser baby&#039;s body and hair\" \/>\n<meta property=\"og:description\" content=\"Cleanser baby\u2019s body and hair, non-irritant for eyes and scalp. Helps to eliminate cradle cap. Relaxing olfactive elements of Neroli and Lavandin.\" \/>\n<meta property=\"og:url\" content=\"https:\/\/phytstore.com\/en\/product\/baby-foaming-gel\/\" \/>\n<meta property=\"og:site_name\" content=\"PHYT&#039;S\" \/>\n<meta property=\"article:publisher\" content=\"https:\/\/www.facebook.com\/CJMBCosmetiques\/?ref=aymt_homepage_panel\" \/>\n<meta property=\"article:modified_time\" content=\"2025-09-25T21:06:54+00:00\" \/>\n<meta property=\"og:image\" content=\"https:\/\/phytstore.com\/wp-content\/uploads\/2020\/03\/gel-moussant-2.jpg\" \/>\n\t<meta property=\"og:image:width\" content=\"534\" \/>\n\t<meta property=\"og:image:height\" content=\"534\" \/>\n\t<meta property=\"og:image:type\" content=\"image\/jpeg\" \/>\n<meta name=\"twitter:card\" content=\"summary_large_image\" \/>\n<meta name=\"twitter:label1\" content=\"Est. reading time\" \/>\n\t<meta name=\"twitter:data1\" content=\"1 minute\" \/>\n<script type=\"application\/ld+json\" class=\"yoast-schema-graph\">{\"@context\":\"https:\/\/schema.org\",\"@graph\":[{\"@type\":\"WebPage\",\"@id\":\"https:\/\/phytstore.com\/en\/product\/baby-foaming-gel\/\",\"url\":\"https:\/\/phytstore.com\/en\/product\/baby-foaming-gel\/\",\"name\":\"Baby Foaming Gel - PHYT&#039;S - Cleanser baby's body and hair\",\"isPartOf\":{\"@id\":\"https:\/\/phytstore.com\/en\/#website\"},\"primaryImageOfPage\":{\"@id\":\"https:\/\/phytstore.com\/en\/product\/baby-foaming-gel\/#primaryimage\"},\"image\":{\"@id\":\"https:\/\/phytstore.com\/en\/product\/baby-foaming-gel\/#primaryimage\"},\"thumbnailUrl\":\"https:\/\/phytstore.com\/wp-content\/uploads\/2020\/03\/gel-moussant-2.jpg\",\"datePublished\":\"2020-03-28T23:56:30+00:00\",\"dateModified\":\"2025-09-25T21:06:54+00:00\",\"description\":\"Cleanser baby\u2019s body and hair, non-irritant for eyes and scalp. Helps to eliminate cradle cap. Relaxing olfactive elements of Neroli and Lavandin.\",\"breadcrumb\":{\"@id\":\"https:\/\/phytstore.com\/en\/product\/baby-foaming-gel\/#breadcrumb\"},\"inLanguage\":\"en-CA\",\"potentialAction\":[{\"@type\":\"ReadAction\",\"target\":[\"https:\/\/phytstore.com\/en\/product\/baby-foaming-gel\/\"]}]},{\"@type\":\"ImageObject\",\"inLanguage\":\"en-CA\",\"@id\":\"https:\/\/phytstore.com\/en\/product\/baby-foaming-gel\/#primaryimage\",\"url\":\"https:\/\/phytstore.com\/wp-content\/uploads\/2020\/03\/gel-moussant-2.jpg\",\"contentUrl\":\"https:\/\/phytstore.com\/wp-content\/uploads\/2020\/03\/gel-moussant-2.jpg\",\"width\":534,\"height\":534},{\"@type\":\"BreadcrumbList\",\"@id\":\"https:\/\/phytstore.com\/en\/product\/baby-foaming-gel\/#breadcrumb\",\"itemListElement\":[{\"@type\":\"ListItem\",\"position\":1,\"name\":\"Home\",\"item\":\"https:\/\/phytstore.com\/en\/\"},{\"@type\":\"ListItem\",\"position\":2,\"name\":\"Shop\",\"item\":\"https:\/\/phytstore.com\/en\/shop\/\"},{\"@type\":\"ListItem\",\"position\":3,\"name\":\"Natural Hair Care Products\",\"item\":\"https:\/\/phytstore.com\/en\/phyts-and-gamarde-hair-care-line\/\"},{\"@type\":\"ListItem\",\"position\":4,\"name\":\"Baby Foaming Gel\"}]},{\"@type\":\"WebSite\",\"@id\":\"https:\/\/phytstore.com\/en\/#website\",\"url\":\"https:\/\/phytstore.com\/en\/\",\"name\":\"PHYT&#039;S\",\"description\":\"Fabricant et distributeur de soins certifi\u00e9s bio pour instituts de beaut\u00e9, spa et esth\u00e9ticiennes\",\"publisher\":{\"@id\":\"https:\/\/phytstore.com\/en\/#organization\"},\"potentialAction\":[{\"@type\":\"SearchAction\",\"target\":{\"@type\":\"EntryPoint\",\"urlTemplate\":\"https:\/\/phytstore.com\/en\/?s={search_term_string}\"},\"query-input\":{\"@type\":\"PropertyValueSpecification\",\"valueRequired\":true,\"valueName\":\"search_term_string\"}}],\"inLanguage\":\"en-CA\"},{\"@type\":\"Organization\",\"@id\":\"https:\/\/phytstore.com\/en\/#organization\",\"name\":\"Phyt's\",\"url\":\"https:\/\/phytstore.com\/en\/\",\"logo\":{\"@type\":\"ImageObject\",\"inLanguage\":\"en-CA\",\"@id\":\"https:\/\/phytstore.com\/en\/#\/schema\/logo\/image\/\",\"url\":\"https:\/\/phytstore.com\/wp-content\/uploads\/2020\/03\/logo-phyts-e1585168986207.png\",\"contentUrl\":\"https:\/\/phytstore.com\/wp-content\/uploads\/2020\/03\/logo-phyts-e1585168986207.png\",\"width\":200,\"height\":72,\"caption\":\"Phyt's\"},\"image\":{\"@id\":\"https:\/\/phytstore.com\/en\/#\/schema\/logo\/image\/\"},\"sameAs\":[\"https:\/\/www.facebook.com\/CJMBCosmetiques\/?ref=aymt_homepage_panel\",\"https:\/\/www.instagram.com\/phyts_canada\/\",\"https:\/\/www.linkedin.com\/company\/3337211\/admin\/\",\"https:\/\/www.youtube.com\/channel\/UCEkP009p4XTU5lXjLkaKptA\"]}]}<\/script>\n<!-- \/ Yoast SEO plugin. -->","yoast_head_json":{"title":"Baby Foaming Gel - PHYT&#039;S - Cleanser baby's body and hair","description":"Cleanser baby\u2019s body and hair, non-irritant for eyes and scalp. Helps to eliminate cradle cap. Relaxing olfactive elements of Neroli and Lavandin.","robots":{"index":"index","follow":"follow","max-snippet":"max-snippet:-1","max-image-preview":"max-image-preview:large","max-video-preview":"max-video-preview:-1"},"canonical":"https:\/\/phytstore.com\/en\/product\/baby-foaming-gel\/","og_locale":"en_US","og_type":"article","og_title":"Baby Foaming Gel - PHYT&#039;S - Cleanser baby's body and hair","og_description":"Cleanser baby\u2019s body and hair, non-irritant for eyes and scalp. Helps to eliminate cradle cap. Relaxing olfactive elements of Neroli and Lavandin.","og_url":"https:\/\/phytstore.com\/en\/product\/baby-foaming-gel\/","og_site_name":"PHYT&#039;S","article_publisher":"https:\/\/www.facebook.com\/CJMBCosmetiques\/?ref=aymt_homepage_panel","article_modified_time":"2025-09-25T21:06:54+00:00","og_image":[{"width":534,"height":534,"url":"https:\/\/phytstore.com\/wp-content\/uploads\/2020\/03\/gel-moussant-2.jpg","type":"image\/jpeg"}],"twitter_card":"summary_large_image","twitter_misc":{"Est. reading time":"1 minute"},"schema":{"@context":"https:\/\/schema.org","@graph":[{"@type":"WebPage","@id":"https:\/\/phytstore.com\/en\/product\/baby-foaming-gel\/","url":"https:\/\/phytstore.com\/en\/product\/baby-foaming-gel\/","name":"Baby Foaming Gel - PHYT&#039;S - Cleanser baby's body and hair","isPartOf":{"@id":"https:\/\/phytstore.com\/en\/#website"},"primaryImageOfPage":{"@id":"https:\/\/phytstore.com\/en\/product\/baby-foaming-gel\/#primaryimage"},"image":{"@id":"https:\/\/phytstore.com\/en\/product\/baby-foaming-gel\/#primaryimage"},"thumbnailUrl":"https:\/\/phytstore.com\/wp-content\/uploads\/2020\/03\/gel-moussant-2.jpg","datePublished":"2020-03-28T23:56:30+00:00","dateModified":"2025-09-25T21:06:54+00:00","description":"Cleanser baby\u2019s body and hair, non-irritant for eyes and scalp. Helps to eliminate cradle cap. Relaxing olfactive elements of Neroli and Lavandin.","breadcrumb":{"@id":"https:\/\/phytstore.com\/en\/product\/baby-foaming-gel\/#breadcrumb"},"inLanguage":"en-CA","potentialAction":[{"@type":"ReadAction","target":["https:\/\/phytstore.com\/en\/product\/baby-foaming-gel\/"]}]},{"@type":"ImageObject","inLanguage":"en-CA","@id":"https:\/\/phytstore.com\/en\/product\/baby-foaming-gel\/#primaryimage","url":"https:\/\/phytstore.com\/wp-content\/uploads\/2020\/03\/gel-moussant-2.jpg","contentUrl":"https:\/\/phytstore.com\/wp-content\/uploads\/2020\/03\/gel-moussant-2.jpg","width":534,"height":534},{"@type":"BreadcrumbList","@id":"https:\/\/phytstore.com\/en\/product\/baby-foaming-gel\/#breadcrumb","itemListElement":[{"@type":"ListItem","position":1,"name":"Home","item":"https:\/\/phytstore.com\/en\/"},{"@type":"ListItem","position":2,"name":"Shop","item":"https:\/\/phytstore.com\/en\/shop\/"},{"@type":"ListItem","position":3,"name":"Natural Hair Care Products","item":"https:\/\/phytstore.com\/en\/phyts-and-gamarde-hair-care-line\/"},{"@type":"ListItem","position":4,"name":"Baby Foaming Gel"}]},{"@type":"WebSite","@id":"https:\/\/phytstore.com\/en\/#website","url":"https:\/\/phytstore.com\/en\/","name":"PHYT&#039;S","description":"Fabricant et distributeur de soins certifi\u00e9s bio pour instituts de beaut\u00e9, spa et esth\u00e9ticiennes","publisher":{"@id":"https:\/\/phytstore.com\/en\/#organization"},"potentialAction":[{"@type":"SearchAction","target":{"@type":"EntryPoint","urlTemplate":"https:\/\/phytstore.com\/en\/?s={search_term_string}"},"query-input":{"@type":"PropertyValueSpecification","valueRequired":true,"valueName":"search_term_string"}}],"inLanguage":"en-CA"},{"@type":"Organization","@id":"https:\/\/phytstore.com\/en\/#organization","name":"Phyt's","url":"https:\/\/phytstore.com\/en\/","logo":{"@type":"ImageObject","inLanguage":"en-CA","@id":"https:\/\/phytstore.com\/en\/#\/schema\/logo\/image\/","url":"https:\/\/phytstore.com\/wp-content\/uploads\/2020\/03\/logo-phyts-e1585168986207.png","contentUrl":"https:\/\/phytstore.com\/wp-content\/uploads\/2020\/03\/logo-phyts-e1585168986207.png","width":200,"height":72,"caption":"Phyt's"},"image":{"@id":"https:\/\/phytstore.com\/en\/#\/schema\/logo\/image\/"},"sameAs":["https:\/\/www.facebook.com\/CJMBCosmetiques\/?ref=aymt_homepage_panel","https:\/\/www.instagram.com\/phyts_canada\/","https:\/\/www.linkedin.com\/company\/3337211\/admin\/","https:\/\/www.youtube.com\/channel\/UCEkP009p4XTU5lXjLkaKptA"]}]}},"jetpack_sharing_enabled":true,"_links":{"self":[{"href":"https:\/\/phytstore.com\/en\/wp-json\/wp\/v2\/product\/2814","targetHints":{"allow":["GET"]}}],"collection":[{"href":"https:\/\/phytstore.com\/en\/wp-json\/wp\/v2\/product"}],"about":[{"href":"https:\/\/phytstore.com\/en\/wp-json\/wp\/v2\/types\/product"}],"replies":[{"embeddable":true,"href":"https:\/\/phytstore.com\/en\/wp-json\/wp\/v2\/comments?post=2814"}],"wp:featuredmedia":[{"embeddable":true,"href":"https:\/\/phytstore.com\/en\/wp-json\/wp\/v2\/media\/8649"}],"wp:attachment":[{"href":"https:\/\/phytstore.com\/en\/wp-json\/wp\/v2\/media?parent=2814"}],"wp:term":[{"taxonomy":"product_brand","embeddable":true,"href":"https:\/\/phytstore.com\/en\/wp-json\/wp\/v2\/product_brand?post=2814"},{"taxonomy":"product_cat","embeddable":true,"href":"https:\/\/phytstore.com\/en\/wp-json\/wp\/v2\/product_cat?post=2814"},{"taxonomy":"product_tag","embeddable":true,"href":"https:\/\/phytstore.com\/en\/wp-json\/wp\/v2\/product_tag?post=2814"}],"curies":[{"name":"wp","href":"https:\/\/api.w.org\/{rel}","templated":true}]}}