{"id":2807,"date":"2020-03-28T19:56:34","date_gmt":"2020-03-28T23:56:34","guid":{"rendered":"https:\/\/phytstore.com\/produit\/gloss-sucre-glace\/"},"modified":"2024-06-17T14:25:01","modified_gmt":"2024-06-17T18:25:01","slug":"gloss-sucre-glace","status":"publish","type":"product","link":"https:\/\/phytstore.com\/en\/product\/gloss-shiny-clear\/","title":{"rendered":"Gloss &#8211; Shiny Clear"},"content":{"rendered":"<p>Whatever the moment, make-up your lips and make them look full and glitter for a gorgeous smile. Divine Organic glosses that naturally match your lips for an adorable and glamorous effect! A palette of 9 shades that reveal ultra-bright iridescent colors! Non-sticky and non-drying.<\/p>\n<h2><strong>Active Ingredients<\/strong><\/h2>\n<p>Lemon butter, Shea butter*, Castor*, Sesame*, Jojoba*, Sunflower*, Beeswax, Carnauba*, Candelilla, Rosemary*, Natural mineral pigments<br \/>\n<em>* ingredients from Organic Farming<\/em><\/p>\n<h2><strong>How to Apply my Shiny Clear Gloss?<br \/>\n<\/strong><\/h2>\n<p>Use alone or as a top coat over your lipstick. To bring definition and texture to your mouth, apply a touch of gloss to the center of your lips.<\/p>\n<p><strong>Tips :<\/strong> For a more intense color and a better hold, apply a <a href=\"https:\/\/phytstore.com\/en\/product\/lipstick-taffeta-pink\/\">Lipstick<\/a> underneath. This <a href=\"https:\/\/phytstore.com\/en\/phyts-organic-make-up\/vegan-lip-gloss\/\">Organic gloss<\/a> pairs perfectly with all shades, thanks to its neutral color. In addition, you can also apply it on the cheekbones to highlight your face.<\/p>\n","protected":false},"excerpt":{"rendered":"<p><img loading=\"lazy\" decoding=\"async\" class=\"alignnone size-full wp-image-4923\" src=\"https:\/\/phytstore.com\/wp-content\/uploads\/2020\/03\/Bio-100.png\" alt=\"\" width=\"274\" height=\"53\" \/><\/p>\n<p>Non-sticky, non-drying &amp; protective<\/p>\n<p><span class=\"b\"><strong>Expectations :<\/strong> Luscious &amp; shiny lips<\/span><br \/>\n<strong><span class=\"b\">Presentation<\/span> :<\/strong> 5 ml tube<\/p>\n","protected":false},"featured_media":2288,"comment_status":"closed","ping_status":"closed","template":"","meta":{"_acf_changed":false,"inline_featured_image":false},"product_brand":[],"product_cat":[220,326,90],"product_tag":[],"class_list":{"0":"post-2807","1":"product","2":"type-product","3":"status-publish","4":"has-post-thumbnail","6":"product_cat-lips","7":"product_cat-lip-gloss","8":"product_cat-phyts-organic-make-up-en","10":"first","11":"instock","12":"taxable","13":"shipping-taxable","14":"purchasable","15":"product-type-simple"},"acf":[],"yoast_head":"<!-- This site is optimized with the Yoast SEO plugin v27.1.1 - https:\/\/yoast.com\/product\/yoast-seo-wordpress\/ -->\n<title>Gloss - Shiny Clear - PHYT&#039;S - Natural &amp; Organic Make-up<\/title>\n<meta name=\"description\" content=\"Make your lips look full and glitter for a gorgeous smile. Divine Organic glosses that naturally match your lips for an adorable and glamorous effect !\" \/>\n<meta name=\"robots\" content=\"index, follow, max-snippet:-1, max-image-preview:large, max-video-preview:-1\" \/>\n<link rel=\"canonical\" href=\"https:\/\/phytstore.com\/en\/product\/gloss-shiny-clear\/\" \/>\n<meta property=\"og:locale\" content=\"en_US\" \/>\n<meta property=\"og:type\" content=\"article\" \/>\n<meta property=\"og:title\" content=\"Gloss - Shiny Clear - PHYT&#039;S - Natural &amp; Organic Make-up\" \/>\n<meta property=\"og:description\" content=\"Make your lips look full and glitter for a gorgeous smile. Divine Organic glosses that naturally match your lips for an adorable and glamorous effect !\" \/>\n<meta property=\"og:url\" content=\"https:\/\/phytstore.com\/en\/product\/gloss-shiny-clear\/\" \/>\n<meta property=\"og:site_name\" content=\"PHYT&#039;S\" \/>\n<meta property=\"article:publisher\" content=\"https:\/\/www.facebook.com\/CJMBCosmetiques\/?ref=aymt_homepage_panel\" \/>\n<meta property=\"article:modified_time\" content=\"2024-06-17T18:25:01+00:00\" \/>\n<meta property=\"og:image\" content=\"https:\/\/phytstore.com\/wp-content\/uploads\/2020\/03\/Gloss-Sucre-Glace-NEW.jpg\" \/>\n\t<meta property=\"og:image:width\" content=\"534\" \/>\n\t<meta property=\"og:image:height\" content=\"534\" \/>\n\t<meta property=\"og:image:type\" content=\"image\/jpeg\" \/>\n<meta name=\"twitter:card\" content=\"summary_large_image\" \/>\n<meta name=\"twitter:label1\" content=\"Est. reading time\" \/>\n\t<meta name=\"twitter:data1\" content=\"1 minute\" \/>\n<script type=\"application\/ld+json\" class=\"yoast-schema-graph\">{\"@context\":\"https:\/\/schema.org\",\"@graph\":[{\"@type\":\"WebPage\",\"@id\":\"https:\/\/phytstore.com\/en\/product\/gloss-shiny-clear\/\",\"url\":\"https:\/\/phytstore.com\/en\/product\/gloss-shiny-clear\/\",\"name\":\"Gloss - Shiny Clear - PHYT&#039;S - Natural & Organic Make-up\",\"isPartOf\":{\"@id\":\"https:\/\/phytstore.com\/en\/#website\"},\"primaryImageOfPage\":{\"@id\":\"https:\/\/phytstore.com\/en\/product\/gloss-shiny-clear\/#primaryimage\"},\"image\":{\"@id\":\"https:\/\/phytstore.com\/en\/product\/gloss-shiny-clear\/#primaryimage\"},\"thumbnailUrl\":\"https:\/\/phytstore.com\/wp-content\/uploads\/2020\/03\/Gloss-Sucre-Glace-NEW.jpg\",\"datePublished\":\"2020-03-28T23:56:34+00:00\",\"dateModified\":\"2024-06-17T18:25:01+00:00\",\"description\":\"Make your lips look full and glitter for a gorgeous smile. Divine Organic glosses that naturally match your lips for an adorable and glamorous effect !\",\"breadcrumb\":{\"@id\":\"https:\/\/phytstore.com\/en\/product\/gloss-shiny-clear\/#breadcrumb\"},\"inLanguage\":\"en-CA\",\"potentialAction\":[{\"@type\":\"ReadAction\",\"target\":[\"https:\/\/phytstore.com\/en\/product\/gloss-shiny-clear\/\"]}]},{\"@type\":\"ImageObject\",\"inLanguage\":\"en-CA\",\"@id\":\"https:\/\/phytstore.com\/en\/product\/gloss-shiny-clear\/#primaryimage\",\"url\":\"https:\/\/phytstore.com\/wp-content\/uploads\/2020\/03\/Gloss-Sucre-Glace-NEW.jpg\",\"contentUrl\":\"https:\/\/phytstore.com\/wp-content\/uploads\/2020\/03\/Gloss-Sucre-Glace-NEW.jpg\",\"width\":534,\"height\":534,\"caption\":\"Gloss Sucre Glace\"},{\"@type\":\"BreadcrumbList\",\"@id\":\"https:\/\/phytstore.com\/en\/product\/gloss-shiny-clear\/#breadcrumb\",\"itemListElement\":[{\"@type\":\"ListItem\",\"position\":1,\"name\":\"Home\",\"item\":\"https:\/\/phytstore.com\/en\/\"},{\"@type\":\"ListItem\",\"position\":2,\"name\":\"Shop\",\"item\":\"https:\/\/phytstore.com\/en\/shop\/\"},{\"@type\":\"ListItem\",\"position\":3,\"name\":\"Organic Lip Makeup\",\"item\":\"https:\/\/phytstore.com\/en\/phyts-organic-make-up\/organic-lip-products\/\"},{\"@type\":\"ListItem\",\"position\":4,\"name\":\"Gloss &#8211; Shiny Clear\"}]},{\"@type\":\"WebSite\",\"@id\":\"https:\/\/phytstore.com\/en\/#website\",\"url\":\"https:\/\/phytstore.com\/en\/\",\"name\":\"PHYT&#039;S\",\"description\":\"Fabricant et distributeur de soins certifi\u00e9s bio pour instituts de beaut\u00e9, spa et esth\u00e9ticiennes\",\"publisher\":{\"@id\":\"https:\/\/phytstore.com\/en\/#organization\"},\"potentialAction\":[{\"@type\":\"SearchAction\",\"target\":{\"@type\":\"EntryPoint\",\"urlTemplate\":\"https:\/\/phytstore.com\/en\/?s={search_term_string}\"},\"query-input\":{\"@type\":\"PropertyValueSpecification\",\"valueRequired\":true,\"valueName\":\"search_term_string\"}}],\"inLanguage\":\"en-CA\"},{\"@type\":\"Organization\",\"@id\":\"https:\/\/phytstore.com\/en\/#organization\",\"name\":\"Phyt's\",\"url\":\"https:\/\/phytstore.com\/en\/\",\"logo\":{\"@type\":\"ImageObject\",\"inLanguage\":\"en-CA\",\"@id\":\"https:\/\/phytstore.com\/en\/#\/schema\/logo\/image\/\",\"url\":\"https:\/\/phytstore.com\/wp-content\/uploads\/2020\/03\/logo-phyts-e1585168986207.png\",\"contentUrl\":\"https:\/\/phytstore.com\/wp-content\/uploads\/2020\/03\/logo-phyts-e1585168986207.png\",\"width\":200,\"height\":72,\"caption\":\"Phyt's\"},\"image\":{\"@id\":\"https:\/\/phytstore.com\/en\/#\/schema\/logo\/image\/\"},\"sameAs\":[\"https:\/\/www.facebook.com\/CJMBCosmetiques\/?ref=aymt_homepage_panel\",\"https:\/\/www.instagram.com\/phyts_canada\/\",\"https:\/\/www.linkedin.com\/company\/3337211\/admin\/\",\"https:\/\/www.youtube.com\/channel\/UCEkP009p4XTU5lXjLkaKptA\"]}]}<\/script>\n<!-- \/ Yoast SEO plugin. -->","yoast_head_json":{"title":"Gloss - Shiny Clear - PHYT&#039;S - Natural & Organic Make-up","description":"Make your lips look full and glitter for a gorgeous smile. Divine Organic glosses that naturally match your lips for an adorable and glamorous effect !","robots":{"index":"index","follow":"follow","max-snippet":"max-snippet:-1","max-image-preview":"max-image-preview:large","max-video-preview":"max-video-preview:-1"},"canonical":"https:\/\/phytstore.com\/en\/product\/gloss-shiny-clear\/","og_locale":"en_US","og_type":"article","og_title":"Gloss - Shiny Clear - PHYT&#039;S - Natural & Organic Make-up","og_description":"Make your lips look full and glitter for a gorgeous smile. Divine Organic glosses that naturally match your lips for an adorable and glamorous effect !","og_url":"https:\/\/phytstore.com\/en\/product\/gloss-shiny-clear\/","og_site_name":"PHYT&#039;S","article_publisher":"https:\/\/www.facebook.com\/CJMBCosmetiques\/?ref=aymt_homepage_panel","article_modified_time":"2024-06-17T18:25:01+00:00","og_image":[{"width":534,"height":534,"url":"https:\/\/phytstore.com\/wp-content\/uploads\/2020\/03\/Gloss-Sucre-Glace-NEW.jpg","type":"image\/jpeg"}],"twitter_card":"summary_large_image","twitter_misc":{"Est. reading time":"1 minute"},"schema":{"@context":"https:\/\/schema.org","@graph":[{"@type":"WebPage","@id":"https:\/\/phytstore.com\/en\/product\/gloss-shiny-clear\/","url":"https:\/\/phytstore.com\/en\/product\/gloss-shiny-clear\/","name":"Gloss - Shiny Clear - PHYT&#039;S - Natural & Organic Make-up","isPartOf":{"@id":"https:\/\/phytstore.com\/en\/#website"},"primaryImageOfPage":{"@id":"https:\/\/phytstore.com\/en\/product\/gloss-shiny-clear\/#primaryimage"},"image":{"@id":"https:\/\/phytstore.com\/en\/product\/gloss-shiny-clear\/#primaryimage"},"thumbnailUrl":"https:\/\/phytstore.com\/wp-content\/uploads\/2020\/03\/Gloss-Sucre-Glace-NEW.jpg","datePublished":"2020-03-28T23:56:34+00:00","dateModified":"2024-06-17T18:25:01+00:00","description":"Make your lips look full and glitter for a gorgeous smile. Divine Organic glosses that naturally match your lips for an adorable and glamorous effect !","breadcrumb":{"@id":"https:\/\/phytstore.com\/en\/product\/gloss-shiny-clear\/#breadcrumb"},"inLanguage":"en-CA","potentialAction":[{"@type":"ReadAction","target":["https:\/\/phytstore.com\/en\/product\/gloss-shiny-clear\/"]}]},{"@type":"ImageObject","inLanguage":"en-CA","@id":"https:\/\/phytstore.com\/en\/product\/gloss-shiny-clear\/#primaryimage","url":"https:\/\/phytstore.com\/wp-content\/uploads\/2020\/03\/Gloss-Sucre-Glace-NEW.jpg","contentUrl":"https:\/\/phytstore.com\/wp-content\/uploads\/2020\/03\/Gloss-Sucre-Glace-NEW.jpg","width":534,"height":534,"caption":"Gloss Sucre Glace"},{"@type":"BreadcrumbList","@id":"https:\/\/phytstore.com\/en\/product\/gloss-shiny-clear\/#breadcrumb","itemListElement":[{"@type":"ListItem","position":1,"name":"Home","item":"https:\/\/phytstore.com\/en\/"},{"@type":"ListItem","position":2,"name":"Shop","item":"https:\/\/phytstore.com\/en\/shop\/"},{"@type":"ListItem","position":3,"name":"Organic Lip Makeup","item":"https:\/\/phytstore.com\/en\/phyts-organic-make-up\/organic-lip-products\/"},{"@type":"ListItem","position":4,"name":"Gloss &#8211; Shiny Clear"}]},{"@type":"WebSite","@id":"https:\/\/phytstore.com\/en\/#website","url":"https:\/\/phytstore.com\/en\/","name":"PHYT&#039;S","description":"Fabricant et distributeur de soins certifi\u00e9s bio pour instituts de beaut\u00e9, spa et esth\u00e9ticiennes","publisher":{"@id":"https:\/\/phytstore.com\/en\/#organization"},"potentialAction":[{"@type":"SearchAction","target":{"@type":"EntryPoint","urlTemplate":"https:\/\/phytstore.com\/en\/?s={search_term_string}"},"query-input":{"@type":"PropertyValueSpecification","valueRequired":true,"valueName":"search_term_string"}}],"inLanguage":"en-CA"},{"@type":"Organization","@id":"https:\/\/phytstore.com\/en\/#organization","name":"Phyt's","url":"https:\/\/phytstore.com\/en\/","logo":{"@type":"ImageObject","inLanguage":"en-CA","@id":"https:\/\/phytstore.com\/en\/#\/schema\/logo\/image\/","url":"https:\/\/phytstore.com\/wp-content\/uploads\/2020\/03\/logo-phyts-e1585168986207.png","contentUrl":"https:\/\/phytstore.com\/wp-content\/uploads\/2020\/03\/logo-phyts-e1585168986207.png","width":200,"height":72,"caption":"Phyt's"},"image":{"@id":"https:\/\/phytstore.com\/en\/#\/schema\/logo\/image\/"},"sameAs":["https:\/\/www.facebook.com\/CJMBCosmetiques\/?ref=aymt_homepage_panel","https:\/\/www.instagram.com\/phyts_canada\/","https:\/\/www.linkedin.com\/company\/3337211\/admin\/","https:\/\/www.youtube.com\/channel\/UCEkP009p4XTU5lXjLkaKptA"]}]}},"jetpack_sharing_enabled":true,"_links":{"self":[{"href":"https:\/\/phytstore.com\/en\/wp-json\/wp\/v2\/product\/2807","targetHints":{"allow":["GET"]}}],"collection":[{"href":"https:\/\/phytstore.com\/en\/wp-json\/wp\/v2\/product"}],"about":[{"href":"https:\/\/phytstore.com\/en\/wp-json\/wp\/v2\/types\/product"}],"replies":[{"embeddable":true,"href":"https:\/\/phytstore.com\/en\/wp-json\/wp\/v2\/comments?post=2807"}],"wp:featuredmedia":[{"embeddable":true,"href":"https:\/\/phytstore.com\/en\/wp-json\/wp\/v2\/media\/2288"}],"wp:attachment":[{"href":"https:\/\/phytstore.com\/en\/wp-json\/wp\/v2\/media?parent=2807"}],"wp:term":[{"taxonomy":"product_brand","embeddable":true,"href":"https:\/\/phytstore.com\/en\/wp-json\/wp\/v2\/product_brand?post=2807"},{"taxonomy":"product_cat","embeddable":true,"href":"https:\/\/phytstore.com\/en\/wp-json\/wp\/v2\/product_cat?post=2807"},{"taxonomy":"product_tag","embeddable":true,"href":"https:\/\/phytstore.com\/en\/wp-json\/wp\/v2\/product_tag?post=2807"}],"curies":[{"name":"wp","href":"https:\/\/api.w.org\/{rel}","templated":true}]}}